{"id":4049,"date":"2021-08-24T13:21:44","date_gmt":"2021-08-24T11:21:44","guid":{"rendered":"https:\/\/rotary.fi\/d1410\/?page_id=4049"},"modified":"2025-06-10T09:42:32","modified_gmt":"2025-06-10T07:42:32","slug":"distriktets-organisation","status":"publish","type":"page","link":"https:\/\/rotary.fi\/d1410\/sv\/distriktets-organisation\/","title":{"rendered":"Distriktets organisation"},"content":{"rendered":"<p>[et_pb_section fb_built=&#8221;1&#8243; module_class=&#8221;jumbotron-page&#8221; _builder_version=&#8221;4.27.4&#8243; background_image=&#8221;https:\/\/rotary.fi\/d1410\/wp-content\/uploads\/sites\/215\/2025\/06\/piiriorganisaatio2.jpg&#8221; background_position=&#8221;top_center&#8221; min_height=&#8221;436.6px&#8221; custom_padding=&#8221;142px|||||&#8221; hover_enabled=&#8221;0&#8243; global_colors_info=&#8221;{}&#8221; title_text=&#8221;piiriorganisaatio2&#8243; sticky_enabled=&#8221;0&#8243;][et_pb_row module_class=&#8221; et_pb_row_fullwidth&#8221; _builder_version=&#8221;4.27.4&#8243; width=&#8221;89%&#8221; width_tablet=&#8221;80%&#8221; width_phone=&#8221;&#8221; width_last_edited=&#8221;on|desktop&#8221; max_width=&#8221;89%&#8221; max_width_tablet=&#8221;80%&#8221; max_width_phone=&#8221;&#8221; max_width_last_edited=&#8221;on|desktop&#8221; custom_padding=&#8221;108px|||||&#8221; make_fullwidth=&#8221;on&#8221; global_colors_info=&#8221;{}&#8221;][et_pb_column type=&#8221;4_4&#8243; _builder_version=&#8221;4.16&#8243; custom_padding=&#8221;|||&#8221; global_colors_info=&#8221;{}&#8221; custom_padding__hover=&#8221;|||&#8221;][et_pb_text admin_label=&#8221;P\u00e4\u00e4otsikko kuvan p\u00e4\u00e4ll\u00e4&#8221; _builder_version=&#8221;4.27.4&#8243; background_enable_image=&#8221;off&#8221; text_orientation=&#8221;center&#8221; background_layout=&#8221;dark&#8221; locked=&#8221;off&#8221; collapsed=&#8221;off&#8221; global_colors_info=&#8221;{}&#8221;]<\/p>\n<h1>Distriktets organisation<\/h1>\n<p>[\/et_pb_text][\/et_pb_column][\/et_pb_row][\/et_pb_section][et_pb_section fb_built=&#8221;1&#8243; specialty=&#8221;on&#8221; module_class=&#8221;sisaltoalue_perus&#8221; _builder_version=&#8221;4.16&#8243; min_height=&#8221;933px&#8221; custom_margin=&#8221;-57px|||||&#8221; custom_padding=&#8221;0px|0px|28.5469px|0px|false|false&#8221; global_colors_info=&#8221;{}&#8221;][et_pb_column type=&#8221;1_4&#8243; _builder_version=&#8221;4.16&#8243; custom_padding=&#8221;|||&#8221; global_colors_info=&#8221;{}&#8221; custom_padding__hover=&#8221;|||&#8221;][et_pb_team_member name=&#8221;Matti Hakoila&#8221; position=&#8221;Kuvern\u00f6\u00f6ri \u2013 Guvern\u00f6r \u2013 Governor, DG 2025-2026&#8243; image_url=&#8221;https:\/\/rotary.fi\/d1410\/wp-content\/uploads\/sites\/215\/2025\/06\/matti-hakoila-rotated-1.jpg&#8221; admin_label=&#8221;DG&#8221; _builder_version=&#8221;4.27.4&#8243; locked=&#8221;off&#8221; global_colors_info=&#8221;{}&#8221;]<\/p>\n<p>Puhdistus- ja hygienia-ala \u2013 St\u00e4d- och hygiensektorn \u2013 Cleaning and hygienie sector<br \/>Mobile +358 400 536 594<br \/>E-mail: matti.hakoila@gmail.com<\/p>\n<p>[\/et_pb_team_member][\/et_pb_column][et_pb_column type=&#8221;3_4&#8243; specialty_columns=&#8221;3&#8243; _builder_version=&#8221;4.16&#8243; custom_padding=&#8221;|||&#8221; global_colors_info=&#8221;{}&#8221; custom_padding__hover=&#8221;|||&#8221;][et_pb_row_inner admin_label=&#8221;Rivi&#8221; _builder_version=&#8221;4.16&#8243; global_colors_info=&#8221;{}&#8221;][et_pb_column_inner saved_specialty_column_type=&#8221;3_4&#8243; _builder_version=&#8221;3.25&#8243; custom_padding=&#8221;|||&#8221; global_colors_info=&#8221;{}&#8221; custom_padding__hover=&#8221;|||&#8221;][et_pb_text admin_label=&#8221;Hallinto&#8221; _builder_version=&#8221;4.27.4&#8243; global_colors_info=&#8221;{}&#8221;]<\/p>\n<h1>Administration 2025 &#8211; 2026<\/h1>\n<p>[\/et_pb_text][\/et_pb_column_inner][\/et_pb_row_inner][et_pb_row_inner admin_label=&#8221;Rivi&#8221; _builder_version=&#8221;4.16&#8243; global_colors_info=&#8221;{}&#8221;][et_pb_column_inner saved_specialty_column_type=&#8221;3_4&#8243; _builder_version=&#8221;3.25&#8243; custom_padding=&#8221;|||&#8221; global_colors_info=&#8221;{}&#8221; custom_padding__hover=&#8221;|||&#8221;][et_pb_text admin_label=&#8221;Piirineuvosto&#8221; _builder_version=&#8221;4.27.4&#8243; custom_padding=&#8221;||1px|0px||&#8221; global_colors_info=&#8221;{}&#8221;]<\/p>\n<h1>Distriktsr\u00e5det<\/h1>\n<p>Puheenjohtaja \u2013 Ordf\u00f6rande \u2013 Chairperson<\/p>\n<p><strong>DG Matti Hakoila, <\/strong>Turku Aboa Nova<strong><br \/><\/strong>Mobile +358 400 536 594<br \/>E-mail: matti.hakoila@gmail.com<\/p>\n<p>Piirineuvoston j\u00e4senet \u2013 Distriktsr\u00e5dets ledam\u00f6ter \u2013 District Council Members<\/p>\n<p><strong>IPDG\u00a0Ilkka H\u00e4kli,\u00a0<\/strong>Kyr\u00f6sj\u00e4rvi<strong><br \/><\/strong>Mobile +358 40 575 8546<br \/>E-mail: ilkka.hakli@edustushakli.fi<\/p>\n<p><strong>PDG Aaro S\u00f6derlund,<\/strong>\u00a0Nauvo<br \/>Mobile +358 400 857 099<br \/>E-mail: aaro@soderlund.fi<\/p>\n<p><strong>PDG Martti Sj\u00f6lund,<\/strong>\u00a0Laitila<br \/>Mobile +358 44 085 4617<br \/>E-mail: martti@pulmaton.fi<\/p>\n<p><strong>DGE Sakari Alaranta,<\/strong>\u00a0Lieto Vanhalinna<br \/>Mobile +358 40 551 4251<br \/>Email: sakari.alaranta@elisanet.fi<\/p>\n<p><strong>DGN Tiina Sj\u00f6lund<\/strong>, Laitila<br \/>Mobile +358 44 085 4611<br \/>E-mail: tiina@pulmaton.fi<\/p>\n<p>Piirisihteeri \u2013 Distriktssekreterare \u2013 District Secretary<\/p>\n<p><strong>DGN Tiina Sj\u00f6lund, <\/strong>Laitila<br \/>Mobile +358 44 085 4611<br \/>E-mail: tiina@pulmaton.fi<\/p>\n<p>[\/et_pb_text][\/et_pb_column_inner][\/et_pb_row_inner][\/et_pb_column][\/et_pb_section][et_pb_section fb_built=&#8221;1&#8243; module_class=&#8221;sisaltoalue_valkoinen&#8221; _builder_version=&#8221;4.16&#8243; background_size=&#8221;initial&#8221; background_position=&#8221;top_left&#8221; background_repeat=&#8221;repeat&#8221; global_colors_info=&#8221;{}&#8221;][et_pb_row _builder_version=&#8221;4.16&#8243; background_size=&#8221;initial&#8221; background_position=&#8221;top_left&#8221; background_repeat=&#8221;repeat&#8221; global_colors_info=&#8221;{}&#8221;][et_pb_column type=&#8221;4_4&#8243; _builder_version=&#8221;4.16&#8243; custom_padding=&#8221;|||&#8221; global_colors_info=&#8221;{}&#8221; custom_padding__hover=&#8221;|||&#8221;][et_pb_text admin_label=&#8221;Apulaiskuvern\u00f6\u00f6rit alueittain&#8221; _builder_version=&#8221;4.16&#8243; global_colors_info=&#8221;{}&#8221;]<\/p>\n<h1 class=\"p1\"><span class=\"s1\">Assisterande guvern\u00f6rer omr\u00e5desvis<\/span><\/h1>\n<p>[\/et_pb_text][\/et_pb_column][\/et_pb_row][et_pb_row column_structure=&#8221;1_3,1_3,1_3&#8243; _builder_version=&#8221;4.16&#8243; background_size=&#8221;initial&#8221; background_position=&#8221;top_left&#8221; background_repeat=&#8221;repeat&#8221; global_colors_info=&#8221;{}&#8221;][et_pb_column type=&#8221;1_3&#8243; _builder_version=&#8221;4.16&#8243; custom_padding=&#8221;|||&#8221; global_colors_info=&#8221;{}&#8221; custom_padding__hover=&#8221;|||&#8221;][et_pb_text _builder_version=&#8221;4.27.4&#8243; locked=&#8221;off&#8221; global_colors_info=&#8221;{}&#8221;]<\/p>\n<p><strong>Alue \u2013 Omr\u00e5de \u2013 Area 1\u00a0<\/strong><br \/><strong>Pertti Haavisto<\/strong>, Kyr\u00f6sj\u00e4rvi<br \/>Mobile +358 41 515 6000<br \/>E-mail: pertti.haavisto@gmail.com<\/p>\n<p>Alueen klubit \u2013 Omr\u00e5dets klubbar \u2013 Clubs in the area:<br \/>Karvia, Kankaanp\u00e4\u00e4, Kyr\u00f6sj\u00e4rvi, Parkano<\/p>\n<p><strong>Alue \u2013 Omr\u00e5de \u2013 Area 2\u00a0<\/strong><br \/><strong>Marko Pakarinen<\/strong>, Pori Karhunp\u00e4\u00e4<br \/>Mobile +358 50 531 5060<br \/>E-mail: marko.pakarinen@mp-invest.fi<\/p>\n<p>Alueen klubit \u2013 Omr\u00e5dets klubbar \u2013 Clubs in the area:<br \/>Harjavalta, Kankaanp\u00e4\u00e4, Pori, Pori Karhunp\u00e4\u00e4, Pori Kuninkaankartano, Pori Meri-Pori, Pori Telj\u00e4<\/p>\n<p><strong>Alue \u2013 Omr\u00e5de \u2013 Area 3<\/strong><br \/><strong>Esko Liutu<\/strong>, Vammala<br \/>Mobile +358 50 363 2419<br \/>E-mail: esko.liutu@gmail.com<\/p>\n<p>Alueen klubit \u2013 Omr\u00e5dets klubbar \u2013 Clubs in the area:<br \/>Eurajoki, Eura-S\u00e4kyl\u00e4, Huittinen, Nakkila, Vammala, Rauma, Rauma Hauenguan, \u00c4ets\u00e4<\/p>\n<p>[\/et_pb_text][\/et_pb_column][et_pb_column type=&#8221;1_3&#8243; _builder_version=&#8221;4.16&#8243; custom_padding=&#8221;|||&#8221; global_colors_info=&#8221;{}&#8221; custom_padding__hover=&#8221;|||&#8221;][et_pb_text _builder_version=&#8221;4.27.4&#8243; custom_padding=&#8221;7px|||||&#8221; locked=&#8221;off&#8221; global_colors_info=&#8221;{}&#8221;]<\/p>\n<p><strong>Alue \u2013 Omr\u00e5de \u2013 Area 4<\/strong><br \/><strong>Katja Jalasjoki,<\/strong>\u00a0Loimaa<br \/>Mobile +358 40 527 4196<br \/>Email: katja.jalasjoki.rotary@gmail.com<\/p>\n<p>Alueen klubit \u2013 Omr\u00e5dets klubbar \u2013 Clubs in the area:<br \/>Alastaro, Forssa, Loimaa, Punkalaidun, Urjala<\/p>\n<p><strong>Alue \u2013 Omr\u00e5de \u2013 Area 5\u00a0<\/strong><br \/><strong>Janne V\u00e4ist\u00f6,<\/strong>\u00a0Salo<br \/>Mobile +358 50 353 6224<br \/>E-mail: janne.vaisto@abo.fi<\/p>\n<p>Alueen klubit \u2013 Omr\u00e5dets klubbar \u2013 Clubs in the area:<br \/>Perni\u00f6, Salo, Salo-Reach, Somero, Uskela<\/p>\n<p><strong>Alue \u2013 Omr\u00e5de \u2013 Area 6\u00a0<\/strong><br \/><strong>Pasi Heino,<\/strong>\u00a0Myn\u00e4m\u00e4ki<br \/>Mobile +358 41 317 8035<br \/>E-mail: pasi.heino@hotmail.com<\/p>\n<p>Alueen klubit \u2013 Omr\u00e5dets klubbar \u2013 Clubs in the area:<br \/>Laitila, Myn\u00e4m\u00e4ki, Nousiainen, Uusikaupunki<\/p>\n<p>[\/et_pb_text][\/et_pb_column][et_pb_column type=&#8221;1_3&#8243; _builder_version=&#8221;4.16&#8243; custom_padding=&#8221;|||&#8221; global_colors_info=&#8221;{}&#8221; custom_padding__hover=&#8221;|||&#8221;][et_pb_text _builder_version=&#8221;4.27.4&#8243; locked=&#8221;off&#8221; global_colors_info=&#8221;{}&#8221;]<\/p>\n<p><strong>Alue \u2013 Omr\u00e5de \u2013 Area 7\u00a0<\/strong><br \/><strong>Jarmo Pahikkala,<\/strong>\u00a0Nousiainen<br \/>Mobile +358 40 828 2779<br \/>E-mail: jpahikkala@gmail.com<\/p>\n<p>Alueen klubit \u2013 Omr\u00e5dets klubbar \u2013 Clubs in the area:<br \/>Kaarina, Lieto, Lieto Vanhalinna, Naantali, Meri-Naantali, Piikki\u00f6, Raisio, Raisio Jokilaakso<\/p>\n<p><strong>Alue \u2013 Omr\u00e5de \u2013 Area 8\u00a0<\/strong><br \/><strong>Erja Vihervaara,<\/strong>\u00a0Turku Samppalinna<br \/>Mobile +358 50 564 7437<br \/>E-mail: erja.vihervaara@gmail.com<\/p>\n<p>Alueen klubit \u2013 Omr\u00e5dets klubbar \u2013 Clubs in the area:<br \/>Turku-\u00c5bo, Turku Aboa Nova, Turku Aninkainen, Turku Kupittaa, Turku Samppalinna, Turku Sirkkala, Turun Aamuvirkut, Turun Linna-\u00c5bo Slott, Turunmaa<\/p>\n<p><strong>Alue \u2013 Omr\u00e5de \u2013 Area 9\u00a0<\/strong><br \/><strong>Fanny Johansson<\/strong>, Mariehamn<br \/>Mobile +358 50 305 1793<br \/>E-mail: lillifanny.johansson@gmail.com<\/p>\n<p>Alueen klubit \u2013 Omr\u00e5dets klubbar \u2013 Clubs in the area:<br \/>Godby, Kimito\u00f6n-Kemi\u00f6nsaari, Mariehamn, Nauvo-Nagu, Parainen-Pargas<\/p>\n<p>[\/et_pb_text][\/et_pb_column][\/et_pb_row][\/et_pb_section][et_pb_section fb_built=&#8221;1&#8243; module_class=&#8221;sisaltoalue_sininen&#8221; _builder_version=&#8221;4.16&#8243; background_size=&#8221;initial&#8221; background_position=&#8221;top_left&#8221; background_repeat=&#8221;repeat&#8221; background_blend=&#8221;overlay&#8221; global_colors_info=&#8221;{}&#8221;][et_pb_row column_structure=&#8221;1_3,1_3,1_3&#8243; _builder_version=&#8221;4.16&#8243; background_size=&#8221;initial&#8221; background_position=&#8221;top_left&#8221; background_repeat=&#8221;repeat&#8221; global_colors_info=&#8221;{}&#8221;][et_pb_column type=&#8221;1_3&#8243; _builder_version=&#8221;4.16&#8243; custom_padding=&#8221;|||&#8221; global_colors_info=&#8221;{}&#8221; custom_padding__hover=&#8221;|||&#8221;][et_pb_text admin_label=&#8221;Piirikomiteat&#8221; _builder_version=&#8221;4.27.4&#8243; locked=&#8221;off&#8221; global_colors_info=&#8221;{}&#8221;]<\/p>\n<h2>Distriktskommitteer<\/h2>\n<p><strong>Talouskomitea \u2013 Finanskommitt\u00e9n \u2013 Finance Committee<\/strong><br \/>Puheenjohtaja \u2013 Ordf\u00f6rande \u2013 Chairperson<br \/><strong>PDG Aaro S\u00f6derlund,\u00a0<\/strong>Nauvo<br \/>Mobile +358 400 857 099<br \/>E-mail: aaro@soderlund.fi<\/p>\n<p><span style=\"color: #f7a81b\"><strong><a style=\"color: #f7a81b\" href=\"https:\/\/rotary.fi\/d1410\/rotarypiiri1410\/piirin-organisaatio\/talouskomitea\/\" target=\"_blank\" rel=\"noopener\">Talouskomitea<\/a><\/strong><\/span><\/p>\n<p><strong>J\u00e4senyys ja DEI \u2013 Medlemskap och DEI \u2013 Membership and DEI\u00a0<\/strong><br \/>Puheenjohtaja \u2013 Ordf\u00f6rande \u2013 Chairperson<br \/><strong>Johanna Talikainen, <\/strong>Forssa DMC<strong><br \/><\/strong>Mobile +358 400 851 704<br \/>E-mail: johanna.talikainen@mainossatama.fi<\/p>\n<p><strong><span style=\"color: #f7a81b\"><a style=\"color: #f7a81b\" href=\"https:\/\/rotary.fi\/d1410\/rotarypiiri1410\/piirin-organisaatio\/jasenyyskomitea\/\" target=\"_blank\" rel=\"noopener\">J\u00e4senyyskomitea<\/a><\/span><\/strong><\/p>\n<p><strong>Viestint\u00e4 \u2013 Kommunikation \u2013 Public Relations<br \/><\/strong>Puheenjohtaja \u2013 Ordf\u00f6rande \u2013 Chairperson<br \/><strong>PDG Heidi Cav\u00e9n<\/strong>, Urjala<br \/>Mobile +358 45 848 2012<br \/>E-mail: heidicaven@gmail.com<\/p>\n<p><a href=\"https:\/\/rotary.fi\/d1410\/rotarypiiri1410\/piirin-organisaatio\/viestintakomitea\/\"><span style=\"color: #f7a81b\"><b>Viestint\u00e4komitea<\/b><\/span><\/a><\/p>\n<p><strong>Tietotekniikka &#8211; IT &#8211; IT<\/strong><br \/><strong>IPDG Martti Sj\u00f6lund,<\/strong>\u00a0Laitila<br \/>Mobile +358 440 854 617<br \/>E-mail: martti@pulmaton.fi<\/p>\n<p><strong>Tapahtumatukikomitea \u2013 Event support<br \/>PAG Tapani Kaarlas<\/strong>, Turku Sirkkala<br \/>Mobile +358 500 722 820<br \/>E-mail: tapani.kaarlas@gmail.com<\/p>\n<p><strong><a href=\"https:\/\/rotary.fi\/d1410\/rotarypiiri1410\/piirin-organisaatio\/tapahtumatukikomitea\/%20%E2%80%8E\" data-wplink-url-error=\"true\">Tapahtumatukikomitea<\/a><\/strong><\/p>\n<p><strong>Distriktets D1410 organisation 2025-26 <a href=\"https:\/\/rotary.fi\/d1410\/wp-content\/uploads\/sites\/215\/2025\/06\/Piiriorganisaatio25-26.pdf\" target=\"_blank\" rel=\"noopener\">ladda ner.<\/a><\/strong><\/p>\n<h4 class=\"p1\">\u00a0<\/h4>\n<p class=\"p1\">[\/et_pb_text][\/et_pb_column][et_pb_column type=&#8221;1_3&#8243; _builder_version=&#8221;4.16&#8243; custom_padding=&#8221;|||&#8221; global_colors_info=&#8221;{}&#8221; custom_padding__hover=&#8221;|||&#8221;][et_pb_text admin_label=&#8221;PIirikomiteat&#8221; _builder_version=&#8221;4.27.4&#8243; custom_padding=&#8221;|||2px||&#8221; locked=&#8221;off&#8221; global_colors_info=&#8221;{}&#8221;]<\/p>\n<p><strong>Rotarys\u00e4\u00e4ti\u00f6 \u2013 Rotary Foundation \u2013 The Rotary Foundation, TRF<\/strong><br \/>Puheenjohtaja \u2013 Ordf\u00f6rande \u2013 Chairperson<br \/><strong>PDG Anita H\u00e4ggblom,<\/strong>\u00a0Godby<br \/>Mobile +358 40 502 0783<br \/>E-mail: anita.haggblom@aland.net<\/p>\n<p><strong><a href=\"https:\/\/rotary.fi\/d1410\/rotarypiiri1410\/piirin-organisaatio\/rotarysaatio\/\">S\u00e4\u00e4ti\u00f6komitea<\/a><\/strong><\/p>\n<p><strong>Kansainv\u00e4linen toiminta \u2013 Internationell verksamhet \u2013 International Activities<\/strong><br \/>Puheenjohtaja \u2013 Ordf\u00f6rande \u2013 Chairperson<br \/><strong>PDG Martti Sj\u00f6lund, Laitila<\/strong><br \/>Mobile +358 440 854 617<br \/>E-mail: martti@pulmaton.fi<\/p>\n<p><strong><a href=\"https:\/\/rotary.fi\/d1410\/kansainvalinen-toiminta\/\">Kansainv\u00e4linen toiminta<\/a><\/strong><\/p>\n<p><strong>Kuvern\u00f6\u00f6rin nime\u00e4miskomitea \u2013<\/strong>Puheenjohtaja \u2013 Ordf\u00f6rande \u2013 Chairperson<strong><br \/>DG Matti Hakoila,\u00a0Turku Aboa Nova<br \/>Mobile +358 400 536 594<br \/>E-mail: matti.hakoila@gmail.com<br \/><\/strong><\/p>\n<p><span style=\"color: #f7a81b\"><strong><a style=\"color: #f7a81b\" href=\"https:\/\/rotary.fi\/d1410\/rotarypiiri1410\/piirin-organisaatio\/kuvernoorin-nimeamiskomitea\/\" rel=\"noopener\">Kuvern\u00f6\u00f6rin nime\u00e4miskomitea<\/a><\/strong><\/span><\/p>\n<p><strong>RI hallitusj\u00e4senen valintakomitea \u2013 Nomineringskommitt\u00e9n f\u00f6r val av RI styrelsemedlem \u2013 Nominating Committee for RI board member (2024-2026)<\/strong><\/p>\n<p><strong>PDG Mikko Lindeman<\/strong>, Somero<br \/>Mobile +358 41 449 0695<br \/>E-mail: tuohimaki@gmail.com<\/p>\n<p><strong>Varaedustaja \u2013 Ers\u00e4ttare \u2013 Vice Representative (2024-2026)<\/strong><\/p>\n<p><strong>PDG Martti Sj\u00f6lund<\/strong>, Laitila<br \/>Mobile +358 440 854 617<br \/>E-mail: martti@pulmaton.fi<\/p>\n<p><strong>On to RI Convention 2026 promotion<\/strong><br \/><strong>DGE Sakari Alaranta,\u00a0<\/strong>Lieto Vanhalinna<br \/>Mobile +358 40 551 4251<br \/>Email: sakari.alaranta@elisanet.fi<\/p>\n<p>&nbsp;<\/p>\n<p>[\/et_pb_text][\/et_pb_column][et_pb_column type=&#8221;1_3&#8243; _builder_version=&#8221;4.16&#8243; custom_padding=&#8221;|||&#8221; global_colors_info=&#8221;{}&#8221; custom_padding__hover=&#8221;|||&#8221;][et_pb_text admin_label=&#8221;PIirikomiteat&#8221; _builder_version=&#8221;4.27.4&#8243; locked=&#8221;off&#8221; global_colors_info=&#8221;{}&#8221;]<\/p>\n<p><strong>Koulutus \u2013 Utbildning \u2013 Training<br \/><\/strong>Piirikouluttaja \u2013 Distriktsutbildare \u2013 District Trainer, DT<br \/><strong>Kirsi Storckovius<\/strong>, Aboa Nova DT<strong><br \/><\/strong>Mobile +358 500 527 768<br \/>E-mail:kirsistorckovius@gmail.com<\/p>\n<p><strong><a href=\"https:\/\/rotary.fi\/d1410\/koulutuskomitea\/\">Koulutuskomitea<\/a><\/strong><\/p>\n<p><strong>Rotary Leadership Institute \u2013 RLI<br \/>Tiina Sj\u00f6lund,\u00a0<\/strong>Laitila<br \/>Mobile +358 440 854 611<br \/>E-mail: tiina@pulmaton.fi<\/p>\n<p><strong>Nuorisovaihto \u2013 Ungdomsutbyte \u2013 Rotary Youth Exchange<\/strong><br \/>Puheenjohtaja \u2013 Ordf\u00f6rande \u2013 Chairperson<br \/><strong>Eeva Nurminen,<\/strong>\u00a0Turku Samppalinna RYEC 2025-2028<br \/>Mobile +358 50 330 2252<br \/>E-mail: nurmineneeva8@gmail.com<\/p>\n<p><span style=\"color: #f7a81b\"><strong><a style=\"color: #f7a81b\" href=\"https:\/\/rotary.fi\/d1410\/rotarypiiri1410\/piirin-organisaatio\/nuorisovaihtokomitea\/\" target=\"_blank\" rel=\"noopener\">Nuorisovaihtokomitea<\/a><\/strong><\/span><\/p>\n<p><strong>Rauha \u2013 Fred \u2013 Peace<\/strong><br \/>Puheenjohtaja \u2013 Ordf\u00f6rande \u2013 Chairperson<br \/><strong>Jari Seikkula<\/strong>, Salo<br \/>Mobile +358 400 690 707<br \/>E-mail: rusadv@me.com<\/p>\n<p><strong><a href=\"https:\/\/rotary.fi\/d1410\/rauhan-komitea\/\">Rauhan alakomitea<\/a><\/strong><\/p>\n<p><strong>Ymp\u00e4rist\u00f6 \u2013 Milj\u00f6 &#8211; Environment<\/strong><br \/>Puheenjohtaja \u2013 Ordf\u00f6rande \u2013 Chairperson<br \/><strong>Rainer Huopalahti<\/strong>, Turku-\u00c5bo EC<br \/>Mobile +358 40 537 7442<br \/>E-mail: rainer.huopalahti@utu.fi<\/p>\n<p><a href=\"https:\/\/rotary.fi\/d1410\/rotarypiiri1410\/piirin-organisaatio\/ymparistokomitea\/\"><span style=\"color: #f7a81b\"><b>Ymp\u00e4rist\u00f6komitea<\/b><\/span><\/a><\/p>\n<p><strong>COL-edustaja-COL-represetant-COL-Representative<\/strong>\u00a0<strong>2023-2026<\/strong><br \/><strong>PDG Risto Suviala<\/strong><br \/>Mobile +358 400 781 535<br \/>E-mail: risto.suviala@gmail.com<\/p>\n<p><strong>COL-varaedustaja-Ers\u00e4ttare-Vice Representatieve<\/strong><br \/><strong>2023-2026<\/strong><br \/><strong>PDG Mikko Lindeman<\/strong><br \/>Mobile +358 41 449 0695<br \/>E-mail: tuohimaki@gmail.com<\/p>\n<p>&nbsp;<\/p>\n<p>&nbsp;<\/p>\n<p>&nbsp;<\/p>\n<p>[\/et_pb_text][\/et_pb_column][\/et_pb_row][\/et_pb_section]<\/p>\n","protected":false},"excerpt":{"rendered":"<p>Distriktets organisationPuhdistus- ja hygienia-ala \u2013 St\u00e4d- och hygiensektorn \u2013 Cleaning and hygienie sectorMobile +358 400 536 594E-mail: matti.hakoila@gmail.comAdministration 2025 &#8211; 2026Distriktsr\u00e5det Puheenjohtaja \u2013 Ordf\u00f6rande \u2013 Chairperson DG Matti Hakoila, Turku Aboa NovaMobile +358 400 536 594E-mail: matti.hakoila@gmail.com Piirineuvoston j\u00e4senet \u2013 Distriktsr\u00e5dets ledam\u00f6ter \u2013 District Council Members IPDG\u00a0Ilkka H\u00e4kli,\u00a0Kyr\u00f6sj\u00e4rviMobile +358 40 575 8546E-mail: ilkka.hakli@edustushakli.fi PDG Aaro [&hellip;]<\/p>\n","protected":false},"author":384,"featured_media":0,"parent":0,"menu_order":4,"comment_status":"closed","ping_status":"closed","template":"","meta":{"_acf_changed":false,"_et_pb_use_builder":"on","_et_pb_old_content":"","_et_gb_content_width":"","footnotes":""},"class_list":["post-4049","page","type-page","status-publish","hentry"],"acf":[],"yoast_head":"<!-- This site is optimized with the Yoast SEO plugin v27.0 - https:\/\/yoast.com\/product\/yoast-seo-wordpress\/ -->\n<title>Distriktets organisation - Piiri 1410<\/title>\n<meta name=\"robots\" content=\"index, follow, max-snippet:-1, max-image-preview:large, max-video-preview:-1\" \/>\n<link rel=\"canonical\" href=\"https:\/\/rotary.fi\/d1410\/sv\/distriktets-organisation\/\" \/>\n<meta property=\"og:locale\" content=\"fi_FI\" \/>\n<meta property=\"og:type\" content=\"article\" \/>\n<meta property=\"og:title\" content=\"Distriktets organisation - Piiri 1410\" \/>\n<meta property=\"og:description\" content=\"Distriktets organisationPuhdistus- ja hygienia-ala \u2013 St\u00e4d- och hygiensektorn \u2013 Cleaning and hygienie sectorMobile +358 400 536 594E-mail: matti.hakoila@gmail.comAdministration 2025 - 2026Distriktsr\u00e5det Puheenjohtaja \u2013 Ordf\u00f6rande \u2013 Chairperson DG Matti Hakoila, Turku Aboa NovaMobile +358 400 536 594E-mail: matti.hakoila@gmail.com Piirineuvoston j\u00e4senet \u2013 Distriktsr\u00e5dets ledam\u00f6ter \u2013 District Council Members IPDG\u00a0Ilkka H\u00e4kli,\u00a0Kyr\u00f6sj\u00e4rviMobile +358 40 575 8546E-mail: ilkka.hakli@edustushakli.fi PDG Aaro [&hellip;]\" \/>\n<meta property=\"og:url\" content=\"https:\/\/rotary.fi\/d1410\/sv\/distriktets-organisation\/\" \/>\n<meta property=\"og:site_name\" content=\"Piiri 1410\" \/>\n<meta property=\"article:publisher\" content=\"https:\/\/www.facebook.com\/rotary\/\" \/>\n<meta property=\"article:modified_time\" content=\"2025-06-10T07:42:32+00:00\" \/>\n<meta name=\"twitter:card\" content=\"summary_large_image\" \/>\n<meta name=\"twitter:label1\" content=\"Arvioitu lukuaika\" \/>\n\t<meta name=\"twitter:data1\" content=\"5 minuuttia\" \/>\n<script type=\"application\/ld+json\" class=\"yoast-schema-graph\">{\"@context\":\"https:\/\/schema.org\",\"@graph\":[{\"@type\":\"WebPage\",\"@id\":\"https:\/\/rotary.fi\/d1410\/sv\/distriktets-organisation\/\",\"url\":\"https:\/\/rotary.fi\/d1410\/sv\/distriktets-organisation\/\",\"name\":\"Distriktets organisation - Piiri 1410\",\"isPartOf\":{\"@id\":\"https:\/\/rotary.fi\/d1410\/#website\"},\"datePublished\":\"2021-08-24T11:21:44+00:00\",\"dateModified\":\"2025-06-10T07:42:32+00:00\",\"breadcrumb\":{\"@id\":\"https:\/\/rotary.fi\/d1410\/sv\/distriktets-organisation\/#breadcrumb\"},\"inLanguage\":\"fi\",\"potentialAction\":[{\"@type\":\"ReadAction\",\"target\":[\"https:\/\/rotary.fi\/d1410\/sv\/distriktets-organisation\/\"]}]},{\"@type\":\"BreadcrumbList\",\"@id\":\"https:\/\/rotary.fi\/d1410\/sv\/distriktets-organisation\/#breadcrumb\",\"itemListElement\":[{\"@type\":\"ListItem\",\"position\":1,\"name\":\"Home\",\"item\":\"https:\/\/rotary.fi\/d1410\/\"},{\"@type\":\"ListItem\",\"position\":2,\"name\":\"Distriktets organisation\"}]},{\"@type\":\"WebSite\",\"@id\":\"https:\/\/rotary.fi\/d1410\/#website\",\"url\":\"https:\/\/rotary.fi\/d1410\/\",\"name\":\"Piiri 1410\",\"description\":\"Suomen Rotary\",\"potentialAction\":[{\"@type\":\"SearchAction\",\"target\":{\"@type\":\"EntryPoint\",\"urlTemplate\":\"https:\/\/rotary.fi\/d1410\/?s={search_term_string}\"},\"query-input\":{\"@type\":\"PropertyValueSpecification\",\"valueRequired\":true,\"valueName\":\"search_term_string\"}}],\"inLanguage\":\"fi\"}]}<\/script>\n<!-- \/ Yoast SEO plugin. -->","yoast_head_json":{"title":"Distriktets organisation - Piiri 1410","robots":{"index":"index","follow":"follow","max-snippet":"max-snippet:-1","max-image-preview":"max-image-preview:large","max-video-preview":"max-video-preview:-1"},"canonical":"https:\/\/rotary.fi\/d1410\/sv\/distriktets-organisation\/","og_locale":"fi_FI","og_type":"article","og_title":"Distriktets organisation - Piiri 1410","og_description":"Distriktets organisationPuhdistus- ja hygienia-ala \u2013 St\u00e4d- och hygiensektorn \u2013 Cleaning and hygienie sectorMobile +358 400 536 594E-mail: matti.hakoila@gmail.comAdministration 2025 - 2026Distriktsr\u00e5det Puheenjohtaja \u2013 Ordf\u00f6rande \u2013 Chairperson DG Matti Hakoila, Turku Aboa NovaMobile +358 400 536 594E-mail: matti.hakoila@gmail.com Piirineuvoston j\u00e4senet \u2013 Distriktsr\u00e5dets ledam\u00f6ter \u2013 District Council Members IPDG\u00a0Ilkka H\u00e4kli,\u00a0Kyr\u00f6sj\u00e4rviMobile +358 40 575 8546E-mail: ilkka.hakli@edustushakli.fi PDG Aaro [&hellip;]","og_url":"https:\/\/rotary.fi\/d1410\/sv\/distriktets-organisation\/","og_site_name":"Piiri 1410","article_publisher":"https:\/\/www.facebook.com\/rotary\/","article_modified_time":"2025-06-10T07:42:32+00:00","twitter_card":"summary_large_image","twitter_misc":{"Arvioitu lukuaika":"5 minuuttia"},"schema":{"@context":"https:\/\/schema.org","@graph":[{"@type":"WebPage","@id":"https:\/\/rotary.fi\/d1410\/sv\/distriktets-organisation\/","url":"https:\/\/rotary.fi\/d1410\/sv\/distriktets-organisation\/","name":"Distriktets organisation - Piiri 1410","isPartOf":{"@id":"https:\/\/rotary.fi\/d1410\/#website"},"datePublished":"2021-08-24T11:21:44+00:00","dateModified":"2025-06-10T07:42:32+00:00","breadcrumb":{"@id":"https:\/\/rotary.fi\/d1410\/sv\/distriktets-organisation\/#breadcrumb"},"inLanguage":"fi","potentialAction":[{"@type":"ReadAction","target":["https:\/\/rotary.fi\/d1410\/sv\/distriktets-organisation\/"]}]},{"@type":"BreadcrumbList","@id":"https:\/\/rotary.fi\/d1410\/sv\/distriktets-organisation\/#breadcrumb","itemListElement":[{"@type":"ListItem","position":1,"name":"Home","item":"https:\/\/rotary.fi\/d1410\/"},{"@type":"ListItem","position":2,"name":"Distriktets organisation"}]},{"@type":"WebSite","@id":"https:\/\/rotary.fi\/d1410\/#website","url":"https:\/\/rotary.fi\/d1410\/","name":"Piiri 1410","description":"Suomen Rotary","potentialAction":[{"@type":"SearchAction","target":{"@type":"EntryPoint","urlTemplate":"https:\/\/rotary.fi\/d1410\/?s={search_term_string}"},"query-input":{"@type":"PropertyValueSpecification","valueRequired":true,"valueName":"search_term_string"}}],"inLanguage":"fi"}]}},"lang":"sv","translations":{"sv":4049,"fi":2037,"en":2889},"pll_sync_post":[],"_links":{"self":[{"href":"https:\/\/rotary.fi\/d1410\/wp-json\/wp\/v2\/pages\/4049","targetHints":{"allow":["GET"]}}],"collection":[{"href":"https:\/\/rotary.fi\/d1410\/wp-json\/wp\/v2\/pages"}],"about":[{"href":"https:\/\/rotary.fi\/d1410\/wp-json\/wp\/v2\/types\/page"}],"author":[{"embeddable":true,"href":"https:\/\/rotary.fi\/d1410\/wp-json\/wp\/v2\/users\/384"}],"replies":[{"embeddable":true,"href":"https:\/\/rotary.fi\/d1410\/wp-json\/wp\/v2\/comments?post=4049"}],"version-history":[{"count":10,"href":"https:\/\/rotary.fi\/d1410\/wp-json\/wp\/v2\/pages\/4049\/revisions"}],"predecessor-version":[{"id":8437,"href":"https:\/\/rotary.fi\/d1410\/wp-json\/wp\/v2\/pages\/4049\/revisions\/8437"}],"wp:attachment":[{"href":"https:\/\/rotary.fi\/d1410\/wp-json\/wp\/v2\/media?parent=4049"}],"curies":[{"name":"wp","href":"https:\/\/api.w.org\/{rel}","templated":true}]}}