{"id":4037,"date":"2021-08-24T12:56:54","date_gmt":"2021-08-24T10:56:54","guid":{"rendered":"https:\/\/rotary.fi\/d1410\/?page_id=4037"},"modified":"2025-06-15T08:43:30","modified_gmt":"2025-06-15T06:43:30","slug":"rotarydistrikt1410","status":"publish","type":"page","link":"https:\/\/rotary.fi\/d1410\/sv\/rotarydistrikt1410\/","title":{"rendered":"Rotarydistrikt 1410"},"content":{"rendered":"<p>[et_pb_section fb_built=&#8221;1&#8243; module_class=&#8221;jumbotron-page&#8221; _builder_version=&#8221;4.16&#8243; background_image=&#8221;https:\/\/rotary.fi\/d1410\/wp-content\/uploads\/sites\/215\/2021\/07\/whatsapp-image-2021-07-26-at-155500.jpeg&#8221; global_colors_info=&#8221;{}&#8221;][et_pb_row module_class=&#8221; et_pb_row_fullwidth et_pb_row_fullwidth et_pb_row_fullwidth et_pb_row_fullwidth et_pb_row_fullwidth&#8221; _builder_version=&#8221;4.16&#8243; width=&#8221;89%&#8221; width_tablet=&#8221;80%&#8221; width_phone=&#8221;&#8221; width_last_edited=&#8221;on|desktop&#8221; max_width=&#8221;89%&#8221; max_width_tablet=&#8221;80%&#8221; max_width_phone=&#8221;&#8221; max_width_last_edited=&#8221;on|desktop&#8221; make_fullwidth=&#8221;on&#8221; global_colors_info=&#8221;{}&#8221;][et_pb_column type=&#8221;4_4&#8243; _builder_version=&#8221;4.16&#8243; custom_padding=&#8221;|||&#8221; global_colors_info=&#8221;{}&#8221; custom_padding__hover=&#8221;|||&#8221;][et_pb_text admin_label=&#8221;P\u00e4\u00e4otsikko: Rotarypiiri 1410 esittelyss\u00e4&#8221; _builder_version=&#8221;4.16&#8243; text_orientation=&#8221;center&#8221; background_layout=&#8221;dark&#8221; z_index_tablet=&#8221;500&#8243; box_shadow_horizontal_tablet=&#8221;0px&#8221; box_shadow_vertical_tablet=&#8221;0px&#8221; box_shadow_blur_tablet=&#8221;40px&#8221; box_shadow_spread_tablet=&#8221;0px&#8221; locked=&#8221;off&#8221; collapsed=&#8221;off&#8221; global_colors_info=&#8221;{}&#8221;]<\/p>\n<h1>Rotarydistrikt 1410<\/h1>\n<p>[\/et_pb_text][\/et_pb_column][\/et_pb_row][\/et_pb_section][et_pb_section fb_built=&#8221;1&#8243; module_class=&#8221;sisaltoalue_perus&#8221; _builder_version=&#8221;4.16&#8243; custom_margin=&#8221;||40px|&#8221; global_colors_info=&#8221;{}&#8221;][et_pb_row column_structure=&#8221;3_5,2_5&#8243; _builder_version=&#8221;4.16&#8243; background_size=&#8221;initial&#8221; background_position=&#8221;top_left&#8221; background_repeat=&#8221;repeat&#8221; global_colors_info=&#8221;{}&#8221;][et_pb_column type=&#8221;3_5&#8243; _builder_version=&#8221;4.16&#8243; custom_padding=&#8221;|||&#8221; global_colors_info=&#8221;{}&#8221; custom_padding__hover=&#8221;|||&#8221;][et_pb_text _builder_version=&#8221;4.27.4&#8243; hover_enabled=&#8221;0&#8243; z_index_tablet=&#8221;500&#8243; text_text_shadow_horizontal_length_tablet=&#8221;0px&#8221; text_text_shadow_vertical_length_tablet=&#8221;0px&#8221; text_text_shadow_blur_strength_tablet=&#8221;1px&#8221; link_text_shadow_horizontal_length_tablet=&#8221;0px&#8221; link_text_shadow_vertical_length_tablet=&#8221;0px&#8221; link_text_shadow_blur_strength_tablet=&#8221;1px&#8221; ul_text_shadow_horizontal_length_tablet=&#8221;0px&#8221; ul_text_shadow_vertical_length_tablet=&#8221;0px&#8221; ul_text_shadow_blur_strength_tablet=&#8221;1px&#8221; ol_text_shadow_horizontal_length_tablet=&#8221;0px&#8221; ol_text_shadow_vertical_length_tablet=&#8221;0px&#8221; ol_text_shadow_blur_strength_tablet=&#8221;1px&#8221; quote_text_shadow_horizontal_length_tablet=&#8221;0px&#8221; quote_text_shadow_vertical_length_tablet=&#8221;0px&#8221; quote_text_shadow_blur_strength_tablet=&#8221;1px&#8221; header_text_shadow_horizontal_length_tablet=&#8221;0px&#8221; header_text_shadow_vertical_length_tablet=&#8221;0px&#8221; header_text_shadow_blur_strength_tablet=&#8221;1px&#8221; header_2_text_shadow_horizontal_length_tablet=&#8221;0px&#8221; header_2_text_shadow_vertical_length_tablet=&#8221;0px&#8221; header_2_text_shadow_blur_strength_tablet=&#8221;1px&#8221; header_3_text_shadow_horizontal_length_tablet=&#8221;0px&#8221; header_3_text_shadow_vertical_length_tablet=&#8221;0px&#8221; header_3_text_shadow_blur_strength_tablet=&#8221;1px&#8221; header_4_text_shadow_horizontal_length_tablet=&#8221;0px&#8221; header_4_text_shadow_vertical_length_tablet=&#8221;0px&#8221; header_4_text_shadow_blur_strength_tablet=&#8221;1px&#8221; header_5_text_shadow_horizontal_length_tablet=&#8221;0px&#8221; header_5_text_shadow_vertical_length_tablet=&#8221;0px&#8221; header_5_text_shadow_blur_strength_tablet=&#8221;1px&#8221; header_6_text_shadow_horizontal_length_tablet=&#8221;0px&#8221; header_6_text_shadow_vertical_length_tablet=&#8221;0px&#8221; header_6_text_shadow_blur_strength_tablet=&#8221;1px&#8221; box_shadow_horizontal_tablet=&#8221;0px&#8221; box_shadow_vertical_tablet=&#8221;0px&#8221; box_shadow_blur_tablet=&#8221;40px&#8221; box_shadow_spread_tablet=&#8221;0px&#8221; global_colors_info=&#8221;{}&#8221; sticky_enabled=&#8221;0&#8243;]<\/p>\n<p>V\u00e5rt tv\u00e5spr\u00e5kiga rotarydistrikt omfattar \u00c5land och Sydv\u00e4stra Finland samt delar av Satakunta och s\u00f6dra Tavastland. Det \u00e4r uppdelat i tio omr\u00e5den med 55 klubbar och cirka 1 800 medlemmar.<\/p>\n<p>Rotarydistriktet leds av en distriktsguvern\u00f6r (GD) som f\u00e5r st\u00f6d av ett distriktsr\u00e5d och distriktskommitt\u00e9er. Varje omr\u00e5de i distriktet har dessutom en assisterande guvern\u00f6r (AG).<\/p>\n<p>Under ett rotary\u00e5r (1 juli &#8211; 30 juni) bes\u00f6ker distriktsguvern\u00f6ren klubbarna inom distriktet. M\u00e5ls\u00e4ttningen \u00e4r att ber\u00e4tta om aktuella \u00e4renden, h\u00f6ra klubbarna och uppmuntra deras verksamhet. P\u00e5 samma s\u00e4tt bes\u00f6ker assisterande guvern\u00f6ren klubbarna i sitt omr\u00e5de.<\/p>\n<p>Distriktets nomineringskommitt\u00e9 v\u00e4ljer p\u00e5 basen av klubbarnas f\u00f6rslag flera \u00e5r i f\u00f6rv\u00e4g den kommande guvern\u00f6ren som kallas District Governor Nominee (DGN). Efter genomg\u00e5ngen internationell utbildning utn\u00e4mns hen p\u00e5 Rotary International World Convention till sin position och f\u00e5r d\u00e5 titeln District Governor Elect (DGE). N\u00e4r hen den 1 juli startar sin mandatperiod blir hen distriktsguvern\u00f6r (GD).<\/p>\n<p><strong>De viktigaste \u00e5rliga distriktsevenemangen:<\/strong><\/p>\n<ul>\n<li>P\u00e5 h\u00f6sten h\u00e5lls ett <strong>h\u00f6stseminarium<\/strong> f\u00f6r alla rotarianer. I samband med seminariet ordnas ocks\u00e5 det \u00e5rliga distriktssamr\u00e5det som behandlar f\u00f6reg\u00e5ende \u00e5rs bokslut och verksamhetsber\u00e4ttelse.<\/li>\n<li>P\u00e5 v\u00e5ren arrangeras distriktets utbildningsseminarium <strong>PETS<\/strong> och ett distriktssamr\u00e5d f\u00f6r att godk\u00e4nna handlingsplanen och budgeten f\u00f6r det kommande rotary\u00e5ret samt officiellt utse distriktets kommande guvern\u00f6r.<\/li>\n<li>Senare under v\u00e5ren arrangeras ocks\u00e5 en h\u00f6gtidlig <strong>distriktskonferens<\/strong> f\u00f6r alla rotarianer i distriktet.<\/li>\n<\/ul>\n<p>Distriktet h\u00e5ller flera olika <strong>utbildningstillf\u00e4llen<\/strong>:<\/p>\n<p><strong>President-Elect Training Seminar<\/strong> (<strong>PETS)<\/strong> \u00e4r avsedd f\u00f6r framtida klubbpresidenter och \u00f6vriga funktion\u00e4rer. Seminariet ordnas p\u00e5 finska och svenska.<\/p>\n<p><strong>Rotary Leadership Institute (<\/strong> <strong>RLI<\/strong>) \u00e4r ett popul\u00e4rt utbildningspaket f\u00f6r alla rotarianer och rotaractors (yngre vuxna). Under trevliga f\u00f6rh\u00e5llanden, i en aktiverande milj\u00f6 \u00f6kar man f\u00f6rst\u00e5elsen f\u00f6r Rotary. RLIs utbildningar \u00e4r s\u00e4rskilt l\u00e4mpade f\u00f6r nya rotarianer och st\u00f6der deras utveckling till klubbledare. Men RLI hj\u00e4lper alla som vill uppdatera sin vision om rotaryverksamheten. Det m\u00e5ngsidiga internationella l\u00e4romaterialet uppdateras kontinuerligt och finns tillg\u00e4ngligt online p\u00e5 flera olika spr\u00e5k under adressen rlifiles.com. Deltagare beh\u00f6ver inte f\u00f6rbereda sig i f\u00f6rv\u00e4g.<\/p>\n<p><strong>Webbplatsutbildning <\/strong>hj\u00e4lper klubbar att synas och h\u00f6ras &#8211; och p\u00e5 s\u00e5 s\u00e4tt bli mera effektiva och engagera nya medlemmar. Samtidigt kan man l\u00e4ra sig nya f\u00e4rdigheter f\u00f6r arbetslivet.<\/p>\n<p><strong>Utbildningen f\u00f6r medlemsanskaffning <\/strong>hj\u00e4lper klubbar att utveckla sina aktiviteter och f\u00f6rb\u00e4ttra klubbarnas synlighet och p\u00e5 s\u00e5 s\u00e4tt bli mera attraktiva och engagerande.<\/p>\n<p>Sammantaget ger distriktsutbildningen och m\u00f6ten inte bara medlemmarna ny kunskap utan \u00e4ven stora m\u00f6jligheter att skapa n\u00e4tverk utanf\u00f6r sin egen klubb.<\/p>\n<p>[\/et_pb_text][\/et_pb_column][et_pb_column type=&#8221;2_5&#8243; _builder_version=&#8221;4.16&#8243; custom_padding=&#8221;|||&#8221; global_colors_info=&#8221;{}&#8221; custom_padding__hover=&#8221;|||&#8221;][et_pb_image src=&#8221;https:\/\/rotary.fi\/d1410\/wp-content\/uploads\/sites\/215\/2021\/08\/rotarypiiri-1410.jpg&#8221; title_text=&#8221;rotarypiiri-1410&#8243; align_tablet=&#8221;center&#8221; align_phone=&#8221;&#8221; align_last_edited=&#8221;on|desktop&#8221; _builder_version=&#8221;4.16&#8243; z_index_tablet=&#8221;500&#8243; border_width_all=&#8221;10px&#8221; border_color_all=&#8221;#ffffff&#8221; box_shadow_style=&#8221;preset1&#8243; box_shadow_blur=&#8221;5px&#8221; global_colors_info=&#8221;{}&#8221;][\/et_pb_image][\/et_pb_column][\/et_pb_row][\/et_pb_section]<\/p>\n","protected":false},"excerpt":{"rendered":"<p>Rotarydistrikt 1410V\u00e5rt tv\u00e5spr\u00e5kiga rotarydistrikt omfattar \u00c5land och Sydv\u00e4stra Finland samt delar av Satakunta och s\u00f6dra Tavastland. Det \u00e4r uppdelat i tio omr\u00e5den med 55 klubbar och cirka 1 800 medlemmar. Rotarydistriktet leds av en distriktsguvern\u00f6r (GD) som f\u00e5r st\u00f6d av ett distriktsr\u00e5d och distriktskommitt\u00e9er. Varje omr\u00e5de i distriktet har dessutom en assisterande guvern\u00f6r (AG). Under [&hellip;]<\/p>\n","protected":false},"author":384,"featured_media":0,"parent":0,"menu_order":1,"comment_status":"closed","ping_status":"closed","template":"","meta":{"_acf_changed":false,"_et_pb_use_builder":"on","_et_pb_old_content":"","_et_gb_content_width":"","footnotes":""},"class_list":["post-4037","page","type-page","status-publish","hentry"],"acf":[],"yoast_head":"<!-- This site is optimized with the Yoast SEO plugin v27.4 - https:\/\/yoast.com\/product\/yoast-seo-wordpress\/ -->\n<title>Rotarydistrikt 1410 - Piiri 1410<\/title>\n<meta name=\"robots\" content=\"index, follow, max-snippet:-1, max-image-preview:large, max-video-preview:-1\" \/>\n<link rel=\"canonical\" href=\"https:\/\/rotary.fi\/d1410\/sv\/rotarydistrikt1410\/\" \/>\n<meta property=\"og:locale\" content=\"fi_FI\" \/>\n<meta property=\"og:type\" content=\"article\" \/>\n<meta property=\"og:title\" content=\"Rotarydistrikt 1410 - Piiri 1410\" \/>\n<meta property=\"og:description\" content=\"Rotarydistrikt 1410V\u00e5rt tv\u00e5spr\u00e5kiga rotarydistrikt omfattar \u00c5land och Sydv\u00e4stra Finland samt delar av Satakunta och s\u00f6dra Tavastland. Det \u00e4r uppdelat i tio omr\u00e5den med 55 klubbar och cirka 1 800 medlemmar. Rotarydistriktet leds av en distriktsguvern\u00f6r (GD) som f\u00e5r st\u00f6d av ett distriktsr\u00e5d och distriktskommitt\u00e9er. Varje omr\u00e5de i distriktet har dessutom en assisterande guvern\u00f6r (AG). Under [&hellip;]\" \/>\n<meta property=\"og:url\" content=\"https:\/\/rotary.fi\/d1410\/sv\/rotarydistrikt1410\/\" \/>\n<meta property=\"og:site_name\" content=\"Piiri 1410\" \/>\n<meta property=\"article:publisher\" content=\"https:\/\/www.facebook.com\/rotary\/\" \/>\n<meta property=\"article:modified_time\" content=\"2025-06-15T06:43:30+00:00\" \/>\n<meta name=\"twitter:card\" content=\"summary_large_image\" \/>\n<meta name=\"twitter:label1\" content=\"Arvioitu lukuaika\" \/>\n\t<meta name=\"twitter:data1\" content=\"3 minuuttia\" \/>\n<script type=\"application\/ld+json\" class=\"yoast-schema-graph\">{\"@context\":\"https:\\\/\\\/schema.org\",\"@graph\":[{\"@type\":\"WebPage\",\"@id\":\"https:\\\/\\\/rotary.fi\\\/d1410\\\/sv\\\/rotarydistrikt1410\\\/\",\"url\":\"https:\\\/\\\/rotary.fi\\\/d1410\\\/sv\\\/rotarydistrikt1410\\\/\",\"name\":\"Rotarydistrikt 1410 - Piiri 1410\",\"isPartOf\":{\"@id\":\"https:\\\/\\\/rotary.fi\\\/d1410\\\/#website\"},\"datePublished\":\"2021-08-24T10:56:54+00:00\",\"dateModified\":\"2025-06-15T06:43:30+00:00\",\"breadcrumb\":{\"@id\":\"https:\\\/\\\/rotary.fi\\\/d1410\\\/sv\\\/rotarydistrikt1410\\\/#breadcrumb\"},\"inLanguage\":\"fi\",\"potentialAction\":[{\"@type\":\"ReadAction\",\"target\":[\"https:\\\/\\\/rotary.fi\\\/d1410\\\/sv\\\/rotarydistrikt1410\\\/\"]}]},{\"@type\":\"BreadcrumbList\",\"@id\":\"https:\\\/\\\/rotary.fi\\\/d1410\\\/sv\\\/rotarydistrikt1410\\\/#breadcrumb\",\"itemListElement\":[{\"@type\":\"ListItem\",\"position\":1,\"name\":\"Home\",\"item\":\"https:\\\/\\\/rotary.fi\\\/d1410\\\/\"},{\"@type\":\"ListItem\",\"position\":2,\"name\":\"Rotarydistrikt 1410\"}]},{\"@type\":\"WebSite\",\"@id\":\"https:\\\/\\\/rotary.fi\\\/d1410\\\/#website\",\"url\":\"https:\\\/\\\/rotary.fi\\\/d1410\\\/\",\"name\":\"Piiri 1410\",\"description\":\"Suomen Rotary\",\"potentialAction\":[{\"@type\":\"SearchAction\",\"target\":{\"@type\":\"EntryPoint\",\"urlTemplate\":\"https:\\\/\\\/rotary.fi\\\/d1410\\\/?s={search_term_string}\"},\"query-input\":{\"@type\":\"PropertyValueSpecification\",\"valueRequired\":true,\"valueName\":\"search_term_string\"}}],\"inLanguage\":\"fi\"}]}<\/script>\n<!-- \/ Yoast SEO plugin. -->","yoast_head_json":{"title":"Rotarydistrikt 1410 - Piiri 1410","robots":{"index":"index","follow":"follow","max-snippet":"max-snippet:-1","max-image-preview":"max-image-preview:large","max-video-preview":"max-video-preview:-1"},"canonical":"https:\/\/rotary.fi\/d1410\/sv\/rotarydistrikt1410\/","og_locale":"fi_FI","og_type":"article","og_title":"Rotarydistrikt 1410 - Piiri 1410","og_description":"Rotarydistrikt 1410V\u00e5rt tv\u00e5spr\u00e5kiga rotarydistrikt omfattar \u00c5land och Sydv\u00e4stra Finland samt delar av Satakunta och s\u00f6dra Tavastland. Det \u00e4r uppdelat i tio omr\u00e5den med 55 klubbar och cirka 1 800 medlemmar. Rotarydistriktet leds av en distriktsguvern\u00f6r (GD) som f\u00e5r st\u00f6d av ett distriktsr\u00e5d och distriktskommitt\u00e9er. Varje omr\u00e5de i distriktet har dessutom en assisterande guvern\u00f6r (AG). Under [&hellip;]","og_url":"https:\/\/rotary.fi\/d1410\/sv\/rotarydistrikt1410\/","og_site_name":"Piiri 1410","article_publisher":"https:\/\/www.facebook.com\/rotary\/","article_modified_time":"2025-06-15T06:43:30+00:00","twitter_card":"summary_large_image","twitter_misc":{"Arvioitu lukuaika":"3 minuuttia"},"schema":{"@context":"https:\/\/schema.org","@graph":[{"@type":"WebPage","@id":"https:\/\/rotary.fi\/d1410\/sv\/rotarydistrikt1410\/","url":"https:\/\/rotary.fi\/d1410\/sv\/rotarydistrikt1410\/","name":"Rotarydistrikt 1410 - Piiri 1410","isPartOf":{"@id":"https:\/\/rotary.fi\/d1410\/#website"},"datePublished":"2021-08-24T10:56:54+00:00","dateModified":"2025-06-15T06:43:30+00:00","breadcrumb":{"@id":"https:\/\/rotary.fi\/d1410\/sv\/rotarydistrikt1410\/#breadcrumb"},"inLanguage":"fi","potentialAction":[{"@type":"ReadAction","target":["https:\/\/rotary.fi\/d1410\/sv\/rotarydistrikt1410\/"]}]},{"@type":"BreadcrumbList","@id":"https:\/\/rotary.fi\/d1410\/sv\/rotarydistrikt1410\/#breadcrumb","itemListElement":[{"@type":"ListItem","position":1,"name":"Home","item":"https:\/\/rotary.fi\/d1410\/"},{"@type":"ListItem","position":2,"name":"Rotarydistrikt 1410"}]},{"@type":"WebSite","@id":"https:\/\/rotary.fi\/d1410\/#website","url":"https:\/\/rotary.fi\/d1410\/","name":"Piiri 1410","description":"Suomen Rotary","potentialAction":[{"@type":"SearchAction","target":{"@type":"EntryPoint","urlTemplate":"https:\/\/rotary.fi\/d1410\/?s={search_term_string}"},"query-input":{"@type":"PropertyValueSpecification","valueRequired":true,"valueName":"search_term_string"}}],"inLanguage":"fi"}]}},"lang":"sv","translations":{"sv":4037,"fi":2017,"en":2881},"pll_sync_post":[],"_links":{"self":[{"href":"https:\/\/rotary.fi\/d1410\/wp-json\/wp\/v2\/pages\/4037","targetHints":{"allow":["GET"]}}],"collection":[{"href":"https:\/\/rotary.fi\/d1410\/wp-json\/wp\/v2\/pages"}],"about":[{"href":"https:\/\/rotary.fi\/d1410\/wp-json\/wp\/v2\/types\/page"}],"author":[{"embeddable":true,"href":"https:\/\/rotary.fi\/d1410\/wp-json\/wp\/v2\/users\/384"}],"replies":[{"embeddable":true,"href":"https:\/\/rotary.fi\/d1410\/wp-json\/wp\/v2\/comments?post=4037"}],"version-history":[{"count":6,"href":"https:\/\/rotary.fi\/d1410\/wp-json\/wp\/v2\/pages\/4037\/revisions"}],"predecessor-version":[{"id":8475,"href":"https:\/\/rotary.fi\/d1410\/wp-json\/wp\/v2\/pages\/4037\/revisions\/8475"}],"wp:attachment":[{"href":"https:\/\/rotary.fi\/d1410\/wp-json\/wp\/v2\/media?parent=4037"}],"curies":[{"name":"wp","href":"https:\/\/api.w.org\/{rel}","templated":true}]}}