{"id":4027,"date":"2021-08-23T16:35:38","date_gmt":"2021-08-23T14:35:38","guid":{"rendered":"https:\/\/rotary.fi\/d1410\/?page_id=4027"},"modified":"2021-08-28T12:45:47","modified_gmt":"2021-08-28T10:45:47","slug":"vad-ar-rotary","status":"publish","type":"page","link":"https:\/\/rotary.fi\/d1410\/sv\/vad-ar-rotary\/","title":{"rendered":"Vad \u00e4r Rotary"},"content":{"rendered":"<p>[et_pb_section fb_built=&#8221;1&#8243; module_class=&#8221;jumbotron-page&#8221; _builder_version=&#8221;4.9.4&#8243; background_image=&#8221;https:\/\/rotary.fi\/d1410\/wp-content\/uploads\/sites\/215\/2021\/07\/118397258-4247905408616691-2728696681348521925-n.jpg&#8221;][et_pb_row module_class=&#8221; et_pb_row_fullwidth et_pb_row_fullwidth&#8221; _builder_version=&#8221;3.25&#8243; width=&#8221;89%&#8221; width_tablet=&#8221;80%&#8221; width_phone=&#8221;&#8221; width_last_edited=&#8221;on|desktop&#8221; max_width=&#8221;89%&#8221; max_width_tablet=&#8221;80%&#8221; max_width_phone=&#8221;&#8221; max_width_last_edited=&#8221;on|desktop&#8221; make_fullwidth=&#8221;on&#8221;][et_pb_column type=&#8221;4_4&#8243; _builder_version=&#8221;3.25&#8243; custom_padding=&#8221;|||&#8221; custom_padding__hover=&#8221;|||&#8221;][et_pb_text admin_label=&#8221;Mik\u00e4 on Rotary -otsikko&#8221; _builder_version=&#8221;4.9.10&#8243; text_orientation=&#8221;center&#8221; background_layout=&#8221;dark&#8221; z_index_tablet=&#8221;500&#8243;]<\/p>\n<h1>Vad \u00e4r Rotary?<\/h1>\n<p>[\/et_pb_text][\/et_pb_column][\/et_pb_row][\/et_pb_section][et_pb_section fb_built=&#8221;1&#8243; module_class=&#8221;sisaltoalue_perus&#8221; _builder_version=&#8221;3.22&#8243; background_size=&#8221;initial&#8221; background_position=&#8221;top_left&#8221; background_repeat=&#8221;repeat&#8221;][et_pb_row custom_padding_last_edited=&#8221;on|phone&#8221; _builder_version=&#8221;3.25&#8243; custom_padding=&#8221;46.6875px|0px|63px|0px&#8221; custom_padding_tablet=&#8221;&#8221; custom_padding_phone=&#8221;&#8221;][et_pb_column type=&#8221;4_4&#8243; _builder_version=&#8221;3.25&#8243; custom_padding=&#8221;|||&#8221; custom_padding__hover=&#8221;|||&#8221;][et_pb_text admin_label=&#8221;Mik\u00e4 on Rotary -otsikko&#8221; _builder_version=&#8221;4.9.10&#8243; text_orientation=&#8221;center&#8221; z_index_tablet=&#8221;500&#8243;]<\/p>\n<h1>Ett globalt n\u00e4tverk av aktiva m\u00e4nniskor<\/h1>\n<p>[\/et_pb_text][et_pb_text _builder_version=&#8221;4.9.10&#8243; custom_margin=&#8221;||60px|&#8221; hover_enabled=&#8221;0&#8243; sticky_enabled=&#8221;0&#8243;]<\/p>\n<p>Rotary \u00e4r en icke religi\u00f6s, opolitisk och effektiv v\u00e4lg\u00f6renhetsorganisation som verkar \u00f6ver hela v\u00e4rlden.<\/p>\n<p>Bland det b\u00e4sta som Rotaryr\u00f6relsen kan erbjuda sina medlemmar \u00e4r ett unikt nationellt och internationellt samarbete och projektfinansiering<strong>.<\/strong><\/p>\n<p>Globalt best\u00e5r Rotary idag av cirka 540 distrikt med \u00f6ver 1,2 miljoner rotarianer. Finlands fem distrikt har n\u00e4stan 9 000 medlemmar.<\/p>\n<p>Rotaryklubbarna och de enskilda rotarianerna utg\u00f6r grunden f\u00f6r Rotary. Rotary samlar samh\u00e4llsp\u00e5verkare och experter fr\u00e5n m\u00e5nga olika omr\u00e5den, kulturer och yrken. Om du vill n\u00e4tverka och anv\u00e4nda dina kunskaper f\u00f6r att g\u00f6ra gott lokalt och globalt, d\u00e5 \u00e4r Rotary n\u00e5got f\u00f6r dig.<\/p>\n<h3>Rotarys vision<\/h3>\n<p>Tillsammans ser vi en v\u00e4rld d\u00e4r m\u00e4nniskor f\u00f6renas och vidtar \u00e5tg\u00e4rder f\u00f6r att skapa varaktig f\u00f6r\u00e4ndring \u2013 \u00f6ver hela v\u00e4rlden, i v\u00e5ra egna samh\u00e4llen och i oss sj\u00e4lva.<\/p>\n<h3>Rotarys ideologi<\/h3>\n<p>Rotary \u00e4r en serviceorganisation med mottot: Osj\u00e4lviskt tj\u00e4nande (Service Above Self).<\/p>\n<p>[\/et_pb_text][et_pb_button button_url=&#8221;https:\/\/rotary.fi\/sv\/vad-ar-rotary\/&#8221; url_new_window=&#8221;on&#8221; button_text=&#8221;L\u00e4s mera &#8221; _builder_version=&#8221;4.9.10&#8243;][\/et_pb_button][\/et_pb_column][\/et_pb_row][\/et_pb_section]<\/p>\n","protected":false},"excerpt":{"rendered":"<p>Vad \u00e4r Rotary?Ett globalt n\u00e4tverk av aktiva m\u00e4nniskorRotary \u00e4r en icke religi\u00f6s, opolitisk och effektiv v\u00e4lg\u00f6renhetsorganisation som verkar \u00f6ver hela v\u00e4rlden. Bland det b\u00e4sta som Rotaryr\u00f6relsen kan erbjuda sina medlemmar \u00e4r ett unikt nationellt och internationellt samarbete och projektfinansiering. Globalt best\u00e5r Rotary idag av cirka 540 distrikt med \u00f6ver 1,2 miljoner rotarianer. Finlands fem distrikt [&hellip;]<\/p>\n","protected":false},"author":384,"featured_media":0,"parent":0,"menu_order":5,"comment_status":"closed","ping_status":"closed","template":"","meta":{"_acf_changed":false,"_et_pb_use_builder":"on","_et_pb_old_content":"","_et_gb_content_width":"","footnotes":""},"class_list":["post-4027","page","type-page","status-publish","hentry"],"acf":[],"yoast_head":"<!-- This site is optimized with the Yoast SEO plugin v27.4 - https:\/\/yoast.com\/product\/yoast-seo-wordpress\/ -->\n<title>Vad \u00e4r Rotary - Piiri 1410<\/title>\n<meta name=\"robots\" content=\"index, follow, max-snippet:-1, max-image-preview:large, max-video-preview:-1\" \/>\n<link rel=\"canonical\" href=\"https:\/\/rotary.fi\/d1410\/sv\/vad-ar-rotary\/\" \/>\n<meta property=\"og:locale\" content=\"fi_FI\" \/>\n<meta property=\"og:type\" content=\"article\" \/>\n<meta property=\"og:title\" content=\"Vad \u00e4r Rotary - Piiri 1410\" \/>\n<meta property=\"og:description\" content=\"Vad \u00e4r Rotary?Ett globalt n\u00e4tverk av aktiva m\u00e4nniskorRotary \u00e4r en icke religi\u00f6s, opolitisk och effektiv v\u00e4lg\u00f6renhetsorganisation som verkar \u00f6ver hela v\u00e4rlden. Bland det b\u00e4sta som Rotaryr\u00f6relsen kan erbjuda sina medlemmar \u00e4r ett unikt nationellt och internationellt samarbete och projektfinansiering. Globalt best\u00e5r Rotary idag av cirka 540 distrikt med \u00f6ver 1,2 miljoner rotarianer. Finlands fem distrikt [&hellip;]\" \/>\n<meta property=\"og:url\" content=\"https:\/\/rotary.fi\/d1410\/sv\/vad-ar-rotary\/\" \/>\n<meta property=\"og:site_name\" content=\"Piiri 1410\" \/>\n<meta property=\"article:publisher\" content=\"https:\/\/www.facebook.com\/rotary\/\" \/>\n<meta property=\"article:modified_time\" content=\"2021-08-28T10:45:47+00:00\" \/>\n<meta name=\"twitter:card\" content=\"summary_large_image\" \/>\n<script type=\"application\/ld+json\" class=\"yoast-schema-graph\">{\"@context\":\"https:\\\/\\\/schema.org\",\"@graph\":[{\"@type\":\"WebPage\",\"@id\":\"https:\\\/\\\/rotary.fi\\\/d1410\\\/sv\\\/vad-ar-rotary\\\/\",\"url\":\"https:\\\/\\\/rotary.fi\\\/d1410\\\/sv\\\/vad-ar-rotary\\\/\",\"name\":\"Vad \u00e4r Rotary - Piiri 1410\",\"isPartOf\":{\"@id\":\"https:\\\/\\\/rotary.fi\\\/d1410\\\/#website\"},\"datePublished\":\"2021-08-23T14:35:38+00:00\",\"dateModified\":\"2021-08-28T10:45:47+00:00\",\"breadcrumb\":{\"@id\":\"https:\\\/\\\/rotary.fi\\\/d1410\\\/sv\\\/vad-ar-rotary\\\/#breadcrumb\"},\"inLanguage\":\"fi\",\"potentialAction\":[{\"@type\":\"ReadAction\",\"target\":[\"https:\\\/\\\/rotary.fi\\\/d1410\\\/sv\\\/vad-ar-rotary\\\/\"]}]},{\"@type\":\"BreadcrumbList\",\"@id\":\"https:\\\/\\\/rotary.fi\\\/d1410\\\/sv\\\/vad-ar-rotary\\\/#breadcrumb\",\"itemListElement\":[{\"@type\":\"ListItem\",\"position\":1,\"name\":\"Home\",\"item\":\"https:\\\/\\\/rotary.fi\\\/d1410\\\/\"},{\"@type\":\"ListItem\",\"position\":2,\"name\":\"Vad \u00e4r Rotary\"}]},{\"@type\":\"WebSite\",\"@id\":\"https:\\\/\\\/rotary.fi\\\/d1410\\\/#website\",\"url\":\"https:\\\/\\\/rotary.fi\\\/d1410\\\/\",\"name\":\"Piiri 1410\",\"description\":\"Suomen Rotary\",\"potentialAction\":[{\"@type\":\"SearchAction\",\"target\":{\"@type\":\"EntryPoint\",\"urlTemplate\":\"https:\\\/\\\/rotary.fi\\\/d1410\\\/?s={search_term_string}\"},\"query-input\":{\"@type\":\"PropertyValueSpecification\",\"valueRequired\":true,\"valueName\":\"search_term_string\"}}],\"inLanguage\":\"fi\"}]}<\/script>\n<!-- \/ Yoast SEO plugin. -->","yoast_head_json":{"title":"Vad \u00e4r Rotary - Piiri 1410","robots":{"index":"index","follow":"follow","max-snippet":"max-snippet:-1","max-image-preview":"max-image-preview:large","max-video-preview":"max-video-preview:-1"},"canonical":"https:\/\/rotary.fi\/d1410\/sv\/vad-ar-rotary\/","og_locale":"fi_FI","og_type":"article","og_title":"Vad \u00e4r Rotary - Piiri 1410","og_description":"Vad \u00e4r Rotary?Ett globalt n\u00e4tverk av aktiva m\u00e4nniskorRotary \u00e4r en icke religi\u00f6s, opolitisk och effektiv v\u00e4lg\u00f6renhetsorganisation som verkar \u00f6ver hela v\u00e4rlden. Bland det b\u00e4sta som Rotaryr\u00f6relsen kan erbjuda sina medlemmar \u00e4r ett unikt nationellt och internationellt samarbete och projektfinansiering. Globalt best\u00e5r Rotary idag av cirka 540 distrikt med \u00f6ver 1,2 miljoner rotarianer. Finlands fem distrikt [&hellip;]","og_url":"https:\/\/rotary.fi\/d1410\/sv\/vad-ar-rotary\/","og_site_name":"Piiri 1410","article_publisher":"https:\/\/www.facebook.com\/rotary\/","article_modified_time":"2021-08-28T10:45:47+00:00","twitter_card":"summary_large_image","schema":{"@context":"https:\/\/schema.org","@graph":[{"@type":"WebPage","@id":"https:\/\/rotary.fi\/d1410\/sv\/vad-ar-rotary\/","url":"https:\/\/rotary.fi\/d1410\/sv\/vad-ar-rotary\/","name":"Vad \u00e4r Rotary - Piiri 1410","isPartOf":{"@id":"https:\/\/rotary.fi\/d1410\/#website"},"datePublished":"2021-08-23T14:35:38+00:00","dateModified":"2021-08-28T10:45:47+00:00","breadcrumb":{"@id":"https:\/\/rotary.fi\/d1410\/sv\/vad-ar-rotary\/#breadcrumb"},"inLanguage":"fi","potentialAction":[{"@type":"ReadAction","target":["https:\/\/rotary.fi\/d1410\/sv\/vad-ar-rotary\/"]}]},{"@type":"BreadcrumbList","@id":"https:\/\/rotary.fi\/d1410\/sv\/vad-ar-rotary\/#breadcrumb","itemListElement":[{"@type":"ListItem","position":1,"name":"Home","item":"https:\/\/rotary.fi\/d1410\/"},{"@type":"ListItem","position":2,"name":"Vad \u00e4r Rotary"}]},{"@type":"WebSite","@id":"https:\/\/rotary.fi\/d1410\/#website","url":"https:\/\/rotary.fi\/d1410\/","name":"Piiri 1410","description":"Suomen Rotary","potentialAction":[{"@type":"SearchAction","target":{"@type":"EntryPoint","urlTemplate":"https:\/\/rotary.fi\/d1410\/?s={search_term_string}"},"query-input":{"@type":"PropertyValueSpecification","valueRequired":true,"valueName":"search_term_string"}}],"inLanguage":"fi"}]}},"lang":"sv","translations":{"sv":4027,"fi":654,"en":3008},"pll_sync_post":[],"_links":{"self":[{"href":"https:\/\/rotary.fi\/d1410\/wp-json\/wp\/v2\/pages\/4027","targetHints":{"allow":["GET"]}}],"collection":[{"href":"https:\/\/rotary.fi\/d1410\/wp-json\/wp\/v2\/pages"}],"about":[{"href":"https:\/\/rotary.fi\/d1410\/wp-json\/wp\/v2\/types\/page"}],"author":[{"embeddable":true,"href":"https:\/\/rotary.fi\/d1410\/wp-json\/wp\/v2\/users\/384"}],"replies":[{"embeddable":true,"href":"https:\/\/rotary.fi\/d1410\/wp-json\/wp\/v2\/comments?post=4027"}],"version-history":[{"count":6,"href":"https:\/\/rotary.fi\/d1410\/wp-json\/wp\/v2\/pages\/4027\/revisions"}],"predecessor-version":[{"id":4386,"href":"https:\/\/rotary.fi\/d1410\/wp-json\/wp\/v2\/pages\/4027\/revisions\/4386"}],"wp:attachment":[{"href":"https:\/\/rotary.fi\/d1410\/wp-json\/wp\/v2\/media?parent=4027"}],"curies":[{"name":"wp","href":"https:\/\/api.w.org\/{rel}","templated":true}]}}