{"id":3953,"date":"2021-08-18T10:52:34","date_gmt":"2021-08-18T08:52:34","guid":{"rendered":"https:\/\/rotary.fi\/d1410\/?page_id=3953"},"modified":"2026-02-07T18:56:55","modified_gmt":"2026-02-07T16:56:55","slug":"rotary-vuositeema","status":"publish","type":"page","link":"https:\/\/rotary.fi\/d1410\/rotary-vuositeema\/","title":{"rendered":"Rotary vuositeema"},"content":{"rendered":"<p>[et_pb_section fb_built=&#8221;1&#8243; admin_label=&#8221;Vuositeemakuva&#8221; module_class=&#8221;jumbotron-page&#8221; _builder_version=&#8221;4.27.4&#8243; background_image=&#8221;https:\/\/rotary.fi\/d1410\/wp-content\/uploads\/sites\/215\/2025\/08\/club-rotary-logolockup-template-en21-2.png&#8221; background_size=&#8221;initial&#8221; min_height=&#8221;203.9px&#8221; custom_padding=&#8221;0px|||||&#8221; global_colors_info=&#8221;{}&#8221;][et_pb_row module_class=&#8221; et_pb_row_fullwidth et_pb_row_fullwidth&#8221; _builder_version=&#8221;4.27.4&#8243; width=&#8221;89%&#8221; width_tablet=&#8221;80%&#8221; width_phone=&#8221;&#8221; width_last_edited=&#8221;on|desktop&#8221; max_width=&#8221;89%&#8221; max_width_tablet=&#8221;80%&#8221; max_width_phone=&#8221;&#8221; max_width_last_edited=&#8221;on|desktop&#8221; min_height=&#8221;202px&#8221; custom_padding=&#8221;12px|||||&#8221; make_fullwidth=&#8221;on&#8221; global_colors_info=&#8221;{}&#8221;][et_pb_column type=&#8221;4_4&#8243; _builder_version=&#8221;4.16&#8243; custom_padding=&#8221;|||&#8221; global_colors_info=&#8221;{}&#8221; custom_padding__hover=&#8221;|||&#8221;][\/et_pb_column][\/et_pb_row][\/et_pb_section][et_pb_section fb_built=&#8221;1&#8243; module_class=&#8221;sisaltoalue_perus&#8221; _builder_version=&#8221;4.25.2&#8243; background_size=&#8221;initial&#8221; background_position=&#8221;top_left&#8221; background_repeat=&#8221;repeat&#8221; min_height=&#8221;331.8px&#8221; global_colors_info=&#8221;{}&#8221;][et_pb_row custom_padding_last_edited=&#8221;on|phone&#8221; _builder_version=&#8221;4.16&#8243; custom_padding_tablet=&#8221;&#8221; custom_padding_phone=&#8221;&#8221; global_colors_info=&#8221;{}&#8221;][et_pb_column type=&#8221;4_4&#8243; _builder_version=&#8221;4.16&#8243; custom_padding=&#8221;|||&#8221; global_colors_info=&#8221;{}&#8221; custom_padding__hover=&#8221;|||&#8221;][et_pb_text _builder_version=&#8221;4.27.4&#8243; hover_enabled=&#8221;0&#8243; z_index_tablet=&#8221;500&#8243; text_text_shadow_horizontal_length_tablet=&#8221;0px&#8221; text_text_shadow_vertical_length_tablet=&#8221;0px&#8221; text_text_shadow_blur_strength_tablet=&#8221;1px&#8221; link_text_shadow_horizontal_length_tablet=&#8221;0px&#8221; link_text_shadow_vertical_length_tablet=&#8221;0px&#8221; link_text_shadow_blur_strength_tablet=&#8221;1px&#8221; ul_text_shadow_horizontal_length_tablet=&#8221;0px&#8221; ul_text_shadow_vertical_length_tablet=&#8221;0px&#8221; ul_text_shadow_blur_strength_tablet=&#8221;1px&#8221; ol_text_shadow_horizontal_length_tablet=&#8221;0px&#8221; ol_text_shadow_vertical_length_tablet=&#8221;0px&#8221; ol_text_shadow_blur_strength_tablet=&#8221;1px&#8221; quote_text_shadow_horizontal_length_tablet=&#8221;0px&#8221; quote_text_shadow_vertical_length_tablet=&#8221;0px&#8221; quote_text_shadow_blur_strength_tablet=&#8221;1px&#8221; header_text_shadow_horizontal_length_tablet=&#8221;0px&#8221; header_text_shadow_vertical_length_tablet=&#8221;0px&#8221; header_text_shadow_blur_strength_tablet=&#8221;1px&#8221; header_2_text_shadow_horizontal_length_tablet=&#8221;0px&#8221; header_2_text_shadow_vertical_length_tablet=&#8221;0px&#8221; header_2_text_shadow_blur_strength_tablet=&#8221;1px&#8221; header_3_text_shadow_horizontal_length_tablet=&#8221;0px&#8221; header_3_text_shadow_vertical_length_tablet=&#8221;0px&#8221; header_3_text_shadow_blur_strength_tablet=&#8221;1px&#8221; header_4_text_shadow_horizontal_length_tablet=&#8221;0px&#8221; header_4_text_shadow_vertical_length_tablet=&#8221;0px&#8221; header_4_text_shadow_blur_strength_tablet=&#8221;1px&#8221; header_5_text_shadow_horizontal_length_tablet=&#8221;0px&#8221; header_5_text_shadow_vertical_length_tablet=&#8221;0px&#8221; header_5_text_shadow_blur_strength_tablet=&#8221;1px&#8221; header_6_text_shadow_horizontal_length_tablet=&#8221;0px&#8221; header_6_text_shadow_vertical_length_tablet=&#8221;0px&#8221; header_6_text_shadow_blur_strength_tablet=&#8221;1px&#8221; box_shadow_horizontal_tablet=&#8221;0px&#8221; box_shadow_vertical_tablet=&#8221;0px&#8221; box_shadow_blur_tablet=&#8221;40px&#8221; box_shadow_spread_tablet=&#8221;0px&#8221; global_colors_info=&#8221;{}&#8221; sticky_enabled=&#8221;0&#8243;]<\/p>\n<p>Rotary Internationalin keulahahmo on vuosittain vaihtuva presidentti ja h\u00e4n valitsee omalle toimintavuodelleen 1.7.-30.6. sopivaksi katsomansa teeman.<\/p>\n<p>Rotaryvuonna 2025-2026 RI:n presidenttin\u00e4 toimii <span class=\"qu\" role=\"gridcell\"><span class=\"gD\" data-hovercard-id=\"rotarysupportcenter@msgfocus.rotary.org\" data-hovercard-owner-id=\"19\">Francesco Arezzo, Ragusa Rotary Club, Italy, teemana <a href=\"https:\/\/brandcenter.rotary.org\/en-us\/our-brand\/brand-elements\/voice-and-messaging\/annual-ri-presidential-message\" target=\"_blank\" rel=\"noopener\">Unite for good<\/a>.<\/span><\/span><\/p>\n<p><a href=\"https:\/\/my.rotary.org\/en\/news-media\/office-president\/presidential-theme\" target=\"_blank\" rel=\"noopener\">T\u00e4\u00e4lt\u00e4<\/a> l\u00f6yd\u00e4t ohjeet teemalogon ja muiden materiaalien k\u00e4yt\u00f6st\u00e4.<\/p>\n<p>&nbsp;<\/p>\n<p>[\/et_pb_text][et_pb_heading title=&#8221;Rotaryvuoden 2026-2027 teemalogot&#8221; _builder_version=&#8221;4.27.4&#8243; _module_preset=&#8221;default&#8221; global_colors_info=&#8221;{}&#8221;][\/et_pb_heading][et_pb_image src=&#8221;https:\/\/rotary.fi\/d1410\/wp-content\/uploads\/sites\/215\/2026\/02\/d1410-cli-lockup.png&#8221; title_text=&#8221;D1410-CLI-lockup&#8221; _builder_version=&#8221;4.27.4&#8243; _module_preset=&#8221;default&#8221; global_colors_info=&#8221;{}&#8221;][\/et_pb_image][et_pb_text _builder_version=&#8221;4.27.4&#8243; _module_preset=&#8221;default&#8221; hover_enabled=&#8221;0&#8243; global_colors_info=&#8221;{}&#8221; sticky_enabled=&#8221;0&#8243;]<\/p>\n<p>Rotaryvuonna 2026-2027 RI:n presidenttin\u00e4 toimii <strong>Olayinka H. Babalola<\/strong>, jolla<span class=\"qu\" role=\"gridcell\"><span class=\"gD\" data-hovercard-id=\"rotarysupportcenter@msgfocus.rotary.org\" data-hovercard-owner-id=\"19\"> teemana on <strong>Create lasting impact<\/strong>.<\/span><\/span><\/p>\n<p>Ota logot k\u00e4ytt\u00f6\u00f6n 1.7. alkaen. <a href=\"https:\/\/brandcenter.rotary.org\/en-us\/our-brand\/brand-elements\/voice-and-messaging\/2026-27-ri-presidential-message\" target=\"_blank\" rel=\"noopener\">T\u00e4\u00e4lt\u00e4<\/a>\u00a0l\u00f6yd\u00e4t ohjeet teemalogon ja muiden materiaalien k\u00e4yt\u00f6st\u00e4.<\/p>\n<p>[\/et_pb_text][\/et_pb_column][\/et_pb_row][et_pb_row column_structure=&#8221;1_5,1_5,1_5,1_5,1_5&#8243; _builder_version=&#8221;4.27.4&#8243; _module_preset=&#8221;default&#8221; global_colors_info=&#8221;{}&#8221;][et_pb_column type=&#8221;1_5&#8243; _builder_version=&#8221;4.27.4&#8243; _module_preset=&#8221;default&#8221; global_colors_info=&#8221;{}&#8221;][et_pb_image src=&#8221;https:\/\/rotary.fi\/d1410\/wp-content\/uploads\/sites\/215\/2026\/02\/pm2627-bc-social-rotary-azure-1080&#215;1080-en-us.png&#8221; title_text=&#8221;PM2627-BC-SOCIAL-ROTARY-AZURE-1080&#215;1080-EN-US&#8221; _builder_version=&#8221;4.27.4&#8243; _module_preset=&#8221;default&#8221; width=&#8221;100%&#8221; global_colors_info=&#8221;{}&#8221;][\/et_pb_image][\/et_pb_column][et_pb_column type=&#8221;1_5&#8243; _builder_version=&#8221;4.27.4&#8243; _module_preset=&#8221;default&#8221; global_colors_info=&#8221;{}&#8221;][et_pb_image src=&#8221;https:\/\/rotary.fi\/d1410\/wp-content\/uploads\/sites\/215\/2026\/02\/pm2627-bc-social-rotary-skyblue-1080&#215;1080-en-us.png&#8221; title_text=&#8221;PM2627-BC-SOCIAL-ROTARY-SKYBLUE-1080&#215;1080-EN-US&#8221; _builder_version=&#8221;4.27.4&#8243; _module_preset=&#8221;default&#8221; global_colors_info=&#8221;{}&#8221;][\/et_pb_image][\/et_pb_column][et_pb_column type=&#8221;1_5&#8243; _builder_version=&#8221;4.27.4&#8243; _module_preset=&#8221;default&#8221; global_colors_info=&#8221;{}&#8221;][et_pb_image src=&#8221;https:\/\/rotary.fi\/d1410\/wp-content\/uploads\/sites\/215\/2026\/02\/pm2627-bc-social-rotary-white-1080&#215;1080-en-us.png&#8221; title_text=&#8221;PM2627-BC-SOCIAL-ROTARY-WHITE-1080&#215;1080-EN-US&#8221; _builder_version=&#8221;4.27.4&#8243; _module_preset=&#8221;default&#8221; global_colors_info=&#8221;{}&#8221;][\/et_pb_image][\/et_pb_column][et_pb_column type=&#8221;1_5&#8243; _builder_version=&#8221;4.27.4&#8243; _module_preset=&#8221;default&#8221; global_colors_info=&#8221;{}&#8221;][et_pb_image src=&#8221;https:\/\/rotary.fi\/d1410\/wp-content\/uploads\/sites\/215\/2026\/02\/pm2627-bc-webbanner-azure-1600&#215;400-en-us.png&#8221; title_text=&#8221;PM2627-BC-WEBBANNER-AZURE-1600&#215;400-EN-US&#8221; _builder_version=&#8221;4.27.4&#8243; _module_preset=&#8221;default&#8221; global_colors_info=&#8221;{}&#8221;][\/et_pb_image][\/et_pb_column][et_pb_column type=&#8221;1_5&#8243; _builder_version=&#8221;4.27.4&#8243; _module_preset=&#8221;default&#8221; global_colors_info=&#8221;{}&#8221;][et_pb_image src=&#8221;https:\/\/rotary.fi\/d1410\/wp-content\/uploads\/sites\/215\/2026\/02\/pm2627-bc-webbanner-gold-1600&#215;400-en-us.png&#8221; title_text=&#8221;PM2627-BC-WEBBANNER-GOLD-1600&#215;400-EN-US&#8221; _builder_version=&#8221;4.27.4&#8243; _module_preset=&#8221;default&#8221; global_colors_info=&#8221;{}&#8221;][\/et_pb_image][\/et_pb_column][\/et_pb_row][\/et_pb_section]<\/p>\n","protected":false},"excerpt":{"rendered":"<p>Rotary Internationalin keulahahmo on vuosittain vaihtuva presidentti ja h\u00e4n valitsee omalle toimintavuodelleen 1.7.-30.6. sopivaksi katsomansa teeman. Rotaryvuonna 2025-2026 RI:n presidenttin\u00e4 toimii Francesco Arezzo, Ragusa Rotary Club, Italy, teemana Unite for good. T\u00e4\u00e4lt\u00e4 l\u00f6yd\u00e4t ohjeet teemalogon ja muiden materiaalien k\u00e4yt\u00f6st\u00e4. &nbsp;Rotaryvuonna 2026-2027 RI:n presidenttin\u00e4 toimii Olayinka H. Babalola, jolla teemana on Create lasting impact. Ota logot [&hellip;]<\/p>\n","protected":false},"author":384,"featured_media":0,"parent":0,"menu_order":0,"comment_status":"closed","ping_status":"closed","template":"","meta":{"_acf_changed":false,"_et_pb_use_builder":"on","_et_pb_old_content":"","_et_gb_content_width":"","footnotes":""},"class_list":["post-3953","page","type-page","status-publish","hentry"],"acf":[],"yoast_head":"<!-- This site is optimized with the Yoast SEO plugin v27.0 - https:\/\/yoast.com\/product\/yoast-seo-wordpress\/ -->\n<title>Rotary vuositeema - Piiri 1410<\/title>\n<meta name=\"robots\" content=\"index, follow, max-snippet:-1, max-image-preview:large, max-video-preview:-1\" \/>\n<link rel=\"canonical\" href=\"https:\/\/rotary.fi\/d1410\/rotary-vuositeema\/\" \/>\n<meta property=\"og:locale\" content=\"fi_FI\" \/>\n<meta property=\"og:type\" content=\"article\" \/>\n<meta property=\"og:title\" content=\"Rotary vuositeema - Piiri 1410\" \/>\n<meta property=\"og:description\" content=\"Rotary Internationalin keulahahmo on vuosittain vaihtuva presidentti ja h\u00e4n valitsee omalle toimintavuodelleen 1.7.-30.6. sopivaksi katsomansa teeman. Rotaryvuonna 2025-2026 RI:n presidenttin\u00e4 toimii Francesco Arezzo, Ragusa Rotary Club, Italy, teemana Unite for good. T\u00e4\u00e4lt\u00e4 l\u00f6yd\u00e4t ohjeet teemalogon ja muiden materiaalien k\u00e4yt\u00f6st\u00e4. &nbsp;Rotaryvuonna 2026-2027 RI:n presidenttin\u00e4 toimii Olayinka H. Babalola, jolla teemana on Create lasting impact. Ota logot [&hellip;]\" \/>\n<meta property=\"og:url\" content=\"https:\/\/rotary.fi\/d1410\/rotary-vuositeema\/\" \/>\n<meta property=\"og:site_name\" content=\"Piiri 1410\" \/>\n<meta property=\"article:publisher\" content=\"https:\/\/www.facebook.com\/rotary\/\" \/>\n<meta property=\"article:modified_time\" content=\"2026-02-07T16:56:55+00:00\" \/>\n<meta name=\"twitter:card\" content=\"summary_large_image\" \/>\n<meta name=\"twitter:label1\" content=\"Arvioitu lukuaika\" \/>\n\t<meta name=\"twitter:data1\" content=\"2 minuuttia\" \/>\n<script type=\"application\/ld+json\" class=\"yoast-schema-graph\">{\"@context\":\"https:\/\/schema.org\",\"@graph\":[{\"@type\":\"WebPage\",\"@id\":\"https:\/\/rotary.fi\/d1410\/rotary-vuositeema\/\",\"url\":\"https:\/\/rotary.fi\/d1410\/rotary-vuositeema\/\",\"name\":\"Rotary vuositeema - Piiri 1410\",\"isPartOf\":{\"@id\":\"https:\/\/rotary.fi\/d1410\/#website\"},\"datePublished\":\"2021-08-18T08:52:34+00:00\",\"dateModified\":\"2026-02-07T16:56:55+00:00\",\"breadcrumb\":{\"@id\":\"https:\/\/rotary.fi\/d1410\/rotary-vuositeema\/#breadcrumb\"},\"inLanguage\":\"fi\",\"potentialAction\":[{\"@type\":\"ReadAction\",\"target\":[\"https:\/\/rotary.fi\/d1410\/rotary-vuositeema\/\"]}]},{\"@type\":\"BreadcrumbList\",\"@id\":\"https:\/\/rotary.fi\/d1410\/rotary-vuositeema\/#breadcrumb\",\"itemListElement\":[{\"@type\":\"ListItem\",\"position\":1,\"name\":\"Home\",\"item\":\"https:\/\/rotary.fi\/d1410\/\"},{\"@type\":\"ListItem\",\"position\":2,\"name\":\"Rotary vuositeema\"}]},{\"@type\":\"WebSite\",\"@id\":\"https:\/\/rotary.fi\/d1410\/#website\",\"url\":\"https:\/\/rotary.fi\/d1410\/\",\"name\":\"Piiri 1410\",\"description\":\"Suomen Rotary\",\"potentialAction\":[{\"@type\":\"SearchAction\",\"target\":{\"@type\":\"EntryPoint\",\"urlTemplate\":\"https:\/\/rotary.fi\/d1410\/?s={search_term_string}\"},\"query-input\":{\"@type\":\"PropertyValueSpecification\",\"valueRequired\":true,\"valueName\":\"search_term_string\"}}],\"inLanguage\":\"fi\"}]}<\/script>\n<!-- \/ Yoast SEO plugin. -->","yoast_head_json":{"title":"Rotary vuositeema - Piiri 1410","robots":{"index":"index","follow":"follow","max-snippet":"max-snippet:-1","max-image-preview":"max-image-preview:large","max-video-preview":"max-video-preview:-1"},"canonical":"https:\/\/rotary.fi\/d1410\/rotary-vuositeema\/","og_locale":"fi_FI","og_type":"article","og_title":"Rotary vuositeema - Piiri 1410","og_description":"Rotary Internationalin keulahahmo on vuosittain vaihtuva presidentti ja h\u00e4n valitsee omalle toimintavuodelleen 1.7.-30.6. sopivaksi katsomansa teeman. Rotaryvuonna 2025-2026 RI:n presidenttin\u00e4 toimii Francesco Arezzo, Ragusa Rotary Club, Italy, teemana Unite for good. T\u00e4\u00e4lt\u00e4 l\u00f6yd\u00e4t ohjeet teemalogon ja muiden materiaalien k\u00e4yt\u00f6st\u00e4. &nbsp;Rotaryvuonna 2026-2027 RI:n presidenttin\u00e4 toimii Olayinka H. Babalola, jolla teemana on Create lasting impact. Ota logot [&hellip;]","og_url":"https:\/\/rotary.fi\/d1410\/rotary-vuositeema\/","og_site_name":"Piiri 1410","article_publisher":"https:\/\/www.facebook.com\/rotary\/","article_modified_time":"2026-02-07T16:56:55+00:00","twitter_card":"summary_large_image","twitter_misc":{"Arvioitu lukuaika":"2 minuuttia"},"schema":{"@context":"https:\/\/schema.org","@graph":[{"@type":"WebPage","@id":"https:\/\/rotary.fi\/d1410\/rotary-vuositeema\/","url":"https:\/\/rotary.fi\/d1410\/rotary-vuositeema\/","name":"Rotary vuositeema - Piiri 1410","isPartOf":{"@id":"https:\/\/rotary.fi\/d1410\/#website"},"datePublished":"2021-08-18T08:52:34+00:00","dateModified":"2026-02-07T16:56:55+00:00","breadcrumb":{"@id":"https:\/\/rotary.fi\/d1410\/rotary-vuositeema\/#breadcrumb"},"inLanguage":"fi","potentialAction":[{"@type":"ReadAction","target":["https:\/\/rotary.fi\/d1410\/rotary-vuositeema\/"]}]},{"@type":"BreadcrumbList","@id":"https:\/\/rotary.fi\/d1410\/rotary-vuositeema\/#breadcrumb","itemListElement":[{"@type":"ListItem","position":1,"name":"Home","item":"https:\/\/rotary.fi\/d1410\/"},{"@type":"ListItem","position":2,"name":"Rotary vuositeema"}]},{"@type":"WebSite","@id":"https:\/\/rotary.fi\/d1410\/#website","url":"https:\/\/rotary.fi\/d1410\/","name":"Piiri 1410","description":"Suomen Rotary","potentialAction":[{"@type":"SearchAction","target":{"@type":"EntryPoint","urlTemplate":"https:\/\/rotary.fi\/d1410\/?s={search_term_string}"},"query-input":{"@type":"PropertyValueSpecification","valueRequired":true,"valueName":"search_term_string"}}],"inLanguage":"fi"}]}},"lang":"fi","translations":{"fi":3953,"sv":4002},"pll_sync_post":[],"_links":{"self":[{"href":"https:\/\/rotary.fi\/d1410\/wp-json\/wp\/v2\/pages\/3953","targetHints":{"allow":["GET"]}}],"collection":[{"href":"https:\/\/rotary.fi\/d1410\/wp-json\/wp\/v2\/pages"}],"about":[{"href":"https:\/\/rotary.fi\/d1410\/wp-json\/wp\/v2\/types\/page"}],"author":[{"embeddable":true,"href":"https:\/\/rotary.fi\/d1410\/wp-json\/wp\/v2\/users\/384"}],"replies":[{"embeddable":true,"href":"https:\/\/rotary.fi\/d1410\/wp-json\/wp\/v2\/comments?post=3953"}],"version-history":[{"count":9,"href":"https:\/\/rotary.fi\/d1410\/wp-json\/wp\/v2\/pages\/3953\/revisions"}],"predecessor-version":[{"id":9230,"href":"https:\/\/rotary.fi\/d1410\/wp-json\/wp\/v2\/pages\/3953\/revisions\/9230"}],"wp:attachment":[{"href":"https:\/\/rotary.fi\/d1410\/wp-json\/wp\/v2\/media?parent=3953"}],"curies":[{"name":"wp","href":"https:\/\/api.w.org\/{rel}","templated":true}]}}