{"id":3936,"date":"2021-08-18T09:10:13","date_gmt":"2021-08-18T07:10:13","guid":{"rendered":"https:\/\/rotary.fi\/d1410\/?page_id=3936"},"modified":"2025-06-10T10:08:48","modified_gmt":"2025-06-10T08:08:48","slug":"rauha","status":"publish","type":"page","link":"https:\/\/rotary.fi\/d1410\/rauha\/","title":{"rendered":"Rauha"},"content":{"rendered":"<p>[et_pb_section fb_built=&#8221;1&#8243; admin_label=&#8221;Rauhakuva&#8221; module_class=&#8221;jumbotron-page&#8221; _builder_version=&#8221;4.16&#8243; background_image=&#8221;https:\/\/rotary.fi\/d1410\/wp-content\/uploads\/sites\/215\/2021\/07\/putsaari7-2.jpg&#8221; global_colors_info=&#8221;{}&#8221;][et_pb_row module_class=&#8221; et_pb_row_fullwidth et_pb_row_fullwidth&#8221; _builder_version=&#8221;4.16&#8243; width=&#8221;89%&#8221; width_tablet=&#8221;80%&#8221; width_phone=&#8221;&#8221; width_last_edited=&#8221;on|desktop&#8221; max_width=&#8221;89%&#8221; max_width_tablet=&#8221;80%&#8221; max_width_phone=&#8221;&#8221; max_width_last_edited=&#8221;on|desktop&#8221; make_fullwidth=&#8221;on&#8221; global_colors_info=&#8221;{}&#8221;][et_pb_column type=&#8221;4_4&#8243; _builder_version=&#8221;4.16&#8243; custom_padding=&#8221;|||&#8221; global_colors_info=&#8221;{}&#8221; custom_padding__hover=&#8221;|||&#8221;][et_pb_text admin_label=&#8221;Rauha -otsikko&#8221; _builder_version=&#8221;4.16&#8243; text_orientation=&#8221;center&#8221; background_layout=&#8221;dark&#8221; z_index_tablet=&#8221;500&#8243; text_text_shadow_horizontal_length_tablet=&#8221;0px&#8221; text_text_shadow_vertical_length_tablet=&#8221;0px&#8221; text_text_shadow_blur_strength_tablet=&#8221;1px&#8221; link_text_shadow_horizontal_length_tablet=&#8221;0px&#8221; link_text_shadow_vertical_length_tablet=&#8221;0px&#8221; link_text_shadow_blur_strength_tablet=&#8221;1px&#8221; ul_text_shadow_horizontal_length_tablet=&#8221;0px&#8221; ul_text_shadow_vertical_length_tablet=&#8221;0px&#8221; ul_text_shadow_blur_strength_tablet=&#8221;1px&#8221; ol_text_shadow_horizontal_length_tablet=&#8221;0px&#8221; ol_text_shadow_vertical_length_tablet=&#8221;0px&#8221; ol_text_shadow_blur_strength_tablet=&#8221;1px&#8221; quote_text_shadow_horizontal_length_tablet=&#8221;0px&#8221; quote_text_shadow_vertical_length_tablet=&#8221;0px&#8221; quote_text_shadow_blur_strength_tablet=&#8221;1px&#8221; header_text_shadow_horizontal_length_tablet=&#8221;0px&#8221; header_text_shadow_vertical_length_tablet=&#8221;0px&#8221; header_text_shadow_blur_strength_tablet=&#8221;1px&#8221; header_2_text_shadow_horizontal_length_tablet=&#8221;0px&#8221; header_2_text_shadow_vertical_length_tablet=&#8221;0px&#8221; header_2_text_shadow_blur_strength_tablet=&#8221;1px&#8221; header_3_text_shadow_horizontal_length_tablet=&#8221;0px&#8221; header_3_text_shadow_vertical_length_tablet=&#8221;0px&#8221; header_3_text_shadow_blur_strength_tablet=&#8221;1px&#8221; header_4_text_shadow_horizontal_length_tablet=&#8221;0px&#8221; header_4_text_shadow_vertical_length_tablet=&#8221;0px&#8221; header_4_text_shadow_blur_strength_tablet=&#8221;1px&#8221; header_5_text_shadow_horizontal_length_tablet=&#8221;0px&#8221; header_5_text_shadow_vertical_length_tablet=&#8221;0px&#8221; header_5_text_shadow_blur_strength_tablet=&#8221;1px&#8221; header_6_text_shadow_horizontal_length_tablet=&#8221;0px&#8221; header_6_text_shadow_vertical_length_tablet=&#8221;0px&#8221; header_6_text_shadow_blur_strength_tablet=&#8221;1px&#8221; box_shadow_horizontal_tablet=&#8221;0px&#8221; box_shadow_vertical_tablet=&#8221;0px&#8221; box_shadow_blur_tablet=&#8221;40px&#8221; box_shadow_spread_tablet=&#8221;0px&#8221; global_colors_info=&#8221;{}&#8221;]<\/p>\n<h1>Rauhanty\u00f6<\/h1>\n<p>[\/et_pb_text][\/et_pb_column][\/et_pb_row][\/et_pb_section][et_pb_section fb_built=&#8221;1&#8243; module_class=&#8221;sisaltoalue_perus&#8221; _builder_version=&#8221;4.16&#8243; background_size=&#8221;initial&#8221; background_position=&#8221;top_left&#8221; background_repeat=&#8221;repeat&#8221; global_colors_info=&#8221;{}&#8221;][et_pb_row custom_padding_last_edited=&#8221;on|phone&#8221; _builder_version=&#8221;4.16&#8243; custom_padding_tablet=&#8221;&#8221; custom_padding_phone=&#8221;&#8221; global_colors_info=&#8221;{}&#8221;][et_pb_column type=&#8221;4_4&#8243; _builder_version=&#8221;4.16&#8243; custom_padding=&#8221;|||&#8221; global_colors_info=&#8221;{}&#8221; custom_padding__hover=&#8221;|||&#8221;][et_pb_text _builder_version=&#8221;4.27.4&#8243; hover_enabled=&#8221;0&#8243; z_index_tablet=&#8221;500&#8243; text_text_shadow_horizontal_length_tablet=&#8221;0px&#8221; text_text_shadow_vertical_length_tablet=&#8221;0px&#8221; text_text_shadow_blur_strength_tablet=&#8221;1px&#8221; link_text_shadow_horizontal_length_tablet=&#8221;0px&#8221; link_text_shadow_vertical_length_tablet=&#8221;0px&#8221; link_text_shadow_blur_strength_tablet=&#8221;1px&#8221; ul_text_shadow_horizontal_length_tablet=&#8221;0px&#8221; ul_text_shadow_vertical_length_tablet=&#8221;0px&#8221; ul_text_shadow_blur_strength_tablet=&#8221;1px&#8221; ol_text_shadow_horizontal_length_tablet=&#8221;0px&#8221; ol_text_shadow_vertical_length_tablet=&#8221;0px&#8221; ol_text_shadow_blur_strength_tablet=&#8221;1px&#8221; quote_text_shadow_horizontal_length_tablet=&#8221;0px&#8221; quote_text_shadow_vertical_length_tablet=&#8221;0px&#8221; quote_text_shadow_blur_strength_tablet=&#8221;1px&#8221; header_text_shadow_horizontal_length_tablet=&#8221;0px&#8221; header_text_shadow_vertical_length_tablet=&#8221;0px&#8221; header_text_shadow_blur_strength_tablet=&#8221;1px&#8221; header_2_text_shadow_horizontal_length_tablet=&#8221;0px&#8221; header_2_text_shadow_vertical_length_tablet=&#8221;0px&#8221; header_2_text_shadow_blur_strength_tablet=&#8221;1px&#8221; header_3_text_shadow_horizontal_length_tablet=&#8221;0px&#8221; header_3_text_shadow_vertical_length_tablet=&#8221;0px&#8221; header_3_text_shadow_blur_strength_tablet=&#8221;1px&#8221; header_4_text_shadow_horizontal_length_tablet=&#8221;0px&#8221; header_4_text_shadow_vertical_length_tablet=&#8221;0px&#8221; header_4_text_shadow_blur_strength_tablet=&#8221;1px&#8221; header_5_text_shadow_horizontal_length_tablet=&#8221;0px&#8221; header_5_text_shadow_vertical_length_tablet=&#8221;0px&#8221; header_5_text_shadow_blur_strength_tablet=&#8221;1px&#8221; header_6_text_shadow_horizontal_length_tablet=&#8221;0px&#8221; header_6_text_shadow_vertical_length_tablet=&#8221;0px&#8221; header_6_text_shadow_blur_strength_tablet=&#8221;1px&#8221; box_shadow_horizontal_tablet=&#8221;0px&#8221; box_shadow_vertical_tablet=&#8221;0px&#8221; box_shadow_blur_tablet=&#8221;40px&#8221; box_shadow_spread_tablet=&#8221;0px&#8221; global_colors_info=&#8221;{}&#8221; sticky_enabled=&#8221;0&#8243;]<\/p>\n<p>Piiri 1410 on kev\u00e4\u00e4st\u00e4 2017 alkaen panostanut kansainv\u00e4liseen rauhanty\u00f6h\u00f6n. Joka vuosi piiri rekrytoi ymp\u00e4ri Suomea henkil\u00f6it\u00e4 ohjatakseen heit\u00e4 hakemaan Rotary Peace Fellow -stipendej\u00e4 Rotarys\u00e4\u00e4ti\u00f6lt\u00e4. Stipendiaatit p\u00e4\u00e4sev\u00e4t opiskelemaan joko kaksivuotista maisterintutkintoa tai yksivuotista ammatillista t\u00e4ydennyskoulutusta seitsem\u00e4ss\u00e4 Rotary Peace Centeriss\u00e4. L\u00e4hin n\u00e4ist\u00e4 Peace Centereist\u00e4 on Ruotsissa Uppsalan yliopistossa. Muut ovat yliopistoissa Englannissa, Yhdysvalloissa, Australiassa, Japanissa, Thaimaassa ja Ugandassa.<\/p>\n<p>Joka vuosi piirimme on onnistunut saamaan 1-2 stipendiaattia n\u00e4ihin yliopistoihin opiskelemaan rauhan edist\u00e4mist\u00e4 ja konfliktin ratkaisua. Suomalaisten hakijoiden lis\u00e4ksi voi piirimme kautta hakea rauhanstipendi\u00e4 maista, joissa ei ole rotarytoimintaa tai jotka eiv\u00e4t tue Rotaryn rauhankoulutusta.<\/p>\n<p>Piirimme on Euroopan ainoa piiri, joka on saanut Rotarys\u00e4\u00e4ti\u00f6lt\u00e4 Peacebuilder District -tunnustuksen. Jokainen piirin rotari lahjoitti ns. Rauhan kympin vuonna 2019 Rotarys\u00e4\u00e4ti\u00f6lle. Ker\u00e4tty 25.000 USD:n lahjoitus kohdennettiin Rotary Peace Centerien tukemiseen.<\/p>\n<p>Lis\u00e4tietoja District Rotary Peace Fellowship Subcommittee Chair <strong>Jari Seikkula<\/strong>, Salo. Puh.\u00a0+358 400 690 707. E-mail: rusadv@me.com<\/p>\n<p><img loading=\"lazy\" decoding=\"async\" class=\"wp-image-3939 size-medium aligncenter\" src=\"https:\/\/rotary.fi\/d1410\/wp-content\/uploads\/sites\/215\/2021\/08\/rauha-300x151.png\" alt=\"\" width=\"300\" height=\"151\" \/><\/p>\n<p>[\/et_pb_text][\/et_pb_column][\/et_pb_row][\/et_pb_section]<\/p>\n","protected":false},"excerpt":{"rendered":"<p>Rauhanty\u00f6 Piiri 1410 on kev\u00e4\u00e4st\u00e4 2017 alkaen panostanut kansainv\u00e4liseen rauhanty\u00f6h\u00f6n. Joka vuosi piiri rekrytoi ymp\u00e4ri Suomea henkil\u00f6it\u00e4 ohjatakseen heit\u00e4 hakemaan Rotary Peace Fellow -stipendej\u00e4 Rotarys\u00e4\u00e4ti\u00f6lt\u00e4. Stipendiaatit p\u00e4\u00e4sev\u00e4t opiskelemaan joko kaksivuotista maisterintutkintoa tai yksivuotista ammatillista t\u00e4ydennyskoulutusta seitsem\u00e4ss\u00e4 Rotary Peace Centeriss\u00e4. L\u00e4hin n\u00e4ist\u00e4 Peace Centereist\u00e4 on Ruotsissa Uppsalan yliopistossa. Muut ovat yliopistoissa Englannissa, Yhdysvalloissa, Australiassa, Japanissa, Thaimaassa [&hellip;]<\/p>\n","protected":false},"author":384,"featured_media":0,"parent":0,"menu_order":0,"comment_status":"closed","ping_status":"closed","template":"","meta":{"_acf_changed":false,"_et_pb_use_builder":"on","_et_pb_old_content":"","_et_gb_content_width":"","footnotes":""},"class_list":["post-3936","page","type-page","status-publish","hentry"],"acf":[],"yoast_head":"<!-- This site is optimized with the Yoast SEO plugin v27.4 - https:\/\/yoast.com\/product\/yoast-seo-wordpress\/ -->\n<title>Rauha - Piiri 1410<\/title>\n<meta name=\"robots\" content=\"index, follow, max-snippet:-1, max-image-preview:large, max-video-preview:-1\" \/>\n<link rel=\"canonical\" href=\"https:\/\/rotary.fi\/d1410\/rauha\/\" \/>\n<meta property=\"og:locale\" content=\"fi_FI\" \/>\n<meta property=\"og:type\" content=\"article\" \/>\n<meta property=\"og:title\" content=\"Rauha - Piiri 1410\" \/>\n<meta property=\"og:description\" content=\"Rauhanty\u00f6 Piiri 1410 on kev\u00e4\u00e4st\u00e4 2017 alkaen panostanut kansainv\u00e4liseen rauhanty\u00f6h\u00f6n. Joka vuosi piiri rekrytoi ymp\u00e4ri Suomea henkil\u00f6it\u00e4 ohjatakseen heit\u00e4 hakemaan Rotary Peace Fellow -stipendej\u00e4 Rotarys\u00e4\u00e4ti\u00f6lt\u00e4. Stipendiaatit p\u00e4\u00e4sev\u00e4t opiskelemaan joko kaksivuotista maisterintutkintoa tai yksivuotista ammatillista t\u00e4ydennyskoulutusta seitsem\u00e4ss\u00e4 Rotary Peace Centeriss\u00e4. L\u00e4hin n\u00e4ist\u00e4 Peace Centereist\u00e4 on Ruotsissa Uppsalan yliopistossa. Muut ovat yliopistoissa Englannissa, Yhdysvalloissa, Australiassa, Japanissa, Thaimaassa [&hellip;]\" \/>\n<meta property=\"og:url\" content=\"https:\/\/rotary.fi\/d1410\/rauha\/\" \/>\n<meta property=\"og:site_name\" content=\"Piiri 1410\" \/>\n<meta property=\"article:publisher\" content=\"https:\/\/www.facebook.com\/rotary\/\" \/>\n<meta property=\"article:modified_time\" content=\"2025-06-10T08:08:48+00:00\" \/>\n<meta property=\"og:image\" content=\"https:\/\/rotary.fi\/d1410\/wp-content\/uploads\/sites\/215\/2021\/08\/rauha.png\" \/>\n\t<meta property=\"og:image:width\" content=\"636\" \/>\n\t<meta property=\"og:image:height\" content=\"320\" \/>\n\t<meta property=\"og:image:type\" content=\"image\/png\" \/>\n<meta name=\"twitter:card\" content=\"summary_large_image\" \/>\n<meta name=\"twitter:label1\" content=\"Arvioitu lukuaika\" \/>\n\t<meta name=\"twitter:data1\" content=\"2 minuuttia\" \/>\n<script type=\"application\/ld+json\" class=\"yoast-schema-graph\">{\"@context\":\"https:\\\/\\\/schema.org\",\"@graph\":[{\"@type\":\"WebPage\",\"@id\":\"https:\\\/\\\/rotary.fi\\\/d1410\\\/rauha\\\/\",\"url\":\"https:\\\/\\\/rotary.fi\\\/d1410\\\/rauha\\\/\",\"name\":\"Rauha - Piiri 1410\",\"isPartOf\":{\"@id\":\"https:\\\/\\\/rotary.fi\\\/d1410\\\/#website\"},\"primaryImageOfPage\":{\"@id\":\"https:\\\/\\\/rotary.fi\\\/d1410\\\/rauha\\\/#primaryimage\"},\"image\":{\"@id\":\"https:\\\/\\\/rotary.fi\\\/d1410\\\/rauha\\\/#primaryimage\"},\"thumbnailUrl\":\"https:\\\/\\\/rotary.fi\\\/d1410\\\/wp-content\\\/uploads\\\/sites\\\/215\\\/2021\\\/08\\\/rauha-300x151.png\",\"datePublished\":\"2021-08-18T07:10:13+00:00\",\"dateModified\":\"2025-06-10T08:08:48+00:00\",\"breadcrumb\":{\"@id\":\"https:\\\/\\\/rotary.fi\\\/d1410\\\/rauha\\\/#breadcrumb\"},\"inLanguage\":\"fi\",\"potentialAction\":[{\"@type\":\"ReadAction\",\"target\":[\"https:\\\/\\\/rotary.fi\\\/d1410\\\/rauha\\\/\"]}]},{\"@type\":\"ImageObject\",\"inLanguage\":\"fi\",\"@id\":\"https:\\\/\\\/rotary.fi\\\/d1410\\\/rauha\\\/#primaryimage\",\"url\":\"https:\\\/\\\/rotary.fi\\\/d1410\\\/wp-content\\\/uploads\\\/sites\\\/215\\\/2021\\\/08\\\/rauha.png\",\"contentUrl\":\"https:\\\/\\\/rotary.fi\\\/d1410\\\/wp-content\\\/uploads\\\/sites\\\/215\\\/2021\\\/08\\\/rauha.png\",\"width\":636,\"height\":320},{\"@type\":\"BreadcrumbList\",\"@id\":\"https:\\\/\\\/rotary.fi\\\/d1410\\\/rauha\\\/#breadcrumb\",\"itemListElement\":[{\"@type\":\"ListItem\",\"position\":1,\"name\":\"Home\",\"item\":\"https:\\\/\\\/rotary.fi\\\/d1410\\\/\"},{\"@type\":\"ListItem\",\"position\":2,\"name\":\"Rauha\"}]},{\"@type\":\"WebSite\",\"@id\":\"https:\\\/\\\/rotary.fi\\\/d1410\\\/#website\",\"url\":\"https:\\\/\\\/rotary.fi\\\/d1410\\\/\",\"name\":\"Piiri 1410\",\"description\":\"Suomen Rotary\",\"potentialAction\":[{\"@type\":\"SearchAction\",\"target\":{\"@type\":\"EntryPoint\",\"urlTemplate\":\"https:\\\/\\\/rotary.fi\\\/d1410\\\/?s={search_term_string}\"},\"query-input\":{\"@type\":\"PropertyValueSpecification\",\"valueRequired\":true,\"valueName\":\"search_term_string\"}}],\"inLanguage\":\"fi\"}]}<\/script>\n<!-- \/ Yoast SEO plugin. -->","yoast_head_json":{"title":"Rauha - Piiri 1410","robots":{"index":"index","follow":"follow","max-snippet":"max-snippet:-1","max-image-preview":"max-image-preview:large","max-video-preview":"max-video-preview:-1"},"canonical":"https:\/\/rotary.fi\/d1410\/rauha\/","og_locale":"fi_FI","og_type":"article","og_title":"Rauha - Piiri 1410","og_description":"Rauhanty\u00f6 Piiri 1410 on kev\u00e4\u00e4st\u00e4 2017 alkaen panostanut kansainv\u00e4liseen rauhanty\u00f6h\u00f6n. Joka vuosi piiri rekrytoi ymp\u00e4ri Suomea henkil\u00f6it\u00e4 ohjatakseen heit\u00e4 hakemaan Rotary Peace Fellow -stipendej\u00e4 Rotarys\u00e4\u00e4ti\u00f6lt\u00e4. Stipendiaatit p\u00e4\u00e4sev\u00e4t opiskelemaan joko kaksivuotista maisterintutkintoa tai yksivuotista ammatillista t\u00e4ydennyskoulutusta seitsem\u00e4ss\u00e4 Rotary Peace Centeriss\u00e4. L\u00e4hin n\u00e4ist\u00e4 Peace Centereist\u00e4 on Ruotsissa Uppsalan yliopistossa. Muut ovat yliopistoissa Englannissa, Yhdysvalloissa, Australiassa, Japanissa, Thaimaassa [&hellip;]","og_url":"https:\/\/rotary.fi\/d1410\/rauha\/","og_site_name":"Piiri 1410","article_publisher":"https:\/\/www.facebook.com\/rotary\/","article_modified_time":"2025-06-10T08:08:48+00:00","og_image":[{"width":636,"height":320,"url":"https:\/\/rotary.fi\/d1410\/wp-content\/uploads\/sites\/215\/2021\/08\/rauha.png","type":"image\/png"}],"twitter_card":"summary_large_image","twitter_misc":{"Arvioitu lukuaika":"2 minuuttia"},"schema":{"@context":"https:\/\/schema.org","@graph":[{"@type":"WebPage","@id":"https:\/\/rotary.fi\/d1410\/rauha\/","url":"https:\/\/rotary.fi\/d1410\/rauha\/","name":"Rauha - Piiri 1410","isPartOf":{"@id":"https:\/\/rotary.fi\/d1410\/#website"},"primaryImageOfPage":{"@id":"https:\/\/rotary.fi\/d1410\/rauha\/#primaryimage"},"image":{"@id":"https:\/\/rotary.fi\/d1410\/rauha\/#primaryimage"},"thumbnailUrl":"https:\/\/rotary.fi\/d1410\/wp-content\/uploads\/sites\/215\/2021\/08\/rauha-300x151.png","datePublished":"2021-08-18T07:10:13+00:00","dateModified":"2025-06-10T08:08:48+00:00","breadcrumb":{"@id":"https:\/\/rotary.fi\/d1410\/rauha\/#breadcrumb"},"inLanguage":"fi","potentialAction":[{"@type":"ReadAction","target":["https:\/\/rotary.fi\/d1410\/rauha\/"]}]},{"@type":"ImageObject","inLanguage":"fi","@id":"https:\/\/rotary.fi\/d1410\/rauha\/#primaryimage","url":"https:\/\/rotary.fi\/d1410\/wp-content\/uploads\/sites\/215\/2021\/08\/rauha.png","contentUrl":"https:\/\/rotary.fi\/d1410\/wp-content\/uploads\/sites\/215\/2021\/08\/rauha.png","width":636,"height":320},{"@type":"BreadcrumbList","@id":"https:\/\/rotary.fi\/d1410\/rauha\/#breadcrumb","itemListElement":[{"@type":"ListItem","position":1,"name":"Home","item":"https:\/\/rotary.fi\/d1410\/"},{"@type":"ListItem","position":2,"name":"Rauha"}]},{"@type":"WebSite","@id":"https:\/\/rotary.fi\/d1410\/#website","url":"https:\/\/rotary.fi\/d1410\/","name":"Piiri 1410","description":"Suomen Rotary","potentialAction":[{"@type":"SearchAction","target":{"@type":"EntryPoint","urlTemplate":"https:\/\/rotary.fi\/d1410\/?s={search_term_string}"},"query-input":{"@type":"PropertyValueSpecification","valueRequired":true,"valueName":"search_term_string"}}],"inLanguage":"fi"}]}},"lang":"fi","translations":{"fi":3936,"sv":3970,"en":4337},"pll_sync_post":[],"_links":{"self":[{"href":"https:\/\/rotary.fi\/d1410\/wp-json\/wp\/v2\/pages\/3936","targetHints":{"allow":["GET"]}}],"collection":[{"href":"https:\/\/rotary.fi\/d1410\/wp-json\/wp\/v2\/pages"}],"about":[{"href":"https:\/\/rotary.fi\/d1410\/wp-json\/wp\/v2\/types\/page"}],"author":[{"embeddable":true,"href":"https:\/\/rotary.fi\/d1410\/wp-json\/wp\/v2\/users\/384"}],"replies":[{"embeddable":true,"href":"https:\/\/rotary.fi\/d1410\/wp-json\/wp\/v2\/comments?post=3936"}],"version-history":[{"count":5,"href":"https:\/\/rotary.fi\/d1410\/wp-json\/wp\/v2\/pages\/3936\/revisions"}],"predecessor-version":[{"id":8451,"href":"https:\/\/rotary.fi\/d1410\/wp-json\/wp\/v2\/pages\/3936\/revisions\/8451"}],"wp:attachment":[{"href":"https:\/\/rotary.fi\/d1410\/wp-json\/wp\/v2\/media?parent=3936"}],"curies":[{"name":"wp","href":"https:\/\/api.w.org\/{rel}","templated":true}]}}