{"id":3931,"date":"2021-08-17T13:40:29","date_gmt":"2021-08-17T11:40:29","guid":{"rendered":"https:\/\/rotary.fi\/d1410\/?page_id=3931"},"modified":"2023-02-09T15:55:23","modified_gmt":"2023-02-09T13:55:23","slug":"turku-rotary-forum-2023","status":"publish","type":"page","link":"https:\/\/rotary.fi\/d1410\/turku-rotary-forum-2023\/","title":{"rendered":"Turku Rotary Forum 2023"},"content":{"rendered":"<p>[et_pb_section fb_built=&#8221;1&#8243; admin_label=&#8221;Rotaryforumkuva&#8221; module_class=&#8221;jumbotron-page&#8221; _builder_version=&#8221;4.16&#8243; background_image=&#8221;https:\/\/rotary.fi\/d1410\/wp-content\/uploads\/sites\/215\/2021\/08\/harmonia.jpg&#8221; global_colors_info=&#8221;{}&#8221;][et_pb_row module_class=&#8221; et_pb_row_fullwidth et_pb_row_fullwidth&#8221; _builder_version=&#8221;4.16&#8243; width=&#8221;89%&#8221; width_tablet=&#8221;80%&#8221; width_phone=&#8221;&#8221; width_last_edited=&#8221;on|desktop&#8221; max_width=&#8221;89%&#8221; max_width_tablet=&#8221;80%&#8221; max_width_phone=&#8221;&#8221; max_width_last_edited=&#8221;on|desktop&#8221; make_fullwidth=&#8221;on&#8221; global_colors_info=&#8221;{}&#8221;][et_pb_column type=&#8221;4_4&#8243; _builder_version=&#8221;4.16&#8243; custom_padding=&#8221;|||&#8221; global_colors_info=&#8221;{}&#8221; custom_padding__hover=&#8221;|||&#8221;][et_pb_text admin_label=&#8221;Rotaryforum -otsikko&#8221; _builder_version=&#8221;4.19.0&#8243; text_text_color=&#8221;#F8F9FA&#8221; text_orientation=&#8221;center&#8221; background_layout=&#8221;dark&#8221; z_index_tablet=&#8221;500&#8243; text_text_shadow_horizontal_length_tablet=&#8221;0px&#8221; text_text_shadow_vertical_length_tablet=&#8221;0px&#8221; text_text_shadow_blur_strength_tablet=&#8221;1px&#8221; link_text_shadow_horizontal_length_tablet=&#8221;0px&#8221; link_text_shadow_vertical_length_tablet=&#8221;0px&#8221; link_text_shadow_blur_strength_tablet=&#8221;1px&#8221; ul_text_shadow_horizontal_length_tablet=&#8221;0px&#8221; ul_text_shadow_vertical_length_tablet=&#8221;0px&#8221; ul_text_shadow_blur_strength_tablet=&#8221;1px&#8221; ol_text_shadow_horizontal_length_tablet=&#8221;0px&#8221; ol_text_shadow_vertical_length_tablet=&#8221;0px&#8221; ol_text_shadow_blur_strength_tablet=&#8221;1px&#8221; quote_text_shadow_horizontal_length_tablet=&#8221;0px&#8221; quote_text_shadow_vertical_length_tablet=&#8221;0px&#8221; quote_text_shadow_blur_strength_tablet=&#8221;1px&#8221; header_text_shadow_horizontal_length_tablet=&#8221;0px&#8221; header_text_shadow_vertical_length_tablet=&#8221;0px&#8221; header_text_shadow_blur_strength_tablet=&#8221;1px&#8221; header_2_text_shadow_horizontal_length_tablet=&#8221;0px&#8221; header_2_text_shadow_vertical_length_tablet=&#8221;0px&#8221; header_2_text_shadow_blur_strength_tablet=&#8221;1px&#8221; header_3_text_shadow_horizontal_length_tablet=&#8221;0px&#8221; header_3_text_shadow_vertical_length_tablet=&#8221;0px&#8221; header_3_text_shadow_blur_strength_tablet=&#8221;1px&#8221; header_4_text_shadow_horizontal_length_tablet=&#8221;0px&#8221; header_4_text_shadow_vertical_length_tablet=&#8221;0px&#8221; header_4_text_shadow_blur_strength_tablet=&#8221;1px&#8221; header_5_text_shadow_horizontal_length_tablet=&#8221;0px&#8221; header_5_text_shadow_vertical_length_tablet=&#8221;0px&#8221; header_5_text_shadow_blur_strength_tablet=&#8221;1px&#8221; header_6_text_shadow_horizontal_length_tablet=&#8221;0px&#8221; header_6_text_shadow_vertical_length_tablet=&#8221;0px&#8221; header_6_text_shadow_blur_strength_tablet=&#8221;1px&#8221; box_shadow_horizontal_tablet=&#8221;0px&#8221; box_shadow_vertical_tablet=&#8221;0px&#8221; box_shadow_blur_tablet=&#8221;40px&#8221; box_shadow_spread_tablet=&#8221;0px&#8221; global_colors_info=&#8221;{}&#8221;]<\/p>\n<h1>Turku Rotary Forum 2023<\/h1>\n<p>[\/et_pb_text][\/et_pb_column][\/et_pb_row][\/et_pb_section][et_pb_section fb_built=&#8221;1&#8243; module_class=&#8221;sisaltoalue_perus&#8221; _builder_version=&#8221;4.16&#8243; background_size=&#8221;initial&#8221; background_position=&#8221;top_left&#8221; background_repeat=&#8221;repeat&#8221; global_colors_info=&#8221;{}&#8221;][et_pb_row custom_padding_last_edited=&#8221;on|phone&#8221; _builder_version=&#8221;4.16&#8243; width=&#8221;79.9%&#8221; custom_padding=&#8221;30px|||||&#8221; custom_padding_tablet=&#8221;&#8221; custom_padding_phone=&#8221;&#8221; global_colors_info=&#8221;{}&#8221;][et_pb_column type=&#8221;4_4&#8243; _builder_version=&#8221;4.16&#8243; custom_padding=&#8221;|||&#8221; global_colors_info=&#8221;{}&#8221; custom_padding__hover=&#8221;|||&#8221;][et_pb_text _builder_version=&#8221;4.19.0&#8243; hover_enabled=&#8221;0&#8243; z_index_tablet=&#8221;500&#8243; text_text_shadow_horizontal_length_tablet=&#8221;0px&#8221; text_text_shadow_vertical_length_tablet=&#8221;0px&#8221; text_text_shadow_blur_strength_tablet=&#8221;1px&#8221; link_text_shadow_horizontal_length_tablet=&#8221;0px&#8221; link_text_shadow_vertical_length_tablet=&#8221;0px&#8221; link_text_shadow_blur_strength_tablet=&#8221;1px&#8221; ul_text_shadow_horizontal_length_tablet=&#8221;0px&#8221; ul_text_shadow_vertical_length_tablet=&#8221;0px&#8221; ul_text_shadow_blur_strength_tablet=&#8221;1px&#8221; ol_text_shadow_horizontal_length_tablet=&#8221;0px&#8221; ol_text_shadow_vertical_length_tablet=&#8221;0px&#8221; ol_text_shadow_blur_strength_tablet=&#8221;1px&#8221; quote_text_shadow_horizontal_length_tablet=&#8221;0px&#8221; quote_text_shadow_vertical_length_tablet=&#8221;0px&#8221; quote_text_shadow_blur_strength_tablet=&#8221;1px&#8221; header_text_shadow_horizontal_length_tablet=&#8221;0px&#8221; header_text_shadow_vertical_length_tablet=&#8221;0px&#8221; header_text_shadow_blur_strength_tablet=&#8221;1px&#8221; header_2_text_shadow_horizontal_length_tablet=&#8221;0px&#8221; header_2_text_shadow_vertical_length_tablet=&#8221;0px&#8221; header_2_text_shadow_blur_strength_tablet=&#8221;1px&#8221; header_3_text_shadow_horizontal_length_tablet=&#8221;0px&#8221; header_3_text_shadow_vertical_length_tablet=&#8221;0px&#8221; header_3_text_shadow_blur_strength_tablet=&#8221;1px&#8221; header_4_text_shadow_horizontal_length_tablet=&#8221;0px&#8221; header_4_text_shadow_vertical_length_tablet=&#8221;0px&#8221; header_4_text_shadow_blur_strength_tablet=&#8221;1px&#8221; header_5_text_shadow_horizontal_length_tablet=&#8221;0px&#8221; header_5_text_shadow_vertical_length_tablet=&#8221;0px&#8221; header_5_text_shadow_blur_strength_tablet=&#8221;1px&#8221; header_6_text_shadow_horizontal_length_tablet=&#8221;0px&#8221; header_6_text_shadow_vertical_length_tablet=&#8221;0px&#8221; header_6_text_shadow_blur_strength_tablet=&#8221;1px&#8221; box_shadow_horizontal_tablet=&#8221;0px&#8221; box_shadow_vertical_tablet=&#8221;0px&#8221; box_shadow_blur_tablet=&#8221;40px&#8221; box_shadow_spread_tablet=&#8221;0px&#8221; global_colors_info=&#8221;{}&#8221; sticky_enabled=&#8221;0&#8243;]<\/p>\n<p><a href=\"https:\/\/rotary.fi\/d1410\/blog\/ajankohtaiset\/rauha-aiheisen-kirjoituskilpailun-parhaat\/\">Rauha-aiheisen kirjoituskilpailun tulokset sek\u00e4 parhaat kirjoitukset.\u00a0<\/a><\/p>\n<p><a href=\"https:\/\/www.dropbox.com\/sh\/38v1iinf6f6evwp\/AADO8PvUjDVuHSgTKF90nJrba\/Tapahtumat\/2022-2023\/Turku_rotary_forum\/kuvat\/Turku_rotary_forum_aaro?dl=0&amp;lst=\" target=\"_blank\" rel=\"noopener\">Kuvia tapahtumasta. Kuvaaja Aaro S\u00f6derlund<\/a><\/p>\n<p><strong>Turku Rotary Forum 2023<\/strong> -konferenssi j\u00e4rjestet\u00e4\u00e4n 3.-5.2.2023 Scandic Juliassa.<\/p>\n<div><strong>Tilaisuuteen ovat tervetulleita kaikki rotarit.<\/strong> Seminaarin ohjelma on t\u00e4ytt\u00e4 rotariasiaa. Tauot tarjoavat mainion mahdollisuuden verkostoitumiseen.<\/div>\n<p>&nbsp;<\/p>\n<p>Konferenssi alkaa <strong>perjantaina (3.2.) Turun kaupungin vastaanotolla<\/strong> klo 19.<\/p>\n<p><strong>Lauantaina 4.2. esill\u00e4 on rotarys\u00e4\u00e4ti\u00f6n rooli<\/strong> nykyisess\u00e4 maailmantilanteessa sek\u00e4 <strong>yhteinen It\u00e4meremme<\/strong>. P\u00e4iv\u00e4n aikana k\u00e4sitell\u00e4\u00e4n my\u00f6s mm. <strong>viestint\u00e4\u00e4, rotaryn nuorisotoimintaa sek\u00e4 piirien erilaisia projekteja<\/strong>. Entisille kuvern\u00f6\u00f6reille on oma tapaamisensa.<\/p>\n<p>Lauantain gaalaillallisella esiintyv\u00e4t <strong>Johanna ja Mikko Iivanainen<\/strong> sek\u00e4 <strong>Sinikka Sv\u00e4rd<\/strong>.<\/p>\n<p><strong>Sunnuntain p\u00e4\u00e4teema<\/strong> on rotaryn toiminta <strong>rauhan edist\u00e4miseksi<\/strong> sek\u00e4 Ukrainassa ett\u00e4 muualla maailmassa.<\/p>\n<p>Saamme kuulla asiantuntevia puheenvuoroja. Puhujajoukkoon kuuluvat entinen <strong>RI presidentti Holger Knaack, PRID Virpi Honkala, professori Kalervo V\u00e4\u00e4n\u00e4nen, ty\u00f6el\u00e4m\u00e4professori Riitta Monto, Rotary Peace Fellow Suvi Aarnio, johtaja Markku Jokisipil\u00e4, MD Diana Lehotina<\/strong> ja monet muut.<\/p>\n<p>Lataa ohjelma kokonaisuudessaan <a href=\"https:\/\/rotary.fi\/d1410\/wp-content\/uploads\/sites\/215\/2023\/01\/Turku-Rotary-Forum-2023-ohjelma-FIN_lopullinen.pdf\" target=\"_blank\" rel=\"noopener\">t\u00e4st\u00e4 linkist\u00e4.<\/a><\/p>\n<p>Hinnat vaihtelevat valitsemiesi palveluiden mukaan, esim.<\/p>\n<ul>\n<li>Seminaari sis\u00e4lt\u00e4en gaalaillallisen sek\u00e4 lounaat lauantaina ja sunnuntaina 180 e\/hl\u00f6<\/li>\n<\/ul>\n<p><strong>\u00a0Ilmoittautumisaika p\u00e4\u00e4ttyy 15.1.2023!<\/strong><\/p>\n<p><a href=\"https:\/\/rotary1410.tapahtumiin.fi\/fi\/nc\/evtr\/6360e0b5abafd32b168b456a\" target=\"_blank\" rel=\"noopener\">Tutustu hintavaihtoehtoihin ja ilmoittaudu!<\/a><\/p>\n<p><a href=\"https:\/\/www.scandichotels.fi\/hotellit\/suomi\/turku\/scandic-julia\" target=\"_blank\" rel=\"noopener\">Hotel Scandic Juliasta<\/a> on varattu meille majoituskiinti\u00f6. Hotellivarauskoodi\u00a0\u00a0<span id=\"m_5505344841509850601page21R_mcid5\"><b><span dir=\"ltr\" role=\"presentation\">BROT030223<\/span><\/b><\/span><\/p>\n<p><strong>L\u00e4mpim\u00e4sti tervetuloa!<\/strong><\/p>\n<p>Lis\u00e4tietoja antaa <strong>Tapani Kaarlas,<\/strong>\u00a0Turku Sirkkala<br \/>Mobile +358-500-722 820<br \/>E-mail: tapani.kaarlas@gmail.com<\/p>\n<p>&nbsp;<\/p>\n<p>&nbsp;<\/p>\n<p>[\/et_pb_text][\/et_pb_column][\/et_pb_row][\/et_pb_section]<\/p>\n","protected":false},"excerpt":{"rendered":"<p>Turku Rotary Forum 2023Rauha-aiheisen kirjoituskilpailun tulokset sek\u00e4 parhaat kirjoitukset.\u00a0 Kuvia tapahtumasta. Kuvaaja Aaro S\u00f6derlund Turku Rotary Forum 2023 -konferenssi j\u00e4rjestet\u00e4\u00e4n 3.-5.2.2023 Scandic Juliassa. Tilaisuuteen ovat tervetulleita kaikki rotarit. Seminaarin ohjelma on t\u00e4ytt\u00e4 rotariasiaa. Tauot tarjoavat mainion mahdollisuuden verkostoitumiseen. &nbsp; Konferenssi alkaa perjantaina (3.2.) Turun kaupungin vastaanotolla klo 19. Lauantaina 4.2. esill\u00e4 on rotarys\u00e4\u00e4ti\u00f6n rooli nykyisess\u00e4 [&hellip;]<\/p>\n","protected":false},"author":384,"featured_media":0,"parent":0,"menu_order":0,"comment_status":"closed","ping_status":"closed","template":"","meta":{"_acf_changed":false,"_et_pb_use_builder":"on","_et_pb_old_content":"","_et_gb_content_width":"","footnotes":""},"class_list":["post-3931","page","type-page","status-publish","hentry"],"acf":[],"yoast_head":"<!-- This site is optimized with the Yoast SEO plugin v27.4 - https:\/\/yoast.com\/product\/yoast-seo-wordpress\/ -->\n<title>Turku Rotary Forum 2023 - Piiri 1410<\/title>\n<meta name=\"robots\" content=\"index, follow, max-snippet:-1, max-image-preview:large, max-video-preview:-1\" \/>\n<link rel=\"canonical\" href=\"https:\/\/rotary.fi\/d1410\/turku-rotary-forum-2023\/\" \/>\n<meta property=\"og:locale\" content=\"fi_FI\" \/>\n<meta property=\"og:type\" content=\"article\" \/>\n<meta property=\"og:title\" content=\"Turku Rotary Forum 2023 - Piiri 1410\" \/>\n<meta property=\"og:description\" content=\"Turku Rotary Forum 2023Rauha-aiheisen kirjoituskilpailun tulokset sek\u00e4 parhaat kirjoitukset.\u00a0 Kuvia tapahtumasta. Kuvaaja Aaro S\u00f6derlund Turku Rotary Forum 2023 -konferenssi j\u00e4rjestet\u00e4\u00e4n 3.-5.2.2023 Scandic Juliassa. Tilaisuuteen ovat tervetulleita kaikki rotarit. Seminaarin ohjelma on t\u00e4ytt\u00e4 rotariasiaa. Tauot tarjoavat mainion mahdollisuuden verkostoitumiseen. &nbsp; Konferenssi alkaa perjantaina (3.2.) Turun kaupungin vastaanotolla klo 19. Lauantaina 4.2. esill\u00e4 on rotarys\u00e4\u00e4ti\u00f6n rooli nykyisess\u00e4 [&hellip;]\" \/>\n<meta property=\"og:url\" content=\"https:\/\/rotary.fi\/d1410\/turku-rotary-forum-2023\/\" \/>\n<meta property=\"og:site_name\" content=\"Piiri 1410\" \/>\n<meta property=\"article:publisher\" content=\"https:\/\/www.facebook.com\/rotary\/\" \/>\n<meta property=\"article:modified_time\" content=\"2023-02-09T13:55:23+00:00\" \/>\n<meta name=\"twitter:card\" content=\"summary_large_image\" \/>\n<meta name=\"twitter:label1\" content=\"Arvioitu lukuaika\" \/>\n\t<meta name=\"twitter:data1\" content=\"2 minuuttia\" \/>\n<script type=\"application\/ld+json\" class=\"yoast-schema-graph\">{\"@context\":\"https:\\\/\\\/schema.org\",\"@graph\":[{\"@type\":\"WebPage\",\"@id\":\"https:\\\/\\\/rotary.fi\\\/d1410\\\/turku-rotary-forum-2023\\\/\",\"url\":\"https:\\\/\\\/rotary.fi\\\/d1410\\\/turku-rotary-forum-2023\\\/\",\"name\":\"Turku Rotary Forum 2023 - Piiri 1410\",\"isPartOf\":{\"@id\":\"https:\\\/\\\/rotary.fi\\\/d1410\\\/#website\"},\"datePublished\":\"2021-08-17T11:40:29+00:00\",\"dateModified\":\"2023-02-09T13:55:23+00:00\",\"breadcrumb\":{\"@id\":\"https:\\\/\\\/rotary.fi\\\/d1410\\\/turku-rotary-forum-2023\\\/#breadcrumb\"},\"inLanguage\":\"fi\",\"potentialAction\":[{\"@type\":\"ReadAction\",\"target\":[\"https:\\\/\\\/rotary.fi\\\/d1410\\\/turku-rotary-forum-2023\\\/\"]}]},{\"@type\":\"BreadcrumbList\",\"@id\":\"https:\\\/\\\/rotary.fi\\\/d1410\\\/turku-rotary-forum-2023\\\/#breadcrumb\",\"itemListElement\":[{\"@type\":\"ListItem\",\"position\":1,\"name\":\"Home\",\"item\":\"https:\\\/\\\/rotary.fi\\\/d1410\\\/\"},{\"@type\":\"ListItem\",\"position\":2,\"name\":\"Turku Rotary Forum 2023\"}]},{\"@type\":\"WebSite\",\"@id\":\"https:\\\/\\\/rotary.fi\\\/d1410\\\/#website\",\"url\":\"https:\\\/\\\/rotary.fi\\\/d1410\\\/\",\"name\":\"Piiri 1410\",\"description\":\"Suomen Rotary\",\"potentialAction\":[{\"@type\":\"SearchAction\",\"target\":{\"@type\":\"EntryPoint\",\"urlTemplate\":\"https:\\\/\\\/rotary.fi\\\/d1410\\\/?s={search_term_string}\"},\"query-input\":{\"@type\":\"PropertyValueSpecification\",\"valueRequired\":true,\"valueName\":\"search_term_string\"}}],\"inLanguage\":\"fi\"}]}<\/script>\n<!-- \/ Yoast SEO plugin. -->","yoast_head_json":{"title":"Turku Rotary Forum 2023 - Piiri 1410","robots":{"index":"index","follow":"follow","max-snippet":"max-snippet:-1","max-image-preview":"max-image-preview:large","max-video-preview":"max-video-preview:-1"},"canonical":"https:\/\/rotary.fi\/d1410\/turku-rotary-forum-2023\/","og_locale":"fi_FI","og_type":"article","og_title":"Turku Rotary Forum 2023 - Piiri 1410","og_description":"Turku Rotary Forum 2023Rauha-aiheisen kirjoituskilpailun tulokset sek\u00e4 parhaat kirjoitukset.\u00a0 Kuvia tapahtumasta. Kuvaaja Aaro S\u00f6derlund Turku Rotary Forum 2023 -konferenssi j\u00e4rjestet\u00e4\u00e4n 3.-5.2.2023 Scandic Juliassa. Tilaisuuteen ovat tervetulleita kaikki rotarit. Seminaarin ohjelma on t\u00e4ytt\u00e4 rotariasiaa. Tauot tarjoavat mainion mahdollisuuden verkostoitumiseen. &nbsp; Konferenssi alkaa perjantaina (3.2.) Turun kaupungin vastaanotolla klo 19. Lauantaina 4.2. esill\u00e4 on rotarys\u00e4\u00e4ti\u00f6n rooli nykyisess\u00e4 [&hellip;]","og_url":"https:\/\/rotary.fi\/d1410\/turku-rotary-forum-2023\/","og_site_name":"Piiri 1410","article_publisher":"https:\/\/www.facebook.com\/rotary\/","article_modified_time":"2023-02-09T13:55:23+00:00","twitter_card":"summary_large_image","twitter_misc":{"Arvioitu lukuaika":"2 minuuttia"},"schema":{"@context":"https:\/\/schema.org","@graph":[{"@type":"WebPage","@id":"https:\/\/rotary.fi\/d1410\/turku-rotary-forum-2023\/","url":"https:\/\/rotary.fi\/d1410\/turku-rotary-forum-2023\/","name":"Turku Rotary Forum 2023 - Piiri 1410","isPartOf":{"@id":"https:\/\/rotary.fi\/d1410\/#website"},"datePublished":"2021-08-17T11:40:29+00:00","dateModified":"2023-02-09T13:55:23+00:00","breadcrumb":{"@id":"https:\/\/rotary.fi\/d1410\/turku-rotary-forum-2023\/#breadcrumb"},"inLanguage":"fi","potentialAction":[{"@type":"ReadAction","target":["https:\/\/rotary.fi\/d1410\/turku-rotary-forum-2023\/"]}]},{"@type":"BreadcrumbList","@id":"https:\/\/rotary.fi\/d1410\/turku-rotary-forum-2023\/#breadcrumb","itemListElement":[{"@type":"ListItem","position":1,"name":"Home","item":"https:\/\/rotary.fi\/d1410\/"},{"@type":"ListItem","position":2,"name":"Turku Rotary Forum 2023"}]},{"@type":"WebSite","@id":"https:\/\/rotary.fi\/d1410\/#website","url":"https:\/\/rotary.fi\/d1410\/","name":"Piiri 1410","description":"Suomen Rotary","potentialAction":[{"@type":"SearchAction","target":{"@type":"EntryPoint","urlTemplate":"https:\/\/rotary.fi\/d1410\/?s={search_term_string}"},"query-input":{"@type":"PropertyValueSpecification","valueRequired":true,"valueName":"search_term_string"}}],"inLanguage":"fi"}]}},"lang":"fi","translations":{"fi":3931,"sv":3987,"en":4350},"pll_sync_post":[],"_links":{"self":[{"href":"https:\/\/rotary.fi\/d1410\/wp-json\/wp\/v2\/pages\/3931","targetHints":{"allow":["GET"]}}],"collection":[{"href":"https:\/\/rotary.fi\/d1410\/wp-json\/wp\/v2\/pages"}],"about":[{"href":"https:\/\/rotary.fi\/d1410\/wp-json\/wp\/v2\/types\/page"}],"author":[{"embeddable":true,"href":"https:\/\/rotary.fi\/d1410\/wp-json\/wp\/v2\/users\/384"}],"replies":[{"embeddable":true,"href":"https:\/\/rotary.fi\/d1410\/wp-json\/wp\/v2\/comments?post=3931"}],"version-history":[{"count":9,"href":"https:\/\/rotary.fi\/d1410\/wp-json\/wp\/v2\/pages\/3931\/revisions"}],"predecessor-version":[{"id":5758,"href":"https:\/\/rotary.fi\/d1410\/wp-json\/wp\/v2\/pages\/3931\/revisions\/5758"}],"wp:attachment":[{"href":"https:\/\/rotary.fi\/d1410\/wp-json\/wp\/v2\/media?parent=3931"}],"curies":[{"name":"wp","href":"https:\/\/api.w.org\/{rel}","templated":true}]}}