{"id":3886,"date":"2021-08-10T11:45:54","date_gmt":"2021-08-10T09:45:54","guid":{"rendered":"https:\/\/rotary.fi\/d1410\/?page_id=3886"},"modified":"2021-08-29T17:04:13","modified_gmt":"2021-08-29T15:04:13","slug":"piirin-klubien-kansainvalisia-projekteja","status":"publish","type":"page","link":"https:\/\/rotary.fi\/d1410\/mita-teemme\/kansainvaliset-projektit\/piirin-klubien-kansainvalisia-projekteja\/","title":{"rendered":"Piirin klubien kansainv\u00e4lisi\u00e4 projekteja"},"content":{"rendered":"<p>[et_pb_section fb_built=&#8221;1&#8243; module_class=&#8221;jumbotron-page&#8221; _builder_version=&#8221;4.9.10&#8243; background_image=&#8221;https:\/\/rotary.fi\/d1410\/wp-content\/uploads\/sites\/215\/2021\/08\/children-of-gambia.jpg&#8221; hover_enabled=&#8221;0&#8243; title_text=&#8221;Children of Gambia&#8221; sticky_enabled=&#8221;0&#8243;][et_pb_row module_class=&#8221; et_pb_row_fullwidth&#8221; _builder_version=&#8221;3.25&#8243; width=&#8221;89%&#8221; width_tablet=&#8221;80%&#8221; width_phone=&#8221;&#8221; width_last_edited=&#8221;on|desktop&#8221; max_width=&#8221;89%&#8221; max_width_tablet=&#8221;80%&#8221; max_width_phone=&#8221;&#8221; max_width_last_edited=&#8221;on|desktop&#8221; make_fullwidth=&#8221;on&#8221;][et_pb_column type=&#8221;4_4&#8243; _builder_version=&#8221;3.25&#8243; custom_padding=&#8221;|||&#8221; custom_padding__hover=&#8221;|||&#8221;][et_pb_text admin_label=&#8221;KV Projektit -otsikko&#8221; _builder_version=&#8221;4.9.10&#8243; text_orientation=&#8221;center&#8221; background_layout=&#8221;dark&#8221;]<\/p>\n<h1>Kansainv\u00e4liset projektit<\/h1>\n<p>[\/et_pb_text][\/et_pb_column][\/et_pb_row][\/et_pb_section][et_pb_section fb_built=&#8221;1&#8243; module_class=&#8221;sisaltoalue_perus&#8221; _builder_version=&#8221;3.22&#8243; custom_margin=&#8221;||40px|&#8221;][et_pb_row custom_padding_last_edited=&#8221;on|phone&#8221; _builder_version=&#8221;3.25&#8243; custom_padding_tablet=&#8221;&#8221; custom_padding_phone=&#8221;&#8221;][et_pb_column type=&#8221;4_4&#8243; _builder_version=&#8221;3.25&#8243; custom_padding=&#8221;|||&#8221; custom_padding__hover=&#8221;|||&#8221;][et_pb_text admin_label=&#8221;KvProjektit -otsikko&#8221; _builder_version=&#8221;4.9.10&#8243; text_orientation=&#8221;center&#8221;]<\/p>\n<h1>Service above self<br \/>&#8211; Palvelu itsekkyyden edelle<\/h1>\n<p>[\/et_pb_text][et_pb_text admin_label=&#8221;Teksti&#8221; _builder_version=&#8221;4.9.10&#8243;]<\/p>\n<p>Kansainv\u00e4lisyys on Rotaryn ytimess\u00e4.\u00a0<\/p>\n<p>Piirimme klubit ovat toteuttaneet ja tulevat toteuttamaan monipuolisia hankkeita omalla rahoituksellaan, piiriapurahalla ja my\u00f6s Global Grant -rahoituksella.<\/p>\n<p>&nbsp;<\/p>\n<p>&nbsp;<\/p>\n<p>[\/et_pb_text][et_pb_blog fullwidth=&#8221;off&#8221; include_categories=&#8221;24&#8243; show_thumbnail=&#8221;off&#8221; show_author=&#8221;off&#8221; show_date=&#8221;off&#8221; show_categories=&#8221;off&#8221; masonry_tile_background_color=&#8221;#0c3c7c&#8221; admin_label=&#8221;Piirin klubien projekteja listaus&#8221; _builder_version=&#8221;4.9.10&#8243; header_text_align=&#8221;center&#8221; header_text_color=&#8221;#ffffff&#8221; body_text_align=&#8221;center&#8221; body_text_color=&#8221;#ffffff&#8221; meta_text_align=&#8221;center&#8221; custom_margin=&#8221;|||&#8221; custom_padding=&#8221;|||&#8221; pagination_font_size_tablet=&#8221;51&#8243; pagination_line_height_tablet=&#8221;2&#8243; custom_css_main_element=&#8221;padding:25px;&#8221;]<\/p>\n<p>\n&nbsp;<\/p>\n<p>[\/et_pb_blog][\/et_pb_column][\/et_pb_row][\/et_pb_section]<\/p>\n","protected":false},"excerpt":{"rendered":"<p>Kansainv\u00e4liset projektitService above self- Palvelu itsekkyyden edelleKansainv\u00e4lisyys on Rotaryn ytimess\u00e4.\u00a0 Piirimme klubit ovat toteuttaneet ja tulevat toteuttamaan monipuolisia hankkeita omalla rahoituksellaan, piiriapurahalla ja my\u00f6s Global Grant -rahoituksella. &nbsp; &nbsp; &nbsp;<\/p>\n","protected":false},"author":384,"featured_media":0,"parent":489,"menu_order":0,"comment_status":"closed","ping_status":"closed","template":"","meta":{"_acf_changed":false,"_et_pb_use_builder":"on","_et_pb_old_content":"","_et_gb_content_width":"","footnotes":""},"class_list":["post-3886","page","type-page","status-publish","hentry"],"acf":[],"yoast_head":"<!-- This site is optimized with the Yoast SEO plugin v27.0 - https:\/\/yoast.com\/product\/yoast-seo-wordpress\/ -->\n<title>Piirin klubien kansainv\u00e4lisi\u00e4 projekteja - Piiri 1410<\/title>\n<meta name=\"robots\" content=\"index, follow, max-snippet:-1, max-image-preview:large, max-video-preview:-1\" \/>\n<link rel=\"canonical\" href=\"https:\/\/rotary.fi\/d1410\/mita-teemme\/kansainvaliset-projektit\/piirin-klubien-kansainvalisia-projekteja\/\" \/>\n<meta property=\"og:locale\" content=\"fi_FI\" \/>\n<meta property=\"og:type\" content=\"article\" \/>\n<meta property=\"og:title\" content=\"Piirin klubien kansainv\u00e4lisi\u00e4 projekteja - Piiri 1410\" \/>\n<meta property=\"og:description\" content=\"Kansainv\u00e4liset projektitService above self- Palvelu itsekkyyden edelleKansainv\u00e4lisyys on Rotaryn ytimess\u00e4.\u00a0 Piirimme klubit ovat toteuttaneet ja tulevat toteuttamaan monipuolisia hankkeita omalla rahoituksellaan, piiriapurahalla ja my\u00f6s Global Grant -rahoituksella. &nbsp; &nbsp; &nbsp;\" \/>\n<meta property=\"og:url\" content=\"https:\/\/rotary.fi\/d1410\/mita-teemme\/kansainvaliset-projektit\/piirin-klubien-kansainvalisia-projekteja\/\" \/>\n<meta property=\"og:site_name\" content=\"Piiri 1410\" \/>\n<meta property=\"article:publisher\" content=\"https:\/\/www.facebook.com\/rotary\/\" \/>\n<meta property=\"article:modified_time\" content=\"2021-08-29T15:04:13+00:00\" \/>\n<meta name=\"twitter:card\" content=\"summary_large_image\" \/>\n<meta name=\"twitter:label1\" content=\"Arvioitu lukuaika\" \/>\n\t<meta name=\"twitter:data1\" content=\"1 minuutti\" \/>\n<script type=\"application\/ld+json\" class=\"yoast-schema-graph\">{\"@context\":\"https:\/\/schema.org\",\"@graph\":[{\"@type\":\"WebPage\",\"@id\":\"https:\/\/rotary.fi\/d1410\/mita-teemme\/kansainvaliset-projektit\/piirin-klubien-kansainvalisia-projekteja\/\",\"url\":\"https:\/\/rotary.fi\/d1410\/mita-teemme\/kansainvaliset-projektit\/piirin-klubien-kansainvalisia-projekteja\/\",\"name\":\"Piirin klubien kansainv\u00e4lisi\u00e4 projekteja - Piiri 1410\",\"isPartOf\":{\"@id\":\"https:\/\/rotary.fi\/d1410\/#website\"},\"datePublished\":\"2021-08-10T09:45:54+00:00\",\"dateModified\":\"2021-08-29T15:04:13+00:00\",\"breadcrumb\":{\"@id\":\"https:\/\/rotary.fi\/d1410\/mita-teemme\/kansainvaliset-projektit\/piirin-klubien-kansainvalisia-projekteja\/#breadcrumb\"},\"inLanguage\":\"fi\",\"potentialAction\":[{\"@type\":\"ReadAction\",\"target\":[\"https:\/\/rotary.fi\/d1410\/mita-teemme\/kansainvaliset-projektit\/piirin-klubien-kansainvalisia-projekteja\/\"]}]},{\"@type\":\"BreadcrumbList\",\"@id\":\"https:\/\/rotary.fi\/d1410\/mita-teemme\/kansainvaliset-projektit\/piirin-klubien-kansainvalisia-projekteja\/#breadcrumb\",\"itemListElement\":[{\"@type\":\"ListItem\",\"position\":1,\"name\":\"Home\",\"item\":\"https:\/\/rotary.fi\/d1410\/\"},{\"@type\":\"ListItem\",\"position\":2,\"name\":\"Toiminnan painopisteet &#8211; Mit\u00e4 teemme\",\"item\":\"https:\/\/rotary.fi\/d1410\/mita-teemme\/\"},{\"@type\":\"ListItem\",\"position\":3,\"name\":\"Kansainv\u00e4liset projektit\",\"item\":\"https:\/\/rotary.fi\/d1410\/mita-teemme\/kansainvaliset-projektit\/\"},{\"@type\":\"ListItem\",\"position\":4,\"name\":\"Piirin klubien kansainv\u00e4lisi\u00e4 projekteja\"}]},{\"@type\":\"WebSite\",\"@id\":\"https:\/\/rotary.fi\/d1410\/#website\",\"url\":\"https:\/\/rotary.fi\/d1410\/\",\"name\":\"Piiri 1410\",\"description\":\"Suomen Rotary\",\"potentialAction\":[{\"@type\":\"SearchAction\",\"target\":{\"@type\":\"EntryPoint\",\"urlTemplate\":\"https:\/\/rotary.fi\/d1410\/?s={search_term_string}\"},\"query-input\":{\"@type\":\"PropertyValueSpecification\",\"valueRequired\":true,\"valueName\":\"search_term_string\"}}],\"inLanguage\":\"fi\"}]}<\/script>\n<!-- \/ Yoast SEO plugin. -->","yoast_head_json":{"title":"Piirin klubien kansainv\u00e4lisi\u00e4 projekteja - Piiri 1410","robots":{"index":"index","follow":"follow","max-snippet":"max-snippet:-1","max-image-preview":"max-image-preview:large","max-video-preview":"max-video-preview:-1"},"canonical":"https:\/\/rotary.fi\/d1410\/mita-teemme\/kansainvaliset-projektit\/piirin-klubien-kansainvalisia-projekteja\/","og_locale":"fi_FI","og_type":"article","og_title":"Piirin klubien kansainv\u00e4lisi\u00e4 projekteja - Piiri 1410","og_description":"Kansainv\u00e4liset projektitService above self- Palvelu itsekkyyden edelleKansainv\u00e4lisyys on Rotaryn ytimess\u00e4.\u00a0 Piirimme klubit ovat toteuttaneet ja tulevat toteuttamaan monipuolisia hankkeita omalla rahoituksellaan, piiriapurahalla ja my\u00f6s Global Grant -rahoituksella. &nbsp; &nbsp; &nbsp;","og_url":"https:\/\/rotary.fi\/d1410\/mita-teemme\/kansainvaliset-projektit\/piirin-klubien-kansainvalisia-projekteja\/","og_site_name":"Piiri 1410","article_publisher":"https:\/\/www.facebook.com\/rotary\/","article_modified_time":"2021-08-29T15:04:13+00:00","twitter_card":"summary_large_image","twitter_misc":{"Arvioitu lukuaika":"1 minuutti"},"schema":{"@context":"https:\/\/schema.org","@graph":[{"@type":"WebPage","@id":"https:\/\/rotary.fi\/d1410\/mita-teemme\/kansainvaliset-projektit\/piirin-klubien-kansainvalisia-projekteja\/","url":"https:\/\/rotary.fi\/d1410\/mita-teemme\/kansainvaliset-projektit\/piirin-klubien-kansainvalisia-projekteja\/","name":"Piirin klubien kansainv\u00e4lisi\u00e4 projekteja - Piiri 1410","isPartOf":{"@id":"https:\/\/rotary.fi\/d1410\/#website"},"datePublished":"2021-08-10T09:45:54+00:00","dateModified":"2021-08-29T15:04:13+00:00","breadcrumb":{"@id":"https:\/\/rotary.fi\/d1410\/mita-teemme\/kansainvaliset-projektit\/piirin-klubien-kansainvalisia-projekteja\/#breadcrumb"},"inLanguage":"fi","potentialAction":[{"@type":"ReadAction","target":["https:\/\/rotary.fi\/d1410\/mita-teemme\/kansainvaliset-projektit\/piirin-klubien-kansainvalisia-projekteja\/"]}]},{"@type":"BreadcrumbList","@id":"https:\/\/rotary.fi\/d1410\/mita-teemme\/kansainvaliset-projektit\/piirin-klubien-kansainvalisia-projekteja\/#breadcrumb","itemListElement":[{"@type":"ListItem","position":1,"name":"Home","item":"https:\/\/rotary.fi\/d1410\/"},{"@type":"ListItem","position":2,"name":"Toiminnan painopisteet &#8211; Mit\u00e4 teemme","item":"https:\/\/rotary.fi\/d1410\/mita-teemme\/"},{"@type":"ListItem","position":3,"name":"Kansainv\u00e4liset projektit","item":"https:\/\/rotary.fi\/d1410\/mita-teemme\/kansainvaliset-projektit\/"},{"@type":"ListItem","position":4,"name":"Piirin klubien kansainv\u00e4lisi\u00e4 projekteja"}]},{"@type":"WebSite","@id":"https:\/\/rotary.fi\/d1410\/#website","url":"https:\/\/rotary.fi\/d1410\/","name":"Piiri 1410","description":"Suomen Rotary","potentialAction":[{"@type":"SearchAction","target":{"@type":"EntryPoint","urlTemplate":"https:\/\/rotary.fi\/d1410\/?s={search_term_string}"},"query-input":{"@type":"PropertyValueSpecification","valueRequired":true,"valueName":"search_term_string"}}],"inLanguage":"fi"}]}},"lang":"fi","translations":{"fi":3886},"pll_sync_post":[],"_links":{"self":[{"href":"https:\/\/rotary.fi\/d1410\/wp-json\/wp\/v2\/pages\/3886","targetHints":{"allow":["GET"]}}],"collection":[{"href":"https:\/\/rotary.fi\/d1410\/wp-json\/wp\/v2\/pages"}],"about":[{"href":"https:\/\/rotary.fi\/d1410\/wp-json\/wp\/v2\/types\/page"}],"author":[{"embeddable":true,"href":"https:\/\/rotary.fi\/d1410\/wp-json\/wp\/v2\/users\/384"}],"replies":[{"embeddable":true,"href":"https:\/\/rotary.fi\/d1410\/wp-json\/wp\/v2\/comments?post=3886"}],"version-history":[{"count":9,"href":"https:\/\/rotary.fi\/d1410\/wp-json\/wp\/v2\/pages\/3886\/revisions"}],"predecessor-version":[{"id":4456,"href":"https:\/\/rotary.fi\/d1410\/wp-json\/wp\/v2\/pages\/3886\/revisions\/4456"}],"up":[{"embeddable":true,"href":"https:\/\/rotary.fi\/d1410\/wp-json\/wp\/v2\/pages\/489"}],"wp:attachment":[{"href":"https:\/\/rotary.fi\/d1410\/wp-json\/wp\/v2\/media?parent=3886"}],"curies":[{"name":"wp","href":"https:\/\/api.w.org\/{rel}","templated":true}]}}