{"id":3778,"date":"2021-07-30T20:40:19","date_gmt":"2021-07-30T18:40:19","guid":{"rendered":"https:\/\/rotary.fi\/d1410\/?page_id=3778"},"modified":"2021-09-21T10:35:30","modified_gmt":"2021-09-21T08:35:30","slug":"piiri-1410-sosiaalisessa-mediassa","status":"publish","type":"page","link":"https:\/\/rotary.fi\/d1410\/piiri-1410-sosiaalisessa-mediassa\/","title":{"rendered":"Piiri 1410 sosiaalisessa mediassa"},"content":{"rendered":"<p>[et_pb_section fb_built=&#8221;1&#8243; admin_label=&#8221;Somekuva&#8221; module_class=&#8221;jumbotron-page&#8221; _builder_version=&#8221;4.9.4&#8243; background_image=&#8221;https:\/\/rotary.fi\/d1410\/wp-content\/uploads\/sites\/215\/2021\/07\/9413051-family-with-yellow-balloons-on-the-beach-3-1.jpg&#8221;][et_pb_row module_class=&#8221; et_pb_row_fullwidth et_pb_row_fullwidth&#8221; _builder_version=&#8221;3.25&#8243; width=&#8221;89%&#8221; width_tablet=&#8221;80%&#8221; width_phone=&#8221;&#8221; width_last_edited=&#8221;on|desktop&#8221; max_width=&#8221;89%&#8221; max_width_tablet=&#8221;80%&#8221; max_width_phone=&#8221;&#8221; max_width_last_edited=&#8221;on|desktop&#8221; make_fullwidth=&#8221;on&#8221;][et_pb_column type=&#8221;4_4&#8243; _builder_version=&#8221;3.25&#8243; custom_padding=&#8221;|||&#8221; custom_padding__hover=&#8221;|||&#8221;][et_pb_text admin_label=&#8221;Some -otsikko&#8221; _builder_version=&#8221;4.9.4&#8243; text_orientation=&#8221;center&#8221; background_layout=&#8221;dark&#8221; z_index_tablet=&#8221;500&#8243; text_text_shadow_horizontal_length_tablet=&#8221;0px&#8221; text_text_shadow_vertical_length_tablet=&#8221;0px&#8221; text_text_shadow_blur_strength_tablet=&#8221;1px&#8221; link_text_shadow_horizontal_length_tablet=&#8221;0px&#8221; link_text_shadow_vertical_length_tablet=&#8221;0px&#8221; link_text_shadow_blur_strength_tablet=&#8221;1px&#8221; ul_text_shadow_horizontal_length_tablet=&#8221;0px&#8221; ul_text_shadow_vertical_length_tablet=&#8221;0px&#8221; ul_text_shadow_blur_strength_tablet=&#8221;1px&#8221; ol_text_shadow_horizontal_length_tablet=&#8221;0px&#8221; ol_text_shadow_vertical_length_tablet=&#8221;0px&#8221; ol_text_shadow_blur_strength_tablet=&#8221;1px&#8221; quote_text_shadow_horizontal_length_tablet=&#8221;0px&#8221; quote_text_shadow_vertical_length_tablet=&#8221;0px&#8221; quote_text_shadow_blur_strength_tablet=&#8221;1px&#8221; header_text_shadow_horizontal_length_tablet=&#8221;0px&#8221; header_text_shadow_vertical_length_tablet=&#8221;0px&#8221; header_text_shadow_blur_strength_tablet=&#8221;1px&#8221; header_2_text_shadow_horizontal_length_tablet=&#8221;0px&#8221; header_2_text_shadow_vertical_length_tablet=&#8221;0px&#8221; header_2_text_shadow_blur_strength_tablet=&#8221;1px&#8221; header_3_text_shadow_horizontal_length_tablet=&#8221;0px&#8221; header_3_text_shadow_vertical_length_tablet=&#8221;0px&#8221; header_3_text_shadow_blur_strength_tablet=&#8221;1px&#8221; header_4_text_shadow_horizontal_length_tablet=&#8221;0px&#8221; header_4_text_shadow_vertical_length_tablet=&#8221;0px&#8221; header_4_text_shadow_blur_strength_tablet=&#8221;1px&#8221; header_5_text_shadow_horizontal_length_tablet=&#8221;0px&#8221; header_5_text_shadow_vertical_length_tablet=&#8221;0px&#8221; header_5_text_shadow_blur_strength_tablet=&#8221;1px&#8221; header_6_text_shadow_horizontal_length_tablet=&#8221;0px&#8221; header_6_text_shadow_vertical_length_tablet=&#8221;0px&#8221; header_6_text_shadow_blur_strength_tablet=&#8221;1px&#8221; box_shadow_horizontal_tablet=&#8221;0px&#8221; box_shadow_vertical_tablet=&#8221;0px&#8221; box_shadow_blur_tablet=&#8221;40px&#8221; box_shadow_spread_tablet=&#8221;0px&#8221;]<\/p>\n<h1>#rotaryd1410<\/h1>\n<p>[\/et_pb_text][\/et_pb_column][\/et_pb_row][\/et_pb_section][et_pb_section fb_built=&#8221;1&#8243; module_class=&#8221;sisaltoalue_perus&#8221; _builder_version=&#8221;3.22.3&#8243; background_size=&#8221;initial&#8221; background_position=&#8221;top_left&#8221; background_repeat=&#8221;repeat&#8221;][et_pb_row custom_padding_last_edited=&#8221;on|phone&#8221; _builder_version=&#8221;3.25&#8243; custom_padding_tablet=&#8221;&#8221; custom_padding_phone=&#8221;&#8221;][et_pb_column type=&#8221;4_4&#8243; _builder_version=&#8221;3.25&#8243; custom_padding=&#8221;|||&#8221; custom_padding__hover=&#8221;|||&#8221;][et_pb_text _builder_version=&#8221;4.9.10&#8243; hover_enabled=&#8221;0&#8243; z_index_tablet=&#8221;500&#8243; text_text_shadow_horizontal_length_tablet=&#8221;0px&#8221; text_text_shadow_vertical_length_tablet=&#8221;0px&#8221; text_text_shadow_blur_strength_tablet=&#8221;1px&#8221; link_text_shadow_horizontal_length_tablet=&#8221;0px&#8221; link_text_shadow_vertical_length_tablet=&#8221;0px&#8221; link_text_shadow_blur_strength_tablet=&#8221;1px&#8221; ul_text_shadow_horizontal_length_tablet=&#8221;0px&#8221; ul_text_shadow_vertical_length_tablet=&#8221;0px&#8221; ul_text_shadow_blur_strength_tablet=&#8221;1px&#8221; ol_text_shadow_horizontal_length_tablet=&#8221;0px&#8221; ol_text_shadow_vertical_length_tablet=&#8221;0px&#8221; ol_text_shadow_blur_strength_tablet=&#8221;1px&#8221; quote_text_shadow_horizontal_length_tablet=&#8221;0px&#8221; quote_text_shadow_vertical_length_tablet=&#8221;0px&#8221; quote_text_shadow_blur_strength_tablet=&#8221;1px&#8221; header_text_shadow_horizontal_length_tablet=&#8221;0px&#8221; header_text_shadow_vertical_length_tablet=&#8221;0px&#8221; header_text_shadow_blur_strength_tablet=&#8221;1px&#8221; header_2_text_shadow_horizontal_length_tablet=&#8221;0px&#8221; header_2_text_shadow_vertical_length_tablet=&#8221;0px&#8221; header_2_text_shadow_blur_strength_tablet=&#8221;1px&#8221; header_3_text_shadow_horizontal_length_tablet=&#8221;0px&#8221; header_3_text_shadow_vertical_length_tablet=&#8221;0px&#8221; header_3_text_shadow_blur_strength_tablet=&#8221;1px&#8221; header_4_text_shadow_horizontal_length_tablet=&#8221;0px&#8221; header_4_text_shadow_vertical_length_tablet=&#8221;0px&#8221; header_4_text_shadow_blur_strength_tablet=&#8221;1px&#8221; header_5_text_shadow_horizontal_length_tablet=&#8221;0px&#8221; header_5_text_shadow_vertical_length_tablet=&#8221;0px&#8221; header_5_text_shadow_blur_strength_tablet=&#8221;1px&#8221; header_6_text_shadow_horizontal_length_tablet=&#8221;0px&#8221; header_6_text_shadow_vertical_length_tablet=&#8221;0px&#8221; header_6_text_shadow_blur_strength_tablet=&#8221;1px&#8221; box_shadow_horizontal_tablet=&#8221;0px&#8221; box_shadow_vertical_tablet=&#8221;0px&#8221; box_shadow_blur_tablet=&#8221;40px&#8221; box_shadow_spread_tablet=&#8221;0px&#8221; sticky_enabled=&#8221;0&#8243;]<\/p>\n<p>Piirimme on aktiivinen my\u00f6s Somessa. Seuraa ja jaa.<\/p>\n<p><a href=\"https:\/\/www.facebook.com\/rotaryD1410\" target=\"_blank\" rel=\"noopener\">Piirin 1410 Facebook-sivu<\/a><\/p>\n<p><a href=\"https:\/\/www.facebook.com\/groups\/1435276853402638\/?ref=share\" target=\"_blank\" rel=\"noopener\">Piirin 1410 rotarien Facebook-ryhm\u00e4<\/a><\/p>\n<p><a href=\"https:\/\/www.facebook.com\/groups\/185742932724376\/?ref=share\" target=\"_blank\" rel=\"noopener\">It\u00e4meri-forum Facebook ryhm\u00e4<\/a><\/p>\n<p><a href=\"https:\/\/instagram.com\/children_of_gambia?igshid=p4uzc8kqfffa\" target=\"_blank\" rel=\"noopener\">Children of Gambia Instagram<\/a><\/p>\n<p><a href=\"https:\/\/instagram.com\/rotarydistrict1410?igshid=16k1p5hr6yoju\" target=\"_blank\" rel=\"noopener\">Piiri 1410 Instagram<\/a><\/p>\n<p>Jos haluat kertoa klubisi projekteista tai muusta toiminnasta, otamme mielell\u00e4mme vastaan tekstej\u00e4 ja ja kuvia osoitteessa somed1410@gmail.com. Julkaisuja tehd\u00e4\u00e4n sek\u00e4 n\u00e4ill\u00e4 piirin nettisivuilla ett\u00e4 piirin sosiaalisessa mediassa.<\/p>\n<p>Muista k\u00e4ytt\u00e4\u00e4 omissa julkaisuissasi hashtageja #rotaryd1410, #rotary, #rotaryfinland ja #rotarit<\/p>\n<p>Lis\u00e4tietoja<a href=\"https:\/\/rotary.fi\/d1410\/rotarypiiri1410\/piirin-organisaatio\/julkisuuskuvakomitea\/\" target=\"_blank\" rel=\"noopener\"> julkisuuskuvakomitealta<\/a><\/p>\n<p>[\/et_pb_text][\/et_pb_column][\/et_pb_row][\/et_pb_section]<\/p>\n","protected":false},"excerpt":{"rendered":"<p>#rotaryd1410Piirimme on aktiivinen my\u00f6s Somessa. Seuraa ja jaa. Piirin 1410 Facebook-sivu Piirin 1410 rotarien Facebook-ryhm\u00e4 It\u00e4meri-forum Facebook ryhm\u00e4 Children of Gambia Instagram Piiri 1410 Instagram Jos haluat kertoa klubisi projekteista tai muusta toiminnasta, otamme mielell\u00e4mme vastaan tekstej\u00e4 ja ja kuvia osoitteessa somed1410@gmail.com. Julkaisuja tehd\u00e4\u00e4n sek\u00e4 n\u00e4ill\u00e4 piirin nettisivuilla ett\u00e4 piirin sosiaalisessa mediassa. Muista k\u00e4ytt\u00e4\u00e4 omissa [&hellip;]<\/p>\n","protected":false},"author":384,"featured_media":0,"parent":0,"menu_order":0,"comment_status":"closed","ping_status":"closed","template":"","meta":{"_acf_changed":false,"_et_pb_use_builder":"on","_et_pb_old_content":"","_et_gb_content_width":"","footnotes":""},"class_list":["post-3778","page","type-page","status-publish","hentry"],"acf":[],"yoast_head":"<!-- This site is optimized with the Yoast SEO plugin v27.0 - https:\/\/yoast.com\/product\/yoast-seo-wordpress\/ -->\n<title>Piiri 1410 sosiaalisessa mediassa - Piiri 1410<\/title>\n<meta name=\"robots\" content=\"index, follow, max-snippet:-1, max-image-preview:large, max-video-preview:-1\" \/>\n<link rel=\"canonical\" href=\"https:\/\/rotary.fi\/d1410\/piiri-1410-sosiaalisessa-mediassa\/\" \/>\n<meta property=\"og:locale\" content=\"fi_FI\" \/>\n<meta property=\"og:type\" content=\"article\" \/>\n<meta property=\"og:title\" content=\"Piiri 1410 sosiaalisessa mediassa - Piiri 1410\" \/>\n<meta property=\"og:description\" content=\"#rotaryd1410Piirimme on aktiivinen my\u00f6s Somessa. Seuraa ja jaa. Piirin 1410 Facebook-sivu Piirin 1410 rotarien Facebook-ryhm\u00e4 It\u00e4meri-forum Facebook ryhm\u00e4 Children of Gambia Instagram Piiri 1410 Instagram Jos haluat kertoa klubisi projekteista tai muusta toiminnasta, otamme mielell\u00e4mme vastaan tekstej\u00e4 ja ja kuvia osoitteessa somed1410@gmail.com. Julkaisuja tehd\u00e4\u00e4n sek\u00e4 n\u00e4ill\u00e4 piirin nettisivuilla ett\u00e4 piirin sosiaalisessa mediassa. Muista k\u00e4ytt\u00e4\u00e4 omissa [&hellip;]\" \/>\n<meta property=\"og:url\" content=\"https:\/\/rotary.fi\/d1410\/piiri-1410-sosiaalisessa-mediassa\/\" \/>\n<meta property=\"og:site_name\" content=\"Piiri 1410\" \/>\n<meta property=\"article:publisher\" content=\"https:\/\/www.facebook.com\/rotary\/\" \/>\n<meta property=\"article:modified_time\" content=\"2021-09-21T08:35:30+00:00\" \/>\n<meta name=\"twitter:card\" content=\"summary_large_image\" \/>\n<script type=\"application\/ld+json\" class=\"yoast-schema-graph\">{\"@context\":\"https:\/\/schema.org\",\"@graph\":[{\"@type\":\"WebPage\",\"@id\":\"https:\/\/rotary.fi\/d1410\/piiri-1410-sosiaalisessa-mediassa\/\",\"url\":\"https:\/\/rotary.fi\/d1410\/piiri-1410-sosiaalisessa-mediassa\/\",\"name\":\"Piiri 1410 sosiaalisessa mediassa - Piiri 1410\",\"isPartOf\":{\"@id\":\"https:\/\/rotary.fi\/d1410\/#website\"},\"datePublished\":\"2021-07-30T18:40:19+00:00\",\"dateModified\":\"2021-09-21T08:35:30+00:00\",\"breadcrumb\":{\"@id\":\"https:\/\/rotary.fi\/d1410\/piiri-1410-sosiaalisessa-mediassa\/#breadcrumb\"},\"inLanguage\":\"fi\",\"potentialAction\":[{\"@type\":\"ReadAction\",\"target\":[\"https:\/\/rotary.fi\/d1410\/piiri-1410-sosiaalisessa-mediassa\/\"]}]},{\"@type\":\"BreadcrumbList\",\"@id\":\"https:\/\/rotary.fi\/d1410\/piiri-1410-sosiaalisessa-mediassa\/#breadcrumb\",\"itemListElement\":[{\"@type\":\"ListItem\",\"position\":1,\"name\":\"Home\",\"item\":\"https:\/\/rotary.fi\/d1410\/\"},{\"@type\":\"ListItem\",\"position\":2,\"name\":\"Piiri 1410 sosiaalisessa mediassa\"}]},{\"@type\":\"WebSite\",\"@id\":\"https:\/\/rotary.fi\/d1410\/#website\",\"url\":\"https:\/\/rotary.fi\/d1410\/\",\"name\":\"Piiri 1410\",\"description\":\"Suomen Rotary\",\"potentialAction\":[{\"@type\":\"SearchAction\",\"target\":{\"@type\":\"EntryPoint\",\"urlTemplate\":\"https:\/\/rotary.fi\/d1410\/?s={search_term_string}\"},\"query-input\":{\"@type\":\"PropertyValueSpecification\",\"valueRequired\":true,\"valueName\":\"search_term_string\"}}],\"inLanguage\":\"fi\"}]}<\/script>\n<!-- \/ Yoast SEO plugin. -->","yoast_head_json":{"title":"Piiri 1410 sosiaalisessa mediassa - Piiri 1410","robots":{"index":"index","follow":"follow","max-snippet":"max-snippet:-1","max-image-preview":"max-image-preview:large","max-video-preview":"max-video-preview:-1"},"canonical":"https:\/\/rotary.fi\/d1410\/piiri-1410-sosiaalisessa-mediassa\/","og_locale":"fi_FI","og_type":"article","og_title":"Piiri 1410 sosiaalisessa mediassa - Piiri 1410","og_description":"#rotaryd1410Piirimme on aktiivinen my\u00f6s Somessa. Seuraa ja jaa. Piirin 1410 Facebook-sivu Piirin 1410 rotarien Facebook-ryhm\u00e4 It\u00e4meri-forum Facebook ryhm\u00e4 Children of Gambia Instagram Piiri 1410 Instagram Jos haluat kertoa klubisi projekteista tai muusta toiminnasta, otamme mielell\u00e4mme vastaan tekstej\u00e4 ja ja kuvia osoitteessa somed1410@gmail.com. Julkaisuja tehd\u00e4\u00e4n sek\u00e4 n\u00e4ill\u00e4 piirin nettisivuilla ett\u00e4 piirin sosiaalisessa mediassa. Muista k\u00e4ytt\u00e4\u00e4 omissa [&hellip;]","og_url":"https:\/\/rotary.fi\/d1410\/piiri-1410-sosiaalisessa-mediassa\/","og_site_name":"Piiri 1410","article_publisher":"https:\/\/www.facebook.com\/rotary\/","article_modified_time":"2021-09-21T08:35:30+00:00","twitter_card":"summary_large_image","schema":{"@context":"https:\/\/schema.org","@graph":[{"@type":"WebPage","@id":"https:\/\/rotary.fi\/d1410\/piiri-1410-sosiaalisessa-mediassa\/","url":"https:\/\/rotary.fi\/d1410\/piiri-1410-sosiaalisessa-mediassa\/","name":"Piiri 1410 sosiaalisessa mediassa - Piiri 1410","isPartOf":{"@id":"https:\/\/rotary.fi\/d1410\/#website"},"datePublished":"2021-07-30T18:40:19+00:00","dateModified":"2021-09-21T08:35:30+00:00","breadcrumb":{"@id":"https:\/\/rotary.fi\/d1410\/piiri-1410-sosiaalisessa-mediassa\/#breadcrumb"},"inLanguage":"fi","potentialAction":[{"@type":"ReadAction","target":["https:\/\/rotary.fi\/d1410\/piiri-1410-sosiaalisessa-mediassa\/"]}]},{"@type":"BreadcrumbList","@id":"https:\/\/rotary.fi\/d1410\/piiri-1410-sosiaalisessa-mediassa\/#breadcrumb","itemListElement":[{"@type":"ListItem","position":1,"name":"Home","item":"https:\/\/rotary.fi\/d1410\/"},{"@type":"ListItem","position":2,"name":"Piiri 1410 sosiaalisessa mediassa"}]},{"@type":"WebSite","@id":"https:\/\/rotary.fi\/d1410\/#website","url":"https:\/\/rotary.fi\/d1410\/","name":"Piiri 1410","description":"Suomen Rotary","potentialAction":[{"@type":"SearchAction","target":{"@type":"EntryPoint","urlTemplate":"https:\/\/rotary.fi\/d1410\/?s={search_term_string}"},"query-input":{"@type":"PropertyValueSpecification","valueRequired":true,"valueName":"search_term_string"}}],"inLanguage":"fi"}]}},"lang":"fi","translations":{"fi":3778,"sv":3995,"en":4364},"pll_sync_post":[],"_links":{"self":[{"href":"https:\/\/rotary.fi\/d1410\/wp-json\/wp\/v2\/pages\/3778","targetHints":{"allow":["GET"]}}],"collection":[{"href":"https:\/\/rotary.fi\/d1410\/wp-json\/wp\/v2\/pages"}],"about":[{"href":"https:\/\/rotary.fi\/d1410\/wp-json\/wp\/v2\/types\/page"}],"author":[{"embeddable":true,"href":"https:\/\/rotary.fi\/d1410\/wp-json\/wp\/v2\/users\/384"}],"replies":[{"embeddable":true,"href":"https:\/\/rotary.fi\/d1410\/wp-json\/wp\/v2\/comments?post=3778"}],"version-history":[{"count":8,"href":"https:\/\/rotary.fi\/d1410\/wp-json\/wp\/v2\/pages\/3778\/revisions"}],"predecessor-version":[{"id":4606,"href":"https:\/\/rotary.fi\/d1410\/wp-json\/wp\/v2\/pages\/3778\/revisions\/4606"}],"wp:attachment":[{"href":"https:\/\/rotary.fi\/d1410\/wp-json\/wp\/v2\/media?parent=3778"}],"curies":[{"name":"wp","href":"https:\/\/api.w.org\/{rel}","templated":true}]}}