{"id":3714,"date":"2021-07-29T15:40:59","date_gmt":"2021-07-29T13:40:59","guid":{"rendered":"https:\/\/rotary.fi\/d1410\/?page_id=3714"},"modified":"2024-03-20T21:06:16","modified_gmt":"2024-03-20T19:06:16","slug":"olen-kiinnostunut-liittymaan-rotaryklubin-jaseneksi","status":"publish","type":"page","link":"https:\/\/rotary.fi\/d1410\/kiinnostaako-jasenyys\/olen-kiinnostunut-liittymaan-rotaryklubin-jaseneksi\/","title":{"rendered":"Olen kiinnostunut liittym\u00e4\u00e4n rotaryklubin j\u00e4seneksi"},"content":{"rendered":"<p>[et_pb_section fb_built=&#8221;1&#8243; module_class=&#8221;jumbotron-page&#8221; _builder_version=&#8221;4.16&#8243; background_image=&#8221;https:\/\/rotary.fi\/d1410\/wp-content\/uploads\/sites\/215\/2021\/07\/118581262-160456095655745-6956853459408805486-n-1.jpg&#8221; global_colors_info=&#8221;{}&#8221;][et_pb_row module_class=&#8221; et_pb_row_fullwidth et_pb_row_fullwidth et_pb_row_fullwidth&#8221; _builder_version=&#8221;4.16&#8243; width=&#8221;89%&#8221; width_tablet=&#8221;80%&#8221; width_phone=&#8221;&#8221; width_last_edited=&#8221;on|desktop&#8221; max_width=&#8221;89%&#8221; max_width_tablet=&#8221;80%&#8221; max_width_phone=&#8221;&#8221; max_width_last_edited=&#8221;on|desktop&#8221; make_fullwidth=&#8221;on&#8221; global_colors_info=&#8221;{}&#8221;][et_pb_column type=&#8221;4_4&#8243; _builder_version=&#8221;4.16&#8243; custom_padding=&#8221;|||&#8221; global_colors_info=&#8221;{}&#8221; custom_padding__hover=&#8221;|||&#8221;][et_pb_text admin_label=&#8221;Ota yhteytt\u00e4 -otsikko&#8221; _builder_version=&#8221;4.16&#8243; text_orientation=&#8221;center&#8221; background_layout=&#8221;dark&#8221; global_colors_info=&#8221;{}&#8221;]<\/p>\n<h1>Sinustako rotari?<\/h1>\n<p>[\/et_pb_text][\/et_pb_column][\/et_pb_row][\/et_pb_section][et_pb_section fb_built=&#8221;1&#8243; module_class=&#8221;sisaltoalue_perus&#8221; _builder_version=&#8221;4.16&#8243; background_size=&#8221;initial&#8221; background_position=&#8221;top_left&#8221; background_repeat=&#8221;repeat&#8221; global_colors_info=&#8221;{}&#8221;][et_pb_row custom_padding_last_edited=&#8221;on|phone&#8221; _builder_version=&#8221;4.16&#8243; custom_padding=&#8221;46.6875px|0px|63px|0px&#8221; custom_padding_tablet=&#8221;&#8221; custom_padding_phone=&#8221;&#8221; global_colors_info=&#8221;{}&#8221;][et_pb_column type=&#8221;4_4&#8243; _builder_version=&#8221;4.16&#8243; custom_padding=&#8221;|||&#8221; global_colors_info=&#8221;{}&#8221; custom_padding__hover=&#8221;|||&#8221;][et_pb_text admin_label=&#8221;Ota yhteytt\u00e4 -otsikko&#8221; _builder_version=&#8221;4.16&#8243; text_orientation=&#8221;center&#8221; global_colors_info=&#8221;{}&#8221;]<\/p>\n<h1>Haluan liitty\u00e4 aktiivisten rotarytoimijoiden joukkoon<\/h1>\n<p>[\/et_pb_text][et_pb_text admin_label=&#8221;Teksti&#8221; _builder_version=&#8221;4.22.1&#8243; hover_enabled=&#8221;0&#8243; z_index_tablet=&#8221;500&#8243; global_colors_info=&#8221;{}&#8221; sticky_enabled=&#8221;0&#8243;]<\/p>\n<p style=\"text-align: center\">Rotarina sinulla on mahdollisuus toimia ja vaikuttaa paikallisyhteis\u00f6ss\u00e4si tai jopa kansainv\u00e4lisesti. Lis\u00e4ksi saat mahtavan sosiaalisen verkoston ja elinik\u00e4isi\u00e4 yst\u00e4vi\u00e4. Tule mukaan vaikuttamaan!<\/p>\n<p style=\"text-align: center\"><strong>T\u00e4yt\u00e4 alla olevat kohdat, niin v\u00e4lit\u00e4mme yhteystietosi sinua l\u00e4hell\u00e4 olevalle rotaryklubille.<\/strong><\/p>\n<p>[\/et_pb_text][et_pb_contact_form email=&#8221;piiri1410@gmail.com&#8221; custom_message=&#8221;Haluaisin liitty\u00e4 rotareihin ||et_pb_line_break_holder||Nimi %%Name%%||et_pb_line_break_holder||Klubi %%Klubi%% ||et_pb_line_break_holder||Viesti %%message%%||et_pb_line_break_holder||Puhelin %%Puhelin%%||et_pb_line_break_holder||S\u00e4hk\u00f6posti %%Email%%&#8221; success_message=&#8221;Viestisi on l\u00e4hetetty. Kiitos yhteydenotostasi!&#8221; _builder_version=&#8221;4.16&#8243; _unique_id=&#8221;2fde3216-78da-4d20-a323-5e57ff4d9277&#8243; form_field_background_color=&#8221;#ffffff&#8221; form_field_text_color=&#8221;#2ea3f2&#8243; hover_enabled=&#8221;0&#8243; z_index_tablet=&#8221;500&#8243; form_background_color=&#8221;#ffffff&#8221; global_colors_info=&#8221;{}&#8221; sticky_enabled=&#8221;0&#8243;][et_pb_contact_field field_id=&#8221;Name&#8221; field_title=&#8221;Nimi&#8221; _builder_version=&#8221;4.16&#8243; global_colors_info=&#8221;{}&#8221; button_text_size__hover_enabled=&#8221;off&#8221; button_one_text_size__hover_enabled=&#8221;off&#8221; button_two_text_size__hover_enabled=&#8221;off&#8221; button_text_color__hover_enabled=&#8221;off&#8221; button_one_text_color__hover_enabled=&#8221;off&#8221; button_two_text_color__hover_enabled=&#8221;off&#8221; button_border_width__hover_enabled=&#8221;off&#8221; button_one_border_width__hover_enabled=&#8221;off&#8221; button_two_border_width__hover_enabled=&#8221;off&#8221; button_border_color__hover_enabled=&#8221;off&#8221; button_one_border_color__hover_enabled=&#8221;off&#8221; button_two_border_color__hover_enabled=&#8221;off&#8221; button_border_radius__hover_enabled=&#8221;off&#8221; button_one_border_radius__hover_enabled=&#8221;off&#8221; button_two_border_radius__hover_enabled=&#8221;off&#8221; button_letter_spacing__hover_enabled=&#8221;off&#8221; button_one_letter_spacing__hover_enabled=&#8221;off&#8221; button_two_letter_spacing__hover_enabled=&#8221;off&#8221; button_bg_color__hover_enabled=&#8221;off&#8221; button_one_bg_color__hover_enabled=&#8221;off&#8221; button_two_bg_color__hover_enabled=&#8221;off&#8221;][\/et_pb_contact_field][et_pb_contact_field field_id=&#8221;Email&#8221; field_title=&#8221;S\u00e4hk\u00f6postiosoite&#8221; field_type=&#8221;email&#8221; _builder_version=&#8221;4.16&#8243; global_colors_info=&#8221;{}&#8221; button_text_size__hover_enabled=&#8221;off&#8221; button_one_text_size__hover_enabled=&#8221;off&#8221; button_two_text_size__hover_enabled=&#8221;off&#8221; button_text_color__hover_enabled=&#8221;off&#8221; button_one_text_color__hover_enabled=&#8221;off&#8221; button_two_text_color__hover_enabled=&#8221;off&#8221; button_border_width__hover_enabled=&#8221;off&#8221; button_one_border_width__hover_enabled=&#8221;off&#8221; button_two_border_width__hover_enabled=&#8221;off&#8221; button_border_color__hover_enabled=&#8221;off&#8221; button_one_border_color__hover_enabled=&#8221;off&#8221; button_two_border_color__hover_enabled=&#8221;off&#8221; button_border_radius__hover_enabled=&#8221;off&#8221; button_one_border_radius__hover_enabled=&#8221;off&#8221; button_two_border_radius__hover_enabled=&#8221;off&#8221; button_letter_spacing__hover_enabled=&#8221;off&#8221; button_one_letter_spacing__hover_enabled=&#8221;off&#8221; button_two_letter_spacing__hover_enabled=&#8221;off&#8221; button_bg_color__hover_enabled=&#8221;off&#8221; button_one_bg_color__hover_enabled=&#8221;off&#8221; button_two_bg_color__hover_enabled=&#8221;off&#8221;][\/et_pb_contact_field][et_pb_contact_field field_id=&#8221;Puhelin&#8221; field_title=&#8221;Puhelin&#8221; required_mark=&#8221;off&#8221; fullwidth_field=&#8221;on&#8221; _builder_version=&#8221;4.16&#8243; _module_preset=&#8221;default&#8221; global_colors_info=&#8221;{}&#8221;][\/et_pb_contact_field][et_pb_contact_field field_id=&#8221;Klubi&#8221; field_title=&#8221;Klubi\/paikkakunta&#8221; min_length=&#8221;4&#8243; required_mark=&#8221;off&#8221; fullwidth_field=&#8221;on&#8221; _builder_version=&#8221;4.16&#8243; _module_preset=&#8221;default&#8221; global_colors_info=&#8221;{}&#8221;][\/et_pb_contact_field][et_pb_contact_field field_id=&#8221;Message&#8221; field_title=&#8221;S\u00e4hk\u00f6postiviesti&#8221; field_type=&#8221;text&#8221; fullwidth_field=&#8221;on&#8221; _builder_version=&#8221;4.16&#8243; global_colors_info=&#8221;{}&#8221; button_text_size__hover_enabled=&#8221;off&#8221; button_one_text_size__hover_enabled=&#8221;off&#8221; button_two_text_size__hover_enabled=&#8221;off&#8221; button_text_color__hover_enabled=&#8221;off&#8221; button_one_text_color__hover_enabled=&#8221;off&#8221; button_two_text_color__hover_enabled=&#8221;off&#8221; button_border_width__hover_enabled=&#8221;off&#8221; button_one_border_width__hover_enabled=&#8221;off&#8221; button_two_border_width__hover_enabled=&#8221;off&#8221; button_border_color__hover_enabled=&#8221;off&#8221; button_one_border_color__hover_enabled=&#8221;off&#8221; button_two_border_color__hover_enabled=&#8221;off&#8221; button_border_radius__hover_enabled=&#8221;off&#8221; button_one_border_radius__hover_enabled=&#8221;off&#8221; button_two_border_radius__hover_enabled=&#8221;off&#8221; button_letter_spacing__hover_enabled=&#8221;off&#8221; button_one_letter_spacing__hover_enabled=&#8221;off&#8221; button_two_letter_spacing__hover_enabled=&#8221;off&#8221; button_bg_color__hover_enabled=&#8221;off&#8221; button_one_bg_color__hover_enabled=&#8221;off&#8221; button_two_bg_color__hover_enabled=&#8221;off&#8221;][\/et_pb_contact_field][\/et_pb_contact_form][\/et_pb_column][\/et_pb_row][\/et_pb_section]<\/p>\n","protected":false},"excerpt":{"rendered":"<p>Sinustako rotari?Haluan liitty\u00e4 aktiivisten rotarytoimijoiden joukkoonRotarina sinulla on mahdollisuus toimia ja vaikuttaa paikallisyhteis\u00f6ss\u00e4si tai jopa kansainv\u00e4lisesti. Lis\u00e4ksi saat mahtavan sosiaalisen verkoston ja elinik\u00e4isi\u00e4 yst\u00e4vi\u00e4. Tule mukaan vaikuttamaan! T\u00e4yt\u00e4 alla olevat kohdat, niin v\u00e4lit\u00e4mme yhteystietosi sinua l\u00e4hell\u00e4 olevalle rotaryklubille.<\/p>\n","protected":false},"author":384,"featured_media":0,"parent":658,"menu_order":0,"comment_status":"closed","ping_status":"closed","template":"","meta":{"_acf_changed":false,"_et_pb_use_builder":"on","_et_pb_old_content":"","_et_gb_content_width":"","footnotes":""},"class_list":["post-3714","page","type-page","status-publish","hentry"],"acf":[],"yoast_head":"<!-- This site is optimized with the Yoast SEO plugin v27.4 - https:\/\/yoast.com\/product\/yoast-seo-wordpress\/ -->\n<title>Olen kiinnostunut liittym\u00e4\u00e4n rotaryklubin j\u00e4seneksi - Piiri 1410<\/title>\n<meta name=\"robots\" content=\"index, follow, max-snippet:-1, max-image-preview:large, max-video-preview:-1\" \/>\n<link rel=\"canonical\" href=\"https:\/\/rotary.fi\/d1410\/kiinnostaako-jasenyys\/olen-kiinnostunut-liittymaan-rotaryklubin-jaseneksi\/\" \/>\n<meta property=\"og:locale\" content=\"fi_FI\" \/>\n<meta property=\"og:type\" content=\"article\" \/>\n<meta property=\"og:title\" content=\"Olen kiinnostunut liittym\u00e4\u00e4n rotaryklubin j\u00e4seneksi - Piiri 1410\" \/>\n<meta property=\"og:description\" content=\"Sinustako rotari?Haluan liitty\u00e4 aktiivisten rotarytoimijoiden joukkoonRotarina sinulla on mahdollisuus toimia ja vaikuttaa paikallisyhteis\u00f6ss\u00e4si tai jopa kansainv\u00e4lisesti. Lis\u00e4ksi saat mahtavan sosiaalisen verkoston ja elinik\u00e4isi\u00e4 yst\u00e4vi\u00e4. Tule mukaan vaikuttamaan! T\u00e4yt\u00e4 alla olevat kohdat, niin v\u00e4lit\u00e4mme yhteystietosi sinua l\u00e4hell\u00e4 olevalle rotaryklubille.\" \/>\n<meta property=\"og:url\" content=\"https:\/\/rotary.fi\/d1410\/kiinnostaako-jasenyys\/olen-kiinnostunut-liittymaan-rotaryklubin-jaseneksi\/\" \/>\n<meta property=\"og:site_name\" content=\"Piiri 1410\" \/>\n<meta property=\"article:publisher\" content=\"https:\/\/www.facebook.com\/rotary\/\" \/>\n<meta property=\"article:modified_time\" content=\"2024-03-20T19:06:16+00:00\" \/>\n<meta name=\"twitter:card\" content=\"summary_large_image\" \/>\n<meta name=\"twitter:label1\" content=\"Arvioitu lukuaika\" \/>\n\t<meta name=\"twitter:data1\" content=\"1 minuutti\" \/>\n<script type=\"application\/ld+json\" class=\"yoast-schema-graph\">{\"@context\":\"https:\\\/\\\/schema.org\",\"@graph\":[{\"@type\":\"WebPage\",\"@id\":\"https:\\\/\\\/rotary.fi\\\/d1410\\\/kiinnostaako-jasenyys\\\/olen-kiinnostunut-liittymaan-rotaryklubin-jaseneksi\\\/\",\"url\":\"https:\\\/\\\/rotary.fi\\\/d1410\\\/kiinnostaako-jasenyys\\\/olen-kiinnostunut-liittymaan-rotaryklubin-jaseneksi\\\/\",\"name\":\"Olen kiinnostunut liittym\u00e4\u00e4n rotaryklubin j\u00e4seneksi - Piiri 1410\",\"isPartOf\":{\"@id\":\"https:\\\/\\\/rotary.fi\\\/d1410\\\/#website\"},\"datePublished\":\"2021-07-29T13:40:59+00:00\",\"dateModified\":\"2024-03-20T19:06:16+00:00\",\"breadcrumb\":{\"@id\":\"https:\\\/\\\/rotary.fi\\\/d1410\\\/kiinnostaako-jasenyys\\\/olen-kiinnostunut-liittymaan-rotaryklubin-jaseneksi\\\/#breadcrumb\"},\"inLanguage\":\"fi\",\"potentialAction\":[{\"@type\":\"ReadAction\",\"target\":[\"https:\\\/\\\/rotary.fi\\\/d1410\\\/kiinnostaako-jasenyys\\\/olen-kiinnostunut-liittymaan-rotaryklubin-jaseneksi\\\/\"]}]},{\"@type\":\"BreadcrumbList\",\"@id\":\"https:\\\/\\\/rotary.fi\\\/d1410\\\/kiinnostaako-jasenyys\\\/olen-kiinnostunut-liittymaan-rotaryklubin-jaseneksi\\\/#breadcrumb\",\"itemListElement\":[{\"@type\":\"ListItem\",\"position\":1,\"name\":\"Home\",\"item\":\"https:\\\/\\\/rotary.fi\\\/d1410\\\/\"},{\"@type\":\"ListItem\",\"position\":2,\"name\":\"Sinustako rotari?\",\"item\":\"https:\\\/\\\/rotary.fi\\\/d1410\\\/kiinnostaako-jasenyys\\\/\"},{\"@type\":\"ListItem\",\"position\":3,\"name\":\"Olen kiinnostunut liittym\u00e4\u00e4n rotaryklubin j\u00e4seneksi\"}]},{\"@type\":\"WebSite\",\"@id\":\"https:\\\/\\\/rotary.fi\\\/d1410\\\/#website\",\"url\":\"https:\\\/\\\/rotary.fi\\\/d1410\\\/\",\"name\":\"Piiri 1410\",\"description\":\"Suomen Rotary\",\"potentialAction\":[{\"@type\":\"SearchAction\",\"target\":{\"@type\":\"EntryPoint\",\"urlTemplate\":\"https:\\\/\\\/rotary.fi\\\/d1410\\\/?s={search_term_string}\"},\"query-input\":{\"@type\":\"PropertyValueSpecification\",\"valueRequired\":true,\"valueName\":\"search_term_string\"}}],\"inLanguage\":\"fi\"}]}<\/script>\n<!-- \/ Yoast SEO plugin. -->","yoast_head_json":{"title":"Olen kiinnostunut liittym\u00e4\u00e4n rotaryklubin j\u00e4seneksi - Piiri 1410","robots":{"index":"index","follow":"follow","max-snippet":"max-snippet:-1","max-image-preview":"max-image-preview:large","max-video-preview":"max-video-preview:-1"},"canonical":"https:\/\/rotary.fi\/d1410\/kiinnostaako-jasenyys\/olen-kiinnostunut-liittymaan-rotaryklubin-jaseneksi\/","og_locale":"fi_FI","og_type":"article","og_title":"Olen kiinnostunut liittym\u00e4\u00e4n rotaryklubin j\u00e4seneksi - Piiri 1410","og_description":"Sinustako rotari?Haluan liitty\u00e4 aktiivisten rotarytoimijoiden joukkoonRotarina sinulla on mahdollisuus toimia ja vaikuttaa paikallisyhteis\u00f6ss\u00e4si tai jopa kansainv\u00e4lisesti. Lis\u00e4ksi saat mahtavan sosiaalisen verkoston ja elinik\u00e4isi\u00e4 yst\u00e4vi\u00e4. Tule mukaan vaikuttamaan! T\u00e4yt\u00e4 alla olevat kohdat, niin v\u00e4lit\u00e4mme yhteystietosi sinua l\u00e4hell\u00e4 olevalle rotaryklubille.","og_url":"https:\/\/rotary.fi\/d1410\/kiinnostaako-jasenyys\/olen-kiinnostunut-liittymaan-rotaryklubin-jaseneksi\/","og_site_name":"Piiri 1410","article_publisher":"https:\/\/www.facebook.com\/rotary\/","article_modified_time":"2024-03-20T19:06:16+00:00","twitter_card":"summary_large_image","twitter_misc":{"Arvioitu lukuaika":"1 minuutti"},"schema":{"@context":"https:\/\/schema.org","@graph":[{"@type":"WebPage","@id":"https:\/\/rotary.fi\/d1410\/kiinnostaako-jasenyys\/olen-kiinnostunut-liittymaan-rotaryklubin-jaseneksi\/","url":"https:\/\/rotary.fi\/d1410\/kiinnostaako-jasenyys\/olen-kiinnostunut-liittymaan-rotaryklubin-jaseneksi\/","name":"Olen kiinnostunut liittym\u00e4\u00e4n rotaryklubin j\u00e4seneksi - Piiri 1410","isPartOf":{"@id":"https:\/\/rotary.fi\/d1410\/#website"},"datePublished":"2021-07-29T13:40:59+00:00","dateModified":"2024-03-20T19:06:16+00:00","breadcrumb":{"@id":"https:\/\/rotary.fi\/d1410\/kiinnostaako-jasenyys\/olen-kiinnostunut-liittymaan-rotaryklubin-jaseneksi\/#breadcrumb"},"inLanguage":"fi","potentialAction":[{"@type":"ReadAction","target":["https:\/\/rotary.fi\/d1410\/kiinnostaako-jasenyys\/olen-kiinnostunut-liittymaan-rotaryklubin-jaseneksi\/"]}]},{"@type":"BreadcrumbList","@id":"https:\/\/rotary.fi\/d1410\/kiinnostaako-jasenyys\/olen-kiinnostunut-liittymaan-rotaryklubin-jaseneksi\/#breadcrumb","itemListElement":[{"@type":"ListItem","position":1,"name":"Home","item":"https:\/\/rotary.fi\/d1410\/"},{"@type":"ListItem","position":2,"name":"Sinustako rotari?","item":"https:\/\/rotary.fi\/d1410\/kiinnostaako-jasenyys\/"},{"@type":"ListItem","position":3,"name":"Olen kiinnostunut liittym\u00e4\u00e4n rotaryklubin j\u00e4seneksi"}]},{"@type":"WebSite","@id":"https:\/\/rotary.fi\/d1410\/#website","url":"https:\/\/rotary.fi\/d1410\/","name":"Piiri 1410","description":"Suomen Rotary","potentialAction":[{"@type":"SearchAction","target":{"@type":"EntryPoint","urlTemplate":"https:\/\/rotary.fi\/d1410\/?s={search_term_string}"},"query-input":{"@type":"PropertyValueSpecification","valueRequired":true,"valueName":"search_term_string"}}],"inLanguage":"fi"}]}},"lang":"fi","translations":{"fi":3714,"sv":4182,"en":4395},"pll_sync_post":[],"_links":{"self":[{"href":"https:\/\/rotary.fi\/d1410\/wp-json\/wp\/v2\/pages\/3714","targetHints":{"allow":["GET"]}}],"collection":[{"href":"https:\/\/rotary.fi\/d1410\/wp-json\/wp\/v2\/pages"}],"about":[{"href":"https:\/\/rotary.fi\/d1410\/wp-json\/wp\/v2\/types\/page"}],"author":[{"embeddable":true,"href":"https:\/\/rotary.fi\/d1410\/wp-json\/wp\/v2\/users\/384"}],"replies":[{"embeddable":true,"href":"https:\/\/rotary.fi\/d1410\/wp-json\/wp\/v2\/comments?post=3714"}],"version-history":[{"count":9,"href":"https:\/\/rotary.fi\/d1410\/wp-json\/wp\/v2\/pages\/3714\/revisions"}],"predecessor-version":[{"id":6907,"href":"https:\/\/rotary.fi\/d1410\/wp-json\/wp\/v2\/pages\/3714\/revisions\/6907"}],"up":[{"embeddable":true,"href":"https:\/\/rotary.fi\/d1410\/wp-json\/wp\/v2\/pages\/658"}],"wp:attachment":[{"href":"https:\/\/rotary.fi\/d1410\/wp-json\/wp\/v2\/media?parent=3714"}],"curies":[{"name":"wp","href":"https:\/\/api.w.org\/{rel}","templated":true}]}}