{"id":3694,"date":"2021-07-29T12:29:24","date_gmt":"2021-07-29T10:29:24","guid":{"rendered":"https:\/\/rotary.fi\/d1410\/?page_id=3694"},"modified":"2025-06-15T08:27:15","modified_gmt":"2025-06-15T06:27:15","slug":"kuvernoorin-nimeamiskomitea","status":"publish","type":"page","link":"https:\/\/rotary.fi\/d1410\/rotarypiiri1410\/piirin-organisaatio\/kuvernoorin-nimeamiskomitea\/","title":{"rendered":"Kuvern\u00f6\u00f6rin nime\u00e4miskomitea"},"content":{"rendered":"<p>Puheenjohtaja \u2013 Ordf\u00f6rande \u2013 Chairperson<br \/>\n<strong>DG Matti Hakoila, <\/strong>Turku Aboa Nova<\/p>\n<p>J\u00e4senet \u2013 Medlemmar \u2013 Members<br \/>\n<strong>PDG Aaro S\u00f6derlund<\/strong>, Nagu Rotaryklubb<br \/>\n<strong>PDG Martti Sj\u00f6lund<\/strong>, Laitila<\/p>\n<p>ja nelj\u00e4 piirineuvottelussa arvottua klubia \u2013 och fyra klubbar utsedda genom lottning vid distriktssamr\u00e5det \u2013 and<br \/>\nfour clubs chosen by ballot at the District Assembly<br \/>\n<strong>1. Piikki\u00f6 RC<\/strong><br \/>\n<strong>2. Kemi\u00f6nsaari RC<\/strong><br \/>\n<strong>3. Reach Salo RC<\/strong><br \/>\n<strong>4. Pori Kuninkaankartano RC<\/strong><\/p>\n<p>Varalla &#8211; Ers\u00e4ttare \u2013 Vice Representative<br \/>\n<strong>1. Eurajoki RC<\/strong><br \/>\n<strong>2. Forssa RC<\/strong><br \/>\n<strong>3. Lieto RC<\/strong><br \/>\n<strong>4. Rauma RC<\/strong><\/p>\n","protected":false},"excerpt":{"rendered":"<p>Puheenjohtaja \u2013 Ordf\u00f6rande \u2013 Chairperson DG Matti Hakoila, Turku Aboa Nova J\u00e4senet \u2013 Medlemmar \u2013 Members PDG Aaro S\u00f6derlund, Nagu Rotaryklubb PDG Martti Sj\u00f6lund, Laitila ja nelj\u00e4 piirineuvottelussa arvottua klubia \u2013 och fyra klubbar utsedda genom lottning vid distriktssamr\u00e5det \u2013 and four clubs chosen by ballot at the District Assembly 1. Piikki\u00f6 RC 2. Kemi\u00f6nsaari [&hellip;]<\/p>\n","protected":false},"author":384,"featured_media":0,"parent":2037,"menu_order":9,"comment_status":"closed","ping_status":"closed","template":"page-template-blank.php","meta":{"_acf_changed":false,"_et_pb_use_builder":"","_et_pb_old_content":"","_et_gb_content_width":"","footnotes":""},"class_list":["post-3694","page","type-page","status-publish","hentry"],"acf":[],"yoast_head":"<!-- This site is optimized with the Yoast SEO plugin v27.0 - https:\/\/yoast.com\/product\/yoast-seo-wordpress\/ -->\n<title>Kuvern\u00f6\u00f6rin nime\u00e4miskomitea - Piiri 1410<\/title>\n<meta name=\"robots\" content=\"index, follow, max-snippet:-1, max-image-preview:large, max-video-preview:-1\" \/>\n<link rel=\"canonical\" href=\"https:\/\/rotary.fi\/d1410\/rotarypiiri1410\/piirin-organisaatio\/kuvernoorin-nimeamiskomitea\/\" \/>\n<meta property=\"og:locale\" content=\"fi_FI\" \/>\n<meta property=\"og:type\" content=\"article\" \/>\n<meta property=\"og:title\" content=\"Kuvern\u00f6\u00f6rin nime\u00e4miskomitea - Piiri 1410\" \/>\n<meta property=\"og:description\" content=\"Puheenjohtaja \u2013 Ordf\u00f6rande \u2013 Chairperson DG Matti Hakoila, Turku Aboa Nova J\u00e4senet \u2013 Medlemmar \u2013 Members PDG Aaro S\u00f6derlund, Nagu Rotaryklubb PDG Martti Sj\u00f6lund, Laitila ja nelj\u00e4 piirineuvottelussa arvottua klubia \u2013 och fyra klubbar utsedda genom lottning vid distriktssamr\u00e5det \u2013 and four clubs chosen by ballot at the District Assembly 1. Piikki\u00f6 RC 2. Kemi\u00f6nsaari [&hellip;]\" \/>\n<meta property=\"og:url\" content=\"https:\/\/rotary.fi\/d1410\/rotarypiiri1410\/piirin-organisaatio\/kuvernoorin-nimeamiskomitea\/\" \/>\n<meta property=\"og:site_name\" content=\"Piiri 1410\" \/>\n<meta property=\"article:publisher\" content=\"https:\/\/www.facebook.com\/rotary\/\" \/>\n<meta property=\"article:modified_time\" content=\"2025-06-15T06:27:15+00:00\" \/>\n<meta name=\"twitter:card\" content=\"summary_large_image\" \/>\n<meta name=\"twitter:label1\" content=\"Arvioitu lukuaika\" \/>\n\t<meta name=\"twitter:data1\" content=\"1 minuutti\" \/>\n<script type=\"application\/ld+json\" class=\"yoast-schema-graph\">{\"@context\":\"https:\/\/schema.org\",\"@graph\":[{\"@type\":\"WebPage\",\"@id\":\"https:\/\/rotary.fi\/d1410\/rotarypiiri1410\/piirin-organisaatio\/kuvernoorin-nimeamiskomitea\/\",\"url\":\"https:\/\/rotary.fi\/d1410\/rotarypiiri1410\/piirin-organisaatio\/kuvernoorin-nimeamiskomitea\/\",\"name\":\"Kuvern\u00f6\u00f6rin nime\u00e4miskomitea - Piiri 1410\",\"isPartOf\":{\"@id\":\"https:\/\/rotary.fi\/d1410\/#website\"},\"datePublished\":\"2021-07-29T10:29:24+00:00\",\"dateModified\":\"2025-06-15T06:27:15+00:00\",\"breadcrumb\":{\"@id\":\"https:\/\/rotary.fi\/d1410\/rotarypiiri1410\/piirin-organisaatio\/kuvernoorin-nimeamiskomitea\/#breadcrumb\"},\"inLanguage\":\"fi\",\"potentialAction\":[{\"@type\":\"ReadAction\",\"target\":[\"https:\/\/rotary.fi\/d1410\/rotarypiiri1410\/piirin-organisaatio\/kuvernoorin-nimeamiskomitea\/\"]}]},{\"@type\":\"BreadcrumbList\",\"@id\":\"https:\/\/rotary.fi\/d1410\/rotarypiiri1410\/piirin-organisaatio\/kuvernoorin-nimeamiskomitea\/#breadcrumb\",\"itemListElement\":[{\"@type\":\"ListItem\",\"position\":1,\"name\":\"Home\",\"item\":\"https:\/\/rotary.fi\/d1410\/\"},{\"@type\":\"ListItem\",\"position\":2,\"name\":\"Rotarypiiri 1410\",\"item\":\"https:\/\/rotary.fi\/d1410\/rotarypiiri1410\/\"},{\"@type\":\"ListItem\",\"position\":3,\"name\":\"Piirin organisaatio\",\"item\":\"https:\/\/rotary.fi\/d1410\/rotarypiiri1410\/piirin-organisaatio\/\"},{\"@type\":\"ListItem\",\"position\":4,\"name\":\"Kuvern\u00f6\u00f6rin nime\u00e4miskomitea\"}]},{\"@type\":\"WebSite\",\"@id\":\"https:\/\/rotary.fi\/d1410\/#website\",\"url\":\"https:\/\/rotary.fi\/d1410\/\",\"name\":\"Piiri 1410\",\"description\":\"Suomen Rotary\",\"potentialAction\":[{\"@type\":\"SearchAction\",\"target\":{\"@type\":\"EntryPoint\",\"urlTemplate\":\"https:\/\/rotary.fi\/d1410\/?s={search_term_string}\"},\"query-input\":{\"@type\":\"PropertyValueSpecification\",\"valueRequired\":true,\"valueName\":\"search_term_string\"}}],\"inLanguage\":\"fi\"}]}<\/script>\n<!-- \/ Yoast SEO plugin. -->","yoast_head_json":{"title":"Kuvern\u00f6\u00f6rin nime\u00e4miskomitea - Piiri 1410","robots":{"index":"index","follow":"follow","max-snippet":"max-snippet:-1","max-image-preview":"max-image-preview:large","max-video-preview":"max-video-preview:-1"},"canonical":"https:\/\/rotary.fi\/d1410\/rotarypiiri1410\/piirin-organisaatio\/kuvernoorin-nimeamiskomitea\/","og_locale":"fi_FI","og_type":"article","og_title":"Kuvern\u00f6\u00f6rin nime\u00e4miskomitea - Piiri 1410","og_description":"Puheenjohtaja \u2013 Ordf\u00f6rande \u2013 Chairperson DG Matti Hakoila, Turku Aboa Nova J\u00e4senet \u2013 Medlemmar \u2013 Members PDG Aaro S\u00f6derlund, Nagu Rotaryklubb PDG Martti Sj\u00f6lund, Laitila ja nelj\u00e4 piirineuvottelussa arvottua klubia \u2013 och fyra klubbar utsedda genom lottning vid distriktssamr\u00e5det \u2013 and four clubs chosen by ballot at the District Assembly 1. Piikki\u00f6 RC 2. Kemi\u00f6nsaari [&hellip;]","og_url":"https:\/\/rotary.fi\/d1410\/rotarypiiri1410\/piirin-organisaatio\/kuvernoorin-nimeamiskomitea\/","og_site_name":"Piiri 1410","article_publisher":"https:\/\/www.facebook.com\/rotary\/","article_modified_time":"2025-06-15T06:27:15+00:00","twitter_card":"summary_large_image","twitter_misc":{"Arvioitu lukuaika":"1 minuutti"},"schema":{"@context":"https:\/\/schema.org","@graph":[{"@type":"WebPage","@id":"https:\/\/rotary.fi\/d1410\/rotarypiiri1410\/piirin-organisaatio\/kuvernoorin-nimeamiskomitea\/","url":"https:\/\/rotary.fi\/d1410\/rotarypiiri1410\/piirin-organisaatio\/kuvernoorin-nimeamiskomitea\/","name":"Kuvern\u00f6\u00f6rin nime\u00e4miskomitea - Piiri 1410","isPartOf":{"@id":"https:\/\/rotary.fi\/d1410\/#website"},"datePublished":"2021-07-29T10:29:24+00:00","dateModified":"2025-06-15T06:27:15+00:00","breadcrumb":{"@id":"https:\/\/rotary.fi\/d1410\/rotarypiiri1410\/piirin-organisaatio\/kuvernoorin-nimeamiskomitea\/#breadcrumb"},"inLanguage":"fi","potentialAction":[{"@type":"ReadAction","target":["https:\/\/rotary.fi\/d1410\/rotarypiiri1410\/piirin-organisaatio\/kuvernoorin-nimeamiskomitea\/"]}]},{"@type":"BreadcrumbList","@id":"https:\/\/rotary.fi\/d1410\/rotarypiiri1410\/piirin-organisaatio\/kuvernoorin-nimeamiskomitea\/#breadcrumb","itemListElement":[{"@type":"ListItem","position":1,"name":"Home","item":"https:\/\/rotary.fi\/d1410\/"},{"@type":"ListItem","position":2,"name":"Rotarypiiri 1410","item":"https:\/\/rotary.fi\/d1410\/rotarypiiri1410\/"},{"@type":"ListItem","position":3,"name":"Piirin organisaatio","item":"https:\/\/rotary.fi\/d1410\/rotarypiiri1410\/piirin-organisaatio\/"},{"@type":"ListItem","position":4,"name":"Kuvern\u00f6\u00f6rin nime\u00e4miskomitea"}]},{"@type":"WebSite","@id":"https:\/\/rotary.fi\/d1410\/#website","url":"https:\/\/rotary.fi\/d1410\/","name":"Piiri 1410","description":"Suomen Rotary","potentialAction":[{"@type":"SearchAction","target":{"@type":"EntryPoint","urlTemplate":"https:\/\/rotary.fi\/d1410\/?s={search_term_string}"},"query-input":{"@type":"PropertyValueSpecification","valueRequired":true,"valueName":"search_term_string"}}],"inLanguage":"fi"}]}},"lang":"fi","translations":{"fi":3694},"pll_sync_post":[],"_links":{"self":[{"href":"https:\/\/rotary.fi\/d1410\/wp-json\/wp\/v2\/pages\/3694","targetHints":{"allow":["GET"]}}],"collection":[{"href":"https:\/\/rotary.fi\/d1410\/wp-json\/wp\/v2\/pages"}],"about":[{"href":"https:\/\/rotary.fi\/d1410\/wp-json\/wp\/v2\/types\/page"}],"author":[{"embeddable":true,"href":"https:\/\/rotary.fi\/d1410\/wp-json\/wp\/v2\/users\/384"}],"replies":[{"embeddable":true,"href":"https:\/\/rotary.fi\/d1410\/wp-json\/wp\/v2\/comments?post=3694"}],"version-history":[{"count":9,"href":"https:\/\/rotary.fi\/d1410\/wp-json\/wp\/v2\/pages\/3694\/revisions"}],"predecessor-version":[{"id":8469,"href":"https:\/\/rotary.fi\/d1410\/wp-json\/wp\/v2\/pages\/3694\/revisions\/8469"}],"up":[{"embeddable":true,"href":"https:\/\/rotary.fi\/d1410\/wp-json\/wp\/v2\/pages\/2037"}],"wp:attachment":[{"href":"https:\/\/rotary.fi\/d1410\/wp-json\/wp\/v2\/media?parent=3694"}],"curies":[{"name":"wp","href":"https:\/\/api.w.org\/{rel}","templated":true}]}}