{"id":3685,"date":"2021-07-29T12:23:11","date_gmt":"2021-07-29T10:23:11","guid":{"rendered":"https:\/\/rotary.fi\/d1410\/?page_id=3685"},"modified":"2025-06-04T19:51:05","modified_gmt":"2025-06-04T17:51:05","slug":"ymparistokomitea","status":"publish","type":"page","link":"https:\/\/rotary.fi\/d1410\/rotarypiiri1410\/piirin-organisaatio\/ymparistokomitea\/","title":{"rendered":"Ymp\u00e4rist\u00f6komitea"},"content":{"rendered":"<p>[et_pb_section fb_built=&#8221;1&#8243; admin_label=&#8221;section&#8221; _builder_version=&#8221;4.16&#8243; global_colors_info=&#8221;{}&#8221;][et_pb_row admin_label=&#8221;row&#8221; _builder_version=&#8221;4.16&#8243; background_size=&#8221;initial&#8221; background_position=&#8221;top_left&#8221; background_repeat=&#8221;repeat&#8221; global_colors_info=&#8221;{}&#8221;][et_pb_column type=&#8221;4_4&#8243; _builder_version=&#8221;4.16&#8243; custom_padding=&#8221;|||&#8221; global_colors_info=&#8221;{}&#8221; custom_padding__hover=&#8221;|||&#8221;][et_pb_text admin_label=&#8221;Text&#8221; _builder_version=&#8221;4.27.4&#8243; background_size=&#8221;initial&#8221; background_position=&#8221;top_left&#8221; background_repeat=&#8221;repeat&#8221; hover_enabled=&#8221;0&#8243; global_colors_info=&#8221;{}&#8221; sticky_enabled=&#8221;0&#8243;]<\/p>\n<p>Puheenjohtaja \u2013 Ordf\u00f6rande \u2013 Chairperson<br \/><strong>Rainer Huopalahti<\/strong>, Turku-\u00c5bo<br \/>Mobile +358-40-537 7442<br \/>E-mail: rainer.huopalahti@utu.fi<\/p>\n<p>J\u00e4senet \u2013 Medlemmar \u2013 Members<\/p>\n<p style=\"font-weight: 400\">Matti Vetri\u00f6, Turku Samppalinna<br \/>Heidi Hilska, Raisio<br \/>Tiina Sj\u00f6lund, Laitila<br \/>Tapani Kaarlas, Turku Sirkkala<br \/>Ralf Karlson, Kimito\u00f6n-Kemi\u00f6nsaari<br \/>Elisa Vuorinen, Raisio-Jokilaakso<\/p>\n<p>[\/et_pb_text][\/et_pb_column][\/et_pb_row][\/et_pb_section]<\/p>\n","protected":false},"excerpt":{"rendered":"<p>Puheenjohtaja \u2013 Ordf\u00f6rande \u2013 ChairpersonRainer Huopalahti, Turku-\u00c5boMobile +358-40-537 7442E-mail: rainer.huopalahti@utu.fi J\u00e4senet \u2013 Medlemmar \u2013 Members Matti Vetri\u00f6, Turku SamppalinnaHeidi Hilska, RaisioTiina Sj\u00f6lund, LaitilaTapani Kaarlas, Turku SirkkalaRalf Karlson, Kimito\u00f6n-Kemi\u00f6nsaariElisa Vuorinen, Raisio-Jokilaakso<\/p>\n","protected":false},"author":384,"featured_media":0,"parent":2037,"menu_order":6,"comment_status":"closed","ping_status":"closed","template":"page-template-blank.php","meta":{"_acf_changed":false,"_et_pb_use_builder":"on","_et_pb_old_content":"Puheenjohtaja \u2013 Ordf\u00f6rande \u2013 Chairperson\r\n<strong>Rainer Huopalahti<\/strong>, Turku-\u00c5bo\r\nMobile +358-40-537 7442\r\nE-mail: rainer.huopalahti@utu.fi\r\n\r\nJ\u00e4senet \u2013 Medlemmar \u2013 Members\r\n<strong>Tiina Sj\u00f6lund<\/strong>, Laitila\r\nMobile +358-440 854 611\r\nE-mail: tiina@pulmaton.fi\r\n\r\n<strong>Matti Hakoila<\/strong>, Turku Aboa Nova\r\nMobile +358-400-536 594\r\nE-mail: matti.hakoila@diversey.com\r\n\r\n<strong>Heidi Hilska<\/strong>, Raisio\r\nMobile +358-50-443 2044\r\nE-mail: hilskaheidi@gmail.com\r\n\r\n<strong>Tapani Kaarlas<\/strong>, Turku Sirkkala\r\nMobile +358-500 722 820\r\nE-mail: tapani.kaarlas@gmail.com\r\n\r\n<strong>Ralf Karlson<\/strong>, Kimito\u00f6 - Kemi\u00f6nsaari\r\nMobile +358-405 954 657\r\nE-mail: ralf.karlson@gmail.com\r\n\r\n\u00a0","_et_gb_content_width":"","footnotes":""},"class_list":["post-3685","page","type-page","status-publish","hentry"],"acf":[],"yoast_head":"<!-- This site is optimized with the Yoast SEO plugin v27.4 - https:\/\/yoast.com\/product\/yoast-seo-wordpress\/ -->\n<title>Ymp\u00e4rist\u00f6komitea - Piiri 1410<\/title>\n<meta name=\"robots\" content=\"index, follow, max-snippet:-1, max-image-preview:large, max-video-preview:-1\" \/>\n<link rel=\"canonical\" href=\"https:\/\/rotary.fi\/d1410\/rotarypiiri1410\/piirin-organisaatio\/ymparistokomitea\/\" \/>\n<meta property=\"og:locale\" content=\"fi_FI\" \/>\n<meta property=\"og:type\" content=\"article\" \/>\n<meta property=\"og:title\" content=\"Ymp\u00e4rist\u00f6komitea - Piiri 1410\" \/>\n<meta property=\"og:description\" content=\"Puheenjohtaja \u2013 Ordf\u00f6rande \u2013 ChairpersonRainer Huopalahti, Turku-\u00c5boMobile +358-40-537 7442E-mail: rainer.huopalahti@utu.fi J\u00e4senet \u2013 Medlemmar \u2013 Members Matti Vetri\u00f6, Turku SamppalinnaHeidi Hilska, RaisioTiina Sj\u00f6lund, LaitilaTapani Kaarlas, Turku SirkkalaRalf Karlson, Kimito\u00f6n-Kemi\u00f6nsaariElisa Vuorinen, Raisio-Jokilaakso\" \/>\n<meta property=\"og:url\" content=\"https:\/\/rotary.fi\/d1410\/rotarypiiri1410\/piirin-organisaatio\/ymparistokomitea\/\" \/>\n<meta property=\"og:site_name\" content=\"Piiri 1410\" \/>\n<meta property=\"article:publisher\" content=\"https:\/\/www.facebook.com\/rotary\/\" \/>\n<meta property=\"article:modified_time\" content=\"2025-06-04T17:51:05+00:00\" \/>\n<meta name=\"twitter:card\" content=\"summary_large_image\" \/>\n<meta name=\"twitter:label1\" content=\"Arvioitu lukuaika\" \/>\n\t<meta name=\"twitter:data1\" content=\"1 minuutti\" \/>\n<script type=\"application\/ld+json\" class=\"yoast-schema-graph\">{\"@context\":\"https:\\\/\\\/schema.org\",\"@graph\":[{\"@type\":\"WebPage\",\"@id\":\"https:\\\/\\\/rotary.fi\\\/d1410\\\/rotarypiiri1410\\\/piirin-organisaatio\\\/ymparistokomitea\\\/\",\"url\":\"https:\\\/\\\/rotary.fi\\\/d1410\\\/rotarypiiri1410\\\/piirin-organisaatio\\\/ymparistokomitea\\\/\",\"name\":\"Ymp\u00e4rist\u00f6komitea - Piiri 1410\",\"isPartOf\":{\"@id\":\"https:\\\/\\\/rotary.fi\\\/d1410\\\/#website\"},\"datePublished\":\"2021-07-29T10:23:11+00:00\",\"dateModified\":\"2025-06-04T17:51:05+00:00\",\"breadcrumb\":{\"@id\":\"https:\\\/\\\/rotary.fi\\\/d1410\\\/rotarypiiri1410\\\/piirin-organisaatio\\\/ymparistokomitea\\\/#breadcrumb\"},\"inLanguage\":\"fi\",\"potentialAction\":[{\"@type\":\"ReadAction\",\"target\":[\"https:\\\/\\\/rotary.fi\\\/d1410\\\/rotarypiiri1410\\\/piirin-organisaatio\\\/ymparistokomitea\\\/\"]}]},{\"@type\":\"BreadcrumbList\",\"@id\":\"https:\\\/\\\/rotary.fi\\\/d1410\\\/rotarypiiri1410\\\/piirin-organisaatio\\\/ymparistokomitea\\\/#breadcrumb\",\"itemListElement\":[{\"@type\":\"ListItem\",\"position\":1,\"name\":\"Home\",\"item\":\"https:\\\/\\\/rotary.fi\\\/d1410\\\/\"},{\"@type\":\"ListItem\",\"position\":2,\"name\":\"Rotarypiiri 1410\",\"item\":\"https:\\\/\\\/rotary.fi\\\/d1410\\\/rotarypiiri1410\\\/\"},{\"@type\":\"ListItem\",\"position\":3,\"name\":\"Piirin organisaatio\",\"item\":\"https:\\\/\\\/rotary.fi\\\/d1410\\\/rotarypiiri1410\\\/piirin-organisaatio\\\/\"},{\"@type\":\"ListItem\",\"position\":4,\"name\":\"Ymp\u00e4rist\u00f6komitea\"}]},{\"@type\":\"WebSite\",\"@id\":\"https:\\\/\\\/rotary.fi\\\/d1410\\\/#website\",\"url\":\"https:\\\/\\\/rotary.fi\\\/d1410\\\/\",\"name\":\"Piiri 1410\",\"description\":\"Suomen Rotary\",\"potentialAction\":[{\"@type\":\"SearchAction\",\"target\":{\"@type\":\"EntryPoint\",\"urlTemplate\":\"https:\\\/\\\/rotary.fi\\\/d1410\\\/?s={search_term_string}\"},\"query-input\":{\"@type\":\"PropertyValueSpecification\",\"valueRequired\":true,\"valueName\":\"search_term_string\"}}],\"inLanguage\":\"fi\"}]}<\/script>\n<!-- \/ Yoast SEO plugin. -->","yoast_head_json":{"title":"Ymp\u00e4rist\u00f6komitea - Piiri 1410","robots":{"index":"index","follow":"follow","max-snippet":"max-snippet:-1","max-image-preview":"max-image-preview:large","max-video-preview":"max-video-preview:-1"},"canonical":"https:\/\/rotary.fi\/d1410\/rotarypiiri1410\/piirin-organisaatio\/ymparistokomitea\/","og_locale":"fi_FI","og_type":"article","og_title":"Ymp\u00e4rist\u00f6komitea - Piiri 1410","og_description":"Puheenjohtaja \u2013 Ordf\u00f6rande \u2013 ChairpersonRainer Huopalahti, Turku-\u00c5boMobile +358-40-537 7442E-mail: rainer.huopalahti@utu.fi J\u00e4senet \u2013 Medlemmar \u2013 Members Matti Vetri\u00f6, Turku SamppalinnaHeidi Hilska, RaisioTiina Sj\u00f6lund, LaitilaTapani Kaarlas, Turku SirkkalaRalf Karlson, Kimito\u00f6n-Kemi\u00f6nsaariElisa Vuorinen, Raisio-Jokilaakso","og_url":"https:\/\/rotary.fi\/d1410\/rotarypiiri1410\/piirin-organisaatio\/ymparistokomitea\/","og_site_name":"Piiri 1410","article_publisher":"https:\/\/www.facebook.com\/rotary\/","article_modified_time":"2025-06-04T17:51:05+00:00","twitter_card":"summary_large_image","twitter_misc":{"Arvioitu lukuaika":"1 minuutti"},"schema":{"@context":"https:\/\/schema.org","@graph":[{"@type":"WebPage","@id":"https:\/\/rotary.fi\/d1410\/rotarypiiri1410\/piirin-organisaatio\/ymparistokomitea\/","url":"https:\/\/rotary.fi\/d1410\/rotarypiiri1410\/piirin-organisaatio\/ymparistokomitea\/","name":"Ymp\u00e4rist\u00f6komitea - Piiri 1410","isPartOf":{"@id":"https:\/\/rotary.fi\/d1410\/#website"},"datePublished":"2021-07-29T10:23:11+00:00","dateModified":"2025-06-04T17:51:05+00:00","breadcrumb":{"@id":"https:\/\/rotary.fi\/d1410\/rotarypiiri1410\/piirin-organisaatio\/ymparistokomitea\/#breadcrumb"},"inLanguage":"fi","potentialAction":[{"@type":"ReadAction","target":["https:\/\/rotary.fi\/d1410\/rotarypiiri1410\/piirin-organisaatio\/ymparistokomitea\/"]}]},{"@type":"BreadcrumbList","@id":"https:\/\/rotary.fi\/d1410\/rotarypiiri1410\/piirin-organisaatio\/ymparistokomitea\/#breadcrumb","itemListElement":[{"@type":"ListItem","position":1,"name":"Home","item":"https:\/\/rotary.fi\/d1410\/"},{"@type":"ListItem","position":2,"name":"Rotarypiiri 1410","item":"https:\/\/rotary.fi\/d1410\/rotarypiiri1410\/"},{"@type":"ListItem","position":3,"name":"Piirin organisaatio","item":"https:\/\/rotary.fi\/d1410\/rotarypiiri1410\/piirin-organisaatio\/"},{"@type":"ListItem","position":4,"name":"Ymp\u00e4rist\u00f6komitea"}]},{"@type":"WebSite","@id":"https:\/\/rotary.fi\/d1410\/#website","url":"https:\/\/rotary.fi\/d1410\/","name":"Piiri 1410","description":"Suomen Rotary","potentialAction":[{"@type":"SearchAction","target":{"@type":"EntryPoint","urlTemplate":"https:\/\/rotary.fi\/d1410\/?s={search_term_string}"},"query-input":{"@type":"PropertyValueSpecification","valueRequired":true,"valueName":"search_term_string"}}],"inLanguage":"fi"}]}},"lang":"fi","translations":{"fi":3685},"pll_sync_post":[],"_links":{"self":[{"href":"https:\/\/rotary.fi\/d1410\/wp-json\/wp\/v2\/pages\/3685","targetHints":{"allow":["GET"]}}],"collection":[{"href":"https:\/\/rotary.fi\/d1410\/wp-json\/wp\/v2\/pages"}],"about":[{"href":"https:\/\/rotary.fi\/d1410\/wp-json\/wp\/v2\/types\/page"}],"author":[{"embeddable":true,"href":"https:\/\/rotary.fi\/d1410\/wp-json\/wp\/v2\/users\/384"}],"replies":[{"embeddable":true,"href":"https:\/\/rotary.fi\/d1410\/wp-json\/wp\/v2\/comments?post=3685"}],"version-history":[{"count":8,"href":"https:\/\/rotary.fi\/d1410\/wp-json\/wp\/v2\/pages\/3685\/revisions"}],"predecessor-version":[{"id":8408,"href":"https:\/\/rotary.fi\/d1410\/wp-json\/wp\/v2\/pages\/3685\/revisions\/8408"}],"up":[{"embeddable":true,"href":"https:\/\/rotary.fi\/d1410\/wp-json\/wp\/v2\/pages\/2037"}],"wp:attachment":[{"href":"https:\/\/rotary.fi\/d1410\/wp-json\/wp\/v2\/media?parent=3685"}],"curies":[{"name":"wp","href":"https:\/\/api.w.org\/{rel}","templated":true}]}}