{"id":3502,"date":"2021-07-27T12:03:02","date_gmt":"2021-07-27T10:03:02","guid":{"rendered":"https:\/\/rotary.fi\/d1410\/?page_id=3502"},"modified":"2024-03-20T00:25:39","modified_gmt":"2024-03-19T22:25:39","slug":"sinilevaseuranta","status":"publish","type":"page","link":"https:\/\/rotary.fi\/d1410\/mita-teemme\/itameri\/sinilevaseuranta\/","title":{"rendered":"Sinilev\u00e4seuranta"},"content":{"rendered":"<p>[et_pb_section fb_built=&#8221;1&#8243; admin_label=&#8221;Sinilev\u00e4seurantakuva&#8221; module_class=&#8221;jumbotron-page&#8221; _builder_version=&#8221;4.16&#8243; background_image=&#8221;https:\/\/rotary.fi\/d1410\/wp-content\/uploads\/sites\/215\/2021\/07\/putsaari7-2.jpg&#8221; global_colors_info=&#8221;{}&#8221;][et_pb_row module_class=&#8221; et_pb_row_fullwidth et_pb_row_fullwidth&#8221; _builder_version=&#8221;4.16&#8243; width=&#8221;89%&#8221; width_tablet=&#8221;80%&#8221; width_phone=&#8221;&#8221; width_last_edited=&#8221;on|desktop&#8221; max_width=&#8221;89%&#8221; max_width_tablet=&#8221;80%&#8221; max_width_phone=&#8221;&#8221; max_width_last_edited=&#8221;on|desktop&#8221; make_fullwidth=&#8221;on&#8221; global_colors_info=&#8221;{}&#8221;][et_pb_column type=&#8221;4_4&#8243; _builder_version=&#8221;4.16&#8243; custom_padding=&#8221;|||&#8221; global_colors_info=&#8221;{}&#8221; custom_padding__hover=&#8221;|||&#8221;][et_pb_text admin_label=&#8221;Sinilev\u00e4seuranta&#8221; _builder_version=&#8221;4.16&#8243; text_orientation=&#8221;center&#8221; background_layout=&#8221;dark&#8221; z_index_tablet=&#8221;500&#8243; text_text_shadow_horizontal_length_tablet=&#8221;0px&#8221; text_text_shadow_vertical_length_tablet=&#8221;0px&#8221; text_text_shadow_blur_strength_tablet=&#8221;1px&#8221; link_text_shadow_horizontal_length_tablet=&#8221;0px&#8221; link_text_shadow_vertical_length_tablet=&#8221;0px&#8221; link_text_shadow_blur_strength_tablet=&#8221;1px&#8221; ul_text_shadow_horizontal_length_tablet=&#8221;0px&#8221; ul_text_shadow_vertical_length_tablet=&#8221;0px&#8221; ul_text_shadow_blur_strength_tablet=&#8221;1px&#8221; ol_text_shadow_horizontal_length_tablet=&#8221;0px&#8221; ol_text_shadow_vertical_length_tablet=&#8221;0px&#8221; ol_text_shadow_blur_strength_tablet=&#8221;1px&#8221; quote_text_shadow_horizontal_length_tablet=&#8221;0px&#8221; quote_text_shadow_vertical_length_tablet=&#8221;0px&#8221; quote_text_shadow_blur_strength_tablet=&#8221;1px&#8221; header_text_shadow_horizontal_length_tablet=&#8221;0px&#8221; header_text_shadow_vertical_length_tablet=&#8221;0px&#8221; header_text_shadow_blur_strength_tablet=&#8221;1px&#8221; header_2_text_shadow_horizontal_length_tablet=&#8221;0px&#8221; header_2_text_shadow_vertical_length_tablet=&#8221;0px&#8221; header_2_text_shadow_blur_strength_tablet=&#8221;1px&#8221; header_3_text_shadow_horizontal_length_tablet=&#8221;0px&#8221; header_3_text_shadow_vertical_length_tablet=&#8221;0px&#8221; header_3_text_shadow_blur_strength_tablet=&#8221;1px&#8221; header_4_text_shadow_horizontal_length_tablet=&#8221;0px&#8221; header_4_text_shadow_vertical_length_tablet=&#8221;0px&#8221; header_4_text_shadow_blur_strength_tablet=&#8221;1px&#8221; header_5_text_shadow_horizontal_length_tablet=&#8221;0px&#8221; header_5_text_shadow_vertical_length_tablet=&#8221;0px&#8221; header_5_text_shadow_blur_strength_tablet=&#8221;1px&#8221; header_6_text_shadow_horizontal_length_tablet=&#8221;0px&#8221; header_6_text_shadow_vertical_length_tablet=&#8221;0px&#8221; header_6_text_shadow_blur_strength_tablet=&#8221;1px&#8221; box_shadow_horizontal_tablet=&#8221;0px&#8221; box_shadow_vertical_tablet=&#8221;0px&#8221; box_shadow_blur_tablet=&#8221;40px&#8221; box_shadow_spread_tablet=&#8221;0px&#8221; global_colors_info=&#8221;{}&#8221;]<\/p>\n<h1>Sinilev\u00e4seuranta<\/h1>\n<p>[\/et_pb_text][\/et_pb_column][\/et_pb_row][\/et_pb_section][et_pb_section fb_built=&#8221;1&#8243; module_class=&#8221;sisaltoalue_perus&#8221; _builder_version=&#8221;4.16&#8243; background_size=&#8221;initial&#8221; background_position=&#8221;top_left&#8221; background_repeat=&#8221;repeat&#8221; global_colors_info=&#8221;{}&#8221;][et_pb_row custom_padding_last_edited=&#8221;on|phone&#8221; _builder_version=&#8221;4.16&#8243; custom_padding_tablet=&#8221;&#8221; custom_padding_phone=&#8221;&#8221; global_colors_info=&#8221;{}&#8221;][et_pb_column type=&#8221;4_4&#8243; _builder_version=&#8221;4.16&#8243; custom_padding=&#8221;|||&#8221; global_colors_info=&#8221;{}&#8221; custom_padding__hover=&#8221;|||&#8221;][et_pb_text admin_label=&#8221;Sinilev\u00e4otsikko&#8221; _builder_version=&#8221;4.16&#8243; text_orientation=&#8221;center&#8221; z_index_tablet=&#8221;500&#8243; text_text_shadow_horizontal_length_tablet=&#8221;0px&#8221; text_text_shadow_vertical_length_tablet=&#8221;0px&#8221; text_text_shadow_blur_strength_tablet=&#8221;1px&#8221; link_text_shadow_horizontal_length_tablet=&#8221;0px&#8221; link_text_shadow_vertical_length_tablet=&#8221;0px&#8221; link_text_shadow_blur_strength_tablet=&#8221;1px&#8221; ul_text_shadow_horizontal_length_tablet=&#8221;0px&#8221; ul_text_shadow_vertical_length_tablet=&#8221;0px&#8221; ul_text_shadow_blur_strength_tablet=&#8221;1px&#8221; ol_text_shadow_horizontal_length_tablet=&#8221;0px&#8221; ol_text_shadow_vertical_length_tablet=&#8221;0px&#8221; ol_text_shadow_blur_strength_tablet=&#8221;1px&#8221; quote_text_shadow_horizontal_length_tablet=&#8221;0px&#8221; quote_text_shadow_vertical_length_tablet=&#8221;0px&#8221; quote_text_shadow_blur_strength_tablet=&#8221;1px&#8221; header_text_shadow_horizontal_length_tablet=&#8221;0px&#8221; header_text_shadow_vertical_length_tablet=&#8221;0px&#8221; header_text_shadow_blur_strength_tablet=&#8221;1px&#8221; header_2_text_shadow_horizontal_length_tablet=&#8221;0px&#8221; header_2_text_shadow_vertical_length_tablet=&#8221;0px&#8221; header_2_text_shadow_blur_strength_tablet=&#8221;1px&#8221; header_3_text_shadow_horizontal_length_tablet=&#8221;0px&#8221; header_3_text_shadow_vertical_length_tablet=&#8221;0px&#8221; header_3_text_shadow_blur_strength_tablet=&#8221;1px&#8221; header_4_text_shadow_horizontal_length_tablet=&#8221;0px&#8221; header_4_text_shadow_vertical_length_tablet=&#8221;0px&#8221; header_4_text_shadow_blur_strength_tablet=&#8221;1px&#8221; header_5_text_shadow_horizontal_length_tablet=&#8221;0px&#8221; header_5_text_shadow_vertical_length_tablet=&#8221;0px&#8221; header_5_text_shadow_blur_strength_tablet=&#8221;1px&#8221; header_6_text_shadow_horizontal_length_tablet=&#8221;0px&#8221; header_6_text_shadow_vertical_length_tablet=&#8221;0px&#8221; header_6_text_shadow_blur_strength_tablet=&#8221;1px&#8221; box_shadow_horizontal_tablet=&#8221;0px&#8221; box_shadow_vertical_tablet=&#8221;0px&#8221; box_shadow_blur_tablet=&#8221;40px&#8221; box_shadow_spread_tablet=&#8221;0px&#8221; global_colors_info=&#8221;{}&#8221;]<\/p>\n<h1>Rotarit havannoivat sinilev\u00e4n esiintymist\u00e4<\/h1>\n<p>[\/et_pb_text][et_pb_text _builder_version=&#8221;4.22.1&#8243; hover_enabled=&#8221;0&#8243; z_index_tablet=&#8221;500&#8243; text_text_shadow_horizontal_length_tablet=&#8221;0px&#8221; text_text_shadow_vertical_length_tablet=&#8221;0px&#8221; text_text_shadow_blur_strength_tablet=&#8221;1px&#8221; link_text_shadow_horizontal_length_tablet=&#8221;0px&#8221; link_text_shadow_vertical_length_tablet=&#8221;0px&#8221; link_text_shadow_blur_strength_tablet=&#8221;1px&#8221; ul_text_shadow_horizontal_length_tablet=&#8221;0px&#8221; ul_text_shadow_vertical_length_tablet=&#8221;0px&#8221; ul_text_shadow_blur_strength_tablet=&#8221;1px&#8221; ol_text_shadow_horizontal_length_tablet=&#8221;0px&#8221; ol_text_shadow_vertical_length_tablet=&#8221;0px&#8221; ol_text_shadow_blur_strength_tablet=&#8221;1px&#8221; quote_text_shadow_horizontal_length_tablet=&#8221;0px&#8221; quote_text_shadow_vertical_length_tablet=&#8221;0px&#8221; quote_text_shadow_blur_strength_tablet=&#8221;1px&#8221; header_text_shadow_horizontal_length_tablet=&#8221;0px&#8221; header_text_shadow_vertical_length_tablet=&#8221;0px&#8221; header_text_shadow_blur_strength_tablet=&#8221;1px&#8221; header_2_text_shadow_horizontal_length_tablet=&#8221;0px&#8221; header_2_text_shadow_vertical_length_tablet=&#8221;0px&#8221; header_2_text_shadow_blur_strength_tablet=&#8221;1px&#8221; header_3_text_shadow_horizontal_length_tablet=&#8221;0px&#8221; header_3_text_shadow_vertical_length_tablet=&#8221;0px&#8221; header_3_text_shadow_blur_strength_tablet=&#8221;1px&#8221; header_4_text_shadow_horizontal_length_tablet=&#8221;0px&#8221; header_4_text_shadow_vertical_length_tablet=&#8221;0px&#8221; header_4_text_shadow_blur_strength_tablet=&#8221;1px&#8221; header_5_text_shadow_horizontal_length_tablet=&#8221;0px&#8221; header_5_text_shadow_vertical_length_tablet=&#8221;0px&#8221; header_5_text_shadow_blur_strength_tablet=&#8221;1px&#8221; header_6_text_shadow_horizontal_length_tablet=&#8221;0px&#8221; header_6_text_shadow_vertical_length_tablet=&#8221;0px&#8221; header_6_text_shadow_blur_strength_tablet=&#8221;1px&#8221; box_shadow_horizontal_tablet=&#8221;0px&#8221; box_shadow_vertical_tablet=&#8221;0px&#8221; box_shadow_blur_tablet=&#8221;40px&#8221; box_shadow_spread_tablet=&#8221;0px&#8221; global_colors_info=&#8221;{}&#8221; sticky_enabled=&#8221;0&#8243;]<\/p>\n<div class=\"_2cuy _3dgx _2vxa\">Yhteisty\u00f6kumppanimme SYKE ( Suomen Ymp\u00e4rist\u00f6keskus) antoi vuonna 2020 meille selke\u00e4n mahdollisuuden auttaa It\u00e4merta v. 2020 suorittamalla s\u00e4\u00e4nn\u00f6llist\u00e4 sinilev\u00e4havainnointia alueella Selk\u00e4meri-Saaristo-Pohjoinen It\u00e4meri ja Ahvenanmaa.<\/div>\n<div>\u00a0<\/div>\n<div>\n<div><span style=\"font-family: arial, sans-serif\">L\u00e4hivesi\u00e4 auttaaksemme me rotarit olemme vuodesta 2020 alkaen tehneet viikoittain toistuvaa visuaalista sinilev\u00e4havainnointia. <\/span>Havainnointia\u00a0tehd\u00e4\u00e4n sek\u00e4 rannikolla ett\u00e4 sis\u00e4vesill\u00e4.\u00a0Paikalla ei ole merkityst\u00e4, kunhan havainto tehd\u00e4\u00e4n samasta paikasta, esim. omasta m\u00f6kkirannasta, yleisest\u00e4 rannasta tai jopa veneest\u00e4, viikoittain kes\u00e4kuun alusta syyskuun loppuun.<\/div>\n<div><span style=\"font-family: arial, sans-serif\">\u00a0<\/span><\/div>\n<div><span style=\"font-family: arial, sans-serif\">Uusia sinilev\u00e4havainnoitsijoita tarvitaan. Tee oma osasi l\u00e4hivesien hyv\u00e4ksi ja ilmoittaudu havainnoitsijaksi l\u00e4hett\u00e4m\u00e4ll\u00e4 s\u00e4hk\u00f6posti piirin ymp\u00e4rist\u00f6komitean puheenjohtaja Rainer Huopalahdelle: rainer.huopalahti@utu.fi<\/span><\/div>\n<\/div>\n<div>\u00a0<\/div>\n<div>\n<p>P\u00e4\u00e4set n\u00e4kem\u00e4\u00e4n viralliset havaintopaikat ja tehdyt havainnot <a href=\"https:\/\/www.jarviwiki.fi\/wiki\/Rotarien_sinilev%C3%A4seuranta\" target=\"_blank\" rel=\"noopener\">J\u00e4rviwikist\u00e4<\/a><\/p>\n<p><img loading=\"lazy\" decoding=\"async\" class=\"wp-image-6829 alignnone size-full\" src=\"https:\/\/rotary.fi\/d1410\/wp-content\/uploads\/sites\/215\/2024\/03\/sinilevaseuranta.jpg\" alt=\"\" width=\"720\" height=\"1018\" srcset=\"https:\/\/rotary.fi\/d1410\/wp-content\/uploads\/sites\/215\/2024\/03\/sinilevaseuranta.jpg 720w, https:\/\/rotary.fi\/d1410\/wp-content\/uploads\/sites\/215\/2024\/03\/sinilevaseuranta-480x679.jpg 480w\" sizes=\"(min-width: 0px) and (max-width: 480px) 480px, (min-width: 481px) 720px, 100vw\" \/><\/p>\n<\/div>\n<div>\u00a0<\/div>\n<p>[\/et_pb_text][\/et_pb_column][\/et_pb_row][\/et_pb_section]<\/p>\n","protected":false},"excerpt":{"rendered":"<p>Sinilev\u00e4seurantaRotarit havannoivat sinilev\u00e4n esiintymist\u00e4Yhteisty\u00f6kumppanimme SYKE ( Suomen Ymp\u00e4rist\u00f6keskus) antoi vuonna 2020 meille selke\u00e4n mahdollisuuden auttaa It\u00e4merta v. 2020 suorittamalla s\u00e4\u00e4nn\u00f6llist\u00e4 sinilev\u00e4havainnointia alueella Selk\u00e4meri-Saaristo-Pohjoinen It\u00e4meri ja Ahvenanmaa. \u00a0 L\u00e4hivesi\u00e4 auttaaksemme me rotarit olemme vuodesta 2020 alkaen tehneet viikoittain toistuvaa visuaalista sinilev\u00e4havainnointia. Havainnointia\u00a0tehd\u00e4\u00e4n sek\u00e4 rannikolla ett\u00e4 sis\u00e4vesill\u00e4.\u00a0Paikalla ei ole merkityst\u00e4, kunhan havainto tehd\u00e4\u00e4n samasta paikasta, esim. omasta [&hellip;]<\/p>\n","protected":false},"author":384,"featured_media":0,"parent":3492,"menu_order":2,"comment_status":"closed","ping_status":"closed","template":"","meta":{"_acf_changed":false,"_et_pb_use_builder":"on","_et_pb_old_content":"","_et_gb_content_width":"","footnotes":""},"class_list":["post-3502","page","type-page","status-publish","hentry"],"acf":[],"yoast_head":"<!-- This site is optimized with the Yoast SEO plugin v27.0 - https:\/\/yoast.com\/product\/yoast-seo-wordpress\/ -->\n<title>Sinilev\u00e4seuranta - Piiri 1410<\/title>\n<meta name=\"robots\" content=\"index, follow, max-snippet:-1, max-image-preview:large, max-video-preview:-1\" \/>\n<link rel=\"canonical\" href=\"https:\/\/rotary.fi\/d1410\/mita-teemme\/itameri\/sinilevaseuranta\/\" \/>\n<meta property=\"og:locale\" content=\"fi_FI\" \/>\n<meta property=\"og:type\" content=\"article\" \/>\n<meta property=\"og:title\" content=\"Sinilev\u00e4seuranta - Piiri 1410\" \/>\n<meta property=\"og:description\" content=\"Sinilev\u00e4seurantaRotarit havannoivat sinilev\u00e4n esiintymist\u00e4Yhteisty\u00f6kumppanimme SYKE ( Suomen Ymp\u00e4rist\u00f6keskus) antoi vuonna 2020 meille selke\u00e4n mahdollisuuden auttaa It\u00e4merta v. 2020 suorittamalla s\u00e4\u00e4nn\u00f6llist\u00e4 sinilev\u00e4havainnointia alueella Selk\u00e4meri-Saaristo-Pohjoinen It\u00e4meri ja Ahvenanmaa. \u00a0 L\u00e4hivesi\u00e4 auttaaksemme me rotarit olemme vuodesta 2020 alkaen tehneet viikoittain toistuvaa visuaalista sinilev\u00e4havainnointia. Havainnointia\u00a0tehd\u00e4\u00e4n sek\u00e4 rannikolla ett\u00e4 sis\u00e4vesill\u00e4.\u00a0Paikalla ei ole merkityst\u00e4, kunhan havainto tehd\u00e4\u00e4n samasta paikasta, esim. omasta [&hellip;]\" \/>\n<meta property=\"og:url\" content=\"https:\/\/rotary.fi\/d1410\/mita-teemme\/itameri\/sinilevaseuranta\/\" \/>\n<meta property=\"og:site_name\" content=\"Piiri 1410\" \/>\n<meta property=\"article:publisher\" content=\"https:\/\/www.facebook.com\/rotary\/\" \/>\n<meta property=\"article:modified_time\" content=\"2024-03-19T22:25:39+00:00\" \/>\n<meta property=\"og:image\" content=\"https:\/\/rotary.fi\/d1410\/wp-content\/uploads\/sites\/215\/2024\/03\/sinilevaseuranta.jpg\" \/>\n<meta name=\"twitter:card\" content=\"summary_large_image\" \/>\n<meta name=\"twitter:label1\" content=\"Arvioitu lukuaika\" \/>\n\t<meta name=\"twitter:data1\" content=\"1 minuutti\" \/>\n<script type=\"application\/ld+json\" class=\"yoast-schema-graph\">{\"@context\":\"https:\/\/schema.org\",\"@graph\":[{\"@type\":\"WebPage\",\"@id\":\"https:\/\/rotary.fi\/d1410\/mita-teemme\/itameri\/sinilevaseuranta\/\",\"url\":\"https:\/\/rotary.fi\/d1410\/mita-teemme\/itameri\/sinilevaseuranta\/\",\"name\":\"Sinilev\u00e4seuranta - Piiri 1410\",\"isPartOf\":{\"@id\":\"https:\/\/rotary.fi\/d1410\/#website\"},\"primaryImageOfPage\":{\"@id\":\"https:\/\/rotary.fi\/d1410\/mita-teemme\/itameri\/sinilevaseuranta\/#primaryimage\"},\"image\":{\"@id\":\"https:\/\/rotary.fi\/d1410\/mita-teemme\/itameri\/sinilevaseuranta\/#primaryimage\"},\"thumbnailUrl\":\"https:\/\/rotary.fi\/d1410\/wp-content\/uploads\/sites\/215\/2024\/03\/sinilevaseuranta.jpg\",\"datePublished\":\"2021-07-27T10:03:02+00:00\",\"dateModified\":\"2024-03-19T22:25:39+00:00\",\"breadcrumb\":{\"@id\":\"https:\/\/rotary.fi\/d1410\/mita-teemme\/itameri\/sinilevaseuranta\/#breadcrumb\"},\"inLanguage\":\"fi\",\"potentialAction\":[{\"@type\":\"ReadAction\",\"target\":[\"https:\/\/rotary.fi\/d1410\/mita-teemme\/itameri\/sinilevaseuranta\/\"]}]},{\"@type\":\"ImageObject\",\"inLanguage\":\"fi\",\"@id\":\"https:\/\/rotary.fi\/d1410\/mita-teemme\/itameri\/sinilevaseuranta\/#primaryimage\",\"url\":\"https:\/\/rotary.fi\/d1410\/wp-content\/uploads\/sites\/215\/2024\/03\/sinilevaseuranta.jpg\",\"contentUrl\":\"https:\/\/rotary.fi\/d1410\/wp-content\/uploads\/sites\/215\/2024\/03\/sinilevaseuranta.jpg\",\"width\":720,\"height\":1018},{\"@type\":\"BreadcrumbList\",\"@id\":\"https:\/\/rotary.fi\/d1410\/mita-teemme\/itameri\/sinilevaseuranta\/#breadcrumb\",\"itemListElement\":[{\"@type\":\"ListItem\",\"position\":1,\"name\":\"Home\",\"item\":\"https:\/\/rotary.fi\/d1410\/\"},{\"@type\":\"ListItem\",\"position\":2,\"name\":\"Toiminnan painopisteet &#8211; Mit\u00e4 teemme\",\"item\":\"https:\/\/rotary.fi\/d1410\/mita-teemme\/\"},{\"@type\":\"ListItem\",\"position\":3,\"name\":\"It\u00e4meri\",\"item\":\"https:\/\/rotary.fi\/d1410\/mita-teemme\/itameri\/\"},{\"@type\":\"ListItem\",\"position\":4,\"name\":\"Sinilev\u00e4seuranta\"}]},{\"@type\":\"WebSite\",\"@id\":\"https:\/\/rotary.fi\/d1410\/#website\",\"url\":\"https:\/\/rotary.fi\/d1410\/\",\"name\":\"Piiri 1410\",\"description\":\"Suomen Rotary\",\"potentialAction\":[{\"@type\":\"SearchAction\",\"target\":{\"@type\":\"EntryPoint\",\"urlTemplate\":\"https:\/\/rotary.fi\/d1410\/?s={search_term_string}\"},\"query-input\":{\"@type\":\"PropertyValueSpecification\",\"valueRequired\":true,\"valueName\":\"search_term_string\"}}],\"inLanguage\":\"fi\"}]}<\/script>\n<!-- \/ Yoast SEO plugin. -->","yoast_head_json":{"title":"Sinilev\u00e4seuranta - Piiri 1410","robots":{"index":"index","follow":"follow","max-snippet":"max-snippet:-1","max-image-preview":"max-image-preview:large","max-video-preview":"max-video-preview:-1"},"canonical":"https:\/\/rotary.fi\/d1410\/mita-teemme\/itameri\/sinilevaseuranta\/","og_locale":"fi_FI","og_type":"article","og_title":"Sinilev\u00e4seuranta - Piiri 1410","og_description":"Sinilev\u00e4seurantaRotarit havannoivat sinilev\u00e4n esiintymist\u00e4Yhteisty\u00f6kumppanimme SYKE ( Suomen Ymp\u00e4rist\u00f6keskus) antoi vuonna 2020 meille selke\u00e4n mahdollisuuden auttaa It\u00e4merta v. 2020 suorittamalla s\u00e4\u00e4nn\u00f6llist\u00e4 sinilev\u00e4havainnointia alueella Selk\u00e4meri-Saaristo-Pohjoinen It\u00e4meri ja Ahvenanmaa. \u00a0 L\u00e4hivesi\u00e4 auttaaksemme me rotarit olemme vuodesta 2020 alkaen tehneet viikoittain toistuvaa visuaalista sinilev\u00e4havainnointia. Havainnointia\u00a0tehd\u00e4\u00e4n sek\u00e4 rannikolla ett\u00e4 sis\u00e4vesill\u00e4.\u00a0Paikalla ei ole merkityst\u00e4, kunhan havainto tehd\u00e4\u00e4n samasta paikasta, esim. omasta [&hellip;]","og_url":"https:\/\/rotary.fi\/d1410\/mita-teemme\/itameri\/sinilevaseuranta\/","og_site_name":"Piiri 1410","article_publisher":"https:\/\/www.facebook.com\/rotary\/","article_modified_time":"2024-03-19T22:25:39+00:00","og_image":[{"url":"https:\/\/rotary.fi\/d1410\/wp-content\/uploads\/sites\/215\/2024\/03\/sinilevaseuranta.jpg","type":"","width":"","height":""}],"twitter_card":"summary_large_image","twitter_misc":{"Arvioitu lukuaika":"1 minuutti"},"schema":{"@context":"https:\/\/schema.org","@graph":[{"@type":"WebPage","@id":"https:\/\/rotary.fi\/d1410\/mita-teemme\/itameri\/sinilevaseuranta\/","url":"https:\/\/rotary.fi\/d1410\/mita-teemme\/itameri\/sinilevaseuranta\/","name":"Sinilev\u00e4seuranta - Piiri 1410","isPartOf":{"@id":"https:\/\/rotary.fi\/d1410\/#website"},"primaryImageOfPage":{"@id":"https:\/\/rotary.fi\/d1410\/mita-teemme\/itameri\/sinilevaseuranta\/#primaryimage"},"image":{"@id":"https:\/\/rotary.fi\/d1410\/mita-teemme\/itameri\/sinilevaseuranta\/#primaryimage"},"thumbnailUrl":"https:\/\/rotary.fi\/d1410\/wp-content\/uploads\/sites\/215\/2024\/03\/sinilevaseuranta.jpg","datePublished":"2021-07-27T10:03:02+00:00","dateModified":"2024-03-19T22:25:39+00:00","breadcrumb":{"@id":"https:\/\/rotary.fi\/d1410\/mita-teemme\/itameri\/sinilevaseuranta\/#breadcrumb"},"inLanguage":"fi","potentialAction":[{"@type":"ReadAction","target":["https:\/\/rotary.fi\/d1410\/mita-teemme\/itameri\/sinilevaseuranta\/"]}]},{"@type":"ImageObject","inLanguage":"fi","@id":"https:\/\/rotary.fi\/d1410\/mita-teemme\/itameri\/sinilevaseuranta\/#primaryimage","url":"https:\/\/rotary.fi\/d1410\/wp-content\/uploads\/sites\/215\/2024\/03\/sinilevaseuranta.jpg","contentUrl":"https:\/\/rotary.fi\/d1410\/wp-content\/uploads\/sites\/215\/2024\/03\/sinilevaseuranta.jpg","width":720,"height":1018},{"@type":"BreadcrumbList","@id":"https:\/\/rotary.fi\/d1410\/mita-teemme\/itameri\/sinilevaseuranta\/#breadcrumb","itemListElement":[{"@type":"ListItem","position":1,"name":"Home","item":"https:\/\/rotary.fi\/d1410\/"},{"@type":"ListItem","position":2,"name":"Toiminnan painopisteet &#8211; Mit\u00e4 teemme","item":"https:\/\/rotary.fi\/d1410\/mita-teemme\/"},{"@type":"ListItem","position":3,"name":"It\u00e4meri","item":"https:\/\/rotary.fi\/d1410\/mita-teemme\/itameri\/"},{"@type":"ListItem","position":4,"name":"Sinilev\u00e4seuranta"}]},{"@type":"WebSite","@id":"https:\/\/rotary.fi\/d1410\/#website","url":"https:\/\/rotary.fi\/d1410\/","name":"Piiri 1410","description":"Suomen Rotary","potentialAction":[{"@type":"SearchAction","target":{"@type":"EntryPoint","urlTemplate":"https:\/\/rotary.fi\/d1410\/?s={search_term_string}"},"query-input":{"@type":"PropertyValueSpecification","valueRequired":true,"valueName":"search_term_string"}}],"inLanguage":"fi"}]}},"lang":"fi","translations":{"fi":3502,"sv":4112,"en":4305},"pll_sync_post":[],"_links":{"self":[{"href":"https:\/\/rotary.fi\/d1410\/wp-json\/wp\/v2\/pages\/3502","targetHints":{"allow":["GET"]}}],"collection":[{"href":"https:\/\/rotary.fi\/d1410\/wp-json\/wp\/v2\/pages"}],"about":[{"href":"https:\/\/rotary.fi\/d1410\/wp-json\/wp\/v2\/types\/page"}],"author":[{"embeddable":true,"href":"https:\/\/rotary.fi\/d1410\/wp-json\/wp\/v2\/users\/384"}],"replies":[{"embeddable":true,"href":"https:\/\/rotary.fi\/d1410\/wp-json\/wp\/v2\/comments?post=3502"}],"version-history":[{"count":10,"href":"https:\/\/rotary.fi\/d1410\/wp-json\/wp\/v2\/pages\/3502\/revisions"}],"predecessor-version":[{"id":6845,"href":"https:\/\/rotary.fi\/d1410\/wp-json\/wp\/v2\/pages\/3502\/revisions\/6845"}],"up":[{"embeddable":true,"href":"https:\/\/rotary.fi\/d1410\/wp-json\/wp\/v2\/pages\/3492"}],"wp:attachment":[{"href":"https:\/\/rotary.fi\/d1410\/wp-json\/wp\/v2\/media?parent=3502"}],"curies":[{"name":"wp","href":"https:\/\/api.w.org\/{rel}","templated":true}]}}