{"id":3500,"date":"2021-07-27T12:02:25","date_gmt":"2021-07-27T10:02:25","guid":{"rendered":"https:\/\/rotary.fi\/d1410\/?page_id=3500"},"modified":"2024-03-17T17:51:32","modified_gmt":"2024-03-17T15:51:32","slug":"vesireppu","status":"publish","type":"page","link":"https:\/\/rotary.fi\/d1410\/mita-teemme\/itameri\/vesireppu\/","title":{"rendered":"Vesireppu"},"content":{"rendered":"<p>[et_pb_section fb_built=&#8221;1&#8243; admin_label=&#8221;Vesireppukuva&#8221; module_class=&#8221;jumbotron-page&#8221; _builder_version=&#8221;4.16&#8243; background_image=&#8221;https:\/\/rotary.fi\/d1410\/wp-content\/uploads\/sites\/215\/2021\/07\/vesireppu-webbiin.jpg&#8221; global_colors_info=&#8221;{}&#8221;][et_pb_row module_class=&#8221; et_pb_row_fullwidth et_pb_row_fullwidth&#8221; _builder_version=&#8221;4.16&#8243; width=&#8221;89%&#8221; width_tablet=&#8221;80%&#8221; width_phone=&#8221;&#8221; width_last_edited=&#8221;on|desktop&#8221; max_width=&#8221;89%&#8221; max_width_tablet=&#8221;80%&#8221; max_width_phone=&#8221;&#8221; max_width_last_edited=&#8221;on|desktop&#8221; make_fullwidth=&#8221;on&#8221; global_colors_info=&#8221;{}&#8221;][et_pb_column type=&#8221;4_4&#8243; _builder_version=&#8221;4.16&#8243; custom_padding=&#8221;|||&#8221; global_colors_info=&#8221;{}&#8221; custom_padding__hover=&#8221;|||&#8221;][et_pb_text admin_label=&#8221;Vesireppu -otsikko&#8221; _builder_version=&#8221;4.16&#8243; text_orientation=&#8221;center&#8221; background_layout=&#8221;dark&#8221; z_index_tablet=&#8221;500&#8243; text_text_shadow_horizontal_length_tablet=&#8221;0px&#8221; text_text_shadow_vertical_length_tablet=&#8221;0px&#8221; text_text_shadow_blur_strength_tablet=&#8221;1px&#8221; link_text_shadow_horizontal_length_tablet=&#8221;0px&#8221; link_text_shadow_vertical_length_tablet=&#8221;0px&#8221; link_text_shadow_blur_strength_tablet=&#8221;1px&#8221; ul_text_shadow_horizontal_length_tablet=&#8221;0px&#8221; ul_text_shadow_vertical_length_tablet=&#8221;0px&#8221; ul_text_shadow_blur_strength_tablet=&#8221;1px&#8221; ol_text_shadow_horizontal_length_tablet=&#8221;0px&#8221; ol_text_shadow_vertical_length_tablet=&#8221;0px&#8221; ol_text_shadow_blur_strength_tablet=&#8221;1px&#8221; quote_text_shadow_horizontal_length_tablet=&#8221;0px&#8221; quote_text_shadow_vertical_length_tablet=&#8221;0px&#8221; quote_text_shadow_blur_strength_tablet=&#8221;1px&#8221; header_text_shadow_horizontal_length_tablet=&#8221;0px&#8221; header_text_shadow_vertical_length_tablet=&#8221;0px&#8221; header_text_shadow_blur_strength_tablet=&#8221;1px&#8221; header_2_text_shadow_horizontal_length_tablet=&#8221;0px&#8221; header_2_text_shadow_vertical_length_tablet=&#8221;0px&#8221; header_2_text_shadow_blur_strength_tablet=&#8221;1px&#8221; header_3_text_shadow_horizontal_length_tablet=&#8221;0px&#8221; header_3_text_shadow_vertical_length_tablet=&#8221;0px&#8221; header_3_text_shadow_blur_strength_tablet=&#8221;1px&#8221; header_4_text_shadow_horizontal_length_tablet=&#8221;0px&#8221; header_4_text_shadow_vertical_length_tablet=&#8221;0px&#8221; header_4_text_shadow_blur_strength_tablet=&#8221;1px&#8221; header_5_text_shadow_horizontal_length_tablet=&#8221;0px&#8221; header_5_text_shadow_vertical_length_tablet=&#8221;0px&#8221; header_5_text_shadow_blur_strength_tablet=&#8221;1px&#8221; header_6_text_shadow_horizontal_length_tablet=&#8221;0px&#8221; header_6_text_shadow_vertical_length_tablet=&#8221;0px&#8221; header_6_text_shadow_blur_strength_tablet=&#8221;1px&#8221; box_shadow_horizontal_tablet=&#8221;0px&#8221; box_shadow_vertical_tablet=&#8221;0px&#8221; box_shadow_blur_tablet=&#8221;40px&#8221; box_shadow_spread_tablet=&#8221;0px&#8221; global_colors_info=&#8221;{}&#8221;]<\/p>\n<h1>Vesireppu<\/h1>\n<p>[\/et_pb_text][\/et_pb_column][\/et_pb_row][\/et_pb_section][et_pb_section fb_built=&#8221;1&#8243; module_class=&#8221;sisaltoalue_perus&#8221; _builder_version=&#8221;4.16&#8243; background_size=&#8221;initial&#8221; background_position=&#8221;top_left&#8221; background_repeat=&#8221;repeat&#8221; global_colors_info=&#8221;{}&#8221;][et_pb_row custom_padding_last_edited=&#8221;on|phone&#8221; _builder_version=&#8221;4.16&#8243; custom_padding_tablet=&#8221;&#8221; custom_padding_phone=&#8221;&#8221; global_colors_info=&#8221;{}&#8221;][et_pb_column type=&#8221;4_4&#8243; _builder_version=&#8221;4.16&#8243; custom_padding=&#8221;|||&#8221; global_colors_info=&#8221;{}&#8221; custom_padding__hover=&#8221;|||&#8221;][et_pb_text admin_label=&#8221;Vesireppu -otsikko&#8221; _builder_version=&#8221;4.16&#8243; text_orientation=&#8221;center&#8221; z_index_tablet=&#8221;500&#8243; text_text_shadow_horizontal_length_tablet=&#8221;0px&#8221; text_text_shadow_vertical_length_tablet=&#8221;0px&#8221; text_text_shadow_blur_strength_tablet=&#8221;1px&#8221; link_text_shadow_horizontal_length_tablet=&#8221;0px&#8221; link_text_shadow_vertical_length_tablet=&#8221;0px&#8221; link_text_shadow_blur_strength_tablet=&#8221;1px&#8221; ul_text_shadow_horizontal_length_tablet=&#8221;0px&#8221; ul_text_shadow_vertical_length_tablet=&#8221;0px&#8221; ul_text_shadow_blur_strength_tablet=&#8221;1px&#8221; ol_text_shadow_horizontal_length_tablet=&#8221;0px&#8221; ol_text_shadow_vertical_length_tablet=&#8221;0px&#8221; ol_text_shadow_blur_strength_tablet=&#8221;1px&#8221; quote_text_shadow_horizontal_length_tablet=&#8221;0px&#8221; quote_text_shadow_vertical_length_tablet=&#8221;0px&#8221; quote_text_shadow_blur_strength_tablet=&#8221;1px&#8221; header_text_shadow_horizontal_length_tablet=&#8221;0px&#8221; header_text_shadow_vertical_length_tablet=&#8221;0px&#8221; header_text_shadow_blur_strength_tablet=&#8221;1px&#8221; header_2_text_shadow_horizontal_length_tablet=&#8221;0px&#8221; header_2_text_shadow_vertical_length_tablet=&#8221;0px&#8221; header_2_text_shadow_blur_strength_tablet=&#8221;1px&#8221; header_3_text_shadow_horizontal_length_tablet=&#8221;0px&#8221; header_3_text_shadow_vertical_length_tablet=&#8221;0px&#8221; header_3_text_shadow_blur_strength_tablet=&#8221;1px&#8221; header_4_text_shadow_horizontal_length_tablet=&#8221;0px&#8221; header_4_text_shadow_vertical_length_tablet=&#8221;0px&#8221; header_4_text_shadow_blur_strength_tablet=&#8221;1px&#8221; header_5_text_shadow_horizontal_length_tablet=&#8221;0px&#8221; header_5_text_shadow_vertical_length_tablet=&#8221;0px&#8221; header_5_text_shadow_blur_strength_tablet=&#8221;1px&#8221; header_6_text_shadow_horizontal_length_tablet=&#8221;0px&#8221; header_6_text_shadow_vertical_length_tablet=&#8221;0px&#8221; header_6_text_shadow_blur_strength_tablet=&#8221;1px&#8221; box_shadow_horizontal_tablet=&#8221;0px&#8221; box_shadow_vertical_tablet=&#8221;0px&#8221; box_shadow_blur_tablet=&#8221;40px&#8221; box_shadow_spread_tablet=&#8221;0px&#8221; global_colors_info=&#8221;{}&#8221;]<\/p>\n<h1>Ymp\u00e4rist\u00f6n tutkiminen on hauskaa<\/h1>\n<p>[\/et_pb_text][et_pb_text _builder_version=&#8221;4.22.1&#8243; hover_enabled=&#8221;0&#8243; z_index_tablet=&#8221;500&#8243; text_text_shadow_horizontal_length_tablet=&#8221;0px&#8221; text_text_shadow_vertical_length_tablet=&#8221;0px&#8221; text_text_shadow_blur_strength_tablet=&#8221;1px&#8221; link_text_shadow_horizontal_length_tablet=&#8221;0px&#8221; link_text_shadow_vertical_length_tablet=&#8221;0px&#8221; link_text_shadow_blur_strength_tablet=&#8221;1px&#8221; ul_text_shadow_horizontal_length_tablet=&#8221;0px&#8221; ul_text_shadow_vertical_length_tablet=&#8221;0px&#8221; ul_text_shadow_blur_strength_tablet=&#8221;1px&#8221; ol_text_shadow_horizontal_length_tablet=&#8221;0px&#8221; ol_text_shadow_vertical_length_tablet=&#8221;0px&#8221; ol_text_shadow_blur_strength_tablet=&#8221;1px&#8221; quote_text_shadow_horizontal_length_tablet=&#8221;0px&#8221; quote_text_shadow_vertical_length_tablet=&#8221;0px&#8221; quote_text_shadow_blur_strength_tablet=&#8221;1px&#8221; header_text_shadow_horizontal_length_tablet=&#8221;0px&#8221; header_text_shadow_vertical_length_tablet=&#8221;0px&#8221; header_text_shadow_blur_strength_tablet=&#8221;1px&#8221; header_2_text_shadow_horizontal_length_tablet=&#8221;0px&#8221; header_2_text_shadow_vertical_length_tablet=&#8221;0px&#8221; header_2_text_shadow_blur_strength_tablet=&#8221;1px&#8221; header_3_text_shadow_horizontal_length_tablet=&#8221;0px&#8221; header_3_text_shadow_vertical_length_tablet=&#8221;0px&#8221; header_3_text_shadow_blur_strength_tablet=&#8221;1px&#8221; header_4_text_shadow_horizontal_length_tablet=&#8221;0px&#8221; header_4_text_shadow_vertical_length_tablet=&#8221;0px&#8221; header_4_text_shadow_blur_strength_tablet=&#8221;1px&#8221; header_5_text_shadow_horizontal_length_tablet=&#8221;0px&#8221; header_5_text_shadow_vertical_length_tablet=&#8221;0px&#8221; header_5_text_shadow_blur_strength_tablet=&#8221;1px&#8221; header_6_text_shadow_horizontal_length_tablet=&#8221;0px&#8221; header_6_text_shadow_vertical_length_tablet=&#8221;0px&#8221; header_6_text_shadow_blur_strength_tablet=&#8221;1px&#8221; box_shadow_horizontal_tablet=&#8221;0px&#8221; box_shadow_vertical_tablet=&#8221;0px&#8221; box_shadow_blur_tablet=&#8221;40px&#8221; box_shadow_spread_tablet=&#8221;0px&#8221; global_colors_info=&#8221;{}&#8221; sticky_enabled=&#8221;0&#8243;]<\/p>\n<p>Paikalliset rotaryklubit lahjoittavat vesireppuja l\u00e4hikoulujen ja lasten harrastusryhmien k\u00e4ytt\u00f6\u00f6n.<\/p>\n<p><strong>L\u00e4hivesist\u00f6n tutkiminen helposti ja monipuolisest<\/strong><strong>i<\/strong><\/p>\n<p>Vesireppu sis\u00e4lt\u00e4\u00e4 v\u00e4lineet ja ohjeet, joiden avulla l\u00e4hivesist\u00f6n tutkiminen on helppoa ja hauskaa. Mit\u00e4 n\u00e4k\u00f6syvyys kertoo vesist\u00f6n tilasta? L\u00f6ytyyk\u00f6 vedest\u00e4 sinilev\u00e4\u00e4 ja olisiko siell\u00e4 turvallista uida? Ent\u00e4 milt\u00e4 n\u00e4ytt\u00e4\u00e4 veden happitilanne?<\/p>\n<p><strong>Vesirepun avulla voidaan tutkia seuraavia asioita<\/strong>:<\/p>\n<ul>\n<li>l\u00e4mp\u00f6tilaa (vesil\u00e4mp\u00f6mittari)<\/li>\n<li>n\u00e4k\u00f6syvyytt\u00e4 (Secchi-levy)<\/li>\n<li>sinilev\u00e4tilannetta<\/li>\n<li>sameutta (World Water Monitoring Challenge -purkki, tarra ja sameusasteikko)<\/li>\n<li>happipitoisuutta (testiputki,DO-tabletti, v\u00e4riasteikko)<\/li>\n<li>fosfori- ja typpipitoisuutta vedess\u00e4<\/li>\n<\/ul>\n<p><strong>Vesirepun k\u00e4ytt\u00f6 opetuksessa<\/strong><\/p>\n<p>Vesireppua on tarkoitus k\u00e4ytt\u00e4\u00e4 l\u00e4hiymp\u00e4rist\u00f6n tutkimiseen osana Ihan Pihalla-hankkeessa<br \/>tuotettavia oppimiskokonaisuuksia. Kouluissa voi oppilaiden kanssa koota \u201dOman l\u00e4hiveden tarinan\u201d, joka alkaa oppilaiden ennakkok\u00e4sitysten kartoittamisella esimerkiksi ajatuskartan avulla. Seuraavaksi tutustutaan yhdess\u00e4 tutkimusv\u00e4lineisiin ja matkataan n\u00e4ytteenottoon l\u00e4hivesist\u00f6n rantaan Vesirepun ohjeita ja v\u00e4lineit\u00e4 hy\u00f6dynt\u00e4en. Maastossa otetaan kuvia ja luokassa havainnot<br \/>voidaan kirjata yhdess\u00e4 yl\u00f6s vaikkapa J\u00e4rvi&amp;MeriWiki-palveluun. Vaikka Vesireppu on kehitetty ensisijaisesti kouluille, se soveltuu mainiosti my\u00f6s kaikille veden tilan seurannasta kiinnostuneille kansalaisille. Vesireppua voi k\u00e4ytt\u00e4\u00e4 vaikkapa oman m\u00f6kkirannan veden tutkimiseen!<\/p>\n<p>Lis\u00e4\u00e4 tietoa <a href=\"https:\/\/www.vesireppu.com\/\" target=\"_blank\" rel=\"noopener\">vesirepusta<\/a><\/p>\n<p>Lis\u00e4\u00e4 tietoa <a href=\"https:\/\/rotary.fi\/d1410\/mita-teemme\/itameri\/sinilevaseuranta\/\">sinilev\u00e4seurannasta<\/a><\/p>\n<p><img loading=\"lazy\" decoding=\"async\" class=\"wp-image-6826 alignnone size-large\" src=\"https:\/\/rotary.fi\/d1410\/wp-content\/uploads\/sites\/215\/2024\/03\/vesireppu-1024x397.jpg\" alt=\"\" width=\"1024\" height=\"397\" srcset=\"https:\/\/rotary.fi\/d1410\/wp-content\/uploads\/sites\/215\/2024\/03\/vesireppu-980x380.jpg 980w, https:\/\/rotary.fi\/d1410\/wp-content\/uploads\/sites\/215\/2024\/03\/vesireppu-480x186.jpg 480w\" sizes=\"(min-width: 0px) and (max-width: 480px) 480px, (min-width: 481px) and (max-width: 980px) 980px, (min-width: 981px) 1024px, 100vw\" \/><\/p>\n<p>[\/et_pb_text][\/et_pb_column][\/et_pb_row][\/et_pb_section]<\/p>\n","protected":false},"excerpt":{"rendered":"<p>VesireppuYmp\u00e4rist\u00f6n tutkiminen on hauskaaPaikalliset rotaryklubit lahjoittavat vesireppuja l\u00e4hikoulujen ja lasten harrastusryhmien k\u00e4ytt\u00f6\u00f6n. L\u00e4hivesist\u00f6n tutkiminen helposti ja monipuolisesti Vesireppu sis\u00e4lt\u00e4\u00e4 v\u00e4lineet ja ohjeet, joiden avulla l\u00e4hivesist\u00f6n tutkiminen on helppoa ja hauskaa. Mit\u00e4 n\u00e4k\u00f6syvyys kertoo vesist\u00f6n tilasta? L\u00f6ytyyk\u00f6 vedest\u00e4 sinilev\u00e4\u00e4 ja olisiko siell\u00e4 turvallista uida? Ent\u00e4 milt\u00e4 n\u00e4ytt\u00e4\u00e4 veden happitilanne? Vesirepun avulla voidaan tutkia seuraavia asioita: l\u00e4mp\u00f6tilaa [&hellip;]<\/p>\n","protected":false},"author":384,"featured_media":0,"parent":3492,"menu_order":1,"comment_status":"closed","ping_status":"closed","template":"","meta":{"_acf_changed":false,"_et_pb_use_builder":"on","_et_pb_old_content":"","_et_gb_content_width":"","footnotes":""},"class_list":["post-3500","page","type-page","status-publish","hentry"],"acf":[],"yoast_head":"<!-- This site is optimized with the Yoast SEO plugin v27.0 - https:\/\/yoast.com\/product\/yoast-seo-wordpress\/ -->\n<title>Vesireppu - Piiri 1410<\/title>\n<meta name=\"robots\" content=\"index, follow, max-snippet:-1, max-image-preview:large, max-video-preview:-1\" \/>\n<link rel=\"canonical\" href=\"https:\/\/rotary.fi\/d1410\/mita-teemme\/itameri\/vesireppu\/\" \/>\n<meta property=\"og:locale\" content=\"fi_FI\" \/>\n<meta property=\"og:type\" content=\"article\" \/>\n<meta property=\"og:title\" content=\"Vesireppu - Piiri 1410\" \/>\n<meta property=\"og:description\" content=\"VesireppuYmp\u00e4rist\u00f6n tutkiminen on hauskaaPaikalliset rotaryklubit lahjoittavat vesireppuja l\u00e4hikoulujen ja lasten harrastusryhmien k\u00e4ytt\u00f6\u00f6n. L\u00e4hivesist\u00f6n tutkiminen helposti ja monipuolisesti Vesireppu sis\u00e4lt\u00e4\u00e4 v\u00e4lineet ja ohjeet, joiden avulla l\u00e4hivesist\u00f6n tutkiminen on helppoa ja hauskaa. Mit\u00e4 n\u00e4k\u00f6syvyys kertoo vesist\u00f6n tilasta? L\u00f6ytyyk\u00f6 vedest\u00e4 sinilev\u00e4\u00e4 ja olisiko siell\u00e4 turvallista uida? Ent\u00e4 milt\u00e4 n\u00e4ytt\u00e4\u00e4 veden happitilanne? Vesirepun avulla voidaan tutkia seuraavia asioita: l\u00e4mp\u00f6tilaa [&hellip;]\" \/>\n<meta property=\"og:url\" content=\"https:\/\/rotary.fi\/d1410\/mita-teemme\/itameri\/vesireppu\/\" \/>\n<meta property=\"og:site_name\" content=\"Piiri 1410\" \/>\n<meta property=\"article:publisher\" content=\"https:\/\/www.facebook.com\/rotary\/\" \/>\n<meta property=\"article:modified_time\" content=\"2024-03-17T15:51:32+00:00\" \/>\n<meta property=\"og:image\" content=\"https:\/\/rotary.fi\/d1410\/wp-content\/uploads\/sites\/215\/2024\/03\/vesireppu-1024x397.jpg\" \/>\n<meta name=\"twitter:card\" content=\"summary_large_image\" \/>\n<meta name=\"twitter:label1\" content=\"Arvioitu lukuaika\" \/>\n\t<meta name=\"twitter:data1\" content=\"2 minuuttia\" \/>\n<script type=\"application\/ld+json\" class=\"yoast-schema-graph\">{\"@context\":\"https:\/\/schema.org\",\"@graph\":[{\"@type\":\"WebPage\",\"@id\":\"https:\/\/rotary.fi\/d1410\/mita-teemme\/itameri\/vesireppu\/\",\"url\":\"https:\/\/rotary.fi\/d1410\/mita-teemme\/itameri\/vesireppu\/\",\"name\":\"Vesireppu - Piiri 1410\",\"isPartOf\":{\"@id\":\"https:\/\/rotary.fi\/d1410\/#website\"},\"primaryImageOfPage\":{\"@id\":\"https:\/\/rotary.fi\/d1410\/mita-teemme\/itameri\/vesireppu\/#primaryimage\"},\"image\":{\"@id\":\"https:\/\/rotary.fi\/d1410\/mita-teemme\/itameri\/vesireppu\/#primaryimage\"},\"thumbnailUrl\":\"https:\/\/rotary.fi\/d1410\/wp-content\/uploads\/sites\/215\/2024\/03\/vesireppu-1024x397.jpg\",\"datePublished\":\"2021-07-27T10:02:25+00:00\",\"dateModified\":\"2024-03-17T15:51:32+00:00\",\"breadcrumb\":{\"@id\":\"https:\/\/rotary.fi\/d1410\/mita-teemme\/itameri\/vesireppu\/#breadcrumb\"},\"inLanguage\":\"fi\",\"potentialAction\":[{\"@type\":\"ReadAction\",\"target\":[\"https:\/\/rotary.fi\/d1410\/mita-teemme\/itameri\/vesireppu\/\"]}]},{\"@type\":\"ImageObject\",\"inLanguage\":\"fi\",\"@id\":\"https:\/\/rotary.fi\/d1410\/mita-teemme\/itameri\/vesireppu\/#primaryimage\",\"url\":\"https:\/\/rotary.fi\/d1410\/wp-content\/uploads\/sites\/215\/2024\/03\/vesireppu.jpg\",\"contentUrl\":\"https:\/\/rotary.fi\/d1410\/wp-content\/uploads\/sites\/215\/2024\/03\/vesireppu.jpg\",\"width\":1473,\"height\":571},{\"@type\":\"BreadcrumbList\",\"@id\":\"https:\/\/rotary.fi\/d1410\/mita-teemme\/itameri\/vesireppu\/#breadcrumb\",\"itemListElement\":[{\"@type\":\"ListItem\",\"position\":1,\"name\":\"Home\",\"item\":\"https:\/\/rotary.fi\/d1410\/\"},{\"@type\":\"ListItem\",\"position\":2,\"name\":\"Toiminnan painopisteet &#8211; Mit\u00e4 teemme\",\"item\":\"https:\/\/rotary.fi\/d1410\/mita-teemme\/\"},{\"@type\":\"ListItem\",\"position\":3,\"name\":\"It\u00e4meri\",\"item\":\"https:\/\/rotary.fi\/d1410\/mita-teemme\/itameri\/\"},{\"@type\":\"ListItem\",\"position\":4,\"name\":\"Vesireppu\"}]},{\"@type\":\"WebSite\",\"@id\":\"https:\/\/rotary.fi\/d1410\/#website\",\"url\":\"https:\/\/rotary.fi\/d1410\/\",\"name\":\"Piiri 1410\",\"description\":\"Suomen Rotary\",\"potentialAction\":[{\"@type\":\"SearchAction\",\"target\":{\"@type\":\"EntryPoint\",\"urlTemplate\":\"https:\/\/rotary.fi\/d1410\/?s={search_term_string}\"},\"query-input\":{\"@type\":\"PropertyValueSpecification\",\"valueRequired\":true,\"valueName\":\"search_term_string\"}}],\"inLanguage\":\"fi\"}]}<\/script>\n<!-- \/ Yoast SEO plugin. -->","yoast_head_json":{"title":"Vesireppu - Piiri 1410","robots":{"index":"index","follow":"follow","max-snippet":"max-snippet:-1","max-image-preview":"max-image-preview:large","max-video-preview":"max-video-preview:-1"},"canonical":"https:\/\/rotary.fi\/d1410\/mita-teemme\/itameri\/vesireppu\/","og_locale":"fi_FI","og_type":"article","og_title":"Vesireppu - Piiri 1410","og_description":"VesireppuYmp\u00e4rist\u00f6n tutkiminen on hauskaaPaikalliset rotaryklubit lahjoittavat vesireppuja l\u00e4hikoulujen ja lasten harrastusryhmien k\u00e4ytt\u00f6\u00f6n. L\u00e4hivesist\u00f6n tutkiminen helposti ja monipuolisesti Vesireppu sis\u00e4lt\u00e4\u00e4 v\u00e4lineet ja ohjeet, joiden avulla l\u00e4hivesist\u00f6n tutkiminen on helppoa ja hauskaa. Mit\u00e4 n\u00e4k\u00f6syvyys kertoo vesist\u00f6n tilasta? L\u00f6ytyyk\u00f6 vedest\u00e4 sinilev\u00e4\u00e4 ja olisiko siell\u00e4 turvallista uida? Ent\u00e4 milt\u00e4 n\u00e4ytt\u00e4\u00e4 veden happitilanne? Vesirepun avulla voidaan tutkia seuraavia asioita: l\u00e4mp\u00f6tilaa [&hellip;]","og_url":"https:\/\/rotary.fi\/d1410\/mita-teemme\/itameri\/vesireppu\/","og_site_name":"Piiri 1410","article_publisher":"https:\/\/www.facebook.com\/rotary\/","article_modified_time":"2024-03-17T15:51:32+00:00","og_image":[{"url":"https:\/\/rotary.fi\/d1410\/wp-content\/uploads\/sites\/215\/2024\/03\/vesireppu-1024x397.jpg","type":"","width":"","height":""}],"twitter_card":"summary_large_image","twitter_misc":{"Arvioitu lukuaika":"2 minuuttia"},"schema":{"@context":"https:\/\/schema.org","@graph":[{"@type":"WebPage","@id":"https:\/\/rotary.fi\/d1410\/mita-teemme\/itameri\/vesireppu\/","url":"https:\/\/rotary.fi\/d1410\/mita-teemme\/itameri\/vesireppu\/","name":"Vesireppu - Piiri 1410","isPartOf":{"@id":"https:\/\/rotary.fi\/d1410\/#website"},"primaryImageOfPage":{"@id":"https:\/\/rotary.fi\/d1410\/mita-teemme\/itameri\/vesireppu\/#primaryimage"},"image":{"@id":"https:\/\/rotary.fi\/d1410\/mita-teemme\/itameri\/vesireppu\/#primaryimage"},"thumbnailUrl":"https:\/\/rotary.fi\/d1410\/wp-content\/uploads\/sites\/215\/2024\/03\/vesireppu-1024x397.jpg","datePublished":"2021-07-27T10:02:25+00:00","dateModified":"2024-03-17T15:51:32+00:00","breadcrumb":{"@id":"https:\/\/rotary.fi\/d1410\/mita-teemme\/itameri\/vesireppu\/#breadcrumb"},"inLanguage":"fi","potentialAction":[{"@type":"ReadAction","target":["https:\/\/rotary.fi\/d1410\/mita-teemme\/itameri\/vesireppu\/"]}]},{"@type":"ImageObject","inLanguage":"fi","@id":"https:\/\/rotary.fi\/d1410\/mita-teemme\/itameri\/vesireppu\/#primaryimage","url":"https:\/\/rotary.fi\/d1410\/wp-content\/uploads\/sites\/215\/2024\/03\/vesireppu.jpg","contentUrl":"https:\/\/rotary.fi\/d1410\/wp-content\/uploads\/sites\/215\/2024\/03\/vesireppu.jpg","width":1473,"height":571},{"@type":"BreadcrumbList","@id":"https:\/\/rotary.fi\/d1410\/mita-teemme\/itameri\/vesireppu\/#breadcrumb","itemListElement":[{"@type":"ListItem","position":1,"name":"Home","item":"https:\/\/rotary.fi\/d1410\/"},{"@type":"ListItem","position":2,"name":"Toiminnan painopisteet &#8211; Mit\u00e4 teemme","item":"https:\/\/rotary.fi\/d1410\/mita-teemme\/"},{"@type":"ListItem","position":3,"name":"It\u00e4meri","item":"https:\/\/rotary.fi\/d1410\/mita-teemme\/itameri\/"},{"@type":"ListItem","position":4,"name":"Vesireppu"}]},{"@type":"WebSite","@id":"https:\/\/rotary.fi\/d1410\/#website","url":"https:\/\/rotary.fi\/d1410\/","name":"Piiri 1410","description":"Suomen Rotary","potentialAction":[{"@type":"SearchAction","target":{"@type":"EntryPoint","urlTemplate":"https:\/\/rotary.fi\/d1410\/?s={search_term_string}"},"query-input":{"@type":"PropertyValueSpecification","valueRequired":true,"valueName":"search_term_string"}}],"inLanguage":"fi"}]}},"lang":"fi","translations":{"fi":3500,"sv":4103,"en":4299},"pll_sync_post":[],"_links":{"self":[{"href":"https:\/\/rotary.fi\/d1410\/wp-json\/wp\/v2\/pages\/3500","targetHints":{"allow":["GET"]}}],"collection":[{"href":"https:\/\/rotary.fi\/d1410\/wp-json\/wp\/v2\/pages"}],"about":[{"href":"https:\/\/rotary.fi\/d1410\/wp-json\/wp\/v2\/types\/page"}],"author":[{"embeddable":true,"href":"https:\/\/rotary.fi\/d1410\/wp-json\/wp\/v2\/users\/384"}],"replies":[{"embeddable":true,"href":"https:\/\/rotary.fi\/d1410\/wp-json\/wp\/v2\/comments?post=3500"}],"version-history":[{"count":8,"href":"https:\/\/rotary.fi\/d1410\/wp-json\/wp\/v2\/pages\/3500\/revisions"}],"predecessor-version":[{"id":6827,"href":"https:\/\/rotary.fi\/d1410\/wp-json\/wp\/v2\/pages\/3500\/revisions\/6827"}],"up":[{"embeddable":true,"href":"https:\/\/rotary.fi\/d1410\/wp-json\/wp\/v2\/pages\/3492"}],"wp:attachment":[{"href":"https:\/\/rotary.fi\/d1410\/wp-json\/wp\/v2\/media?parent=3500"}],"curies":[{"name":"wp","href":"https:\/\/api.w.org\/{rel}","templated":true}]}}