{"id":3492,"date":"2021-07-27T11:49:33","date_gmt":"2021-07-27T09:49:33","guid":{"rendered":"https:\/\/rotary.fi\/d1410\/?page_id=3492"},"modified":"2025-06-15T09:43:27","modified_gmt":"2025-06-15T07:43:27","slug":"itameri","status":"publish","type":"page","link":"https:\/\/rotary.fi\/d1410\/mita-teemme\/itameri\/","title":{"rendered":"It\u00e4meri"},"content":{"rendered":"<p>[et_pb_section fb_built=&#8221;1&#8243; admin_label=&#8221;It\u00e4merikuva&#8221; module_class=&#8221;jumbotron-page&#8221; _builder_version=&#8221;4.16&#8243; background_image=&#8221;https:\/\/rotary.fi\/d1410\/wp-content\/uploads\/sites\/215\/2021\/06\/putsaari1-pienempi.jpg&#8221; global_colors_info=&#8221;{}&#8221;][et_pb_row module_class=&#8221; et_pb_row_fullwidth et_pb_row_fullwidth&#8221; _builder_version=&#8221;4.16&#8243; width=&#8221;89%&#8221; width_tablet=&#8221;80%&#8221; width_phone=&#8221;&#8221; width_last_edited=&#8221;on|desktop&#8221; max_width=&#8221;89%&#8221; max_width_tablet=&#8221;80%&#8221; max_width_phone=&#8221;&#8221; max_width_last_edited=&#8221;on|desktop&#8221; make_fullwidth=&#8221;on&#8221; global_colors_info=&#8221;{}&#8221;][et_pb_column type=&#8221;4_4&#8243; _builder_version=&#8221;4.16&#8243; custom_padding=&#8221;|||&#8221; global_colors_info=&#8221;{}&#8221; custom_padding__hover=&#8221;|||&#8221;][et_pb_text admin_label=&#8221;It\u00e4merifoorumi -otsikko&#8221; _builder_version=&#8221;4.16&#8243; text_orientation=&#8221;center&#8221; background_layout=&#8221;dark&#8221; z_index_tablet=&#8221;500&#8243; text_text_shadow_horizontal_length_tablet=&#8221;0px&#8221; text_text_shadow_vertical_length_tablet=&#8221;0px&#8221; text_text_shadow_blur_strength_tablet=&#8221;1px&#8221; link_text_shadow_horizontal_length_tablet=&#8221;0px&#8221; link_text_shadow_vertical_length_tablet=&#8221;0px&#8221; link_text_shadow_blur_strength_tablet=&#8221;1px&#8221; ul_text_shadow_horizontal_length_tablet=&#8221;0px&#8221; ul_text_shadow_vertical_length_tablet=&#8221;0px&#8221; ul_text_shadow_blur_strength_tablet=&#8221;1px&#8221; ol_text_shadow_horizontal_length_tablet=&#8221;0px&#8221; ol_text_shadow_vertical_length_tablet=&#8221;0px&#8221; ol_text_shadow_blur_strength_tablet=&#8221;1px&#8221; quote_text_shadow_horizontal_length_tablet=&#8221;0px&#8221; quote_text_shadow_vertical_length_tablet=&#8221;0px&#8221; quote_text_shadow_blur_strength_tablet=&#8221;1px&#8221; header_text_shadow_horizontal_length_tablet=&#8221;0px&#8221; header_text_shadow_vertical_length_tablet=&#8221;0px&#8221; header_text_shadow_blur_strength_tablet=&#8221;1px&#8221; header_2_text_shadow_horizontal_length_tablet=&#8221;0px&#8221; header_2_text_shadow_vertical_length_tablet=&#8221;0px&#8221; header_2_text_shadow_blur_strength_tablet=&#8221;1px&#8221; header_3_text_shadow_horizontal_length_tablet=&#8221;0px&#8221; header_3_text_shadow_vertical_length_tablet=&#8221;0px&#8221; header_3_text_shadow_blur_strength_tablet=&#8221;1px&#8221; header_4_text_shadow_horizontal_length_tablet=&#8221;0px&#8221; header_4_text_shadow_vertical_length_tablet=&#8221;0px&#8221; header_4_text_shadow_blur_strength_tablet=&#8221;1px&#8221; header_5_text_shadow_horizontal_length_tablet=&#8221;0px&#8221; header_5_text_shadow_vertical_length_tablet=&#8221;0px&#8221; header_5_text_shadow_blur_strength_tablet=&#8221;1px&#8221; header_6_text_shadow_horizontal_length_tablet=&#8221;0px&#8221; header_6_text_shadow_vertical_length_tablet=&#8221;0px&#8221; header_6_text_shadow_blur_strength_tablet=&#8221;1px&#8221; box_shadow_horizontal_tablet=&#8221;0px&#8221; box_shadow_vertical_tablet=&#8221;0px&#8221; box_shadow_blur_tablet=&#8221;40px&#8221; box_shadow_spread_tablet=&#8221;0px&#8221; global_colors_info=&#8221;{}&#8221;]<\/p>\n<h1>It\u00e4meri-forum<\/h1>\n<p>[\/et_pb_text][\/et_pb_column][\/et_pb_row][\/et_pb_section][et_pb_section fb_built=&#8221;1&#8243; module_class=&#8221;sisaltoalue_perus&#8221; _builder_version=&#8221;4.16&#8243; background_size=&#8221;initial&#8221; background_position=&#8221;top_left&#8221; background_repeat=&#8221;repeat&#8221; global_colors_info=&#8221;{}&#8221;][et_pb_row custom_padding_last_edited=&#8221;on|phone&#8221; _builder_version=&#8221;4.16&#8243; custom_padding_tablet=&#8221;&#8221; custom_padding_phone=&#8221;&#8221; global_colors_info=&#8221;{}&#8221;][et_pb_column type=&#8221;4_4&#8243; _builder_version=&#8221;4.16&#8243; custom_padding=&#8221;|||&#8221; global_colors_info=&#8221;{}&#8221; custom_padding__hover=&#8221;|||&#8221;][et_pb_text _builder_version=&#8221;4.27.4&#8243; hover_enabled=&#8221;0&#8243; z_index_tablet=&#8221;500&#8243; text_text_shadow_horizontal_length_tablet=&#8221;0px&#8221; text_text_shadow_vertical_length_tablet=&#8221;0px&#8221; text_text_shadow_blur_strength_tablet=&#8221;1px&#8221; link_text_shadow_horizontal_length_tablet=&#8221;0px&#8221; link_text_shadow_vertical_length_tablet=&#8221;0px&#8221; link_text_shadow_blur_strength_tablet=&#8221;1px&#8221; ul_text_shadow_horizontal_length_tablet=&#8221;0px&#8221; ul_text_shadow_vertical_length_tablet=&#8221;0px&#8221; ul_text_shadow_blur_strength_tablet=&#8221;1px&#8221; ol_text_shadow_horizontal_length_tablet=&#8221;0px&#8221; ol_text_shadow_vertical_length_tablet=&#8221;0px&#8221; ol_text_shadow_blur_strength_tablet=&#8221;1px&#8221; quote_text_shadow_horizontal_length_tablet=&#8221;0px&#8221; quote_text_shadow_vertical_length_tablet=&#8221;0px&#8221; quote_text_shadow_blur_strength_tablet=&#8221;1px&#8221; header_text_shadow_horizontal_length_tablet=&#8221;0px&#8221; header_text_shadow_vertical_length_tablet=&#8221;0px&#8221; header_text_shadow_blur_strength_tablet=&#8221;1px&#8221; header_2_text_shadow_horizontal_length_tablet=&#8221;0px&#8221; header_2_text_shadow_vertical_length_tablet=&#8221;0px&#8221; header_2_text_shadow_blur_strength_tablet=&#8221;1px&#8221; header_3_text_shadow_horizontal_length_tablet=&#8221;0px&#8221; header_3_text_shadow_vertical_length_tablet=&#8221;0px&#8221; header_3_text_shadow_blur_strength_tablet=&#8221;1px&#8221; header_4_text_shadow_horizontal_length_tablet=&#8221;0px&#8221; header_4_text_shadow_vertical_length_tablet=&#8221;0px&#8221; header_4_text_shadow_blur_strength_tablet=&#8221;1px&#8221; header_5_text_shadow_horizontal_length_tablet=&#8221;0px&#8221; header_5_text_shadow_vertical_length_tablet=&#8221;0px&#8221; header_5_text_shadow_blur_strength_tablet=&#8221;1px&#8221; header_6_text_shadow_horizontal_length_tablet=&#8221;0px&#8221; header_6_text_shadow_vertical_length_tablet=&#8221;0px&#8221; header_6_text_shadow_blur_strength_tablet=&#8221;1px&#8221; box_shadow_horizontal_tablet=&#8221;0px&#8221; box_shadow_vertical_tablet=&#8221;0px&#8221; box_shadow_blur_tablet=&#8221;40px&#8221; box_shadow_spread_tablet=&#8221;0px&#8221; global_colors_info=&#8221;{}&#8221; sticky_enabled=&#8221;0&#8243;]<\/p>\n<p><strong>Yhdess\u00e4 eteenp\u00e4in It\u00e4meren hyv\u00e4ksi.<\/strong><\/p>\n<p>Ymp\u00e4rist\u00f6n tila koskettaa meit\u00e4 kaikkia. Oman piirimme maantieteellisest\u00e4 sijainnista johtuen erityisen t\u00e4rke\u00e4 meille on oman It\u00e4meremme. Piiri 1410 on sitoutunut parantamaan It\u00e4meren tilaa ja toimimaan sen parantamiseksi eri hankkeita toteuttamalla.<\/p>\n<p>It\u00e4meri-forum kokoaa yhteen kaikki It\u00e4mereen vaikuttavat piirin hankkeet. It\u00e4meri-forumin hankkeita ovat mm. Vesireppu ja Sinilev\u00e4seuranta.<\/p>\n<p>It\u00e4meren ymp\u00e4rysvaltioissa asuu yhteens\u00e4 50000 rotaria. Rotarien kesken on muodostettu yhteisty\u00f6verkosto, Baltic Sea Action Network eli BASRAN.<\/p>\n<p>It\u00e4meri-forum ja BASRAN tekev\u00e4t vaikuttavaa ja aktiivista yhteisty\u00f6t\u00e4 esim. Suomen ymp\u00e4rist\u00f6keskuksen ja John Nurmisen S\u00e4\u00e4ti\u00f6n kanssa<\/p>\n<p><img loading=\"lazy\" decoding=\"async\" class=\"wp-image-3639 aligncenter size-medium\" src=\"https:\/\/rotary.fi\/d1410\/wp-content\/uploads\/sites\/215\/2021\/07\/ilman-ratasta-300x246.jpg\" alt=\"\" width=\"300\" height=\"246\" \/><\/p>\n<p><a href=\"https:\/\/rotary.fi\/d1410\/wp-content\/uploads\/sites\/215\/2021\/08\/esite-01-2.jpg\" target=\"_blank\" rel=\"noopener\">Lataa<\/a> t\u00e4st\u00e4 esite rotaryn ty\u00f6st\u00e4 It\u00e4meren hyv\u00e4ksi.<\/p>\n<p><a href=\"https:\/\/rotary.fi\/d1410\/rotarypiiri1410\/piirin-organisaatio\/ymparistokomitea\/\">Ymp\u00e4rist\u00f6komitean yhteystiedot<\/a><\/p>\n<p>&nbsp;<\/p>\n<p>[\/et_pb_text][\/et_pb_column][\/et_pb_row][\/et_pb_section]<\/p>\n","protected":false},"excerpt":{"rendered":"<p>It\u00e4meri-forumYhdess\u00e4 eteenp\u00e4in It\u00e4meren hyv\u00e4ksi. Ymp\u00e4rist\u00f6n tila koskettaa meit\u00e4 kaikkia. Oman piirimme maantieteellisest\u00e4 sijainnista johtuen erityisen t\u00e4rke\u00e4 meille on oman It\u00e4meremme. Piiri 1410 on sitoutunut parantamaan It\u00e4meren tilaa ja toimimaan sen parantamiseksi eri hankkeita toteuttamalla. It\u00e4meri-forum kokoaa yhteen kaikki It\u00e4mereen vaikuttavat piirin hankkeet. It\u00e4meri-forumin hankkeita ovat mm. Vesireppu ja Sinilev\u00e4seuranta. It\u00e4meren ymp\u00e4rysvaltioissa asuu yhteens\u00e4 50000 rotaria. [&hellip;]<\/p>\n","protected":false},"author":384,"featured_media":0,"parent":656,"menu_order":8,"comment_status":"closed","ping_status":"closed","template":"","meta":{"_acf_changed":false,"_et_pb_use_builder":"on","_et_pb_old_content":"","_et_gb_content_width":"","footnotes":""},"class_list":["post-3492","page","type-page","status-publish","hentry"],"acf":[],"yoast_head":"<!-- This site is optimized with the Yoast SEO plugin v27.0 - https:\/\/yoast.com\/product\/yoast-seo-wordpress\/ -->\n<title>It\u00e4meri - Piiri 1410<\/title>\n<meta name=\"robots\" content=\"index, follow, max-snippet:-1, max-image-preview:large, max-video-preview:-1\" \/>\n<link rel=\"canonical\" href=\"https:\/\/rotary.fi\/d1410\/mita-teemme\/itameri\/\" \/>\n<meta property=\"og:locale\" content=\"fi_FI\" \/>\n<meta property=\"og:type\" content=\"article\" \/>\n<meta property=\"og:title\" content=\"It\u00e4meri - Piiri 1410\" \/>\n<meta property=\"og:description\" content=\"It\u00e4meri-forumYhdess\u00e4 eteenp\u00e4in It\u00e4meren hyv\u00e4ksi. Ymp\u00e4rist\u00f6n tila koskettaa meit\u00e4 kaikkia. Oman piirimme maantieteellisest\u00e4 sijainnista johtuen erityisen t\u00e4rke\u00e4 meille on oman It\u00e4meremme. Piiri 1410 on sitoutunut parantamaan It\u00e4meren tilaa ja toimimaan sen parantamiseksi eri hankkeita toteuttamalla. It\u00e4meri-forum kokoaa yhteen kaikki It\u00e4mereen vaikuttavat piirin hankkeet. It\u00e4meri-forumin hankkeita ovat mm. Vesireppu ja Sinilev\u00e4seuranta. It\u00e4meren ymp\u00e4rysvaltioissa asuu yhteens\u00e4 50000 rotaria. [&hellip;]\" \/>\n<meta property=\"og:url\" content=\"https:\/\/rotary.fi\/d1410\/mita-teemme\/itameri\/\" \/>\n<meta property=\"og:site_name\" content=\"Piiri 1410\" \/>\n<meta property=\"article:publisher\" content=\"https:\/\/www.facebook.com\/rotary\/\" \/>\n<meta property=\"article:modified_time\" content=\"2025-06-15T07:43:27+00:00\" \/>\n<meta property=\"og:image\" content=\"https:\/\/rotary.fi\/d1410\/wp-content\/uploads\/sites\/215\/2021\/07\/ilman-ratasta.jpg\" \/>\n\t<meta property=\"og:image:width\" content=\"1084\" \/>\n\t<meta property=\"og:image:height\" content=\"888\" \/>\n\t<meta property=\"og:image:type\" content=\"image\/jpeg\" \/>\n<meta name=\"twitter:card\" content=\"summary_large_image\" \/>\n<meta name=\"twitter:label1\" content=\"Arvioitu lukuaika\" \/>\n\t<meta name=\"twitter:data1\" content=\"1 minuutti\" \/>\n<script type=\"application\/ld+json\" class=\"yoast-schema-graph\">{\"@context\":\"https:\/\/schema.org\",\"@graph\":[{\"@type\":\"WebPage\",\"@id\":\"https:\/\/rotary.fi\/d1410\/mita-teemme\/itameri\/\",\"url\":\"https:\/\/rotary.fi\/d1410\/mita-teemme\/itameri\/\",\"name\":\"It\u00e4meri - Piiri 1410\",\"isPartOf\":{\"@id\":\"https:\/\/rotary.fi\/d1410\/#website\"},\"primaryImageOfPage\":{\"@id\":\"https:\/\/rotary.fi\/d1410\/mita-teemme\/itameri\/#primaryimage\"},\"image\":{\"@id\":\"https:\/\/rotary.fi\/d1410\/mita-teemme\/itameri\/#primaryimage\"},\"thumbnailUrl\":\"https:\/\/rotary.fi\/d1410\/wp-content\/uploads\/sites\/215\/2021\/07\/ilman-ratasta-300x246.jpg\",\"datePublished\":\"2021-07-27T09:49:33+00:00\",\"dateModified\":\"2025-06-15T07:43:27+00:00\",\"breadcrumb\":{\"@id\":\"https:\/\/rotary.fi\/d1410\/mita-teemme\/itameri\/#breadcrumb\"},\"inLanguage\":\"fi\",\"potentialAction\":[{\"@type\":\"ReadAction\",\"target\":[\"https:\/\/rotary.fi\/d1410\/mita-teemme\/itameri\/\"]}]},{\"@type\":\"ImageObject\",\"inLanguage\":\"fi\",\"@id\":\"https:\/\/rotary.fi\/d1410\/mita-teemme\/itameri\/#primaryimage\",\"url\":\"https:\/\/rotary.fi\/d1410\/wp-content\/uploads\/sites\/215\/2021\/07\/ilman-ratasta.jpg\",\"contentUrl\":\"https:\/\/rotary.fi\/d1410\/wp-content\/uploads\/sites\/215\/2021\/07\/ilman-ratasta.jpg\",\"width\":1084,\"height\":888},{\"@type\":\"BreadcrumbList\",\"@id\":\"https:\/\/rotary.fi\/d1410\/mita-teemme\/itameri\/#breadcrumb\",\"itemListElement\":[{\"@type\":\"ListItem\",\"position\":1,\"name\":\"Home\",\"item\":\"https:\/\/rotary.fi\/d1410\/\"},{\"@type\":\"ListItem\",\"position\":2,\"name\":\"Toiminnan painopisteet &#8211; Mit\u00e4 teemme\",\"item\":\"https:\/\/rotary.fi\/d1410\/mita-teemme\/\"},{\"@type\":\"ListItem\",\"position\":3,\"name\":\"It\u00e4meri\"}]},{\"@type\":\"WebSite\",\"@id\":\"https:\/\/rotary.fi\/d1410\/#website\",\"url\":\"https:\/\/rotary.fi\/d1410\/\",\"name\":\"Piiri 1410\",\"description\":\"Suomen Rotary\",\"potentialAction\":[{\"@type\":\"SearchAction\",\"target\":{\"@type\":\"EntryPoint\",\"urlTemplate\":\"https:\/\/rotary.fi\/d1410\/?s={search_term_string}\"},\"query-input\":{\"@type\":\"PropertyValueSpecification\",\"valueRequired\":true,\"valueName\":\"search_term_string\"}}],\"inLanguage\":\"fi\"}]}<\/script>\n<!-- \/ Yoast SEO plugin. -->","yoast_head_json":{"title":"It\u00e4meri - Piiri 1410","robots":{"index":"index","follow":"follow","max-snippet":"max-snippet:-1","max-image-preview":"max-image-preview:large","max-video-preview":"max-video-preview:-1"},"canonical":"https:\/\/rotary.fi\/d1410\/mita-teemme\/itameri\/","og_locale":"fi_FI","og_type":"article","og_title":"It\u00e4meri - Piiri 1410","og_description":"It\u00e4meri-forumYhdess\u00e4 eteenp\u00e4in It\u00e4meren hyv\u00e4ksi. Ymp\u00e4rist\u00f6n tila koskettaa meit\u00e4 kaikkia. Oman piirimme maantieteellisest\u00e4 sijainnista johtuen erityisen t\u00e4rke\u00e4 meille on oman It\u00e4meremme. Piiri 1410 on sitoutunut parantamaan It\u00e4meren tilaa ja toimimaan sen parantamiseksi eri hankkeita toteuttamalla. It\u00e4meri-forum kokoaa yhteen kaikki It\u00e4mereen vaikuttavat piirin hankkeet. It\u00e4meri-forumin hankkeita ovat mm. Vesireppu ja Sinilev\u00e4seuranta. It\u00e4meren ymp\u00e4rysvaltioissa asuu yhteens\u00e4 50000 rotaria. [&hellip;]","og_url":"https:\/\/rotary.fi\/d1410\/mita-teemme\/itameri\/","og_site_name":"Piiri 1410","article_publisher":"https:\/\/www.facebook.com\/rotary\/","article_modified_time":"2025-06-15T07:43:27+00:00","og_image":[{"width":1084,"height":888,"url":"https:\/\/rotary.fi\/d1410\/wp-content\/uploads\/sites\/215\/2021\/07\/ilman-ratasta.jpg","type":"image\/jpeg"}],"twitter_card":"summary_large_image","twitter_misc":{"Arvioitu lukuaika":"1 minuutti"},"schema":{"@context":"https:\/\/schema.org","@graph":[{"@type":"WebPage","@id":"https:\/\/rotary.fi\/d1410\/mita-teemme\/itameri\/","url":"https:\/\/rotary.fi\/d1410\/mita-teemme\/itameri\/","name":"It\u00e4meri - Piiri 1410","isPartOf":{"@id":"https:\/\/rotary.fi\/d1410\/#website"},"primaryImageOfPage":{"@id":"https:\/\/rotary.fi\/d1410\/mita-teemme\/itameri\/#primaryimage"},"image":{"@id":"https:\/\/rotary.fi\/d1410\/mita-teemme\/itameri\/#primaryimage"},"thumbnailUrl":"https:\/\/rotary.fi\/d1410\/wp-content\/uploads\/sites\/215\/2021\/07\/ilman-ratasta-300x246.jpg","datePublished":"2021-07-27T09:49:33+00:00","dateModified":"2025-06-15T07:43:27+00:00","breadcrumb":{"@id":"https:\/\/rotary.fi\/d1410\/mita-teemme\/itameri\/#breadcrumb"},"inLanguage":"fi","potentialAction":[{"@type":"ReadAction","target":["https:\/\/rotary.fi\/d1410\/mita-teemme\/itameri\/"]}]},{"@type":"ImageObject","inLanguage":"fi","@id":"https:\/\/rotary.fi\/d1410\/mita-teemme\/itameri\/#primaryimage","url":"https:\/\/rotary.fi\/d1410\/wp-content\/uploads\/sites\/215\/2021\/07\/ilman-ratasta.jpg","contentUrl":"https:\/\/rotary.fi\/d1410\/wp-content\/uploads\/sites\/215\/2021\/07\/ilman-ratasta.jpg","width":1084,"height":888},{"@type":"BreadcrumbList","@id":"https:\/\/rotary.fi\/d1410\/mita-teemme\/itameri\/#breadcrumb","itemListElement":[{"@type":"ListItem","position":1,"name":"Home","item":"https:\/\/rotary.fi\/d1410\/"},{"@type":"ListItem","position":2,"name":"Toiminnan painopisteet &#8211; Mit\u00e4 teemme","item":"https:\/\/rotary.fi\/d1410\/mita-teemme\/"},{"@type":"ListItem","position":3,"name":"It\u00e4meri"}]},{"@type":"WebSite","@id":"https:\/\/rotary.fi\/d1410\/#website","url":"https:\/\/rotary.fi\/d1410\/","name":"Piiri 1410","description":"Suomen Rotary","potentialAction":[{"@type":"SearchAction","target":{"@type":"EntryPoint","urlTemplate":"https:\/\/rotary.fi\/d1410\/?s={search_term_string}"},"query-input":{"@type":"PropertyValueSpecification","valueRequired":true,"valueName":"search_term_string"}}],"inLanguage":"fi"}]}},"lang":"fi","translations":{"fi":3492,"sv":4093,"en":4282},"pll_sync_post":[],"_links":{"self":[{"href":"https:\/\/rotary.fi\/d1410\/wp-json\/wp\/v2\/pages\/3492","targetHints":{"allow":["GET"]}}],"collection":[{"href":"https:\/\/rotary.fi\/d1410\/wp-json\/wp\/v2\/pages"}],"about":[{"href":"https:\/\/rotary.fi\/d1410\/wp-json\/wp\/v2\/types\/page"}],"author":[{"embeddable":true,"href":"https:\/\/rotary.fi\/d1410\/wp-json\/wp\/v2\/users\/384"}],"replies":[{"embeddable":true,"href":"https:\/\/rotary.fi\/d1410\/wp-json\/wp\/v2\/comments?post=3492"}],"version-history":[{"count":10,"href":"https:\/\/rotary.fi\/d1410\/wp-json\/wp\/v2\/pages\/3492\/revisions"}],"predecessor-version":[{"id":8515,"href":"https:\/\/rotary.fi\/d1410\/wp-json\/wp\/v2\/pages\/3492\/revisions\/8515"}],"up":[{"embeddable":true,"href":"https:\/\/rotary.fi\/d1410\/wp-json\/wp\/v2\/pages\/656"}],"wp:attachment":[{"href":"https:\/\/rotary.fi\/d1410\/wp-json\/wp\/v2\/media?parent=3492"}],"curies":[{"name":"wp","href":"https:\/\/api.w.org\/{rel}","templated":true}]}}