{"id":2993,"date":"2019-08-22T09:22:08","date_gmt":"2019-08-22T07:22:08","guid":{"rendered":"https:\/\/rotary.fi\/d1410\/?page_id=2993"},"modified":"2025-06-15T10:02:09","modified_gmt":"2025-06-15T08:02:09","slug":"rotaract-clubs","status":"publish","type":"page","link":"https:\/\/rotary.fi\/d1410\/en\/interested-in-becoming-a-member\/rotaract-clubs\/","title":{"rendered":"Rotaract clubs"},"content":{"rendered":"<p>[et_pb_section fb_built=&#8221;1&#8243; module_class=&#8221;jumbotron-page&#8221; _builder_version=&#8221;4.16&#8243; background_image=&#8221;https:\/\/rotary.fi\/d1410\/wp-content\/uploads\/sites\/215\/2021\/07\/parkanon-rotaractorit.jpeg&#8221; global_colors_info=&#8221;{}&#8221;][et_pb_row module_class=&#8221; et_pb_row_fullwidth et_pb_row_fullwidth et_pb_row_fullwidth&#8221; _builder_version=&#8221;4.16&#8243; width=&#8221;89%&#8221; width_tablet=&#8221;80%&#8221; width_phone=&#8221;&#8221; width_last_edited=&#8221;on|desktop&#8221; max_width=&#8221;89%&#8221; max_width_tablet=&#8221;80%&#8221; max_width_phone=&#8221;&#8221; max_width_last_edited=&#8221;on|desktop&#8221; make_fullwidth=&#8221;on&#8221; global_colors_info=&#8221;{}&#8221;][et_pb_column type=&#8221;4_4&#8243; _builder_version=&#8221;4.16&#8243; custom_padding=&#8221;|||&#8221; global_colors_info=&#8221;{}&#8221; custom_padding__hover=&#8221;|||&#8221;][et_pb_text admin_label=&#8221;P\u00e4\u00e4otsikko kuvan p\u00e4\u00e4ll\u00e4&#8221; _builder_version=&#8221;4.16&#8243; text_orientation=&#8221;center&#8221; background_layout=&#8221;dark&#8221; z_index_tablet=&#8221;500&#8243; text_text_shadow_horizontal_length_tablet=&#8221;0px&#8221; text_text_shadow_vertical_length_tablet=&#8221;0px&#8221; text_text_shadow_blur_strength_tablet=&#8221;1px&#8221; link_text_shadow_horizontal_length_tablet=&#8221;0px&#8221; link_text_shadow_vertical_length_tablet=&#8221;0px&#8221; link_text_shadow_blur_strength_tablet=&#8221;1px&#8221; ul_text_shadow_horizontal_length_tablet=&#8221;0px&#8221; ul_text_shadow_vertical_length_tablet=&#8221;0px&#8221; ul_text_shadow_blur_strength_tablet=&#8221;1px&#8221; ol_text_shadow_horizontal_length_tablet=&#8221;0px&#8221; ol_text_shadow_vertical_length_tablet=&#8221;0px&#8221; ol_text_shadow_blur_strength_tablet=&#8221;1px&#8221; quote_text_shadow_horizontal_length_tablet=&#8221;0px&#8221; quote_text_shadow_vertical_length_tablet=&#8221;0px&#8221; quote_text_shadow_blur_strength_tablet=&#8221;1px&#8221; header_text_shadow_horizontal_length_tablet=&#8221;0px&#8221; header_text_shadow_vertical_length_tablet=&#8221;0px&#8221; header_text_shadow_blur_strength_tablet=&#8221;1px&#8221; header_2_text_shadow_horizontal_length_tablet=&#8221;0px&#8221; header_2_text_shadow_vertical_length_tablet=&#8221;0px&#8221; header_2_text_shadow_blur_strength_tablet=&#8221;1px&#8221; header_3_text_shadow_horizontal_length_tablet=&#8221;0px&#8221; header_3_text_shadow_vertical_length_tablet=&#8221;0px&#8221; header_3_text_shadow_blur_strength_tablet=&#8221;1px&#8221; header_4_text_shadow_horizontal_length_tablet=&#8221;0px&#8221; header_4_text_shadow_vertical_length_tablet=&#8221;0px&#8221; header_4_text_shadow_blur_strength_tablet=&#8221;1px&#8221; header_5_text_shadow_horizontal_length_tablet=&#8221;0px&#8221; header_5_text_shadow_vertical_length_tablet=&#8221;0px&#8221; header_5_text_shadow_blur_strength_tablet=&#8221;1px&#8221; header_6_text_shadow_horizontal_length_tablet=&#8221;0px&#8221; header_6_text_shadow_vertical_length_tablet=&#8221;0px&#8221; header_6_text_shadow_blur_strength_tablet=&#8221;1px&#8221; box_shadow_horizontal_tablet=&#8221;0px&#8221; box_shadow_vertical_tablet=&#8221;0px&#8221; box_shadow_blur_tablet=&#8221;40px&#8221; box_shadow_spread_tablet=&#8221;0px&#8221; locked=&#8221;off&#8221; collapsed=&#8221;off&#8221; global_colors_info=&#8221;{}&#8221;]<\/p>\n<h1>Rotaract clubs<\/h1>\n<p>[\/et_pb_text][\/et_pb_column][\/et_pb_row][\/et_pb_section][et_pb_section fb_built=&#8221;1&#8243; module_class=&#8221;sisaltoalue_perus&#8221; _builder_version=&#8221;4.16&#8243; custom_margin=&#8221;||40px|&#8221; global_colors_info=&#8221;{}&#8221;][et_pb_row custom_padding_last_edited=&#8221;on|phone&#8221; _builder_version=&#8221;4.16&#8243; custom_padding_tablet=&#8221;&#8221; custom_padding_phone=&#8221;&#8221; global_colors_info=&#8221;{}&#8221;][et_pb_column type=&#8221;4_4&#8243; _builder_version=&#8221;4.16&#8243; custom_padding=&#8221;|||&#8221; global_colors_info=&#8221;{}&#8221; custom_padding__hover=&#8221;|||&#8221;][et_pb_text admin_label=&#8221;P\u00e4\u00e4otsikko ennen sis\u00e4lt\u00f6\u00e4&#8221; _builder_version=&#8221;4.16&#8243; text_orientation=&#8221;center&#8221; z_index_tablet=&#8221;500&#8243; text_text_shadow_horizontal_length_tablet=&#8221;0px&#8221; text_text_shadow_vertical_length_tablet=&#8221;0px&#8221; text_text_shadow_blur_strength_tablet=&#8221;1px&#8221; link_text_shadow_horizontal_length_tablet=&#8221;0px&#8221; link_text_shadow_vertical_length_tablet=&#8221;0px&#8221; link_text_shadow_blur_strength_tablet=&#8221;1px&#8221; ul_text_shadow_horizontal_length_tablet=&#8221;0px&#8221; ul_text_shadow_vertical_length_tablet=&#8221;0px&#8221; ul_text_shadow_blur_strength_tablet=&#8221;1px&#8221; ol_text_shadow_horizontal_length_tablet=&#8221;0px&#8221; ol_text_shadow_vertical_length_tablet=&#8221;0px&#8221; ol_text_shadow_blur_strength_tablet=&#8221;1px&#8221; quote_text_shadow_horizontal_length_tablet=&#8221;0px&#8221; quote_text_shadow_vertical_length_tablet=&#8221;0px&#8221; quote_text_shadow_blur_strength_tablet=&#8221;1px&#8221; header_text_shadow_horizontal_length_tablet=&#8221;0px&#8221; header_text_shadow_vertical_length_tablet=&#8221;0px&#8221; header_text_shadow_blur_strength_tablet=&#8221;1px&#8221; header_2_text_shadow_horizontal_length_tablet=&#8221;0px&#8221; header_2_text_shadow_vertical_length_tablet=&#8221;0px&#8221; header_2_text_shadow_blur_strength_tablet=&#8221;1px&#8221; header_3_text_shadow_horizontal_length_tablet=&#8221;0px&#8221; header_3_text_shadow_vertical_length_tablet=&#8221;0px&#8221; header_3_text_shadow_blur_strength_tablet=&#8221;1px&#8221; header_4_text_shadow_horizontal_length_tablet=&#8221;0px&#8221; header_4_text_shadow_vertical_length_tablet=&#8221;0px&#8221; header_4_text_shadow_blur_strength_tablet=&#8221;1px&#8221; header_5_text_shadow_horizontal_length_tablet=&#8221;0px&#8221; header_5_text_shadow_vertical_length_tablet=&#8221;0px&#8221; header_5_text_shadow_blur_strength_tablet=&#8221;1px&#8221; header_6_text_shadow_horizontal_length_tablet=&#8221;0px&#8221; header_6_text_shadow_vertical_length_tablet=&#8221;0px&#8221; header_6_text_shadow_blur_strength_tablet=&#8221;1px&#8221; box_shadow_horizontal_tablet=&#8221;0px&#8221; box_shadow_vertical_tablet=&#8221;0px&#8221; box_shadow_blur_tablet=&#8221;40px&#8221; box_shadow_spread_tablet=&#8221;0px&#8221; global_colors_info=&#8221;{}&#8221;]<\/p>\n<h1>Young people doing good<\/h1>\n<p>[\/et_pb_text][et_pb_text _builder_version=&#8221;4.27.4&#8243; hover_enabled=&#8221;0&#8243; z_index_tablet=&#8221;500&#8243; text_text_shadow_horizontal_length_tablet=&#8221;0px&#8221; text_text_shadow_vertical_length_tablet=&#8221;0px&#8221; text_text_shadow_blur_strength_tablet=&#8221;1px&#8221; link_text_shadow_horizontal_length_tablet=&#8221;0px&#8221; link_text_shadow_vertical_length_tablet=&#8221;0px&#8221; link_text_shadow_blur_strength_tablet=&#8221;1px&#8221; ul_text_shadow_horizontal_length_tablet=&#8221;0px&#8221; ul_text_shadow_vertical_length_tablet=&#8221;0px&#8221; ul_text_shadow_blur_strength_tablet=&#8221;1px&#8221; ol_text_shadow_horizontal_length_tablet=&#8221;0px&#8221; ol_text_shadow_vertical_length_tablet=&#8221;0px&#8221; ol_text_shadow_blur_strength_tablet=&#8221;1px&#8221; quote_text_shadow_horizontal_length_tablet=&#8221;0px&#8221; quote_text_shadow_vertical_length_tablet=&#8221;0px&#8221; quote_text_shadow_blur_strength_tablet=&#8221;1px&#8221; header_text_shadow_horizontal_length_tablet=&#8221;0px&#8221; header_text_shadow_vertical_length_tablet=&#8221;0px&#8221; header_text_shadow_blur_strength_tablet=&#8221;1px&#8221; header_2_text_shadow_horizontal_length_tablet=&#8221;0px&#8221; header_2_text_shadow_vertical_length_tablet=&#8221;0px&#8221; header_2_text_shadow_blur_strength_tablet=&#8221;1px&#8221; header_3_text_shadow_horizontal_length_tablet=&#8221;0px&#8221; header_3_text_shadow_vertical_length_tablet=&#8221;0px&#8221; header_3_text_shadow_blur_strength_tablet=&#8221;1px&#8221; header_4_text_shadow_horizontal_length_tablet=&#8221;0px&#8221; header_4_text_shadow_vertical_length_tablet=&#8221;0px&#8221; header_4_text_shadow_blur_strength_tablet=&#8221;1px&#8221; header_5_text_shadow_horizontal_length_tablet=&#8221;0px&#8221; header_5_text_shadow_vertical_length_tablet=&#8221;0px&#8221; header_5_text_shadow_blur_strength_tablet=&#8221;1px&#8221; header_6_text_shadow_horizontal_length_tablet=&#8221;0px&#8221; header_6_text_shadow_vertical_length_tablet=&#8221;0px&#8221; header_6_text_shadow_blur_strength_tablet=&#8221;1px&#8221; box_shadow_horizontal_tablet=&#8221;0px&#8221; box_shadow_vertical_tablet=&#8221;0px&#8221; box_shadow_blur_tablet=&#8221;40px&#8221; box_shadow_spread_tablet=&#8221;0px&#8221; global_colors_info=&#8221;{}&#8221; sticky_enabled=&#8221;0&#8243;]<\/p>\n<div><b>Rotaract<\/b>\u00a0is a rotary organization for young adults over the age of 18 who are willing to donate time and expertise to their community. The motto of rotaractors is the same as that of the rotarians: \u2018service above self\u2019.<\/div>\n<div>\u00a0<\/div>\n<div>Rotaract Clubs do operate independently and are free to decide how to organize their activities. They are assisted by a sponsor club. Its rotarians provide the necessary information and support at all times and work in collaboration with rotaractors on various service projects. For example, clubs can make company visits and invite experts from different fields to share their work or current topics.<\/div>\n<div>\u00a0<\/div>\n<div>Charity is an integral part of Rotaract Club also. Clubs implement at least two service projects each year: one to help the local community, the other for a community in a different country.<\/div>\n<div>\u00a0<\/div>\n<div>Rotaract strives to promote the networking, internationalization of its members and to develop them as professionals and future leaders in their respective fields. Rotaract is big and small deeds for a better world.<\/div>\n<div>\u00a0<\/div>\n<div><a href=\"https:\/\/rotaractfinland.com\/\" target=\"_blank\" rel=\"noopener\">Read more<\/a> about rotaractors.<\/div>\n<div>\u00a0<\/div>\n<div>Rotaract Clubs of District 1410:<\/div>\n<ul>\n<li>Rotaract Turku<\/li>\n<li>Rotaract Turku region<\/li>\n<li>Rotaract Parkano<\/li>\n<\/ul>\n<p>&nbsp;<\/p>\n<p>[\/et_pb_text][\/et_pb_column][\/et_pb_row][\/et_pb_section]<\/p>\n","protected":false},"excerpt":{"rendered":"<p>Rotaract clubs Young people doing goodRotaract\u00a0is a rotary organization for young adults over the age of 18 who are willing to donate time and expertise to their community. The motto of rotaractors is the same as that of the rotarians: \u2018service above self\u2019. \u00a0 Rotaract Clubs do operate independently and are free to decide how [&hellip;]<\/p>\n","protected":false},"author":1,"featured_media":0,"parent":2965,"menu_order":1,"comment_status":"closed","ping_status":"closed","template":"","meta":{"_acf_changed":false,"_et_pb_use_builder":"on","_et_pb_old_content":"","_et_gb_content_width":"","footnotes":""},"class_list":["post-2993","page","type-page","status-publish","hentry"],"acf":[],"yoast_head":"<!-- This site is optimized with the Yoast SEO plugin v27.0 - https:\/\/yoast.com\/product\/yoast-seo-wordpress\/ -->\n<title>Rotaract clubs - Piiri 1410<\/title>\n<meta name=\"robots\" content=\"index, follow, max-snippet:-1, max-image-preview:large, max-video-preview:-1\" \/>\n<link rel=\"canonical\" href=\"https:\/\/rotary.fi\/d1410\/en\/interested-in-becoming-a-member\/rotaract-clubs\/\" \/>\n<meta property=\"og:locale\" content=\"fi_FI\" \/>\n<meta property=\"og:type\" content=\"article\" \/>\n<meta property=\"og:title\" content=\"Rotaract clubs - Piiri 1410\" \/>\n<meta property=\"og:description\" content=\"Rotaract clubs Young people doing goodRotaract\u00a0is a rotary organization for young adults over the age of 18 who are willing to donate time and expertise to their community. The motto of rotaractors is the same as that of the rotarians: \u2018service above self\u2019. \u00a0 Rotaract Clubs do operate independently and are free to decide how [&hellip;]\" \/>\n<meta property=\"og:url\" content=\"https:\/\/rotary.fi\/d1410\/en\/interested-in-becoming-a-member\/rotaract-clubs\/\" \/>\n<meta property=\"og:site_name\" content=\"Piiri 1410\" \/>\n<meta property=\"article:publisher\" content=\"https:\/\/www.facebook.com\/rotary\/\" \/>\n<meta property=\"article:modified_time\" content=\"2025-06-15T08:02:09+00:00\" \/>\n<meta name=\"twitter:card\" content=\"summary_large_image\" \/>\n<meta name=\"twitter:label1\" content=\"Arvioitu lukuaika\" \/>\n\t<meta name=\"twitter:data1\" content=\"2 minuuttia\" \/>\n<script type=\"application\/ld+json\" class=\"yoast-schema-graph\">{\"@context\":\"https:\/\/schema.org\",\"@graph\":[{\"@type\":\"WebPage\",\"@id\":\"https:\/\/rotary.fi\/d1410\/en\/interested-in-becoming-a-member\/rotaract-clubs\/\",\"url\":\"https:\/\/rotary.fi\/d1410\/en\/interested-in-becoming-a-member\/rotaract-clubs\/\",\"name\":\"Rotaract clubs - Piiri 1410\",\"isPartOf\":{\"@id\":\"https:\/\/rotary.fi\/d1410\/#website\"},\"datePublished\":\"2019-08-22T07:22:08+00:00\",\"dateModified\":\"2025-06-15T08:02:09+00:00\",\"breadcrumb\":{\"@id\":\"https:\/\/rotary.fi\/d1410\/en\/interested-in-becoming-a-member\/rotaract-clubs\/#breadcrumb\"},\"inLanguage\":\"fi\",\"potentialAction\":[{\"@type\":\"ReadAction\",\"target\":[\"https:\/\/rotary.fi\/d1410\/en\/interested-in-becoming-a-member\/rotaract-clubs\/\"]}]},{\"@type\":\"BreadcrumbList\",\"@id\":\"https:\/\/rotary.fi\/d1410\/en\/interested-in-becoming-a-member\/rotaract-clubs\/#breadcrumb\",\"itemListElement\":[{\"@type\":\"ListItem\",\"position\":1,\"name\":\"Home\",\"item\":\"https:\/\/rotary.fi\/d1410\/\"},{\"@type\":\"ListItem\",\"position\":2,\"name\":\"Interested in becoming a member?\",\"item\":\"https:\/\/rotary.fi\/d1410\/en\/interested-in-becoming-a-member\/\"},{\"@type\":\"ListItem\",\"position\":3,\"name\":\"Rotaract clubs\"}]},{\"@type\":\"WebSite\",\"@id\":\"https:\/\/rotary.fi\/d1410\/#website\",\"url\":\"https:\/\/rotary.fi\/d1410\/\",\"name\":\"Piiri 1410\",\"description\":\"Suomen Rotary\",\"potentialAction\":[{\"@type\":\"SearchAction\",\"target\":{\"@type\":\"EntryPoint\",\"urlTemplate\":\"https:\/\/rotary.fi\/d1410\/?s={search_term_string}\"},\"query-input\":{\"@type\":\"PropertyValueSpecification\",\"valueRequired\":true,\"valueName\":\"search_term_string\"}}],\"inLanguage\":\"fi\"}]}<\/script>\n<!-- \/ Yoast SEO plugin. -->","yoast_head_json":{"title":"Rotaract clubs - Piiri 1410","robots":{"index":"index","follow":"follow","max-snippet":"max-snippet:-1","max-image-preview":"max-image-preview:large","max-video-preview":"max-video-preview:-1"},"canonical":"https:\/\/rotary.fi\/d1410\/en\/interested-in-becoming-a-member\/rotaract-clubs\/","og_locale":"fi_FI","og_type":"article","og_title":"Rotaract clubs - Piiri 1410","og_description":"Rotaract clubs Young people doing goodRotaract\u00a0is a rotary organization for young adults over the age of 18 who are willing to donate time and expertise to their community. The motto of rotaractors is the same as that of the rotarians: \u2018service above self\u2019. \u00a0 Rotaract Clubs do operate independently and are free to decide how [&hellip;]","og_url":"https:\/\/rotary.fi\/d1410\/en\/interested-in-becoming-a-member\/rotaract-clubs\/","og_site_name":"Piiri 1410","article_publisher":"https:\/\/www.facebook.com\/rotary\/","article_modified_time":"2025-06-15T08:02:09+00:00","twitter_card":"summary_large_image","twitter_misc":{"Arvioitu lukuaika":"2 minuuttia"},"schema":{"@context":"https:\/\/schema.org","@graph":[{"@type":"WebPage","@id":"https:\/\/rotary.fi\/d1410\/en\/interested-in-becoming-a-member\/rotaract-clubs\/","url":"https:\/\/rotary.fi\/d1410\/en\/interested-in-becoming-a-member\/rotaract-clubs\/","name":"Rotaract clubs - Piiri 1410","isPartOf":{"@id":"https:\/\/rotary.fi\/d1410\/#website"},"datePublished":"2019-08-22T07:22:08+00:00","dateModified":"2025-06-15T08:02:09+00:00","breadcrumb":{"@id":"https:\/\/rotary.fi\/d1410\/en\/interested-in-becoming-a-member\/rotaract-clubs\/#breadcrumb"},"inLanguage":"fi","potentialAction":[{"@type":"ReadAction","target":["https:\/\/rotary.fi\/d1410\/en\/interested-in-becoming-a-member\/rotaract-clubs\/"]}]},{"@type":"BreadcrumbList","@id":"https:\/\/rotary.fi\/d1410\/en\/interested-in-becoming-a-member\/rotaract-clubs\/#breadcrumb","itemListElement":[{"@type":"ListItem","position":1,"name":"Home","item":"https:\/\/rotary.fi\/d1410\/"},{"@type":"ListItem","position":2,"name":"Interested in becoming a member?","item":"https:\/\/rotary.fi\/d1410\/en\/interested-in-becoming-a-member\/"},{"@type":"ListItem","position":3,"name":"Rotaract clubs"}]},{"@type":"WebSite","@id":"https:\/\/rotary.fi\/d1410\/#website","url":"https:\/\/rotary.fi\/d1410\/","name":"Piiri 1410","description":"Suomen Rotary","potentialAction":[{"@type":"SearchAction","target":{"@type":"EntryPoint","urlTemplate":"https:\/\/rotary.fi\/d1410\/?s={search_term_string}"},"query-input":{"@type":"PropertyValueSpecification","valueRequired":true,"valueName":"search_term_string"}}],"inLanguage":"fi"}]}},"lang":"en","translations":{"en":2993,"sv":2716,"fi":2048},"pll_sync_post":[],"_links":{"self":[{"href":"https:\/\/rotary.fi\/d1410\/wp-json\/wp\/v2\/pages\/2993","targetHints":{"allow":["GET"]}}],"collection":[{"href":"https:\/\/rotary.fi\/d1410\/wp-json\/wp\/v2\/pages"}],"about":[{"href":"https:\/\/rotary.fi\/d1410\/wp-json\/wp\/v2\/types\/page"}],"author":[{"embeddable":true,"href":"https:\/\/rotary.fi\/d1410\/wp-json\/wp\/v2\/users\/1"}],"replies":[{"embeddable":true,"href":"https:\/\/rotary.fi\/d1410\/wp-json\/wp\/v2\/comments?post=2993"}],"version-history":[{"count":3,"href":"https:\/\/rotary.fi\/d1410\/wp-json\/wp\/v2\/pages\/2993\/revisions"}],"predecessor-version":[{"id":8530,"href":"https:\/\/rotary.fi\/d1410\/wp-json\/wp\/v2\/pages\/2993\/revisions\/8530"}],"up":[{"embeddable":true,"href":"https:\/\/rotary.fi\/d1410\/wp-json\/wp\/v2\/pages\/2965"}],"wp:attachment":[{"href":"https:\/\/rotary.fi\/d1410\/wp-json\/wp\/v2\/media?parent=2993"}],"curies":[{"name":"wp","href":"https:\/\/api.w.org\/{rel}","templated":true}]}}