{"id":2883,"date":"2019-08-21T08:29:44","date_gmt":"2019-08-21T06:29:44","guid":{"rendered":"https:\/\/rotary.fi\/d1410\/?page_id=2883"},"modified":"2025-06-15T08:50:55","modified_gmt":"2025-06-15T06:50:55","slug":"district-clubs","status":"publish","type":"page","link":"https:\/\/rotary.fi\/d1410\/en\/rotary-district-1410\/district-clubs\/","title":{"rendered":"District clubs"},"content":{"rendered":"<p>[et_pb_section fb_built=&#8221;1&#8243; module_class=&#8221;jumbotron-page&#8221; _builder_version=&#8221;4.16&#8243; background_image=&#8221;https:\/\/rotary.fi\/d1410\/wp-content\/uploads\/sites\/215\/2021\/07\/img-20190616-123221.jpg&#8221; global_colors_info=&#8221;{}&#8221;][et_pb_row module_class=&#8221; et_pb_row_fullwidth et_pb_row_fullwidth et_pb_row_fullwidth et_pb_row_fullwidth et_pb_row_fullwidth et_pb_row_fullwidth&#8221; _builder_version=&#8221;4.16&#8243; width=&#8221;89%&#8221; width_tablet=&#8221;80%&#8221; width_phone=&#8221;&#8221; width_last_edited=&#8221;on|desktop&#8221; max_width=&#8221;89%&#8221; max_width_tablet=&#8221;80%&#8221; max_width_phone=&#8221;&#8221; max_width_last_edited=&#8221;on|desktop&#8221; make_fullwidth=&#8221;on&#8221; global_colors_info=&#8221;{}&#8221;][et_pb_column type=&#8221;4_4&#8243; _builder_version=&#8221;4.16&#8243; custom_padding=&#8221;|||&#8221; global_colors_info=&#8221;{}&#8221; custom_padding__hover=&#8221;|||&#8221;][et_pb_text admin_label=&#8221;P\u00e4\u00e4otsikko kuvan p\u00e4\u00e4ll\u00e4&#8221; _builder_version=&#8221;4.16&#8243; text_orientation=&#8221;center&#8221; background_layout=&#8221;dark&#8221; z_index_tablet=&#8221;500&#8243; text_text_shadow_horizontal_length_tablet=&#8221;0px&#8221; text_text_shadow_vertical_length_tablet=&#8221;0px&#8221; text_text_shadow_blur_strength_tablet=&#8221;1px&#8221; link_text_shadow_horizontal_length_tablet=&#8221;0px&#8221; link_text_shadow_vertical_length_tablet=&#8221;0px&#8221; link_text_shadow_blur_strength_tablet=&#8221;1px&#8221; ul_text_shadow_horizontal_length_tablet=&#8221;0px&#8221; ul_text_shadow_vertical_length_tablet=&#8221;0px&#8221; ul_text_shadow_blur_strength_tablet=&#8221;1px&#8221; ol_text_shadow_horizontal_length_tablet=&#8221;0px&#8221; ol_text_shadow_vertical_length_tablet=&#8221;0px&#8221; ol_text_shadow_blur_strength_tablet=&#8221;1px&#8221; quote_text_shadow_horizontal_length_tablet=&#8221;0px&#8221; quote_text_shadow_vertical_length_tablet=&#8221;0px&#8221; quote_text_shadow_blur_strength_tablet=&#8221;1px&#8221; header_text_shadow_horizontal_length_tablet=&#8221;0px&#8221; header_text_shadow_vertical_length_tablet=&#8221;0px&#8221; header_text_shadow_blur_strength_tablet=&#8221;1px&#8221; header_2_text_shadow_horizontal_length_tablet=&#8221;0px&#8221; header_2_text_shadow_vertical_length_tablet=&#8221;0px&#8221; header_2_text_shadow_blur_strength_tablet=&#8221;1px&#8221; header_3_text_shadow_horizontal_length_tablet=&#8221;0px&#8221; header_3_text_shadow_vertical_length_tablet=&#8221;0px&#8221; header_3_text_shadow_blur_strength_tablet=&#8221;1px&#8221; header_4_text_shadow_horizontal_length_tablet=&#8221;0px&#8221; header_4_text_shadow_vertical_length_tablet=&#8221;0px&#8221; header_4_text_shadow_blur_strength_tablet=&#8221;1px&#8221; header_5_text_shadow_horizontal_length_tablet=&#8221;0px&#8221; header_5_text_shadow_vertical_length_tablet=&#8221;0px&#8221; header_5_text_shadow_blur_strength_tablet=&#8221;1px&#8221; header_6_text_shadow_horizontal_length_tablet=&#8221;0px&#8221; header_6_text_shadow_vertical_length_tablet=&#8221;0px&#8221; header_6_text_shadow_blur_strength_tablet=&#8221;1px&#8221; box_shadow_horizontal_tablet=&#8221;0px&#8221; box_shadow_vertical_tablet=&#8221;0px&#8221; box_shadow_blur_tablet=&#8221;40px&#8221; box_shadow_spread_tablet=&#8221;0px&#8221; locked=&#8221;off&#8221; collapsed=&#8221;off&#8221; global_colors_info=&#8221;{}&#8221;]<\/p>\n<h1>District clubs<\/h1>\n<p>[\/et_pb_text][\/et_pb_column][\/et_pb_row][\/et_pb_section][et_pb_section fb_built=&#8221;1&#8243; module_class=&#8221;sisaltoalue_perus&#8221; _builder_version=&#8221;4.16&#8243; custom_margin=&#8221;||40px|&#8221; global_colors_info=&#8221;{}&#8221;][et_pb_row custom_padding_last_edited=&#8221;on|phone&#8221; _builder_version=&#8221;4.16&#8243; custom_padding_tablet=&#8221;&#8221; custom_padding_phone=&#8221;&#8221; global_colors_info=&#8221;{}&#8221;][et_pb_column type=&#8221;4_4&#8243; _builder_version=&#8221;4.16&#8243; custom_padding=&#8221;|||&#8221; global_colors_info=&#8221;{}&#8221; custom_padding__hover=&#8221;|||&#8221;][et_pb_text _builder_version=&#8221;4.27.4&#8243; hover_enabled=&#8221;0&#8243; z_index_tablet=&#8221;500&#8243; text_text_shadow_horizontal_length_tablet=&#8221;0px&#8221; text_text_shadow_vertical_length_tablet=&#8221;0px&#8221; text_text_shadow_blur_strength_tablet=&#8221;1px&#8221; link_text_shadow_horizontal_length_tablet=&#8221;0px&#8221; link_text_shadow_vertical_length_tablet=&#8221;0px&#8221; link_text_shadow_blur_strength_tablet=&#8221;1px&#8221; ul_text_shadow_horizontal_length_tablet=&#8221;0px&#8221; ul_text_shadow_vertical_length_tablet=&#8221;0px&#8221; ul_text_shadow_blur_strength_tablet=&#8221;1px&#8221; ol_text_shadow_horizontal_length_tablet=&#8221;0px&#8221; ol_text_shadow_vertical_length_tablet=&#8221;0px&#8221; ol_text_shadow_blur_strength_tablet=&#8221;1px&#8221; quote_text_shadow_horizontal_length_tablet=&#8221;0px&#8221; quote_text_shadow_vertical_length_tablet=&#8221;0px&#8221; quote_text_shadow_blur_strength_tablet=&#8221;1px&#8221; header_text_shadow_horizontal_length_tablet=&#8221;0px&#8221; header_text_shadow_vertical_length_tablet=&#8221;0px&#8221; header_text_shadow_blur_strength_tablet=&#8221;1px&#8221; header_2_text_shadow_horizontal_length_tablet=&#8221;0px&#8221; header_2_text_shadow_vertical_length_tablet=&#8221;0px&#8221; header_2_text_shadow_blur_strength_tablet=&#8221;1px&#8221; header_3_text_shadow_horizontal_length_tablet=&#8221;0px&#8221; header_3_text_shadow_vertical_length_tablet=&#8221;0px&#8221; header_3_text_shadow_blur_strength_tablet=&#8221;1px&#8221; header_4_text_shadow_horizontal_length_tablet=&#8221;0px&#8221; header_4_text_shadow_vertical_length_tablet=&#8221;0px&#8221; header_4_text_shadow_blur_strength_tablet=&#8221;1px&#8221; header_5_text_shadow_horizontal_length_tablet=&#8221;0px&#8221; header_5_text_shadow_vertical_length_tablet=&#8221;0px&#8221; header_5_text_shadow_blur_strength_tablet=&#8221;1px&#8221; header_6_text_shadow_horizontal_length_tablet=&#8221;0px&#8221; header_6_text_shadow_vertical_length_tablet=&#8221;0px&#8221; header_6_text_shadow_blur_strength_tablet=&#8221;1px&#8221; box_shadow_horizontal_tablet=&#8221;0px&#8221; box_shadow_vertical_tablet=&#8221;0px&#8221; box_shadow_blur_tablet=&#8221;40px&#8221; box_shadow_spread_tablet=&#8221;0px&#8221; global_colors_info=&#8221;{}&#8221; sticky_enabled=&#8221;0&#8243;]<\/p>\n<div>The actual Rotary activity takes place in the Rotary Clubs.<\/div>\n<div>\u00a0<\/div>\n<div>Clubs in our Rotary district can be found in the regions of Southwest Finland, Satakunta, Kanta-H\u00e4me, Pirkanmaa and \u00c5land Islands. There are 55 clubs in District 1410. The westernmost of the clubs operates in Mariehamn and the easternmost in Forssa, in the south our district extends to Kemi\u00f6nsaari and in the north to Karvia.<\/div>\n<div>\u00a0<\/div>\n<div>Find out about club activities through the links below.<\/div>\n<p><strong>\u00c5land<\/strong><br \/><a href=\"https:\/\/rotary.fi\/godby\/\" target=\"_blank\" rel=\"noopener\">Godby Rotaryklubb<\/a><br \/><a href=\"https:\/\/rotary.fi\/mariehamn\/\" target=\"_blank\" rel=\"noopener\">Mariehamns Rotaryklubb<\/a><\/p>\n<p><strong>Eura<\/strong><br \/><a href=\"http:\/\/rotary.fi\/eura\/\" target=\"_blank\" rel=\"noopener\">Euran Rotaryklubi<\/a><\/p>\n<p><strong>Eurajoki<\/strong><br \/><a href=\"https:\/\/rotary.fi\/eurajoenrotaryklubi\/\" target=\"_blank\" rel=\"noopener\">Eurajoen Rotaryklubi<\/a><\/p>\n<p><strong>Forssa<\/strong><br \/><a href=\"http:\/\/www.forssarotary.org\/\" target=\"_blank\" rel=\"noopener\">Forssan Rotaryklubi<\/a><\/p>\n<p><strong>Harjavalta<\/strong><br \/><a href=\"https:\/\/rotary.fi\/harjavalta\/\">Harjavallan Rotaryklubi<\/a><\/p>\n<p><strong>Huittinen<\/strong><br \/><a href=\"https:\/\/rotary.fi\/huittinen\/\" target=\"_blank\" rel=\"noopener\">Huittisten Rotaryklubi<\/a><\/p>\n<p><strong>H\u00e4meenkyr\u00f6<\/strong><br \/><a href=\"https:\/\/rotary.fi\/kyrosjarvi\/\" target=\"_blank\" rel=\"noopener\">Kyr\u00f6sj\u00e4rven Rotaryklubi<\/a><\/p>\n<p><strong>Kaarina<\/strong><br \/><a href=\"http:\/\/kaarina.rotary.fi\/\" target=\"_blank\" rel=\"noopener\">Kaarinan Rotaryklubi<\/a><\/p>\n<p><strong>Kankaanp\u00e4\u00e4<\/strong><br \/>Kankaanp\u00e4\u00e4n Rotaryklubi<\/p>\n<p><strong>Karvia<\/strong><br \/><a href=\"https:\/\/rotary.fi\/karvia\/\" target=\"_blank\" rel=\"noopener\">Karvian Rotaryklubi<\/a><\/p>\n<p><strong>Kimito &#8211; Kemi\u00f6<\/strong><br \/><a href=\"https:\/\/rotary.fi\/kimitoon-kemionsaari\/sv\/\" target=\"_blank\" rel=\"noopener\">Kimito\u00f6ns Rotaryklubi &#8211; Kemi\u00f6nsaaren Rotaryklubi<\/a><\/p>\n<p><strong>Kokem\u00e4ki<\/strong><br \/><a href=\"https:\/\/rotary.fi\/kokemaki\/\" target=\"_blank\" rel=\"noopener\">Kokem\u00e4en Rotaryklubi<\/a><\/p>\n<p><strong>Laitila<\/strong><br \/><a href=\"http:\/\/www.rotary.fi\/laitila\" target=\"_blank\" rel=\"noopener\">Laitilan Rotaryklubi<\/a><\/p>\n<p><strong>Lieto<br \/><\/strong><a href=\"https:\/\/rotary.fi\/lieto\/\" target=\"_blank\" rel=\"noopener\">Liedon Rotaryklubi<\/a><br \/><a href=\"https:\/\/rotary.fi\/vanhalinna\/\" target=\"_blank\" rel=\"noopener\">Lieto Vanhalinnan Rotaryklubi<\/a><\/p>\n<p><strong>Loimaa<\/strong><br \/><a href=\"http:\/\/rotary.fi\/alastaronrotaryklubi\/\" target=\"_blank\" rel=\"noopener\">Alastaron Rotaryklubi<\/a><br \/><a href=\"http:\/\/www.loimaanrotaryklubi.fi\/\" target=\"_blank\" rel=\"noopener\">Loimaan Rotaryklubi<\/a><\/p>\n<p><strong>Myn\u00e4m\u00e4ki<\/strong><br \/><a href=\"http:\/\/mynamaenrotaryklubi.rotary.fi\/\" target=\"_blank\" rel=\"noopener\">Myn\u00e4m\u00e4en Rotaryklubi<\/a><\/p>\n<p><strong>Naantali<\/strong><br \/><a href=\"https:\/\/rotary.fi\/merinaantali\/\" target=\"_blank\" rel=\"noopener\">Meri-Naantalin Rotaryklubi<\/a><br \/><a href=\"https:\/\/rotary.fi\/naantali\/\" target=\"_blank\" rel=\"noopener\">Naantalin Rotaryklubi<\/a><\/p>\n<p><strong>Nagu<\/strong><br \/><a href=\"https:\/\/rotary.fi\/nagu\/\" target=\"_blank\" rel=\"noopener\">Nagu Rotaryklubb<\/a><\/p>\n<p><strong>Nakkila<\/strong><br \/><a href=\"http:\/\/www.rotary.fi\/1410\/nakkila\/\" target=\"_blank\" rel=\"noopener\">Nakkilan Rotaryklubi<\/a><\/p>\n<p><strong>Nousiainen<\/strong><br \/><a href=\"http:\/\/www.nousiaistenrotaryklubi.fi\/\" target=\"_blank\" rel=\"noopener\">Nousiaisten Rotaryklubi<\/a><\/p>\n<p><strong>Pargas<\/strong><br \/><a href=\"http:\/\/www.parnet.fi\/rotary\/\" target=\"_blank\" rel=\"noopener\">Pargas Rotaryklubb<\/a><\/p>\n<p><strong>Parkano<\/strong><br \/><a href=\"http:\/\/parkanonrotaryklubi.fi\/\" target=\"_blank\" rel=\"noopener\">Parkanon Rotaryklubi<\/a><\/p>\n<p><strong>Piikki\u00f6<\/strong><br \/><a href=\"http:\/\/piikkionrotaryklubi.fi\/\" target=\"_blank\" rel=\"noopener\">Piikki\u00f6n Rotaryklubi<\/a><\/p>\n<p><strong>Pori<\/strong><br \/><a href=\"https:\/\/rotary.fi\/porikarhunpaa\" target=\"_blank\" rel=\"noopener\">Karhunp\u00e4\u00e4n Rotaryklubi<\/a><br \/><a href=\"http:\/\/www.rotary.fi\/1410\/kuninkaankartano\/\" target=\"_blank\" rel=\"noopener\">Kuninkaankartanon Rotaryklubi<\/a><br \/><a href=\"https:\/\/rotary.fi\/meripori\/\" target=\"_blank\" rel=\"noopener\">Meri-Porin Rotaryklubi<\/a><br \/><a href=\"http:\/\/www.porinrotary.fi\/\" target=\"_blank\" rel=\"noopener\">Porin Rotaryklubi<\/a><br \/><a href=\"https:\/\/www.teljanrotaryt.fi\/\" target=\"_blank\" rel=\"noopener\">Telj\u00e4n Rotaryklubi<\/a><\/p>\n<p><strong>Punkalaidun<\/strong><br \/><a href=\"http:\/\/www.rotary.fi\/punkalaidun\/\" target=\"_blank\" rel=\"noopener\">Punkalaitumen Rotaryklubi<\/a><\/p>\n<p><strong>Raisio<\/strong><br \/><a href=\"https:\/\/rotary.fi\/raisio\" target=\"_blank\" rel=\"noopener\">Raision Rotaryklubi<\/a><br \/><a href=\"http:\/\/www.rotary.fi\/raisiojokilaakso\" target=\"_blank\" rel=\"noopener\">Raisio-Jokilaakson Rotaryklubi<\/a><\/p>\n<p><strong>Rauma<\/strong><br \/><a href=\"http:\/\/www.rotary.fi\/1410\/rauma\/\" target=\"_blank\" rel=\"noopener\">Rauman Rotaryklubi<\/a><br \/><a href=\"https:\/\/rotary.fi\/raumahauenguan\/\" target=\"_blank\" rel=\"noopener\">Rauma-Hauenguan Rotaryklubi<\/a><\/p>\n<p><strong>Salo<\/strong><a href=\"http:\/\/rotarysalo.fi\/\" target=\"_blank\" rel=\"noopener\"><br \/><\/a><a href=\"http:\/\/rotarysalo.fi\/\" target=\"_blank\" rel=\"noopener\">Perni\u00f6n Rotaryklubi<\/a><br \/><a href=\"https:\/\/rotary.fi\/rcreachsalo\" target=\"_blank\" rel=\"noopener\">Reach Salo<\/a><br \/><a href=\"http:\/\/rotarysalo.fi\/\" target=\"_blank\" rel=\"noopener\">Salon Rotaryklubi<\/a><br \/><a href=\"https:\/\/rotary.fi\/uskela\/\">Uskelan Rotaryklubi<\/a><\/p>\n<p><strong>Sastamala<\/strong><br \/><a href=\"http:\/\/vammalanrotaryklubi.rotary.fi\/\" target=\"_blank\" rel=\"noopener\">Vammalan Rotaryklubi<\/a><br \/><a href=\"http:\/\/www.aetsanrotaryklubi.fi\/\" target=\"_blank\" rel=\"noopener\">\u00c4ets\u00e4n Rotaryklubi<\/a><\/p>\n<p><strong>Somero<\/strong><br \/><a href=\"https:\/\/rotary.fi\/somero\/\" target=\"_blank\" rel=\"noopener\">Someron Rotaryklubi<\/a><\/p>\n<p><strong>Turku &#8211; \u00c5bo<\/strong><br \/><a href=\"http:\/\/www.rotary.fi\/turkuaboanova\" target=\"_blank\" rel=\"noopener\">Turku Aboa Nova Rotaryklubi<\/a><br \/><a href=\"https:\/\/aninkainen.rotary.fi\/\" target=\"_blank\" rel=\"noopener\">Turku Aninkaisten Rotaryklubi<\/a><br \/><a href=\"https:\/\/rotary.fi\/turkukupittaa\/\" target=\"_blank\" rel=\"noopener\">Turku Kupittaan Rotaryklubi<\/a><br \/><a href=\"https:\/\/rotary.fi\/turkusamppalinna\/\" target=\"_blank\" rel=\"noopener\">Turku-Samppalinna Rotaryklubi<\/a><br \/><a href=\"http:\/\/turku-sirkkala.rotary.fi\/\" target=\"_blank\" rel=\"noopener\">Turku Sirkkala Rotaryklubi<\/a><br \/><a href=\"http:\/\/www.turunaamuvirkut.fi\/\" target=\"_blank\" rel=\"noopener\">Turun Aamuvirkut Rotaryklubi<\/a><br \/><a href=\"http:\/\/www.turunrotaryklubi.fi\/\" target=\"_blank\" rel=\"noopener\">Turun Rotaryklubi &#8211; \u00c5bo Rotaryklubb<\/a><br \/><a href=\"https:\/\/rotary.fi\/turunlinna\/\" target=\"_blank\" rel=\"noopener\">Turun Linnan Rotaryklubi &#8211; \u00c5bo Slotts Rotaryklubi<\/a><br \/><a href=\"http:\/\/turunmaanrotary.rotary.fi\/\" target=\"_blank\" rel=\"noopener\">Turunmaan Rotaryklubi<\/a><\/p>\n<p><strong>Urjala<\/strong><br \/><a href=\"http:\/\/urjalarotary.weebly.com\/\" target=\"_blank\" rel=\"noopener\">Urjalan Rotaryklubi<\/a><\/p>\n<p><strong>Uusikaupunki<\/strong><br \/><a href=\"https:\/\/rotary.fi\/uusikaupunki\/\" target=\"_blank\" rel=\"noopener\">Uudenkaupungin Rotaryklubi<\/a><\/p>\n<p>&nbsp;<\/p>\n<p>[\/et_pb_text][\/et_pb_column][\/et_pb_row][\/et_pb_section]<\/p>\n","protected":false},"excerpt":{"rendered":"<p>District clubsThe actual Rotary activity takes place in the Rotary Clubs. \u00a0 Clubs in our Rotary district can be found in the regions of Southwest Finland, Satakunta, Kanta-H\u00e4me, Pirkanmaa and \u00c5land Islands. There are 55 clubs in District 1410. The westernmost of the clubs operates in Mariehamn and the easternmost in Forssa, in the south [&hellip;]<\/p>\n","protected":false},"author":1,"featured_media":0,"parent":2881,"menu_order":2,"comment_status":"closed","ping_status":"closed","template":"","meta":{"_acf_changed":false,"_et_pb_use_builder":"on","_et_pb_old_content":"","_et_gb_content_width":"","footnotes":""},"class_list":["post-2883","page","type-page","status-publish","hentry"],"acf":[],"yoast_head":"<!-- This site is optimized with the Yoast SEO plugin v27.4 - https:\/\/yoast.com\/product\/yoast-seo-wordpress\/ -->\n<title>District clubs - Piiri 1410<\/title>\n<meta name=\"robots\" content=\"index, follow, max-snippet:-1, max-image-preview:large, max-video-preview:-1\" \/>\n<link rel=\"canonical\" href=\"https:\/\/rotary.fi\/d1410\/en\/rotary-district-1410\/district-clubs\/\" \/>\n<meta property=\"og:locale\" content=\"fi_FI\" \/>\n<meta property=\"og:type\" content=\"article\" \/>\n<meta property=\"og:title\" content=\"District clubs - Piiri 1410\" \/>\n<meta property=\"og:description\" content=\"District clubsThe actual Rotary activity takes place in the Rotary Clubs. \u00a0 Clubs in our Rotary district can be found in the regions of Southwest Finland, Satakunta, Kanta-H\u00e4me, Pirkanmaa and \u00c5land Islands. There are 55 clubs in District 1410. The westernmost of the clubs operates in Mariehamn and the easternmost in Forssa, in the south [&hellip;]\" \/>\n<meta property=\"og:url\" content=\"https:\/\/rotary.fi\/d1410\/en\/rotary-district-1410\/district-clubs\/\" \/>\n<meta property=\"og:site_name\" content=\"Piiri 1410\" \/>\n<meta property=\"article:publisher\" content=\"https:\/\/www.facebook.com\/rotary\/\" \/>\n<meta property=\"article:modified_time\" content=\"2025-06-15T06:50:55+00:00\" \/>\n<meta name=\"twitter:card\" content=\"summary_large_image\" \/>\n<meta name=\"twitter:label1\" content=\"Arvioitu lukuaika\" \/>\n\t<meta name=\"twitter:data1\" content=\"2 minuuttia\" \/>\n<script type=\"application\/ld+json\" class=\"yoast-schema-graph\">{\"@context\":\"https:\\\/\\\/schema.org\",\"@graph\":[{\"@type\":\"WebPage\",\"@id\":\"https:\\\/\\\/rotary.fi\\\/d1410\\\/en\\\/rotary-district-1410\\\/district-clubs\\\/\",\"url\":\"https:\\\/\\\/rotary.fi\\\/d1410\\\/en\\\/rotary-district-1410\\\/district-clubs\\\/\",\"name\":\"District clubs - Piiri 1410\",\"isPartOf\":{\"@id\":\"https:\\\/\\\/rotary.fi\\\/d1410\\\/#website\"},\"datePublished\":\"2019-08-21T06:29:44+00:00\",\"dateModified\":\"2025-06-15T06:50:55+00:00\",\"breadcrumb\":{\"@id\":\"https:\\\/\\\/rotary.fi\\\/d1410\\\/en\\\/rotary-district-1410\\\/district-clubs\\\/#breadcrumb\"},\"inLanguage\":\"fi\",\"potentialAction\":[{\"@type\":\"ReadAction\",\"target\":[\"https:\\\/\\\/rotary.fi\\\/d1410\\\/en\\\/rotary-district-1410\\\/district-clubs\\\/\"]}]},{\"@type\":\"BreadcrumbList\",\"@id\":\"https:\\\/\\\/rotary.fi\\\/d1410\\\/en\\\/rotary-district-1410\\\/district-clubs\\\/#breadcrumb\",\"itemListElement\":[{\"@type\":\"ListItem\",\"position\":1,\"name\":\"Home\",\"item\":\"https:\\\/\\\/rotary.fi\\\/d1410\\\/\"},{\"@type\":\"ListItem\",\"position\":2,\"name\":\"Rotary District 1410\",\"item\":\"https:\\\/\\\/rotary.fi\\\/d1410\\\/en\\\/rotary-district-1410\\\/\"},{\"@type\":\"ListItem\",\"position\":3,\"name\":\"District clubs\"}]},{\"@type\":\"WebSite\",\"@id\":\"https:\\\/\\\/rotary.fi\\\/d1410\\\/#website\",\"url\":\"https:\\\/\\\/rotary.fi\\\/d1410\\\/\",\"name\":\"Piiri 1410\",\"description\":\"Suomen Rotary\",\"potentialAction\":[{\"@type\":\"SearchAction\",\"target\":{\"@type\":\"EntryPoint\",\"urlTemplate\":\"https:\\\/\\\/rotary.fi\\\/d1410\\\/?s={search_term_string}\"},\"query-input\":{\"@type\":\"PropertyValueSpecification\",\"valueRequired\":true,\"valueName\":\"search_term_string\"}}],\"inLanguage\":\"fi\"}]}<\/script>\n<!-- \/ Yoast SEO plugin. -->","yoast_head_json":{"title":"District clubs - Piiri 1410","robots":{"index":"index","follow":"follow","max-snippet":"max-snippet:-1","max-image-preview":"max-image-preview:large","max-video-preview":"max-video-preview:-1"},"canonical":"https:\/\/rotary.fi\/d1410\/en\/rotary-district-1410\/district-clubs\/","og_locale":"fi_FI","og_type":"article","og_title":"District clubs - Piiri 1410","og_description":"District clubsThe actual Rotary activity takes place in the Rotary Clubs. \u00a0 Clubs in our Rotary district can be found in the regions of Southwest Finland, Satakunta, Kanta-H\u00e4me, Pirkanmaa and \u00c5land Islands. There are 55 clubs in District 1410. The westernmost of the clubs operates in Mariehamn and the easternmost in Forssa, in the south [&hellip;]","og_url":"https:\/\/rotary.fi\/d1410\/en\/rotary-district-1410\/district-clubs\/","og_site_name":"Piiri 1410","article_publisher":"https:\/\/www.facebook.com\/rotary\/","article_modified_time":"2025-06-15T06:50:55+00:00","twitter_card":"summary_large_image","twitter_misc":{"Arvioitu lukuaika":"2 minuuttia"},"schema":{"@context":"https:\/\/schema.org","@graph":[{"@type":"WebPage","@id":"https:\/\/rotary.fi\/d1410\/en\/rotary-district-1410\/district-clubs\/","url":"https:\/\/rotary.fi\/d1410\/en\/rotary-district-1410\/district-clubs\/","name":"District clubs - Piiri 1410","isPartOf":{"@id":"https:\/\/rotary.fi\/d1410\/#website"},"datePublished":"2019-08-21T06:29:44+00:00","dateModified":"2025-06-15T06:50:55+00:00","breadcrumb":{"@id":"https:\/\/rotary.fi\/d1410\/en\/rotary-district-1410\/district-clubs\/#breadcrumb"},"inLanguage":"fi","potentialAction":[{"@type":"ReadAction","target":["https:\/\/rotary.fi\/d1410\/en\/rotary-district-1410\/district-clubs\/"]}]},{"@type":"BreadcrumbList","@id":"https:\/\/rotary.fi\/d1410\/en\/rotary-district-1410\/district-clubs\/#breadcrumb","itemListElement":[{"@type":"ListItem","position":1,"name":"Home","item":"https:\/\/rotary.fi\/d1410\/"},{"@type":"ListItem","position":2,"name":"Rotary District 1410","item":"https:\/\/rotary.fi\/d1410\/en\/rotary-district-1410\/"},{"@type":"ListItem","position":3,"name":"District clubs"}]},{"@type":"WebSite","@id":"https:\/\/rotary.fi\/d1410\/#website","url":"https:\/\/rotary.fi\/d1410\/","name":"Piiri 1410","description":"Suomen Rotary","potentialAction":[{"@type":"SearchAction","target":{"@type":"EntryPoint","urlTemplate":"https:\/\/rotary.fi\/d1410\/?s={search_term_string}"},"query-input":{"@type":"PropertyValueSpecification","valueRequired":true,"valueName":"search_term_string"}}],"inLanguage":"fi"}]}},"lang":"en","translations":{"en":2883,"fi":2024,"sv":4043},"pll_sync_post":[],"_links":{"self":[{"href":"https:\/\/rotary.fi\/d1410\/wp-json\/wp\/v2\/pages\/2883","targetHints":{"allow":["GET"]}}],"collection":[{"href":"https:\/\/rotary.fi\/d1410\/wp-json\/wp\/v2\/pages"}],"about":[{"href":"https:\/\/rotary.fi\/d1410\/wp-json\/wp\/v2\/types\/page"}],"author":[{"embeddable":true,"href":"https:\/\/rotary.fi\/d1410\/wp-json\/wp\/v2\/users\/1"}],"replies":[{"embeddable":true,"href":"https:\/\/rotary.fi\/d1410\/wp-json\/wp\/v2\/comments?post=2883"}],"version-history":[{"count":9,"href":"https:\/\/rotary.fi\/d1410\/wp-json\/wp\/v2\/pages\/2883\/revisions"}],"predecessor-version":[{"id":8478,"href":"https:\/\/rotary.fi\/d1410\/wp-json\/wp\/v2\/pages\/2883\/revisions\/8478"}],"up":[{"embeddable":true,"href":"https:\/\/rotary.fi\/d1410\/wp-json\/wp\/v2\/pages\/2881"}],"wp:attachment":[{"href":"https:\/\/rotary.fi\/d1410\/wp-json\/wp\/v2\/media?parent=2883"}],"curies":[{"name":"wp","href":"https:\/\/api.w.org\/{rel}","templated":true}]}}