{"id":2881,"date":"2019-08-21T08:25:55","date_gmt":"2019-08-21T06:25:55","guid":{"rendered":"https:\/\/rotary.fi\/d1410\/?page_id=2881"},"modified":"2025-06-15T08:42:32","modified_gmt":"2025-06-15T06:42:32","slug":"rotary-district-1410","status":"publish","type":"page","link":"https:\/\/rotary.fi\/d1410\/en\/rotary-district-1410\/","title":{"rendered":"Rotary District 1410"},"content":{"rendered":"<p>[et_pb_section fb_built=&#8221;1&#8243; module_class=&#8221;jumbotron-page&#8221; _builder_version=&#8221;4.16&#8243; background_image=&#8221;https:\/\/rotary.fi\/d1410\/wp-content\/uploads\/sites\/215\/2021\/07\/whatsapp-image-2021-07-26-at-155500.jpeg&#8221; global_colors_info=&#8221;{}&#8221;][et_pb_row module_class=&#8221; et_pb_row_fullwidth et_pb_row_fullwidth et_pb_row_fullwidth et_pb_row_fullwidth et_pb_row_fullwidth&#8221; _builder_version=&#8221;4.16&#8243; width=&#8221;89%&#8221; width_tablet=&#8221;80%&#8221; width_phone=&#8221;&#8221; width_last_edited=&#8221;on|desktop&#8221; max_width=&#8221;89%&#8221; max_width_tablet=&#8221;80%&#8221; max_width_phone=&#8221;&#8221; max_width_last_edited=&#8221;on|desktop&#8221; make_fullwidth=&#8221;on&#8221; global_colors_info=&#8221;{}&#8221;][et_pb_column type=&#8221;4_4&#8243; _builder_version=&#8221;4.16&#8243; custom_padding=&#8221;|||&#8221; global_colors_info=&#8221;{}&#8221; custom_padding__hover=&#8221;|||&#8221;][et_pb_text admin_label=&#8221;P\u00e4\u00e4otsikko: Rotarypiiri esittelyss\u00e4&#8221; _builder_version=&#8221;4.16&#8243; text_orientation=&#8221;center&#8221; background_layout=&#8221;dark&#8221; z_index_tablet=&#8221;500&#8243; box_shadow_horizontal_tablet=&#8221;0px&#8221; box_shadow_vertical_tablet=&#8221;0px&#8221; box_shadow_blur_tablet=&#8221;40px&#8221; box_shadow_spread_tablet=&#8221;0px&#8221; locked=&#8221;off&#8221; collapsed=&#8221;off&#8221; global_colors_info=&#8221;{}&#8221;]<\/p>\n<h1>Introducing Rotary District 1410<\/h1>\n<p>[\/et_pb_text][\/et_pb_column][\/et_pb_row][\/et_pb_section][et_pb_section fb_built=&#8221;1&#8243; module_class=&#8221;sisaltoalue_perus&#8221; _builder_version=&#8221;4.16&#8243; custom_margin=&#8221;||40px|&#8221; global_colors_info=&#8221;{}&#8221;][et_pb_row column_structure=&#8221;3_5,2_5&#8243; _builder_version=&#8221;4.16&#8243; background_size=&#8221;initial&#8221; background_position=&#8221;top_left&#8221; background_repeat=&#8221;repeat&#8221; global_colors_info=&#8221;{}&#8221;][et_pb_column type=&#8221;3_5&#8243; _builder_version=&#8221;4.16&#8243; custom_padding=&#8221;|||&#8221; global_colors_info=&#8221;{}&#8221; custom_padding__hover=&#8221;|||&#8221;][et_pb_text _builder_version=&#8221;4.27.4&#8243; hover_enabled=&#8221;0&#8243; z_index_tablet=&#8221;500&#8243; text_text_shadow_horizontal_length_tablet=&#8221;0px&#8221; text_text_shadow_vertical_length_tablet=&#8221;0px&#8221; text_text_shadow_blur_strength_tablet=&#8221;1px&#8221; link_text_shadow_horizontal_length_tablet=&#8221;0px&#8221; link_text_shadow_vertical_length_tablet=&#8221;0px&#8221; link_text_shadow_blur_strength_tablet=&#8221;1px&#8221; ul_text_shadow_horizontal_length_tablet=&#8221;0px&#8221; ul_text_shadow_vertical_length_tablet=&#8221;0px&#8221; ul_text_shadow_blur_strength_tablet=&#8221;1px&#8221; ol_text_shadow_horizontal_length_tablet=&#8221;0px&#8221; ol_text_shadow_vertical_length_tablet=&#8221;0px&#8221; ol_text_shadow_blur_strength_tablet=&#8221;1px&#8221; quote_text_shadow_horizontal_length_tablet=&#8221;0px&#8221; quote_text_shadow_vertical_length_tablet=&#8221;0px&#8221; quote_text_shadow_blur_strength_tablet=&#8221;1px&#8221; header_text_shadow_horizontal_length_tablet=&#8221;0px&#8221; header_text_shadow_vertical_length_tablet=&#8221;0px&#8221; header_text_shadow_blur_strength_tablet=&#8221;1px&#8221; header_2_text_shadow_horizontal_length_tablet=&#8221;0px&#8221; header_2_text_shadow_vertical_length_tablet=&#8221;0px&#8221; header_2_text_shadow_blur_strength_tablet=&#8221;1px&#8221; header_3_text_shadow_horizontal_length_tablet=&#8221;0px&#8221; header_3_text_shadow_vertical_length_tablet=&#8221;0px&#8221; header_3_text_shadow_blur_strength_tablet=&#8221;1px&#8221; header_4_text_shadow_horizontal_length_tablet=&#8221;0px&#8221; header_4_text_shadow_vertical_length_tablet=&#8221;0px&#8221; header_4_text_shadow_blur_strength_tablet=&#8221;1px&#8221; header_5_text_shadow_horizontal_length_tablet=&#8221;0px&#8221; header_5_text_shadow_vertical_length_tablet=&#8221;0px&#8221; header_5_text_shadow_blur_strength_tablet=&#8221;1px&#8221; header_6_text_shadow_horizontal_length_tablet=&#8221;0px&#8221; header_6_text_shadow_vertical_length_tablet=&#8221;0px&#8221; header_6_text_shadow_blur_strength_tablet=&#8221;1px&#8221; box_shadow_horizontal_tablet=&#8221;0px&#8221; box_shadow_vertical_tablet=&#8221;0px&#8221; box_shadow_blur_tablet=&#8221;40px&#8221; box_shadow_spread_tablet=&#8221;0px&#8221; global_colors_info=&#8221;{}&#8221; sticky_enabled=&#8221;0&#8243;]<\/p>\n<div>Our bilingual Rotary district covers \u00c5land and Southwest Finland (including parts of Satakunta and Southern H\u00e4me). It is divided into ten districts, with 55 clubs with about 1,800 members.<\/div>\n<div>\u00a0<\/div>\n<div>The Rotary district is headed by the District Governor, or \u2018DG\u2019. He is supported by the District Council and District Committees. Each of the 10 areas within the district still has its own Assistant Governor, or \u2018AG\u2019.<\/div>\n<div>\u00a0<\/div>\n<div>During a Rotary year (July 1 &#8211; June 30) District Governor will visit all the clubs within his district to tell, hear, and encourage. The Assistant Governors do the same within their areas.<\/div>\n<div>\u00a0<\/div>\n<div>The District Nominating Committee selects the future governors, or the District Governor Nominees, \u2018DGN\u2019 for 3 years in advance, from among the candidates nominated by the clubs. After intensive international training, they are appointed to their positions at the Rotary International World Convention, at which point DGNs become District Governor Elects, or \u2018DGE\u2019. At the start of their term on July 1, they will eventually become District Governors, \u2018DG&#8217;.<\/div>\n<div>\u00a0<\/div>\n<div>The\u00a0<b>main annual events<\/b>\u00a0organized by the District:<\/div>\n<ul>\n<li>An\u00a0<b>Autumn Seminar<\/b>\u00a0for all Rotarians will be held in the fall, during which the District Meeting will discuss the previous year&#8217;s financial statements and activity report.<\/li>\n<li>In the context of the\u00a0<b>Presidents Elect Training Seminar<\/b>\u00a0\u2018PETS\u2019, a\u00a0<b>District Meeting<\/b>\u00a0is held to approve the action plan and budget and to nominate future governors.<\/li>\n<li>A celebratory\u00a0<b>District Conference<\/b>, bringing together all Rotarians in the district, will be held in the spring.<\/li>\n<\/ul>\n<div>\u00a0<\/div>\n<div>Districts hold several annual coaches:<\/div>\n<ul>\n<li>The\u00a0<b>Presidents Elect Training Seminar<\/b>\u00a0\u2018PETS\u2019 is intended for training future club Presidents and all other officials &#8211; in Finnish and Swedish.<\/li>\n<li>The\u00a0<b>Rotary Leadership Institute<\/b>\u00a0\u2018RLI\u2019, is a popular training package open to all Rotarians and Rotaracts (younger adults). In an activating and entertaining atmosphere and good company, the understanding of Rotary brightens. RLI is particularly suited to new Rotarians and supports their development into club leadership roles, but helps anyone who wants to update their vision of Rotary activities. The diverse international learning material is constantly updated and can be found in different languages \u200b\u200bonline at\u00a0<a href=\"http:\/\/rlifiles.com\/\" target=\"_blank\" rel=\"noopener\" data-saferedirecturl=\"https:\/\/www.google.com\/url?q=http:\/\/rlifiles.com&amp;source=gmail&amp;ust=1629957073382000&amp;usg=AFQjCNGASFrCtr-Kfu8cxxCzaTj41Ba7fw\">rlifiles.com<\/a>. Participants are not required to prepare in advance.<\/li>\n<li><b>Website training<\/b>\u00a0helps clubs to be better visible and heard of &#8211; and thus be more effective in engaging new members. At the same time, you can learn for your own working life.<\/li>\n<li><b>Membership training<\/b>\u00a0develops club activities to be more useful, relevant, and engaging, and enhances communication about activities and their outcomes.<\/li>\n<\/ul>\n<div>\u00a0<\/div>\n<div>All in all, district coaching and meetings not only provide members with new knowledge but also great opportunities to network outside of their own club.<\/div>\n<p>&nbsp;<\/p>\n<p>[\/et_pb_text][\/et_pb_column][et_pb_column type=&#8221;2_5&#8243; _builder_version=&#8221;4.16&#8243; custom_padding=&#8221;|||&#8221; global_colors_info=&#8221;{}&#8221; custom_padding__hover=&#8221;|||&#8221;][et_pb_image src=&#8221;https:\/\/rotary.fi\/d1410\/wp-content\/uploads\/sites\/215\/2021\/08\/rotarypiiri-1410.jpg&#8221; title_text=&#8221;rotarypiiri-1410&#8243; align_tablet=&#8221;center&#8221; align_phone=&#8221;&#8221; align_last_edited=&#8221;on|desktop&#8221; _builder_version=&#8221;4.16&#8243; z_index_tablet=&#8221;500&#8243; border_width_all=&#8221;10px&#8221; border_color_all=&#8221;#ffffff&#8221; box_shadow_style=&#8221;preset1&#8243; box_shadow_blur=&#8221;5px&#8221; global_colors_info=&#8221;{}&#8221;]<br \/>\n[\/et_pb_image][\/et_pb_column][\/et_pb_row][\/et_pb_section]<\/p>\n","protected":false},"excerpt":{"rendered":"<p>Introducing Rotary District 1410Our bilingual Rotary district covers \u00c5land and Southwest Finland (including parts of Satakunta and Southern H\u00e4me). It is divided into ten districts, with 55 clubs with about 1,800 members. \u00a0 The Rotary district is headed by the District Governor, or \u2018DG\u2019. He is supported by the District Council and District Committees. Each [&hellip;]<\/p>\n","protected":false},"author":1,"featured_media":0,"parent":0,"menu_order":1,"comment_status":"closed","ping_status":"closed","template":"","meta":{"_acf_changed":false,"_et_pb_use_builder":"on","_et_pb_old_content":"","_et_gb_content_width":"","footnotes":""},"class_list":["post-2881","page","type-page","status-publish","hentry"],"acf":[],"yoast_head":"<!-- This site is optimized with the Yoast SEO plugin v27.4 - https:\/\/yoast.com\/product\/yoast-seo-wordpress\/ -->\n<title>Rotary District 1410 - Piiri 1410<\/title>\n<meta name=\"robots\" content=\"index, follow, max-snippet:-1, max-image-preview:large, max-video-preview:-1\" \/>\n<link rel=\"canonical\" href=\"https:\/\/rotary.fi\/d1410\/en\/rotary-district-1410\/\" \/>\n<meta property=\"og:locale\" content=\"fi_FI\" \/>\n<meta property=\"og:type\" content=\"article\" \/>\n<meta property=\"og:title\" content=\"Rotary District 1410 - Piiri 1410\" \/>\n<meta property=\"og:description\" content=\"Introducing Rotary District 1410Our bilingual Rotary district covers \u00c5land and Southwest Finland (including parts of Satakunta and Southern H\u00e4me). It is divided into ten districts, with 55 clubs with about 1,800 members. \u00a0 The Rotary district is headed by the District Governor, or \u2018DG\u2019. He is supported by the District Council and District Committees. Each [&hellip;]\" \/>\n<meta property=\"og:url\" content=\"https:\/\/rotary.fi\/d1410\/en\/rotary-district-1410\/\" \/>\n<meta property=\"og:site_name\" content=\"Piiri 1410\" \/>\n<meta property=\"article:publisher\" content=\"https:\/\/www.facebook.com\/rotary\/\" \/>\n<meta property=\"article:modified_time\" content=\"2025-06-15T06:42:32+00:00\" \/>\n<meta name=\"twitter:card\" content=\"summary_large_image\" \/>\n<meta name=\"twitter:label1\" content=\"Arvioitu lukuaika\" \/>\n\t<meta name=\"twitter:data1\" content=\"3 minuuttia\" \/>\n<script type=\"application\/ld+json\" class=\"yoast-schema-graph\">{\"@context\":\"https:\\\/\\\/schema.org\",\"@graph\":[{\"@type\":\"WebPage\",\"@id\":\"https:\\\/\\\/rotary.fi\\\/d1410\\\/en\\\/rotary-district-1410\\\/\",\"url\":\"https:\\\/\\\/rotary.fi\\\/d1410\\\/en\\\/rotary-district-1410\\\/\",\"name\":\"Rotary District 1410 - Piiri 1410\",\"isPartOf\":{\"@id\":\"https:\\\/\\\/rotary.fi\\\/d1410\\\/#website\"},\"datePublished\":\"2019-08-21T06:25:55+00:00\",\"dateModified\":\"2025-06-15T06:42:32+00:00\",\"breadcrumb\":{\"@id\":\"https:\\\/\\\/rotary.fi\\\/d1410\\\/en\\\/rotary-district-1410\\\/#breadcrumb\"},\"inLanguage\":\"fi\",\"potentialAction\":[{\"@type\":\"ReadAction\",\"target\":[\"https:\\\/\\\/rotary.fi\\\/d1410\\\/en\\\/rotary-district-1410\\\/\"]}]},{\"@type\":\"BreadcrumbList\",\"@id\":\"https:\\\/\\\/rotary.fi\\\/d1410\\\/en\\\/rotary-district-1410\\\/#breadcrumb\",\"itemListElement\":[{\"@type\":\"ListItem\",\"position\":1,\"name\":\"Home\",\"item\":\"https:\\\/\\\/rotary.fi\\\/d1410\\\/\"},{\"@type\":\"ListItem\",\"position\":2,\"name\":\"Rotary District 1410\"}]},{\"@type\":\"WebSite\",\"@id\":\"https:\\\/\\\/rotary.fi\\\/d1410\\\/#website\",\"url\":\"https:\\\/\\\/rotary.fi\\\/d1410\\\/\",\"name\":\"Piiri 1410\",\"description\":\"Suomen Rotary\",\"potentialAction\":[{\"@type\":\"SearchAction\",\"target\":{\"@type\":\"EntryPoint\",\"urlTemplate\":\"https:\\\/\\\/rotary.fi\\\/d1410\\\/?s={search_term_string}\"},\"query-input\":{\"@type\":\"PropertyValueSpecification\",\"valueRequired\":true,\"valueName\":\"search_term_string\"}}],\"inLanguage\":\"fi\"}]}<\/script>\n<!-- \/ Yoast SEO plugin. -->","yoast_head_json":{"title":"Rotary District 1410 - Piiri 1410","robots":{"index":"index","follow":"follow","max-snippet":"max-snippet:-1","max-image-preview":"max-image-preview:large","max-video-preview":"max-video-preview:-1"},"canonical":"https:\/\/rotary.fi\/d1410\/en\/rotary-district-1410\/","og_locale":"fi_FI","og_type":"article","og_title":"Rotary District 1410 - Piiri 1410","og_description":"Introducing Rotary District 1410Our bilingual Rotary district covers \u00c5land and Southwest Finland (including parts of Satakunta and Southern H\u00e4me). It is divided into ten districts, with 55 clubs with about 1,800 members. \u00a0 The Rotary district is headed by the District Governor, or \u2018DG\u2019. He is supported by the District Council and District Committees. Each [&hellip;]","og_url":"https:\/\/rotary.fi\/d1410\/en\/rotary-district-1410\/","og_site_name":"Piiri 1410","article_publisher":"https:\/\/www.facebook.com\/rotary\/","article_modified_time":"2025-06-15T06:42:32+00:00","twitter_card":"summary_large_image","twitter_misc":{"Arvioitu lukuaika":"3 minuuttia"},"schema":{"@context":"https:\/\/schema.org","@graph":[{"@type":"WebPage","@id":"https:\/\/rotary.fi\/d1410\/en\/rotary-district-1410\/","url":"https:\/\/rotary.fi\/d1410\/en\/rotary-district-1410\/","name":"Rotary District 1410 - Piiri 1410","isPartOf":{"@id":"https:\/\/rotary.fi\/d1410\/#website"},"datePublished":"2019-08-21T06:25:55+00:00","dateModified":"2025-06-15T06:42:32+00:00","breadcrumb":{"@id":"https:\/\/rotary.fi\/d1410\/en\/rotary-district-1410\/#breadcrumb"},"inLanguage":"fi","potentialAction":[{"@type":"ReadAction","target":["https:\/\/rotary.fi\/d1410\/en\/rotary-district-1410\/"]}]},{"@type":"BreadcrumbList","@id":"https:\/\/rotary.fi\/d1410\/en\/rotary-district-1410\/#breadcrumb","itemListElement":[{"@type":"ListItem","position":1,"name":"Home","item":"https:\/\/rotary.fi\/d1410\/"},{"@type":"ListItem","position":2,"name":"Rotary District 1410"}]},{"@type":"WebSite","@id":"https:\/\/rotary.fi\/d1410\/#website","url":"https:\/\/rotary.fi\/d1410\/","name":"Piiri 1410","description":"Suomen Rotary","potentialAction":[{"@type":"SearchAction","target":{"@type":"EntryPoint","urlTemplate":"https:\/\/rotary.fi\/d1410\/?s={search_term_string}"},"query-input":{"@type":"PropertyValueSpecification","valueRequired":true,"valueName":"search_term_string"}}],"inLanguage":"fi"}]}},"lang":"en","translations":{"en":2881,"fi":2017,"sv":4037},"pll_sync_post":[],"_links":{"self":[{"href":"https:\/\/rotary.fi\/d1410\/wp-json\/wp\/v2\/pages\/2881","targetHints":{"allow":["GET"]}}],"collection":[{"href":"https:\/\/rotary.fi\/d1410\/wp-json\/wp\/v2\/pages"}],"about":[{"href":"https:\/\/rotary.fi\/d1410\/wp-json\/wp\/v2\/types\/page"}],"author":[{"embeddable":true,"href":"https:\/\/rotary.fi\/d1410\/wp-json\/wp\/v2\/users\/1"}],"replies":[{"embeddable":true,"href":"https:\/\/rotary.fi\/d1410\/wp-json\/wp\/v2\/comments?post=2881"}],"version-history":[{"count":10,"href":"https:\/\/rotary.fi\/d1410\/wp-json\/wp\/v2\/pages\/2881\/revisions"}],"predecessor-version":[{"id":8474,"href":"https:\/\/rotary.fi\/d1410\/wp-json\/wp\/v2\/pages\/2881\/revisions\/8474"}],"wp:attachment":[{"href":"https:\/\/rotary.fi\/d1410\/wp-json\/wp\/v2\/media?parent=2881"}],"curies":[{"name":"wp","href":"https:\/\/api.w.org\/{rel}","templated":true}]}}