{"id":2788,"date":"2019-08-14T12:34:40","date_gmt":"2019-08-14T10:34:40","guid":{"rendered":"https:\/\/rotary.fi\/d1410\/?page_id=2788"},"modified":"2023-03-17T12:50:35","modified_gmt":"2023-03-17T10:50:35","slug":"distriktets-kalender","status":"publish","type":"page","link":"https:\/\/rotary.fi\/d1410\/sv\/aktuellt\/distriktets-kalender\/","title":{"rendered":"Distriktets evengemang"},"content":{"rendered":"<p>[et_pb_section fb_built=&#8221;1&#8243; module_class=&#8221;jumbotron-page&#8221; _builder_version=&#8221;4.16&#8243; background_image=&#8221;https:\/\/rotary.fi\/d1410\/wp-content\/uploads\/sites\/215\/2021\/07\/20210314-135250-2.jpg&#8221; global_colors_info=&#8221;{}&#8221;][et_pb_row module_class=&#8221; et_pb_row_fullwidth et_pb_row_fullwidth et_pb_row_fullwidth et_pb_row_fullwidth et_pb_row_fullwidth et_pb_row_fullwidth et_pb_row_fullwidth et_pb_row_fullwidth&#8221; _builder_version=&#8221;4.16&#8243; width=&#8221;89%&#8221; width_tablet=&#8221;80%&#8221; width_phone=&#8221;&#8221; width_last_edited=&#8221;on|desktop&#8221; max_width=&#8221;89%&#8221; max_width_tablet=&#8221;80%&#8221; max_width_phone=&#8221;&#8221; max_width_last_edited=&#8221;on|desktop&#8221; make_fullwidth=&#8221;on&#8221; global_colors_info=&#8221;{}&#8221;][et_pb_column type=&#8221;4_4&#8243; _builder_version=&#8221;4.16&#8243; custom_padding=&#8221;|||&#8221; global_colors_info=&#8221;{}&#8221; custom_padding__hover=&#8221;|||&#8221;][et_pb_text admin_label=&#8221;Distriktets kalender -otsikko&#8221; _builder_version=&#8221;4.16&#8243; text_orientation=&#8221;center&#8221; background_layout=&#8221;dark&#8221; z_index_tablet=&#8221;500&#8243; text_text_shadow_horizontal_length_tablet=&#8221;0px&#8221; text_text_shadow_vertical_length_tablet=&#8221;0px&#8221; text_text_shadow_blur_strength_tablet=&#8221;1px&#8221; link_text_shadow_horizontal_length_tablet=&#8221;0px&#8221; link_text_shadow_vertical_length_tablet=&#8221;0px&#8221; link_text_shadow_blur_strength_tablet=&#8221;1px&#8221; ul_text_shadow_horizontal_length_tablet=&#8221;0px&#8221; ul_text_shadow_vertical_length_tablet=&#8221;0px&#8221; ul_text_shadow_blur_strength_tablet=&#8221;1px&#8221; ol_text_shadow_horizontal_length_tablet=&#8221;0px&#8221; ol_text_shadow_vertical_length_tablet=&#8221;0px&#8221; ol_text_shadow_blur_strength_tablet=&#8221;1px&#8221; quote_text_shadow_horizontal_length_tablet=&#8221;0px&#8221; quote_text_shadow_vertical_length_tablet=&#8221;0px&#8221; quote_text_shadow_blur_strength_tablet=&#8221;1px&#8221; header_text_shadow_horizontal_length_tablet=&#8221;0px&#8221; header_text_shadow_vertical_length_tablet=&#8221;0px&#8221; header_text_shadow_blur_strength_tablet=&#8221;1px&#8221; header_2_text_shadow_horizontal_length_tablet=&#8221;0px&#8221; header_2_text_shadow_vertical_length_tablet=&#8221;0px&#8221; header_2_text_shadow_blur_strength_tablet=&#8221;1px&#8221; header_3_text_shadow_horizontal_length_tablet=&#8221;0px&#8221; header_3_text_shadow_vertical_length_tablet=&#8221;0px&#8221; header_3_text_shadow_blur_strength_tablet=&#8221;1px&#8221; header_4_text_shadow_horizontal_length_tablet=&#8221;0px&#8221; header_4_text_shadow_vertical_length_tablet=&#8221;0px&#8221; header_4_text_shadow_blur_strength_tablet=&#8221;1px&#8221; header_5_text_shadow_horizontal_length_tablet=&#8221;0px&#8221; header_5_text_shadow_vertical_length_tablet=&#8221;0px&#8221; header_5_text_shadow_blur_strength_tablet=&#8221;1px&#8221; header_6_text_shadow_horizontal_length_tablet=&#8221;0px&#8221; header_6_text_shadow_vertical_length_tablet=&#8221;0px&#8221; header_6_text_shadow_blur_strength_tablet=&#8221;1px&#8221; box_shadow_horizontal_tablet=&#8221;0px&#8221; box_shadow_vertical_tablet=&#8221;0px&#8221; box_shadow_blur_tablet=&#8221;40px&#8221; box_shadow_spread_tablet=&#8221;0px&#8221; global_colors_info=&#8221;{}&#8221;]<\/p>\n<h1>Vad, var, n\u00e4r?<\/h1>\n<p>[\/et_pb_text][\/et_pb_column][\/et_pb_row][\/et_pb_section][et_pb_section fb_built=&#8221;1&#8243; module_class=&#8221;sisaltoalue_perus&#8221; _builder_version=&#8221;4.16&#8243; background_size=&#8221;initial&#8221; background_position=&#8221;top_left&#8221; background_repeat=&#8221;repeat&#8221; locked=&#8221;on&#8221; global_colors_info=&#8221;{}&#8221;][et_pb_row custom_padding_last_edited=&#8221;on|phone&#8221; _builder_version=&#8221;4.16&#8243; custom_padding=&#8221;46.6875px|0px|63px|0px&#8221; custom_padding_tablet=&#8221;&#8221; custom_padding_phone=&#8221;&#8221; global_colors_info=&#8221;{}&#8221;][et_pb_column type=&#8221;4_4&#8243; _builder_version=&#8221;4.16&#8243; custom_padding=&#8221;|||&#8221; global_colors_info=&#8221;{}&#8221; custom_padding__hover=&#8221;|||&#8221;][et_pb_text admin_label=&#8221;Kommande evenemang -otsikko&#8221; _builder_version=&#8221;4.16&#8243; text_orientation=&#8221;center&#8221; z_index_tablet=&#8221;500&#8243; text_text_shadow_horizontal_length_tablet=&#8221;0px&#8221; text_text_shadow_vertical_length_tablet=&#8221;0px&#8221; text_text_shadow_blur_strength_tablet=&#8221;1px&#8221; link_text_shadow_horizontal_length_tablet=&#8221;0px&#8221; link_text_shadow_vertical_length_tablet=&#8221;0px&#8221; link_text_shadow_blur_strength_tablet=&#8221;1px&#8221; ul_text_shadow_horizontal_length_tablet=&#8221;0px&#8221; ul_text_shadow_vertical_length_tablet=&#8221;0px&#8221; ul_text_shadow_blur_strength_tablet=&#8221;1px&#8221; ol_text_shadow_horizontal_length_tablet=&#8221;0px&#8221; ol_text_shadow_vertical_length_tablet=&#8221;0px&#8221; ol_text_shadow_blur_strength_tablet=&#8221;1px&#8221; quote_text_shadow_horizontal_length_tablet=&#8221;0px&#8221; quote_text_shadow_vertical_length_tablet=&#8221;0px&#8221; quote_text_shadow_blur_strength_tablet=&#8221;1px&#8221; header_text_shadow_horizontal_length_tablet=&#8221;0px&#8221; header_text_shadow_vertical_length_tablet=&#8221;0px&#8221; header_text_shadow_blur_strength_tablet=&#8221;1px&#8221; header_2_text_shadow_horizontal_length_tablet=&#8221;0px&#8221; header_2_text_shadow_vertical_length_tablet=&#8221;0px&#8221; header_2_text_shadow_blur_strength_tablet=&#8221;1px&#8221; header_3_text_shadow_horizontal_length_tablet=&#8221;0px&#8221; header_3_text_shadow_vertical_length_tablet=&#8221;0px&#8221; header_3_text_shadow_blur_strength_tablet=&#8221;1px&#8221; header_4_text_shadow_horizontal_length_tablet=&#8221;0px&#8221; header_4_text_shadow_vertical_length_tablet=&#8221;0px&#8221; header_4_text_shadow_blur_strength_tablet=&#8221;1px&#8221; header_5_text_shadow_horizontal_length_tablet=&#8221;0px&#8221; header_5_text_shadow_vertical_length_tablet=&#8221;0px&#8221; header_5_text_shadow_blur_strength_tablet=&#8221;1px&#8221; header_6_text_shadow_horizontal_length_tablet=&#8221;0px&#8221; header_6_text_shadow_vertical_length_tablet=&#8221;0px&#8221; header_6_text_shadow_blur_strength_tablet=&#8221;1px&#8221; box_shadow_horizontal_tablet=&#8221;0px&#8221; box_shadow_vertical_tablet=&#8221;0px&#8221; box_shadow_blur_tablet=&#8221;40px&#8221; box_shadow_spread_tablet=&#8221;0px&#8221; global_colors_info=&#8221;{}&#8221;]<\/p>\n<h1>Kommande evenemang<\/h1>\n<p>[\/et_pb_text][et_pb_code admin_label=&#8221;Tulevat tapahtumat listattuna&#8221; module_class=&#8221;kaikki_ajankohtaiset&#8221; _builder_version=&#8221;4.20.0&#8243; hover_enabled=&#8221;0&#8243; z_index_tablet=&#8221;500&#8243; locked=&#8221;off&#8221; global_colors_info=&#8221;{}&#8221; sticky_enabled=&#8221;0&#8243;]<div class=\"em em-view-container\" id=\"em-view-1876912084\" data-view=\"list\">\r\n\t<div class=\"em pixelbones em-list em-events-list\" id=\"em-events-list-1876912084\" data-view-id=\"1876912084\">\r\n\t<div class=\"no_events\">Ei tapahtumia.<\/div>\t<\/div>\r\n<\/div>[\/et_pb_code][\/et_pb_column][\/et_pb_row][\/et_pb_section][et_pb_section fb_built=&#8221;1&#8243; module_class=&#8221;sisaltoalue_sininen&#8221; _builder_version=&#8221;4.16&#8243; background_size=&#8221;initial&#8221; background_position=&#8221;top_left&#8221; background_repeat=&#8221;repeat&#8221; locked=&#8221;on&#8221; global_colors_info=&#8221;{}&#8221;][et_pb_row custom_padding_last_edited=&#8221;on|phone&#8221; _builder_version=&#8221;4.16&#8243; custom_padding=&#8221;46.6875px|0px|63px|0px&#8221; custom_padding_tablet=&#8221;&#8221; custom_padding_phone=&#8221;&#8221; global_colors_info=&#8221;{}&#8221;][et_pb_column type=&#8221;4_4&#8243; _builder_version=&#8221;4.16&#8243; custom_padding=&#8221;|||&#8221; global_colors_info=&#8221;{}&#8221; custom_padding__hover=&#8221;|||&#8221;][et_pb_text admin_label=&#8221;Tidigare evenemang -otsikko&#8221; _builder_version=&#8221;4.16&#8243; text_orientation=&#8221;center&#8221; z_index_tablet=&#8221;500&#8243; text_text_shadow_horizontal_length_tablet=&#8221;0px&#8221; text_text_shadow_vertical_length_tablet=&#8221;0px&#8221; text_text_shadow_blur_strength_tablet=&#8221;1px&#8221; link_text_shadow_horizontal_length_tablet=&#8221;0px&#8221; link_text_shadow_vertical_length_tablet=&#8221;0px&#8221; link_text_shadow_blur_strength_tablet=&#8221;1px&#8221; ul_text_shadow_horizontal_length_tablet=&#8221;0px&#8221; ul_text_shadow_vertical_length_tablet=&#8221;0px&#8221; ul_text_shadow_blur_strength_tablet=&#8221;1px&#8221; ol_text_shadow_horizontal_length_tablet=&#8221;0px&#8221; ol_text_shadow_vertical_length_tablet=&#8221;0px&#8221; ol_text_shadow_blur_strength_tablet=&#8221;1px&#8221; quote_text_shadow_horizontal_length_tablet=&#8221;0px&#8221; quote_text_shadow_vertical_length_tablet=&#8221;0px&#8221; quote_text_shadow_blur_strength_tablet=&#8221;1px&#8221; header_text_shadow_horizontal_length_tablet=&#8221;0px&#8221; header_text_shadow_vertical_length_tablet=&#8221;0px&#8221; header_text_shadow_blur_strength_tablet=&#8221;1px&#8221; header_2_text_shadow_horizontal_length_tablet=&#8221;0px&#8221; header_2_text_shadow_vertical_length_tablet=&#8221;0px&#8221; header_2_text_shadow_blur_strength_tablet=&#8221;1px&#8221; header_3_text_shadow_horizontal_length_tablet=&#8221;0px&#8221; header_3_text_shadow_vertical_length_tablet=&#8221;0px&#8221; header_3_text_shadow_blur_strength_tablet=&#8221;1px&#8221; header_4_text_shadow_horizontal_length_tablet=&#8221;0px&#8221; header_4_text_shadow_vertical_length_tablet=&#8221;0px&#8221; header_4_text_shadow_blur_strength_tablet=&#8221;1px&#8221; header_5_text_shadow_horizontal_length_tablet=&#8221;0px&#8221; header_5_text_shadow_vertical_length_tablet=&#8221;0px&#8221; header_5_text_shadow_blur_strength_tablet=&#8221;1px&#8221; header_6_text_shadow_horizontal_length_tablet=&#8221;0px&#8221; header_6_text_shadow_vertical_length_tablet=&#8221;0px&#8221; header_6_text_shadow_blur_strength_tablet=&#8221;1px&#8221; box_shadow_horizontal_tablet=&#8221;0px&#8221; box_shadow_vertical_tablet=&#8221;0px&#8221; box_shadow_blur_tablet=&#8221;40px&#8221; box_shadow_spread_tablet=&#8221;0px&#8221; global_colors_info=&#8221;{}&#8221;]<\/p>\n<h1>Tidigare evenemang<\/h1>\n<p>[\/et_pb_text][et_pb_code admin_label=&#8221;Menneet tapahtumat listattuna&#8221; module_class=&#8221;kaikki_ajankohtaiset&#8221; _builder_version=&#8221;4.20.0&#8243; hover_enabled=&#8221;0&#8243; z_index_tablet=&#8221;500&#8243; locked=&#8221;off&#8221; global_colors_info=&#8221;{}&#8221; sticky_enabled=&#8221;0&#8243;]<div class=\"em em-view-container\" id=\"em-view-410399416\" data-view=\"list\">\r\n\t<div class=\"em pixelbones em-list em-events-list\" id=\"em-events-list-410399416\" data-view-id=\"410399416\">\r\n\t<div class=\"no_events\">Ei tapahtumia.<\/div>\t<\/div>\r\n<\/div>[\/et_pb_code][\/et_pb_column][\/et_pb_row][\/et_pb_section]<\/p>\n","protected":false},"excerpt":{"rendered":"<p>Vad, var, n\u00e4r?Kommande evenemang<div class=\"em em-view-container\" id=\"em-view-2050815157\" data-view=\"list\">\r\n\t<div class=\"em pixelbones em-list em-events-list\" id=\"em-events-list-2050815157\" data-view-id=\"2050815157\">\r\n\t<div class=\"no_events\">Ei tapahtumia.<\/div>\t<\/div>\r\n<\/div>Tidigare evenemang <div class=\"em em-view-container\" id=\"em-view-1807680474\" data-view=\"list\">\r\n\t<div class=\"em pixelbones em-list em-events-list\" id=\"em-events-list-1807680474\" data-view-id=\"1807680474\">\r\n\t11.4.2026  - 12.4.2026<a href=\"https:\/\/rotary.fi\/d1410\/sv\/events\/distriktskonferens\/\">D1410: Distriktskonferens<\/a>Naantalin Kylpyl\u00e47.3.2026 <a href=\"https:\/\/rotary.fi\/d1410\/sv\/events\/d1410-pels-president-elect-learning-seminar-ent-pets-2026\/\">D1410 PELS (President-Elect Learning Seminar, ent. PETS) 2026<\/a>5.3.2026 <a href=\"https:\/\/rotary.fi\/d1410\/sv\/events\/d1410-prepels-del-2\/\">D1410 PrePELS del 2<\/a>1.3.2026 <a href=\"https:\/\/rotary.fi\/d1410\/events\/winterday-for-ib-students-ellivuori-2026\/\">Winterday for IB students - Ellivuori<\/a>Ellivuori Ski Center26.2.2026 <a href=\"https:\/\/rotary.fi\/d1410\/sv\/events\/1410-prepels-del-1\/\">D1410 PrePELS del 1<\/a>5.2.2026 <a href=\"https:\/\/rotary.fi\/d1410\/sv\/events\/d1410-rotary-foundationutbildning\/\">D1410, Rotary Foundationutbildning<\/a>31.1.2026 <a href=\"https:\/\/rotary.fi\/d1410\/events\/dlts-district-team-learning-seminar-erityisesti-agt-ja-toimikuntien-pjt\/\">DLTS (District Team Learning Seminar) huom AGt ja toimikuntien pjt<\/a>24.10.2025 <a href=\"https:\/\/rotary.fi\/d1410\/sv\/events\/promenera-for-polio\/\">Promenera f\u00f6r polio<\/a>13.9.2025 <a href=\"https:\/\/rotary.fi\/d1410\/sv\/events\/d1410-hostseminarium\/\">D1410 - Distriktets H\u00f6stseminarium och h\u00f6stm\u00f6te 13.9.2025<\/a>5.4.2025 <a href=\"https:\/\/rotary.fi\/d1410\/sv\/events\/d1410-distriktskonferens-inspiration-gladje-5-4-i-ellivuori\/\">D1410 - Distriktskonferens &quot;Inspiration &amp; Gl\u00e4dje 5.4. i Ellivuori<\/a>15.3.2025 <a href=\"https:\/\/rotary.fi\/d1410\/sv\/events\/d1410-pets-2025-utbildningen-i-abo\/\">D1410 - PETS 2025 utbildningen i \u00c5bo<\/a>6.3.2025 <a href=\"https:\/\/rotary.fi\/d1410\/sv\/events\/d1410-prepets-4-online-traningsfallen-6-3-2025-klo-17-50-20-00\/\">D1410 - PrePets 4. online tr\u00e4ningsf\u00e4llen 6.3.2025 klo 17.50-20.00<\/a>5.3.2025 <a href=\"https:\/\/rotary.fi\/d1410\/sv\/events\/d1410-prepets-3-online-traningsfallen-5-3-2025-klo-17-50-20-00\/\">D1410 - PrePets 3. online tr\u00e4ningsf\u00e4llen 5.3.2025 klo 17.50-20.00<\/a>4.3.2025 <a href=\"https:\/\/rotary.fi\/d1410\/sv\/events\/d1410-prepets-2-online-traningsfallen-4-3-2025-klo-17-50-20-00\/\">D1410 - PrePets 2. online tr\u00e4ningsf\u00e4llen 4.3.2025 klo 17.50-20.00<\/a>3.3.2025 <a href=\"https:\/\/rotary.fi\/d1410\/sv\/events\/d1410-prepets-1-online-traningsfallen-3-3-2025-klo-17-50-20-00\/\">D1410 - PrePets 1. online tr\u00e4ningsf\u00e4llen 3.3.2025 klo 17.50-20.00<\/a>12.10.2024 <a href=\"https:\/\/rotary.fi\/d1410\/sv\/events\/d1410-distrikt-1410-hostseminarium-och-distriktsmote-12-10-2024\/\">D1410 -Distrikt 1410 h\u00f6stseminarium och distriktsm\u00f6te 12.10.2024<\/a>8.6.2024 <a href=\"https:\/\/rotary.fi\/d1410\/sv\/events\/byte-av-guvernorskedjor\/\">Byte av guvern\u00f6rskedjor<\/a>6.4.2024  - 7.4.2024<a href=\"https:\/\/rotary.fi\/d1410\/sv\/events\/piirikonferenssi-distriktskonferens-district-conference\/\">D1410 - Toivon Piirikonferenssi 2024 \u2013 Hoppets Distriktskonferens 2024 \u2013 The Districtsconference of Hope 2024<\/a>5.4.2024 <a href=\"https:\/\/rotary.fi\/d1410\/sv\/events\/d1410-5-4-get-together-med-brad-marcia-ri-presidentens-representanter\/\">D1410 -  5.4. GET TOGETHER MED BRAD &amp; MARCIA (RI presidentens representanter)<\/a>2.3.2024 <a href=\"https:\/\/rotary.fi\/d1410\/sv\/events\/pets-utbildningsseminariet-for-tilltradande-presidenter-och-distriktssamradet\/\">D1410 - PETS - Utbildningsseminariet f\u00f6r tilltr\u00e4dande presidenter och distriktssamr\u00e5det<\/a>29.2.2024 <a href=\"https:\/\/rotary.fi\/d1410\/sv\/events\/prepets-2\/\">D1410 - PrePETS 2.<\/a>21.2.2024 <a href=\"https:\/\/rotary.fi\/d1410\/sv\/events\/prepets-1\/\">D1410 - PrePETS 1.<\/a>17.6.2023 <a href=\"https:\/\/rotary.fi\/d1410\/sv\/events\/byte-av-guvernorens-kedjor\/\">\u00d6verr\u00e4ckandet av guvern\u00f6rskedjan<\/a>19.4.2023 <a href=\"https:\/\/rotary.fi\/d1410\/sv\/events\/grunderna-i-kommunikationen-i-skick-4-fallstudier-den-basta-belonas\/\">Grunderna i kommunikationen i skick 4: Fallstudier, den b\u00e4st\u00e4 bel\u00f6nas<\/a>1.4.2023  - 2.4.2023<a href=\"https:\/\/rotary.fi\/d1410\/sv\/events\/drommarnas-distriktskonferens-i-nystad\/\">Dr\u00f6mmarnas distriktskonferens i Nystad<\/a>9.3.2023 <a href=\"https:\/\/rotary.fi\/d1410\/sv\/events\/grunderna-i-kommunikationen-i-skick-via-vilken-kanal-kommunicerar-man\/\">Grunderna i kommunikationen i skick 3: Via vilken kanal kommunicerar man?<\/a>1.3.2023  - 4.3.2023<a href=\"https:\/\/rotary.fi\/d1410\/sv\/events\/pets-2023\/\">PETS 2023<\/a>3.2.2023  - 5.2.2023<a href=\"https:\/\/rotary.fi\/d1410\/events\/turku-rotary-forum\/\">Turku Rotary Forum 2023<\/a>3.11.2022 <a href=\"https:\/\/rotary.fi\/d1410\/sv\/events\/grunderna-i-kommunikationen-i-skick-2-hur-kommunicerar-man\/\">Grunderna i kommunikationen i skick 2: Hur kommunicerar man?<\/a>8.10.2022 <a href=\"https:\/\/rotary.fi\/d1410\/events\/syysseminaari-mynamaella\/\">Syysseminaari Myn\u00e4m\u00e4ell\u00e4<\/a>8.10.2022 <a href=\"https:\/\/rotary.fi\/d1410\/sv\/events\/hostseminarium-i-virmo\/\">H\u00f6stseminarium i Virmo<\/a>22.9.2022 <a href=\"https:\/\/rotary.fi\/d1410\/sv\/events\/grunderna-i-kommunikationen-i-skick-1-vad-kommunicerar-man\/\">Grunderna i kommunikationen i skick 1: Vad kommunicerar man?<\/a>20.9.2022 <a href=\"https:\/\/rotary.fi\/d1410\/sv\/events\/ungdomutbytes-utbildning\/\">Utbilding f\u00f6r ungdomsutbytes ansvariga 20.9.<\/a>14.9.2022 <a href=\"https:\/\/rotary.fi\/d1410\/sv\/events\/utbilding-for-ungdomsutbytesansvariga\/\">Utbilding f\u00f6r ungdomsutbytes ansvariga 14.9.<\/a>29.8.2022 <a href=\"https:\/\/rotary.fi\/d1410\/events\/jasenyys-jakso-1-imagine-rotary\/\">J\u00e4senyys \u2013 osa 1 Imagine Rotary<\/a>18.6.2022 <a href=\"https:\/\/rotary.fi\/d1410\/sv\/events\/rotary-fm-golf-2022\/\">Rotary FM Golf 2022<\/a>17.6.2022 <a href=\"https:\/\/rotary.fi\/d1410\/sv\/events\/overrackning-av-guvernorskedjan\/\">\u00d6verr\u00e4ckning av guvern\u00f6rskedjan<\/a>13.4.2022 <a href=\"https:\/\/rotary.fi\/d1410\/events\/kirjanpitokoulutus\/\">Kirjanpitokoulutus<\/a>9.4.2022  - 10.4.2022<a href=\"https:\/\/rotary.fi\/d1410\/events\/distriktskonferens-9-10-2022\/\">Distriktskonferens 9.-10.4.2022<\/a>Astrum keskus2.4.2022 <a href=\"https:\/\/rotary.fi\/d1410\/events\/rli-1-koulutus-mina-rotarina\/\">RLI 1 koulutus Min\u00e4 rotarina<\/a>Astrum keskus5.3.2022 <a href=\"https:\/\/rotary.fi\/d1410\/sv\/events\/pets-5-3-2022\/\">PETS 5.3.2022<\/a>Laitilan kaupungintalo3.3.2022 <a href=\"https:\/\/rotary.fi\/d1410\/events\/pets-2022-verkkokoulutus-osa-2-3-3-2022\/\">PETS 2022 verkkokoulutus osa 2 3.3.2022<\/a>2.3.2022 <a href=\"https:\/\/rotary.fi\/d1410\/events\/pets-2022-verkkokoulutus-osa-1-2-3-2022\/\">PETS 2022 verkkokoulutus Osa 1 2.3.2022<\/a>9.10.2021 <a href=\"https:\/\/rotary.fi\/d1410\/sv\/events\/hostseminarium-9-10-2021\/\">H\u00f6stseminarium 9.10.2021<\/a>Suomen Maatalousmuseo Sarka\t<\/div>\r\n<\/div><\/p>\n","protected":false},"author":1,"featured_media":0,"parent":2755,"menu_order":1,"comment_status":"closed","ping_status":"closed","template":"","meta":{"_acf_changed":false,"_et_pb_use_builder":"on","_et_pb_old_content":"","_et_gb_content_width":"","footnotes":""},"class_list":["post-2788","page","type-page","status-publish","hentry"],"acf":[],"yoast_head":"<!-- This site is optimized with the Yoast SEO plugin v27.4 - https:\/\/yoast.com\/product\/yoast-seo-wordpress\/ -->\n<title>Distriktets evengemang - Piiri 1410<\/title>\n<meta name=\"robots\" content=\"index, follow, max-snippet:-1, max-image-preview:large, max-video-preview:-1\" \/>\n<link rel=\"canonical\" href=\"https:\/\/rotary.fi\/d1410\/sv\/aktuellt\/distriktets-kalender\/\" \/>\n<meta property=\"og:locale\" content=\"fi_FI\" \/>\n<meta property=\"og:type\" content=\"article\" \/>\n<meta property=\"og:title\" content=\"Distriktets evengemang - Piiri 1410\" \/>\n<meta property=\"og:description\" content=\"Vad, var, n\u00e4r?Kommande evenemangTidigare evenemang\" \/>\n<meta property=\"og:url\" content=\"https:\/\/rotary.fi\/d1410\/sv\/aktuellt\/distriktets-kalender\/\" \/>\n<meta property=\"og:site_name\" content=\"Piiri 1410\" \/>\n<meta property=\"article:publisher\" content=\"https:\/\/www.facebook.com\/rotary\/\" \/>\n<meta property=\"article:modified_time\" content=\"2023-03-17T10:50:35+00:00\" \/>\n<meta name=\"twitter:card\" content=\"summary_large_image\" \/>\n<meta name=\"twitter:label1\" content=\"Arvioitu lukuaika\" \/>\n\t<meta name=\"twitter:data1\" content=\"2 minuuttia\" \/>\n<script type=\"application\/ld+json\" class=\"yoast-schema-graph\">{\"@context\":\"https:\\\/\\\/schema.org\",\"@graph\":[{\"@type\":\"WebPage\",\"@id\":\"https:\\\/\\\/rotary.fi\\\/d1410\\\/sv\\\/aktuellt\\\/distriktets-kalender\\\/\",\"url\":\"https:\\\/\\\/rotary.fi\\\/d1410\\\/sv\\\/aktuellt\\\/distriktets-kalender\\\/\",\"name\":\"Distriktets evengemang - Piiri 1410\",\"isPartOf\":{\"@id\":\"https:\\\/\\\/rotary.fi\\\/d1410\\\/#website\"},\"datePublished\":\"2019-08-14T10:34:40+00:00\",\"dateModified\":\"2023-03-17T10:50:35+00:00\",\"breadcrumb\":{\"@id\":\"https:\\\/\\\/rotary.fi\\\/d1410\\\/sv\\\/aktuellt\\\/distriktets-kalender\\\/#breadcrumb\"},\"inLanguage\":\"fi\",\"potentialAction\":[{\"@type\":\"ReadAction\",\"target\":[\"https:\\\/\\\/rotary.fi\\\/d1410\\\/sv\\\/aktuellt\\\/distriktets-kalender\\\/\"]}]},{\"@type\":\"BreadcrumbList\",\"@id\":\"https:\\\/\\\/rotary.fi\\\/d1410\\\/sv\\\/aktuellt\\\/distriktets-kalender\\\/#breadcrumb\",\"itemListElement\":[{\"@type\":\"ListItem\",\"position\":1,\"name\":\"Home\",\"item\":\"https:\\\/\\\/rotary.fi\\\/d1410\\\/\"},{\"@type\":\"ListItem\",\"position\":2,\"name\":\"Aktuellt\",\"item\":\"https:\\\/\\\/rotary.fi\\\/d1410\\\/sv\\\/aktuellt\\\/\"},{\"@type\":\"ListItem\",\"position\":3,\"name\":\"Distriktets evengemang\"}]},{\"@type\":\"WebSite\",\"@id\":\"https:\\\/\\\/rotary.fi\\\/d1410\\\/#website\",\"url\":\"https:\\\/\\\/rotary.fi\\\/d1410\\\/\",\"name\":\"Piiri 1410\",\"description\":\"Suomen Rotary\",\"potentialAction\":[{\"@type\":\"SearchAction\",\"target\":{\"@type\":\"EntryPoint\",\"urlTemplate\":\"https:\\\/\\\/rotary.fi\\\/d1410\\\/?s={search_term_string}\"},\"query-input\":{\"@type\":\"PropertyValueSpecification\",\"valueRequired\":true,\"valueName\":\"search_term_string\"}}],\"inLanguage\":\"fi\"}]}<\/script>\n<!-- \/ Yoast SEO plugin. -->","yoast_head_json":{"title":"Distriktets evengemang - Piiri 1410","robots":{"index":"index","follow":"follow","max-snippet":"max-snippet:-1","max-image-preview":"max-image-preview:large","max-video-preview":"max-video-preview:-1"},"canonical":"https:\/\/rotary.fi\/d1410\/sv\/aktuellt\/distriktets-kalender\/","og_locale":"fi_FI","og_type":"article","og_title":"Distriktets evengemang - Piiri 1410","og_description":"Vad, var, n\u00e4r?Kommande evenemangTidigare evenemang","og_url":"https:\/\/rotary.fi\/d1410\/sv\/aktuellt\/distriktets-kalender\/","og_site_name":"Piiri 1410","article_publisher":"https:\/\/www.facebook.com\/rotary\/","article_modified_time":"2023-03-17T10:50:35+00:00","twitter_card":"summary_large_image","twitter_misc":{"Arvioitu lukuaika":"2 minuuttia"},"schema":{"@context":"https:\/\/schema.org","@graph":[{"@type":"WebPage","@id":"https:\/\/rotary.fi\/d1410\/sv\/aktuellt\/distriktets-kalender\/","url":"https:\/\/rotary.fi\/d1410\/sv\/aktuellt\/distriktets-kalender\/","name":"Distriktets evengemang - Piiri 1410","isPartOf":{"@id":"https:\/\/rotary.fi\/d1410\/#website"},"datePublished":"2019-08-14T10:34:40+00:00","dateModified":"2023-03-17T10:50:35+00:00","breadcrumb":{"@id":"https:\/\/rotary.fi\/d1410\/sv\/aktuellt\/distriktets-kalender\/#breadcrumb"},"inLanguage":"fi","potentialAction":[{"@type":"ReadAction","target":["https:\/\/rotary.fi\/d1410\/sv\/aktuellt\/distriktets-kalender\/"]}]},{"@type":"BreadcrumbList","@id":"https:\/\/rotary.fi\/d1410\/sv\/aktuellt\/distriktets-kalender\/#breadcrumb","itemListElement":[{"@type":"ListItem","position":1,"name":"Home","item":"https:\/\/rotary.fi\/d1410\/"},{"@type":"ListItem","position":2,"name":"Aktuellt","item":"https:\/\/rotary.fi\/d1410\/sv\/aktuellt\/"},{"@type":"ListItem","position":3,"name":"Distriktets evengemang"}]},{"@type":"WebSite","@id":"https:\/\/rotary.fi\/d1410\/#website","url":"https:\/\/rotary.fi\/d1410\/","name":"Piiri 1410","description":"Suomen Rotary","potentialAction":[{"@type":"SearchAction","target":{"@type":"EntryPoint","urlTemplate":"https:\/\/rotary.fi\/d1410\/?s={search_term_string}"},"query-input":{"@type":"PropertyValueSpecification","valueRequired":true,"valueName":"search_term_string"}}],"inLanguage":"fi"}]}},"lang":"sv","translations":{"sv":2788,"fi":822,"en":3048},"pll_sync_post":[],"_links":{"self":[{"href":"https:\/\/rotary.fi\/d1410\/wp-json\/wp\/v2\/pages\/2788","targetHints":{"allow":["GET"]}}],"collection":[{"href":"https:\/\/rotary.fi\/d1410\/wp-json\/wp\/v2\/pages"}],"about":[{"href":"https:\/\/rotary.fi\/d1410\/wp-json\/wp\/v2\/types\/page"}],"author":[{"embeddable":true,"href":"https:\/\/rotary.fi\/d1410\/wp-json\/wp\/v2\/users\/1"}],"replies":[{"embeddable":true,"href":"https:\/\/rotary.fi\/d1410\/wp-json\/wp\/v2\/comments?post=2788"}],"version-history":[{"count":10,"href":"https:\/\/rotary.fi\/d1410\/wp-json\/wp\/v2\/pages\/2788\/revisions"}],"predecessor-version":[{"id":5928,"href":"https:\/\/rotary.fi\/d1410\/wp-json\/wp\/v2\/pages\/2788\/revisions\/5928"}],"up":[{"embeddable":true,"href":"https:\/\/rotary.fi\/d1410\/wp-json\/wp\/v2\/pages\/2755"}],"wp:attachment":[{"href":"https:\/\/rotary.fi\/d1410\/wp-json\/wp\/v2\/media?parent=2788"}],"curies":[{"name":"wp","href":"https:\/\/api.w.org\/{rel}","templated":true}]}}