{"id":2716,"date":"2019-08-13T14:29:23","date_gmt":"2019-08-13T12:29:23","guid":{"rendered":"https:\/\/rotary.fi\/d1410\/?page_id=2716"},"modified":"2025-06-15T10:00:58","modified_gmt":"2025-06-15T08:00:58","slug":"rotaract-klubbarna","status":"publish","type":"page","link":"https:\/\/rotary.fi\/d1410\/sv\/intresserad-av-att-bli-medlem\/rotaract-klubbarna\/","title":{"rendered":"Rotaract-klubbarna"},"content":{"rendered":"<p>[et_pb_section fb_built=&#8221;1&#8243; module_class=&#8221;jumbotron-page&#8221; _builder_version=&#8221;4.16&#8243; background_image=&#8221;https:\/\/rotary.fi\/d1410\/wp-content\/uploads\/sites\/215\/2021\/07\/parkanon-rotaractorit.jpeg&#8221; global_colors_info=&#8221;{}&#8221;][et_pb_row module_class=&#8221; et_pb_row_fullwidth et_pb_row_fullwidth et_pb_row_fullwidth&#8221; _builder_version=&#8221;4.16&#8243; width=&#8221;89%&#8221; width_tablet=&#8221;80%&#8221; width_phone=&#8221;&#8221; width_last_edited=&#8221;on|desktop&#8221; max_width=&#8221;89%&#8221; max_width_tablet=&#8221;80%&#8221; max_width_phone=&#8221;&#8221; max_width_last_edited=&#8221;on|desktop&#8221; make_fullwidth=&#8221;on&#8221; global_colors_info=&#8221;{}&#8221;][et_pb_column type=&#8221;4_4&#8243; _builder_version=&#8221;4.16&#8243; custom_padding=&#8221;|||&#8221; global_colors_info=&#8221;{}&#8221; custom_padding__hover=&#8221;|||&#8221;][et_pb_text admin_label=&#8221;P\u00e4\u00e4otsikko kuvan p\u00e4\u00e4ll\u00e4&#8221; _builder_version=&#8221;4.16&#8243; text_orientation=&#8221;center&#8221; background_layout=&#8221;dark&#8221; z_index_tablet=&#8221;500&#8243; text_text_shadow_horizontal_length_tablet=&#8221;0px&#8221; text_text_shadow_vertical_length_tablet=&#8221;0px&#8221; text_text_shadow_blur_strength_tablet=&#8221;1px&#8221; link_text_shadow_horizontal_length_tablet=&#8221;0px&#8221; link_text_shadow_vertical_length_tablet=&#8221;0px&#8221; link_text_shadow_blur_strength_tablet=&#8221;1px&#8221; ul_text_shadow_horizontal_length_tablet=&#8221;0px&#8221; ul_text_shadow_vertical_length_tablet=&#8221;0px&#8221; ul_text_shadow_blur_strength_tablet=&#8221;1px&#8221; ol_text_shadow_horizontal_length_tablet=&#8221;0px&#8221; ol_text_shadow_vertical_length_tablet=&#8221;0px&#8221; ol_text_shadow_blur_strength_tablet=&#8221;1px&#8221; quote_text_shadow_horizontal_length_tablet=&#8221;0px&#8221; quote_text_shadow_vertical_length_tablet=&#8221;0px&#8221; quote_text_shadow_blur_strength_tablet=&#8221;1px&#8221; header_text_shadow_horizontal_length_tablet=&#8221;0px&#8221; header_text_shadow_vertical_length_tablet=&#8221;0px&#8221; header_text_shadow_blur_strength_tablet=&#8221;1px&#8221; header_2_text_shadow_horizontal_length_tablet=&#8221;0px&#8221; header_2_text_shadow_vertical_length_tablet=&#8221;0px&#8221; header_2_text_shadow_blur_strength_tablet=&#8221;1px&#8221; header_3_text_shadow_horizontal_length_tablet=&#8221;0px&#8221; header_3_text_shadow_vertical_length_tablet=&#8221;0px&#8221; header_3_text_shadow_blur_strength_tablet=&#8221;1px&#8221; header_4_text_shadow_horizontal_length_tablet=&#8221;0px&#8221; header_4_text_shadow_vertical_length_tablet=&#8221;0px&#8221; header_4_text_shadow_blur_strength_tablet=&#8221;1px&#8221; header_5_text_shadow_horizontal_length_tablet=&#8221;0px&#8221; header_5_text_shadow_vertical_length_tablet=&#8221;0px&#8221; header_5_text_shadow_blur_strength_tablet=&#8221;1px&#8221; header_6_text_shadow_horizontal_length_tablet=&#8221;0px&#8221; header_6_text_shadow_vertical_length_tablet=&#8221;0px&#8221; header_6_text_shadow_blur_strength_tablet=&#8221;1px&#8221; box_shadow_horizontal_tablet=&#8221;0px&#8221; box_shadow_vertical_tablet=&#8221;0px&#8221; box_shadow_blur_tablet=&#8221;40px&#8221; box_shadow_spread_tablet=&#8221;0px&#8221; locked=&#8221;off&#8221; collapsed=&#8221;off&#8221; global_colors_info=&#8221;{}&#8221;]<\/p>\n<h1>Rotaract-klubbarna<\/h1>\n<p>[\/et_pb_text][\/et_pb_column][\/et_pb_row][\/et_pb_section][et_pb_section fb_built=&#8221;1&#8243; module_class=&#8221;sisaltoalue_perus&#8221; _builder_version=&#8221;4.16&#8243; custom_margin=&#8221;||40px|&#8221; global_colors_info=&#8221;{}&#8221;][et_pb_row custom_padding_last_edited=&#8221;on|phone&#8221; _builder_version=&#8221;4.16&#8243; custom_padding_tablet=&#8221;&#8221; custom_padding_phone=&#8221;&#8221; global_colors_info=&#8221;{}&#8221;][et_pb_column type=&#8221;4_4&#8243; _builder_version=&#8221;4.16&#8243; custom_padding=&#8221;|||&#8221; global_colors_info=&#8221;{}&#8221; custom_padding__hover=&#8221;|||&#8221;][et_pb_text admin_label=&#8221;P\u00e4\u00e4otsikko ennen sis\u00e4lt\u00f6\u00e4&#8221; _builder_version=&#8221;4.16&#8243; text_orientation=&#8221;center&#8221; z_index_tablet=&#8221;500&#8243; text_text_shadow_horizontal_length_tablet=&#8221;0px&#8221; text_text_shadow_vertical_length_tablet=&#8221;0px&#8221; text_text_shadow_blur_strength_tablet=&#8221;1px&#8221; link_text_shadow_horizontal_length_tablet=&#8221;0px&#8221; link_text_shadow_vertical_length_tablet=&#8221;0px&#8221; link_text_shadow_blur_strength_tablet=&#8221;1px&#8221; ul_text_shadow_horizontal_length_tablet=&#8221;0px&#8221; ul_text_shadow_vertical_length_tablet=&#8221;0px&#8221; ul_text_shadow_blur_strength_tablet=&#8221;1px&#8221; ol_text_shadow_horizontal_length_tablet=&#8221;0px&#8221; ol_text_shadow_vertical_length_tablet=&#8221;0px&#8221; ol_text_shadow_blur_strength_tablet=&#8221;1px&#8221; quote_text_shadow_horizontal_length_tablet=&#8221;0px&#8221; quote_text_shadow_vertical_length_tablet=&#8221;0px&#8221; quote_text_shadow_blur_strength_tablet=&#8221;1px&#8221; header_text_shadow_horizontal_length_tablet=&#8221;0px&#8221; header_text_shadow_vertical_length_tablet=&#8221;0px&#8221; header_text_shadow_blur_strength_tablet=&#8221;1px&#8221; header_2_text_shadow_horizontal_length_tablet=&#8221;0px&#8221; header_2_text_shadow_vertical_length_tablet=&#8221;0px&#8221; header_2_text_shadow_blur_strength_tablet=&#8221;1px&#8221; header_3_text_shadow_horizontal_length_tablet=&#8221;0px&#8221; header_3_text_shadow_vertical_length_tablet=&#8221;0px&#8221; header_3_text_shadow_blur_strength_tablet=&#8221;1px&#8221; header_4_text_shadow_horizontal_length_tablet=&#8221;0px&#8221; header_4_text_shadow_vertical_length_tablet=&#8221;0px&#8221; header_4_text_shadow_blur_strength_tablet=&#8221;1px&#8221; header_5_text_shadow_horizontal_length_tablet=&#8221;0px&#8221; header_5_text_shadow_vertical_length_tablet=&#8221;0px&#8221; header_5_text_shadow_blur_strength_tablet=&#8221;1px&#8221; header_6_text_shadow_horizontal_length_tablet=&#8221;0px&#8221; header_6_text_shadow_vertical_length_tablet=&#8221;0px&#8221; header_6_text_shadow_blur_strength_tablet=&#8221;1px&#8221; box_shadow_horizontal_tablet=&#8221;0px&#8221; box_shadow_vertical_tablet=&#8221;0px&#8221; box_shadow_blur_tablet=&#8221;40px&#8221; box_shadow_spread_tablet=&#8221;0px&#8221; global_colors_info=&#8221;{}&#8221;]<\/p>\n<h1>Unga g\u00f6r en insats<\/h1>\n<p>[\/et_pb_text][et_pb_text _builder_version=&#8221;4.27.4&#8243; hover_enabled=&#8221;0&#8243; z_index_tablet=&#8221;500&#8243; text_text_shadow_horizontal_length_tablet=&#8221;0px&#8221; text_text_shadow_vertical_length_tablet=&#8221;0px&#8221; text_text_shadow_blur_strength_tablet=&#8221;1px&#8221; link_text_shadow_horizontal_length_tablet=&#8221;0px&#8221; link_text_shadow_vertical_length_tablet=&#8221;0px&#8221; link_text_shadow_blur_strength_tablet=&#8221;1px&#8221; ul_text_shadow_horizontal_length_tablet=&#8221;0px&#8221; ul_text_shadow_vertical_length_tablet=&#8221;0px&#8221; ul_text_shadow_blur_strength_tablet=&#8221;1px&#8221; ol_text_shadow_horizontal_length_tablet=&#8221;0px&#8221; ol_text_shadow_vertical_length_tablet=&#8221;0px&#8221; ol_text_shadow_blur_strength_tablet=&#8221;1px&#8221; quote_text_shadow_horizontal_length_tablet=&#8221;0px&#8221; quote_text_shadow_vertical_length_tablet=&#8221;0px&#8221; quote_text_shadow_blur_strength_tablet=&#8221;1px&#8221; header_text_shadow_horizontal_length_tablet=&#8221;0px&#8221; header_text_shadow_vertical_length_tablet=&#8221;0px&#8221; header_text_shadow_blur_strength_tablet=&#8221;1px&#8221; header_2_text_shadow_horizontal_length_tablet=&#8221;0px&#8221; header_2_text_shadow_vertical_length_tablet=&#8221;0px&#8221; header_2_text_shadow_blur_strength_tablet=&#8221;1px&#8221; header_3_text_shadow_horizontal_length_tablet=&#8221;0px&#8221; header_3_text_shadow_vertical_length_tablet=&#8221;0px&#8221; header_3_text_shadow_blur_strength_tablet=&#8221;1px&#8221; header_4_text_shadow_horizontal_length_tablet=&#8221;0px&#8221; header_4_text_shadow_vertical_length_tablet=&#8221;0px&#8221; header_4_text_shadow_blur_strength_tablet=&#8221;1px&#8221; header_5_text_shadow_horizontal_length_tablet=&#8221;0px&#8221; header_5_text_shadow_vertical_length_tablet=&#8221;0px&#8221; header_5_text_shadow_blur_strength_tablet=&#8221;1px&#8221; header_6_text_shadow_horizontal_length_tablet=&#8221;0px&#8221; header_6_text_shadow_vertical_length_tablet=&#8221;0px&#8221; header_6_text_shadow_blur_strength_tablet=&#8221;1px&#8221; box_shadow_horizontal_tablet=&#8221;0px&#8221; box_shadow_vertical_tablet=&#8221;0px&#8221; box_shadow_blur_tablet=&#8221;40px&#8221; box_shadow_spread_tablet=&#8221;0px&#8221; global_colors_info=&#8221;{}&#8221; sticky_enabled=&#8221;0&#8243;]<\/p>\n<p>Rotaract \u00e4r en rotaryorganisation f\u00f6r unga vuxna \u00f6ver 18 \u00e5r som \u00e4r villiga att sk\u00e4nka tid och sin expertis till sitt lokala samh\u00e4lle. Rotaractorernas motto \u00e4r detsamma som rotarianernas: osj\u00e4lviskt tj\u00e4nande.<\/p>\n<p>Rotaractklubbarna fungerar sj\u00e4lvst\u00e4ndigt och kan sj\u00e4lva best\u00e4mma hur de vill organisera sina aktiviteter. Klubben assisteras av en fadderklubb som sponsrar klubben. Rotarianerna i sponsorklubben tillhandah\u00e5ller n\u00f6dv\u00e4ndig information och st\u00f6d samt samarbetar med rotaractorerna i olika serviceprojekt. Klubbarna kan t.ex. g\u00f6ra f\u00f6retagsbes\u00f6k eller bjuda in experter fr\u00e5n olika omr\u00e5den f\u00f6r att ber\u00e4tta om sitt arbete eller om andra aktuella \u00e4mnen.<\/p>\n<p>V\u00e4lg\u00f6renhet \u00e4r en integrerad del av rotaractklubbarnas filosofi. Klubbarna genomf\u00f6r minst tv\u00e5 serviceprojekt varje \u00e5r, ett som hj\u00e4lper lokalsamh\u00e4llet och det andra st\u00f6der ett samh\u00e4lle i ett annat land.<\/p>\n<p><a href=\"https:\/\/rotaractfinland.com\/\" target=\"_blank\" rel=\"noopener\">L\u00e4s mer<\/a> om Rotaract<\/p>\n<p>Inom distriktets verkar f\u00f6ljande rotaractklubbar:<\/p>\n<p>Rotaract Turku<br \/>Rotaract Turun seutu<br \/>Rotaract Parkano<\/p>\n<p>[\/et_pb_text][\/et_pb_column][\/et_pb_row][\/et_pb_section]<\/p>\n","protected":false},"excerpt":{"rendered":"<p>Rotaract-klubbarnaUnga g\u00f6r en insats Rotaract \u00e4r en rotaryorganisation f\u00f6r unga vuxna \u00f6ver 18 \u00e5r som \u00e4r villiga att sk\u00e4nka tid och sin expertis till sitt lokala samh\u00e4lle. Rotaractorernas motto \u00e4r detsamma som rotarianernas: osj\u00e4lviskt tj\u00e4nande. Rotaractklubbarna fungerar sj\u00e4lvst\u00e4ndigt och kan sj\u00e4lva best\u00e4mma hur de vill organisera sina aktiviteter. Klubben assisteras av en fadderklubb som sponsrar [&hellip;]<\/p>\n","protected":false},"author":1,"featured_media":0,"parent":2710,"menu_order":1,"comment_status":"closed","ping_status":"closed","template":"","meta":{"_acf_changed":false,"_et_pb_use_builder":"on","_et_pb_old_content":"","_et_gb_content_width":"","footnotes":""},"class_list":["post-2716","page","type-page","status-publish","hentry"],"acf":[],"yoast_head":"<!-- This site is optimized with the Yoast SEO plugin v27.0 - https:\/\/yoast.com\/product\/yoast-seo-wordpress\/ -->\n<title>Rotaract-klubbarna - Piiri 1410<\/title>\n<meta name=\"robots\" content=\"index, follow, max-snippet:-1, max-image-preview:large, max-video-preview:-1\" \/>\n<link rel=\"canonical\" href=\"https:\/\/rotary.fi\/d1410\/sv\/intresserad-av-att-bli-medlem\/rotaract-klubbarna\/\" \/>\n<meta property=\"og:locale\" content=\"fi_FI\" \/>\n<meta property=\"og:type\" content=\"article\" \/>\n<meta property=\"og:title\" content=\"Rotaract-klubbarna - Piiri 1410\" \/>\n<meta property=\"og:description\" content=\"Rotaract-klubbarnaUnga g\u00f6r en insats Rotaract \u00e4r en rotaryorganisation f\u00f6r unga vuxna \u00f6ver 18 \u00e5r som \u00e4r villiga att sk\u00e4nka tid och sin expertis till sitt lokala samh\u00e4lle. Rotaractorernas motto \u00e4r detsamma som rotarianernas: osj\u00e4lviskt tj\u00e4nande. Rotaractklubbarna fungerar sj\u00e4lvst\u00e4ndigt och kan sj\u00e4lva best\u00e4mma hur de vill organisera sina aktiviteter. Klubben assisteras av en fadderklubb som sponsrar [&hellip;]\" \/>\n<meta property=\"og:url\" content=\"https:\/\/rotary.fi\/d1410\/sv\/intresserad-av-att-bli-medlem\/rotaract-klubbarna\/\" \/>\n<meta property=\"og:site_name\" content=\"Piiri 1410\" \/>\n<meta property=\"article:publisher\" content=\"https:\/\/www.facebook.com\/rotary\/\" \/>\n<meta property=\"article:modified_time\" content=\"2025-06-15T08:00:58+00:00\" \/>\n<meta name=\"twitter:card\" content=\"summary_large_image\" \/>\n<meta name=\"twitter:label1\" content=\"Arvioitu lukuaika\" \/>\n\t<meta name=\"twitter:data1\" content=\"1 minuutti\" \/>\n<script type=\"application\/ld+json\" class=\"yoast-schema-graph\">{\"@context\":\"https:\/\/schema.org\",\"@graph\":[{\"@type\":\"WebPage\",\"@id\":\"https:\/\/rotary.fi\/d1410\/sv\/intresserad-av-att-bli-medlem\/rotaract-klubbarna\/\",\"url\":\"https:\/\/rotary.fi\/d1410\/sv\/intresserad-av-att-bli-medlem\/rotaract-klubbarna\/\",\"name\":\"Rotaract-klubbarna - Piiri 1410\",\"isPartOf\":{\"@id\":\"https:\/\/rotary.fi\/d1410\/#website\"},\"datePublished\":\"2019-08-13T12:29:23+00:00\",\"dateModified\":\"2025-06-15T08:00:58+00:00\",\"breadcrumb\":{\"@id\":\"https:\/\/rotary.fi\/d1410\/sv\/intresserad-av-att-bli-medlem\/rotaract-klubbarna\/#breadcrumb\"},\"inLanguage\":\"fi\",\"potentialAction\":[{\"@type\":\"ReadAction\",\"target\":[\"https:\/\/rotary.fi\/d1410\/sv\/intresserad-av-att-bli-medlem\/rotaract-klubbarna\/\"]}]},{\"@type\":\"BreadcrumbList\",\"@id\":\"https:\/\/rotary.fi\/d1410\/sv\/intresserad-av-att-bli-medlem\/rotaract-klubbarna\/#breadcrumb\",\"itemListElement\":[{\"@type\":\"ListItem\",\"position\":1,\"name\":\"Home\",\"item\":\"https:\/\/rotary.fi\/d1410\/\"},{\"@type\":\"ListItem\",\"position\":2,\"name\":\"Intresserad av att bli medlem?\",\"item\":\"https:\/\/rotary.fi\/d1410\/sv\/intresserad-av-att-bli-medlem\/\"},{\"@type\":\"ListItem\",\"position\":3,\"name\":\"Rotaract-klubbarna\"}]},{\"@type\":\"WebSite\",\"@id\":\"https:\/\/rotary.fi\/d1410\/#website\",\"url\":\"https:\/\/rotary.fi\/d1410\/\",\"name\":\"Piiri 1410\",\"description\":\"Suomen Rotary\",\"potentialAction\":[{\"@type\":\"SearchAction\",\"target\":{\"@type\":\"EntryPoint\",\"urlTemplate\":\"https:\/\/rotary.fi\/d1410\/?s={search_term_string}\"},\"query-input\":{\"@type\":\"PropertyValueSpecification\",\"valueRequired\":true,\"valueName\":\"search_term_string\"}}],\"inLanguage\":\"fi\"}]}<\/script>\n<!-- \/ Yoast SEO plugin. -->","yoast_head_json":{"title":"Rotaract-klubbarna - Piiri 1410","robots":{"index":"index","follow":"follow","max-snippet":"max-snippet:-1","max-image-preview":"max-image-preview:large","max-video-preview":"max-video-preview:-1"},"canonical":"https:\/\/rotary.fi\/d1410\/sv\/intresserad-av-att-bli-medlem\/rotaract-klubbarna\/","og_locale":"fi_FI","og_type":"article","og_title":"Rotaract-klubbarna - Piiri 1410","og_description":"Rotaract-klubbarnaUnga g\u00f6r en insats Rotaract \u00e4r en rotaryorganisation f\u00f6r unga vuxna \u00f6ver 18 \u00e5r som \u00e4r villiga att sk\u00e4nka tid och sin expertis till sitt lokala samh\u00e4lle. Rotaractorernas motto \u00e4r detsamma som rotarianernas: osj\u00e4lviskt tj\u00e4nande. Rotaractklubbarna fungerar sj\u00e4lvst\u00e4ndigt och kan sj\u00e4lva best\u00e4mma hur de vill organisera sina aktiviteter. Klubben assisteras av en fadderklubb som sponsrar [&hellip;]","og_url":"https:\/\/rotary.fi\/d1410\/sv\/intresserad-av-att-bli-medlem\/rotaract-klubbarna\/","og_site_name":"Piiri 1410","article_publisher":"https:\/\/www.facebook.com\/rotary\/","article_modified_time":"2025-06-15T08:00:58+00:00","twitter_card":"summary_large_image","twitter_misc":{"Arvioitu lukuaika":"1 minuutti"},"schema":{"@context":"https:\/\/schema.org","@graph":[{"@type":"WebPage","@id":"https:\/\/rotary.fi\/d1410\/sv\/intresserad-av-att-bli-medlem\/rotaract-klubbarna\/","url":"https:\/\/rotary.fi\/d1410\/sv\/intresserad-av-att-bli-medlem\/rotaract-klubbarna\/","name":"Rotaract-klubbarna - Piiri 1410","isPartOf":{"@id":"https:\/\/rotary.fi\/d1410\/#website"},"datePublished":"2019-08-13T12:29:23+00:00","dateModified":"2025-06-15T08:00:58+00:00","breadcrumb":{"@id":"https:\/\/rotary.fi\/d1410\/sv\/intresserad-av-att-bli-medlem\/rotaract-klubbarna\/#breadcrumb"},"inLanguage":"fi","potentialAction":[{"@type":"ReadAction","target":["https:\/\/rotary.fi\/d1410\/sv\/intresserad-av-att-bli-medlem\/rotaract-klubbarna\/"]}]},{"@type":"BreadcrumbList","@id":"https:\/\/rotary.fi\/d1410\/sv\/intresserad-av-att-bli-medlem\/rotaract-klubbarna\/#breadcrumb","itemListElement":[{"@type":"ListItem","position":1,"name":"Home","item":"https:\/\/rotary.fi\/d1410\/"},{"@type":"ListItem","position":2,"name":"Intresserad av att bli medlem?","item":"https:\/\/rotary.fi\/d1410\/sv\/intresserad-av-att-bli-medlem\/"},{"@type":"ListItem","position":3,"name":"Rotaract-klubbarna"}]},{"@type":"WebSite","@id":"https:\/\/rotary.fi\/d1410\/#website","url":"https:\/\/rotary.fi\/d1410\/","name":"Piiri 1410","description":"Suomen Rotary","potentialAction":[{"@type":"SearchAction","target":{"@type":"EntryPoint","urlTemplate":"https:\/\/rotary.fi\/d1410\/?s={search_term_string}"},"query-input":{"@type":"PropertyValueSpecification","valueRequired":true,"valueName":"search_term_string"}}],"inLanguage":"fi"}]}},"lang":"sv","translations":{"sv":2716,"fi":2048,"en":2993},"pll_sync_post":[],"_links":{"self":[{"href":"https:\/\/rotary.fi\/d1410\/wp-json\/wp\/v2\/pages\/2716","targetHints":{"allow":["GET"]}}],"collection":[{"href":"https:\/\/rotary.fi\/d1410\/wp-json\/wp\/v2\/pages"}],"about":[{"href":"https:\/\/rotary.fi\/d1410\/wp-json\/wp\/v2\/types\/page"}],"author":[{"embeddable":true,"href":"https:\/\/rotary.fi\/d1410\/wp-json\/wp\/v2\/users\/1"}],"replies":[{"embeddable":true,"href":"https:\/\/rotary.fi\/d1410\/wp-json\/wp\/v2\/comments?post=2716"}],"version-history":[{"count":5,"href":"https:\/\/rotary.fi\/d1410\/wp-json\/wp\/v2\/pages\/2716\/revisions"}],"predecessor-version":[{"id":8528,"href":"https:\/\/rotary.fi\/d1410\/wp-json\/wp\/v2\/pages\/2716\/revisions\/8528"}],"up":[{"embeddable":true,"href":"https:\/\/rotary.fi\/d1410\/wp-json\/wp\/v2\/pages\/2710"}],"wp:attachment":[{"href":"https:\/\/rotary.fi\/d1410\/wp-json\/wp\/v2\/media?parent=2716"}],"curies":[{"name":"wp","href":"https:\/\/api.w.org\/{rel}","templated":true}]}}