{"id":2665,"date":"2019-08-13T12:31:35","date_gmt":"2019-08-13T10:31:35","guid":{"rendered":"https:\/\/rotary.fi\/d1410\/?page_id=2665"},"modified":"2021-08-25T09:24:28","modified_gmt":"2021-08-25T07:24:28","slug":"ungdomsutbytet","status":"publish","type":"page","link":"https:\/\/rotary.fi\/d1410\/sv\/det-har-gor-vi\/ungdomsutbytet\/","title":{"rendered":"Ungdomsutbytet"},"content":{"rendered":"<p>[et_pb_section fb_built=&#8221;1&#8243; module_class=&#8221;jumbotron-page&#8221; _builder_version=&#8221;4.9.10&#8243; background_image=&#8221;https:\/\/rotary.fi\/d1410\/wp-content\/uploads\/sites\/215\/2019\/03\/rotary_klubit_etusivu_paakuva_2.jpg&#8221; hover_enabled=&#8221;0&#8243; title_text=&#8221;rotary_klubit_etusivu_paakuva_2&#8243; sticky_enabled=&#8221;0&#8243;][et_pb_row module_class=&#8221; et_pb_row_fullwidth&#8221; _builder_version=&#8221;3.25&#8243; width=&#8221;89%&#8221; width_tablet=&#8221;80%&#8221; width_phone=&#8221;&#8221; width_last_edited=&#8221;on|desktop&#8221; max_width=&#8221;89%&#8221; max_width_tablet=&#8221;80%&#8221; max_width_phone=&#8221;&#8221; max_width_last_edited=&#8221;on|desktop&#8221; make_fullwidth=&#8221;on&#8221;][et_pb_column type=&#8221;4_4&#8243; _builder_version=&#8221;3.25&#8243; custom_padding=&#8221;|||&#8221; custom_padding__hover=&#8221;|||&#8221;][et_pb_text admin_label=&#8221;Ungdomsutbytet&#8221; _builder_version=&#8221;3.27.4&#8243; text_orientation=&#8221;center&#8221; background_layout=&#8221;dark&#8221; z_index_tablet=&#8221;500&#8243; text_text_shadow_horizontal_length_tablet=&#8221;0px&#8221; text_text_shadow_vertical_length_tablet=&#8221;0px&#8221; text_text_shadow_blur_strength_tablet=&#8221;1px&#8221; link_text_shadow_horizontal_length_tablet=&#8221;0px&#8221; link_text_shadow_vertical_length_tablet=&#8221;0px&#8221; link_text_shadow_blur_strength_tablet=&#8221;1px&#8221; ul_text_shadow_horizontal_length_tablet=&#8221;0px&#8221; ul_text_shadow_vertical_length_tablet=&#8221;0px&#8221; ul_text_shadow_blur_strength_tablet=&#8221;1px&#8221; ol_text_shadow_horizontal_length_tablet=&#8221;0px&#8221; ol_text_shadow_vertical_length_tablet=&#8221;0px&#8221; ol_text_shadow_blur_strength_tablet=&#8221;1px&#8221; quote_text_shadow_horizontal_length_tablet=&#8221;0px&#8221; quote_text_shadow_vertical_length_tablet=&#8221;0px&#8221; quote_text_shadow_blur_strength_tablet=&#8221;1px&#8221; header_text_shadow_horizontal_length_tablet=&#8221;0px&#8221; header_text_shadow_vertical_length_tablet=&#8221;0px&#8221; header_text_shadow_blur_strength_tablet=&#8221;1px&#8221; header_2_text_shadow_horizontal_length_tablet=&#8221;0px&#8221; header_2_text_shadow_vertical_length_tablet=&#8221;0px&#8221; header_2_text_shadow_blur_strength_tablet=&#8221;1px&#8221; header_3_text_shadow_horizontal_length_tablet=&#8221;0px&#8221; header_3_text_shadow_vertical_length_tablet=&#8221;0px&#8221; header_3_text_shadow_blur_strength_tablet=&#8221;1px&#8221; header_4_text_shadow_horizontal_length_tablet=&#8221;0px&#8221; header_4_text_shadow_vertical_length_tablet=&#8221;0px&#8221; header_4_text_shadow_blur_strength_tablet=&#8221;1px&#8221; header_5_text_shadow_horizontal_length_tablet=&#8221;0px&#8221; header_5_text_shadow_vertical_length_tablet=&#8221;0px&#8221; header_5_text_shadow_blur_strength_tablet=&#8221;1px&#8221; header_6_text_shadow_horizontal_length_tablet=&#8221;0px&#8221; header_6_text_shadow_vertical_length_tablet=&#8221;0px&#8221; header_6_text_shadow_blur_strength_tablet=&#8221;1px&#8221; box_shadow_horizontal_tablet=&#8221;0px&#8221; box_shadow_vertical_tablet=&#8221;0px&#8221; box_shadow_blur_tablet=&#8221;40px&#8221; box_shadow_spread_tablet=&#8221;0px&#8221;]<\/p>\n<h1>Ungdomsutbytet<\/h1>\n<p>[\/et_pb_text][\/et_pb_column][\/et_pb_row][\/et_pb_section][et_pb_section fb_built=&#8221;1&#8243; module_class=&#8221;sisaltoalue_perus&#8221; _builder_version=&#8221;3.22.3&#8243; custom_margin=&#8221;||40px|&#8221;][et_pb_row custom_padding_last_edited=&#8221;on|phone&#8221; _builder_version=&#8221;3.25&#8243; custom_padding_tablet=&#8221;&#8221; custom_padding_phone=&#8221;&#8221;][et_pb_column type=&#8221;4_4&#8243; _builder_version=&#8221;3.25&#8243; custom_padding=&#8221;|||&#8221; custom_padding__hover=&#8221;|||&#8221;][et_pb_text admin_label=&#8221;Ungdomsutbytet-otsikko&#8221; _builder_version=&#8221;4.9.10&#8243; text_orientation=&#8221;center&#8221; z_index_tablet=&#8221;500&#8243; text_text_shadow_horizontal_length_tablet=&#8221;0px&#8221; text_text_shadow_vertical_length_tablet=&#8221;0px&#8221; text_text_shadow_blur_strength_tablet=&#8221;1px&#8221; link_text_shadow_horizontal_length_tablet=&#8221;0px&#8221; link_text_shadow_vertical_length_tablet=&#8221;0px&#8221; link_text_shadow_blur_strength_tablet=&#8221;1px&#8221; ul_text_shadow_horizontal_length_tablet=&#8221;0px&#8221; ul_text_shadow_vertical_length_tablet=&#8221;0px&#8221; ul_text_shadow_blur_strength_tablet=&#8221;1px&#8221; ol_text_shadow_horizontal_length_tablet=&#8221;0px&#8221; ol_text_shadow_vertical_length_tablet=&#8221;0px&#8221; ol_text_shadow_blur_strength_tablet=&#8221;1px&#8221; quote_text_shadow_horizontal_length_tablet=&#8221;0px&#8221; quote_text_shadow_vertical_length_tablet=&#8221;0px&#8221; quote_text_shadow_blur_strength_tablet=&#8221;1px&#8221; header_text_shadow_horizontal_length_tablet=&#8221;0px&#8221; header_text_shadow_vertical_length_tablet=&#8221;0px&#8221; header_text_shadow_blur_strength_tablet=&#8221;1px&#8221; header_2_text_shadow_horizontal_length_tablet=&#8221;0px&#8221; header_2_text_shadow_vertical_length_tablet=&#8221;0px&#8221; header_2_text_shadow_blur_strength_tablet=&#8221;1px&#8221; header_3_text_shadow_horizontal_length_tablet=&#8221;0px&#8221; header_3_text_shadow_vertical_length_tablet=&#8221;0px&#8221; header_3_text_shadow_blur_strength_tablet=&#8221;1px&#8221; header_4_text_shadow_horizontal_length_tablet=&#8221;0px&#8221; header_4_text_shadow_vertical_length_tablet=&#8221;0px&#8221; header_4_text_shadow_blur_strength_tablet=&#8221;1px&#8221; header_5_text_shadow_horizontal_length_tablet=&#8221;0px&#8221; header_5_text_shadow_vertical_length_tablet=&#8221;0px&#8221; header_5_text_shadow_blur_strength_tablet=&#8221;1px&#8221; header_6_text_shadow_horizontal_length_tablet=&#8221;0px&#8221; header_6_text_shadow_vertical_length_tablet=&#8221;0px&#8221; header_6_text_shadow_blur_strength_tablet=&#8221;1px&#8221; box_shadow_horizontal_tablet=&#8221;0px&#8221; box_shadow_vertical_tablet=&#8221;0px&#8221; box_shadow_blur_tablet=&#8221;40px&#8221; box_shadow_spread_tablet=&#8221;0px&#8221;]<\/p>\n<h2>Till utlandet f\u00f6r ett l\u00e4s\u00e5r, \u00f6ver sommaren eller n\u00e5gra veckors temal\u00e4ger?<\/h2>\n<p>[\/et_pb_text][et_pb_text admin_label=&#8221;Teksti: Flerdistriktorganisationen f\u00f6r ungdomsutbyte&#8230;&#8221; _builder_version=&#8221;4.9.10&#8243; z_index_tablet=&#8221;500&#8243; text_text_shadow_horizontal_length_tablet=&#8221;0px&#8221; text_text_shadow_vertical_length_tablet=&#8221;0px&#8221; text_text_shadow_blur_strength_tablet=&#8221;1px&#8221; link_text_shadow_horizontal_length_tablet=&#8221;0px&#8221; link_text_shadow_vertical_length_tablet=&#8221;0px&#8221; link_text_shadow_blur_strength_tablet=&#8221;1px&#8221; ul_text_shadow_horizontal_length_tablet=&#8221;0px&#8221; ul_text_shadow_vertical_length_tablet=&#8221;0px&#8221; ul_text_shadow_blur_strength_tablet=&#8221;1px&#8221; ol_text_shadow_horizontal_length_tablet=&#8221;0px&#8221; ol_text_shadow_vertical_length_tablet=&#8221;0px&#8221; ol_text_shadow_blur_strength_tablet=&#8221;1px&#8221; quote_text_shadow_horizontal_length_tablet=&#8221;0px&#8221; quote_text_shadow_vertical_length_tablet=&#8221;0px&#8221; quote_text_shadow_blur_strength_tablet=&#8221;1px&#8221; header_text_shadow_horizontal_length_tablet=&#8221;0px&#8221; header_text_shadow_vertical_length_tablet=&#8221;0px&#8221; header_text_shadow_blur_strength_tablet=&#8221;1px&#8221; header_2_text_shadow_horizontal_length_tablet=&#8221;0px&#8221; header_2_text_shadow_vertical_length_tablet=&#8221;0px&#8221; header_2_text_shadow_blur_strength_tablet=&#8221;1px&#8221; header_3_text_shadow_horizontal_length_tablet=&#8221;0px&#8221; header_3_text_shadow_vertical_length_tablet=&#8221;0px&#8221; header_3_text_shadow_blur_strength_tablet=&#8221;1px&#8221; header_4_text_shadow_horizontal_length_tablet=&#8221;0px&#8221; header_4_text_shadow_vertical_length_tablet=&#8221;0px&#8221; header_4_text_shadow_blur_strength_tablet=&#8221;1px&#8221; header_5_text_shadow_horizontal_length_tablet=&#8221;0px&#8221; header_5_text_shadow_vertical_length_tablet=&#8221;0px&#8221; header_5_text_shadow_blur_strength_tablet=&#8221;1px&#8221; header_6_text_shadow_horizontal_length_tablet=&#8221;0px&#8221; header_6_text_shadow_vertical_length_tablet=&#8221;0px&#8221; header_6_text_shadow_blur_strength_tablet=&#8221;1px&#8221; box_shadow_horizontal_tablet=&#8221;0px&#8221; box_shadow_vertical_tablet=&#8221;0px&#8221; box_shadow_blur_tablet=&#8221;40px&#8221; box_shadow_spread_tablet=&#8221;0px&#8221;]<\/p>\n<p>En av Rotarys mest imponerande aktiviteter \u00e4r det internationella ungdomsutbytet. Varje \u00e5r erbjuder Rotary mer \u00e4n 8000 unga m\u00e4nniskor v\u00e4rlden \u00f6ver en m\u00f6jlighet att l\u00e4ra k\u00e4nna en fr\u00e4mmande kultur.\u00a0 Utbytet kan best\u00e5 av n\u00e5gra veckor p\u00e5 ett sommarl\u00e4ger, ett utbyte p\u00e5 n\u00e5gra m\u00e5nader under sommaren eller ett helt l\u00e4s\u00e5r.<\/p>\n<p>Rotarys ungdomsutbytesprogram \u00e4r ett tryggt och prisv\u00e4rt utbyte. En grundlig utbildning f\u00f6r alla frivilliga deltagare och ett skyddsn\u00e4t som str\u00e4cker sig fr\u00e5n hemlandet till utbyteslandet garanterar trygghet. V\u00e4rdfamiljer och rotaryklubbar erh\u00e5ller ingen ekonomisk ers\u00e4ttning f\u00f6r att fungera som v\u00e4rdar.<\/p>\n<p>Vid \u00e5rsutbyte g\u00e5r utbyteseleven ett helt skol\u00e5r i en skola i det mottagande landet. Eleven bor vanligtvis i tre olika v\u00e4rdfamiljer och deltar i v\u00e4rdklubbens och distriktets rotaryaktiviteter. Under \u00e5ret l\u00e4r sig eleven mottagande landets spr\u00e5k och kultur och sedv\u00e4njor samt knyter livsl\u00e5nga v\u00e4nskapsband med v\u00e4rdfamiljerna, rotarianerna och andra utbytesstudenter fr\u00e5n hela v\u00e4rlden.<\/p>\n<p>Under ett sommarutbyte g\u00e4star eleven under n\u00e5gra veckor en utl\u00e4ndsk v\u00e4rdfamilj och n\u00e4r den \u00e5terv\u00e4nder hem f\u00f6ljer v\u00e4rdfamiljens ungdom med f\u00f6r en motsvarande period i dennes hem. Ungdomarna l\u00e4r k\u00e4nna en ny kultur och f\u00e5r praktisk anv\u00e4ndning av sina nyl\u00e4rda spr\u00e5kkunskaper. Utbytet sker under skolornas sommarlov.<\/p>\n<p>Sommarl\u00e4ger varar 2\u20133 veckor och har ett speciellt tema. Det finns m\u00e5nga typer av l\u00e4ger och deras teman \u00e4r ofta relaterade till landets natur eller kultur.<\/p>\n<p>F\u00f6r att delta i ett utbytesprogram, kontakta din lokala rotaryklubb.<\/p>\n<p>L\u00e4s mer om ungdomstj\u00e4nsten och <a href=\"https:\/\/rye.fi\/sv\/\" target=\"_blank\" rel=\"noopener\">Rotarys utbytesprogram<\/a><\/p>\n<p>F\u00f6r mera information, kontakta <a href=\"https:\/\/rotary.fi\/d1410\/rotarypiiri1410\/piirin-organisaatio\/nuorisovaihtokomitea\/\" target=\"_blank\" rel=\"noopener\">distriktets Ungdomsutbyteskommitt\u00e9<\/a><\/p>\n<p>&nbsp;<\/p>\n<p>[\/et_pb_text][\/et_pb_column][\/et_pb_row][\/et_pb_section]<\/p>\n","protected":false},"excerpt":{"rendered":"<p>Ungdomsutbytet Till utlandet f\u00f6r ett l\u00e4s\u00e5r, \u00f6ver sommaren eller n\u00e5gra veckors temal\u00e4ger?En av Rotarys mest imponerande aktiviteter \u00e4r det internationella ungdomsutbytet. Varje \u00e5r erbjuder Rotary mer \u00e4n 8000 unga m\u00e4nniskor v\u00e4rlden \u00f6ver en m\u00f6jlighet att l\u00e4ra k\u00e4nna en fr\u00e4mmande kultur.\u00a0 Utbytet kan best\u00e5 av n\u00e5gra veckor p\u00e5 ett sommarl\u00e4ger, ett utbyte p\u00e5 n\u00e5gra m\u00e5nader under [&hellip;]<\/p>\n","protected":false},"author":1,"featured_media":0,"parent":2663,"menu_order":2,"comment_status":"closed","ping_status":"closed","template":"","meta":{"_acf_changed":false,"_et_pb_use_builder":"on","_et_pb_old_content":"","_et_gb_content_width":"","footnotes":""},"class_list":["post-2665","page","type-page","status-publish","hentry"],"acf":[],"yoast_head":"<!-- This site is optimized with the Yoast SEO plugin v27.0 - https:\/\/yoast.com\/product\/yoast-seo-wordpress\/ -->\n<title>Ungdomsutbytet - Piiri 1410<\/title>\n<meta name=\"robots\" content=\"index, follow, max-snippet:-1, max-image-preview:large, max-video-preview:-1\" \/>\n<link rel=\"canonical\" href=\"https:\/\/rotary.fi\/d1410\/sv\/det-har-gor-vi\/ungdomsutbytet\/\" \/>\n<meta property=\"og:locale\" content=\"fi_FI\" \/>\n<meta property=\"og:type\" content=\"article\" \/>\n<meta property=\"og:title\" content=\"Ungdomsutbytet - Piiri 1410\" \/>\n<meta property=\"og:description\" content=\"Ungdomsutbytet Till utlandet f\u00f6r ett l\u00e4s\u00e5r, \u00f6ver sommaren eller n\u00e5gra veckors temal\u00e4ger?En av Rotarys mest imponerande aktiviteter \u00e4r det internationella ungdomsutbytet. Varje \u00e5r erbjuder Rotary mer \u00e4n 8000 unga m\u00e4nniskor v\u00e4rlden \u00f6ver en m\u00f6jlighet att l\u00e4ra k\u00e4nna en fr\u00e4mmande kultur.\u00a0 Utbytet kan best\u00e5 av n\u00e5gra veckor p\u00e5 ett sommarl\u00e4ger, ett utbyte p\u00e5 n\u00e5gra m\u00e5nader under [&hellip;]\" \/>\n<meta property=\"og:url\" content=\"https:\/\/rotary.fi\/d1410\/sv\/det-har-gor-vi\/ungdomsutbytet\/\" \/>\n<meta property=\"og:site_name\" content=\"Piiri 1410\" \/>\n<meta property=\"article:publisher\" content=\"https:\/\/www.facebook.com\/rotary\/\" \/>\n<meta property=\"article:modified_time\" content=\"2021-08-25T07:24:28+00:00\" \/>\n<meta name=\"twitter:card\" content=\"summary_large_image\" \/>\n<meta name=\"twitter:label1\" content=\"Arvioitu lukuaika\" \/>\n\t<meta name=\"twitter:data1\" content=\"6 minuuttia\" \/>\n<script type=\"application\/ld+json\" class=\"yoast-schema-graph\">{\"@context\":\"https:\/\/schema.org\",\"@graph\":[{\"@type\":\"WebPage\",\"@id\":\"https:\/\/rotary.fi\/d1410\/sv\/det-har-gor-vi\/ungdomsutbytet\/\",\"url\":\"https:\/\/rotary.fi\/d1410\/sv\/det-har-gor-vi\/ungdomsutbytet\/\",\"name\":\"Ungdomsutbytet - Piiri 1410\",\"isPartOf\":{\"@id\":\"https:\/\/rotary.fi\/d1410\/#website\"},\"datePublished\":\"2019-08-13T10:31:35+00:00\",\"dateModified\":\"2021-08-25T07:24:28+00:00\",\"breadcrumb\":{\"@id\":\"https:\/\/rotary.fi\/d1410\/sv\/det-har-gor-vi\/ungdomsutbytet\/#breadcrumb\"},\"inLanguage\":\"fi\",\"potentialAction\":[{\"@type\":\"ReadAction\",\"target\":[\"https:\/\/rotary.fi\/d1410\/sv\/det-har-gor-vi\/ungdomsutbytet\/\"]}]},{\"@type\":\"BreadcrumbList\",\"@id\":\"https:\/\/rotary.fi\/d1410\/sv\/det-har-gor-vi\/ungdomsutbytet\/#breadcrumb\",\"itemListElement\":[{\"@type\":\"ListItem\",\"position\":1,\"name\":\"Home\",\"item\":\"https:\/\/rotary.fi\/d1410\/\"},{\"@type\":\"ListItem\",\"position\":2,\"name\":\"Det h\u00e4r g\u00f6r vi\",\"item\":\"https:\/\/rotary.fi\/d1410\/sv\/det-har-gor-vi\/\"},{\"@type\":\"ListItem\",\"position\":3,\"name\":\"Ungdomsutbytet\"}]},{\"@type\":\"WebSite\",\"@id\":\"https:\/\/rotary.fi\/d1410\/#website\",\"url\":\"https:\/\/rotary.fi\/d1410\/\",\"name\":\"Piiri 1410\",\"description\":\"Suomen Rotary\",\"potentialAction\":[{\"@type\":\"SearchAction\",\"target\":{\"@type\":\"EntryPoint\",\"urlTemplate\":\"https:\/\/rotary.fi\/d1410\/?s={search_term_string}\"},\"query-input\":{\"@type\":\"PropertyValueSpecification\",\"valueRequired\":true,\"valueName\":\"search_term_string\"}}],\"inLanguage\":\"fi\"}]}<\/script>\n<!-- \/ Yoast SEO plugin. -->","yoast_head_json":{"title":"Ungdomsutbytet - Piiri 1410","robots":{"index":"index","follow":"follow","max-snippet":"max-snippet:-1","max-image-preview":"max-image-preview:large","max-video-preview":"max-video-preview:-1"},"canonical":"https:\/\/rotary.fi\/d1410\/sv\/det-har-gor-vi\/ungdomsutbytet\/","og_locale":"fi_FI","og_type":"article","og_title":"Ungdomsutbytet - Piiri 1410","og_description":"Ungdomsutbytet Till utlandet f\u00f6r ett l\u00e4s\u00e5r, \u00f6ver sommaren eller n\u00e5gra veckors temal\u00e4ger?En av Rotarys mest imponerande aktiviteter \u00e4r det internationella ungdomsutbytet. Varje \u00e5r erbjuder Rotary mer \u00e4n 8000 unga m\u00e4nniskor v\u00e4rlden \u00f6ver en m\u00f6jlighet att l\u00e4ra k\u00e4nna en fr\u00e4mmande kultur.\u00a0 Utbytet kan best\u00e5 av n\u00e5gra veckor p\u00e5 ett sommarl\u00e4ger, ett utbyte p\u00e5 n\u00e5gra m\u00e5nader under [&hellip;]","og_url":"https:\/\/rotary.fi\/d1410\/sv\/det-har-gor-vi\/ungdomsutbytet\/","og_site_name":"Piiri 1410","article_publisher":"https:\/\/www.facebook.com\/rotary\/","article_modified_time":"2021-08-25T07:24:28+00:00","twitter_card":"summary_large_image","twitter_misc":{"Arvioitu lukuaika":"6 minuuttia"},"schema":{"@context":"https:\/\/schema.org","@graph":[{"@type":"WebPage","@id":"https:\/\/rotary.fi\/d1410\/sv\/det-har-gor-vi\/ungdomsutbytet\/","url":"https:\/\/rotary.fi\/d1410\/sv\/det-har-gor-vi\/ungdomsutbytet\/","name":"Ungdomsutbytet - Piiri 1410","isPartOf":{"@id":"https:\/\/rotary.fi\/d1410\/#website"},"datePublished":"2019-08-13T10:31:35+00:00","dateModified":"2021-08-25T07:24:28+00:00","breadcrumb":{"@id":"https:\/\/rotary.fi\/d1410\/sv\/det-har-gor-vi\/ungdomsutbytet\/#breadcrumb"},"inLanguage":"fi","potentialAction":[{"@type":"ReadAction","target":["https:\/\/rotary.fi\/d1410\/sv\/det-har-gor-vi\/ungdomsutbytet\/"]}]},{"@type":"BreadcrumbList","@id":"https:\/\/rotary.fi\/d1410\/sv\/det-har-gor-vi\/ungdomsutbytet\/#breadcrumb","itemListElement":[{"@type":"ListItem","position":1,"name":"Home","item":"https:\/\/rotary.fi\/d1410\/"},{"@type":"ListItem","position":2,"name":"Det h\u00e4r g\u00f6r vi","item":"https:\/\/rotary.fi\/d1410\/sv\/det-har-gor-vi\/"},{"@type":"ListItem","position":3,"name":"Ungdomsutbytet"}]},{"@type":"WebSite","@id":"https:\/\/rotary.fi\/d1410\/#website","url":"https:\/\/rotary.fi\/d1410\/","name":"Piiri 1410","description":"Suomen Rotary","potentialAction":[{"@type":"SearchAction","target":{"@type":"EntryPoint","urlTemplate":"https:\/\/rotary.fi\/d1410\/?s={search_term_string}"},"query-input":{"@type":"PropertyValueSpecification","valueRequired":true,"valueName":"search_term_string"}}],"inLanguage":"fi"}]}},"lang":"sv","translations":{"sv":2665,"fi":497,"en":2921},"pll_sync_post":[],"_links":{"self":[{"href":"https:\/\/rotary.fi\/d1410\/wp-json\/wp\/v2\/pages\/2665","targetHints":{"allow":["GET"]}}],"collection":[{"href":"https:\/\/rotary.fi\/d1410\/wp-json\/wp\/v2\/pages"}],"about":[{"href":"https:\/\/rotary.fi\/d1410\/wp-json\/wp\/v2\/types\/page"}],"author":[{"embeddable":true,"href":"https:\/\/rotary.fi\/d1410\/wp-json\/wp\/v2\/users\/1"}],"replies":[{"embeddable":true,"href":"https:\/\/rotary.fi\/d1410\/wp-json\/wp\/v2\/comments?post=2665"}],"version-history":[{"count":8,"href":"https:\/\/rotary.fi\/d1410\/wp-json\/wp\/v2\/pages\/2665\/revisions"}],"predecessor-version":[{"id":4078,"href":"https:\/\/rotary.fi\/d1410\/wp-json\/wp\/v2\/pages\/2665\/revisions\/4078"}],"up":[{"embeddable":true,"href":"https:\/\/rotary.fi\/d1410\/wp-json\/wp\/v2\/pages\/2663"}],"wp:attachment":[{"href":"https:\/\/rotary.fi\/d1410\/wp-json\/wp\/v2\/media?parent=2665"}],"curies":[{"name":"wp","href":"https:\/\/api.w.org\/{rel}","templated":true}]}}