{"id":2102,"date":"2019-03-13T21:54:48","date_gmt":"2019-03-13T19:54:48","guid":{"rendered":"https:\/\/rotary.fi\/piirisivusto\/?page_id=2102"},"modified":"2022-11-04T14:15:50","modified_gmt":"2022-11-04T12:15:50","slug":"olemme-osa-kansainvalista-rotarya","status":"publish","type":"page","link":"https:\/\/rotary.fi\/d1410\/rotarypiiri1410\/olemme-osa-kansainvalista-rotarya\/","title":{"rendered":"Olemme osa kansainv\u00e4list\u00e4 Rotarya"},"content":{"rendered":"<p>[et_pb_section fb_built=&#8221;1&#8243; module_class=&#8221;jumbotron-page&#8221; _builder_version=&#8221;4.16&#8243; background_image=&#8221;https:\/\/rotary.fi\/d1410\/wp-content\/uploads\/sites\/215\/2021\/07\/konventio2019.jpg&#8221; global_colors_info=&#8221;{}&#8221;][et_pb_row module_class=&#8221; et_pb_row_fullwidth&#8221; _builder_version=&#8221;4.16&#8243; width=&#8221;89%&#8221; width_tablet=&#8221;80%&#8221; width_phone=&#8221;&#8221; width_last_edited=&#8221;on|desktop&#8221; max_width=&#8221;89%&#8221; max_width_tablet=&#8221;80%&#8221; max_width_phone=&#8221;&#8221; max_width_last_edited=&#8221;on|desktop&#8221; make_fullwidth=&#8221;on&#8221; global_colors_info=&#8221;{}&#8221;][et_pb_column type=&#8221;4_4&#8243; _builder_version=&#8221;4.16&#8243; custom_padding=&#8221;|||&#8221; global_colors_info=&#8221;{}&#8221; custom_padding__hover=&#8221;|||&#8221;][et_pb_text admin_label=&#8221;P\u00e4\u00e4otsikko kuvan p\u00e4\u00e4ll\u00e4: Olemme osa kansainv\u00e4list\u00e4 Rotarya&#8221; _builder_version=&#8221;4.16&#8243; text_orientation=&#8221;center&#8221; background_layout=&#8221;dark&#8221; locked=&#8221;off&#8221; collapsed=&#8221;off&#8221; global_colors_info=&#8221;{}&#8221;]<\/p>\n<h1>Olemme osa kansainv\u00e4list\u00e4 Rotarya<\/h1>\n<p>[\/et_pb_text][\/et_pb_column][\/et_pb_row][\/et_pb_section][et_pb_section fb_built=&#8221;1&#8243; module_class=&#8221;sisaltoalue_perus&#8221; _builder_version=&#8221;4.16&#8243; background_size=&#8221;initial&#8221; background_position=&#8221;top_left&#8221; background_repeat=&#8221;repeat&#8221; custom_padding=&#8221;||40px|&#8221; box_shadow_style=&#8221;preset6&#8243; box_shadow_blur=&#8221;5px&#8221; global_colors_info=&#8221;{}&#8221;][et_pb_row custom_padding_last_edited=&#8221;on|desktop&#8221; _builder_version=&#8221;4.16&#8243; custom_padding=&#8221;||40px|&#8221; custom_padding_tablet=&#8221;&#8221; custom_padding_phone=&#8221;&#8221; global_colors_info=&#8221;{}&#8221;][et_pb_column type=&#8221;4_4&#8243; _builder_version=&#8221;4.16&#8243; custom_padding=&#8221;|||&#8221; global_colors_info=&#8221;{}&#8221; custom_padding__hover=&#8221;|||&#8221;][et_pb_text admin_label=&#8221;P\u00e4\u00e4otsikko ennen sis\u00e4lt\u00f6\u00e4: Rotary International&#8221; _builder_version=&#8221;4.16&#8243; text_orientation=&#8221;center&#8221; global_colors_info=&#8221;{}&#8221;]<\/p>\n<h1>Rotary International<\/h1>\n<p>[\/et_pb_text][et_pb_text _builder_version=&#8221;4.16&#8243; global_colors_info=&#8221;{}&#8221;]<\/p>\n<p class=\"wP15\">Rotarien katto-organisatio on <strong><span class=\"wT21\">Rotary International<\/span>\u00a0<\/strong>eli\u00a0<span class=\"wT1\">RI.\u00a0<\/span><\/p>\n<p class=\"wP15\">RI:n ylin p\u00e4\u00e4tt\u00e4v\u00e4 elin on sen vuosikokous, <strong><span class=\"wT1\">maailmankonventio (<\/span><\/strong><span class=\"wT21\">Rotary International Convention)<\/span>, jonne jokaisella klubilla on oikeus l\u00e4hett\u00e4\u00e4 virallinen edustajansa, ja johon jokaisella rotarilla on oikeus osallistua my\u00f6s ep\u00e4virallisesti. RI:n kokouskieli on englanti.\u00a0<span class=\"wT11\">Maailmankonventioita j\u00e4rjestet\u00e4\u00e4n eri puolilla maailmaa: Houston 20<\/span><span class=\"wT13\">22<\/span><span class=\"wT11\">, <\/span><span class=\"wT13\">Melbourne<\/span><span class=\"wT11\"> 20<\/span><span class=\"wT13\">23<\/span><span class=\"wT11\">, <\/span><span class=\"wT13\">Singapore<\/span><span class=\"wT11\"> 20<\/span><span class=\"wT13\">24<\/span><span class=\"wT11\">, <\/span><span class=\"wT13\">Calgary 2025<\/span><span class=\"wT11\">.\u00a0<\/span><\/p>\n<p class=\"wP15\">RI:n keulahahmo on vuosittain vaihtuva <strong>presidentti<\/strong> (<span class=\"wT21\">Rotary International President, <\/span><span class=\"wT21\">RIP)<\/span>.<\/p>\n<p class=\"wP16\">RI:n toimeenpaneva elin on <strong>hallitus<\/strong> (Board), johon kuuluvat RI:n presidentti, tuleva presidentti ja 17 j\u00e4sent\u00e4 (Directors, RID).<\/p>\n<p class=\"wP15\">RI:n p\u00e4\u00e4konttori toimii\u00a0<strong><span class=\"wT1\">Evanstonissa<\/span><\/strong>\u00a0Illinoisissa l\u00e4hell\u00e4 Chicagoa. Siell\u00e4 ty\u00f6skentelee p\u00e4\u00e4sihteerin johdolla noin 530 toimihenkil\u00f6\u00e4.<\/p>\n<p class=\"wP15\">RI:ll\u00e4 on lis\u00e4ksi kuusi <strong>aluetoimistoa<\/strong> (<span class=\"wT21\">International Office<\/span>) eri puolilla maapalloa.\u00a0<span class=\"wT1\">Z\u00fcrichiss\u00e4<\/span>\u00a0sijaitsevassa Euroopan ja Afrikan toimistossa (<span class=\"wT1\">EAO<\/span>) on my\u00f6s suomen- ja ruotsinkielist\u00e4 henkil\u00f6kuntaa.<\/p>\n<p>[\/et_pb_text][et_pb_button button_url=&#8221;https:\/\/www.rotary.org\/en&#8221; url_new_window=&#8221;on&#8221; button_text=&#8221;Rotary Internationalin sivuille&#8221; _builder_version=&#8221;4.16&#8243; global_colors_info=&#8221;{}&#8221;][\/et_pb_button][\/et_pb_column][\/et_pb_row][\/et_pb_section][et_pb_section fb_built=&#8221;1&#8243; module_class=&#8221;sisaltoalue_valkoinen&#8221; _builder_version=&#8221;4.16&#8243; background_size=&#8221;initial&#8221; background_position=&#8221;top_left&#8221; background_repeat=&#8221;repeat&#8221; background_blend=&#8221;overlay&#8221; custom_padding=&#8221;||40px|&#8221; box_shadow_style=&#8221;preset6&#8243; box_shadow_blur=&#8221;5px&#8221; global_colors_info=&#8221;{}&#8221;][et_pb_row custom_padding_last_edited=&#8221;on|phone&#8221; _builder_version=&#8221;4.16&#8243; custom_padding_tablet=&#8221;&#8221; custom_padding_phone=&#8221;&#8221; global_colors_info=&#8221;{}&#8221;][et_pb_column type=&#8221;4_4&#8243; _builder_version=&#8221;4.16&#8243; custom_padding=&#8221;|||&#8221; global_colors_info=&#8221;{}&#8221; custom_padding__hover=&#8221;|||&#8221;][et_pb_text admin_label=&#8221;P\u00e4\u00e4otsikko ennen sis\u00e4lt\u00f6\u00e4: Rotarys\u00e4\u00e4ti\u00f6&#8221; _builder_version=&#8221;4.16&#8243; text_orientation=&#8221;center&#8221; global_colors_info=&#8221;{}&#8221;]<\/p>\n<h1>Rotarys\u00e4\u00e4ti\u00f6<\/h1>\n<p>[\/et_pb_text][et_pb_text _builder_version=&#8221;4.16&#8243; global_colors_info=&#8221;{}&#8221;]<\/p>\n<p>Rotarys\u00e4\u00e4ti\u00f6 on maailman suurimpia yksityisi\u00e4 hyv\u00e4ntekev\u00e4isyystoimijoita. S\u00e4\u00e4ti\u00f6 sijoittuu k\u00e4rkisijoille toimijoiden l\u00e4pin\u00e4kyvyys- ja luotettavuusvertailussa.<\/p>\n<p>Rotarys\u00e4\u00e4ti\u00f6 koordinoi ja rahoittaa rotarien maailmanlaajuista palvelutoimintaa. S\u00e4\u00e4ti\u00f6n ty\u00f6 perustuu vapaaehtoisiin lahjoituksiin sek\u00e4 p\u00e4\u00e4oman tuottoon, jotka kanavoidaan koulutusprojekteihin ja humanitaariseen avustusty\u00f6h\u00f6n.<\/p>\n<p>T\u00e4rke\u00e4 kannustin on Paul Harris Fellow -tunnustus. Sen s\u00e4\u00e4ti\u00f6 my\u00f6nt\u00e4\u00e4 jokaista tuhannen dollarin lahjoitusta kohti. Rotaryn perustajan Paul Harrisin nime\u00e4 kantavia PHF-tunnustuksia on my\u00f6nnetty maailmanlaajuisesti yli miljoona.<\/p>\n<p>PHF-tunnustuksia voi hakea <a href=\"https:\/\/rotary.fi\/d1410\/wp-content\/uploads\/sites\/215\/2022\/11\/102_phf_recognition_transfer_request_form_en.pdf\">t\u00e4ll\u00e4 lomakkeella.<\/a><\/p>\n<p>&nbsp;<\/p>\n<p>[\/et_pb_text][et_pb_button button_url=&#8221;https:\/\/www.rotary.org\/en\/about-rotary\/rotary-foundation&#8221; url_new_window=&#8221;on&#8221; button_text=&#8221;Kansainv\u00e4lisen Rotarys\u00e4\u00e4ti\u00f6n sivuille&#8221; _builder_version=&#8221;4.16&#8243; global_colors_info=&#8221;{}&#8221;][\/et_pb_button][\/et_pb_column][\/et_pb_row][\/et_pb_section]<\/p>\n","protected":false},"excerpt":{"rendered":"<p>Olemme osa kansainv\u00e4list\u00e4 Rotarya Rotary International Rotarien katto-organisatio on Rotary International\u00a0eli\u00a0RI.\u00a0 RI:n ylin p\u00e4\u00e4tt\u00e4v\u00e4 elin on sen vuosikokous, maailmankonventio (Rotary International Convention), jonne jokaisella klubilla on oikeus l\u00e4hett\u00e4\u00e4 virallinen edustajansa, ja johon jokaisella rotarilla on oikeus osallistua my\u00f6s ep\u00e4virallisesti. RI:n kokouskieli on englanti.\u00a0Maailmankonventioita j\u00e4rjestet\u00e4\u00e4n eri puolilla maailmaa: Houston 2022, Melbourne 2023, Singapore 2024, Calgary 2025.\u00a0 [&hellip;]<\/p>\n","protected":false},"author":1,"featured_media":0,"parent":2017,"menu_order":6,"comment_status":"closed","ping_status":"closed","template":"","meta":{"_acf_changed":false,"_et_pb_use_builder":"on","_et_pb_old_content":"","_et_gb_content_width":"","footnotes":""},"class_list":["post-2102","page","type-page","status-publish","hentry"],"acf":[],"yoast_head":"<!-- This site is optimized with the Yoast SEO plugin v27.0 - https:\/\/yoast.com\/product\/yoast-seo-wordpress\/ -->\n<title>Olemme osa kansainv\u00e4list\u00e4 Rotarya - Piiri 1410<\/title>\n<meta name=\"robots\" content=\"index, follow, max-snippet:-1, max-image-preview:large, max-video-preview:-1\" \/>\n<link rel=\"canonical\" href=\"https:\/\/rotary.fi\/d1410\/rotarypiiri1410\/olemme-osa-kansainvalista-rotarya\/\" \/>\n<meta property=\"og:locale\" content=\"fi_FI\" \/>\n<meta property=\"og:type\" content=\"article\" \/>\n<meta property=\"og:title\" content=\"Olemme osa kansainv\u00e4list\u00e4 Rotarya - Piiri 1410\" \/>\n<meta property=\"og:description\" content=\"Olemme osa kansainv\u00e4list\u00e4 Rotarya Rotary International Rotarien katto-organisatio on Rotary International\u00a0eli\u00a0RI.\u00a0 RI:n ylin p\u00e4\u00e4tt\u00e4v\u00e4 elin on sen vuosikokous, maailmankonventio (Rotary International Convention), jonne jokaisella klubilla on oikeus l\u00e4hett\u00e4\u00e4 virallinen edustajansa, ja johon jokaisella rotarilla on oikeus osallistua my\u00f6s ep\u00e4virallisesti. RI:n kokouskieli on englanti.\u00a0Maailmankonventioita j\u00e4rjestet\u00e4\u00e4n eri puolilla maailmaa: Houston 2022, Melbourne 2023, Singapore 2024, Calgary 2025.\u00a0 [&hellip;]\" \/>\n<meta property=\"og:url\" content=\"https:\/\/rotary.fi\/d1410\/rotarypiiri1410\/olemme-osa-kansainvalista-rotarya\/\" \/>\n<meta property=\"og:site_name\" content=\"Piiri 1410\" \/>\n<meta property=\"article:publisher\" content=\"https:\/\/www.facebook.com\/rotary\/\" \/>\n<meta property=\"article:modified_time\" content=\"2022-11-04T12:15:50+00:00\" \/>\n<meta name=\"twitter:card\" content=\"summary_large_image\" \/>\n<meta name=\"twitter:label1\" content=\"Arvioitu lukuaika\" \/>\n\t<meta name=\"twitter:data1\" content=\"3 minuuttia\" \/>\n<script type=\"application\/ld+json\" class=\"yoast-schema-graph\">{\"@context\":\"https:\/\/schema.org\",\"@graph\":[{\"@type\":\"WebPage\",\"@id\":\"https:\/\/rotary.fi\/d1410\/rotarypiiri1410\/olemme-osa-kansainvalista-rotarya\/\",\"url\":\"https:\/\/rotary.fi\/d1410\/rotarypiiri1410\/olemme-osa-kansainvalista-rotarya\/\",\"name\":\"Olemme osa kansainv\u00e4list\u00e4 Rotarya - Piiri 1410\",\"isPartOf\":{\"@id\":\"https:\/\/rotary.fi\/d1410\/#website\"},\"datePublished\":\"2019-03-13T19:54:48+00:00\",\"dateModified\":\"2022-11-04T12:15:50+00:00\",\"breadcrumb\":{\"@id\":\"https:\/\/rotary.fi\/d1410\/rotarypiiri1410\/olemme-osa-kansainvalista-rotarya\/#breadcrumb\"},\"inLanguage\":\"fi\",\"potentialAction\":[{\"@type\":\"ReadAction\",\"target\":[\"https:\/\/rotary.fi\/d1410\/rotarypiiri1410\/olemme-osa-kansainvalista-rotarya\/\"]}]},{\"@type\":\"BreadcrumbList\",\"@id\":\"https:\/\/rotary.fi\/d1410\/rotarypiiri1410\/olemme-osa-kansainvalista-rotarya\/#breadcrumb\",\"itemListElement\":[{\"@type\":\"ListItem\",\"position\":1,\"name\":\"Home\",\"item\":\"https:\/\/rotary.fi\/d1410\/\"},{\"@type\":\"ListItem\",\"position\":2,\"name\":\"Rotarypiiri 1410\",\"item\":\"https:\/\/rotary.fi\/d1410\/rotarypiiri1410\/\"},{\"@type\":\"ListItem\",\"position\":3,\"name\":\"Olemme osa kansainv\u00e4list\u00e4 Rotarya\"}]},{\"@type\":\"WebSite\",\"@id\":\"https:\/\/rotary.fi\/d1410\/#website\",\"url\":\"https:\/\/rotary.fi\/d1410\/\",\"name\":\"Piiri 1410\",\"description\":\"Suomen Rotary\",\"potentialAction\":[{\"@type\":\"SearchAction\",\"target\":{\"@type\":\"EntryPoint\",\"urlTemplate\":\"https:\/\/rotary.fi\/d1410\/?s={search_term_string}\"},\"query-input\":{\"@type\":\"PropertyValueSpecification\",\"valueRequired\":true,\"valueName\":\"search_term_string\"}}],\"inLanguage\":\"fi\"}]}<\/script>\n<!-- \/ Yoast SEO plugin. -->","yoast_head_json":{"title":"Olemme osa kansainv\u00e4list\u00e4 Rotarya - Piiri 1410","robots":{"index":"index","follow":"follow","max-snippet":"max-snippet:-1","max-image-preview":"max-image-preview:large","max-video-preview":"max-video-preview:-1"},"canonical":"https:\/\/rotary.fi\/d1410\/rotarypiiri1410\/olemme-osa-kansainvalista-rotarya\/","og_locale":"fi_FI","og_type":"article","og_title":"Olemme osa kansainv\u00e4list\u00e4 Rotarya - Piiri 1410","og_description":"Olemme osa kansainv\u00e4list\u00e4 Rotarya Rotary International Rotarien katto-organisatio on Rotary International\u00a0eli\u00a0RI.\u00a0 RI:n ylin p\u00e4\u00e4tt\u00e4v\u00e4 elin on sen vuosikokous, maailmankonventio (Rotary International Convention), jonne jokaisella klubilla on oikeus l\u00e4hett\u00e4\u00e4 virallinen edustajansa, ja johon jokaisella rotarilla on oikeus osallistua my\u00f6s ep\u00e4virallisesti. RI:n kokouskieli on englanti.\u00a0Maailmankonventioita j\u00e4rjestet\u00e4\u00e4n eri puolilla maailmaa: Houston 2022, Melbourne 2023, Singapore 2024, Calgary 2025.\u00a0 [&hellip;]","og_url":"https:\/\/rotary.fi\/d1410\/rotarypiiri1410\/olemme-osa-kansainvalista-rotarya\/","og_site_name":"Piiri 1410","article_publisher":"https:\/\/www.facebook.com\/rotary\/","article_modified_time":"2022-11-04T12:15:50+00:00","twitter_card":"summary_large_image","twitter_misc":{"Arvioitu lukuaika":"3 minuuttia"},"schema":{"@context":"https:\/\/schema.org","@graph":[{"@type":"WebPage","@id":"https:\/\/rotary.fi\/d1410\/rotarypiiri1410\/olemme-osa-kansainvalista-rotarya\/","url":"https:\/\/rotary.fi\/d1410\/rotarypiiri1410\/olemme-osa-kansainvalista-rotarya\/","name":"Olemme osa kansainv\u00e4list\u00e4 Rotarya - Piiri 1410","isPartOf":{"@id":"https:\/\/rotary.fi\/d1410\/#website"},"datePublished":"2019-03-13T19:54:48+00:00","dateModified":"2022-11-04T12:15:50+00:00","breadcrumb":{"@id":"https:\/\/rotary.fi\/d1410\/rotarypiiri1410\/olemme-osa-kansainvalista-rotarya\/#breadcrumb"},"inLanguage":"fi","potentialAction":[{"@type":"ReadAction","target":["https:\/\/rotary.fi\/d1410\/rotarypiiri1410\/olemme-osa-kansainvalista-rotarya\/"]}]},{"@type":"BreadcrumbList","@id":"https:\/\/rotary.fi\/d1410\/rotarypiiri1410\/olemme-osa-kansainvalista-rotarya\/#breadcrumb","itemListElement":[{"@type":"ListItem","position":1,"name":"Home","item":"https:\/\/rotary.fi\/d1410\/"},{"@type":"ListItem","position":2,"name":"Rotarypiiri 1410","item":"https:\/\/rotary.fi\/d1410\/rotarypiiri1410\/"},{"@type":"ListItem","position":3,"name":"Olemme osa kansainv\u00e4list\u00e4 Rotarya"}]},{"@type":"WebSite","@id":"https:\/\/rotary.fi\/d1410\/#website","url":"https:\/\/rotary.fi\/d1410\/","name":"Piiri 1410","description":"Suomen Rotary","potentialAction":[{"@type":"SearchAction","target":{"@type":"EntryPoint","urlTemplate":"https:\/\/rotary.fi\/d1410\/?s={search_term_string}"},"query-input":{"@type":"PropertyValueSpecification","valueRequired":true,"valueName":"search_term_string"}}],"inLanguage":"fi"}]}},"lang":"fi","translations":{"fi":2102,"sv":2653,"en":2900},"pll_sync_post":[],"_links":{"self":[{"href":"https:\/\/rotary.fi\/d1410\/wp-json\/wp\/v2\/pages\/2102","targetHints":{"allow":["GET"]}}],"collection":[{"href":"https:\/\/rotary.fi\/d1410\/wp-json\/wp\/v2\/pages"}],"about":[{"href":"https:\/\/rotary.fi\/d1410\/wp-json\/wp\/v2\/types\/page"}],"author":[{"embeddable":true,"href":"https:\/\/rotary.fi\/d1410\/wp-json\/wp\/v2\/users\/1"}],"replies":[{"embeddable":true,"href":"https:\/\/rotary.fi\/d1410\/wp-json\/wp\/v2\/comments?post=2102"}],"version-history":[{"count":9,"href":"https:\/\/rotary.fi\/d1410\/wp-json\/wp\/v2\/pages\/2102\/revisions"}],"predecessor-version":[{"id":5565,"href":"https:\/\/rotary.fi\/d1410\/wp-json\/wp\/v2\/pages\/2102\/revisions\/5565"}],"up":[{"embeddable":true,"href":"https:\/\/rotary.fi\/d1410\/wp-json\/wp\/v2\/pages\/2017"}],"wp:attachment":[{"href":"https:\/\/rotary.fi\/d1410\/wp-json\/wp\/v2\/media?parent=2102"}],"curies":[{"name":"wp","href":"https:\/\/api.w.org\/{rel}","templated":true}]}}