{"id":2067,"date":"2018-08-27T13:40:21","date_gmt":"2018-08-27T11:40:21","guid":{"rendered":"https:\/\/rotary.fi\/piirisivusto\/?page_id=2067"},"modified":"2025-06-21T16:28:42","modified_gmt":"2025-06-21T14:28:42","slug":"kuvernoori","status":"publish","type":"page","link":"https:\/\/rotary.fi\/d1410\/ota-yhteytta\/kuvernoori\/","title":{"rendered":"Kuvern\u00f6\u00f6ri"},"content":{"rendered":"<p>[et_pb_section fb_built=&#8221;1&#8243; module_class=&#8221;jumbotron-page&#8221; _builder_version=&#8221;4.17.4&#8243; background_image=&#8221;https:\/\/rotary.fi\/d1410\/wp-content\/uploads\/sites\/215\/2021\/07\/putsaari7-2.jpg&#8221; global_colors_info=&#8221;{}&#8221;][et_pb_row module_class=&#8221; et_pb_row_fullwidth et_pb_row_fullwidth&#8221; _builder_version=&#8221;4.16&#8243; width=&#8221;89%&#8221; width_tablet=&#8221;80%&#8221; width_phone=&#8221;&#8221; width_last_edited=&#8221;on|desktop&#8221; max_width=&#8221;89%&#8221; max_width_tablet=&#8221;80%&#8221; max_width_phone=&#8221;&#8221; max_width_last_edited=&#8221;on|desktop&#8221; make_fullwidth=&#8221;on&#8221; global_colors_info=&#8221;{}&#8221;][et_pb_column type=&#8221;4_4&#8243; _builder_version=&#8221;4.16&#8243; custom_padding=&#8221;|||&#8221; global_colors_info=&#8221;{}&#8221; custom_padding__hover=&#8221;|||&#8221;][et_pb_text admin_label=&#8221;Kuvern\u00f6\u00f6ri -otsikko&#8221; _builder_version=&#8221;4.27.4&#8243; text_orientation=&#8221;center&#8221; background_layout=&#8221;dark&#8221; global_colors_info=&#8221;{}&#8221;]<\/p>\n<h1>Kuvern\u00f6\u00f6ri 2025-26<\/h1>\n<p>[\/et_pb_text][\/et_pb_column][\/et_pb_row][\/et_pb_section][et_pb_section fb_built=&#8221;1&#8243; module_class=&#8221;sisaltoalue_perus&#8221; _builder_version=&#8221;4.16&#8243; global_colors_info=&#8221;{}&#8221;][et_pb_row column_structure=&#8221;1_3,2_3&#8243; module_class=&#8221;henkilosto-listaus&#8221; _builder_version=&#8221;4.16&#8243; global_colors_info=&#8221;{}&#8221;][et_pb_column type=&#8221;1_3&#8243; _builder_version=&#8221;4.16&#8243; custom_padding=&#8221;|||&#8221; global_colors_info=&#8221;{}&#8221; custom_padding__hover=&#8221;|||&#8221;][et_pb_team_member name=&#8221;DG Matti Hakoila&#8221; position=&#8221;Kuvern\u00f6\u00f6ri&#8221; image_url=&#8221;https:\/\/rotary.fi\/d1410\/wp-content\/uploads\/sites\/215\/2025\/06\/matti-hakoila-rotated-1.jpg&#8221; admin_label=&#8221;DG &#8221; module_class=&#8221;kuvernoori&#8221; _builder_version=&#8221;4.27.4&#8243; background_color=&#8221;#f8f9fa&#8221; z_index_tablet=&#8221;500&#8243; header_text_shadow_horizontal_length_tablet=&#8221;0px&#8221; header_text_shadow_vertical_length_tablet=&#8221;0px&#8221; header_text_shadow_blur_strength_tablet=&#8221;1px&#8221; body_text_shadow_horizontal_length_tablet=&#8221;0px&#8221; body_text_shadow_vertical_length_tablet=&#8221;0px&#8221; body_text_shadow_blur_strength_tablet=&#8221;1px&#8221; position_text_shadow_horizontal_length_tablet=&#8221;0px&#8221; position_text_shadow_vertical_length_tablet=&#8221;0px&#8221; position_text_shadow_blur_strength_tablet=&#8221;1px&#8221; body_link_text_shadow_horizontal_length_tablet=&#8221;0px&#8221; body_link_text_shadow_vertical_length_tablet=&#8221;0px&#8221; body_link_text_shadow_blur_strength_tablet=&#8221;1px&#8221; body_ul_text_shadow_horizontal_length_tablet=&#8221;0px&#8221; body_ul_text_shadow_vertical_length_tablet=&#8221;0px&#8221; body_ul_text_shadow_blur_strength_tablet=&#8221;1px&#8221; body_ol_text_shadow_horizontal_length_tablet=&#8221;0px&#8221; body_ol_text_shadow_vertical_length_tablet=&#8221;0px&#8221; body_ol_text_shadow_blur_strength_tablet=&#8221;1px&#8221; body_quote_text_shadow_horizontal_length_tablet=&#8221;0px&#8221; body_quote_text_shadow_vertical_length_tablet=&#8221;0px&#8221; body_quote_text_shadow_blur_strength_tablet=&#8221;1px&#8221; box_shadow_horizontal_tablet=&#8221;0px&#8221; box_shadow_vertical_tablet=&#8221;0px&#8221; box_shadow_blur_tablet=&#8221;40px&#8221; box_shadow_spread_tablet=&#8221;0px&#8221; box_shadow_horizontal_image_tablet=&#8221;0px&#8221; box_shadow_vertical_image_tablet=&#8221;0px&#8221; box_shadow_blur_image_tablet=&#8221;40px&#8221; box_shadow_spread_image_tablet=&#8221;0px&#8221; text_shadow_horizontal_length_tablet=&#8221;0px&#8221; text_shadow_vertical_length_tablet=&#8221;0px&#8221; text_shadow_blur_strength_tablet=&#8221;1px&#8221; global_colors_info=&#8221;{}&#8221;]<\/p>\n<p>Turku Aboa Nova RC<\/p>\n<p>Puhdistus- ja hygienia-ala \u2013 St\u00e4d- och hygiensektorn \u2013 Cleaning and hygienie sector<br \/>Mobile +358 400 536 594<br \/>E-mail: matti.hakoila@gmail.com<\/p>\n<p>[\/et_pb_team_member][\/et_pb_column][et_pb_column type=&#8221;2_3&#8243; _builder_version=&#8221;4.16&#8243; custom_padding=&#8221;|||&#8221; global_colors_info=&#8221;{}&#8221; custom_padding__hover=&#8221;|||&#8221;][et_pb_text _builder_version=&#8221;4.27.4&#8243; custom_padding=&#8221;|||0px||&#8221; hover_enabled=&#8221;0&#8243; z_index_tablet=&#8221;500&#8243; text_text_shadow_horizontal_length_tablet=&#8221;0px&#8221; text_text_shadow_vertical_length_tablet=&#8221;0px&#8221; text_text_shadow_blur_strength_tablet=&#8221;1px&#8221; link_text_shadow_horizontal_length_tablet=&#8221;0px&#8221; link_text_shadow_vertical_length_tablet=&#8221;0px&#8221; link_text_shadow_blur_strength_tablet=&#8221;1px&#8221; ul_text_shadow_horizontal_length_tablet=&#8221;0px&#8221; ul_text_shadow_vertical_length_tablet=&#8221;0px&#8221; ul_text_shadow_blur_strength_tablet=&#8221;1px&#8221; ol_text_shadow_horizontal_length_tablet=&#8221;0px&#8221; ol_text_shadow_vertical_length_tablet=&#8221;0px&#8221; ol_text_shadow_blur_strength_tablet=&#8221;1px&#8221; quote_text_shadow_horizontal_length_tablet=&#8221;0px&#8221; quote_text_shadow_vertical_length_tablet=&#8221;0px&#8221; quote_text_shadow_blur_strength_tablet=&#8221;1px&#8221; header_text_shadow_horizontal_length_tablet=&#8221;0px&#8221; header_text_shadow_vertical_length_tablet=&#8221;0px&#8221; header_text_shadow_blur_strength_tablet=&#8221;1px&#8221; header_2_text_shadow_horizontal_length_tablet=&#8221;0px&#8221; header_2_text_shadow_vertical_length_tablet=&#8221;0px&#8221; header_2_text_shadow_blur_strength_tablet=&#8221;1px&#8221; header_3_text_shadow_horizontal_length_tablet=&#8221;0px&#8221; header_3_text_shadow_vertical_length_tablet=&#8221;0px&#8221; header_3_text_shadow_blur_strength_tablet=&#8221;1px&#8221; header_4_text_shadow_horizontal_length_tablet=&#8221;0px&#8221; header_4_text_shadow_vertical_length_tablet=&#8221;0px&#8221; header_4_text_shadow_blur_strength_tablet=&#8221;1px&#8221; header_5_text_shadow_horizontal_length_tablet=&#8221;0px&#8221; header_5_text_shadow_vertical_length_tablet=&#8221;0px&#8221; header_5_text_shadow_blur_strength_tablet=&#8221;1px&#8221; header_6_text_shadow_horizontal_length_tablet=&#8221;0px&#8221; header_6_text_shadow_vertical_length_tablet=&#8221;0px&#8221; header_6_text_shadow_blur_strength_tablet=&#8221;1px&#8221; box_shadow_horizontal_tablet=&#8221;0px&#8221; box_shadow_vertical_tablet=&#8221;0px&#8221; box_shadow_blur_tablet=&#8221;40px&#8221; box_shadow_spread_tablet=&#8221;0px&#8221; global_colors_info=&#8221;{}&#8221; sticky_enabled=&#8221;0&#8243;]<\/p>\n<h4>DG:n esittely<\/h4>\n<p>Piirin 1410 uusi DG tulee Turusta, ihan oikeasti syntynyt Heidekenill\u00e4 v 1961. Perheeseeni kuuluu puolisoni<br \/>Sirkku sek\u00e4 jo muualle lent\u00e4neet lapset lapsenlapsineen, jotka asuvat p\u00e4\u00e4kaupunkiseudulla. Itse olen ollut<br \/>rotarina noin 15 v ajan ja toiminut l\u00e4hes kaikissa klubin teht\u00e4viss\u00e4 jo heti klubiin liitytty\u00e4ni. Kotiklubini on<br \/>Turun nuorin klubi Turku Aboa Nova, joka on alusta asti ollut iltaklubi ja klubi jossa DEI periaatteet olivat<br \/>k\u00e4yt\u00f6ss\u00e4 jo ennen kuin niist\u00e4 alettiin puhua. Presidentit on pyritty pit\u00e4m\u00e4\u00e4n vuorottain molemmista<br \/>sukupuolista, joka on tuonut paljon vuorotusta ja monipuolisuutta ohjelmiin.<\/p>\n<p>Olen ollut presidenttin\u00e4 2 kertaa sek\u00e4 Turun alueen AGn\u00e4 ja Ymp\u00e4rist\u00f6toimikunnan pj piiriss\u00e4<br \/>muutaman vuoden ajan. Monet tuntevat minut my\u00f6s Mr. Vesireppuna, joka lienee ehk\u00e4 tottakin.<br \/>Nuorisovaihto on minulle tuttua klubivuosiltani, olin l\u00e4heisesti siin\u00e4 mukana klubitoiminnassa.<br \/>Ty\u00f6kseni olen toiminut hygienia alalla Suomessa ja maailmalla. Viimeiset yli 20 vuotta toimipisteeni<br \/>oli Hollannissa. Lis\u00e4ksi olen aikoinaan ollut mukana tekem\u00e4ss\u00e4 useita Joutsenmerkki ja Euroopan<br \/>ymp\u00e4rist\u00f6merkkien kriteerej\u00e4 sek\u00e4 toiminut alamme Ymp\u00e4rist\u00f6toimikunnan perustajana ja<br \/>monivuotisena puheenjohtajana. Nyttemmin olen siirtynyt Yrityskummitoimintaan tukemaan<br \/>mikroyrityksien hyvinvointia Varsinais-Suomen Yrityskummitoiminnan kautta.<br \/>Harrastukseni on ollut aikoinaan matkaveneily ja -purjehdus, olen entinen Merikarhu. Lis\u00e4ksi olen<br \/>toiminut palloililajien urheiluseuratoiminnassa yli 35v ajan Turun alueella. T\u00e4m\u00e4 jatkuu edelleenkin.<br \/>Nykyinen harrastukseni on saaristo ja m\u00f6kkeily, asun noin \u00bd vuodesta 2-asunnollamme saaristossa.<\/p>\n<p>Unite for Good tarkoittaa minulle hyv\u00e4n tekemist\u00e4 yhdess\u00e4. Se on yksi p\u00e4\u00e4periaatteitamme jo 120v<br \/>ajan ja edelleen ajankohtainen. Yhdess\u00e4 tehden saamme enemm\u00e4n aikaan, enemm\u00e4n<br \/>vuorovaikutusta, enemm\u00e4n huomiota ja enemm\u00e4n tulevaisuuden mahdollisuuksia ja j\u00e4seni\u00e4.<br \/>Yhdess\u00e4 tekemiseen liittyy my\u00f6s haasteita, mutta uskon ett\u00e4 hyv\u00e4 tavoite ohjaa meid\u00e4t jouhevasti<br \/>eteenp\u00e4in kohti uusia menestyksi\u00e4 muuttuvassa ymp\u00e4rist\u00f6ss\u00e4mme. T\u00e4h\u00e4n liittyy my\u00f6s toisten<br \/>mielipiteiden huomioiminen ja kuuntelu ja konsensus yhdess\u00e4. T\u00e4ss\u00e4 maailmanpoliittisessa ja<br \/>sosiaalisessa ymp\u00e4rist\u00f6ss\u00e4mme on voimakkaasti vallalle noussut henkil\u00f6kohtainen egoismi ja<br \/>tavoitteiden tavoittelu. Siihen antavat esimerkki\u00e4 juuri nyt kansainv\u00e4lisetkin johtajat. Mielest\u00e4ni tuo<br \/>istuu hiukan huonosti Rotary \u2013 henkeen ja filosofiaan ja periaatteisiin. Meid\u00e4n tuleekin mietti\u00e4<br \/>miten me kaikki, koko piiriss\u00e4 ja klubeissa pystymme avoimesti, yhdess\u00e4 kehitt\u00e4m\u00e4\u00e4n<br \/>toimintojamme eteenp\u00e4in.<\/p>\n<p>Muistakaamme my\u00f6s huolehtia vanhemmista ja v\u00e4hemm\u00e4n aktiivisista j\u00e4senist\u00e4mme, otetaan<br \/>heid\u00e4t my\u00f6s mukaan ja annetaan heille oma tilansa tulla takaisin mukaan toimintaan.<br \/>TKM \u2013 Tuo Kaveri Mukaan &#8211; kaikilla tasoilla: alueet, klubit ja j\u00e4senet. Unite for Good!<\/p>\n<p>Piirin alueella tehd\u00e4\u00e4n valtavasti erinomaista ty\u00f6t\u00e4 yhteis\u00f6mme kautta. N\u00e4m\u00e4 usein j\u00e4\u00e4v\u00e4t vain<br \/>oman klubin tai alueen tietoon, mutta niist\u00e4 olisi verraten helppo kopioida hienoja projekteja<br \/>my\u00f6s muille alueille, klubeille yhdess\u00e4 teht\u00e4v\u00e4ksi, jos se tuntuu mielekk\u00e4\u00e4lt\u00e4.<br \/>N\u00e4in saisimme actionia, n\u00e4kyvyytt\u00e4 ja tekemisen voimaa koko toimintaamme &#8211; Yhdess\u00e4 toimien.<\/p>\n<p>Samoin Rotaris\u00e4\u00e4ti\u00f6n tukien ja Piirin tukimahdollisuuksien hy\u00f6dynt\u00e4minen olisi helpompaa kun<br \/>teemme asioita yhdess\u00e4. Aina yhdess\u00e4 klubissa ei riit\u00e4 resursseja projektiin, mutta 2-3<br \/>naapuriklubia voisi yhdess\u00e4 tehd\u00e4 uusia juttuja ennakkoluulottomasti omalla alueellaan. T\u00e4t\u00e4<br \/>toimintaa tehostaaksemme olemmekin vahvistaneet mm. S\u00e4\u00e4ti\u00f6toimikuntaa ja projektien tukea<br \/>piirin organisaatiossa. Samoin uusi aluejako pyrkii yhdist\u00e4m\u00e4\u00e4n l\u00e4hell\u00e4 toisiaan olevat klubit<br \/>l\u00e4hemm\u00e4ksi, eritoten Salon ja Turun ymp\u00e4rist\u00f6n ja Vakka-Suomen alueilla. Toivon ett\u00e4 n\u00e4ist\u00e4<br \/>saamme jouhevasti toimivan aktiivisen p\u00f6hin\u00e4n koko piirimme alueelle \u2013 Yhdess\u00e4 tekien.<\/p>\n<p>Piirin tarjoamat tukimateriaalit ja julkisuuskuvaamme parantavat materiaalit, l\u00e4hinn\u00e4 roll-upit,<br \/>Beachfl\u00e4git ja esitykset on p\u00e4ivitetty uudelle vuodelle. Toivon ett\u00e4 koko piirimme toiminta ja klubit<br \/>hy\u00f6dynt\u00e4isiv\u00e4t n\u00e4it\u00e4 runsaasti eri tapahtumissa toreilla ja kylill\u00e4. Siell\u00e4 se ty\u00f6mme tehd\u00e4\u00e4n.<\/p>\n<p>Uskon ja luotan ett\u00e4 jatkaessamme edellisten kuvern\u00f6\u00f6rien viitoittamaa aktiivisuuden tiet\u00e4,<br \/>olemme oikealla suunnalla. T\u00e4st\u00e4 on meid\u00e4nkin hyv\u00e4 jatkaa eteenp\u00e4in.<\/p>\n<p>UNITE FOR GOOD 2025-26.<br \/>DG 2025-26 D1410 Matti Hakoila<\/p>\n<p>[\/et_pb_text][\/et_pb_column][\/et_pb_row][\/et_pb_section]<\/p>\n","protected":false},"excerpt":{"rendered":"<p>Kuvern\u00f6\u00f6ri 2025-26Turku Aboa Nova RC Puhdistus- ja hygienia-ala \u2013 St\u00e4d- och hygiensektorn \u2013 Cleaning and hygienie sectorMobile +358 400 536 594E-mail: matti.hakoila@gmail.comDG:n esittely Piirin 1410 uusi DG tulee Turusta, ihan oikeasti syntynyt Heidekenill\u00e4 v 1961. Perheeseeni kuuluu puolisoniSirkku sek\u00e4 jo muualle lent\u00e4neet lapset lapsenlapsineen, jotka asuvat p\u00e4\u00e4kaupunkiseudulla. Itse olen ollutrotarina noin 15 v ajan ja [&hellip;]<\/p>\n","protected":false},"author":1,"featured_media":0,"parent":672,"menu_order":1,"comment_status":"closed","ping_status":"closed","template":"","meta":{"_acf_changed":false,"_et_pb_use_builder":"on","_et_pb_old_content":"","_et_gb_content_width":"","footnotes":""},"class_list":["post-2067","page","type-page","status-publish","hentry"],"acf":[],"yoast_head":"<!-- This site is optimized with the Yoast SEO plugin v27.4 - https:\/\/yoast.com\/product\/yoast-seo-wordpress\/ -->\n<title>Kuvern\u00f6\u00f6ri - Piiri 1410<\/title>\n<meta name=\"robots\" content=\"index, follow, max-snippet:-1, max-image-preview:large, max-video-preview:-1\" \/>\n<link rel=\"canonical\" href=\"https:\/\/rotary.fi\/d1410\/ota-yhteytta\/kuvernoori\/\" \/>\n<meta property=\"og:locale\" content=\"fi_FI\" \/>\n<meta property=\"og:type\" content=\"article\" \/>\n<meta property=\"og:title\" content=\"Kuvern\u00f6\u00f6ri - Piiri 1410\" \/>\n<meta property=\"og:description\" content=\"Kuvern\u00f6\u00f6ri 2025-26Turku Aboa Nova RC Puhdistus- ja hygienia-ala \u2013 St\u00e4d- och hygiensektorn \u2013 Cleaning and hygienie sectorMobile +358 400 536 594E-mail: matti.hakoila@gmail.comDG:n esittely Piirin 1410 uusi DG tulee Turusta, ihan oikeasti syntynyt Heidekenill\u00e4 v 1961. Perheeseeni kuuluu puolisoniSirkku sek\u00e4 jo muualle lent\u00e4neet lapset lapsenlapsineen, jotka asuvat p\u00e4\u00e4kaupunkiseudulla. Itse olen ollutrotarina noin 15 v ajan ja [&hellip;]\" \/>\n<meta property=\"og:url\" content=\"https:\/\/rotary.fi\/d1410\/ota-yhteytta\/kuvernoori\/\" \/>\n<meta property=\"og:site_name\" content=\"Piiri 1410\" \/>\n<meta property=\"article:publisher\" content=\"https:\/\/www.facebook.com\/rotary\/\" \/>\n<meta property=\"article:modified_time\" content=\"2025-06-21T14:28:42+00:00\" \/>\n<meta name=\"twitter:card\" content=\"summary_large_image\" \/>\n<meta name=\"twitter:label1\" content=\"Arvioitu lukuaika\" \/>\n\t<meta name=\"twitter:data1\" content=\"4 minuuttia\" \/>\n<script type=\"application\/ld+json\" class=\"yoast-schema-graph\">{\"@context\":\"https:\\\/\\\/schema.org\",\"@graph\":[{\"@type\":\"WebPage\",\"@id\":\"https:\\\/\\\/rotary.fi\\\/d1410\\\/ota-yhteytta\\\/kuvernoori\\\/\",\"url\":\"https:\\\/\\\/rotary.fi\\\/d1410\\\/ota-yhteytta\\\/kuvernoori\\\/\",\"name\":\"Kuvern\u00f6\u00f6ri - Piiri 1410\",\"isPartOf\":{\"@id\":\"https:\\\/\\\/rotary.fi\\\/d1410\\\/#website\"},\"datePublished\":\"2018-08-27T11:40:21+00:00\",\"dateModified\":\"2025-06-21T14:28:42+00:00\",\"breadcrumb\":{\"@id\":\"https:\\\/\\\/rotary.fi\\\/d1410\\\/ota-yhteytta\\\/kuvernoori\\\/#breadcrumb\"},\"inLanguage\":\"fi\",\"potentialAction\":[{\"@type\":\"ReadAction\",\"target\":[\"https:\\\/\\\/rotary.fi\\\/d1410\\\/ota-yhteytta\\\/kuvernoori\\\/\"]}]},{\"@type\":\"BreadcrumbList\",\"@id\":\"https:\\\/\\\/rotary.fi\\\/d1410\\\/ota-yhteytta\\\/kuvernoori\\\/#breadcrumb\",\"itemListElement\":[{\"@type\":\"ListItem\",\"position\":1,\"name\":\"Home\",\"item\":\"https:\\\/\\\/rotary.fi\\\/d1410\\\/\"},{\"@type\":\"ListItem\",\"position\":2,\"name\":\"Ota yhteytt\u00e4\",\"item\":\"https:\\\/\\\/rotary.fi\\\/d1410\\\/ota-yhteytta\\\/\"},{\"@type\":\"ListItem\",\"position\":3,\"name\":\"Kuvern\u00f6\u00f6ri\"}]},{\"@type\":\"WebSite\",\"@id\":\"https:\\\/\\\/rotary.fi\\\/d1410\\\/#website\",\"url\":\"https:\\\/\\\/rotary.fi\\\/d1410\\\/\",\"name\":\"Piiri 1410\",\"description\":\"Suomen Rotary\",\"potentialAction\":[{\"@type\":\"SearchAction\",\"target\":{\"@type\":\"EntryPoint\",\"urlTemplate\":\"https:\\\/\\\/rotary.fi\\\/d1410\\\/?s={search_term_string}\"},\"query-input\":{\"@type\":\"PropertyValueSpecification\",\"valueRequired\":true,\"valueName\":\"search_term_string\"}}],\"inLanguage\":\"fi\"}]}<\/script>\n<!-- \/ Yoast SEO plugin. -->","yoast_head_json":{"title":"Kuvern\u00f6\u00f6ri - Piiri 1410","robots":{"index":"index","follow":"follow","max-snippet":"max-snippet:-1","max-image-preview":"max-image-preview:large","max-video-preview":"max-video-preview:-1"},"canonical":"https:\/\/rotary.fi\/d1410\/ota-yhteytta\/kuvernoori\/","og_locale":"fi_FI","og_type":"article","og_title":"Kuvern\u00f6\u00f6ri - Piiri 1410","og_description":"Kuvern\u00f6\u00f6ri 2025-26Turku Aboa Nova RC Puhdistus- ja hygienia-ala \u2013 St\u00e4d- och hygiensektorn \u2013 Cleaning and hygienie sectorMobile +358 400 536 594E-mail: matti.hakoila@gmail.comDG:n esittely Piirin 1410 uusi DG tulee Turusta, ihan oikeasti syntynyt Heidekenill\u00e4 v 1961. Perheeseeni kuuluu puolisoniSirkku sek\u00e4 jo muualle lent\u00e4neet lapset lapsenlapsineen, jotka asuvat p\u00e4\u00e4kaupunkiseudulla. Itse olen ollutrotarina noin 15 v ajan ja [&hellip;]","og_url":"https:\/\/rotary.fi\/d1410\/ota-yhteytta\/kuvernoori\/","og_site_name":"Piiri 1410","article_publisher":"https:\/\/www.facebook.com\/rotary\/","article_modified_time":"2025-06-21T14:28:42+00:00","twitter_card":"summary_large_image","twitter_misc":{"Arvioitu lukuaika":"4 minuuttia"},"schema":{"@context":"https:\/\/schema.org","@graph":[{"@type":"WebPage","@id":"https:\/\/rotary.fi\/d1410\/ota-yhteytta\/kuvernoori\/","url":"https:\/\/rotary.fi\/d1410\/ota-yhteytta\/kuvernoori\/","name":"Kuvern\u00f6\u00f6ri - Piiri 1410","isPartOf":{"@id":"https:\/\/rotary.fi\/d1410\/#website"},"datePublished":"2018-08-27T11:40:21+00:00","dateModified":"2025-06-21T14:28:42+00:00","breadcrumb":{"@id":"https:\/\/rotary.fi\/d1410\/ota-yhteytta\/kuvernoori\/#breadcrumb"},"inLanguage":"fi","potentialAction":[{"@type":"ReadAction","target":["https:\/\/rotary.fi\/d1410\/ota-yhteytta\/kuvernoori\/"]}]},{"@type":"BreadcrumbList","@id":"https:\/\/rotary.fi\/d1410\/ota-yhteytta\/kuvernoori\/#breadcrumb","itemListElement":[{"@type":"ListItem","position":1,"name":"Home","item":"https:\/\/rotary.fi\/d1410\/"},{"@type":"ListItem","position":2,"name":"Ota yhteytt\u00e4","item":"https:\/\/rotary.fi\/d1410\/ota-yhteytta\/"},{"@type":"ListItem","position":3,"name":"Kuvern\u00f6\u00f6ri"}]},{"@type":"WebSite","@id":"https:\/\/rotary.fi\/d1410\/#website","url":"https:\/\/rotary.fi\/d1410\/","name":"Piiri 1410","description":"Suomen Rotary","potentialAction":[{"@type":"SearchAction","target":{"@type":"EntryPoint","urlTemplate":"https:\/\/rotary.fi\/d1410\/?s={search_term_string}"},"query-input":{"@type":"PropertyValueSpecification","valueRequired":true,"valueName":"search_term_string"}}],"inLanguage":"fi"}]}},"lang":"fi","translations":{"fi":2067,"sv":4208,"en":3019},"pll_sync_post":[],"_links":{"self":[{"href":"https:\/\/rotary.fi\/d1410\/wp-json\/wp\/v2\/pages\/2067","targetHints":{"allow":["GET"]}}],"collection":[{"href":"https:\/\/rotary.fi\/d1410\/wp-json\/wp\/v2\/pages"}],"about":[{"href":"https:\/\/rotary.fi\/d1410\/wp-json\/wp\/v2\/types\/page"}],"author":[{"embeddable":true,"href":"https:\/\/rotary.fi\/d1410\/wp-json\/wp\/v2\/users\/1"}],"replies":[{"embeddable":true,"href":"https:\/\/rotary.fi\/d1410\/wp-json\/wp\/v2\/comments?post=2067"}],"version-history":[{"count":12,"href":"https:\/\/rotary.fi\/d1410\/wp-json\/wp\/v2\/pages\/2067\/revisions"}],"predecessor-version":[{"id":8601,"href":"https:\/\/rotary.fi\/d1410\/wp-json\/wp\/v2\/pages\/2067\/revisions\/8601"}],"up":[{"embeddable":true,"href":"https:\/\/rotary.fi\/d1410\/wp-json\/wp\/v2\/pages\/672"}],"wp:attachment":[{"href":"https:\/\/rotary.fi\/d1410\/wp-json\/wp\/v2\/media?parent=2067"}],"curies":[{"name":"wp","href":"https:\/\/api.w.org\/{rel}","templated":true}]}}