{"id":2044,"date":"2018-08-27T10:24:51","date_gmt":"2018-08-27T08:24:51","guid":{"rendered":"https:\/\/rotary.fi\/piirisivusto\/?page_id=2044"},"modified":"2021-07-30T20:02:32","modified_gmt":"2021-07-30T18:02:32","slug":"yhteistyo","status":"publish","type":"page","link":"https:\/\/rotary.fi\/d1410\/mita-teemme\/yhteistyo\/","title":{"rendered":"Yhteisty\u00f6"},"content":{"rendered":"<p>[et_pb_section fb_built=&#8221;1&#8243; module_class=&#8221;jumbotron-page&#8221; _builder_version=&#8221;4.9.4&#8243; background_image=&#8221;https:\/\/rotary.fi\/d1410\/wp-content\/uploads\/sites\/215\/2019\/03\/rotary_klubit_alasivu_paakuva_14-1.jpg&#8221;][et_pb_row module_class=&#8221; et_pb_row_fullwidth&#8221; _builder_version=&#8221;3.25&#8243; width=&#8221;89%&#8221; width_tablet=&#8221;80%&#8221; width_phone=&#8221;&#8221; width_last_edited=&#8221;on|desktop&#8221; max_width=&#8221;89%&#8221; max_width_tablet=&#8221;80%&#8221; max_width_phone=&#8221;&#8221; max_width_last_edited=&#8221;on|desktop&#8221; make_fullwidth=&#8221;on&#8221;][et_pb_column type=&#8221;4_4&#8243; _builder_version=&#8221;3.25&#8243; custom_padding=&#8221;|||&#8221; custom_padding__hover=&#8221;|||&#8221;][et_pb_text admin_label=&#8221;P\u00e4\u00e4otsikko kuvan p\u00e4\u00e4ll\u00e4&#8221; _builder_version=&#8221;3.27.4&#8243; text_orientation=&#8221;center&#8221; background_layout=&#8221;dark&#8221; locked=&#8221;off&#8221; collapsed=&#8221;off&#8221;]<\/p>\n<h1>Yhteisty\u00f6<\/h1>\n<p>[\/et_pb_text][\/et_pb_column][\/et_pb_row][\/et_pb_section][et_pb_section fb_built=&#8221;1&#8243; _builder_version=&#8221;3.22&#8243; custom_margin=&#8221;||40px|&#8221;][et_pb_row custom_padding_last_edited=&#8221;on|phone&#8221; _builder_version=&#8221;3.25&#8243; custom_padding_tablet=&#8221;&#8221; custom_padding_phone=&#8221;&#8221;][et_pb_column type=&#8221;4_4&#8243; _builder_version=&#8221;3.25&#8243; custom_padding=&#8221;|||&#8221; custom_padding__hover=&#8221;|||&#8221;][et_pb_text _builder_version=&#8221;4.9.4&#8243;]<\/p>\n<h4>WHO<\/h4>\n<p>Rotary oli alkuun panevana voimana Maailman Terveysj\u00e4rjest\u00f6n WHO:n 1980-luvulla aloittamassa hankkeessa polion h\u00e4vitt\u00e4miseksi maailmassa. Polio on viruksen aiheuttama tauti, joka tarttuu herk\u00e4sti alle viisivuotiaisiin lapsiin. Tauti saattaa aiheuttaa halvauksen, ja pahimmassa tapauksessa kuoleman. Polio on helposti ehk\u00e4ist\u00e4viss\u00e4 rokotteella, mutta siihen ei ole parannuskeinoa.<\/p>\n<p>Ty\u00f6 olion h\u00e4vitt\u00e4miseksi on onnistunut hyvin ja se on julistettu WHO:n ykk\u00f6stavoitteeksi. T\u00e4ll\u00e4 hetkell\u00e4 sairaudesta k\u00e4rsit\u00e4\u00e4n en\u00e4\u00e4 l\u00e4hinn\u00e4 Afganistanissa ja Pakistanissa. Suomessa poliorokotukset aloitettiin vuonna 1957. Polio h\u00e4visi maastamme k\u00e4yt\u00e4nn\u00f6ss\u00e4 jo 1960-luvulla kattavien rokotusten ansiosta. Polioepidemia yll\u00e4tti suomalaiset kertaalleen viel\u00e4 vuonna 1984. Tuolloin epidemia saatiin kitketty\u00e4 koko v\u00e4est\u00f6\u00f6n kohdistuneella rokotuskampanjalla.<\/p>\n<p>Rotarit osallistuvat polionvastaiseen ty\u00f6h\u00f6n maailmanlaajuisen PolioPlus-ohjelman kautta kansallisten rokotustapahtumien, varainhankinnan ym. my\u00f6t\u00e4. Rotarit ovat tehneet yhteisty\u00f6t\u00e4 polion h\u00e4vitt\u00e4miseksi WHO:n ohella mm. Unicefin sek\u00e4 yhdysvaltalaisen Bill ja Melinda Gatesin s\u00e4\u00e4ti\u00f6n kanssa.<\/p>\n<h4>Shelter Box<\/h4>\n<p>ShelterBox on rotaryj\u00e4rjest\u00f6n pitk\u00e4aikainen yhteisty\u00f6kumppani, joka toimittaa tilap\u00e4isi\u00e4 koteja ja muita tarvikkeita h\u00e4t\u00e4\u00e4n joutuneille perheille.<\/p>\n<p><a href=\"https:\/\/www.shelterboxtuki.fi\/\" target=\"_blank\" rel=\"noopener noreferrer\">Lue lis\u00e4\u00e4 ShelterBoxista<\/a><\/p>\n<h4>SYKE<\/h4>\n<p>Rotarit tekev\u00e4t erinomaista yhteisty\u00f6t\u00e4 uuden toiminta-alueemme eli ymp\u00e4rist\u00f6n suhteen Suomen ymp\u00e4rist\u00f6keskukse eli SYKEn kanssa. Vesireppu ja sinilev\u00e4havainnointi ovat k\u00e4yt\u00e4nn\u00f6n projekteja, joihin kaikki klubit ja jokainen rotari voivat osallistua.<\/p>\n<p><a href=\"https:\/\/www.syke.fi\/fi-FI\">Linkki SYKEn sivuille<\/a><\/p>\n<p>[\/et_pb_text][\/et_pb_column][\/et_pb_row][\/et_pb_section]<\/p>\n","protected":false},"excerpt":{"rendered":"<p>Yhteisty\u00f6 WHO Rotary oli alkuun panevana voimana Maailman Terveysj\u00e4rjest\u00f6n WHO:n 1980-luvulla aloittamassa hankkeessa polion h\u00e4vitt\u00e4miseksi maailmassa. Polio on viruksen aiheuttama tauti, joka tarttuu herk\u00e4sti alle viisivuotiaisiin lapsiin. Tauti saattaa aiheuttaa halvauksen, ja pahimmassa tapauksessa kuoleman. Polio on helposti ehk\u00e4ist\u00e4viss\u00e4 rokotteella, mutta siihen ei ole parannuskeinoa. Ty\u00f6 olion h\u00e4vitt\u00e4miseksi on onnistunut hyvin ja se on julistettu [&hellip;]<\/p>\n","protected":false},"author":1,"featured_media":0,"parent":656,"menu_order":8,"comment_status":"closed","ping_status":"closed","template":"","meta":{"_acf_changed":false,"_et_pb_use_builder":"on","_et_pb_old_content":"","_et_gb_content_width":"","footnotes":""},"class_list":["post-2044","page","type-page","status-publish","hentry"],"acf":[],"yoast_head":"<!-- This site is optimized with the Yoast SEO plugin v27.0 - https:\/\/yoast.com\/product\/yoast-seo-wordpress\/ -->\n<title>Yhteisty\u00f6 - Piiri 1410<\/title>\n<meta name=\"robots\" content=\"index, follow, max-snippet:-1, max-image-preview:large, max-video-preview:-1\" \/>\n<link rel=\"canonical\" href=\"https:\/\/rotary.fi\/d1410\/mita-teemme\/yhteistyo\/\" \/>\n<meta property=\"og:locale\" content=\"fi_FI\" \/>\n<meta property=\"og:type\" content=\"article\" \/>\n<meta property=\"og:title\" content=\"Yhteisty\u00f6 - Piiri 1410\" \/>\n<meta property=\"og:description\" content=\"Yhteisty\u00f6 WHO Rotary oli alkuun panevana voimana Maailman Terveysj\u00e4rjest\u00f6n WHO:n 1980-luvulla aloittamassa hankkeessa polion h\u00e4vitt\u00e4miseksi maailmassa. Polio on viruksen aiheuttama tauti, joka tarttuu herk\u00e4sti alle viisivuotiaisiin lapsiin. Tauti saattaa aiheuttaa halvauksen, ja pahimmassa tapauksessa kuoleman. Polio on helposti ehk\u00e4ist\u00e4viss\u00e4 rokotteella, mutta siihen ei ole parannuskeinoa. Ty\u00f6 olion h\u00e4vitt\u00e4miseksi on onnistunut hyvin ja se on julistettu [&hellip;]\" \/>\n<meta property=\"og:url\" content=\"https:\/\/rotary.fi\/d1410\/mita-teemme\/yhteistyo\/\" \/>\n<meta property=\"og:site_name\" content=\"Piiri 1410\" \/>\n<meta property=\"article:publisher\" content=\"https:\/\/www.facebook.com\/rotary\/\" \/>\n<meta property=\"article:modified_time\" content=\"2021-07-30T18:02:32+00:00\" \/>\n<meta name=\"twitter:card\" content=\"summary_large_image\" \/>\n<meta name=\"twitter:label1\" content=\"Arvioitu lukuaika\" \/>\n\t<meta name=\"twitter:data1\" content=\"2 minuuttia\" \/>\n<script type=\"application\/ld+json\" class=\"yoast-schema-graph\">{\"@context\":\"https:\/\/schema.org\",\"@graph\":[{\"@type\":\"WebPage\",\"@id\":\"https:\/\/rotary.fi\/d1410\/mita-teemme\/yhteistyo\/\",\"url\":\"https:\/\/rotary.fi\/d1410\/mita-teemme\/yhteistyo\/\",\"name\":\"Yhteisty\u00f6 - Piiri 1410\",\"isPartOf\":{\"@id\":\"https:\/\/rotary.fi\/d1410\/#website\"},\"datePublished\":\"2018-08-27T08:24:51+00:00\",\"dateModified\":\"2021-07-30T18:02:32+00:00\",\"breadcrumb\":{\"@id\":\"https:\/\/rotary.fi\/d1410\/mita-teemme\/yhteistyo\/#breadcrumb\"},\"inLanguage\":\"fi\",\"potentialAction\":[{\"@type\":\"ReadAction\",\"target\":[\"https:\/\/rotary.fi\/d1410\/mita-teemme\/yhteistyo\/\"]}]},{\"@type\":\"BreadcrumbList\",\"@id\":\"https:\/\/rotary.fi\/d1410\/mita-teemme\/yhteistyo\/#breadcrumb\",\"itemListElement\":[{\"@type\":\"ListItem\",\"position\":1,\"name\":\"Home\",\"item\":\"https:\/\/rotary.fi\/d1410\/\"},{\"@type\":\"ListItem\",\"position\":2,\"name\":\"Toiminnan painopisteet &#8211; Mit\u00e4 teemme\",\"item\":\"https:\/\/rotary.fi\/d1410\/mita-teemme\/\"},{\"@type\":\"ListItem\",\"position\":3,\"name\":\"Yhteisty\u00f6\"}]},{\"@type\":\"WebSite\",\"@id\":\"https:\/\/rotary.fi\/d1410\/#website\",\"url\":\"https:\/\/rotary.fi\/d1410\/\",\"name\":\"Piiri 1410\",\"description\":\"Suomen Rotary\",\"potentialAction\":[{\"@type\":\"SearchAction\",\"target\":{\"@type\":\"EntryPoint\",\"urlTemplate\":\"https:\/\/rotary.fi\/d1410\/?s={search_term_string}\"},\"query-input\":{\"@type\":\"PropertyValueSpecification\",\"valueRequired\":true,\"valueName\":\"search_term_string\"}}],\"inLanguage\":\"fi\"}]}<\/script>\n<!-- \/ Yoast SEO plugin. -->","yoast_head_json":{"title":"Yhteisty\u00f6 - Piiri 1410","robots":{"index":"index","follow":"follow","max-snippet":"max-snippet:-1","max-image-preview":"max-image-preview:large","max-video-preview":"max-video-preview:-1"},"canonical":"https:\/\/rotary.fi\/d1410\/mita-teemme\/yhteistyo\/","og_locale":"fi_FI","og_type":"article","og_title":"Yhteisty\u00f6 - Piiri 1410","og_description":"Yhteisty\u00f6 WHO Rotary oli alkuun panevana voimana Maailman Terveysj\u00e4rjest\u00f6n WHO:n 1980-luvulla aloittamassa hankkeessa polion h\u00e4vitt\u00e4miseksi maailmassa. Polio on viruksen aiheuttama tauti, joka tarttuu herk\u00e4sti alle viisivuotiaisiin lapsiin. Tauti saattaa aiheuttaa halvauksen, ja pahimmassa tapauksessa kuoleman. Polio on helposti ehk\u00e4ist\u00e4viss\u00e4 rokotteella, mutta siihen ei ole parannuskeinoa. Ty\u00f6 olion h\u00e4vitt\u00e4miseksi on onnistunut hyvin ja se on julistettu [&hellip;]","og_url":"https:\/\/rotary.fi\/d1410\/mita-teemme\/yhteistyo\/","og_site_name":"Piiri 1410","article_publisher":"https:\/\/www.facebook.com\/rotary\/","article_modified_time":"2021-07-30T18:02:32+00:00","twitter_card":"summary_large_image","twitter_misc":{"Arvioitu lukuaika":"2 minuuttia"},"schema":{"@context":"https:\/\/schema.org","@graph":[{"@type":"WebPage","@id":"https:\/\/rotary.fi\/d1410\/mita-teemme\/yhteistyo\/","url":"https:\/\/rotary.fi\/d1410\/mita-teemme\/yhteistyo\/","name":"Yhteisty\u00f6 - Piiri 1410","isPartOf":{"@id":"https:\/\/rotary.fi\/d1410\/#website"},"datePublished":"2018-08-27T08:24:51+00:00","dateModified":"2021-07-30T18:02:32+00:00","breadcrumb":{"@id":"https:\/\/rotary.fi\/d1410\/mita-teemme\/yhteistyo\/#breadcrumb"},"inLanguage":"fi","potentialAction":[{"@type":"ReadAction","target":["https:\/\/rotary.fi\/d1410\/mita-teemme\/yhteistyo\/"]}]},{"@type":"BreadcrumbList","@id":"https:\/\/rotary.fi\/d1410\/mita-teemme\/yhteistyo\/#breadcrumb","itemListElement":[{"@type":"ListItem","position":1,"name":"Home","item":"https:\/\/rotary.fi\/d1410\/"},{"@type":"ListItem","position":2,"name":"Toiminnan painopisteet &#8211; Mit\u00e4 teemme","item":"https:\/\/rotary.fi\/d1410\/mita-teemme\/"},{"@type":"ListItem","position":3,"name":"Yhteisty\u00f6"}]},{"@type":"WebSite","@id":"https:\/\/rotary.fi\/d1410\/#website","url":"https:\/\/rotary.fi\/d1410\/","name":"Piiri 1410","description":"Suomen Rotary","potentialAction":[{"@type":"SearchAction","target":{"@type":"EntryPoint","urlTemplate":"https:\/\/rotary.fi\/d1410\/?s={search_term_string}"},"query-input":{"@type":"PropertyValueSpecification","valueRequired":true,"valueName":"search_term_string"}}],"inLanguage":"fi"}]}},"lang":"fi","translations":{"fi":2044,"sv":2684,"en":2936},"pll_sync_post":[],"_links":{"self":[{"href":"https:\/\/rotary.fi\/d1410\/wp-json\/wp\/v2\/pages\/2044","targetHints":{"allow":["GET"]}}],"collection":[{"href":"https:\/\/rotary.fi\/d1410\/wp-json\/wp\/v2\/pages"}],"about":[{"href":"https:\/\/rotary.fi\/d1410\/wp-json\/wp\/v2\/types\/page"}],"author":[{"embeddable":true,"href":"https:\/\/rotary.fi\/d1410\/wp-json\/wp\/v2\/users\/1"}],"replies":[{"embeddable":true,"href":"https:\/\/rotary.fi\/d1410\/wp-json\/wp\/v2\/comments?post=2044"}],"version-history":[{"count":8,"href":"https:\/\/rotary.fi\/d1410\/wp-json\/wp\/v2\/pages\/2044\/revisions"}],"predecessor-version":[{"id":3755,"href":"https:\/\/rotary.fi\/d1410\/wp-json\/wp\/v2\/pages\/2044\/revisions\/3755"}],"up":[{"embeddable":true,"href":"https:\/\/rotary.fi\/d1410\/wp-json\/wp\/v2\/pages\/656"}],"wp:attachment":[{"href":"https:\/\/rotary.fi\/d1410\/wp-json\/wp\/v2\/media?parent=2044"}],"curies":[{"name":"wp","href":"https:\/\/api.w.org\/{rel}","templated":true}]}}