{"id":2017,"date":"2018-08-27T09:29:56","date_gmt":"2018-08-27T07:29:56","guid":{"rendered":"https:\/\/rotary.fi\/piirisivusto\/?page_id=2017"},"modified":"2025-06-15T08:44:33","modified_gmt":"2025-06-15T06:44:33","slug":"rotarypiiri1410","status":"publish","type":"page","link":"https:\/\/rotary.fi\/d1410\/rotarypiiri1410\/","title":{"rendered":"Rotarypiiri 1410"},"content":{"rendered":"<p>[et_pb_section fb_built=&#8221;1&#8243; module_class=&#8221;jumbotron-page&#8221; _builder_version=&#8221;4.16&#8243; background_image=&#8221;https:\/\/rotary.fi\/d1410\/wp-content\/uploads\/sites\/215\/2021\/07\/whatsapp-image-2021-07-26-at-155500.jpeg&#8221; global_colors_info=&#8221;{}&#8221;][et_pb_row module_class=&#8221; et_pb_row_fullwidth et_pb_row_fullwidth et_pb_row_fullwidth et_pb_row_fullwidth et_pb_row_fullwidth&#8221; _builder_version=&#8221;4.16&#8243; width=&#8221;89%&#8221; width_tablet=&#8221;80%&#8221; width_phone=&#8221;&#8221; width_last_edited=&#8221;on|desktop&#8221; max_width=&#8221;89%&#8221; max_width_tablet=&#8221;80%&#8221; max_width_phone=&#8221;&#8221; max_width_last_edited=&#8221;on|desktop&#8221; make_fullwidth=&#8221;on&#8221; global_colors_info=&#8221;{}&#8221;][et_pb_column type=&#8221;4_4&#8243; _builder_version=&#8221;4.16&#8243; custom_padding=&#8221;|||&#8221; global_colors_info=&#8221;{}&#8221; custom_padding__hover=&#8221;|||&#8221;][et_pb_text admin_label=&#8221;P\u00e4\u00e4otsikko: Rotarypiiri 1410 esittelyss\u00e4&#8221; _builder_version=&#8221;4.16&#8243; text_orientation=&#8221;center&#8221; background_layout=&#8221;dark&#8221; z_index_tablet=&#8221;500&#8243; box_shadow_horizontal_tablet=&#8221;0px&#8221; box_shadow_vertical_tablet=&#8221;0px&#8221; box_shadow_blur_tablet=&#8221;40px&#8221; box_shadow_spread_tablet=&#8221;0px&#8221; locked=&#8221;off&#8221; collapsed=&#8221;off&#8221; global_colors_info=&#8221;{}&#8221;]<\/p>\n<h1>Rotarypiiri 1410 esittelyss\u00e4<\/h1>\n<p>[\/et_pb_text][\/et_pb_column][\/et_pb_row][\/et_pb_section][et_pb_section fb_built=&#8221;1&#8243; module_class=&#8221;sisaltoalue_perus&#8221; _builder_version=&#8221;4.16&#8243; custom_margin=&#8221;||40px|&#8221; global_colors_info=&#8221;{}&#8221;][et_pb_row column_structure=&#8221;3_5,2_5&#8243; _builder_version=&#8221;4.16&#8243; background_size=&#8221;initial&#8221; background_position=&#8221;top_left&#8221; background_repeat=&#8221;repeat&#8221; global_colors_info=&#8221;{}&#8221;][et_pb_column type=&#8221;3_5&#8243; _builder_version=&#8221;4.16&#8243; custom_padding=&#8221;|||&#8221; global_colors_info=&#8221;{}&#8221; custom_padding__hover=&#8221;|||&#8221;][et_pb_text _builder_version=&#8221;4.27.4&#8243; hover_enabled=&#8221;0&#8243; z_index_tablet=&#8221;500&#8243; text_text_shadow_horizontal_length_tablet=&#8221;0px&#8221; text_text_shadow_vertical_length_tablet=&#8221;0px&#8221; text_text_shadow_blur_strength_tablet=&#8221;1px&#8221; link_text_shadow_horizontal_length_tablet=&#8221;0px&#8221; link_text_shadow_vertical_length_tablet=&#8221;0px&#8221; link_text_shadow_blur_strength_tablet=&#8221;1px&#8221; ul_text_shadow_horizontal_length_tablet=&#8221;0px&#8221; ul_text_shadow_vertical_length_tablet=&#8221;0px&#8221; ul_text_shadow_blur_strength_tablet=&#8221;1px&#8221; ol_text_shadow_horizontal_length_tablet=&#8221;0px&#8221; ol_text_shadow_vertical_length_tablet=&#8221;0px&#8221; ol_text_shadow_blur_strength_tablet=&#8221;1px&#8221; quote_text_shadow_horizontal_length_tablet=&#8221;0px&#8221; quote_text_shadow_vertical_length_tablet=&#8221;0px&#8221; quote_text_shadow_blur_strength_tablet=&#8221;1px&#8221; header_text_shadow_horizontal_length_tablet=&#8221;0px&#8221; header_text_shadow_vertical_length_tablet=&#8221;0px&#8221; header_text_shadow_blur_strength_tablet=&#8221;1px&#8221; header_2_text_shadow_horizontal_length_tablet=&#8221;0px&#8221; header_2_text_shadow_vertical_length_tablet=&#8221;0px&#8221; header_2_text_shadow_blur_strength_tablet=&#8221;1px&#8221; header_3_text_shadow_horizontal_length_tablet=&#8221;0px&#8221; header_3_text_shadow_vertical_length_tablet=&#8221;0px&#8221; header_3_text_shadow_blur_strength_tablet=&#8221;1px&#8221; header_4_text_shadow_horizontal_length_tablet=&#8221;0px&#8221; header_4_text_shadow_vertical_length_tablet=&#8221;0px&#8221; header_4_text_shadow_blur_strength_tablet=&#8221;1px&#8221; header_5_text_shadow_horizontal_length_tablet=&#8221;0px&#8221; header_5_text_shadow_vertical_length_tablet=&#8221;0px&#8221; header_5_text_shadow_blur_strength_tablet=&#8221;1px&#8221; header_6_text_shadow_horizontal_length_tablet=&#8221;0px&#8221; header_6_text_shadow_vertical_length_tablet=&#8221;0px&#8221; header_6_text_shadow_blur_strength_tablet=&#8221;1px&#8221; box_shadow_horizontal_tablet=&#8221;0px&#8221; box_shadow_vertical_tablet=&#8221;0px&#8221; box_shadow_blur_tablet=&#8221;40px&#8221; box_shadow_spread_tablet=&#8221;0px&#8221; global_colors_info=&#8221;{}&#8221; sticky_enabled=&#8221;0&#8243;]<\/p>\n<p>Kaksikielinen rotarypiirimme kattaa Ahvenanmaan ja Varsinais-Suomen sek\u00e4 osia Satakunnasta ja Etel\u00e4-H\u00e4meest\u00e4. Se jakautuu kymmeneen alueeseen, joiden l\u00e4hes 55 klubilla on yli 1800 j\u00e4sent\u00e4.<\/p>\n<p>Rotarypiiri\u00e4 johtaa piirikuvern\u00f6\u00f6ri District Governor eli DG. H\u00e4nell\u00e4 on tukenaan piirineuvosto ja piirikomiteat. Piirin jokaisella alueella on viel\u00e4 oma apulaiskuvern\u00f6\u00f6rins\u00e4 Assistant Governor eli AG.<\/p>\n<p>Rotaryvuoden (1.7 &#8211; 30.6.) aikana piirikuvern\u00f6\u00f6ri vierailee kertomassa, kuulemassa ja kannustamassa kaikissa piirins\u00e4 klubeissa, vastaavasti kuin apulaiskuvern\u00f6\u00f6ri oman alueensa klubeissa.<\/p>\n<p>Piirin nime\u00e4miskomitea valitsee jo vuosia ennakkoon tulevat kuvern\u00f6\u00f6rit District Governor Nominee eli DGN klubien asettamista ehdokkaista. Kansainv\u00e4listen koulutusten j\u00e4lkeen heid\u00e4t nimitet\u00e4\u00e4n teht\u00e4v\u00e4\u00e4ns\u00e4 Rotary Internationalin maailmankonventiossa, jolloin DGN:st\u00e4 tulee valittu kuvern\u00f6\u00f6ri, District Governor Elect eli DGE. Virkavuotensa alkaessa 1.7. h\u00e4n lopulta muuttuu piirikuvern\u00f6\u00f6riksi.<\/p>\n<p>Piirin vuosittain j\u00e4rjest\u00e4m\u00e4t <strong>p\u00e4\u00e4tapahtumat<\/strong>:<\/p>\n<ul>\n<li>Syksyisin j\u00e4rjestet\u00e4\u00e4n kaikille rotareille tarkoitettu <strong>syysseminaari<\/strong>, jonka yhteydess\u00e4 pidett\u00e4v\u00e4ss\u00e4 piirikokouksessa k\u00e4sitell\u00e4\u00e4n edellisen vuoden tilinp\u00e4\u00e4t\u00f6s ja toimintakeromus<\/li>\n<li><strong>PETSin yhteydess\u00e4 pidet\u00e4\u00e4n piirikokous<\/strong>, jossa hyv\u00e4ksyt\u00e4\u00e4n toimintasuunitelma ja budjetti sek\u00e4 nimet\u00e4\u00e4n tulevat kuvern\u00f6\u00f6rit.<\/li>\n<li>Juhlava <strong>piirikonferenssi<\/strong>, joka kokoaa yhteen piirin kaikki rotarit, j\u00e4rjestet\u00e4\u00e4n kev\u00e4isin.<\/li>\n<\/ul>\n<p>Piirit j\u00e4rjest\u00e4v\u00e4t useita vuotuisia\u00a0<strong>valmennuksia<\/strong>:<\/p>\n<ul>\n<li><strong>President-Elect Training Seminar eli PETS<\/strong> on tarkoitettu klubien tulevien presidenttien ja kaikkien muidenkin virkailijoiden kouluttamiseen &#8211; suomeksi ja ruotsiksi.<\/li>\n<li><strong>Rotary Leadership Institute eli RLI<\/strong> on suosittu, kaikille rotareille ja rotaracteille (nuorempia aikuisia) avoin valmennuskokonaisuus. Aktivoivassa ja viihdytt\u00e4v\u00e4ss\u00e4 ilmapiiriss\u00e4 ja hyv\u00e4ss\u00e4 seurassa ymm\u00e4rrys Rotarysta kirkastuu. RLI soveltuu erityisesti uusille rotareille ja tukee heid\u00e4n kehityst\u00e4\u00e4n klubin johtoteht\u00e4viin, mutta auttaa kaikia, jotka tahtovat p\u00e4ivitt\u00e4\u00e4 n\u00e4kemyst\u00e4\u00e4n rotarytoiminnasta. Monipuolista kansainv\u00e4list\u00e4 oppimateriaalia p\u00e4ivitet\u00e4\u00e4n jatkuvasti ja se l\u00f6ytyy eri kielill\u00e4 netist\u00e4 osoitteesta <a href=\"http:\/\/www.rlifiles.com\/\">rlifiles.com<\/a>. Osallistujilta ei edellytet\u00e4 ennakkovalmistautumista.<\/li>\n<li><strong>Verkkosivukoulutus<\/strong> auttaa klubeja n\u00e4kym\u00e4\u00e4n ja kuulumaan &#8211; ja siten toimimaan tuloksellisemmin ja saamaan uusia j\u00e4seni\u00e4 mukaan toimintaansa. Samalla voi oppia ty\u00f6el\u00e4m\u00e4\u00e4ns\u00e4 varten.<\/li>\n<li><strong>J\u00e4senhankintakoulutus<\/strong> kehitt\u00e4\u00e4 klubien toimintaa hy\u00f6dyllisemm\u00e4ksi, huomioonottavammaksi ja kiinnostavammaksi, ja tehostaa aktiviteeteista ja niiden tuloksista tiedottamista.<\/li>\n<\/ul>\n<p>Kaikenkaikkiaan piirin valmennukset ja kokoukset tarjoavat j\u00e4senille uuden tiedon lis\u00e4ksi my\u00f6s hienoja mahdollisuuksia verkostoitua oman klubinsa ulkopuolelle.<\/p>\n<p>[\/et_pb_text][\/et_pb_column][et_pb_column type=&#8221;2_5&#8243; _builder_version=&#8221;4.16&#8243; custom_padding=&#8221;|||&#8221; global_colors_info=&#8221;{}&#8221; custom_padding__hover=&#8221;|||&#8221;][et_pb_image src=&#8221;https:\/\/rotary.fi\/d1410\/wp-content\/uploads\/sites\/215\/2021\/08\/rotarypiiri-1410.jpg&#8221; title_text=&#8221;rotarypiiri-1410&#8243; align_tablet=&#8221;center&#8221; align_phone=&#8221;&#8221; align_last_edited=&#8221;on|desktop&#8221; _builder_version=&#8221;4.16&#8243; z_index_tablet=&#8221;500&#8243; border_width_all=&#8221;10px&#8221; border_color_all=&#8221;#ffffff&#8221; box_shadow_style=&#8221;preset1&#8243; box_shadow_blur=&#8221;5px&#8221; global_colors_info=&#8221;{}&#8221;][\/et_pb_image][\/et_pb_column][\/et_pb_row][\/et_pb_section]<\/p>\n","protected":false},"excerpt":{"rendered":"<p>Rotarypiiri 1410 esittelyss\u00e4 Kaksikielinen rotarypiirimme kattaa Ahvenanmaan ja Varsinais-Suomen sek\u00e4 osia Satakunnasta ja Etel\u00e4-H\u00e4meest\u00e4. Se jakautuu kymmeneen alueeseen, joiden l\u00e4hes 55 klubilla on yli 1800 j\u00e4sent\u00e4. Rotarypiiri\u00e4 johtaa piirikuvern\u00f6\u00f6ri District Governor eli DG. H\u00e4nell\u00e4 on tukenaan piirineuvosto ja piirikomiteat. Piirin jokaisella alueella on viel\u00e4 oma apulaiskuvern\u00f6\u00f6rins\u00e4 Assistant Governor eli AG. Rotaryvuoden (1.7 &#8211; 30.6.) aikana [&hellip;]<\/p>\n","protected":false},"author":1,"featured_media":0,"parent":0,"menu_order":1,"comment_status":"closed","ping_status":"closed","template":"","meta":{"_acf_changed":false,"_et_pb_use_builder":"on","_et_pb_old_content":"","_et_gb_content_width":"","footnotes":""},"class_list":["post-2017","page","type-page","status-publish","hentry"],"acf":[],"yoast_head":"<!-- This site is optimized with the Yoast SEO plugin v27.4 - https:\/\/yoast.com\/product\/yoast-seo-wordpress\/ -->\n<title>Rotarypiiri 1410 - Piiri 1410<\/title>\n<meta name=\"robots\" content=\"index, follow, max-snippet:-1, max-image-preview:large, max-video-preview:-1\" \/>\n<link rel=\"canonical\" href=\"https:\/\/rotary.fi\/d1410\/rotarypiiri1410\/\" \/>\n<meta property=\"og:locale\" content=\"fi_FI\" \/>\n<meta property=\"og:type\" content=\"article\" \/>\n<meta property=\"og:title\" content=\"Rotarypiiri 1410 - Piiri 1410\" \/>\n<meta property=\"og:description\" content=\"Rotarypiiri 1410 esittelyss\u00e4 Kaksikielinen rotarypiirimme kattaa Ahvenanmaan ja Varsinais-Suomen sek\u00e4 osia Satakunnasta ja Etel\u00e4-H\u00e4meest\u00e4. Se jakautuu kymmeneen alueeseen, joiden l\u00e4hes 55 klubilla on yli 1800 j\u00e4sent\u00e4. Rotarypiiri\u00e4 johtaa piirikuvern\u00f6\u00f6ri District Governor eli DG. H\u00e4nell\u00e4 on tukenaan piirineuvosto ja piirikomiteat. Piirin jokaisella alueella on viel\u00e4 oma apulaiskuvern\u00f6\u00f6rins\u00e4 Assistant Governor eli AG. Rotaryvuoden (1.7 - 30.6.) aikana [&hellip;]\" \/>\n<meta property=\"og:url\" content=\"https:\/\/rotary.fi\/d1410\/rotarypiiri1410\/\" \/>\n<meta property=\"og:site_name\" content=\"Piiri 1410\" \/>\n<meta property=\"article:publisher\" content=\"https:\/\/www.facebook.com\/rotary\/\" \/>\n<meta property=\"article:modified_time\" content=\"2025-06-15T06:44:33+00:00\" \/>\n<meta name=\"twitter:card\" content=\"summary_large_image\" \/>\n<meta name=\"twitter:label1\" content=\"Arvioitu lukuaika\" \/>\n\t<meta name=\"twitter:data1\" content=\"3 minuuttia\" \/>\n<script type=\"application\/ld+json\" class=\"yoast-schema-graph\">{\"@context\":\"https:\\\/\\\/schema.org\",\"@graph\":[{\"@type\":\"WebPage\",\"@id\":\"https:\\\/\\\/rotary.fi\\\/d1410\\\/rotarypiiri1410\\\/\",\"url\":\"https:\\\/\\\/rotary.fi\\\/d1410\\\/rotarypiiri1410\\\/\",\"name\":\"Rotarypiiri 1410 - Piiri 1410\",\"isPartOf\":{\"@id\":\"https:\\\/\\\/rotary.fi\\\/d1410\\\/#website\"},\"datePublished\":\"2018-08-27T07:29:56+00:00\",\"dateModified\":\"2025-06-15T06:44:33+00:00\",\"breadcrumb\":{\"@id\":\"https:\\\/\\\/rotary.fi\\\/d1410\\\/rotarypiiri1410\\\/#breadcrumb\"},\"inLanguage\":\"fi\",\"potentialAction\":[{\"@type\":\"ReadAction\",\"target\":[\"https:\\\/\\\/rotary.fi\\\/d1410\\\/rotarypiiri1410\\\/\"]}]},{\"@type\":\"BreadcrumbList\",\"@id\":\"https:\\\/\\\/rotary.fi\\\/d1410\\\/rotarypiiri1410\\\/#breadcrumb\",\"itemListElement\":[{\"@type\":\"ListItem\",\"position\":1,\"name\":\"Home\",\"item\":\"https:\\\/\\\/rotary.fi\\\/d1410\\\/\"},{\"@type\":\"ListItem\",\"position\":2,\"name\":\"Rotarypiiri 1410\"}]},{\"@type\":\"WebSite\",\"@id\":\"https:\\\/\\\/rotary.fi\\\/d1410\\\/#website\",\"url\":\"https:\\\/\\\/rotary.fi\\\/d1410\\\/\",\"name\":\"Piiri 1410\",\"description\":\"Suomen Rotary\",\"potentialAction\":[{\"@type\":\"SearchAction\",\"target\":{\"@type\":\"EntryPoint\",\"urlTemplate\":\"https:\\\/\\\/rotary.fi\\\/d1410\\\/?s={search_term_string}\"},\"query-input\":{\"@type\":\"PropertyValueSpecification\",\"valueRequired\":true,\"valueName\":\"search_term_string\"}}],\"inLanguage\":\"fi\"}]}<\/script>\n<!-- \/ Yoast SEO plugin. -->","yoast_head_json":{"title":"Rotarypiiri 1410 - Piiri 1410","robots":{"index":"index","follow":"follow","max-snippet":"max-snippet:-1","max-image-preview":"max-image-preview:large","max-video-preview":"max-video-preview:-1"},"canonical":"https:\/\/rotary.fi\/d1410\/rotarypiiri1410\/","og_locale":"fi_FI","og_type":"article","og_title":"Rotarypiiri 1410 - Piiri 1410","og_description":"Rotarypiiri 1410 esittelyss\u00e4 Kaksikielinen rotarypiirimme kattaa Ahvenanmaan ja Varsinais-Suomen sek\u00e4 osia Satakunnasta ja Etel\u00e4-H\u00e4meest\u00e4. Se jakautuu kymmeneen alueeseen, joiden l\u00e4hes 55 klubilla on yli 1800 j\u00e4sent\u00e4. Rotarypiiri\u00e4 johtaa piirikuvern\u00f6\u00f6ri District Governor eli DG. H\u00e4nell\u00e4 on tukenaan piirineuvosto ja piirikomiteat. Piirin jokaisella alueella on viel\u00e4 oma apulaiskuvern\u00f6\u00f6rins\u00e4 Assistant Governor eli AG. Rotaryvuoden (1.7 - 30.6.) aikana [&hellip;]","og_url":"https:\/\/rotary.fi\/d1410\/rotarypiiri1410\/","og_site_name":"Piiri 1410","article_publisher":"https:\/\/www.facebook.com\/rotary\/","article_modified_time":"2025-06-15T06:44:33+00:00","twitter_card":"summary_large_image","twitter_misc":{"Arvioitu lukuaika":"3 minuuttia"},"schema":{"@context":"https:\/\/schema.org","@graph":[{"@type":"WebPage","@id":"https:\/\/rotary.fi\/d1410\/rotarypiiri1410\/","url":"https:\/\/rotary.fi\/d1410\/rotarypiiri1410\/","name":"Rotarypiiri 1410 - Piiri 1410","isPartOf":{"@id":"https:\/\/rotary.fi\/d1410\/#website"},"datePublished":"2018-08-27T07:29:56+00:00","dateModified":"2025-06-15T06:44:33+00:00","breadcrumb":{"@id":"https:\/\/rotary.fi\/d1410\/rotarypiiri1410\/#breadcrumb"},"inLanguage":"fi","potentialAction":[{"@type":"ReadAction","target":["https:\/\/rotary.fi\/d1410\/rotarypiiri1410\/"]}]},{"@type":"BreadcrumbList","@id":"https:\/\/rotary.fi\/d1410\/rotarypiiri1410\/#breadcrumb","itemListElement":[{"@type":"ListItem","position":1,"name":"Home","item":"https:\/\/rotary.fi\/d1410\/"},{"@type":"ListItem","position":2,"name":"Rotarypiiri 1410"}]},{"@type":"WebSite","@id":"https:\/\/rotary.fi\/d1410\/#website","url":"https:\/\/rotary.fi\/d1410\/","name":"Piiri 1410","description":"Suomen Rotary","potentialAction":[{"@type":"SearchAction","target":{"@type":"EntryPoint","urlTemplate":"https:\/\/rotary.fi\/d1410\/?s={search_term_string}"},"query-input":{"@type":"PropertyValueSpecification","valueRequired":true,"valueName":"search_term_string"}}],"inLanguage":"fi"}]}},"lang":"fi","translations":{"fi":2017,"sv":4037,"en":2881},"pll_sync_post":[],"_links":{"self":[{"href":"https:\/\/rotary.fi\/d1410\/wp-json\/wp\/v2\/pages\/2017","targetHints":{"allow":["GET"]}}],"collection":[{"href":"https:\/\/rotary.fi\/d1410\/wp-json\/wp\/v2\/pages"}],"about":[{"href":"https:\/\/rotary.fi\/d1410\/wp-json\/wp\/v2\/types\/page"}],"author":[{"embeddable":true,"href":"https:\/\/rotary.fi\/d1410\/wp-json\/wp\/v2\/users\/1"}],"replies":[{"embeddable":true,"href":"https:\/\/rotary.fi\/d1410\/wp-json\/wp\/v2\/comments?post=2017"}],"version-history":[{"count":10,"href":"https:\/\/rotary.fi\/d1410\/wp-json\/wp\/v2\/pages\/2017\/revisions"}],"predecessor-version":[{"id":8476,"href":"https:\/\/rotary.fi\/d1410\/wp-json\/wp\/v2\/pages\/2017\/revisions\/8476"}],"wp:attachment":[{"href":"https:\/\/rotary.fi\/d1410\/wp-json\/wp\/v2\/media?parent=2017"}],"curies":[{"name":"wp","href":"https:\/\/api.w.org\/{rel}","templated":true}]}}