{"id":1335,"date":"2018-05-22T12:22:12","date_gmt":"2018-05-22T10:22:12","guid":{"rendered":"http:\/\/rotary.fi\/piirisivusto\/?page_id=1335"},"modified":"2022-02-17T16:16:58","modified_gmt":"2022-02-17T14:16:58","slug":"paikalliset-projektit","status":"publish","type":"page","link":"https:\/\/rotary.fi\/d1410\/mita-teemme\/paikalliset-projektit\/","title":{"rendered":"Paikalliset projektit"},"content":{"rendered":"<p>[et_pb_section fb_built=&#8221;1&#8243; module_class=&#8221;jumbotron-page&#8221; _builder_version=&#8221;4.9.4&#8243; background_image=&#8221;https:\/\/rotary.fi\/d1410\/wp-content\/uploads\/sites\/215\/2021\/07\/loimaa-4.jpg&#8221; global_colors_info=&#8221;{}&#8221;][et_pb_row module_class=&#8221; et_pb_row_fullwidth&#8221; _builder_version=&#8221;3.25&#8243; width=&#8221;89%&#8221; width_tablet=&#8221;80%&#8221; width_phone=&#8221;&#8221; width_last_edited=&#8221;on|desktop&#8221; max_width=&#8221;89%&#8221; max_width_tablet=&#8221;80%&#8221; max_width_phone=&#8221;&#8221; max_width_last_edited=&#8221;on|desktop&#8221; make_fullwidth=&#8221;on&#8221; global_colors_info=&#8221;{}&#8221;][et_pb_column type=&#8221;4_4&#8243; _builder_version=&#8221;3.25&#8243; custom_padding=&#8221;|||&#8221; global_colors_info=&#8221;{}&#8221; custom_padding__hover=&#8221;|||&#8221;][et_pb_text admin_label=&#8221;Paikalliset Projektit -otsikko&#8221; _builder_version=&#8221;3.27.4&#8243; text_orientation=&#8221;center&#8221; background_layout=&#8221;dark&#8221; global_colors_info=&#8221;{}&#8221;]<\/p>\n<h1>Paikalliset projektit<\/h1>\n<p>[\/et_pb_text][\/et_pb_column][\/et_pb_row][\/et_pb_section][et_pb_section fb_built=&#8221;1&#8243; module_class=&#8221;sisaltoalue_perus&#8221; _builder_version=&#8221;3.22&#8243; custom_margin=&#8221;||40px|&#8221; global_colors_info=&#8221;{}&#8221;][et_pb_row custom_padding_last_edited=&#8221;on|phone&#8221; _builder_version=&#8221;3.25&#8243; custom_padding_tablet=&#8221;&#8221; custom_padding_phone=&#8221;&#8221; global_colors_info=&#8221;{}&#8221;][et_pb_column type=&#8221;4_4&#8243; _builder_version=&#8221;3.25&#8243; custom_padding=&#8221;|||&#8221; global_colors_info=&#8221;{}&#8221; custom_padding__hover=&#8221;|||&#8221;][et_pb_text admin_label=&#8221;Paikalliset Projektit -otsikko&#8221; _builder_version=&#8221;3.27.4&#8243; text_orientation=&#8221;center&#8221; global_colors_info=&#8221;{}&#8221;]<\/p>\n<h1>Service above self<br \/>&#8211; Palvelu itsekkyyden edelle<\/h1>\n<p>[\/et_pb_text][et_pb_text _builder_version=&#8221;4.9.4&#8243; global_colors_info=&#8221;{}&#8221;]<\/p>\n<p>Rotaryklubien j\u00e4senet erilaisine taustoineen tuovat osaamisensa ja n\u00e4kemyksens\u00e4 klubin toimintaan. Klubien j\u00e4senill\u00e4 on kosketuspintaa yhteis\u00f6ns\u00e4 tarpeisiin ja he voivat asiantuntemuksellaan tehd\u00e4 n\u00e4kyv\u00e4ksi yhteis\u00f6ss\u00e4\u00e4n ilmenevi\u00e4 tarpeita. Piirimme klubeissa onkin toteutettu mit\u00e4 moninaisempia paikallisia palveluprojekteja. Klubit vahvistavat toimintaansa tekem\u00e4ll\u00e4 yhteisty\u00f6t\u00e4 my\u00f6s muiden rotaryklubien, j\u00e4rjest\u00f6jen ja paikkakunnan muiden toimijoiden ja partnereiden kanssa.<\/p>\n<p>Klubien palveluty\u00f6n n\u00e4kyminen yleis\u00f6n parissa lis\u00e4\u00e4 rotaryklubien tunnettuutta ja vahvistaa samanhenkisten ihmisten halukkuutta tulla mukaan toimintaan.<\/p>\n<p>P\u00e4\u00e4set tutustumaan piirimme alueella tehtyihin projekteihin <a href=\"https:\/\/map.rotary.org\/en\/project\/pages\/search_project.aspx#district=1410&amp;SortOrder=CreatedDateNewOld\">MyRotaryssa<\/a><\/p>\n<p>&nbsp;<\/p>\n<p>[\/et_pb_text][\/et_pb_column][\/et_pb_row][\/et_pb_section]<\/p>\n","protected":false},"excerpt":{"rendered":"<p>Paikalliset projektit Service above self- Palvelu itsekkyyden edelleRotaryklubien j\u00e4senet erilaisine taustoineen tuovat osaamisensa ja n\u00e4kemyksens\u00e4 klubin toimintaan. Klubien j\u00e4senill\u00e4 on kosketuspintaa yhteis\u00f6ns\u00e4 tarpeisiin ja he voivat asiantuntemuksellaan tehd\u00e4 n\u00e4kyv\u00e4ksi yhteis\u00f6ss\u00e4\u00e4n ilmenevi\u00e4 tarpeita. Piirimme klubeissa onkin toteutettu mit\u00e4 moninaisempia paikallisia palveluprojekteja. Klubit vahvistavat toimintaansa tekem\u00e4ll\u00e4 yhteisty\u00f6t\u00e4 my\u00f6s muiden rotaryklubien, j\u00e4rjest\u00f6jen ja paikkakunnan muiden toimijoiden ja partnereiden [&hellip;]<\/p>\n","protected":false},"author":1,"featured_media":0,"parent":656,"menu_order":3,"comment_status":"closed","ping_status":"closed","template":"","meta":{"_acf_changed":false,"_et_pb_use_builder":"on","_et_pb_old_content":"","_et_gb_content_width":"","footnotes":""},"class_list":["post-1335","page","type-page","status-publish","hentry"],"acf":[],"yoast_head":"<!-- This site is optimized with the Yoast SEO plugin v27.4 - https:\/\/yoast.com\/product\/yoast-seo-wordpress\/ -->\n<title>Paikalliset projektit - Piiri 1410<\/title>\n<meta name=\"robots\" content=\"index, follow, max-snippet:-1, max-image-preview:large, max-video-preview:-1\" \/>\n<link rel=\"canonical\" href=\"https:\/\/rotary.fi\/d1410\/mita-teemme\/paikalliset-projektit\/\" \/>\n<meta property=\"og:locale\" content=\"fi_FI\" \/>\n<meta property=\"og:type\" content=\"article\" \/>\n<meta property=\"og:title\" content=\"Paikalliset projektit - Piiri 1410\" \/>\n<meta property=\"og:description\" content=\"Paikalliset projektit Service above self- Palvelu itsekkyyden edelleRotaryklubien j\u00e4senet erilaisine taustoineen tuovat osaamisensa ja n\u00e4kemyksens\u00e4 klubin toimintaan. Klubien j\u00e4senill\u00e4 on kosketuspintaa yhteis\u00f6ns\u00e4 tarpeisiin ja he voivat asiantuntemuksellaan tehd\u00e4 n\u00e4kyv\u00e4ksi yhteis\u00f6ss\u00e4\u00e4n ilmenevi\u00e4 tarpeita. Piirimme klubeissa onkin toteutettu mit\u00e4 moninaisempia paikallisia palveluprojekteja. Klubit vahvistavat toimintaansa tekem\u00e4ll\u00e4 yhteisty\u00f6t\u00e4 my\u00f6s muiden rotaryklubien, j\u00e4rjest\u00f6jen ja paikkakunnan muiden toimijoiden ja partnereiden [&hellip;]\" \/>\n<meta property=\"og:url\" content=\"https:\/\/rotary.fi\/d1410\/mita-teemme\/paikalliset-projektit\/\" \/>\n<meta property=\"og:site_name\" content=\"Piiri 1410\" \/>\n<meta property=\"article:publisher\" content=\"https:\/\/www.facebook.com\/rotary\/\" \/>\n<meta property=\"article:modified_time\" content=\"2022-02-17T14:16:58+00:00\" \/>\n<meta name=\"twitter:card\" content=\"summary_large_image\" \/>\n<meta name=\"twitter:label1\" content=\"Arvioitu lukuaika\" \/>\n\t<meta name=\"twitter:data1\" content=\"1 minuutti\" \/>\n<script type=\"application\/ld+json\" class=\"yoast-schema-graph\">{\"@context\":\"https:\\\/\\\/schema.org\",\"@graph\":[{\"@type\":\"WebPage\",\"@id\":\"https:\\\/\\\/rotary.fi\\\/d1410\\\/mita-teemme\\\/paikalliset-projektit\\\/\",\"url\":\"https:\\\/\\\/rotary.fi\\\/d1410\\\/mita-teemme\\\/paikalliset-projektit\\\/\",\"name\":\"Paikalliset projektit - Piiri 1410\",\"isPartOf\":{\"@id\":\"https:\\\/\\\/rotary.fi\\\/d1410\\\/#website\"},\"datePublished\":\"2018-05-22T10:22:12+00:00\",\"dateModified\":\"2022-02-17T14:16:58+00:00\",\"breadcrumb\":{\"@id\":\"https:\\\/\\\/rotary.fi\\\/d1410\\\/mita-teemme\\\/paikalliset-projektit\\\/#breadcrumb\"},\"inLanguage\":\"fi\",\"potentialAction\":[{\"@type\":\"ReadAction\",\"target\":[\"https:\\\/\\\/rotary.fi\\\/d1410\\\/mita-teemme\\\/paikalliset-projektit\\\/\"]}]},{\"@type\":\"BreadcrumbList\",\"@id\":\"https:\\\/\\\/rotary.fi\\\/d1410\\\/mita-teemme\\\/paikalliset-projektit\\\/#breadcrumb\",\"itemListElement\":[{\"@type\":\"ListItem\",\"position\":1,\"name\":\"Home\",\"item\":\"https:\\\/\\\/rotary.fi\\\/d1410\\\/\"},{\"@type\":\"ListItem\",\"position\":2,\"name\":\"Toiminnan painopisteet &#8211; Mit\u00e4 teemme\",\"item\":\"https:\\\/\\\/rotary.fi\\\/d1410\\\/mita-teemme\\\/\"},{\"@type\":\"ListItem\",\"position\":3,\"name\":\"Paikalliset projektit\"}]},{\"@type\":\"WebSite\",\"@id\":\"https:\\\/\\\/rotary.fi\\\/d1410\\\/#website\",\"url\":\"https:\\\/\\\/rotary.fi\\\/d1410\\\/\",\"name\":\"Piiri 1410\",\"description\":\"Suomen Rotary\",\"potentialAction\":[{\"@type\":\"SearchAction\",\"target\":{\"@type\":\"EntryPoint\",\"urlTemplate\":\"https:\\\/\\\/rotary.fi\\\/d1410\\\/?s={search_term_string}\"},\"query-input\":{\"@type\":\"PropertyValueSpecification\",\"valueRequired\":true,\"valueName\":\"search_term_string\"}}],\"inLanguage\":\"fi\"}]}<\/script>\n<!-- \/ Yoast SEO plugin. -->","yoast_head_json":{"title":"Paikalliset projektit - Piiri 1410","robots":{"index":"index","follow":"follow","max-snippet":"max-snippet:-1","max-image-preview":"max-image-preview:large","max-video-preview":"max-video-preview:-1"},"canonical":"https:\/\/rotary.fi\/d1410\/mita-teemme\/paikalliset-projektit\/","og_locale":"fi_FI","og_type":"article","og_title":"Paikalliset projektit - Piiri 1410","og_description":"Paikalliset projektit Service above self- Palvelu itsekkyyden edelleRotaryklubien j\u00e4senet erilaisine taustoineen tuovat osaamisensa ja n\u00e4kemyksens\u00e4 klubin toimintaan. Klubien j\u00e4senill\u00e4 on kosketuspintaa yhteis\u00f6ns\u00e4 tarpeisiin ja he voivat asiantuntemuksellaan tehd\u00e4 n\u00e4kyv\u00e4ksi yhteis\u00f6ss\u00e4\u00e4n ilmenevi\u00e4 tarpeita. Piirimme klubeissa onkin toteutettu mit\u00e4 moninaisempia paikallisia palveluprojekteja. Klubit vahvistavat toimintaansa tekem\u00e4ll\u00e4 yhteisty\u00f6t\u00e4 my\u00f6s muiden rotaryklubien, j\u00e4rjest\u00f6jen ja paikkakunnan muiden toimijoiden ja partnereiden [&hellip;]","og_url":"https:\/\/rotary.fi\/d1410\/mita-teemme\/paikalliset-projektit\/","og_site_name":"Piiri 1410","article_publisher":"https:\/\/www.facebook.com\/rotary\/","article_modified_time":"2022-02-17T14:16:58+00:00","twitter_card":"summary_large_image","twitter_misc":{"Arvioitu lukuaika":"1 minuutti"},"schema":{"@context":"https:\/\/schema.org","@graph":[{"@type":"WebPage","@id":"https:\/\/rotary.fi\/d1410\/mita-teemme\/paikalliset-projektit\/","url":"https:\/\/rotary.fi\/d1410\/mita-teemme\/paikalliset-projektit\/","name":"Paikalliset projektit - Piiri 1410","isPartOf":{"@id":"https:\/\/rotary.fi\/d1410\/#website"},"datePublished":"2018-05-22T10:22:12+00:00","dateModified":"2022-02-17T14:16:58+00:00","breadcrumb":{"@id":"https:\/\/rotary.fi\/d1410\/mita-teemme\/paikalliset-projektit\/#breadcrumb"},"inLanguage":"fi","potentialAction":[{"@type":"ReadAction","target":["https:\/\/rotary.fi\/d1410\/mita-teemme\/paikalliset-projektit\/"]}]},{"@type":"BreadcrumbList","@id":"https:\/\/rotary.fi\/d1410\/mita-teemme\/paikalliset-projektit\/#breadcrumb","itemListElement":[{"@type":"ListItem","position":1,"name":"Home","item":"https:\/\/rotary.fi\/d1410\/"},{"@type":"ListItem","position":2,"name":"Toiminnan painopisteet &#8211; Mit\u00e4 teemme","item":"https:\/\/rotary.fi\/d1410\/mita-teemme\/"},{"@type":"ListItem","position":3,"name":"Paikalliset projektit"}]},{"@type":"WebSite","@id":"https:\/\/rotary.fi\/d1410\/#website","url":"https:\/\/rotary.fi\/d1410\/","name":"Piiri 1410","description":"Suomen Rotary","potentialAction":[{"@type":"SearchAction","target":{"@type":"EntryPoint","urlTemplate":"https:\/\/rotary.fi\/d1410\/?s={search_term_string}"},"query-input":{"@type":"PropertyValueSpecification","valueRequired":true,"valueName":"search_term_string"}}],"inLanguage":"fi"}]}},"lang":"fi","translations":{"fi":1335,"sv":2667,"en":2923},"pll_sync_post":[],"_links":{"self":[{"href":"https:\/\/rotary.fi\/d1410\/wp-json\/wp\/v2\/pages\/1335","targetHints":{"allow":["GET"]}}],"collection":[{"href":"https:\/\/rotary.fi\/d1410\/wp-json\/wp\/v2\/pages"}],"about":[{"href":"https:\/\/rotary.fi\/d1410\/wp-json\/wp\/v2\/types\/page"}],"author":[{"embeddable":true,"href":"https:\/\/rotary.fi\/d1410\/wp-json\/wp\/v2\/users\/1"}],"replies":[{"embeddable":true,"href":"https:\/\/rotary.fi\/d1410\/wp-json\/wp\/v2\/comments?post=1335"}],"version-history":[{"count":9,"href":"https:\/\/rotary.fi\/d1410\/wp-json\/wp\/v2\/pages\/1335\/revisions"}],"predecessor-version":[{"id":4868,"href":"https:\/\/rotary.fi\/d1410\/wp-json\/wp\/v2\/pages\/1335\/revisions\/4868"}],"up":[{"embeddable":true,"href":"https:\/\/rotary.fi\/d1410\/wp-json\/wp\/v2\/pages\/656"}],"wp:attachment":[{"href":"https:\/\/rotary.fi\/d1410\/wp-json\/wp\/v2\/media?parent=1335"}],"curies":[{"name":"wp","href":"https:\/\/api.w.org\/{rel}","templated":true}]}}