{"id":672,"date":"2018-04-09T14:00:26","date_gmt":"2018-04-09T12:00:26","guid":{"rendered":"http:\/\/rotary.fi\/piirisivusto\/?page_id=672"},"modified":"2019-12-11T12:57:06","modified_gmt":"2019-12-11T10:57:06","slug":"ota-yhteytta","status":"publish","type":"page","link":"https:\/\/rotary.fi\/d1400\/ota-yhteytta\/","title":{"rendered":"Ota yhteytt\u00e4"},"content":{"rendered":"<p>[et_pb_section fb_built=&#8221;1&#8243; module_class=&#8221;jumbotron-page&#8221; _builder_version=&#8221;3.29.3&#8243; background_image=&#8221;https:\/\/rotary.fi\/d1400\/wp-content\/uploads\/sites\/174\/2019\/10\/yhteydet-human-2944064_1920-rajattu-1.jpg&#8221; background_size=&#8221;initial&#8221;][et_pb_row module_class=&#8221; et_pb_row_fullwidth et_pb_row_fullwidth et_pb_row_fullwidth&#8221; _builder_version=&#8221;3.25&#8243; width=&#8221;89%&#8221; width_tablet=&#8221;80%&#8221; width_phone=&#8221;&#8221; width_last_edited=&#8221;on|desktop&#8221; max_width=&#8221;89%&#8221; max_width_tablet=&#8221;80%&#8221; max_width_phone=&#8221;&#8221; max_width_last_edited=&#8221;on|desktop&#8221; make_fullwidth=&#8221;on&#8221;][et_pb_column type=&#8221;4_4&#8243; _builder_version=&#8221;3.25&#8243; custom_padding=&#8221;|||&#8221; custom_padding__hover=&#8221;|||&#8221;][et_pb_text admin_label=&#8221;Ota yhteytt\u00e4 -otsikko&#8221; _builder_version=&#8221;3.27.4&#8243; text_orientation=&#8221;center&#8221; background_layout=&#8221;dark&#8221;]<\/p>\n<h1>Ota yhteytt\u00e4<\/h1>\n<p>[\/et_pb_text][\/et_pb_column][\/et_pb_row][\/et_pb_section][et_pb_section fb_built=&#8221;1&#8243; module_class=&#8221;sisaltoalue_perus&#8221; _builder_version=&#8221;3.22&#8243; background_size=&#8221;initial&#8221; background_position=&#8221;top_left&#8221; background_repeat=&#8221;repeat&#8221;][et_pb_row custom_padding_last_edited=&#8221;on|phone&#8221; _builder_version=&#8221;3.29.3&#8243; min_height=&#8221;178px&#8221; custom_margin=&#8221;||-123px||false|false&#8221; custom_padding=&#8221;46.6875px|0px|63px|0px&#8221; custom_padding_tablet=&#8221;&#8221; custom_padding_phone=&#8221;&#8221;][et_pb_column type=&#8221;4_4&#8243; _builder_version=&#8221;3.25&#8243; custom_padding=&#8221;|||&#8221; custom_padding__hover=&#8221;|||&#8221;][et_pb_text admin_label=&#8221;Ota yhteytt\u00e4 -otsikko&#8221; _builder_version=&#8221;3.29.3&#8243; text_orientation=&#8221;center&#8221;]<\/p>\n<h3>T\u00e4ll\u00e4 lomakkeella voit ottaa yhteytt\u00e4<\/h3>\n<p>[\/et_pb_text][et_pb_text _builder_version=&#8221;3.27.4&#8243; z_index_tablet=&#8221;500&#8243;]<\/p>\n<p style=\"text-align: center\">T\u00e4yt\u00e4 alla olevat kohdat, niin k\u00e4sittelemme asiasi mahdollisimman pian.<\/p>\n<p>[\/et_pb_text][\/et_pb_column][\/et_pb_row][\/et_pb_section][et_pb_section fb_built=&#8221;1&#8243; module_class=&#8221;sisaltoalue_valkoinen&#8221; _builder_version=&#8221;3.22&#8243; background_size=&#8221;initial&#8221; background_position=&#8221;top_left&#8221; background_repeat=&#8221;repeat&#8221;][et_pb_row _builder_version=&#8221;3.25&#8243;][et_pb_column type=&#8221;4_4&#8243; _builder_version=&#8221;3.25&#8243; custom_padding=&#8221;|||&#8221; custom_padding__hover=&#8221;|||&#8221;][et_pb_contact_form email=&#8221;jorma.winter@outlook.com&#8221; custom_message=&#8221;Viestin l\u00e4hett\u00e4j\u00e4 on %%name%%||et_pb_line_break_holder||S\u00e4hk\u00f6posti %%email%%||et_pb_line_break_holder||Puhelin %%phone%%||et_pb_line_break_holder||Viesti: %%message%%&#8221; success_message=&#8221;Viestisi on l\u00e4hetetty. Kiitos yhteydenotostasi!&#8221; _builder_version=&#8221;3.29.3&#8243; form_field_background_color=&#8221;#ffffff&#8221; form_field_text_color=&#8221;#2ea3f2&#8243; background_color=&#8221;rgba(135,135,135,0)&#8221; custom_button=&#8221;on&#8221; button_text_color=&#8221;#0c3c7c&#8221; button_bg_color=&#8221;#e7b623&#8243; button_border_color=&#8221;#263b4c&#8221; button_border_radius=&#8221;11px&#8221; button_letter_spacing=&#8221;0px&#8221; button_font=&#8221;Dosis||||||||&#8221; z_index_tablet=&#8221;500&#8243; link_option_url=&#8221;jorma.winter@outlook.com&#8221; box_shadow_style=&#8221;preset2&#8243; box_shadow_horizontal=&#8221;0px&#8221; box_shadow_vertical=&#8221;3px&#8221; box_shadow_blur=&#8221;24px&#8221; box_shadow_style_button=&#8221;preset1&#8243; box_shadow_blur_button=&#8221;23px&#8221; box_shadow_spread_button=&#8221;-3px&#8221; form_background_color=&#8221;#ffffff&#8221;][et_pb_contact_field field_id=&#8221;Name&#8221; field_title=&#8221;Nimi&#8221; _builder_version=&#8221;3.16&#8243; button_text_size__hover_enabled=&#8221;off&#8221; button_one_text_size__hover_enabled=&#8221;off&#8221; button_two_text_size__hover_enabled=&#8221;off&#8221; button_text_color__hover_enabled=&#8221;off&#8221; button_one_text_color__hover_enabled=&#8221;off&#8221; button_two_text_color__hover_enabled=&#8221;off&#8221; button_border_width__hover_enabled=&#8221;off&#8221; button_one_border_width__hover_enabled=&#8221;off&#8221; button_two_border_width__hover_enabled=&#8221;off&#8221; button_border_color__hover_enabled=&#8221;off&#8221; button_one_border_color__hover_enabled=&#8221;off&#8221; button_two_border_color__hover_enabled=&#8221;off&#8221; button_border_radius__hover_enabled=&#8221;off&#8221; button_one_border_radius__hover_enabled=&#8221;off&#8221; button_two_border_radius__hover_enabled=&#8221;off&#8221; button_letter_spacing__hover_enabled=&#8221;off&#8221; button_one_letter_spacing__hover_enabled=&#8221;off&#8221; button_two_letter_spacing__hover_enabled=&#8221;off&#8221; button_bg_color__hover_enabled=&#8221;off&#8221; button_one_bg_color__hover_enabled=&#8221;off&#8221; button_two_bg_color__hover_enabled=&#8221;off&#8221;][\/et_pb_contact_field][et_pb_contact_field field_id=&#8221;Email&#8221; field_title=&#8221;S\u00e4hk\u00f6postiosoite&#8221; field_type=&#8221;email&#8221; _builder_version=&#8221;3.16&#8243; button_text_size__hover_enabled=&#8221;off&#8221; button_one_text_size__hover_enabled=&#8221;off&#8221; button_two_text_size__hover_enabled=&#8221;off&#8221; button_text_color__hover_enabled=&#8221;off&#8221; button_one_text_color__hover_enabled=&#8221;off&#8221; button_two_text_color__hover_enabled=&#8221;off&#8221; button_border_width__hover_enabled=&#8221;off&#8221; button_one_border_width__hover_enabled=&#8221;off&#8221; button_two_border_width__hover_enabled=&#8221;off&#8221; button_border_color__hover_enabled=&#8221;off&#8221; button_one_border_color__hover_enabled=&#8221;off&#8221; button_two_border_color__hover_enabled=&#8221;off&#8221; button_border_radius__hover_enabled=&#8221;off&#8221; button_one_border_radius__hover_enabled=&#8221;off&#8221; button_two_border_radius__hover_enabled=&#8221;off&#8221; button_letter_spacing__hover_enabled=&#8221;off&#8221; button_one_letter_spacing__hover_enabled=&#8221;off&#8221; button_two_letter_spacing__hover_enabled=&#8221;off&#8221; button_bg_color__hover_enabled=&#8221;off&#8221; button_one_bg_color__hover_enabled=&#8221;off&#8221; button_two_bg_color__hover_enabled=&#8221;off&#8221;][\/et_pb_contact_field][et_pb_contact_field field_id=&#8221;Phone&#8221; field_title=&#8221;Puhelin&#8221; allowed_symbols=&#8221;numbers&#8221; fullwidth_field=&#8221;on&#8221; _builder_version=&#8221;3.29.3&#8243;][\/et_pb_contact_field][et_pb_contact_field field_id=&#8221;Message&#8221; field_title=&#8221;Viesti&#8221; field_type=&#8221;text&#8221; fullwidth_field=&#8221;on&#8221; _builder_version=&#8221;3.29.3&#8243; button_text_size__hover_enabled=&#8221;off&#8221; button_one_text_size__hover_enabled=&#8221;off&#8221; button_two_text_size__hover_enabled=&#8221;off&#8221; button_text_color__hover_enabled=&#8221;off&#8221; button_one_text_color__hover_enabled=&#8221;off&#8221; button_two_text_color__hover_enabled=&#8221;off&#8221; button_border_width__hover_enabled=&#8221;off&#8221; button_one_border_width__hover_enabled=&#8221;off&#8221; button_two_border_width__hover_enabled=&#8221;off&#8221; button_border_color__hover_enabled=&#8221;off&#8221; button_one_border_color__hover_enabled=&#8221;off&#8221; button_two_border_color__hover_enabled=&#8221;off&#8221; button_border_radius__hover_enabled=&#8221;off&#8221; button_one_border_radius__hover_enabled=&#8221;off&#8221; button_two_border_radius__hover_enabled=&#8221;off&#8221; button_letter_spacing__hover_enabled=&#8221;off&#8221; button_one_letter_spacing__hover_enabled=&#8221;off&#8221; button_two_letter_spacing__hover_enabled=&#8221;off&#8221; button_bg_color__hover_enabled=&#8221;off&#8221; button_one_bg_color__hover_enabled=&#8221;off&#8221; button_two_bg_color__hover_enabled=&#8221;off&#8221;][\/et_pb_contact_field][\/et_pb_contact_form][et_pb_text _builder_version=&#8221;4.0.8&#8243; width=&#8221;80%&#8221; max_width=&#8221;1080px&#8221; hover_enabled=&#8221;0&#8243; custom_padding=&#8221;||2px|||&#8221;]<\/p>\n<p style=\"text-align: center\">Piirin yhteystiedot l\u00f6yd\u00e4t tarkemmin <a href=\"https:\/\/rotary.fi\/d1400\/rotarypiiri-1400\/piirin-organisaatio\/\">Piirin organisaatio-sivulta.<\/a><\/p>\n<p>[\/et_pb_text][\/et_pb_column][\/et_pb_row][\/et_pb_section]<\/p>\n","protected":false},"excerpt":{"rendered":"<p>Ota yhteytt\u00e4 T\u00e4ll\u00e4 lomakkeella voit ottaa yhteytt\u00e4T\u00e4yt\u00e4 alla olevat kohdat, niin k\u00e4sittelemme asiasi mahdollisimman pian.Piirin yhteystiedot l\u00f6yd\u00e4t tarkemmin Piirin organisaatio-sivulta.<\/p>\n","protected":false},"author":1,"featured_media":0,"parent":0,"menu_order":6,"comment_status":"closed","ping_status":"closed","template":"","meta":{"_acf_changed":false,"_et_pb_use_builder":"on","_et_pb_old_content":"","_et_gb_content_width":"","footnotes":""},"class_list":["post-672","page","type-page","status-publish","hentry"],"acf":[],"yoast_head":"<!-- This site is optimized with the Yoast SEO plugin v27.0 - https:\/\/yoast.com\/product\/yoast-seo-wordpress\/ -->\n<title>Ota yhteytt\u00e4 - Piiri 1400<\/title>\n<meta name=\"robots\" content=\"index, follow, max-snippet:-1, max-image-preview:large, max-video-preview:-1\" \/>\n<link rel=\"canonical\" href=\"https:\/\/rotary.fi\/d1400\/ota-yhteytta\/\" \/>\n<meta property=\"og:locale\" content=\"fi_FI\" \/>\n<meta property=\"og:type\" content=\"article\" \/>\n<meta property=\"og:title\" content=\"Ota yhteytt\u00e4 - Piiri 1400\" \/>\n<meta property=\"og:description\" content=\"Ota yhteytt\u00e4 T\u00e4ll\u00e4 lomakkeella voit ottaa yhteytt\u00e4T\u00e4yt\u00e4 alla olevat kohdat, niin k\u00e4sittelemme asiasi mahdollisimman pian.Piirin yhteystiedot l\u00f6yd\u00e4t tarkemmin Piirin organisaatio-sivulta.\" \/>\n<meta property=\"og:url\" content=\"https:\/\/rotary.fi\/d1400\/ota-yhteytta\/\" \/>\n<meta property=\"og:site_name\" content=\"Piiri 1400\" \/>\n<meta property=\"article:publisher\" content=\"https:\/\/www.facebook.com\/rotary\/\" \/>\n<meta property=\"article:modified_time\" content=\"2019-12-11T10:57:06+00:00\" \/>\n<meta name=\"twitter:card\" content=\"summary_large_image\" \/>\n<meta name=\"twitter:label1\" content=\"Arvioitu lukuaika\" \/>\n\t<meta name=\"twitter:data1\" content=\"5 minuuttia\" \/>\n<script type=\"application\/ld+json\" class=\"yoast-schema-graph\">{\"@context\":\"https:\/\/schema.org\",\"@graph\":[{\"@type\":\"WebPage\",\"@id\":\"https:\/\/rotary.fi\/d1400\/ota-yhteytta\/\",\"url\":\"https:\/\/rotary.fi\/d1400\/ota-yhteytta\/\",\"name\":\"Ota yhteytt\u00e4 - Piiri 1400\",\"isPartOf\":{\"@id\":\"https:\/\/rotary.fi\/d1400\/#website\"},\"datePublished\":\"2018-04-09T12:00:26+00:00\",\"dateModified\":\"2019-12-11T10:57:06+00:00\",\"breadcrumb\":{\"@id\":\"https:\/\/rotary.fi\/d1400\/ota-yhteytta\/#breadcrumb\"},\"inLanguage\":\"fi\",\"potentialAction\":[{\"@type\":\"ReadAction\",\"target\":[\"https:\/\/rotary.fi\/d1400\/ota-yhteytta\/\"]}]},{\"@type\":\"BreadcrumbList\",\"@id\":\"https:\/\/rotary.fi\/d1400\/ota-yhteytta\/#breadcrumb\",\"itemListElement\":[{\"@type\":\"ListItem\",\"position\":1,\"name\":\"Home\",\"item\":\"https:\/\/rotary.fi\/d1400\/\"},{\"@type\":\"ListItem\",\"position\":2,\"name\":\"Ota yhteytt\u00e4\"}]},{\"@type\":\"WebSite\",\"@id\":\"https:\/\/rotary.fi\/d1400\/#website\",\"url\":\"https:\/\/rotary.fi\/d1400\/\",\"name\":\"Piiri 1400\",\"description\":\"Suomen Rotary\",\"potentialAction\":[{\"@type\":\"SearchAction\",\"target\":{\"@type\":\"EntryPoint\",\"urlTemplate\":\"https:\/\/rotary.fi\/d1400\/?s={search_term_string}\"},\"query-input\":{\"@type\":\"PropertyValueSpecification\",\"valueRequired\":true,\"valueName\":\"search_term_string\"}}],\"inLanguage\":\"fi\"}]}<\/script>\n<!-- \/ Yoast SEO plugin. -->","yoast_head_json":{"title":"Ota yhteytt\u00e4 - Piiri 1400","robots":{"index":"index","follow":"follow","max-snippet":"max-snippet:-1","max-image-preview":"max-image-preview:large","max-video-preview":"max-video-preview:-1"},"canonical":"https:\/\/rotary.fi\/d1400\/ota-yhteytta\/","og_locale":"fi_FI","og_type":"article","og_title":"Ota yhteytt\u00e4 - Piiri 1400","og_description":"Ota yhteytt\u00e4 T\u00e4ll\u00e4 lomakkeella voit ottaa yhteytt\u00e4T\u00e4yt\u00e4 alla olevat kohdat, niin k\u00e4sittelemme asiasi mahdollisimman pian.Piirin yhteystiedot l\u00f6yd\u00e4t tarkemmin Piirin organisaatio-sivulta.","og_url":"https:\/\/rotary.fi\/d1400\/ota-yhteytta\/","og_site_name":"Piiri 1400","article_publisher":"https:\/\/www.facebook.com\/rotary\/","article_modified_time":"2019-12-11T10:57:06+00:00","twitter_card":"summary_large_image","twitter_misc":{"Arvioitu lukuaika":"5 minuuttia"},"schema":{"@context":"https:\/\/schema.org","@graph":[{"@type":"WebPage","@id":"https:\/\/rotary.fi\/d1400\/ota-yhteytta\/","url":"https:\/\/rotary.fi\/d1400\/ota-yhteytta\/","name":"Ota yhteytt\u00e4 - Piiri 1400","isPartOf":{"@id":"https:\/\/rotary.fi\/d1400\/#website"},"datePublished":"2018-04-09T12:00:26+00:00","dateModified":"2019-12-11T10:57:06+00:00","breadcrumb":{"@id":"https:\/\/rotary.fi\/d1400\/ota-yhteytta\/#breadcrumb"},"inLanguage":"fi","potentialAction":[{"@type":"ReadAction","target":["https:\/\/rotary.fi\/d1400\/ota-yhteytta\/"]}]},{"@type":"BreadcrumbList","@id":"https:\/\/rotary.fi\/d1400\/ota-yhteytta\/#breadcrumb","itemListElement":[{"@type":"ListItem","position":1,"name":"Home","item":"https:\/\/rotary.fi\/d1400\/"},{"@type":"ListItem","position":2,"name":"Ota yhteytt\u00e4"}]},{"@type":"WebSite","@id":"https:\/\/rotary.fi\/d1400\/#website","url":"https:\/\/rotary.fi\/d1400\/","name":"Piiri 1400","description":"Suomen Rotary","potentialAction":[{"@type":"SearchAction","target":{"@type":"EntryPoint","urlTemplate":"https:\/\/rotary.fi\/d1400\/?s={search_term_string}"},"query-input":{"@type":"PropertyValueSpecification","valueRequired":true,"valueName":"search_term_string"}}],"inLanguage":"fi"}]}},"lang":"fi","translations":{"fi":672,"en":3014},"pll_sync_post":[],"_links":{"self":[{"href":"https:\/\/rotary.fi\/d1400\/wp-json\/wp\/v2\/pages\/672","targetHints":{"allow":["GET"]}}],"collection":[{"href":"https:\/\/rotary.fi\/d1400\/wp-json\/wp\/v2\/pages"}],"about":[{"href":"https:\/\/rotary.fi\/d1400\/wp-json\/wp\/v2\/types\/page"}],"author":[{"embeddable":true,"href":"https:\/\/rotary.fi\/d1400\/wp-json\/wp\/v2\/users\/1"}],"replies":[{"embeddable":true,"href":"https:\/\/rotary.fi\/d1400\/wp-json\/wp\/v2\/comments?post=672"}],"version-history":[{"count":29,"href":"https:\/\/rotary.fi\/d1400\/wp-json\/wp\/v2\/pages\/672\/revisions"}],"predecessor-version":[{"id":4450,"href":"https:\/\/rotary.fi\/d1400\/wp-json\/wp\/v2\/pages\/672\/revisions\/4450"}],"wp:attachment":[{"href":"https:\/\/rotary.fi\/d1400\/wp-json\/wp\/v2\/media?parent=672"}],"curies":[{"name":"wp","href":"https:\/\/api.w.org\/{rel}","templated":true}]}}