{"id":654,"date":"2018-04-09T13:38:56","date_gmt":"2018-04-09T11:38:56","guid":{"rendered":"http:\/\/rotary.fi\/piirisivusto\/?page_id=654"},"modified":"2019-11-24T15:23:06","modified_gmt":"2019-11-24T13:23:06","slug":"mika-on-rotary","status":"publish","type":"page","link":"https:\/\/rotary.fi\/d1400\/mika-on-rotary\/","title":{"rendered":"Mik\u00e4 on Rotary"},"content":{"rendered":"<p>[et_pb_section fb_built=&#8221;1&#8243; module_class=&#8221;jumbotron-page&#8221; _builder_version=&#8221;4.0.6&#8243; background_image=&#8221;https:\/\/rotary.fi\/d1400\/wp-content\/uploads\/sites\/174\/2019\/11\/yhdessacc88-1.jpg&#8221; hover_enabled=&#8221;0&#8243; parallax=&#8221;on&#8221;][et_pb_row module_class=&#8221; et_pb_row_fullwidth et_pb_row_fullwidth&#8221; _builder_version=&#8221;3.25&#8243; width=&#8221;89%&#8221; width_tablet=&#8221;80%&#8221; width_phone=&#8221;&#8221; width_last_edited=&#8221;on|desktop&#8221; max_width=&#8221;89%&#8221; max_width_tablet=&#8221;80%&#8221; max_width_phone=&#8221;&#8221; max_width_last_edited=&#8221;on|desktop&#8221; make_fullwidth=&#8221;on&#8221;][et_pb_column type=&#8221;4_4&#8243; _builder_version=&#8221;3.25&#8243; custom_padding=&#8221;|||&#8221; custom_padding__hover=&#8221;|||&#8221;][et_pb_text admin_label=&#8221;Mik\u00e4 on Rotary -otsikko&#8221; _builder_version=&#8221;3.27.4&#8243; text_orientation=&#8221;center&#8221; background_layout=&#8221;dark&#8221; z_index_tablet=&#8221;500&#8243;]<\/p>\n<h1>Mik\u00e4 on Rotary<\/h1>\n<p>[\/et_pb_text][\/et_pb_column][\/et_pb_row][\/et_pb_section][et_pb_section fb_built=&#8221;1&#8243; module_class=&#8221;sisaltoalue_perus&#8221; _builder_version=&#8221;3.22&#8243; background_size=&#8221;initial&#8221; background_position=&#8221;top_left&#8221; background_repeat=&#8221;repeat&#8221;][et_pb_row custom_padding_last_edited=&#8221;on|phone&#8221; _builder_version=&#8221;3.25&#8243; custom_padding=&#8221;46.6875px|0px|63px|0px&#8221; custom_padding_tablet=&#8221;&#8221; custom_padding_phone=&#8221;&#8221;][et_pb_column type=&#8221;4_4&#8243; _builder_version=&#8221;3.25&#8243; custom_padding=&#8221;|||&#8221; custom_padding__hover=&#8221;|||&#8221;][et_pb_text admin_label=&#8221;Mik\u00e4 on Rotary -otsikko&#8221; _builder_version=&#8221;3.27.4&#8243; text_orientation=&#8221;center&#8221; z_index_tablet=&#8221;500&#8243;]<\/p>\n<h1>Mik\u00e4 on Rotary<\/h1>\n<p>[\/et_pb_text][et_pb_text _builder_version=&#8221;3.27.4&#8243; custom_margin=&#8221;||60px|&#8221;]<\/p>\n<p>Rotary on eettisell\u00e4 pohjalla toimiva maailmanlaajuinen palvelu- ja hyv\u00e4ntekev\u00e4isyysorganisaatio, joka pyrkii my\u00f6s j\u00e4sentens\u00e4 ja heid\u00e4n liikemoraalinsa kehitt\u00e4miseen sek\u00e4 yhteisty\u00f6h\u00f6n eri ammattiryhmien kanssa.<\/p>\n<p>Verkosto toimii yli 200 maassa ja j\u00e4seni\u00e4 sill\u00e4 on yli 1,2 miljoonaa. Suomessa ja Virossa on yhteens\u00e4 300 rotaryklubia ja rotareita niiss\u00e4 on yhteens\u00e4 noin 9 600.<\/p>\n<p>Klubi ja yksitt\u00e4iset rotarit ovat Rotaryn t\u00e4rkeimm\u00e4t perusyksik\u00f6t. Rotary kokoaa yhteen yhteiskunnallisia vaikuttajia ja alansa asiantuntijoita kaikista kulttuureista ja ammateista. Jos haluat verkostoitua ja k\u00e4ytt\u00e4\u00e4 osaamistasi hyv\u00e4n tekemiseen niin paikkakunnallasi kuin maailmalla, Rotary on sinua varten.<\/p>\n<h3>Rotaryn ideologia<\/h3>\n<p>Rotary on palveluj\u00e4rjest\u00f6, jonka tunnuslause on: Palvelu itsekkyyden edelle (Service above self). \u2028Rotaryn strategiasuunnitelmassa v 2007 ydinarvoiksemme ovat kiteytyneet: Toveruus, rehellisyys, moninaisuus ja palvelu.<\/p>\n<p>[\/et_pb_text][et_pb_button button_url=&#8221;https:\/\/rotary.fi\/&#8221; url_new_window=&#8221;on&#8221; button_text=&#8221;Suomen Rotaryn sivuille&#8221; _builder_version=&#8221;3.21&#8243;][\/et_pb_button][\/et_pb_column][\/et_pb_row][\/et_pb_section]<\/p>\n","protected":false},"excerpt":{"rendered":"<p>Mik\u00e4 on Rotary Mik\u00e4 on Rotary Rotary on eettisell\u00e4 pohjalla toimiva maailmanlaajuinen palvelu- ja hyv\u00e4ntekev\u00e4isyysorganisaatio, joka pyrkii my\u00f6s j\u00e4sentens\u00e4 ja heid\u00e4n liikemoraalinsa kehitt\u00e4miseen sek\u00e4 yhteisty\u00f6h\u00f6n eri ammattiryhmien kanssa. Verkosto toimii yli 200 maassa ja j\u00e4seni\u00e4 sill\u00e4 on yli 1,2 miljoonaa. Suomessa ja Virossa on yhteens\u00e4 300 rotaryklubia ja rotareita niiss\u00e4 on yhteens\u00e4 noin 9 600. [&hellip;]<\/p>\n","protected":false},"author":1,"featured_media":0,"parent":0,"menu_order":5,"comment_status":"closed","ping_status":"closed","template":"","meta":{"_acf_changed":false,"_et_pb_use_builder":"on","_et_pb_old_content":"","_et_gb_content_width":"","footnotes":""},"class_list":["post-654","page","type-page","status-publish","hentry"],"acf":[],"yoast_head":"<!-- This site is optimized with the Yoast SEO plugin v27.0 - https:\/\/yoast.com\/product\/yoast-seo-wordpress\/ -->\n<title>Mik\u00e4 on Rotary - Piiri 1400<\/title>\n<meta name=\"robots\" content=\"index, follow, max-snippet:-1, max-image-preview:large, max-video-preview:-1\" \/>\n<link rel=\"canonical\" href=\"https:\/\/rotary.fi\/d1400\/mika-on-rotary\/\" \/>\n<meta property=\"og:locale\" content=\"fi_FI\" \/>\n<meta property=\"og:type\" content=\"article\" \/>\n<meta property=\"og:title\" content=\"Mik\u00e4 on Rotary - Piiri 1400\" \/>\n<meta property=\"og:description\" content=\"Mik\u00e4 on Rotary Mik\u00e4 on Rotary Rotary on eettisell\u00e4 pohjalla toimiva maailmanlaajuinen palvelu- ja hyv\u00e4ntekev\u00e4isyysorganisaatio, joka pyrkii my\u00f6s j\u00e4sentens\u00e4 ja heid\u00e4n liikemoraalinsa kehitt\u00e4miseen sek\u00e4 yhteisty\u00f6h\u00f6n eri ammattiryhmien kanssa. Verkosto toimii yli 200 maassa ja j\u00e4seni\u00e4 sill\u00e4 on yli 1,2 miljoonaa. Suomessa ja Virossa on yhteens\u00e4 300 rotaryklubia ja rotareita niiss\u00e4 on yhteens\u00e4 noin 9 600. [&hellip;]\" \/>\n<meta property=\"og:url\" content=\"https:\/\/rotary.fi\/d1400\/mika-on-rotary\/\" \/>\n<meta property=\"og:site_name\" content=\"Piiri 1400\" \/>\n<meta property=\"article:publisher\" content=\"https:\/\/www.facebook.com\/rotary\/\" \/>\n<meta property=\"article:modified_time\" content=\"2019-11-24T13:23:06+00:00\" \/>\n<meta name=\"twitter:card\" content=\"summary_large_image\" \/>\n<meta name=\"twitter:label1\" content=\"Arvioitu lukuaika\" \/>\n\t<meta name=\"twitter:data1\" content=\"2 minuuttia\" \/>\n<script type=\"application\/ld+json\" class=\"yoast-schema-graph\">{\"@context\":\"https:\/\/schema.org\",\"@graph\":[{\"@type\":\"WebPage\",\"@id\":\"https:\/\/rotary.fi\/d1400\/mika-on-rotary\/\",\"url\":\"https:\/\/rotary.fi\/d1400\/mika-on-rotary\/\",\"name\":\"Mik\u00e4 on Rotary - Piiri 1400\",\"isPartOf\":{\"@id\":\"https:\/\/rotary.fi\/d1400\/#website\"},\"datePublished\":\"2018-04-09T11:38:56+00:00\",\"dateModified\":\"2019-11-24T13:23:06+00:00\",\"breadcrumb\":{\"@id\":\"https:\/\/rotary.fi\/d1400\/mika-on-rotary\/#breadcrumb\"},\"inLanguage\":\"fi\",\"potentialAction\":[{\"@type\":\"ReadAction\",\"target\":[\"https:\/\/rotary.fi\/d1400\/mika-on-rotary\/\"]}]},{\"@type\":\"BreadcrumbList\",\"@id\":\"https:\/\/rotary.fi\/d1400\/mika-on-rotary\/#breadcrumb\",\"itemListElement\":[{\"@type\":\"ListItem\",\"position\":1,\"name\":\"Home\",\"item\":\"https:\/\/rotary.fi\/d1400\/\"},{\"@type\":\"ListItem\",\"position\":2,\"name\":\"Mik\u00e4 on Rotary\"}]},{\"@type\":\"WebSite\",\"@id\":\"https:\/\/rotary.fi\/d1400\/#website\",\"url\":\"https:\/\/rotary.fi\/d1400\/\",\"name\":\"Piiri 1400\",\"description\":\"Suomen Rotary\",\"potentialAction\":[{\"@type\":\"SearchAction\",\"target\":{\"@type\":\"EntryPoint\",\"urlTemplate\":\"https:\/\/rotary.fi\/d1400\/?s={search_term_string}\"},\"query-input\":{\"@type\":\"PropertyValueSpecification\",\"valueRequired\":true,\"valueName\":\"search_term_string\"}}],\"inLanguage\":\"fi\"}]}<\/script>\n<!-- \/ Yoast SEO plugin. -->","yoast_head_json":{"title":"Mik\u00e4 on Rotary - Piiri 1400","robots":{"index":"index","follow":"follow","max-snippet":"max-snippet:-1","max-image-preview":"max-image-preview:large","max-video-preview":"max-video-preview:-1"},"canonical":"https:\/\/rotary.fi\/d1400\/mika-on-rotary\/","og_locale":"fi_FI","og_type":"article","og_title":"Mik\u00e4 on Rotary - Piiri 1400","og_description":"Mik\u00e4 on Rotary Mik\u00e4 on Rotary Rotary on eettisell\u00e4 pohjalla toimiva maailmanlaajuinen palvelu- ja hyv\u00e4ntekev\u00e4isyysorganisaatio, joka pyrkii my\u00f6s j\u00e4sentens\u00e4 ja heid\u00e4n liikemoraalinsa kehitt\u00e4miseen sek\u00e4 yhteisty\u00f6h\u00f6n eri ammattiryhmien kanssa. Verkosto toimii yli 200 maassa ja j\u00e4seni\u00e4 sill\u00e4 on yli 1,2 miljoonaa. Suomessa ja Virossa on yhteens\u00e4 300 rotaryklubia ja rotareita niiss\u00e4 on yhteens\u00e4 noin 9 600. [&hellip;]","og_url":"https:\/\/rotary.fi\/d1400\/mika-on-rotary\/","og_site_name":"Piiri 1400","article_publisher":"https:\/\/www.facebook.com\/rotary\/","article_modified_time":"2019-11-24T13:23:06+00:00","twitter_card":"summary_large_image","twitter_misc":{"Arvioitu lukuaika":"2 minuuttia"},"schema":{"@context":"https:\/\/schema.org","@graph":[{"@type":"WebPage","@id":"https:\/\/rotary.fi\/d1400\/mika-on-rotary\/","url":"https:\/\/rotary.fi\/d1400\/mika-on-rotary\/","name":"Mik\u00e4 on Rotary - Piiri 1400","isPartOf":{"@id":"https:\/\/rotary.fi\/d1400\/#website"},"datePublished":"2018-04-09T11:38:56+00:00","dateModified":"2019-11-24T13:23:06+00:00","breadcrumb":{"@id":"https:\/\/rotary.fi\/d1400\/mika-on-rotary\/#breadcrumb"},"inLanguage":"fi","potentialAction":[{"@type":"ReadAction","target":["https:\/\/rotary.fi\/d1400\/mika-on-rotary\/"]}]},{"@type":"BreadcrumbList","@id":"https:\/\/rotary.fi\/d1400\/mika-on-rotary\/#breadcrumb","itemListElement":[{"@type":"ListItem","position":1,"name":"Home","item":"https:\/\/rotary.fi\/d1400\/"},{"@type":"ListItem","position":2,"name":"Mik\u00e4 on Rotary"}]},{"@type":"WebSite","@id":"https:\/\/rotary.fi\/d1400\/#website","url":"https:\/\/rotary.fi\/d1400\/","name":"Piiri 1400","description":"Suomen Rotary","potentialAction":[{"@type":"SearchAction","target":{"@type":"EntryPoint","urlTemplate":"https:\/\/rotary.fi\/d1400\/?s={search_term_string}"},"query-input":{"@type":"PropertyValueSpecification","valueRequired":true,"valueName":"search_term_string"}}],"inLanguage":"fi"}]}},"lang":"fi","translations":{"fi":654,"en":3008},"pll_sync_post":[],"_links":{"self":[{"href":"https:\/\/rotary.fi\/d1400\/wp-json\/wp\/v2\/pages\/654","targetHints":{"allow":["GET"]}}],"collection":[{"href":"https:\/\/rotary.fi\/d1400\/wp-json\/wp\/v2\/pages"}],"about":[{"href":"https:\/\/rotary.fi\/d1400\/wp-json\/wp\/v2\/types\/page"}],"author":[{"embeddable":true,"href":"https:\/\/rotary.fi\/d1400\/wp-json\/wp\/v2\/users\/1"}],"replies":[{"embeddable":true,"href":"https:\/\/rotary.fi\/d1400\/wp-json\/wp\/v2\/comments?post=654"}],"version-history":[{"count":9,"href":"https:\/\/rotary.fi\/d1400\/wp-json\/wp\/v2\/pages\/654\/revisions"}],"predecessor-version":[{"id":4059,"href":"https:\/\/rotary.fi\/d1400\/wp-json\/wp\/v2\/pages\/654\/revisions\/4059"}],"wp:attachment":[{"href":"https:\/\/rotary.fi\/d1400\/wp-json\/wp\/v2\/media?parent=654"}],"curies":[{"name":"wp","href":"https:\/\/api.w.org\/{rel}","templated":true}]}}