{"id":508,"date":"2018-04-06T14:54:27","date_gmt":"2018-04-06T12:54:27","guid":{"rendered":"http:\/\/rotary.fi\/piirisivusto\/?page_id=508"},"modified":"2019-11-24T11:40:00","modified_gmt":"2019-11-24T09:40:00","slug":"ryla","status":"publish","type":"page","link":"https:\/\/rotary.fi\/d1400\/kiinnostaako-jasenyys\/ryla\/","title":{"rendered":"RYLA"},"content":{"rendered":"<p>[et_pb_section fb_built=&#8221;1&#8243; module_class=&#8221;jumbotron-page&#8221; _builder_version=&#8221;4.0.6&#8243; background_image=&#8221;http:\/\/rotary.fi\/piirisivusto\/wp-content\/uploads\/sites\/174\/2018\/04\/paakuva_ryla.jpg&#8221; hover_enabled=&#8221;0&#8243;][et_pb_row module_class=&#8221; et_pb_row_fullwidth et_pb_row_fullwidth&#8221; _builder_version=&#8221;3.25&#8243; width=&#8221;89%&#8221; width_tablet=&#8221;80%&#8221; width_phone=&#8221;&#8221; width_last_edited=&#8221;on|desktop&#8221; max_width=&#8221;89%&#8221; max_width_tablet=&#8221;80%&#8221; max_width_phone=&#8221;&#8221; max_width_last_edited=&#8221;on|desktop&#8221; make_fullwidth=&#8221;on&#8221;][et_pb_column type=&#8221;4_4&#8243; _builder_version=&#8221;3.25&#8243; custom_padding=&#8221;|||&#8221; custom_padding__hover=&#8221;|||&#8221;][et_pb_text admin_label=&#8221;Rotary Youth Leadership Awards -otsikko&#8221; _builder_version=&#8221;3.27.4&#8243; text_orientation=&#8221;center&#8221; background_layout=&#8221;dark&#8221;]<\/p>\n<h1>Rotary Youth Leadership Awards<\/h1>\n<p>[\/et_pb_text][\/et_pb_column][\/et_pb_row][\/et_pb_section][et_pb_section fb_built=&#8221;1&#8243; _builder_version=&#8221;3.22.3&#8243; inner_width_tablet=&#8221;50px&#8221; inner_max_width_tablet=&#8221;50px&#8221; custom_margin=&#8221;||40px|&#8221; z_index_tablet=&#8221;500&#8243;][et_pb_row custom_padding_last_edited=&#8221;on|phone&#8221; _builder_version=&#8221;3.25&#8243; custom_padding_tablet=&#8221;&#8221; custom_padding_phone=&#8221;&#8221;][et_pb_column type=&#8221;4_4&#8243; _builder_version=&#8221;3.25&#8243; custom_padding=&#8221;|||&#8221; custom_padding__hover=&#8221;|||&#8221;][et_pb_text admin_label=&#8221;Nuorista eettisi\u00e4 johtajia ja aktiivisia kansalaisia -otsikko&#8221; _builder_version=&#8221;3.27.4&#8243; text_orientation=&#8221;center&#8221; inline_fonts=&#8221;Georgia&#8221;]<\/p>\n<h1><span style=\"font-size: xx-large;font-family: inherit;font-weight: normal\">Nuorista eettisi\u00e4 johtajia ja aktiivisia kansalaisia<\/span><\/h1>\n<p>[\/et_pb_text][et_pb_text _builder_version=&#8221;4.0.6&#8243; hover_enabled=&#8221;0&#8243;]<\/p>\n<p><strong>Luvassa on inspiroivia puheenvuoroja, kokemusasiantuntijuutta, henkil\u00f6kohtaisen kasvun tukemista ja sosiaalista toimintaa. Kaikkea t\u00e4t\u00e4 ja paljon muuta voi sis\u00e4lty\u00e4 rotareiden RYLA \u2013 Rotary Youth Leadership Awards -koulutukseen.<\/strong><\/p>\n<p>RYLA-koulutuksen tarkoituksena on rohkaista nuoria johtajuuteen ja kasvattaa heit\u00e4 aktiiviseen kansalaisuuteen ja eettiseen toimintatapaan.<\/p>\n<p><strong>Koulutus on tarkoitettu 14 \u2013 30 -vuotiaille aktiivisille nuorille, jotka haluavat tutustua johtajuuteen ja kehitt\u00e4\u00e4<\/strong><\/p>\n<ul>\n<li>p\u00e4\u00e4t\u00f6ksentekokyky\u00e4\u00e4n<\/li>\n<li>aloitteellisuuttaan<\/li>\n<li>vuorovaikutuskyky\u00e4\u00e4n<\/li>\n<li>taitoa esitt\u00e4\u00e4 oma n\u00e4k\u00f6kantansa selke\u00e4sti ja vakuuttavasti.<\/li>\n<\/ul>\n<p>RYLA-seminaareissa eri alojen edustajat kertovat nuorille johtajuuteen liittyvist\u00e4 kokemuksistaan ja ajatuksistaan.<\/p>\n<p>RYLA-johtajuuskoulutuksia j\u00e4rjest\u00e4v\u00e4t yksitt\u00e4iset klubit tai useat klubit yhteisty\u00f6ss\u00e4, j\u00e4rjest\u00e4j\u00e4n\u00e4 voi olla my\u00f6s rotarypiiri. RYLAn yhteisty\u00f6tahona voi olla koulu tai muu yhteis\u00f6. Osallistujat valitaan hakemusten perusteella tai yhdess\u00e4 yhteisty\u00f6kumppanin kanssa.<\/p>\n<p>Ota rohkeasti yhteytt\u00e4 alueesi rotaryklubeihin ja kysy lis\u00e4tietoa alueellasi j\u00e4rjestett\u00e4vist\u00e4 RYLA-koulutuksista.<\/p>\n<p>[\/et_pb_text][\/et_pb_column][\/et_pb_row][\/et_pb_section]<\/p>\n","protected":false},"excerpt":{"rendered":"<p>Rotary Youth Leadership Awards Nuorista eettisi\u00e4 johtajia ja aktiivisia kansalaisiaLuvassa on inspiroivia puheenvuoroja, kokemusasiantuntijuutta, henkil\u00f6kohtaisen kasvun tukemista ja sosiaalista toimintaa. Kaikkea t\u00e4t\u00e4 ja paljon muuta voi sis\u00e4lty\u00e4 rotareiden RYLA \u2013 Rotary Youth Leadership Awards -koulutukseen. RYLA-koulutuksen tarkoituksena on rohkaista nuoria johtajuuteen ja kasvattaa heit\u00e4 aktiiviseen kansalaisuuteen ja eettiseen toimintatapaan. Koulutus on tarkoitettu 14 \u2013 30 [&hellip;]<\/p>\n","protected":false},"author":1,"featured_media":0,"parent":658,"menu_order":1,"comment_status":"closed","ping_status":"closed","template":"","meta":{"_acf_changed":false,"_et_pb_use_builder":"on","_et_pb_old_content":"","_et_gb_content_width":"","footnotes":""},"class_list":["post-508","page","type-page","status-publish","hentry"],"acf":[],"yoast_head":"<!-- This site is optimized with the Yoast SEO plugin v27.0 - https:\/\/yoast.com\/product\/yoast-seo-wordpress\/ -->\n<title>RYLA - Piiri 1400<\/title>\n<meta name=\"robots\" content=\"index, follow, max-snippet:-1, max-image-preview:large, max-video-preview:-1\" \/>\n<link rel=\"canonical\" href=\"https:\/\/rotary.fi\/d1400\/kiinnostaako-jasenyys\/ryla\/\" \/>\n<meta property=\"og:locale\" content=\"fi_FI\" \/>\n<meta property=\"og:type\" content=\"article\" \/>\n<meta property=\"og:title\" content=\"RYLA - Piiri 1400\" \/>\n<meta property=\"og:description\" content=\"Rotary Youth Leadership Awards Nuorista eettisi\u00e4 johtajia ja aktiivisia kansalaisiaLuvassa on inspiroivia puheenvuoroja, kokemusasiantuntijuutta, henkil\u00f6kohtaisen kasvun tukemista ja sosiaalista toimintaa. Kaikkea t\u00e4t\u00e4 ja paljon muuta voi sis\u00e4lty\u00e4 rotareiden RYLA \u2013 Rotary Youth Leadership Awards -koulutukseen. RYLA-koulutuksen tarkoituksena on rohkaista nuoria johtajuuteen ja kasvattaa heit\u00e4 aktiiviseen kansalaisuuteen ja eettiseen toimintatapaan. Koulutus on tarkoitettu 14 \u2013 30 [&hellip;]\" \/>\n<meta property=\"og:url\" content=\"https:\/\/rotary.fi\/d1400\/kiinnostaako-jasenyys\/ryla\/\" \/>\n<meta property=\"og:site_name\" content=\"Piiri 1400\" \/>\n<meta property=\"article:publisher\" content=\"https:\/\/www.facebook.com\/rotary\/\" \/>\n<meta property=\"article:modified_time\" content=\"2019-11-24T09:40:00+00:00\" \/>\n<meta name=\"twitter:card\" content=\"summary_large_image\" \/>\n<meta name=\"twitter:label1\" content=\"Arvioitu lukuaika\" \/>\n\t<meta name=\"twitter:data1\" content=\"2 minuuttia\" \/>\n<script type=\"application\/ld+json\" class=\"yoast-schema-graph\">{\"@context\":\"https:\/\/schema.org\",\"@graph\":[{\"@type\":\"WebPage\",\"@id\":\"https:\/\/rotary.fi\/d1400\/kiinnostaako-jasenyys\/ryla\/\",\"url\":\"https:\/\/rotary.fi\/d1400\/kiinnostaako-jasenyys\/ryla\/\",\"name\":\"RYLA - Piiri 1400\",\"isPartOf\":{\"@id\":\"https:\/\/rotary.fi\/d1400\/#website\"},\"datePublished\":\"2018-04-06T12:54:27+00:00\",\"dateModified\":\"2019-11-24T09:40:00+00:00\",\"breadcrumb\":{\"@id\":\"https:\/\/rotary.fi\/d1400\/kiinnostaako-jasenyys\/ryla\/#breadcrumb\"},\"inLanguage\":\"fi\",\"potentialAction\":[{\"@type\":\"ReadAction\",\"target\":[\"https:\/\/rotary.fi\/d1400\/kiinnostaako-jasenyys\/ryla\/\"]}]},{\"@type\":\"BreadcrumbList\",\"@id\":\"https:\/\/rotary.fi\/d1400\/kiinnostaako-jasenyys\/ryla\/#breadcrumb\",\"itemListElement\":[{\"@type\":\"ListItem\",\"position\":1,\"name\":\"Home\",\"item\":\"https:\/\/rotary.fi\/d1400\/\"},{\"@type\":\"ListItem\",\"position\":2,\"name\":\"Kiinnostaako j\u00e4senyys?\",\"item\":\"https:\/\/rotary.fi\/d1400\/kiinnostaako-jasenyys\/\"},{\"@type\":\"ListItem\",\"position\":3,\"name\":\"RYLA\"}]},{\"@type\":\"WebSite\",\"@id\":\"https:\/\/rotary.fi\/d1400\/#website\",\"url\":\"https:\/\/rotary.fi\/d1400\/\",\"name\":\"Piiri 1400\",\"description\":\"Suomen Rotary\",\"potentialAction\":[{\"@type\":\"SearchAction\",\"target\":{\"@type\":\"EntryPoint\",\"urlTemplate\":\"https:\/\/rotary.fi\/d1400\/?s={search_term_string}\"},\"query-input\":{\"@type\":\"PropertyValueSpecification\",\"valueRequired\":true,\"valueName\":\"search_term_string\"}}],\"inLanguage\":\"fi\"}]}<\/script>\n<!-- \/ Yoast SEO plugin. -->","yoast_head_json":{"title":"RYLA - Piiri 1400","robots":{"index":"index","follow":"follow","max-snippet":"max-snippet:-1","max-image-preview":"max-image-preview:large","max-video-preview":"max-video-preview:-1"},"canonical":"https:\/\/rotary.fi\/d1400\/kiinnostaako-jasenyys\/ryla\/","og_locale":"fi_FI","og_type":"article","og_title":"RYLA - Piiri 1400","og_description":"Rotary Youth Leadership Awards Nuorista eettisi\u00e4 johtajia ja aktiivisia kansalaisiaLuvassa on inspiroivia puheenvuoroja, kokemusasiantuntijuutta, henkil\u00f6kohtaisen kasvun tukemista ja sosiaalista toimintaa. Kaikkea t\u00e4t\u00e4 ja paljon muuta voi sis\u00e4lty\u00e4 rotareiden RYLA \u2013 Rotary Youth Leadership Awards -koulutukseen. RYLA-koulutuksen tarkoituksena on rohkaista nuoria johtajuuteen ja kasvattaa heit\u00e4 aktiiviseen kansalaisuuteen ja eettiseen toimintatapaan. Koulutus on tarkoitettu 14 \u2013 30 [&hellip;]","og_url":"https:\/\/rotary.fi\/d1400\/kiinnostaako-jasenyys\/ryla\/","og_site_name":"Piiri 1400","article_publisher":"https:\/\/www.facebook.com\/rotary\/","article_modified_time":"2019-11-24T09:40:00+00:00","twitter_card":"summary_large_image","twitter_misc":{"Arvioitu lukuaika":"2 minuuttia"},"schema":{"@context":"https:\/\/schema.org","@graph":[{"@type":"WebPage","@id":"https:\/\/rotary.fi\/d1400\/kiinnostaako-jasenyys\/ryla\/","url":"https:\/\/rotary.fi\/d1400\/kiinnostaako-jasenyys\/ryla\/","name":"RYLA - Piiri 1400","isPartOf":{"@id":"https:\/\/rotary.fi\/d1400\/#website"},"datePublished":"2018-04-06T12:54:27+00:00","dateModified":"2019-11-24T09:40:00+00:00","breadcrumb":{"@id":"https:\/\/rotary.fi\/d1400\/kiinnostaako-jasenyys\/ryla\/#breadcrumb"},"inLanguage":"fi","potentialAction":[{"@type":"ReadAction","target":["https:\/\/rotary.fi\/d1400\/kiinnostaako-jasenyys\/ryla\/"]}]},{"@type":"BreadcrumbList","@id":"https:\/\/rotary.fi\/d1400\/kiinnostaako-jasenyys\/ryla\/#breadcrumb","itemListElement":[{"@type":"ListItem","position":1,"name":"Home","item":"https:\/\/rotary.fi\/d1400\/"},{"@type":"ListItem","position":2,"name":"Kiinnostaako j\u00e4senyys?","item":"https:\/\/rotary.fi\/d1400\/kiinnostaako-jasenyys\/"},{"@type":"ListItem","position":3,"name":"RYLA"}]},{"@type":"WebSite","@id":"https:\/\/rotary.fi\/d1400\/#website","url":"https:\/\/rotary.fi\/d1400\/","name":"Piiri 1400","description":"Suomen Rotary","potentialAction":[{"@type":"SearchAction","target":{"@type":"EntryPoint","urlTemplate":"https:\/\/rotary.fi\/d1400\/?s={search_term_string}"},"query-input":{"@type":"PropertyValueSpecification","valueRequired":true,"valueName":"search_term_string"}}],"inLanguage":"fi"}]}},"lang":"fi","translations":{"fi":508,"en":2997},"pll_sync_post":[],"_links":{"self":[{"href":"https:\/\/rotary.fi\/d1400\/wp-json\/wp\/v2\/pages\/508","targetHints":{"allow":["GET"]}}],"collection":[{"href":"https:\/\/rotary.fi\/d1400\/wp-json\/wp\/v2\/pages"}],"about":[{"href":"https:\/\/rotary.fi\/d1400\/wp-json\/wp\/v2\/types\/page"}],"author":[{"embeddable":true,"href":"https:\/\/rotary.fi\/d1400\/wp-json\/wp\/v2\/users\/1"}],"replies":[{"embeddable":true,"href":"https:\/\/rotary.fi\/d1400\/wp-json\/wp\/v2\/comments?post=508"}],"version-history":[{"count":9,"href":"https:\/\/rotary.fi\/d1400\/wp-json\/wp\/v2\/pages\/508\/revisions"}],"predecessor-version":[{"id":4026,"href":"https:\/\/rotary.fi\/d1400\/wp-json\/wp\/v2\/pages\/508\/revisions\/4026"}],"up":[{"embeddable":true,"href":"https:\/\/rotary.fi\/d1400\/wp-json\/wp\/v2\/pages\/658"}],"wp:attachment":[{"href":"https:\/\/rotary.fi\/d1400\/wp-json\/wp\/v2\/media?parent=508"}],"curies":[{"name":"wp","href":"https:\/\/api.w.org\/{rel}","templated":true}]}}