{"id":3722,"date":"2019-11-01T00:41:16","date_gmt":"2019-10-31T22:41:16","guid":{"rendered":"https:\/\/rotary.fi\/d1400\/?page_id=3722"},"modified":"2019-11-01T00:41:20","modified_gmt":"2019-10-31T22:41:20","slug":"bill-ja-melinda-gatesin-saatio","status":"publish","type":"page","link":"https:\/\/rotary.fi\/d1400\/mita-teemme\/yhteistyo\/bill-ja-melinda-gatesin-saatio\/","title":{"rendered":"Bill ja Melinda Gatesin s\u00e4\u00e4ti\u00f6"},"content":{"rendered":"<p>[et_pb_section fb_built=&#8221;1&#8243; _builder_version=&#8221;3.29.3&#8243;][et_pb_row _builder_version=&#8221;3.29.3&#8243;][et_pb_column _builder_version=&#8221;3.29.3&#8243; type=&#8221;4_4&#8243;][et_pb_text _builder_version=&#8221;3.29.3&#8243; hover_enabled=&#8221;0&#8243;]<\/p>\n<p><a href=\"https:\/\/rotary.fi\/mita-teemme\/kumppanitoiminta\/bill-ja-melinda-gatesin-saatio\/\">https:\/\/rotary.fi\/mita-teemme\/kumppanitoiminta\/bill-ja-melinda-gatesin-saatio\/<\/a><\/p>\n<p>[\/et_pb_text][\/et_pb_column][\/et_pb_row][\/et_pb_section]<\/p>\n","protected":false},"excerpt":{"rendered":"<p>https:\/\/rotary.fi\/mita-teemme\/kumppanitoiminta\/bill-ja-melinda-gatesin-saatio\/<\/p>\n","protected":false},"author":312,"featured_media":0,"parent":2044,"menu_order":0,"comment_status":"closed","ping_status":"closed","template":"","meta":{"_acf_changed":false,"_et_pb_use_builder":"on","_et_pb_old_content":"","_et_gb_content_width":"","footnotes":""},"class_list":["post-3722","page","type-page","status-publish","hentry"],"acf":[],"yoast_head":"<!-- This site is optimized with the Yoast SEO plugin v27.0 - https:\/\/yoast.com\/product\/yoast-seo-wordpress\/ -->\n<title>Bill ja Melinda Gatesin s\u00e4\u00e4ti\u00f6 - Piiri 1400<\/title>\n<meta name=\"robots\" content=\"index, follow, max-snippet:-1, max-image-preview:large, max-video-preview:-1\" \/>\n<link rel=\"canonical\" href=\"https:\/\/rotary.fi\/d1400\/mita-teemme\/yhteistyo\/bill-ja-melinda-gatesin-saatio\/\" \/>\n<meta property=\"og:locale\" content=\"fi_FI\" \/>\n<meta property=\"og:type\" content=\"article\" \/>\n<meta property=\"og:title\" content=\"Bill ja Melinda Gatesin s\u00e4\u00e4ti\u00f6 - Piiri 1400\" \/>\n<meta property=\"og:description\" content=\"https:\/\/rotary.fi\/mita-teemme\/kumppanitoiminta\/bill-ja-melinda-gatesin-saatio\/\" \/>\n<meta property=\"og:url\" content=\"https:\/\/rotary.fi\/d1400\/mita-teemme\/yhteistyo\/bill-ja-melinda-gatesin-saatio\/\" \/>\n<meta property=\"og:site_name\" content=\"Piiri 1400\" \/>\n<meta property=\"article:publisher\" content=\"https:\/\/www.facebook.com\/rotary\/\" \/>\n<meta property=\"article:modified_time\" content=\"2019-10-31T22:41:20+00:00\" \/>\n<meta name=\"twitter:card\" content=\"summary_large_image\" \/>\n<script type=\"application\/ld+json\" class=\"yoast-schema-graph\">{\"@context\":\"https:\/\/schema.org\",\"@graph\":[{\"@type\":\"WebPage\",\"@id\":\"https:\/\/rotary.fi\/d1400\/mita-teemme\/yhteistyo\/bill-ja-melinda-gatesin-saatio\/\",\"url\":\"https:\/\/rotary.fi\/d1400\/mita-teemme\/yhteistyo\/bill-ja-melinda-gatesin-saatio\/\",\"name\":\"Bill ja Melinda Gatesin s\u00e4\u00e4ti\u00f6 - Piiri 1400\",\"isPartOf\":{\"@id\":\"https:\/\/rotary.fi\/d1400\/#website\"},\"datePublished\":\"2019-10-31T22:41:16+00:00\",\"dateModified\":\"2019-10-31T22:41:20+00:00\",\"breadcrumb\":{\"@id\":\"https:\/\/rotary.fi\/d1400\/mita-teemme\/yhteistyo\/bill-ja-melinda-gatesin-saatio\/#breadcrumb\"},\"inLanguage\":\"fi\",\"potentialAction\":[{\"@type\":\"ReadAction\",\"target\":[\"https:\/\/rotary.fi\/d1400\/mita-teemme\/yhteistyo\/bill-ja-melinda-gatesin-saatio\/\"]}]},{\"@type\":\"BreadcrumbList\",\"@id\":\"https:\/\/rotary.fi\/d1400\/mita-teemme\/yhteistyo\/bill-ja-melinda-gatesin-saatio\/#breadcrumb\",\"itemListElement\":[{\"@type\":\"ListItem\",\"position\":1,\"name\":\"Home\",\"item\":\"https:\/\/rotary.fi\/d1400\/\"},{\"@type\":\"ListItem\",\"position\":2,\"name\":\"Mit\u00e4 teemme\",\"item\":\"https:\/\/rotary.fi\/d1400\/mita-teemme\/\"},{\"@type\":\"ListItem\",\"position\":3,\"name\":\"Yhteisty\u00f6\",\"item\":\"https:\/\/rotary.fi\/d1400\/mita-teemme\/yhteistyo\/\"},{\"@type\":\"ListItem\",\"position\":4,\"name\":\"Bill ja Melinda Gatesin s\u00e4\u00e4ti\u00f6\"}]},{\"@type\":\"WebSite\",\"@id\":\"https:\/\/rotary.fi\/d1400\/#website\",\"url\":\"https:\/\/rotary.fi\/d1400\/\",\"name\":\"Piiri 1400\",\"description\":\"Suomen Rotary\",\"potentialAction\":[{\"@type\":\"SearchAction\",\"target\":{\"@type\":\"EntryPoint\",\"urlTemplate\":\"https:\/\/rotary.fi\/d1400\/?s={search_term_string}\"},\"query-input\":{\"@type\":\"PropertyValueSpecification\",\"valueRequired\":true,\"valueName\":\"search_term_string\"}}],\"inLanguage\":\"fi\"}]}<\/script>\n<!-- \/ Yoast SEO plugin. -->","yoast_head_json":{"title":"Bill ja Melinda Gatesin s\u00e4\u00e4ti\u00f6 - Piiri 1400","robots":{"index":"index","follow":"follow","max-snippet":"max-snippet:-1","max-image-preview":"max-image-preview:large","max-video-preview":"max-video-preview:-1"},"canonical":"https:\/\/rotary.fi\/d1400\/mita-teemme\/yhteistyo\/bill-ja-melinda-gatesin-saatio\/","og_locale":"fi_FI","og_type":"article","og_title":"Bill ja Melinda Gatesin s\u00e4\u00e4ti\u00f6 - Piiri 1400","og_description":"https:\/\/rotary.fi\/mita-teemme\/kumppanitoiminta\/bill-ja-melinda-gatesin-saatio\/","og_url":"https:\/\/rotary.fi\/d1400\/mita-teemme\/yhteistyo\/bill-ja-melinda-gatesin-saatio\/","og_site_name":"Piiri 1400","article_publisher":"https:\/\/www.facebook.com\/rotary\/","article_modified_time":"2019-10-31T22:41:20+00:00","twitter_card":"summary_large_image","schema":{"@context":"https:\/\/schema.org","@graph":[{"@type":"WebPage","@id":"https:\/\/rotary.fi\/d1400\/mita-teemme\/yhteistyo\/bill-ja-melinda-gatesin-saatio\/","url":"https:\/\/rotary.fi\/d1400\/mita-teemme\/yhteistyo\/bill-ja-melinda-gatesin-saatio\/","name":"Bill ja Melinda Gatesin s\u00e4\u00e4ti\u00f6 - Piiri 1400","isPartOf":{"@id":"https:\/\/rotary.fi\/d1400\/#website"},"datePublished":"2019-10-31T22:41:16+00:00","dateModified":"2019-10-31T22:41:20+00:00","breadcrumb":{"@id":"https:\/\/rotary.fi\/d1400\/mita-teemme\/yhteistyo\/bill-ja-melinda-gatesin-saatio\/#breadcrumb"},"inLanguage":"fi","potentialAction":[{"@type":"ReadAction","target":["https:\/\/rotary.fi\/d1400\/mita-teemme\/yhteistyo\/bill-ja-melinda-gatesin-saatio\/"]}]},{"@type":"BreadcrumbList","@id":"https:\/\/rotary.fi\/d1400\/mita-teemme\/yhteistyo\/bill-ja-melinda-gatesin-saatio\/#breadcrumb","itemListElement":[{"@type":"ListItem","position":1,"name":"Home","item":"https:\/\/rotary.fi\/d1400\/"},{"@type":"ListItem","position":2,"name":"Mit\u00e4 teemme","item":"https:\/\/rotary.fi\/d1400\/mita-teemme\/"},{"@type":"ListItem","position":3,"name":"Yhteisty\u00f6","item":"https:\/\/rotary.fi\/d1400\/mita-teemme\/yhteistyo\/"},{"@type":"ListItem","position":4,"name":"Bill ja Melinda Gatesin s\u00e4\u00e4ti\u00f6"}]},{"@type":"WebSite","@id":"https:\/\/rotary.fi\/d1400\/#website","url":"https:\/\/rotary.fi\/d1400\/","name":"Piiri 1400","description":"Suomen Rotary","potentialAction":[{"@type":"SearchAction","target":{"@type":"EntryPoint","urlTemplate":"https:\/\/rotary.fi\/d1400\/?s={search_term_string}"},"query-input":{"@type":"PropertyValueSpecification","valueRequired":true,"valueName":"search_term_string"}}],"inLanguage":"fi"}]}},"lang":"fi","translations":{"fi":3722},"pll_sync_post":[],"_links":{"self":[{"href":"https:\/\/rotary.fi\/d1400\/wp-json\/wp\/v2\/pages\/3722","targetHints":{"allow":["GET"]}}],"collection":[{"href":"https:\/\/rotary.fi\/d1400\/wp-json\/wp\/v2\/pages"}],"about":[{"href":"https:\/\/rotary.fi\/d1400\/wp-json\/wp\/v2\/types\/page"}],"author":[{"embeddable":true,"href":"https:\/\/rotary.fi\/d1400\/wp-json\/wp\/v2\/users\/312"}],"replies":[{"embeddable":true,"href":"https:\/\/rotary.fi\/d1400\/wp-json\/wp\/v2\/comments?post=3722"}],"version-history":[{"count":3,"href":"https:\/\/rotary.fi\/d1400\/wp-json\/wp\/v2\/pages\/3722\/revisions"}],"predecessor-version":[{"id":3726,"href":"https:\/\/rotary.fi\/d1400\/wp-json\/wp\/v2\/pages\/3722\/revisions\/3726"}],"up":[{"embeddable":true,"href":"https:\/\/rotary.fi\/d1400\/wp-json\/wp\/v2\/pages\/2044"}],"wp:attachment":[{"href":"https:\/\/rotary.fi\/d1400\/wp-json\/wp\/v2\/media?parent=3722"}],"curies":[{"name":"wp","href":"https:\/\/api.w.org\/{rel}","templated":true}]}}