{"id":2054,"date":"2018-08-27T11:41:54","date_gmt":"2018-08-27T09:41:54","guid":{"rendered":"https:\/\/rotary.fi\/piirisivusto\/?page_id=2054"},"modified":"2020-05-16T10:29:17","modified_gmt":"2020-05-16T08:29:17","slug":"kuvernoorin-uutiset","status":"publish","type":"page","link":"https:\/\/rotary.fi\/d1400\/ajankohtaista\/kuvernoorin-uutiset\/","title":{"rendered":"Kuvern\u00f6\u00f6rin uutiset"},"content":{"rendered":"<h6><strong>Kuukausikirjeet julkaistaan t\u00e4\u00e4ll\u00e4<\/strong><\/h6>\n<p>Ne l\u00e4hetet\u00e4\u00e4n my\u00f6s s\u00e4hk\u00f6postilla alkukuusta kaikille piirimme rotareille. Mik\u00e4li olet piirimme jonkin klubin j\u00e4sen, etk\u00e4 ole saanut kirjett\u00e4, ilmoita siit\u00e4 <a href=\"https:\/\/rotary.fi\/d1400\/ota-yhteytta\/\">t\u00e4\u00e4ll\u00e4<\/a>.<\/p>\n<h6><strong>Kirjeet sis\u00e4lt\u00e4v\u00e4t mm. kuukausiteeman, uutisia ja tapahtumakutsuja<\/strong><\/h6>\n<p><a href='https:\/\/turbiiniryhmoy.createsend1.com\/t\/ViewEmail\/j\/C9859EA1DB6FB1ED2540EF23F30FEDED\/9823E0F3B6BD3820A10BC276F201ED4B' class='small-button smallblue'>Elokuun kuukausikirje 2019<\/a> <a href='https:\/\/turbiiniryhmoy.createsend1.com\/t\/ViewEmail\/j\/8DAD612FC727F6BA2540EF23F30FEDED' class='small-button smallblue'>Syyskuun kuukausikirje 2019<\/a> <a href='https:\/\/turbiiniryhmoy.cmail19.com\/t\/ViewEmail\/j\/5BCB854CAB3A69BE2540EF23F30FEDED\/9823E0F3B6BD382081176E9AA71FFAE9' class='small-button smalllightblue'>Lokakuun kuukausikirje 2019<\/a><\/p>\n<h6><strong>Ohjelmakauden\u00a0<\/strong><strong>2018-2019\u00a0<\/strong><strong>kuvern\u00f6\u00f6rin Heikki Salum\u00e4en kuukausikirjeet\u00a0<\/strong><\/h6>\n<p>&nbsp;<\/p>\n","protected":false},"excerpt":{"rendered":"<p>Kuukausikirjeet julkaistaan t\u00e4\u00e4ll\u00e4 Ne l\u00e4hetet\u00e4\u00e4n my\u00f6s s\u00e4hk\u00f6postilla alkukuusta kaikille piirimme rotareille. Mik\u00e4li olet piirimme jonkin klubin j\u00e4sen, etk\u00e4 ole saanut kirjett\u00e4, ilmoita siit\u00e4 t\u00e4\u00e4ll\u00e4. Kirjeet sis\u00e4lt\u00e4v\u00e4t mm. kuukausiteeman, uutisia ja tapahtumakutsuja Ohjelmakauden\u00a02018-2019\u00a0kuvern\u00f6\u00f6rin Heikki Salum\u00e4en kuukausikirjeet\u00a0 &nbsp;<\/p>\n","protected":false},"author":312,"featured_media":0,"parent":676,"menu_order":1,"comment_status":"closed","ping_status":"closed","template":"","meta":{"_acf_changed":false,"_et_pb_use_builder":"off","_et_pb_old_content":"","_et_gb_content_width":"","footnotes":""},"class_list":["post-2054","page","type-page","status-publish","hentry"],"acf":[],"yoast_head":"<!-- This site is optimized with the Yoast SEO plugin v27.0 - https:\/\/yoast.com\/product\/yoast-seo-wordpress\/ -->\n<title>Kuvern\u00f6\u00f6rin uutiset - Piiri 1400<\/title>\n<meta name=\"description\" content=\"Joka kuukauden alussa julkaistaan piirin ajankohtaiset uutiset, jotka l\u00e4het\u00e4\u00e4n j\u00e4senille my\u00f6s s\u00e4hk\u00f6postilla.\" \/>\n<meta name=\"robots\" content=\"index, follow, max-snippet:-1, max-image-preview:large, max-video-preview:-1\" \/>\n<link rel=\"canonical\" href=\"https:\/\/rotary.fi\/d1400\/ajankohtaista\/kuvernoorin-uutiset\/\" \/>\n<meta property=\"og:locale\" content=\"fi_FI\" \/>\n<meta property=\"og:type\" content=\"article\" \/>\n<meta property=\"og:title\" content=\"Kuvern\u00f6\u00f6rin uutiset - Piiri 1400\" \/>\n<meta property=\"og:description\" content=\"Joka kuukauden alussa julkaistaan piirin ajankohtaiset uutiset, jotka l\u00e4het\u00e4\u00e4n j\u00e4senille my\u00f6s s\u00e4hk\u00f6postilla.\" \/>\n<meta property=\"og:url\" content=\"https:\/\/rotary.fi\/d1400\/ajankohtaista\/kuvernoorin-uutiset\/\" \/>\n<meta property=\"og:site_name\" content=\"Piiri 1400\" \/>\n<meta property=\"article:publisher\" content=\"https:\/\/www.facebook.com\/rotary\/\" \/>\n<meta property=\"article:modified_time\" content=\"2020-05-16T08:29:17+00:00\" \/>\n<meta name=\"twitter:card\" content=\"summary_large_image\" \/>\n<meta name=\"twitter:label1\" content=\"Arvioitu lukuaika\" \/>\n\t<meta name=\"twitter:data1\" content=\"1 minuutti\" \/>\n<script type=\"application\/ld+json\" class=\"yoast-schema-graph\">{\"@context\":\"https:\/\/schema.org\",\"@graph\":[{\"@type\":\"WebPage\",\"@id\":\"https:\/\/rotary.fi\/d1400\/ajankohtaista\/kuvernoorin-uutiset\/\",\"url\":\"https:\/\/rotary.fi\/d1400\/ajankohtaista\/kuvernoorin-uutiset\/\",\"name\":\"Kuvern\u00f6\u00f6rin uutiset - Piiri 1400\",\"isPartOf\":{\"@id\":\"https:\/\/rotary.fi\/d1400\/#website\"},\"datePublished\":\"2018-08-27T09:41:54+00:00\",\"dateModified\":\"2020-05-16T08:29:17+00:00\",\"description\":\"Joka kuukauden alussa julkaistaan piirin ajankohtaiset uutiset, jotka l\u00e4het\u00e4\u00e4n j\u00e4senille my\u00f6s s\u00e4hk\u00f6postilla.\",\"breadcrumb\":{\"@id\":\"https:\/\/rotary.fi\/d1400\/ajankohtaista\/kuvernoorin-uutiset\/#breadcrumb\"},\"inLanguage\":\"fi\",\"potentialAction\":[{\"@type\":\"ReadAction\",\"target\":[\"https:\/\/rotary.fi\/d1400\/ajankohtaista\/kuvernoorin-uutiset\/\"]}]},{\"@type\":\"BreadcrumbList\",\"@id\":\"https:\/\/rotary.fi\/d1400\/ajankohtaista\/kuvernoorin-uutiset\/#breadcrumb\",\"itemListElement\":[{\"@type\":\"ListItem\",\"position\":1,\"name\":\"Home\",\"item\":\"https:\/\/rotary.fi\/d1400\/\"},{\"@type\":\"ListItem\",\"position\":2,\"name\":\"Ajankohtaista\",\"item\":\"https:\/\/rotary.fi\/d1400\/ajankohtaista\/\"},{\"@type\":\"ListItem\",\"position\":3,\"name\":\"Kuvern\u00f6\u00f6rin uutiset\"}]},{\"@type\":\"WebSite\",\"@id\":\"https:\/\/rotary.fi\/d1400\/#website\",\"url\":\"https:\/\/rotary.fi\/d1400\/\",\"name\":\"Piiri 1400\",\"description\":\"Suomen Rotary\",\"potentialAction\":[{\"@type\":\"SearchAction\",\"target\":{\"@type\":\"EntryPoint\",\"urlTemplate\":\"https:\/\/rotary.fi\/d1400\/?s={search_term_string}\"},\"query-input\":{\"@type\":\"PropertyValueSpecification\",\"valueRequired\":true,\"valueName\":\"search_term_string\"}}],\"inLanguage\":\"fi\"}]}<\/script>\n<!-- \/ Yoast SEO plugin. -->","yoast_head_json":{"title":"Kuvern\u00f6\u00f6rin uutiset - Piiri 1400","description":"Joka kuukauden alussa julkaistaan piirin ajankohtaiset uutiset, jotka l\u00e4het\u00e4\u00e4n j\u00e4senille my\u00f6s s\u00e4hk\u00f6postilla.","robots":{"index":"index","follow":"follow","max-snippet":"max-snippet:-1","max-image-preview":"max-image-preview:large","max-video-preview":"max-video-preview:-1"},"canonical":"https:\/\/rotary.fi\/d1400\/ajankohtaista\/kuvernoorin-uutiset\/","og_locale":"fi_FI","og_type":"article","og_title":"Kuvern\u00f6\u00f6rin uutiset - Piiri 1400","og_description":"Joka kuukauden alussa julkaistaan piirin ajankohtaiset uutiset, jotka l\u00e4het\u00e4\u00e4n j\u00e4senille my\u00f6s s\u00e4hk\u00f6postilla.","og_url":"https:\/\/rotary.fi\/d1400\/ajankohtaista\/kuvernoorin-uutiset\/","og_site_name":"Piiri 1400","article_publisher":"https:\/\/www.facebook.com\/rotary\/","article_modified_time":"2020-05-16T08:29:17+00:00","twitter_card":"summary_large_image","twitter_misc":{"Arvioitu lukuaika":"1 minuutti"},"schema":{"@context":"https:\/\/schema.org","@graph":[{"@type":"WebPage","@id":"https:\/\/rotary.fi\/d1400\/ajankohtaista\/kuvernoorin-uutiset\/","url":"https:\/\/rotary.fi\/d1400\/ajankohtaista\/kuvernoorin-uutiset\/","name":"Kuvern\u00f6\u00f6rin uutiset - Piiri 1400","isPartOf":{"@id":"https:\/\/rotary.fi\/d1400\/#website"},"datePublished":"2018-08-27T09:41:54+00:00","dateModified":"2020-05-16T08:29:17+00:00","description":"Joka kuukauden alussa julkaistaan piirin ajankohtaiset uutiset, jotka l\u00e4het\u00e4\u00e4n j\u00e4senille my\u00f6s s\u00e4hk\u00f6postilla.","breadcrumb":{"@id":"https:\/\/rotary.fi\/d1400\/ajankohtaista\/kuvernoorin-uutiset\/#breadcrumb"},"inLanguage":"fi","potentialAction":[{"@type":"ReadAction","target":["https:\/\/rotary.fi\/d1400\/ajankohtaista\/kuvernoorin-uutiset\/"]}]},{"@type":"BreadcrumbList","@id":"https:\/\/rotary.fi\/d1400\/ajankohtaista\/kuvernoorin-uutiset\/#breadcrumb","itemListElement":[{"@type":"ListItem","position":1,"name":"Home","item":"https:\/\/rotary.fi\/d1400\/"},{"@type":"ListItem","position":2,"name":"Ajankohtaista","item":"https:\/\/rotary.fi\/d1400\/ajankohtaista\/"},{"@type":"ListItem","position":3,"name":"Kuvern\u00f6\u00f6rin uutiset"}]},{"@type":"WebSite","@id":"https:\/\/rotary.fi\/d1400\/#website","url":"https:\/\/rotary.fi\/d1400\/","name":"Piiri 1400","description":"Suomen Rotary","potentialAction":[{"@type":"SearchAction","target":{"@type":"EntryPoint","urlTemplate":"https:\/\/rotary.fi\/d1400\/?s={search_term_string}"},"query-input":{"@type":"PropertyValueSpecification","valueRequired":true,"valueName":"search_term_string"}}],"inLanguage":"fi"}]}},"lang":"fi","translations":{"fi":2054,"en":3069},"pll_sync_post":[],"_links":{"self":[{"href":"https:\/\/rotary.fi\/d1400\/wp-json\/wp\/v2\/pages\/2054","targetHints":{"allow":["GET"]}}],"collection":[{"href":"https:\/\/rotary.fi\/d1400\/wp-json\/wp\/v2\/pages"}],"about":[{"href":"https:\/\/rotary.fi\/d1400\/wp-json\/wp\/v2\/types\/page"}],"author":[{"embeddable":true,"href":"https:\/\/rotary.fi\/d1400\/wp-json\/wp\/v2\/users\/312"}],"replies":[{"embeddable":true,"href":"https:\/\/rotary.fi\/d1400\/wp-json\/wp\/v2\/comments?post=2054"}],"version-history":[{"count":50,"href":"https:\/\/rotary.fi\/d1400\/wp-json\/wp\/v2\/pages\/2054\/revisions"}],"predecessor-version":[{"id":4579,"href":"https:\/\/rotary.fi\/d1400\/wp-json\/wp\/v2\/pages\/2054\/revisions\/4579"}],"up":[{"embeddable":true,"href":"https:\/\/rotary.fi\/d1400\/wp-json\/wp\/v2\/pages\/676"}],"wp:attachment":[{"href":"https:\/\/rotary.fi\/d1400\/wp-json\/wp\/v2\/media?parent=2054"}],"curies":[{"name":"wp","href":"https:\/\/api.w.org\/{rel}","templated":true}]}}