{"id":2041,"date":"2018-08-27T10:22:30","date_gmt":"2018-08-27T08:22:30","guid":{"rendered":"https:\/\/rotary.fi\/piirisivusto\/?page_id=2041"},"modified":"2019-11-08T11:31:51","modified_gmt":"2019-11-08T09:31:51","slug":"rotarysaatio","status":"publish","type":"page","link":"https:\/\/rotary.fi\/d1400\/mita-teemme\/rotarysaatio\/","title":{"rendered":"Rotarys\u00e4\u00e4ti\u00f6"},"content":{"rendered":"<p>[et_pb_section fb_built=&#8221;1&#8243; module_class=&#8221;jumbotron-page&#8221; _builder_version=&#8221;3.22&#8243; background_image=&#8221;https:\/\/rotary.fi\/piirisivusto\/wp-content\/uploads\/sites\/174\/2019\/03\/rotary_klubit_alasivu_paakuva_12.jpg&#8221;][et_pb_row module_class=&#8221; et_pb_row_fullwidth&#8221; _builder_version=&#8221;3.25&#8243; width=&#8221;89%&#8221; width_tablet=&#8221;80%&#8221; width_phone=&#8221;&#8221; width_last_edited=&#8221;on|desktop&#8221; max_width=&#8221;89%&#8221; max_width_tablet=&#8221;80%&#8221; max_width_phone=&#8221;&#8221; max_width_last_edited=&#8221;on|desktop&#8221; make_fullwidth=&#8221;on&#8221;][et_pb_column type=&#8221;4_4&#8243; _builder_version=&#8221;3.25&#8243; custom_padding=&#8221;|||&#8221; custom_padding__hover=&#8221;|||&#8221;][et_pb_text admin_label=&#8221;P\u00e4\u00e4otsikko kuvan p\u00e4\u00e4ll\u00e4&#8221; _builder_version=&#8221;3.27.4&#8243; text_orientation=&#8221;center&#8221; background_layout=&#8221;dark&#8221; locked=&#8221;off&#8221; collapsed=&#8221;off&#8221;]<\/p>\n<h1>Rotarys\u00e4\u00e4ti\u00f6<\/h1>\n<p>[\/et_pb_text][\/et_pb_column][\/et_pb_row][\/et_pb_section][et_pb_section fb_built=&#8221;1&#8243; module_class=&#8221;sisaltoalue_perus&#8221; _builder_version=&#8221;3.22&#8243; custom_margin=&#8221;||40px|&#8221;][et_pb_row custom_padding_last_edited=&#8221;on|phone&#8221; _builder_version=&#8221;3.25&#8243; custom_padding_tablet=&#8221;&#8221; custom_padding_phone=&#8221;&#8221;][et_pb_column type=&#8221;4_4&#8243; _builder_version=&#8221;3.25&#8243; custom_padding=&#8221;|||&#8221; custom_padding__hover=&#8221;|||&#8221;][et_pb_text admin_label=&#8221;P\u00e4\u00e4otsikko ennen sis\u00e4lt\u00f6\u00e4&#8221; _builder_version=&#8221;3.27.4&#8243; text_orientation=&#8221;center&#8221;]<\/p>\n<h1>Rotarys\u00e4\u00e4ti\u00f6<\/h1>\n<p>[\/et_pb_text][et_pb_text _builder_version=&#8221;3.27.4&#8243;]<\/p>\n<p>Rotarien ja rotaryklubien lahjoitukset hyv\u00e4ntekemiseen ohjataan Rotarys\u00e4\u00e4ti\u00f6n kautta apua tarvitseville niin l\u00e4helle kuin kauaskin. S\u00e4\u00e4ti\u00f6n apurahamallien avulla rotarit voivat auttaa ihmisi\u00e4 omassa elinpiiriss\u00e4\u00e4n ja maailmanlaajuisesti \u2013 vied\u00e4 apunsa sinnekin, miss\u00e4 h\u00e4t\u00e4 ja tarve on suurin.<\/p>\n<p>Rotarypiirin avustustoimintaa koordinoi rotarys\u00e4\u00e4ti\u00f6komitea. S\u00e4\u00e4ti\u00f6komitea kannustaa, kouluttaa ja avustaa rotareita piirins\u00e4 alueella tapahtuvassa varainhankinnassa ja avustustoiminnassa. Keskeisimm\u00e4t rotarys\u00e4\u00e4ti\u00f6n avustustoiminnan muodot ovat piiriapurahojen vuosittainen valmistelu, avustettavien klubihankkeiden valinnat ja maksatusten raportointi Rotarys\u00e4\u00e4ti\u00f6lle. <br \/>Piiriapurahaprosessin lis\u00e4ksi rotarys\u00e4\u00e4ti\u00f6komitea avustaa klubeja ja rotareita Poliorahaston avustusten ker\u00e4\u00e4misess\u00e4. Lahjarahastoon teht\u00e4v\u00e4t suuremmat lahjoitukset ja testamentit vaativat usein s\u00e4\u00e4ti\u00f6komitean asiantuntemusta.<\/p>\n<p>Rotarys\u00e4\u00e4ti\u00f6lle teht\u00e4vist\u00e4 lahjoituksista jaetaan rotareille my\u00f6s tunnustuksia. Tunnetuin tunnustuksista on Paul Harris Fellow -mitali. Piirin rotarys\u00e4\u00e4ti\u00f6komitea tilaa n\u00e4m\u00e4 tunnustukset aluetoimistosta Z\u00fcrichiss\u00e4.<\/p>\n<p>Suuremmista kansainv\u00e4lisist\u00e4 avustuksista \u2013 Global Grant -hankkeista \u2013 kerrotaan kansainv\u00e4listen projektien osiossa.<\/p>\n<h4>Ota yhteytt\u00e4:<\/h4>\n<p>piirin rotarys\u00e4\u00e4ti\u00f6komitean puheenjohtaja<\/p>\n<p><span><strong>Arja Saarento<\/strong>, Kemi<\/span><br \/><span>Puhelin 040 562 4954<\/span><br \/><span>s\u00e4hk\u00f6posti arja.saarento (at) outlook.com<\/span><\/p>\n<p>[\/et_pb_text][et_pb_button button_url=&#8221;https:\/\/www.rotary.org\/en\/about-rotary\/rotary-foundation&#8221; url_new_window=&#8221;on&#8221; button_text=&#8221;Lue lis\u00e4\u00e4&#8221; _builder_version=&#8221;3.27.4&#8243;][\/et_pb_button][\/et_pb_column][\/et_pb_row][\/et_pb_section]<\/p>\n","protected":false},"excerpt":{"rendered":"<p>Rotarys\u00e4\u00e4ti\u00f6 Rotarys\u00e4\u00e4ti\u00f6 Rotarien ja rotaryklubien lahjoitukset hyv\u00e4ntekemiseen ohjataan Rotarys\u00e4\u00e4ti\u00f6n kautta apua tarvitseville niin l\u00e4helle kuin kauaskin. S\u00e4\u00e4ti\u00f6n apurahamallien avulla rotarit voivat auttaa ihmisi\u00e4 omassa elinpiiriss\u00e4\u00e4n ja maailmanlaajuisesti \u2013 vied\u00e4 apunsa sinnekin, miss\u00e4 h\u00e4t\u00e4 ja tarve on suurin. Rotarypiirin avustustoimintaa koordinoi rotarys\u00e4\u00e4ti\u00f6komitea. S\u00e4\u00e4ti\u00f6komitea kannustaa, kouluttaa ja avustaa rotareita piirins\u00e4 alueella tapahtuvassa varainhankinnassa ja avustustoiminnassa. Keskeisimm\u00e4t rotarys\u00e4\u00e4ti\u00f6n [&hellip;]<\/p>\n","protected":false},"author":1,"featured_media":0,"parent":656,"menu_order":7,"comment_status":"closed","ping_status":"closed","template":"","meta":{"_acf_changed":false,"_et_pb_use_builder":"on","_et_pb_old_content":"","_et_gb_content_width":"","footnotes":""},"class_list":["post-2041","page","type-page","status-publish","hentry"],"acf":[],"yoast_head":"<!-- This site is optimized with the Yoast SEO plugin v27.0 - https:\/\/yoast.com\/product\/yoast-seo-wordpress\/ -->\n<title>Rotarys\u00e4\u00e4ti\u00f6 - Piiri 1400<\/title>\n<meta name=\"robots\" content=\"index, follow, max-snippet:-1, max-image-preview:large, max-video-preview:-1\" \/>\n<link rel=\"canonical\" href=\"https:\/\/rotary.fi\/d1400\/mita-teemme\/rotarysaatio\/\" \/>\n<meta property=\"og:locale\" content=\"fi_FI\" \/>\n<meta property=\"og:type\" content=\"article\" \/>\n<meta property=\"og:title\" content=\"Rotarys\u00e4\u00e4ti\u00f6 - Piiri 1400\" \/>\n<meta property=\"og:description\" content=\"Rotarys\u00e4\u00e4ti\u00f6 Rotarys\u00e4\u00e4ti\u00f6 Rotarien ja rotaryklubien lahjoitukset hyv\u00e4ntekemiseen ohjataan Rotarys\u00e4\u00e4ti\u00f6n kautta apua tarvitseville niin l\u00e4helle kuin kauaskin. S\u00e4\u00e4ti\u00f6n apurahamallien avulla rotarit voivat auttaa ihmisi\u00e4 omassa elinpiiriss\u00e4\u00e4n ja maailmanlaajuisesti \u2013 vied\u00e4 apunsa sinnekin, miss\u00e4 h\u00e4t\u00e4 ja tarve on suurin. Rotarypiirin avustustoimintaa koordinoi rotarys\u00e4\u00e4ti\u00f6komitea. S\u00e4\u00e4ti\u00f6komitea kannustaa, kouluttaa ja avustaa rotareita piirins\u00e4 alueella tapahtuvassa varainhankinnassa ja avustustoiminnassa. Keskeisimm\u00e4t rotarys\u00e4\u00e4ti\u00f6n [&hellip;]\" \/>\n<meta property=\"og:url\" content=\"https:\/\/rotary.fi\/d1400\/mita-teemme\/rotarysaatio\/\" \/>\n<meta property=\"og:site_name\" content=\"Piiri 1400\" \/>\n<meta property=\"article:publisher\" content=\"https:\/\/www.facebook.com\/rotary\/\" \/>\n<meta property=\"article:modified_time\" content=\"2019-11-08T09:31:51+00:00\" \/>\n<meta name=\"twitter:card\" content=\"summary_large_image\" \/>\n<meta name=\"twitter:label1\" content=\"Arvioitu lukuaika\" \/>\n\t<meta name=\"twitter:data1\" content=\"2 minuuttia\" \/>\n<script type=\"application\/ld+json\" class=\"yoast-schema-graph\">{\"@context\":\"https:\/\/schema.org\",\"@graph\":[{\"@type\":\"WebPage\",\"@id\":\"https:\/\/rotary.fi\/d1400\/mita-teemme\/rotarysaatio\/\",\"url\":\"https:\/\/rotary.fi\/d1400\/mita-teemme\/rotarysaatio\/\",\"name\":\"Rotarys\u00e4\u00e4ti\u00f6 - Piiri 1400\",\"isPartOf\":{\"@id\":\"https:\/\/rotary.fi\/d1400\/#website\"},\"datePublished\":\"2018-08-27T08:22:30+00:00\",\"dateModified\":\"2019-11-08T09:31:51+00:00\",\"breadcrumb\":{\"@id\":\"https:\/\/rotary.fi\/d1400\/mita-teemme\/rotarysaatio\/#breadcrumb\"},\"inLanguage\":\"fi\",\"potentialAction\":[{\"@type\":\"ReadAction\",\"target\":[\"https:\/\/rotary.fi\/d1400\/mita-teemme\/rotarysaatio\/\"]}]},{\"@type\":\"BreadcrumbList\",\"@id\":\"https:\/\/rotary.fi\/d1400\/mita-teemme\/rotarysaatio\/#breadcrumb\",\"itemListElement\":[{\"@type\":\"ListItem\",\"position\":1,\"name\":\"Home\",\"item\":\"https:\/\/rotary.fi\/d1400\/\"},{\"@type\":\"ListItem\",\"position\":2,\"name\":\"Mit\u00e4 teemme\",\"item\":\"https:\/\/rotary.fi\/d1400\/mita-teemme\/\"},{\"@type\":\"ListItem\",\"position\":3,\"name\":\"Rotarys\u00e4\u00e4ti\u00f6\"}]},{\"@type\":\"WebSite\",\"@id\":\"https:\/\/rotary.fi\/d1400\/#website\",\"url\":\"https:\/\/rotary.fi\/d1400\/\",\"name\":\"Piiri 1400\",\"description\":\"Suomen Rotary\",\"potentialAction\":[{\"@type\":\"SearchAction\",\"target\":{\"@type\":\"EntryPoint\",\"urlTemplate\":\"https:\/\/rotary.fi\/d1400\/?s={search_term_string}\"},\"query-input\":{\"@type\":\"PropertyValueSpecification\",\"valueRequired\":true,\"valueName\":\"search_term_string\"}}],\"inLanguage\":\"fi\"}]}<\/script>\n<!-- \/ Yoast SEO plugin. -->","yoast_head_json":{"title":"Rotarys\u00e4\u00e4ti\u00f6 - Piiri 1400","robots":{"index":"index","follow":"follow","max-snippet":"max-snippet:-1","max-image-preview":"max-image-preview:large","max-video-preview":"max-video-preview:-1"},"canonical":"https:\/\/rotary.fi\/d1400\/mita-teemme\/rotarysaatio\/","og_locale":"fi_FI","og_type":"article","og_title":"Rotarys\u00e4\u00e4ti\u00f6 - Piiri 1400","og_description":"Rotarys\u00e4\u00e4ti\u00f6 Rotarys\u00e4\u00e4ti\u00f6 Rotarien ja rotaryklubien lahjoitukset hyv\u00e4ntekemiseen ohjataan Rotarys\u00e4\u00e4ti\u00f6n kautta apua tarvitseville niin l\u00e4helle kuin kauaskin. S\u00e4\u00e4ti\u00f6n apurahamallien avulla rotarit voivat auttaa ihmisi\u00e4 omassa elinpiiriss\u00e4\u00e4n ja maailmanlaajuisesti \u2013 vied\u00e4 apunsa sinnekin, miss\u00e4 h\u00e4t\u00e4 ja tarve on suurin. Rotarypiirin avustustoimintaa koordinoi rotarys\u00e4\u00e4ti\u00f6komitea. S\u00e4\u00e4ti\u00f6komitea kannustaa, kouluttaa ja avustaa rotareita piirins\u00e4 alueella tapahtuvassa varainhankinnassa ja avustustoiminnassa. Keskeisimm\u00e4t rotarys\u00e4\u00e4ti\u00f6n [&hellip;]","og_url":"https:\/\/rotary.fi\/d1400\/mita-teemme\/rotarysaatio\/","og_site_name":"Piiri 1400","article_publisher":"https:\/\/www.facebook.com\/rotary\/","article_modified_time":"2019-11-08T09:31:51+00:00","twitter_card":"summary_large_image","twitter_misc":{"Arvioitu lukuaika":"2 minuuttia"},"schema":{"@context":"https:\/\/schema.org","@graph":[{"@type":"WebPage","@id":"https:\/\/rotary.fi\/d1400\/mita-teemme\/rotarysaatio\/","url":"https:\/\/rotary.fi\/d1400\/mita-teemme\/rotarysaatio\/","name":"Rotarys\u00e4\u00e4ti\u00f6 - Piiri 1400","isPartOf":{"@id":"https:\/\/rotary.fi\/d1400\/#website"},"datePublished":"2018-08-27T08:22:30+00:00","dateModified":"2019-11-08T09:31:51+00:00","breadcrumb":{"@id":"https:\/\/rotary.fi\/d1400\/mita-teemme\/rotarysaatio\/#breadcrumb"},"inLanguage":"fi","potentialAction":[{"@type":"ReadAction","target":["https:\/\/rotary.fi\/d1400\/mita-teemme\/rotarysaatio\/"]}]},{"@type":"BreadcrumbList","@id":"https:\/\/rotary.fi\/d1400\/mita-teemme\/rotarysaatio\/#breadcrumb","itemListElement":[{"@type":"ListItem","position":1,"name":"Home","item":"https:\/\/rotary.fi\/d1400\/"},{"@type":"ListItem","position":2,"name":"Mit\u00e4 teemme","item":"https:\/\/rotary.fi\/d1400\/mita-teemme\/"},{"@type":"ListItem","position":3,"name":"Rotarys\u00e4\u00e4ti\u00f6"}]},{"@type":"WebSite","@id":"https:\/\/rotary.fi\/d1400\/#website","url":"https:\/\/rotary.fi\/d1400\/","name":"Piiri 1400","description":"Suomen Rotary","potentialAction":[{"@type":"SearchAction","target":{"@type":"EntryPoint","urlTemplate":"https:\/\/rotary.fi\/d1400\/?s={search_term_string}"},"query-input":{"@type":"PropertyValueSpecification","valueRequired":true,"valueName":"search_term_string"}}],"inLanguage":"fi"}]}},"lang":"fi","translations":{"fi":2041,"en":2934},"pll_sync_post":[],"_links":{"self":[{"href":"https:\/\/rotary.fi\/d1400\/wp-json\/wp\/v2\/pages\/2041","targetHints":{"allow":["GET"]}}],"collection":[{"href":"https:\/\/rotary.fi\/d1400\/wp-json\/wp\/v2\/pages"}],"about":[{"href":"https:\/\/rotary.fi\/d1400\/wp-json\/wp\/v2\/types\/page"}],"author":[{"embeddable":true,"href":"https:\/\/rotary.fi\/d1400\/wp-json\/wp\/v2\/users\/1"}],"replies":[{"embeddable":true,"href":"https:\/\/rotary.fi\/d1400\/wp-json\/wp\/v2\/comments?post=2041"}],"version-history":[{"count":11,"href":"https:\/\/rotary.fi\/d1400\/wp-json\/wp\/v2\/pages\/2041\/revisions"}],"predecessor-version":[{"id":3882,"href":"https:\/\/rotary.fi\/d1400\/wp-json\/wp\/v2\/pages\/2041\/revisions\/3882"}],"up":[{"embeddable":true,"href":"https:\/\/rotary.fi\/d1400\/wp-json\/wp\/v2\/pages\/656"}],"wp:attachment":[{"href":"https:\/\/rotary.fi\/d1400\/wp-json\/wp\/v2\/media?parent=2041"}],"curies":[{"name":"wp","href":"https:\/\/api.w.org\/{rel}","templated":true}]}}