{"id":2024,"date":"2019-10-27T09:48:38","date_gmt":"2019-10-27T07:48:38","guid":{"rendered":"https:\/\/rotary.fi\/piirisivusto\/?page_id=2024"},"modified":"2019-12-13T19:03:16","modified_gmt":"2019-12-13T17:03:16","slug":"piirin-d-1400-klubit","status":"publish","type":"page","link":"https:\/\/rotary.fi\/d1400\/rotarypiiri-1400\/piirin-d-1400-klubit\/","title":{"rendered":"Piirin klubit"},"content":{"rendered":"<p>[et_pb_section fb_built=&#8221;1&#8243; module_class=&#8221;jumbotron-page&#8221; _builder_version=&#8221;4.0.6&#8243; background_image=&#8221;https:\/\/rotary.fi\/d1400\/wp-content\/uploads\/sites\/174\/2019\/11\/piiri-1400-ylacc88banner-2.jpg&#8221; custom_padding=&#8221;52px|||||&#8221; background_last_edited=&#8221;off|desktop&#8221; background__hover_enabled=&#8221;off|desktop&#8221;][et_pb_row module_class=&#8221; et_pb_row_fullwidth et_pb_row_fullwidth et_pb_row_fullwidth et_pb_row_fullwidth et_pb_row_fullwidth et_pb_row_fullwidth&#8221; _builder_version=&#8221;4.0.6&#8243; width=&#8221;89%&#8221; width_tablet=&#8221;80%&#8221; width_phone=&#8221;87.9%&#8221; width_last_edited=&#8221;on|desktop&#8221; max_width=&#8221;89%&#8221; max_width_tablet=&#8221;80%&#8221; max_width_phone=&#8221;&#8221; max_width_last_edited=&#8221;on|desktop&#8221; custom_margin=&#8221;|14px||auto||&#8221; custom_padding=&#8221;|||7px||&#8221; make_fullwidth=&#8221;on&#8221;][et_pb_column type=&#8221;4_4&#8243; _builder_version=&#8221;3.25&#8243; custom_padding=&#8221;|||&#8221; custom_padding__hover=&#8221;|||&#8221;][et_pb_text admin_label=&#8221;P\u00e4\u00e4otsikko kuvan p\u00e4\u00e4ll\u00e4&#8221; _builder_version=&#8221;4.0.8&#8243; text_orientation=&#8221;center&#8221; background_layout=&#8221;dark&#8221; width=&#8221;100%&#8221; custom_margin=&#8221;|-46px||-3px||&#8221; custom_padding=&#8221;|0px||0px||&#8221; locked=&#8221;off&#8221; collapsed=&#8221;off&#8221;]<\/p>\n<h1 style=\"text-align: left\">Piiriss\u00e4 1400 on 35 rotaryklubia<\/h1>\n<p>&nbsp;<\/p>\n<p>[\/et_pb_text][\/et_pb_column][\/et_pb_row][\/et_pb_section][et_pb_section fb_built=&#8221;1&#8243; module_class=&#8221;sisaltoalue_perus&#8221; _builder_version=&#8221;4.0.6&#8243; custom_margin=&#8221;||40px|&#8221;][et_pb_row column_structure=&#8221;1_2,1_2&#8243; custom_padding_last_edited=&#8221;on|phone&#8221; _builder_version=&#8221;4.0.5&#8243; width=&#8221;95.5%&#8221; custom_margin=&#8221;|865px||16px||&#8221; custom_padding=&#8221;|0px||||&#8221; custom_padding_tablet=&#8221;|0px||0px||&#8221; custom_padding_phone=&#8221;&#8221;][et_pb_column type=&#8221;1_2&#8243; _builder_version=&#8221;3.25&#8243; custom_padding=&#8221;|||&#8221; custom_padding__hover=&#8221;|||&#8221;][et_pb_text _builder_version=&#8221;4.0.8&#8243; width=&#8221;100%&#8221; custom_margin=&#8221;|||239px||&#8221; custom_padding=&#8221;|17px||173px||&#8221; admin_label=&#8221;Piirin klubit&#8221;]<\/p>\n<h2>Piirin klubit<\/h2>\n<p>[\/et_pb_text][et_pb_text _builder_version=&#8221;4.0.8&#8243; width=&#8221;81.1%&#8221; custom_margin=&#8221;|||451px||&#8221; custom_padding=&#8221;|58px||5px||&#8221; z_index_tablet=&#8221;500&#8243; hover_enabled=&#8221;0&#8243; admin_label=&#8221;Klubien lista&#8221;]<\/p>\n<p style=\"text-align: left\">Rotarypiiriss\u00e4mme on 35 klubia.<br \/>Niiden kokoontumisajat ja -paikat perustuvat klubien ilmoittamiin tietoihin.<\/p>\n<p><strong><span style=\"color: #f7a81b\">Oranssilla<\/span><\/strong> merkityill\u00e4 klubeilla ei viel\u00e4 ole omia verkkosivuja.<\/p>\n<h3>\u00a0<\/h3>\n<p><span style=\"color: #f7a81b\"><span style=\"font-size: 16px\"><span style=\"color: #019fcb\"><a style=\"color: #019fcb\" href=\"https:\/\/haapajarvenrotaryklubi.rotary.fi\/\">Haapaj\u00e4rven Rotaryklubi<\/a><\/span><br \/><\/span><span style=\"font-size: 16px\"><span style=\"color: #019fcb\"><a style=\"color: #019fcb\" href=\"https:\/\/haapavesi.rotary.fi\/\">Haapaveden Rotaryklubi<\/a><\/span><br \/><\/span><span style=\"color: #019fcb\"><a style=\"color: #019fcb\" href=\"https:\/\/rotary.fi\/haukipudas\/\">Haukiputaan Rotaryklubi<\/a><\/span><\/span><br \/><span style=\"color: #019fcb\"><a style=\"color: #019fcb\" href=\"https:\/\/ivalonrotaryklubi.rotary.fi\/\">Ivalon Rotaryklubi<\/a><\/span><br \/><span style=\"color: #019fcb\"><a style=\"color: #019fcb\" href=\"http:\/\/www.rotaryt.kajaani.net\/avaus.html\">Kajaanin\u00a0Rotaryklubi<\/a><\/span><br \/><span style=\"color: #019fcb\"><a style=\"color: #019fcb\" href=\"https:\/\/rotary.fi\/kajaanielias\/\">Kajaani Elias\u00a0Rotaryklubi<\/a><\/span><br \/><span style=\"color: #019fcb\"><a style=\"color: #019fcb\" href=\"https:\/\/www.kalajoenrotary.fi\/\">Kalajoen\u00a0Rotaryklubi<\/a><\/span><br \/><span style=\"color: #f7a81b\">Kemij\u00e4rven\u00a0Rotaryklubi<\/span><br \/><span style=\"color: #019fcb\"><a style=\"color: #019fcb\" href=\"https:\/\/kemi.rotary.fi\/\">Kemin\u00a0Rotaryklubi<\/a><\/span><br \/><span style=\"color: #019fcb\"><a style=\"color: #019fcb\" href=\"http:\/\/www.rotaryklubi.kuhmo.net\/Etusivu.html\">Kuhmon\u00a0Rotaryklubi<\/a><\/span><br \/><span style=\"color: #019fcb\"><a style=\"color: #019fcb\" href=\"https:\/\/rotary.fi\/kuusamo\/\">Kuusamon Rotaryklubi<\/a><\/span><br \/><span style=\"color: #019fcb\"><a style=\"color: #019fcb\" href=\"https:\/\/kemi.rotary.fi\/\">Meri-Kemin\u00a0Rotaryklubi<\/a><\/span><br \/><span style=\"color: #019fcb\"><a style=\"color: #019fcb\" href=\"https:\/\/rcmerikoski.fi\/\">Merikosken\u00a0Rotaryklubi<\/a><\/span><br \/><span style=\"color: #019fcb\"><a style=\"color: #019fcb\" href=\"https:\/\/merioulu.rotary.fi\/\">Meri-Oulun\u00a0Rotaryklubi<\/a><\/span><br \/><span style=\"color: #f7a81b\"><span style=\"font-size: 16px\"><a href=\"https:\/\/muhos.rotary.fi\/\"><span style=\"color: #019fcb\">Muhoksen\u00a0Rotaryklubi<\/span><\/a><br \/><\/span><span style=\"font-size: 16px\"><span style=\"color: #019fcb\"><a style=\"color: #019fcb\" href=\"http:\/\/www.nivalanrotaryt.fi\/\">Nivalan\u00a0Rotaryklubi<\/a><\/span><br \/><\/span><span style=\"color: #019fcb\"><a style=\"color: #019fcb\" href=\"http:\/\/www.oulucityrotary.com\/\">Oulu City Rotaryklubi<\/a><\/span><\/span><br \/><span style=\"color: #019fcb\"><a style=\"color: #019fcb\" href=\"http:\/\/www.rcoulunetelainen.fi\/\">Oulun Etel\u00e4inen\u00a0Rotaryklubi<\/a><\/span><br \/><span style=\"color: #019fcb\"><a style=\"color: #019fcb\" href=\"https:\/\/oulunrotaryklubi.rotary.fi\/\">Oulun\u00a0Rotaryklubi<\/a><\/span><br \/><span style=\"color: #f7a81b\">Oulujoki\u00a0Rotaryklubi<\/span><br \/><span style=\"color: #019fcb\"><a style=\"color: #019fcb\" href=\"https:\/\/ouluntulli.rotary.fi\/\">Oulun Tullin Rotaryklubi<\/a><\/span><br \/><span style=\"color: #019fcb\"><a style=\"color: #019fcb\" href=\"https:\/\/rotarypello.fi\/\">Pellon\u00a0Rotaryklubi<\/a><\/span><br \/><span style=\"color: #019fcb\"><a style=\"color: #019fcb\" href=\"http:\/\/www.raahenrotary.com\/pietari\/\">Pietari Brahen Rotaryklubi<\/a><\/span><br \/><span style=\"color: #f7a81b\"><span style=\"color: #019fcb\"><a style=\"color: #f7a81b\" href=\"https:\/\/rotary.fi\/pyhajarvi\/\">Pyh\u00e4j\u00e4rven Rotaryklubi ry<br \/><\/a><\/span><\/span><span style=\"font-size: 16px;color: #019fcb\"><a style=\"color: #019fcb\" href=\"http:\/\/www.raahenrotary.com\/rotary\/\">Raahen\u00a0Rotaryklubi<\/a><a style=\"font-size: 16px\" href=\"http:\/\/www.raahenrotary.com\/rotary\/\"><br \/><\/a><\/span><span style=\"color: #019fcb\"><span style=\"font-size: 16px\"><a style=\"font-size: 16px;color: #019fcb\" href=\"https:\/\/rovaniemi.rotary.fi\/\">Rovaniemen\u00a0Rotaryklubi<br \/><\/a><\/span><\/span><span style=\"font-size: 16px;color: #019fcb\"><a style=\"font-size: 16px\" href=\"https:\/\/rotary.fi\/rovaniemisantaclaus\/\"><span style=\"color: #019fcb\">Rovaniemi Santa Claus Rotaryklubi<br \/><\/span><\/a><\/span><a style=\"font-size: 16px\" href=\"https:\/\/rovaniemi.rotary.fi\/\"><span style=\"color: #019fcb\">Rovaniemi-Napapiiri Rotaryklubi<br \/><\/span><\/a><span style=\"color: #f7a81b\"><span style=\"color: #019fcb\"><a style=\"color: #019fcb\" href=\"https:\/\/rotary.fi\/sodankyla\/\">Sodankyl\u00e4n Rotaryklubi<\/a><\/span><a style=\"color: #f7a81b\" href=\"https:\/\/rotary.fi\/rovaniemisantaclaus\/\"><br \/><\/a><span style=\"color: #019fcb\"><a style=\"color: #019fcb\" href=\"https:\/\/sotkamonrotaryklubi.rotary.fi\/\">Sotkamon Rotaryklubi<\/a><\/span><\/span><br \/><span style=\"color: #f7a81b\">Taivalkosken\u00a0Rotaryklubi<\/span><br \/><span style=\"color: #019fcb\"><a style=\"color: #019fcb\" href=\"https:\/\/tornionrotaryklubi.rotary.fi\/\">Tornion\u00a0Rotaryklubi<\/a><\/span><br \/><span style=\"color: #019fcb\"><a style=\"color: #019fcb\" href=\"https:\/\/www.rctuira.fi\/\">Tuiran\u00a0Rotaryklubi<\/a><\/span><br \/><span style=\"color: #019fcb\"><a style=\"color: #019fcb\" href=\"http:\/\/ylivieskanrotary.net\/\">Ylivieskan\u00a0Rotaryklubi<\/a><\/span><br \/><span style=\"color: #019fcb\"><a style=\"color: #019fcb\" href=\"https:\/\/ylivieskajokivarsi.rotary.fi\/\">Ylivieska-Jokivarsi\u00a0Rotaryklubi<\/a><\/span><span style=\"font-size: 16px\">\u00a0<\/span><\/p>\n<p>[\/et_pb_text][\/et_pb_column][et_pb_column type=&#8221;1_2&#8243; _builder_version=&#8221;3.25&#8243; custom_padding=&#8221;|||&#8221; custom_padding__hover=&#8221;|||&#8221;][et_pb_text _builder_version=&#8221;4.0.5&#8243; width=&#8221;100%&#8221; custom_margin=&#8221;|-179px||260px||&#8221; custom_padding=&#8221;3px|||3px||&#8221;]<\/p>\n<h2>Muut piirit \/ klubit<\/h2>\n<p><span style=\"color: #019fcb\"> <a href=\"https:\/\/rotary.fi\/d1380\" target=\"_blank\" rel=\"noopener noreferrer\" style=\"color: #019fcb\">Piiri 1380<\/a><\/span><br \/><span style=\"color: #019fcb\"> <a href=\"https:\/\/rotary.fi\/d1390\" target=\"_blank\" rel=\"noopener noreferrer\" style=\"color: #019fcb\">Piiri 1390<\/a><\/span><br \/><span style=\"color: #019fcb\"> <a href=\"http:\/\/www.rotary1410.fi\" target=\"_blank\" rel=\"noopener noreferrer\" style=\"color: #019fcb\">Piiri 1410<\/a><\/span><br \/><span style=\"color: #019fcb\"> <a href=\"https:\/\/d1420.rotary.fi\/\" target=\"_blank\" rel=\"noopener noreferrer\" style=\"color: #019fcb\">Piiri 1420<\/a><\/span><br \/><span style=\"color: #019fcb\"> <a href=\"https:\/\/rotary.fi\/d1430\/\" target=\"_blank\" rel=\"noopener noreferrer\" style=\"color: #019fcb\">Piiri 1430<\/a><\/span><\/p>\n<p>[\/et_pb_text][\/et_pb_column][\/et_pb_row][\/et_pb_section]<\/p>\n","protected":false},"excerpt":{"rendered":"<p>Piiriss\u00e4 1400 on 35 rotaryklubia &nbsp;Piirin klubitRotarypiiriss\u00e4mme on 35 klubia.Niiden kokoontumisajat ja -paikat perustuvat klubien ilmoittamiin tietoihin. Oranssilla merkityill\u00e4 klubeilla ei viel\u00e4 ole omia verkkosivuja. \u00a0 Haapaj\u00e4rven RotaryklubiHaapaveden RotaryklubiHaukiputaan RotaryklubiIvalon RotaryklubiKajaanin\u00a0RotaryklubiKajaani Elias\u00a0RotaryklubiKalajoen\u00a0RotaryklubiKemij\u00e4rven\u00a0RotaryklubiKemin\u00a0RotaryklubiKuhmon\u00a0RotaryklubiKuusamon RotaryklubiMeri-Kemin\u00a0RotaryklubiMerikosken\u00a0RotaryklubiMeri-Oulun\u00a0RotaryklubiMuhoksen\u00a0RotaryklubiNivalan\u00a0RotaryklubiOulu City RotaryklubiOulun Etel\u00e4inen\u00a0RotaryklubiOulun\u00a0RotaryklubiOulujoki\u00a0RotaryklubiOulun Tullin RotaryklubiPellon\u00a0RotaryklubiPietari Brahen RotaryklubiPyh\u00e4j\u00e4rven Rotaryklubi ryRaahen\u00a0RotaryklubiRovaniemen\u00a0RotaryklubiRovaniemi Santa Claus RotaryklubiRovaniemi-Napapiiri RotaryklubiSodankyl\u00e4n RotaryklubiSotkamon RotaryklubiTaivalkosken\u00a0RotaryklubiTornion\u00a0RotaryklubiTuiran\u00a0RotaryklubiYlivieskan\u00a0RotaryklubiYlivieska-Jokivarsi\u00a0Rotaryklubi\u00a0 Muut piirit \/ klubit Piiri 1380 Piiri [&hellip;]<\/p>\n","protected":false},"author":312,"featured_media":0,"parent":2017,"menu_order":2,"comment_status":"closed","ping_status":"closed","template":"","meta":{"_acf_changed":false,"_et_pb_use_builder":"on","_et_pb_old_content":"","_et_gb_content_width":"","footnotes":""},"class_list":["post-2024","page","type-page","status-publish","hentry"],"acf":[],"yoast_head":"<!-- This site is optimized with the Yoast SEO plugin v27.4 - https:\/\/yoast.com\/product\/yoast-seo-wordpress\/ -->\n<title>Piirin klubit - Piiri 1400<\/title>\n<meta name=\"description\" content=\"Pohjois-Suomen piirin D 1400 Rotaryklubien luettelo ja linkit niiden www-sivuille\" \/>\n<meta name=\"robots\" content=\"index, follow, max-snippet:-1, max-image-preview:large, max-video-preview:-1\" \/>\n<link rel=\"canonical\" href=\"https:\/\/rotary.fi\/d1400\/rotarypiiri-1400\/piirin-d-1400-klubit\/\" \/>\n<meta property=\"og:locale\" content=\"fi_FI\" \/>\n<meta property=\"og:type\" content=\"article\" \/>\n<meta property=\"og:title\" content=\"Piirin klubit - Piiri 1400\" \/>\n<meta property=\"og:description\" content=\"Pohjois-Suomen piirin D 1400 Rotaryklubien luettelo ja linkit niiden www-sivuille\" \/>\n<meta property=\"og:url\" content=\"https:\/\/rotary.fi\/d1400\/rotarypiiri-1400\/piirin-d-1400-klubit\/\" \/>\n<meta property=\"og:site_name\" content=\"Piiri 1400\" \/>\n<meta property=\"article:publisher\" content=\"https:\/\/www.facebook.com\/rotary\/\" \/>\n<meta property=\"article:modified_time\" content=\"2019-12-13T17:03:16+00:00\" \/>\n<meta name=\"twitter:card\" content=\"summary_large_image\" \/>\n<meta name=\"twitter:label1\" content=\"Arvioitu lukuaika\" \/>\n\t<meta name=\"twitter:data1\" content=\"2 minuuttia\" \/>\n<script type=\"application\/ld+json\" class=\"yoast-schema-graph\">{\"@context\":\"https:\\\/\\\/schema.org\",\"@graph\":[{\"@type\":\"WebPage\",\"@id\":\"https:\\\/\\\/rotary.fi\\\/d1400\\\/rotarypiiri-1400\\\/piirin-d-1400-klubit\\\/\",\"url\":\"https:\\\/\\\/rotary.fi\\\/d1400\\\/rotarypiiri-1400\\\/piirin-d-1400-klubit\\\/\",\"name\":\"Piirin klubit - Piiri 1400\",\"isPartOf\":{\"@id\":\"https:\\\/\\\/rotary.fi\\\/d1400\\\/#website\"},\"datePublished\":\"2019-10-27T07:48:38+00:00\",\"dateModified\":\"2019-12-13T17:03:16+00:00\",\"description\":\"Pohjois-Suomen piirin D 1400 Rotaryklubien luettelo ja linkit niiden www-sivuille\",\"breadcrumb\":{\"@id\":\"https:\\\/\\\/rotary.fi\\\/d1400\\\/rotarypiiri-1400\\\/piirin-d-1400-klubit\\\/#breadcrumb\"},\"inLanguage\":\"fi\",\"potentialAction\":[{\"@type\":\"ReadAction\",\"target\":[\"https:\\\/\\\/rotary.fi\\\/d1400\\\/rotarypiiri-1400\\\/piirin-d-1400-klubit\\\/\"]}]},{\"@type\":\"BreadcrumbList\",\"@id\":\"https:\\\/\\\/rotary.fi\\\/d1400\\\/rotarypiiri-1400\\\/piirin-d-1400-klubit\\\/#breadcrumb\",\"itemListElement\":[{\"@type\":\"ListItem\",\"position\":1,\"name\":\"Home\",\"item\":\"https:\\\/\\\/rotary.fi\\\/d1400\\\/\"},{\"@type\":\"ListItem\",\"position\":2,\"name\":\"Rotarypiiri 1400\",\"item\":\"https:\\\/\\\/rotary.fi\\\/d1400\\\/rotarypiiri-1400\\\/\"},{\"@type\":\"ListItem\",\"position\":3,\"name\":\"Piirin klubit\"}]},{\"@type\":\"WebSite\",\"@id\":\"https:\\\/\\\/rotary.fi\\\/d1400\\\/#website\",\"url\":\"https:\\\/\\\/rotary.fi\\\/d1400\\\/\",\"name\":\"Piiri 1400\",\"description\":\"Suomen Rotary\",\"potentialAction\":[{\"@type\":\"SearchAction\",\"target\":{\"@type\":\"EntryPoint\",\"urlTemplate\":\"https:\\\/\\\/rotary.fi\\\/d1400\\\/?s={search_term_string}\"},\"query-input\":{\"@type\":\"PropertyValueSpecification\",\"valueRequired\":true,\"valueName\":\"search_term_string\"}}],\"inLanguage\":\"fi\"}]}<\/script>\n<!-- \/ Yoast SEO plugin. -->","yoast_head_json":{"title":"Piirin klubit - Piiri 1400","description":"Pohjois-Suomen piirin D 1400 Rotaryklubien luettelo ja linkit niiden www-sivuille","robots":{"index":"index","follow":"follow","max-snippet":"max-snippet:-1","max-image-preview":"max-image-preview:large","max-video-preview":"max-video-preview:-1"},"canonical":"https:\/\/rotary.fi\/d1400\/rotarypiiri-1400\/piirin-d-1400-klubit\/","og_locale":"fi_FI","og_type":"article","og_title":"Piirin klubit - Piiri 1400","og_description":"Pohjois-Suomen piirin D 1400 Rotaryklubien luettelo ja linkit niiden www-sivuille","og_url":"https:\/\/rotary.fi\/d1400\/rotarypiiri-1400\/piirin-d-1400-klubit\/","og_site_name":"Piiri 1400","article_publisher":"https:\/\/www.facebook.com\/rotary\/","article_modified_time":"2019-12-13T17:03:16+00:00","twitter_card":"summary_large_image","twitter_misc":{"Arvioitu lukuaika":"2 minuuttia"},"schema":{"@context":"https:\/\/schema.org","@graph":[{"@type":"WebPage","@id":"https:\/\/rotary.fi\/d1400\/rotarypiiri-1400\/piirin-d-1400-klubit\/","url":"https:\/\/rotary.fi\/d1400\/rotarypiiri-1400\/piirin-d-1400-klubit\/","name":"Piirin klubit - Piiri 1400","isPartOf":{"@id":"https:\/\/rotary.fi\/d1400\/#website"},"datePublished":"2019-10-27T07:48:38+00:00","dateModified":"2019-12-13T17:03:16+00:00","description":"Pohjois-Suomen piirin D 1400 Rotaryklubien luettelo ja linkit niiden www-sivuille","breadcrumb":{"@id":"https:\/\/rotary.fi\/d1400\/rotarypiiri-1400\/piirin-d-1400-klubit\/#breadcrumb"},"inLanguage":"fi","potentialAction":[{"@type":"ReadAction","target":["https:\/\/rotary.fi\/d1400\/rotarypiiri-1400\/piirin-d-1400-klubit\/"]}]},{"@type":"BreadcrumbList","@id":"https:\/\/rotary.fi\/d1400\/rotarypiiri-1400\/piirin-d-1400-klubit\/#breadcrumb","itemListElement":[{"@type":"ListItem","position":1,"name":"Home","item":"https:\/\/rotary.fi\/d1400\/"},{"@type":"ListItem","position":2,"name":"Rotarypiiri 1400","item":"https:\/\/rotary.fi\/d1400\/rotarypiiri-1400\/"},{"@type":"ListItem","position":3,"name":"Piirin klubit"}]},{"@type":"WebSite","@id":"https:\/\/rotary.fi\/d1400\/#website","url":"https:\/\/rotary.fi\/d1400\/","name":"Piiri 1400","description":"Suomen Rotary","potentialAction":[{"@type":"SearchAction","target":{"@type":"EntryPoint","urlTemplate":"https:\/\/rotary.fi\/d1400\/?s={search_term_string}"},"query-input":{"@type":"PropertyValueSpecification","valueRequired":true,"valueName":"search_term_string"}}],"inLanguage":"fi"}]}},"lang":"fi","translations":{"fi":2024,"en":2883},"pll_sync_post":[],"_links":{"self":[{"href":"https:\/\/rotary.fi\/d1400\/wp-json\/wp\/v2\/pages\/2024","targetHints":{"allow":["GET"]}}],"collection":[{"href":"https:\/\/rotary.fi\/d1400\/wp-json\/wp\/v2\/pages"}],"about":[{"href":"https:\/\/rotary.fi\/d1400\/wp-json\/wp\/v2\/types\/page"}],"author":[{"embeddable":true,"href":"https:\/\/rotary.fi\/d1400\/wp-json\/wp\/v2\/users\/312"}],"replies":[{"embeddable":true,"href":"https:\/\/rotary.fi\/d1400\/wp-json\/wp\/v2\/comments?post=2024"}],"version-history":[{"count":78,"href":"https:\/\/rotary.fi\/d1400\/wp-json\/wp\/v2\/pages\/2024\/revisions"}],"predecessor-version":[{"id":4471,"href":"https:\/\/rotary.fi\/d1400\/wp-json\/wp\/v2\/pages\/2024\/revisions\/4471"}],"up":[{"embeddable":true,"href":"https:\/\/rotary.fi\/d1400\/wp-json\/wp\/v2\/pages\/2017"}],"wp:attachment":[{"href":"https:\/\/rotary.fi\/d1400\/wp-json\/wp\/v2\/media?parent=2024"}],"curies":[{"name":"wp","href":"https:\/\/api.w.org\/{rel}","templated":true}]}}