{"id":2017,"date":"2018-08-27T09:29:56","date_gmt":"2018-08-27T07:29:56","guid":{"rendered":"https:\/\/rotary.fi\/piirisivusto\/?page_id=2017"},"modified":"2019-11-28T19:48:08","modified_gmt":"2019-11-28T17:48:08","slug":"rotarypiiri-1400","status":"publish","type":"page","link":"https:\/\/rotary.fi\/d1400\/rotarypiiri-1400\/","title":{"rendered":"Rotarypiiri 1400"},"content":{"rendered":"<p>[et_pb_section fb_built=&#8221;1&#8243; module_class=&#8221;jumbotron-page&#8221; _builder_version=&#8221;4.0.6&#8243; background_image=&#8221;https:\/\/rotary.fi\/d1400\/wp-content\/uploads\/sites\/174\/2019\/11\/piiri-1400-ylacc88banner.jpg&#8221;][et_pb_row module_class=&#8221; et_pb_row_fullwidth et_pb_row_fullwidth et_pb_row_fullwidth et_pb_row_fullwidth et_pb_row_fullwidth&#8221; _builder_version=&#8221;3.25&#8243; width=&#8221;89%&#8221; width_tablet=&#8221;80%&#8221; width_phone=&#8221;&#8221; width_last_edited=&#8221;on|desktop&#8221; max_width=&#8221;89%&#8221; max_width_tablet=&#8221;80%&#8221; max_width_phone=&#8221;&#8221; max_width_last_edited=&#8221;on|desktop&#8221; make_fullwidth=&#8221;on&#8221;][et_pb_column type=&#8221;4_4&#8243; _builder_version=&#8221;3.0.47&#8243; custom_padding=&#8221;|||&#8221; custom_padding__hover=&#8221;|||&#8221;][et_pb_text admin_label=&#8221;Rotarypiiri 1400 esittelyss\u00e4&#8221; _builder_version=&#8221;4.0.6&#8243; text_orientation=&#8221;center&#8221; background_layout=&#8221;dark&#8221; custom_padding=&#8221;|115px||||&#8221; z_index_tablet=&#8221;500&#8243; box_shadow_horizontal_tablet=&#8221;0px&#8221; box_shadow_vertical_tablet=&#8221;0px&#8221; box_shadow_blur_tablet=&#8221;40px&#8221; box_shadow_spread_tablet=&#8221;0px&#8221; locked=&#8221;off&#8221; collapsed=&#8221;off&#8221;]<\/p>\n<h2><span style=\"color: #009fcc\">Rotarypiirimme kattaa miltei puoli Suomea<\/span><\/h2>\n<p>[\/et_pb_text][\/et_pb_column][\/et_pb_row][\/et_pb_section][et_pb_section fb_built=&#8221;1&#8243; module_class=&#8221;sisaltoalue_perus&#8221; _builder_version=&#8221;3.22.3&#8243; custom_margin=&#8221;||40px|&#8221; custom_padding=&#8221;||5px|||&#8221;][et_pb_row column_structure=&#8221;3_5,2_5&#8243; _builder_version=&#8221;4.0.6&#8243; background_size=&#8221;initial&#8221; background_position=&#8221;top_left&#8221; background_repeat=&#8221;repeat&#8221; custom_margin=&#8221;|570px||auto||&#8221; custom_padding=&#8221;||1px|||&#8221; width=&#8221;96%&#8221;][et_pb_column type=&#8221;3_5&#8243; _builder_version=&#8221;3.0.47&#8243; custom_padding=&#8221;|||&#8221; custom_padding__hover=&#8221;|||&#8221;][et_pb_text admin_label=&#8221;Rotarypiiri 1400&#8243; _builder_version=&#8221;3.27.4&#8243; text_orientation=&#8221;center&#8221; z_index_tablet=&#8221;500&#8243; box_shadow_horizontal_tablet=&#8221;0px&#8221; box_shadow_vertical_tablet=&#8221;0px&#8221; box_shadow_blur_tablet=&#8221;40px&#8221; box_shadow_spread_tablet=&#8221;0px&#8221; custom_padding=&#8221;|137px||||&#8221;]<\/p>\n<h1 style=\"text-align: center\">Rotarypiiri 1400<\/h1>\n<p>[\/et_pb_text][et_pb_text _builder_version=&#8221;4.0.6&#8243; z_index_tablet=&#8221;500&#8243; text_text_shadow_horizontal_length_tablet=&#8221;0px&#8221; text_text_shadow_vertical_length_tablet=&#8221;0px&#8221; text_text_shadow_blur_strength_tablet=&#8221;1px&#8221; link_text_shadow_horizontal_length_tablet=&#8221;0px&#8221; link_text_shadow_vertical_length_tablet=&#8221;0px&#8221; link_text_shadow_blur_strength_tablet=&#8221;1px&#8221; ul_text_shadow_horizontal_length_tablet=&#8221;0px&#8221; ul_text_shadow_vertical_length_tablet=&#8221;0px&#8221; ul_text_shadow_blur_strength_tablet=&#8221;1px&#8221; ol_text_shadow_horizontal_length_tablet=&#8221;0px&#8221; ol_text_shadow_vertical_length_tablet=&#8221;0px&#8221; ol_text_shadow_blur_strength_tablet=&#8221;1px&#8221; quote_text_shadow_horizontal_length_tablet=&#8221;0px&#8221; quote_text_shadow_vertical_length_tablet=&#8221;0px&#8221; quote_text_shadow_blur_strength_tablet=&#8221;1px&#8221; header_text_shadow_horizontal_length_tablet=&#8221;0px&#8221; header_text_shadow_vertical_length_tablet=&#8221;0px&#8221; header_text_shadow_blur_strength_tablet=&#8221;1px&#8221; header_2_text_shadow_horizontal_length_tablet=&#8221;0px&#8221; header_2_text_shadow_vertical_length_tablet=&#8221;0px&#8221; header_2_text_shadow_blur_strength_tablet=&#8221;1px&#8221; header_3_text_shadow_horizontal_length_tablet=&#8221;0px&#8221; header_3_text_shadow_vertical_length_tablet=&#8221;0px&#8221; header_3_text_shadow_blur_strength_tablet=&#8221;1px&#8221; header_4_text_shadow_horizontal_length_tablet=&#8221;0px&#8221; header_4_text_shadow_vertical_length_tablet=&#8221;0px&#8221; header_4_text_shadow_blur_strength_tablet=&#8221;1px&#8221; header_5_text_shadow_horizontal_length_tablet=&#8221;0px&#8221; header_5_text_shadow_vertical_length_tablet=&#8221;0px&#8221; header_5_text_shadow_blur_strength_tablet=&#8221;1px&#8221; header_6_text_shadow_horizontal_length_tablet=&#8221;0px&#8221; header_6_text_shadow_vertical_length_tablet=&#8221;0px&#8221; header_6_text_shadow_blur_strength_tablet=&#8221;1px&#8221; box_shadow_horizontal_tablet=&#8221;0px&#8221; box_shadow_vertical_tablet=&#8221;0px&#8221; box_shadow_blur_tablet=&#8221;40px&#8221; box_shadow_spread_tablet=&#8221;0px&#8221; custom_padding=&#8221;|0px||67px||&#8221;]<\/p>\n<p>\u00a0<strong style=\"color: #019fcb;font-family: 'Roboto Slab', Georgia, 'Times New Roman', serif;font-size: 28px\">Piirin johto<\/strong><\/p>\n<p>Piiri\u00e4 johtaa kuvern\u00f6\u00f6ri yhdess\u00e4 piirineuvoston kanssa apunaan piirin komiteat ja eri alueiden apulaiskuvern\u00f6\u00f6rit.\u00a0Kuvern\u00f6\u00f6rin toimikausi on rotaryvuosi (01.07.-30.06), jonka aikana h\u00e4n vierailee kaikissa piirin klubeissa.<\/p>\n<p>Kuvern\u00f6\u00f6rin ja rotarypiirin teht\u00e4v\u00e4n\u00e4 on tukea ja koordinoida alueensa klubien toimintaa ja rotarytoiminnan kehitt\u00e4mist\u00e4 alueellaan.<\/p>\n<p>Tulevan rotaryvuoden kuvern\u00f6\u00f6rin valitsee nime\u00e4mistoimikunta<span>\u00a0klubien esitt\u00e4mist\u00e4 ehdokkaista. Valinta vahvistetaan lopullisesti\u00a0 Rotary Internationalin vuosittain pidett\u00e4v\u00e4ss\u00e4 maailman konferenssissa. Kuvern\u00f6\u00f6ri toimii RI:n edustajana piiriss\u00e4\u00e4n.<\/span><\/p>\n<h4><span><strong>Tapahtumat<\/strong><\/span><\/h4>\n<p>T\u00e4rkeimpi\u00e4 kaikille rotareille tarkoitettuja yhteisi\u00e4 tapahtumia ovat syyskauden Piirikokous ja kev\u00e4\u00e4ll\u00e4 pidett\u00e4v\u00e4 juhlava Piirikonferenssi.<\/p>\n<p>Piiri j\u00e4rjest\u00e4\u00e4 my\u00f6s erilaisia koulutustapahtumia, joista t\u00e4rkein on alkuvuodesta pidett\u00e4v\u00e4 PETS-koulutus tulevan rotaryvuoden klubien presidenteille ja muille klubivirkailijoille.\u00a0 Lis\u00e4ksi on mm. nuorisovaihdon ja rotarys\u00e4\u00e4ti\u00f6asioden koulutusta.<\/p>\n<p>[\/et_pb_text][\/et_pb_column][et_pb_column type=&#8221;2_5&#8243; _builder_version=&#8221;3.0.47&#8243; custom_padding=&#8221;|||&#8221; custom_padding__hover=&#8221;|||&#8221;][et_pb_image src=&#8221;https:\/\/rotary.fi\/d1400\/wp-content\/uploads\/sites\/174\/2019\/03\/rotarypiiri-1400.jpg&#8221; align_tablet=&#8221;center&#8221; align_phone=&#8221;&#8221; align_last_edited=&#8221;on|desktop&#8221; _builder_version=&#8221;4.0.6&#8243; width=&#8221;61.1%&#8221; min_height=&#8221;360px&#8221; z_index_tablet=&#8221;500&#8243; border_width_all=&#8221;10px&#8221; border_color_all=&#8221;#ffffff&#8221; box_shadow_style=&#8221;preset1&#8243; box_shadow_blur=&#8221;5px&#8221; custom_padding=&#8221;|3px|0px|0px||&#8221; custom_margin=&#8221;||46px|81px||&#8221;]<br \/>\n[\/et_pb_image][\/et_pb_column][\/et_pb_row][et_pb_row _builder_version=&#8221;4.0.6&#8243; custom_padding=&#8221;||0px|10px||&#8221;][et_pb_column type=&#8221;4_4&#8243; _builder_version=&#8221;4.0.6&#8243;][et_pb_text _builder_version=&#8221;4.0.6&#8243; hover_enabled=&#8221;0&#8243;]<\/p>\n<h3>Vuosikertomus 2018-2019<\/h3>\n<p>[\/et_pb_text][\/et_pb_column][\/et_pb_row][et_pb_row column_structure=&#8221;1_2,1_2&#8243; _builder_version=&#8221;4.0.6&#8243; custom_margin=&#8221;|267px||483px||&#8221; width=&#8221;91.6%&#8221; custom_padding=&#8221;|||33px||&#8221;][et_pb_column type=&#8221;1_2&#8243; _builder_version=&#8221;4.0.6&#8243;][et_pb_image src=&#8221;https:\/\/rotary.fi\/d1400\/wp-content\/uploads\/sites\/174\/2019\/11\/vuosikertomuksen-kansikuva-2018-2019.jpg&#8221; _builder_version=&#8221;4.0.6&#8243; width=&#8221;78.5%&#8221; custom_margin=&#8221;|102px|10px|59px||&#8221; custom_padding=&#8221;0px|4px|20px|2px||&#8221; hover_enabled=&#8221;0&#8243; box_shadow_style=&#8221;preset2&#8243; box_shadow_horizontal=&#8221;14px&#8221; box_shadow_vertical=&#8221;14px&#8221; box_shadow_blur=&#8221;22px&#8221; box_shadow_spread=&#8221;2px&#8221; filter_saturate=&#8221;107%&#8221; filter_brightness=&#8221;89%&#8221; filter_contrast=&#8221;105%&#8221; transform_scale=&#8221;98%|98%&#8221; animation_style=&#8221;slide&#8221; animation_duration=&#8221;1150ms&#8221; animation_delay=&#8221;100ms&#8221; animation_intensity_slide=&#8221;54%&#8221; animation_starting_opacity=&#8221;4%&#8221; min_height=&#8221;443px&#8221;][\/et_pb_image][\/et_pb_column][et_pb_column type=&#8221;1_2&#8243; _builder_version=&#8221;4.0.6&#8243;][et_pb_text _builder_version=&#8221;4.0.6&#8243; custom_padding=&#8221;|0px||7px||&#8221; custom_margin=&#8221;|||-77px||&#8221;]<\/p>\n<div class=\"page\" title=\"Page 3\">\n<div class=\"section\">\n<div class=\"layoutArea\">\n<div class=\"column\">\n<h4><span>Rotaryvuoden 2018\u20132019 teemana oli <\/span><span>Be the Inspiration \u2013 Ole innostaja.<\/span><\/h4>\n<div class=\"page\" title=\"Page 3\">\n<div class=\"section\">\n<div class=\"layoutArea\">\n<div class=\"column\">\n<p><span>Piirimme klubit ovat osallistuneet moniin globaaleihin ja paikallisiin hankkeisiin ja saaneet niihin innokkaasti enna\u0308tyksellisen suuria piiriapurahojamme. Siten sa\u0308a\u0308tio\u0308toiminta on ollut virea\u0308a\u0308. <\/span><\/p>\n<p><span>Nuorten kansainva\u0308linen leiri ja nuorten vammaisten kansainva\u0308linen leiri ovat olleet hienoja saavutuksia aktiivisilta klubeiltamme. Piirikonferenssissa innostuksen ja Rotaryperheen la\u0308sna\u0308olo oli todettavissa, liki ka\u0308sin kosketeltavissa. Saimme jakaa siella\u0308 piirimme tunnustuksia ja myo\u0308s arvostettuja kansainva\u0308lisia\u0308 tunnustuksia. <\/span><\/p>\n<p><span>Yksi toiminkauden hienoimmista uutisista oli PDG Virpi Honkalan nimitta\u0308minen tulevaksi RI:n Directoriksi Rotaryvuoden 2020 alusta.<\/span><\/p>\n<div class=\"page\" title=\"Page 3\">\n<div class=\"section\">\n<div class=\"layoutArea\">\n<div class=\"column\">\n<p><span>Haluan kiitta\u0308a\u0308 kaikkia piirimme rotareita ja heida\u0308n puolisoitaan, nuoria Rotaract- ja Interact-ja\u0308senia\u0308mme, Suomen Rotarypalvelut ry:n Ullaa ja Jaanaa seka\u0308 meita\u0308 tukeneita liikeyrityksia\u0308 tuesta. Meilla\u0308 on hieno joukko rotareita ja nuoria, jotka ymma\u0308rta\u0308va\u0308t, mita\u0308 Rotary palveluja\u0308rjesto\u0308na\u0308 merkitsee ja miten sen arvojen mukaisesti toimitaan. <\/span><\/p>\n<p><span>Rotaryvuodestani teita\u0308 kaikkia kiitta\u0308en<\/span><\/p>\n<div class=\"page\" title=\"Page 3\">\n<div class=\"section\">\n<div class=\"layoutArea\">\n<div class=\"column\">\n<p><span>DG 2018-2019 Heikki Saluma\u0308ki<\/span><\/p>\n<\/div>\n<\/div>\n<\/div>\n<\/div>\n<\/div>\n<\/div>\n<\/div>\n<\/div>\n<\/div>\n<\/div>\n<\/div>\n<\/div>\n<\/div>\n<\/div>\n<\/div>\n<\/div>\n<p>[\/et_pb_text][et_pb_button button_url=&#8221;https:\/\/www.dropbox.com\/s\/kcvqxcayzq8100j\/Rotarypiirin%20D%201400%20vuosikertomus%202018-2019.pdf?dl=0&#8243; button_text=&#8221;T\u00e4st\u00e4 voit lukea vuosikertomuksen&#8221; _builder_version=&#8221;4.0.6&#8243; hover_enabled=&#8221;0&#8243; custom_padding=&#8221;|3px||22px||&#8221; custom_button=&#8221;on&#8221; box_shadow_style=&#8221;preset2&#8243; width=&#8221;1192px&#8221; custom_margin=&#8221;|24px||56px||&#8221; button_text_color=&#8221;#263b4c&#8221; button_bg_color=&#8221;#e7b623&#8243; button_bg_enable_color=&#8221;on&#8221; button_border_color=&#8221;#263b4c&#8221; button_border_radius=&#8221;0px&#8221; button_letter_spacing=&#8221;0px&#8221; button_font=&#8221;|600|||||||&#8221; button_icon=&#8221;%%103%%&#8221;][\/et_pb_button][\/et_pb_column][\/et_pb_row][\/et_pb_section]<\/p>\n","protected":false},"excerpt":{"rendered":"<p>Rotarypiirimme kattaa miltei puoli SuomeaRotarypiiri 1400\u00a0Piirin johto Piiri\u00e4 johtaa kuvern\u00f6\u00f6ri yhdess\u00e4 piirineuvoston kanssa apunaan piirin komiteat ja eri alueiden apulaiskuvern\u00f6\u00f6rit.\u00a0Kuvern\u00f6\u00f6rin toimikausi on rotaryvuosi (01.07.-30.06), jonka aikana h\u00e4n vierailee kaikissa piirin klubeissa. Kuvern\u00f6\u00f6rin ja rotarypiirin teht\u00e4v\u00e4n\u00e4 on tukea ja koordinoida alueensa klubien toimintaa ja rotarytoiminnan kehitt\u00e4mist\u00e4 alueellaan. Tulevan rotaryvuoden kuvern\u00f6\u00f6rin valitsee nime\u00e4mistoimikunta\u00a0klubien esitt\u00e4mist\u00e4 ehdokkaista. Valinta vahvistetaan [&hellip;]<\/p>\n","protected":false},"author":1,"featured_media":0,"parent":0,"menu_order":1,"comment_status":"closed","ping_status":"closed","template":"","meta":{"_acf_changed":false,"_et_pb_use_builder":"on","_et_pb_old_content":"","_et_gb_content_width":"","footnotes":""},"class_list":["post-2017","page","type-page","status-publish","hentry"],"acf":[],"yoast_head":"<!-- This site is optimized with the Yoast SEO plugin v27.0 - https:\/\/yoast.com\/product\/yoast-seo-wordpress\/ -->\n<title>Rotarypiiri 1400 - Piiri 1400<\/title>\n<meta name=\"robots\" content=\"index, follow, max-snippet:-1, max-image-preview:large, max-video-preview:-1\" \/>\n<link rel=\"canonical\" href=\"https:\/\/rotary.fi\/d1400\/rotarypiiri-1400\/\" \/>\n<meta property=\"og:locale\" content=\"fi_FI\" \/>\n<meta property=\"og:type\" content=\"article\" \/>\n<meta property=\"og:title\" content=\"Rotarypiiri 1400 - Piiri 1400\" \/>\n<meta property=\"og:description\" content=\"Rotarypiirimme kattaa miltei puoli SuomeaRotarypiiri 1400\u00a0Piirin johto Piiri\u00e4 johtaa kuvern\u00f6\u00f6ri yhdess\u00e4 piirineuvoston kanssa apunaan piirin komiteat ja eri alueiden apulaiskuvern\u00f6\u00f6rit.\u00a0Kuvern\u00f6\u00f6rin toimikausi on rotaryvuosi (01.07.-30.06), jonka aikana h\u00e4n vierailee kaikissa piirin klubeissa. Kuvern\u00f6\u00f6rin ja rotarypiirin teht\u00e4v\u00e4n\u00e4 on tukea ja koordinoida alueensa klubien toimintaa ja rotarytoiminnan kehitt\u00e4mist\u00e4 alueellaan. Tulevan rotaryvuoden kuvern\u00f6\u00f6rin valitsee nime\u00e4mistoimikunta\u00a0klubien esitt\u00e4mist\u00e4 ehdokkaista. Valinta vahvistetaan [&hellip;]\" \/>\n<meta property=\"og:url\" content=\"https:\/\/rotary.fi\/d1400\/rotarypiiri-1400\/\" \/>\n<meta property=\"og:site_name\" content=\"Piiri 1400\" \/>\n<meta property=\"article:publisher\" content=\"https:\/\/www.facebook.com\/rotary\/\" \/>\n<meta property=\"article:modified_time\" content=\"2019-11-28T17:48:08+00:00\" \/>\n<meta name=\"twitter:card\" content=\"summary_large_image\" \/>\n<meta name=\"twitter:label1\" content=\"Arvioitu lukuaika\" \/>\n\t<meta name=\"twitter:data1\" content=\"6 minuuttia\" \/>\n<script type=\"application\/ld+json\" class=\"yoast-schema-graph\">{\"@context\":\"https:\/\/schema.org\",\"@graph\":[{\"@type\":\"WebPage\",\"@id\":\"https:\/\/rotary.fi\/d1400\/rotarypiiri-1400\/\",\"url\":\"https:\/\/rotary.fi\/d1400\/rotarypiiri-1400\/\",\"name\":\"Rotarypiiri 1400 - Piiri 1400\",\"isPartOf\":{\"@id\":\"https:\/\/rotary.fi\/d1400\/#website\"},\"datePublished\":\"2018-08-27T07:29:56+00:00\",\"dateModified\":\"2019-11-28T17:48:08+00:00\",\"breadcrumb\":{\"@id\":\"https:\/\/rotary.fi\/d1400\/rotarypiiri-1400\/#breadcrumb\"},\"inLanguage\":\"fi\",\"potentialAction\":[{\"@type\":\"ReadAction\",\"target\":[\"https:\/\/rotary.fi\/d1400\/rotarypiiri-1400\/\"]}]},{\"@type\":\"BreadcrumbList\",\"@id\":\"https:\/\/rotary.fi\/d1400\/rotarypiiri-1400\/#breadcrumb\",\"itemListElement\":[{\"@type\":\"ListItem\",\"position\":1,\"name\":\"Home\",\"item\":\"https:\/\/rotary.fi\/d1400\/\"},{\"@type\":\"ListItem\",\"position\":2,\"name\":\"Rotarypiiri 1400\"}]},{\"@type\":\"WebSite\",\"@id\":\"https:\/\/rotary.fi\/d1400\/#website\",\"url\":\"https:\/\/rotary.fi\/d1400\/\",\"name\":\"Piiri 1400\",\"description\":\"Suomen Rotary\",\"potentialAction\":[{\"@type\":\"SearchAction\",\"target\":{\"@type\":\"EntryPoint\",\"urlTemplate\":\"https:\/\/rotary.fi\/d1400\/?s={search_term_string}\"},\"query-input\":{\"@type\":\"PropertyValueSpecification\",\"valueRequired\":true,\"valueName\":\"search_term_string\"}}],\"inLanguage\":\"fi\"}]}<\/script>\n<!-- \/ Yoast SEO plugin. -->","yoast_head_json":{"title":"Rotarypiiri 1400 - Piiri 1400","robots":{"index":"index","follow":"follow","max-snippet":"max-snippet:-1","max-image-preview":"max-image-preview:large","max-video-preview":"max-video-preview:-1"},"canonical":"https:\/\/rotary.fi\/d1400\/rotarypiiri-1400\/","og_locale":"fi_FI","og_type":"article","og_title":"Rotarypiiri 1400 - Piiri 1400","og_description":"Rotarypiirimme kattaa miltei puoli SuomeaRotarypiiri 1400\u00a0Piirin johto Piiri\u00e4 johtaa kuvern\u00f6\u00f6ri yhdess\u00e4 piirineuvoston kanssa apunaan piirin komiteat ja eri alueiden apulaiskuvern\u00f6\u00f6rit.\u00a0Kuvern\u00f6\u00f6rin toimikausi on rotaryvuosi (01.07.-30.06), jonka aikana h\u00e4n vierailee kaikissa piirin klubeissa. Kuvern\u00f6\u00f6rin ja rotarypiirin teht\u00e4v\u00e4n\u00e4 on tukea ja koordinoida alueensa klubien toimintaa ja rotarytoiminnan kehitt\u00e4mist\u00e4 alueellaan. Tulevan rotaryvuoden kuvern\u00f6\u00f6rin valitsee nime\u00e4mistoimikunta\u00a0klubien esitt\u00e4mist\u00e4 ehdokkaista. Valinta vahvistetaan [&hellip;]","og_url":"https:\/\/rotary.fi\/d1400\/rotarypiiri-1400\/","og_site_name":"Piiri 1400","article_publisher":"https:\/\/www.facebook.com\/rotary\/","article_modified_time":"2019-11-28T17:48:08+00:00","twitter_card":"summary_large_image","twitter_misc":{"Arvioitu lukuaika":"6 minuuttia"},"schema":{"@context":"https:\/\/schema.org","@graph":[{"@type":"WebPage","@id":"https:\/\/rotary.fi\/d1400\/rotarypiiri-1400\/","url":"https:\/\/rotary.fi\/d1400\/rotarypiiri-1400\/","name":"Rotarypiiri 1400 - Piiri 1400","isPartOf":{"@id":"https:\/\/rotary.fi\/d1400\/#website"},"datePublished":"2018-08-27T07:29:56+00:00","dateModified":"2019-11-28T17:48:08+00:00","breadcrumb":{"@id":"https:\/\/rotary.fi\/d1400\/rotarypiiri-1400\/#breadcrumb"},"inLanguage":"fi","potentialAction":[{"@type":"ReadAction","target":["https:\/\/rotary.fi\/d1400\/rotarypiiri-1400\/"]}]},{"@type":"BreadcrumbList","@id":"https:\/\/rotary.fi\/d1400\/rotarypiiri-1400\/#breadcrumb","itemListElement":[{"@type":"ListItem","position":1,"name":"Home","item":"https:\/\/rotary.fi\/d1400\/"},{"@type":"ListItem","position":2,"name":"Rotarypiiri 1400"}]},{"@type":"WebSite","@id":"https:\/\/rotary.fi\/d1400\/#website","url":"https:\/\/rotary.fi\/d1400\/","name":"Piiri 1400","description":"Suomen Rotary","potentialAction":[{"@type":"SearchAction","target":{"@type":"EntryPoint","urlTemplate":"https:\/\/rotary.fi\/d1400\/?s={search_term_string}"},"query-input":{"@type":"PropertyValueSpecification","valueRequired":true,"valueName":"search_term_string"}}],"inLanguage":"fi"}]}},"lang":"fi","translations":{"fi":2017,"en":2881},"pll_sync_post":[],"_links":{"self":[{"href":"https:\/\/rotary.fi\/d1400\/wp-json\/wp\/v2\/pages\/2017","targetHints":{"allow":["GET"]}}],"collection":[{"href":"https:\/\/rotary.fi\/d1400\/wp-json\/wp\/v2\/pages"}],"about":[{"href":"https:\/\/rotary.fi\/d1400\/wp-json\/wp\/v2\/types\/page"}],"author":[{"embeddable":true,"href":"https:\/\/rotary.fi\/d1400\/wp-json\/wp\/v2\/users\/1"}],"replies":[{"embeddable":true,"href":"https:\/\/rotary.fi\/d1400\/wp-json\/wp\/v2\/comments?post=2017"}],"version-history":[{"count":40,"href":"https:\/\/rotary.fi\/d1400\/wp-json\/wp\/v2\/pages\/2017\/revisions"}],"predecessor-version":[{"id":4598,"href":"https:\/\/rotary.fi\/d1400\/wp-json\/wp\/v2\/pages\/2017\/revisions\/4598"}],"wp:attachment":[{"href":"https:\/\/rotary.fi\/d1400\/wp-json\/wp\/v2\/media?parent=2017"}],"curies":[{"name":"wp","href":"https:\/\/api.w.org\/{rel}","templated":true}]}}