{"id":900,"date":"2018-04-27T10:47:21","date_gmt":"2018-04-27T08:47:21","guid":{"rendered":"http:\/\/rotary.fi\/piirisivusto\/?page_id=900"},"modified":"2018-05-09T11:48:14","modified_gmt":"2018-05-09T09:48:14","slug":"lahjoita","status":"publish","type":"page","link":"https:\/\/rotary.fi\/d1390\/lahjoita\/","title":{"rendered":"Lahjoita"},"content":{"rendered":"<p>[et_pb_section bb_built=&#8221;1&#8243; module_class=&#8221;jumbotron-page&#8221; _builder_version=&#8221;3.0.105&#8243; background_image=&#8221;http:\/\/rotary.fi\/piirisivusto\/wp-content\/uploads\/sites\/173\/2018\/04\/paakuva_end_polio.jpg&#8221; next_background_color=&#8221;#ffffff&#8221;][et_pb_row make_fullwidth=&#8221;on&#8221; _builder_version=&#8221;3.0.105&#8243;][et_pb_column type=&#8221;4_4&#8243;][et_pb_text admin_label=&#8221;Lahjoita -otsikko&#8221; background_layout=&#8221;dark&#8221; _builder_version=&#8221;3.2.1&#8243; text_orientation=&#8221;center&#8221;]<\/p>\n<h1>Lahjoita<\/h1>\n<p>[\/et_pb_text][\/et_pb_column][\/et_pb_row][\/et_pb_section][et_pb_section bb_built=&#8221;1&#8243; _builder_version=&#8221;3.0.105&#8243; background_size=&#8221;initial&#8221; background_position=&#8221;top_left&#8221; background_repeat=&#8221;repeat&#8221; prev_background_color=&#8221;#000000&#8243;][et_pb_row custom_padding_last_edited=&#8221;on|phone&#8221; _builder_version=&#8221;3.0.105&#8243; custom_padding=&#8221;46.6875px|0px|63px|0px&#8221;][et_pb_column type=&#8221;4_4&#8243;][et_pb_text admin_label=&#8221;Lahjoita -otsikko&#8221; _builder_version=&#8221;3.0.105&#8243; text_orientation=&#8221;center&#8221; background_layout=&#8221;light&#8221;]<\/p>\n<h1>Lahjoita<\/h1>\n<p>[\/et_pb_text][et_pb_text _builder_version=&#8221;3.2.1&#8243; custom_margin=&#8221;||60px|&#8221;]<\/p>\n<p>Kun lahjoitat Rotarylle, lahjoitat puhtaaseen veteen ja toimivaan vesihuoltoon. Kun lahjoitat Rotarylle, lahjoitat terveyteen ja vakavien tautien, kuten polion poistamiseen maapallolta. Sinun avullasi me teemme parempaa maailmaa \u2013 my\u00f6s omalla paikkakunnallasi.<\/p>\n<p>Voit itse valita, mihin kohdistat lahjoituksesi. P\u00e4\u00e4kohteenamme on Rotaryn vuosirahasto, josta rahoitetaan hyv\u00e4\u00e4 tekevi\u00e4 projekteja maailmanlaajuisesti. Voit kohdistaa lahjoituksesi my\u00f6s suoraan Rotaryn k\u00e4rkiteemoihin, kuten puhtaaseen veteen, \u00e4itien ja lasten hyvinvointiin, rauhan tukemiseen, koulutukseen, paikallistalouksien edist\u00e4miseen tai poliorahastoon.<\/p>\n<p>Lahjoittaminen tapahtuu Rotary Internationalin sivuilla. Sivut ovat englanniksi. Jos sinulla on kysytt\u00e4v\u00e4\u00e4 lahjoittamisesta, ota yhteytt\u00e4 oman tai l\u00e4himm\u00e4n klubisi s\u00e4\u00e4ti\u00f6asiamieheen.<\/p>\n<p>[\/et_pb_text][et_pb_button _builder_version=&#8221;3.2.1&#8243; button_text=&#8221;T\u00e4\u00e4ll\u00e4 voit lahjoittaa&#8221; button_url=&#8221;https:\/\/map.rotary.org\/en\/selfservice\/pages\/SelectFundF.aspx?FUND=APF&#8221; url_new_window=&#8221;on&#8221; \/][\/et_pb_column][\/et_pb_row][\/et_pb_section]<\/p>\n","protected":false},"excerpt":{"rendered":"<p>Lahjoita Lahjoita Kun lahjoitat Rotarylle, lahjoitat puhtaaseen veteen ja toimivaan vesihuoltoon. Kun lahjoitat Rotarylle, lahjoitat terveyteen ja vakavien tautien, kuten polion poistamiseen maapallolta. Sinun avullasi me teemme parempaa maailmaa \u2013 my\u00f6s omalla paikkakunnallasi. Voit itse valita, mihin kohdistat lahjoituksesi. P\u00e4\u00e4kohteenamme on Rotaryn vuosirahasto, josta rahoitetaan hyv\u00e4\u00e4 tekevi\u00e4 projekteja maailmanlaajuisesti. Voit kohdistaa lahjoituksesi my\u00f6s suoraan Rotaryn [&hellip;]<\/p>\n","protected":false},"author":1,"featured_media":0,"parent":0,"menu_order":1,"comment_status":"closed","ping_status":"closed","template":"","meta":{"_acf_changed":false,"_et_pb_use_builder":"on","_et_pb_old_content":"","_et_gb_content_width":"","footnotes":""},"class_list":["post-900","page","type-page","status-publish","hentry"],"acf":[],"yoast_head":"<!-- This site is optimized with the Yoast SEO plugin v27.4 - https:\/\/yoast.com\/product\/yoast-seo-wordpress\/ -->\n<title>Lahjoita - Piiri 1390<\/title>\n<meta name=\"robots\" content=\"index, follow, max-snippet:-1, max-image-preview:large, max-video-preview:-1\" \/>\n<link rel=\"canonical\" href=\"https:\/\/rotary.fi\/d1390\/lahjoita\/\" \/>\n<meta property=\"og:locale\" content=\"fi_FI\" \/>\n<meta property=\"og:type\" content=\"article\" \/>\n<meta property=\"og:title\" content=\"Lahjoita - Piiri 1390\" \/>\n<meta property=\"og:description\" content=\"Lahjoita Lahjoita Kun lahjoitat Rotarylle, lahjoitat puhtaaseen veteen ja toimivaan vesihuoltoon. Kun lahjoitat Rotarylle, lahjoitat terveyteen ja vakavien tautien, kuten polion poistamiseen maapallolta. Sinun avullasi me teemme parempaa maailmaa \u2013 my\u00f6s omalla paikkakunnallasi. Voit itse valita, mihin kohdistat lahjoituksesi. P\u00e4\u00e4kohteenamme on Rotaryn vuosirahasto, josta rahoitetaan hyv\u00e4\u00e4 tekevi\u00e4 projekteja maailmanlaajuisesti. Voit kohdistaa lahjoituksesi my\u00f6s suoraan Rotaryn [&hellip;]\" \/>\n<meta property=\"og:url\" content=\"https:\/\/rotary.fi\/d1390\/lahjoita\/\" \/>\n<meta property=\"og:site_name\" content=\"Piiri 1390\" \/>\n<meta property=\"article:publisher\" content=\"https:\/\/www.facebook.com\/rotary\/\" \/>\n<meta property=\"article:modified_time\" content=\"2018-05-09T09:48:14+00:00\" \/>\n<meta name=\"twitter:card\" content=\"summary_large_image\" \/>\n<meta name=\"twitter:label1\" content=\"Arvioitu lukuaika\" \/>\n\t<meta name=\"twitter:data1\" content=\"1 minuutti\" \/>\n<script type=\"application\/ld+json\" class=\"yoast-schema-graph\">{\"@context\":\"https:\\\/\\\/schema.org\",\"@graph\":[{\"@type\":\"WebPage\",\"@id\":\"https:\\\/\\\/rotary.fi\\\/d1390\\\/lahjoita\\\/\",\"url\":\"https:\\\/\\\/rotary.fi\\\/d1390\\\/lahjoita\\\/\",\"name\":\"Lahjoita - Piiri 1390\",\"isPartOf\":{\"@id\":\"https:\\\/\\\/rotary.fi\\\/d1390\\\/#website\"},\"datePublished\":\"2018-04-27T08:47:21+00:00\",\"dateModified\":\"2018-05-09T09:48:14+00:00\",\"breadcrumb\":{\"@id\":\"https:\\\/\\\/rotary.fi\\\/d1390\\\/lahjoita\\\/#breadcrumb\"},\"inLanguage\":\"fi\",\"potentialAction\":[{\"@type\":\"ReadAction\",\"target\":[\"https:\\\/\\\/rotary.fi\\\/d1390\\\/lahjoita\\\/\"]}]},{\"@type\":\"BreadcrumbList\",\"@id\":\"https:\\\/\\\/rotary.fi\\\/d1390\\\/lahjoita\\\/#breadcrumb\",\"itemListElement\":[{\"@type\":\"ListItem\",\"position\":1,\"name\":\"Home\",\"item\":\"https:\\\/\\\/rotary.fi\\\/d1390\\\/\"},{\"@type\":\"ListItem\",\"position\":2,\"name\":\"Lahjoita\"}]},{\"@type\":\"WebSite\",\"@id\":\"https:\\\/\\\/rotary.fi\\\/d1390\\\/#website\",\"url\":\"https:\\\/\\\/rotary.fi\\\/d1390\\\/\",\"name\":\"Piiri 1390\",\"description\":\"Suomen Rotary\",\"potentialAction\":[{\"@type\":\"SearchAction\",\"target\":{\"@type\":\"EntryPoint\",\"urlTemplate\":\"https:\\\/\\\/rotary.fi\\\/d1390\\\/?s={search_term_string}\"},\"query-input\":{\"@type\":\"PropertyValueSpecification\",\"valueRequired\":true,\"valueName\":\"search_term_string\"}}],\"inLanguage\":\"fi\"}]}<\/script>\n<!-- \/ Yoast SEO plugin. -->","yoast_head_json":{"title":"Lahjoita - Piiri 1390","robots":{"index":"index","follow":"follow","max-snippet":"max-snippet:-1","max-image-preview":"max-image-preview:large","max-video-preview":"max-video-preview:-1"},"canonical":"https:\/\/rotary.fi\/d1390\/lahjoita\/","og_locale":"fi_FI","og_type":"article","og_title":"Lahjoita - Piiri 1390","og_description":"Lahjoita Lahjoita Kun lahjoitat Rotarylle, lahjoitat puhtaaseen veteen ja toimivaan vesihuoltoon. Kun lahjoitat Rotarylle, lahjoitat terveyteen ja vakavien tautien, kuten polion poistamiseen maapallolta. Sinun avullasi me teemme parempaa maailmaa \u2013 my\u00f6s omalla paikkakunnallasi. Voit itse valita, mihin kohdistat lahjoituksesi. P\u00e4\u00e4kohteenamme on Rotaryn vuosirahasto, josta rahoitetaan hyv\u00e4\u00e4 tekevi\u00e4 projekteja maailmanlaajuisesti. Voit kohdistaa lahjoituksesi my\u00f6s suoraan Rotaryn [&hellip;]","og_url":"https:\/\/rotary.fi\/d1390\/lahjoita\/","og_site_name":"Piiri 1390","article_publisher":"https:\/\/www.facebook.com\/rotary\/","article_modified_time":"2018-05-09T09:48:14+00:00","twitter_card":"summary_large_image","twitter_misc":{"Arvioitu lukuaika":"1 minuutti"},"schema":{"@context":"https:\/\/schema.org","@graph":[{"@type":"WebPage","@id":"https:\/\/rotary.fi\/d1390\/lahjoita\/","url":"https:\/\/rotary.fi\/d1390\/lahjoita\/","name":"Lahjoita - Piiri 1390","isPartOf":{"@id":"https:\/\/rotary.fi\/d1390\/#website"},"datePublished":"2018-04-27T08:47:21+00:00","dateModified":"2018-05-09T09:48:14+00:00","breadcrumb":{"@id":"https:\/\/rotary.fi\/d1390\/lahjoita\/#breadcrumb"},"inLanguage":"fi","potentialAction":[{"@type":"ReadAction","target":["https:\/\/rotary.fi\/d1390\/lahjoita\/"]}]},{"@type":"BreadcrumbList","@id":"https:\/\/rotary.fi\/d1390\/lahjoita\/#breadcrumb","itemListElement":[{"@type":"ListItem","position":1,"name":"Home","item":"https:\/\/rotary.fi\/d1390\/"},{"@type":"ListItem","position":2,"name":"Lahjoita"}]},{"@type":"WebSite","@id":"https:\/\/rotary.fi\/d1390\/#website","url":"https:\/\/rotary.fi\/d1390\/","name":"Piiri 1390","description":"Suomen Rotary","potentialAction":[{"@type":"SearchAction","target":{"@type":"EntryPoint","urlTemplate":"https:\/\/rotary.fi\/d1390\/?s={search_term_string}"},"query-input":{"@type":"PropertyValueSpecification","valueRequired":true,"valueName":"search_term_string"}}],"inLanguage":"fi"}]}},"lang":"fi","translations":{"fi":900},"pll_sync_post":[],"_links":{"self":[{"href":"https:\/\/rotary.fi\/d1390\/wp-json\/wp\/v2\/pages\/900","targetHints":{"allow":["GET"]}}],"collection":[{"href":"https:\/\/rotary.fi\/d1390\/wp-json\/wp\/v2\/pages"}],"about":[{"href":"https:\/\/rotary.fi\/d1390\/wp-json\/wp\/v2\/types\/page"}],"author":[{"embeddable":true,"href":"https:\/\/rotary.fi\/d1390\/wp-json\/wp\/v2\/users\/1"}],"replies":[{"embeddable":true,"href":"https:\/\/rotary.fi\/d1390\/wp-json\/wp\/v2\/comments?post=900"}],"version-history":[{"count":5,"href":"https:\/\/rotary.fi\/d1390\/wp-json\/wp\/v2\/pages\/900\/revisions"}],"predecessor-version":[{"id":1285,"href":"https:\/\/rotary.fi\/d1390\/wp-json\/wp\/v2\/pages\/900\/revisions\/1285"}],"wp:attachment":[{"href":"https:\/\/rotary.fi\/d1390\/wp-json\/wp\/v2\/media?parent=900"}],"curies":[{"name":"wp","href":"https:\/\/api.w.org\/{rel}","templated":true}]}}