{"id":7328,"date":"2026-04-15T18:00:16","date_gmt":"2026-04-15T16:00:16","guid":{"rendered":"https:\/\/rotary.fi\/d1390\/?page_id=7328"},"modified":"2026-04-24T14:38:43","modified_gmt":"2026-04-24T12:38:43","slug":"ilo-esitella","status":"publish","type":"page","link":"https:\/\/rotary.fi\/d1390\/ajankohtaista\/ilo-esitella\/","title":{"rendered":"Ilo esitell\u00e4"},"content":{"rendered":"<p>[et_pb_section fb_built=&#8221;1&#8243; _builder_version=&#8221;4.27.6&#8243; _module_preset=&#8221;default&#8221; global_colors_info=&#8221;{}&#8221;][et_pb_row _builder_version=&#8221;4.27.6&#8243; _module_preset=&#8221;default&#8221; background_enable_image=&#8221;off&#8221; global_colors_info=&#8221;{}&#8221;][et_pb_column type=&#8221;4_4&#8243; _builder_version=&#8221;4.27.6&#8243; _module_preset=&#8221;default&#8221; global_colors_info=&#8221;{}&#8221;][et_pb_image src=&#8221;https:\/\/rotary.fi\/d1390\/wp-content\/uploads\/sites\/173\/2026\/04\/alpeilla-2-e1776275550980.jpeg&#8221; title_text=&#8221;Alpeilla 2&#8243; _builder_version=&#8221;4.27.6&#8243; _module_preset=&#8221;default&#8221; global_colors_info=&#8221;{}&#8221;][\/et_pb_image][et_pb_text _builder_version=&#8221;4.27.6&#8243; _module_preset=&#8221;default&#8221; global_colors_info=&#8221;{}&#8221;]<\/p>\n<h1 style=\"text-align: center\">Ilo esitell\u00e4<\/h1>\n<p>[\/et_pb_text][\/et_pb_column][\/et_pb_row][\/et_pb_section][et_pb_section fb_built=&#8221;1&#8243; _builder_version=&#8221;4.27.6&#8243; _module_preset=&#8221;default&#8221; global_colors_info=&#8221;{}&#8221;][et_pb_row _builder_version=&#8221;4.27.6&#8243; _module_preset=&#8221;default&#8221; min_height=&#8221;121px&#8221; global_colors_info=&#8221;{}&#8221;][et_pb_column type=&#8221;4_4&#8243; _builder_version=&#8221;4.27.6&#8243; _module_preset=&#8221;default&#8221; global_colors_info=&#8221;{}&#8221;][et_pb_heading title=&#8221;Vaihto-oppilastoiminta Vanajaveden klubissa&#8221; _builder_version=&#8221;4.27.6&#8243; _module_preset=&#8221;default&#8221; global_colors_info=&#8221;{}&#8221;][\/et_pb_heading][\/et_pb_column][\/et_pb_row][et_pb_row _builder_version=&#8221;4.27.6&#8243; _module_preset=&#8221;default&#8221; global_colors_info=&#8221;{}&#8221;][et_pb_column type=&#8221;4_4&#8243; _builder_version=&#8221;4.27.6&#8243; _module_preset=&#8221;default&#8221; global_colors_info=&#8221;{}&#8221;][et_pb_text _builder_version=&#8221;4.27.6&#8243; _module_preset=&#8221;default&#8221; min_height=&#8221;448px&#8221; global_colors_info=&#8221;{}&#8221;]<\/p>\n<p style=\"font-weight: 400\">T\u00e4n\u00e4 rotarivuonna Vanajaveden klubilla on kaksi vuosivaihtaria: Olivia Brasiliassa ja Janna Sardiniassa sek\u00e4 seitsem\u00e4n kes\u00e4vaihtaria. Ensi vuonna Vanajaveden klubista l\u00e4htee yhdeks\u00e4n nuorta kes\u00e4vaihtoon: Aura Saksaan, Axel Kanadaan, Vieno USA:han, Viivi Brasiliaan, Armi USA:han, Maija Japaniin, Aava USA:han, Iiris Saksaan ja Jenny Italiaan. Lis\u00e4ksi Alma l\u00e4htee vuosivaihtoon Kolumbiaan ja Frans purjehdusleirille Ruotsiin.<\/p>\n<p style=\"font-weight: 400\">Miten t\u00e4m\u00e4 on mahdollista?<\/p>\n<p style=\"font-weight: 400\">Nuorisovaihtoasiamies P\u00e4ivi Lindholm on k\u00e4ynyt sek\u00e4 Kaurialan lukion ett\u00e4 Lyseon lukion vanhempainilloissa puhumassa Rotaryn nuorisovaihdosta. Rehtorit Tuomo ja Pieta ovat l\u00e4hett\u00e4neet Wilma-viestin kaikille opiskelijoille erilaisista vaihtomahdollisuuksista. Mukana ovat olleet my\u00f6s vaihto-oppilas Lily Australiasta esimerkkin\u00e4 lukiossa ja Japanin vaihdosta palannut Vilho. Edelleen opiskelijoille tulee yll\u00e4tyksen\u00e4, ett\u00e4 valikoimassamme on vuosivaihdon ohella my\u00f6s kes\u00e4- ja leirivaihtoehdot. Nyt l\u00e4htevist\u00e4 opiskelijoista melkein kaikki olivat lukeneet Wilma-viestin ja sen perusteella valitsivat kes\u00e4vaihdon.<\/p>\n<p style=\"font-weight: 400\">Mit\u00e4 olisi klubi ilman vaihto-oppilastoimintaa? Min\u00e4 nautin siit\u00e4, ett\u00e4 p\u00e4\u00e4sen taas opettamaan vaihtareille karjalanpiirakoiden tekemist\u00e4 ja puuhaamaan muutakin mukavaa ja oppimaan aina uusia asioita vieraasta kulttuurista.<\/p>\n<p><span style=\"font-weight: 400\">Eija Hatakka-Peltonen<br \/>Presidentti 2025\u201326 <\/span><\/p>\n<p>[\/et_pb_text][\/et_pb_column][\/et_pb_row][\/et_pb_section]<\/p>\n","protected":false},"excerpt":{"rendered":"<p>Ilo esitell\u00e4T\u00e4n\u00e4 rotarivuonna Vanajaveden klubilla on kaksi vuosivaihtaria: Olivia Brasiliassa ja Janna Sardiniassa sek\u00e4 seitsem\u00e4n kes\u00e4vaihtaria. Ensi vuonna Vanajaveden klubista l\u00e4htee yhdeks\u00e4n nuorta kes\u00e4vaihtoon: Aura Saksaan, Axel Kanadaan, Vieno USA:han, Viivi Brasiliaan, Armi USA:han, Maija Japaniin, Aava USA:han, Iiris Saksaan ja Jenny Italiaan. Lis\u00e4ksi Alma l\u00e4htee vuosivaihtoon Kolumbiaan ja Frans purjehdusleirille Ruotsiin. Miten t\u00e4m\u00e4 on [&hellip;]<\/p>\n","protected":false},"author":196,"featured_media":0,"parent":676,"menu_order":0,"comment_status":"closed","ping_status":"closed","template":"","meta":{"_acf_changed":false,"_et_pb_use_builder":"on","_et_pb_old_content":"","_et_gb_content_width":"","footnotes":""},"class_list":["post-7328","page","type-page","status-publish","hentry"],"acf":[],"yoast_head":"<!-- This site is optimized with the Yoast SEO plugin v27.4 - https:\/\/yoast.com\/product\/yoast-seo-wordpress\/ -->\n<title>Ilo esitell\u00e4 - Piiri 1390<\/title>\n<meta name=\"robots\" content=\"index, follow, max-snippet:-1, max-image-preview:large, max-video-preview:-1\" \/>\n<link rel=\"canonical\" href=\"https:\/\/rotary.fi\/d1390\/ajankohtaista\/ilo-esitella\/\" \/>\n<meta property=\"og:locale\" content=\"fi_FI\" \/>\n<meta property=\"og:type\" content=\"article\" \/>\n<meta property=\"og:title\" content=\"Ilo esitell\u00e4 - Piiri 1390\" \/>\n<meta property=\"og:description\" content=\"Ilo esitell\u00e4T\u00e4n\u00e4 rotarivuonna Vanajaveden klubilla on kaksi vuosivaihtaria: Olivia Brasiliassa ja Janna Sardiniassa sek\u00e4 seitsem\u00e4n kes\u00e4vaihtaria. Ensi vuonna Vanajaveden klubista l\u00e4htee yhdeks\u00e4n nuorta kes\u00e4vaihtoon: Aura Saksaan, Axel Kanadaan, Vieno USA:han, Viivi Brasiliaan, Armi USA:han, Maija Japaniin, Aava USA:han, Iiris Saksaan ja Jenny Italiaan. Lis\u00e4ksi Alma l\u00e4htee vuosivaihtoon Kolumbiaan ja Frans purjehdusleirille Ruotsiin. Miten t\u00e4m\u00e4 on [&hellip;]\" \/>\n<meta property=\"og:url\" content=\"https:\/\/rotary.fi\/d1390\/ajankohtaista\/ilo-esitella\/\" \/>\n<meta property=\"og:site_name\" content=\"Piiri 1390\" \/>\n<meta property=\"article:publisher\" content=\"https:\/\/www.facebook.com\/rotary\/\" \/>\n<meta property=\"article:modified_time\" content=\"2026-04-24T12:38:43+00:00\" \/>\n<meta name=\"twitter:card\" content=\"summary_large_image\" \/>\n<meta name=\"twitter:label1\" content=\"Arvioitu lukuaika\" \/>\n\t<meta name=\"twitter:data1\" content=\"2 minuuttia\" \/>\n<script type=\"application\/ld+json\" class=\"yoast-schema-graph\">{\"@context\":\"https:\\\/\\\/schema.org\",\"@graph\":[{\"@type\":\"WebPage\",\"@id\":\"https:\\\/\\\/rotary.fi\\\/d1390\\\/ajankohtaista\\\/ilo-esitella\\\/\",\"url\":\"https:\\\/\\\/rotary.fi\\\/d1390\\\/ajankohtaista\\\/ilo-esitella\\\/\",\"name\":\"Ilo esitell\u00e4 - Piiri 1390\",\"isPartOf\":{\"@id\":\"https:\\\/\\\/rotary.fi\\\/d1390\\\/#website\"},\"datePublished\":\"2026-04-15T16:00:16+00:00\",\"dateModified\":\"2026-04-24T12:38:43+00:00\",\"breadcrumb\":{\"@id\":\"https:\\\/\\\/rotary.fi\\\/d1390\\\/ajankohtaista\\\/ilo-esitella\\\/#breadcrumb\"},\"inLanguage\":\"fi\",\"potentialAction\":[{\"@type\":\"ReadAction\",\"target\":[\"https:\\\/\\\/rotary.fi\\\/d1390\\\/ajankohtaista\\\/ilo-esitella\\\/\"]}]},{\"@type\":\"BreadcrumbList\",\"@id\":\"https:\\\/\\\/rotary.fi\\\/d1390\\\/ajankohtaista\\\/ilo-esitella\\\/#breadcrumb\",\"itemListElement\":[{\"@type\":\"ListItem\",\"position\":1,\"name\":\"Home\",\"item\":\"https:\\\/\\\/rotary.fi\\\/d1390\\\/\"},{\"@type\":\"ListItem\",\"position\":2,\"name\":\"Ajankohtaista\",\"item\":\"https:\\\/\\\/rotary.fi\\\/d1390\\\/ajankohtaista\\\/\"},{\"@type\":\"ListItem\",\"position\":3,\"name\":\"Ilo esitell\u00e4\"}]},{\"@type\":\"WebSite\",\"@id\":\"https:\\\/\\\/rotary.fi\\\/d1390\\\/#website\",\"url\":\"https:\\\/\\\/rotary.fi\\\/d1390\\\/\",\"name\":\"Piiri 1390\",\"description\":\"Suomen Rotary\",\"potentialAction\":[{\"@type\":\"SearchAction\",\"target\":{\"@type\":\"EntryPoint\",\"urlTemplate\":\"https:\\\/\\\/rotary.fi\\\/d1390\\\/?s={search_term_string}\"},\"query-input\":{\"@type\":\"PropertyValueSpecification\",\"valueRequired\":true,\"valueName\":\"search_term_string\"}}],\"inLanguage\":\"fi\"}]}<\/script>\n<!-- \/ Yoast SEO plugin. -->","yoast_head_json":{"title":"Ilo esitell\u00e4 - Piiri 1390","robots":{"index":"index","follow":"follow","max-snippet":"max-snippet:-1","max-image-preview":"max-image-preview:large","max-video-preview":"max-video-preview:-1"},"canonical":"https:\/\/rotary.fi\/d1390\/ajankohtaista\/ilo-esitella\/","og_locale":"fi_FI","og_type":"article","og_title":"Ilo esitell\u00e4 - Piiri 1390","og_description":"Ilo esitell\u00e4T\u00e4n\u00e4 rotarivuonna Vanajaveden klubilla on kaksi vuosivaihtaria: Olivia Brasiliassa ja Janna Sardiniassa sek\u00e4 seitsem\u00e4n kes\u00e4vaihtaria. Ensi vuonna Vanajaveden klubista l\u00e4htee yhdeks\u00e4n nuorta kes\u00e4vaihtoon: Aura Saksaan, Axel Kanadaan, Vieno USA:han, Viivi Brasiliaan, Armi USA:han, Maija Japaniin, Aava USA:han, Iiris Saksaan ja Jenny Italiaan. Lis\u00e4ksi Alma l\u00e4htee vuosivaihtoon Kolumbiaan ja Frans purjehdusleirille Ruotsiin. Miten t\u00e4m\u00e4 on [&hellip;]","og_url":"https:\/\/rotary.fi\/d1390\/ajankohtaista\/ilo-esitella\/","og_site_name":"Piiri 1390","article_publisher":"https:\/\/www.facebook.com\/rotary\/","article_modified_time":"2026-04-24T12:38:43+00:00","twitter_card":"summary_large_image","twitter_misc":{"Arvioitu lukuaika":"2 minuuttia"},"schema":{"@context":"https:\/\/schema.org","@graph":[{"@type":"WebPage","@id":"https:\/\/rotary.fi\/d1390\/ajankohtaista\/ilo-esitella\/","url":"https:\/\/rotary.fi\/d1390\/ajankohtaista\/ilo-esitella\/","name":"Ilo esitell\u00e4 - Piiri 1390","isPartOf":{"@id":"https:\/\/rotary.fi\/d1390\/#website"},"datePublished":"2026-04-15T16:00:16+00:00","dateModified":"2026-04-24T12:38:43+00:00","breadcrumb":{"@id":"https:\/\/rotary.fi\/d1390\/ajankohtaista\/ilo-esitella\/#breadcrumb"},"inLanguage":"fi","potentialAction":[{"@type":"ReadAction","target":["https:\/\/rotary.fi\/d1390\/ajankohtaista\/ilo-esitella\/"]}]},{"@type":"BreadcrumbList","@id":"https:\/\/rotary.fi\/d1390\/ajankohtaista\/ilo-esitella\/#breadcrumb","itemListElement":[{"@type":"ListItem","position":1,"name":"Home","item":"https:\/\/rotary.fi\/d1390\/"},{"@type":"ListItem","position":2,"name":"Ajankohtaista","item":"https:\/\/rotary.fi\/d1390\/ajankohtaista\/"},{"@type":"ListItem","position":3,"name":"Ilo esitell\u00e4"}]},{"@type":"WebSite","@id":"https:\/\/rotary.fi\/d1390\/#website","url":"https:\/\/rotary.fi\/d1390\/","name":"Piiri 1390","description":"Suomen Rotary","potentialAction":[{"@type":"SearchAction","target":{"@type":"EntryPoint","urlTemplate":"https:\/\/rotary.fi\/d1390\/?s={search_term_string}"},"query-input":{"@type":"PropertyValueSpecification","valueRequired":true,"valueName":"search_term_string"}}],"inLanguage":"fi"}]}},"lang":"fi","translations":{"fi":7328},"pll_sync_post":[],"_links":{"self":[{"href":"https:\/\/rotary.fi\/d1390\/wp-json\/wp\/v2\/pages\/7328","targetHints":{"allow":["GET"]}}],"collection":[{"href":"https:\/\/rotary.fi\/d1390\/wp-json\/wp\/v2\/pages"}],"about":[{"href":"https:\/\/rotary.fi\/d1390\/wp-json\/wp\/v2\/types\/page"}],"author":[{"embeddable":true,"href":"https:\/\/rotary.fi\/d1390\/wp-json\/wp\/v2\/users\/196"}],"replies":[{"embeddable":true,"href":"https:\/\/rotary.fi\/d1390\/wp-json\/wp\/v2\/comments?post=7328"}],"version-history":[{"count":10,"href":"https:\/\/rotary.fi\/d1390\/wp-json\/wp\/v2\/pages\/7328\/revisions"}],"predecessor-version":[{"id":7453,"href":"https:\/\/rotary.fi\/d1390\/wp-json\/wp\/v2\/pages\/7328\/revisions\/7453"}],"up":[{"embeddable":true,"href":"https:\/\/rotary.fi\/d1390\/wp-json\/wp\/v2\/pages\/676"}],"wp:attachment":[{"href":"https:\/\/rotary.fi\/d1390\/wp-json\/wp\/v2\/media?parent=7328"}],"curies":[{"name":"wp","href":"https:\/\/api.w.org\/{rel}","templated":true}]}}