{"id":6738,"date":"2024-09-11T10:03:12","date_gmt":"2024-09-11T08:03:12","guid":{"rendered":"https:\/\/rotary.fi\/d1390\/?page_id=6738"},"modified":"2026-04-19T09:47:48","modified_gmt":"2026-04-19T07:47:48","slug":"tallenteita-koulutuksista","status":"publish","type":"page","link":"https:\/\/rotary.fi\/d1390\/tallenteita-koulutuksista\/","title":{"rendered":"Tallenteita koulutuksista"},"content":{"rendered":"<p>Pyrimme tallentamaan online-koulutukset, jotta niit\u00e4 voisi katsella ja kuunnella j\u00e4lkik\u00e4teen.<\/p>\n<hr \/>\n<h4 class=\"entry-title\">Vinkkej\u00e4 ja oivalluksia Rotary\u2011verkkosivujen tekij\u00f6ille naapuripiirist\u00e4 1420<\/h4>\n<p>Koulutukset l\u00f6ytyv\u00e4t piirin 1420 sivuilta: <a href=\"https:\/\/rotary.fi\/d1420\/blog\/ajankohtaiset\/5-vihjetta-rotary-verkkosivujen-yllapitoon\/\">5 vihjett\u00e4 Rotary-verkkosivujen yll\u00e4pitoon<\/a>.<\/p>\n<hr \/>\n<h4>Johdatus rotaryviestinn\u00e4n saloihin<\/h4>\n<h6>IPDG Esa M\u00e4kinen 8.4.2024<\/h6>\n<p>Koulutuksen tavoite on antaa rotareille perustietoa Rotaryn ja v\u00e4h\u00e4n muustakin viestinn\u00e4st\u00e4.<\/p>\n<p><iframe loading=\"lazy\" title=\"Viestint\u00e4koulutus08042024\" width=\"1080\" height=\"608\" src=\"https:\/\/www.youtube.com\/embed\/dEs7xH3m2fg?feature=oembed\"  allow=\"accelerometer; autoplay; clipboard-write; encrypted-media; gyroscope; picture-in-picture; web-share\" referrerpolicy=\"strict-origin-when-cross-origin\" allowfullscreen><\/iframe><\/p>\n<hr \/>\n<h4>RotaKids-et\u00e4koulutus<\/h4>\n<h6>RotaKids-yhteyshenkil\u00f6 Kaija Reiman-Salminen 12.3.2024<\/h6>\n<p>Tietoa RotaKids-toiminnasta<\/p>\n<p><iframe loading=\"lazy\" title=\"Rotakids koulutustallenne\" width=\"1080\" height=\"810\" src=\"https:\/\/www.youtube.com\/embed\/i226N-VIAqU?feature=oembed\"  allow=\"accelerometer; autoplay; clipboard-write; encrypted-media; gyroscope; picture-in-picture; web-share\" referrerpolicy=\"strict-origin-when-cross-origin\" allowfullscreen><\/iframe><\/p>\n<hr \/>\n<h4>Klubin kehitt\u00e4misen et\u00e4koulutus<\/h4>\n<h6>PDG Eila Parviainen 18.2.2023<\/h6>\n<p>Eri n\u00e4k\u00f6kulmia klubien kehitt\u00e4miseen, her\u00e4ttely\u00e4 ja alkupaloja klubikohtaisiin koulutuksiin<\/p>\n<p><iframe loading=\"lazy\" title=\"Klubin kehitt\u00e4misen et\u00e4koulutus 18.2.2024, kouluttajana PDG Eila Parviainen\" width=\"1080\" height=\"608\" src=\"https:\/\/www.youtube.com\/embed\/3xCcs9utPVQ?feature=oembed\"  allow=\"accelerometer; autoplay; clipboard-write; encrypted-media; gyroscope; picture-in-picture; web-share\" referrerpolicy=\"strict-origin-when-cross-origin\" allowfullscreen><\/iframe><\/p>\n<hr \/>\n<h4 class=\"entry-title\">J\u00e4sentietoj\u00e4rjestelm\u00e4n k\u00e4ytt\u00f6koulutus<\/h4>\n<p>ARPIC Tiina Sj\u00f6lund 7.2.2024<\/p>\n<p>Klubin perustietojen, toimihenkil\u00f6iden ja j\u00e4senten yll\u00e4pitoon liittyv\u00e4t toimet<\/p>\n<p><iframe loading=\"lazy\" title=\"J\u00e4sentietoj\u00e4rjestelm\u00e4n k\u00e4ytt\u00f6koulutus\" width=\"1080\" height=\"608\" src=\"https:\/\/www.youtube.com\/embed\/r6ZGPaebIoM?feature=oembed\"  allow=\"accelerometer; autoplay; clipboard-write; encrypted-media; gyroscope; picture-in-picture; web-share\" referrerpolicy=\"strict-origin-when-cross-origin\" allowfullscreen><\/iframe><\/p>\n","protected":false},"excerpt":{"rendered":"<p>Pyrimme tallentamaan online-koulutukset, jotta niit\u00e4 voisi katsella ja kuunnella j\u00e4lkik\u00e4teen. Vinkkej\u00e4 ja oivalluksia Rotary\u2011verkkosivujen tekij\u00f6ille naapuripiirist\u00e4 1420 Koulutukset l\u00f6ytyv\u00e4t piirin 1420 sivuilta: 5 vihjett\u00e4 Rotary-verkkosivujen yll\u00e4pitoon. Johdatus rotaryviestinn\u00e4n saloihin IPDG Esa M\u00e4kinen 8.4.2024 Koulutuksen tavoite on antaa rotareille perustietoa Rotaryn ja v\u00e4h\u00e4n muustakin viestinn\u00e4st\u00e4. RotaKids-et\u00e4koulutus RotaKids-yhteyshenkil\u00f6 Kaija Reiman-Salminen 12.3.2024 Tietoa RotaKids-toiminnasta Klubin kehitt\u00e4misen et\u00e4koulutus PDG [&hellip;]<\/p>\n","protected":false},"author":483,"featured_media":6744,"parent":0,"menu_order":0,"comment_status":"closed","ping_status":"closed","template":"","meta":{"_acf_changed":false,"_et_pb_use_builder":"","_et_pb_old_content":"","_et_gb_content_width":"","footnotes":""},"class_list":["post-6738","page","type-page","status-publish","has-post-thumbnail","hentry"],"acf":[],"yoast_head":"<!-- This site is optimized with the Yoast SEO plugin v27.4 - https:\/\/yoast.com\/product\/yoast-seo-wordpress\/ -->\n<title>Tallenteita koulutuksista - Piiri 1390<\/title>\n<meta name=\"robots\" content=\"index, follow, max-snippet:-1, max-image-preview:large, max-video-preview:-1\" \/>\n<link rel=\"canonical\" href=\"https:\/\/rotary.fi\/d1390\/tallenteita-koulutuksista\/\" \/>\n<meta property=\"og:locale\" content=\"fi_FI\" \/>\n<meta property=\"og:type\" content=\"article\" \/>\n<meta property=\"og:title\" content=\"Tallenteita koulutuksista - Piiri 1390\" \/>\n<meta property=\"og:description\" content=\"Pyrimme tallentamaan online-koulutukset, jotta niit\u00e4 voisi katsella ja kuunnella j\u00e4lkik\u00e4teen. Vinkkej\u00e4 ja oivalluksia Rotary\u2011verkkosivujen tekij\u00f6ille naapuripiirist\u00e4 1420 Koulutukset l\u00f6ytyv\u00e4t piirin 1420 sivuilta: 5 vihjett\u00e4 Rotary-verkkosivujen yll\u00e4pitoon. Johdatus rotaryviestinn\u00e4n saloihin IPDG Esa M\u00e4kinen 8.4.2024 Koulutuksen tavoite on antaa rotareille perustietoa Rotaryn ja v\u00e4h\u00e4n muustakin viestinn\u00e4st\u00e4. RotaKids-et\u00e4koulutus RotaKids-yhteyshenkil\u00f6 Kaija Reiman-Salminen 12.3.2024 Tietoa RotaKids-toiminnasta Klubin kehitt\u00e4misen et\u00e4koulutus PDG [&hellip;]\" \/>\n<meta property=\"og:url\" content=\"https:\/\/rotary.fi\/d1390\/tallenteita-koulutuksista\/\" \/>\n<meta property=\"og:site_name\" content=\"Piiri 1390\" \/>\n<meta property=\"article:publisher\" content=\"https:\/\/www.facebook.com\/rotary\/\" \/>\n<meta property=\"article:modified_time\" content=\"2026-04-19T07:47:48+00:00\" \/>\n<meta property=\"og:image\" content=\"https:\/\/rotary.fi\/d1390\/wp-content\/uploads\/sites\/173\/2024\/09\/90a313402d2a727967ab11cbf46fd45f0b946a62.jpg\" \/>\n\t<meta property=\"og:image:width\" content=\"888\" \/>\n\t<meta property=\"og:image:height\" content=\"300\" \/>\n\t<meta property=\"og:image:type\" content=\"image\/jpeg\" \/>\n<meta name=\"twitter:card\" content=\"summary_large_image\" \/>\n<meta name=\"twitter:label1\" content=\"Arvioitu lukuaika\" \/>\n\t<meta name=\"twitter:data1\" content=\"1 minuutti\" \/>\n<script type=\"application\/ld+json\" class=\"yoast-schema-graph\">{\"@context\":\"https:\\\/\\\/schema.org\",\"@graph\":[{\"@type\":\"WebPage\",\"@id\":\"https:\\\/\\\/rotary.fi\\\/d1390\\\/tallenteita-koulutuksista\\\/\",\"url\":\"https:\\\/\\\/rotary.fi\\\/d1390\\\/tallenteita-koulutuksista\\\/\",\"name\":\"Tallenteita koulutuksista - Piiri 1390\",\"isPartOf\":{\"@id\":\"https:\\\/\\\/rotary.fi\\\/d1390\\\/#website\"},\"primaryImageOfPage\":{\"@id\":\"https:\\\/\\\/rotary.fi\\\/d1390\\\/tallenteita-koulutuksista\\\/#primaryimage\"},\"image\":{\"@id\":\"https:\\\/\\\/rotary.fi\\\/d1390\\\/tallenteita-koulutuksista\\\/#primaryimage\"},\"thumbnailUrl\":\"https:\\\/\\\/rotary.fi\\\/d1390\\\/wp-content\\\/uploads\\\/sites\\\/173\\\/2024\\\/09\\\/90a313402d2a727967ab11cbf46fd45f0b946a62.jpg\",\"datePublished\":\"2024-09-11T08:03:12+00:00\",\"dateModified\":\"2026-04-19T07:47:48+00:00\",\"breadcrumb\":{\"@id\":\"https:\\\/\\\/rotary.fi\\\/d1390\\\/tallenteita-koulutuksista\\\/#breadcrumb\"},\"inLanguage\":\"fi\",\"potentialAction\":[{\"@type\":\"ReadAction\",\"target\":[\"https:\\\/\\\/rotary.fi\\\/d1390\\\/tallenteita-koulutuksista\\\/\"]}]},{\"@type\":\"ImageObject\",\"inLanguage\":\"fi\",\"@id\":\"https:\\\/\\\/rotary.fi\\\/d1390\\\/tallenteita-koulutuksista\\\/#primaryimage\",\"url\":\"https:\\\/\\\/rotary.fi\\\/d1390\\\/wp-content\\\/uploads\\\/sites\\\/173\\\/2024\\\/09\\\/90a313402d2a727967ab11cbf46fd45f0b946a62.jpg\",\"contentUrl\":\"https:\\\/\\\/rotary.fi\\\/d1390\\\/wp-content\\\/uploads\\\/sites\\\/173\\\/2024\\\/09\\\/90a313402d2a727967ab11cbf46fd45f0b946a62.jpg\",\"width\":888,\"height\":300},{\"@type\":\"BreadcrumbList\",\"@id\":\"https:\\\/\\\/rotary.fi\\\/d1390\\\/tallenteita-koulutuksista\\\/#breadcrumb\",\"itemListElement\":[{\"@type\":\"ListItem\",\"position\":1,\"name\":\"Home\",\"item\":\"https:\\\/\\\/rotary.fi\\\/d1390\\\/\"},{\"@type\":\"ListItem\",\"position\":2,\"name\":\"Tallenteita koulutuksista\"}]},{\"@type\":\"WebSite\",\"@id\":\"https:\\\/\\\/rotary.fi\\\/d1390\\\/#website\",\"url\":\"https:\\\/\\\/rotary.fi\\\/d1390\\\/\",\"name\":\"Piiri 1390\",\"description\":\"Suomen Rotary\",\"potentialAction\":[{\"@type\":\"SearchAction\",\"target\":{\"@type\":\"EntryPoint\",\"urlTemplate\":\"https:\\\/\\\/rotary.fi\\\/d1390\\\/?s={search_term_string}\"},\"query-input\":{\"@type\":\"PropertyValueSpecification\",\"valueRequired\":true,\"valueName\":\"search_term_string\"}}],\"inLanguage\":\"fi\"}]}<\/script>\n<!-- \/ Yoast SEO plugin. -->","yoast_head_json":{"title":"Tallenteita koulutuksista - Piiri 1390","robots":{"index":"index","follow":"follow","max-snippet":"max-snippet:-1","max-image-preview":"max-image-preview:large","max-video-preview":"max-video-preview:-1"},"canonical":"https:\/\/rotary.fi\/d1390\/tallenteita-koulutuksista\/","og_locale":"fi_FI","og_type":"article","og_title":"Tallenteita koulutuksista - Piiri 1390","og_description":"Pyrimme tallentamaan online-koulutukset, jotta niit\u00e4 voisi katsella ja kuunnella j\u00e4lkik\u00e4teen. Vinkkej\u00e4 ja oivalluksia Rotary\u2011verkkosivujen tekij\u00f6ille naapuripiirist\u00e4 1420 Koulutukset l\u00f6ytyv\u00e4t piirin 1420 sivuilta: 5 vihjett\u00e4 Rotary-verkkosivujen yll\u00e4pitoon. Johdatus rotaryviestinn\u00e4n saloihin IPDG Esa M\u00e4kinen 8.4.2024 Koulutuksen tavoite on antaa rotareille perustietoa Rotaryn ja v\u00e4h\u00e4n muustakin viestinn\u00e4st\u00e4. RotaKids-et\u00e4koulutus RotaKids-yhteyshenkil\u00f6 Kaija Reiman-Salminen 12.3.2024 Tietoa RotaKids-toiminnasta Klubin kehitt\u00e4misen et\u00e4koulutus PDG [&hellip;]","og_url":"https:\/\/rotary.fi\/d1390\/tallenteita-koulutuksista\/","og_site_name":"Piiri 1390","article_publisher":"https:\/\/www.facebook.com\/rotary\/","article_modified_time":"2026-04-19T07:47:48+00:00","og_image":[{"width":888,"height":300,"url":"https:\/\/rotary.fi\/d1390\/wp-content\/uploads\/sites\/173\/2024\/09\/90a313402d2a727967ab11cbf46fd45f0b946a62.jpg","type":"image\/jpeg"}],"twitter_card":"summary_large_image","twitter_misc":{"Arvioitu lukuaika":"1 minuutti"},"schema":{"@context":"https:\/\/schema.org","@graph":[{"@type":"WebPage","@id":"https:\/\/rotary.fi\/d1390\/tallenteita-koulutuksista\/","url":"https:\/\/rotary.fi\/d1390\/tallenteita-koulutuksista\/","name":"Tallenteita koulutuksista - Piiri 1390","isPartOf":{"@id":"https:\/\/rotary.fi\/d1390\/#website"},"primaryImageOfPage":{"@id":"https:\/\/rotary.fi\/d1390\/tallenteita-koulutuksista\/#primaryimage"},"image":{"@id":"https:\/\/rotary.fi\/d1390\/tallenteita-koulutuksista\/#primaryimage"},"thumbnailUrl":"https:\/\/rotary.fi\/d1390\/wp-content\/uploads\/sites\/173\/2024\/09\/90a313402d2a727967ab11cbf46fd45f0b946a62.jpg","datePublished":"2024-09-11T08:03:12+00:00","dateModified":"2026-04-19T07:47:48+00:00","breadcrumb":{"@id":"https:\/\/rotary.fi\/d1390\/tallenteita-koulutuksista\/#breadcrumb"},"inLanguage":"fi","potentialAction":[{"@type":"ReadAction","target":["https:\/\/rotary.fi\/d1390\/tallenteita-koulutuksista\/"]}]},{"@type":"ImageObject","inLanguage":"fi","@id":"https:\/\/rotary.fi\/d1390\/tallenteita-koulutuksista\/#primaryimage","url":"https:\/\/rotary.fi\/d1390\/wp-content\/uploads\/sites\/173\/2024\/09\/90a313402d2a727967ab11cbf46fd45f0b946a62.jpg","contentUrl":"https:\/\/rotary.fi\/d1390\/wp-content\/uploads\/sites\/173\/2024\/09\/90a313402d2a727967ab11cbf46fd45f0b946a62.jpg","width":888,"height":300},{"@type":"BreadcrumbList","@id":"https:\/\/rotary.fi\/d1390\/tallenteita-koulutuksista\/#breadcrumb","itemListElement":[{"@type":"ListItem","position":1,"name":"Home","item":"https:\/\/rotary.fi\/d1390\/"},{"@type":"ListItem","position":2,"name":"Tallenteita koulutuksista"}]},{"@type":"WebSite","@id":"https:\/\/rotary.fi\/d1390\/#website","url":"https:\/\/rotary.fi\/d1390\/","name":"Piiri 1390","description":"Suomen Rotary","potentialAction":[{"@type":"SearchAction","target":{"@type":"EntryPoint","urlTemplate":"https:\/\/rotary.fi\/d1390\/?s={search_term_string}"},"query-input":{"@type":"PropertyValueSpecification","valueRequired":true,"valueName":"search_term_string"}}],"inLanguage":"fi"}]}},"lang":"fi","translations":{"fi":6738},"pll_sync_post":[],"_links":{"self":[{"href":"https:\/\/rotary.fi\/d1390\/wp-json\/wp\/v2\/pages\/6738","targetHints":{"allow":["GET"]}}],"collection":[{"href":"https:\/\/rotary.fi\/d1390\/wp-json\/wp\/v2\/pages"}],"about":[{"href":"https:\/\/rotary.fi\/d1390\/wp-json\/wp\/v2\/types\/page"}],"author":[{"embeddable":true,"href":"https:\/\/rotary.fi\/d1390\/wp-json\/wp\/v2\/users\/483"}],"replies":[{"embeddable":true,"href":"https:\/\/rotary.fi\/d1390\/wp-json\/wp\/v2\/comments?post=6738"}],"version-history":[{"count":7,"href":"https:\/\/rotary.fi\/d1390\/wp-json\/wp\/v2\/pages\/6738\/revisions"}],"predecessor-version":[{"id":7429,"href":"https:\/\/rotary.fi\/d1390\/wp-json\/wp\/v2\/pages\/6738\/revisions\/7429"}],"wp:featuredmedia":[{"embeddable":true,"href":"https:\/\/rotary.fi\/d1390\/wp-json\/wp\/v2\/media\/6744"}],"wp:attachment":[{"href":"https:\/\/rotary.fi\/d1390\/wp-json\/wp\/v2\/media?parent=6738"}],"curies":[{"name":"wp","href":"https:\/\/api.w.org\/{rel}","templated":true}]}}