{"id":656,"date":"2018-04-09T13:41:22","date_gmt":"2018-04-09T11:41:22","guid":{"rendered":"http:\/\/rotary.fi\/piirisivusto\/?page_id=656"},"modified":"2026-04-06T18:17:07","modified_gmt":"2026-04-06T16:17:07","slug":"mita-teemme","status":"publish","type":"page","link":"https:\/\/rotary.fi\/d1390\/mita-teemme\/","title":{"rendered":"Mit\u00e4 teemme"},"content":{"rendered":"<p>[et_pb_section fb_built=&#8221;1&#8243; module_class=&#8221;jumbotron-page&#8221; _builder_version=&#8221;4.16&#8243; background_image=&#8221;https:\/\/rotary.fi\/d1390\/wp-content\/uploads\/sites\/173\/2021\/08\/shelter-box.jpg&#8221; global_colors_info=&#8221;{}&#8221;][et_pb_row module_class=&#8221; et_pb_row_fullwidth&#8221; _builder_version=&#8221;4.16&#8243; width=&#8221;89%&#8221; width_tablet=&#8221;80%&#8221; width_phone=&#8221;&#8221; width_last_edited=&#8221;on|desktop&#8221; max_width=&#8221;89%&#8221; max_width_tablet=&#8221;80%&#8221; max_width_phone=&#8221;&#8221; max_width_last_edited=&#8221;on|desktop&#8221; make_fullwidth=&#8221;on&#8221; global_colors_info=&#8221;{}&#8221;][et_pb_column type=&#8221;4_4&#8243; _builder_version=&#8221;4.16&#8243; custom_padding=&#8221;|||&#8221; global_colors_info=&#8221;{}&#8221; custom_padding__hover=&#8221;|||&#8221;][et_pb_text admin_label=&#8221;Mit\u00e4 teemme -otsikko&#8221; _builder_version=&#8221;4.16&#8243; text_orientation=&#8221;center&#8221; background_layout=&#8221;dark&#8221; locked=&#8221;off&#8221; collapsed=&#8221;off&#8221; global_colors_info=&#8221;{}&#8221;]<\/p>\n<h1>\u00a0\u00a0<\/h1>\n<p>[\/et_pb_text][\/et_pb_column][\/et_pb_row][\/et_pb_section][et_pb_section fb_built=&#8221;1&#8243; module_class=&#8221;sisaltoalue_perus&#8221; _builder_version=&#8221;4.16&#8243; custom_margin=&#8221;||40px|&#8221; global_colors_info=&#8221;{}&#8221;][et_pb_row custom_padding_last_edited=&#8221;on|phone&#8221; _builder_version=&#8221;4.16&#8243; custom_padding_tablet=&#8221;&#8221; custom_padding_phone=&#8221;&#8221; global_colors_info=&#8221;{}&#8221;][et_pb_column type=&#8221;4_4&#8243; _builder_version=&#8221;4.16&#8243; custom_padding=&#8221;|||&#8221; global_colors_info=&#8221;{}&#8221; custom_padding__hover=&#8221;|||&#8221;][et_pb_text admin_label=&#8221;Mit\u00e4 teemme -otsikko&#8221; _builder_version=&#8221;4.16&#8243; text_orientation=&#8221;center&#8221; global_colors_info=&#8221;{}&#8221;]<\/p>\n<h1>Mit\u00e4 teemme<\/h1>\n<p>[\/et_pb_text][et_pb_text _builder_version=&#8221;4.27.0&#8243; global_colors_info=&#8221;{}&#8221;]<\/p>\n<p><span style=\"font-size: 16px\">Rotary Internationalin kauden 2024\u20132025 presidentin Stephanie Urchickin vuositeema on The Magic of Rotary.\u00a0<\/span><\/p>\n<div class=\"x11i5rnm xat24cr x1mh8g0r x1vvkbs xtlvy1s x126k92a\">\n<div dir=\"auto\">Teeman tavoitteena \u00a0on halu nostaa n\u00e4kyviin Rotaryn kyky ja mahdollisuus pelastaa ihmishenki\u00e4.<\/div>\n<\/div>\n<div class=\"x11i5rnm xat24cr x1mh8g0r x1vvkbs xtlvy1s x126k92a\">\n<div dir=\"auto\">&#8221;Emme voi lopettaa poliota tai tuoda rauhaa maailmaan taikasauvaa heiluttamalla\u201d, sanoo Urchick. &#8221;Voimme kuitenkin vaikuttaa asioihin. Jokainen toteutunut projekti, jokainen lahjoitettu euro ja jokainen uusi j\u00e4sen auttaa meit\u00e4 t\u00e4m\u00e4n <span class=\"html-span xdj266r x11i5rnm xat24cr x1mh8g0r xexx8yu x4uap5 x18d9i69 xkhd6sd x1hl2dhg x16tdsg8 x1vvkbs\"><a class=\"html-a xdj266r x11i5rnm xat24cr x1mh8g0r xexx8yu x4uap5 x18d9i69 xkhd6sd x1hl2dhg x16tdsg8 x1vvkbs\"><\/a><\/span>tavoitteen saavuttamisessa.&#8221;<\/div>\n<div dir=\"auto\"><\/div>\n<div dir=\"auto\"><\/div>\n<\/div>\n<p>&nbsp;<\/p>\n<p><span style=\"font-size: 16px\"><img loading=\"lazy\" decoding=\"async\" src=\"https:\/\/rotary.fi\/d1390\/wp-content\/uploads\/sites\/173\/2024\/09\/t2425en-logo-cmyk-300x177.png\" width=\"300\" height=\"177\" alt=\"\" class=\"wp-image-6703 alignnone size-medium\" \/>\u00a0 \u00a0 \u00a0 \u00a0 \u00a0 \u00a0 \u00a0 \u00a0 \u00a0 \u00a0<img loading=\"lazy\" decoding=\"async\" src=\"https:\/\/rotary.fi\/d1390\/wp-content\/uploads\/sites\/173\/2024\/09\/449334489-8223757220990093-7867082387200821278-n-300x300.jpeg\" width=\"300\" height=\"300\" alt=\"\" class=\"wp-image-6702 size-medium\" \/><\/span><\/p>\n<p>&nbsp;<\/p>\n<p>\u00a0<a href=\"https:\/\/www.rotary.org\/en\/stephanie-urchick-celebrates-magic-rotary\">Lue lis\u00e4\u00e4 Stephanien ajatuksista<\/a>.\u00a0<\/p>\n<p>&nbsp;<\/p>\n<p>&nbsp;<\/p>\n<p>[\/et_pb_text][\/et_pb_column][\/et_pb_row][\/et_pb_section]<\/p>\n","protected":false},"excerpt":{"rendered":"<p>\u00a0\u00a0Mit\u00e4 teemme Rotary Internationalin kauden 2024\u20132025 presidentin Stephanie Urchickin vuositeema on The Magic of Rotary.\u00a0 Teeman tavoitteena \u00a0on halu nostaa n\u00e4kyviin Rotaryn kyky ja mahdollisuus pelastaa ihmishenki\u00e4. &#8221;Emme voi lopettaa poliota tai tuoda rauhaa maailmaan taikasauvaa heiluttamalla\u201d, sanoo Urchick. &#8221;Voimme kuitenkin vaikuttaa asioihin. Jokainen toteutunut projekti, jokainen lahjoitettu euro ja jokainen uusi j\u00e4sen auttaa meit\u00e4 [&hellip;]<\/p>\n","protected":false},"author":1,"featured_media":0,"parent":0,"menu_order":2,"comment_status":"closed","ping_status":"closed","template":"","meta":{"_acf_changed":false,"_et_pb_use_builder":"on","_et_pb_old_content":"","_et_gb_content_width":"","footnotes":""},"class_list":["post-656","page","type-page","status-publish","hentry"],"acf":[],"yoast_head":"<!-- This site is optimized with the Yoast SEO plugin v27.4 - https:\/\/yoast.com\/product\/yoast-seo-wordpress\/ -->\n<title>Mit\u00e4 teemme - Piiri 1390<\/title>\n<meta name=\"robots\" content=\"index, follow, max-snippet:-1, max-image-preview:large, max-video-preview:-1\" \/>\n<link rel=\"canonical\" href=\"https:\/\/rotary.fi\/d1390\/mita-teemme\/\" \/>\n<meta property=\"og:locale\" content=\"fi_FI\" \/>\n<meta property=\"og:type\" content=\"article\" \/>\n<meta property=\"og:title\" content=\"Mit\u00e4 teemme - Piiri 1390\" \/>\n<meta property=\"og:description\" content=\"\u00a0\u00a0Mit\u00e4 teemme Rotary Internationalin kauden 2024\u20132025 presidentin Stephanie Urchickin vuositeema on The Magic of Rotary.\u00a0 Teeman tavoitteena \u00a0on halu nostaa n\u00e4kyviin Rotaryn kyky ja mahdollisuus pelastaa ihmishenki\u00e4. &quot;Emme voi lopettaa poliota tai tuoda rauhaa maailmaan taikasauvaa heiluttamalla\u201d, sanoo Urchick. &quot;Voimme kuitenkin vaikuttaa asioihin. Jokainen toteutunut projekti, jokainen lahjoitettu euro ja jokainen uusi j\u00e4sen auttaa meit\u00e4 [&hellip;]\" \/>\n<meta property=\"og:url\" content=\"https:\/\/rotary.fi\/d1390\/mita-teemme\/\" \/>\n<meta property=\"og:site_name\" content=\"Piiri 1390\" \/>\n<meta property=\"article:publisher\" content=\"https:\/\/www.facebook.com\/rotary\/\" \/>\n<meta property=\"article:modified_time\" content=\"2026-04-06T16:17:07+00:00\" \/>\n<meta property=\"og:image\" content=\"https:\/\/rotary.fi\/d1390\/wp-content\/uploads\/sites\/173\/2024\/09\/t2425en-logo-cmyk.png\" \/>\n\t<meta property=\"og:image:width\" content=\"2804\" \/>\n\t<meta property=\"og:image:height\" content=\"1659\" \/>\n\t<meta property=\"og:image:type\" content=\"image\/png\" \/>\n<meta name=\"twitter:card\" content=\"summary_large_image\" \/>\n<meta name=\"twitter:label1\" content=\"Arvioitu lukuaika\" \/>\n\t<meta name=\"twitter:data1\" content=\"3 minuuttia\" \/>\n<script type=\"application\/ld+json\" class=\"yoast-schema-graph\">{\"@context\":\"https:\\\/\\\/schema.org\",\"@graph\":[{\"@type\":\"WebPage\",\"@id\":\"https:\\\/\\\/rotary.fi\\\/d1390\\\/mita-teemme\\\/\",\"url\":\"https:\\\/\\\/rotary.fi\\\/d1390\\\/mita-teemme\\\/\",\"name\":\"Mit\u00e4 teemme - Piiri 1390\",\"isPartOf\":{\"@id\":\"https:\\\/\\\/rotary.fi\\\/d1390\\\/#website\"},\"primaryImageOfPage\":{\"@id\":\"https:\\\/\\\/rotary.fi\\\/d1390\\\/mita-teemme\\\/#primaryimage\"},\"image\":{\"@id\":\"https:\\\/\\\/rotary.fi\\\/d1390\\\/mita-teemme\\\/#primaryimage\"},\"thumbnailUrl\":\"https:\\\/\\\/rotary.fi\\\/d1390\\\/wp-content\\\/uploads\\\/sites\\\/173\\\/2024\\\/09\\\/t2425en-logo-cmyk-300x177.png\",\"datePublished\":\"2018-04-09T11:41:22+00:00\",\"dateModified\":\"2026-04-06T16:17:07+00:00\",\"breadcrumb\":{\"@id\":\"https:\\\/\\\/rotary.fi\\\/d1390\\\/mita-teemme\\\/#breadcrumb\"},\"inLanguage\":\"fi\",\"potentialAction\":[{\"@type\":\"ReadAction\",\"target\":[\"https:\\\/\\\/rotary.fi\\\/d1390\\\/mita-teemme\\\/\"]}]},{\"@type\":\"ImageObject\",\"inLanguage\":\"fi\",\"@id\":\"https:\\\/\\\/rotary.fi\\\/d1390\\\/mita-teemme\\\/#primaryimage\",\"url\":\"https:\\\/\\\/rotary.fi\\\/d1390\\\/wp-content\\\/uploads\\\/sites\\\/173\\\/2024\\\/09\\\/t2425en-logo-cmyk.png\",\"contentUrl\":\"https:\\\/\\\/rotary.fi\\\/d1390\\\/wp-content\\\/uploads\\\/sites\\\/173\\\/2024\\\/09\\\/t2425en-logo-cmyk.png\",\"width\":2804,\"height\":1659},{\"@type\":\"BreadcrumbList\",\"@id\":\"https:\\\/\\\/rotary.fi\\\/d1390\\\/mita-teemme\\\/#breadcrumb\",\"itemListElement\":[{\"@type\":\"ListItem\",\"position\":1,\"name\":\"Home\",\"item\":\"https:\\\/\\\/rotary.fi\\\/d1390\\\/\"},{\"@type\":\"ListItem\",\"position\":2,\"name\":\"Mit\u00e4 teemme\"}]},{\"@type\":\"WebSite\",\"@id\":\"https:\\\/\\\/rotary.fi\\\/d1390\\\/#website\",\"url\":\"https:\\\/\\\/rotary.fi\\\/d1390\\\/\",\"name\":\"Piiri 1390\",\"description\":\"Suomen Rotary\",\"potentialAction\":[{\"@type\":\"SearchAction\",\"target\":{\"@type\":\"EntryPoint\",\"urlTemplate\":\"https:\\\/\\\/rotary.fi\\\/d1390\\\/?s={search_term_string}\"},\"query-input\":{\"@type\":\"PropertyValueSpecification\",\"valueRequired\":true,\"valueName\":\"search_term_string\"}}],\"inLanguage\":\"fi\"}]}<\/script>\n<!-- \/ Yoast SEO plugin. -->","yoast_head_json":{"title":"Mit\u00e4 teemme - Piiri 1390","robots":{"index":"index","follow":"follow","max-snippet":"max-snippet:-1","max-image-preview":"max-image-preview:large","max-video-preview":"max-video-preview:-1"},"canonical":"https:\/\/rotary.fi\/d1390\/mita-teemme\/","og_locale":"fi_FI","og_type":"article","og_title":"Mit\u00e4 teemme - Piiri 1390","og_description":"\u00a0\u00a0Mit\u00e4 teemme Rotary Internationalin kauden 2024\u20132025 presidentin Stephanie Urchickin vuositeema on The Magic of Rotary.\u00a0 Teeman tavoitteena \u00a0on halu nostaa n\u00e4kyviin Rotaryn kyky ja mahdollisuus pelastaa ihmishenki\u00e4. \"Emme voi lopettaa poliota tai tuoda rauhaa maailmaan taikasauvaa heiluttamalla\u201d, sanoo Urchick. \"Voimme kuitenkin vaikuttaa asioihin. Jokainen toteutunut projekti, jokainen lahjoitettu euro ja jokainen uusi j\u00e4sen auttaa meit\u00e4 [&hellip;]","og_url":"https:\/\/rotary.fi\/d1390\/mita-teemme\/","og_site_name":"Piiri 1390","article_publisher":"https:\/\/www.facebook.com\/rotary\/","article_modified_time":"2026-04-06T16:17:07+00:00","og_image":[{"width":2804,"height":1659,"url":"https:\/\/rotary.fi\/d1390\/wp-content\/uploads\/sites\/173\/2024\/09\/t2425en-logo-cmyk.png","type":"image\/png"}],"twitter_card":"summary_large_image","twitter_misc":{"Arvioitu lukuaika":"3 minuuttia"},"schema":{"@context":"https:\/\/schema.org","@graph":[{"@type":"WebPage","@id":"https:\/\/rotary.fi\/d1390\/mita-teemme\/","url":"https:\/\/rotary.fi\/d1390\/mita-teemme\/","name":"Mit\u00e4 teemme - Piiri 1390","isPartOf":{"@id":"https:\/\/rotary.fi\/d1390\/#website"},"primaryImageOfPage":{"@id":"https:\/\/rotary.fi\/d1390\/mita-teemme\/#primaryimage"},"image":{"@id":"https:\/\/rotary.fi\/d1390\/mita-teemme\/#primaryimage"},"thumbnailUrl":"https:\/\/rotary.fi\/d1390\/wp-content\/uploads\/sites\/173\/2024\/09\/t2425en-logo-cmyk-300x177.png","datePublished":"2018-04-09T11:41:22+00:00","dateModified":"2026-04-06T16:17:07+00:00","breadcrumb":{"@id":"https:\/\/rotary.fi\/d1390\/mita-teemme\/#breadcrumb"},"inLanguage":"fi","potentialAction":[{"@type":"ReadAction","target":["https:\/\/rotary.fi\/d1390\/mita-teemme\/"]}]},{"@type":"ImageObject","inLanguage":"fi","@id":"https:\/\/rotary.fi\/d1390\/mita-teemme\/#primaryimage","url":"https:\/\/rotary.fi\/d1390\/wp-content\/uploads\/sites\/173\/2024\/09\/t2425en-logo-cmyk.png","contentUrl":"https:\/\/rotary.fi\/d1390\/wp-content\/uploads\/sites\/173\/2024\/09\/t2425en-logo-cmyk.png","width":2804,"height":1659},{"@type":"BreadcrumbList","@id":"https:\/\/rotary.fi\/d1390\/mita-teemme\/#breadcrumb","itemListElement":[{"@type":"ListItem","position":1,"name":"Home","item":"https:\/\/rotary.fi\/d1390\/"},{"@type":"ListItem","position":2,"name":"Mit\u00e4 teemme"}]},{"@type":"WebSite","@id":"https:\/\/rotary.fi\/d1390\/#website","url":"https:\/\/rotary.fi\/d1390\/","name":"Piiri 1390","description":"Suomen Rotary","potentialAction":[{"@type":"SearchAction","target":{"@type":"EntryPoint","urlTemplate":"https:\/\/rotary.fi\/d1390\/?s={search_term_string}"},"query-input":{"@type":"PropertyValueSpecification","valueRequired":true,"valueName":"search_term_string"}}],"inLanguage":"fi"}]}},"lang":"fi","translations":{"fi":656,"en":2904},"pll_sync_post":[],"_links":{"self":[{"href":"https:\/\/rotary.fi\/d1390\/wp-json\/wp\/v2\/pages\/656","targetHints":{"allow":["GET"]}}],"collection":[{"href":"https:\/\/rotary.fi\/d1390\/wp-json\/wp\/v2\/pages"}],"about":[{"href":"https:\/\/rotary.fi\/d1390\/wp-json\/wp\/v2\/types\/page"}],"author":[{"embeddable":true,"href":"https:\/\/rotary.fi\/d1390\/wp-json\/wp\/v2\/users\/1"}],"replies":[{"embeddable":true,"href":"https:\/\/rotary.fi\/d1390\/wp-json\/wp\/v2\/comments?post=656"}],"version-history":[{"count":10,"href":"https:\/\/rotary.fi\/d1390\/wp-json\/wp\/v2\/pages\/656\/revisions"}],"predecessor-version":[{"id":7290,"href":"https:\/\/rotary.fi\/d1390\/wp-json\/wp\/v2\/pages\/656\/revisions\/7290"}],"wp:attachment":[{"href":"https:\/\/rotary.fi\/d1390\/wp-json\/wp\/v2\/media?parent=656"}],"curies":[{"name":"wp","href":"https:\/\/api.w.org\/{rel}","templated":true}]}}