{"id":3170,"date":"2019-09-03T12:21:41","date_gmt":"2019-09-03T10:21:41","guid":{"rendered":"https:\/\/rotary.fi\/d1390\/?page_id=3170"},"modified":"2026-04-06T18:21:00","modified_gmt":"2026-04-06T16:21:00","slug":"maailman-poliopaiva","status":"publish","type":"page","link":"https:\/\/rotary.fi\/d1390\/mita-teemme\/end-polio-now\/maailman-poliopaiva\/","title":{"rendered":"Maailman poliop\u00e4iv\u00e4"},"content":{"rendered":"<p>[et_pb_section fb_built=&#8221;1&#8243; module_class=&#8221;jumbotron-page&#8221; _builder_version=&#8221;4.16&#8243; background_image=&#8221;https:\/\/rotary.fi\/piirisivusto\/wp-content\/uploads\/sites\/173\/2018\/04\/paakuva_bill_melinda_gates_foundation.jpg&#8221; global_colors_info=&#8221;{}&#8221;][et_pb_row module_class=&#8221; et_pb_row_fullwidth et_pb_row_fullwidth&#8221; _builder_version=&#8221;4.16&#8243; width=&#8221;89%&#8221; width_tablet=&#8221;80%&#8221; width_phone=&#8221;&#8221; width_last_edited=&#8221;on|desktop&#8221; max_width=&#8221;89%&#8221; max_width_tablet=&#8221;80%&#8221; max_width_phone=&#8221;&#8221; max_width_last_edited=&#8221;on|desktop&#8221; make_fullwidth=&#8221;on&#8221; global_colors_info=&#8221;{}&#8221;][et_pb_column type=&#8221;4_4&#8243; _builder_version=&#8221;4.16&#8243; custom_padding=&#8221;|||&#8221; global_colors_info=&#8221;{}&#8221; custom_padding__hover=&#8221;|||&#8221;][et_pb_text admin_label=&#8221;Maailman poliop\u00e4iv\u00e4 -otsikko&#8221; _builder_version=&#8221;4.16&#8243; text_orientation=&#8221;center&#8221; background_layout=&#8221;dark&#8221; z_index_tablet=&#8221;500&#8243; text_text_shadow_horizontal_length_tablet=&#8221;0px&#8221; text_text_shadow_vertical_length_tablet=&#8221;0px&#8221; text_text_shadow_blur_strength_tablet=&#8221;1px&#8221; link_text_shadow_horizontal_length_tablet=&#8221;0px&#8221; link_text_shadow_vertical_length_tablet=&#8221;0px&#8221; link_text_shadow_blur_strength_tablet=&#8221;1px&#8221; ul_text_shadow_horizontal_length_tablet=&#8221;0px&#8221; ul_text_shadow_vertical_length_tablet=&#8221;0px&#8221; ul_text_shadow_blur_strength_tablet=&#8221;1px&#8221; ol_text_shadow_horizontal_length_tablet=&#8221;0px&#8221; ol_text_shadow_vertical_length_tablet=&#8221;0px&#8221; ol_text_shadow_blur_strength_tablet=&#8221;1px&#8221; quote_text_shadow_horizontal_length_tablet=&#8221;0px&#8221; quote_text_shadow_vertical_length_tablet=&#8221;0px&#8221; quote_text_shadow_blur_strength_tablet=&#8221;1px&#8221; header_text_shadow_horizontal_length_tablet=&#8221;0px&#8221; header_text_shadow_vertical_length_tablet=&#8221;0px&#8221; header_text_shadow_blur_strength_tablet=&#8221;1px&#8221; header_2_text_shadow_horizontal_length_tablet=&#8221;0px&#8221; header_2_text_shadow_vertical_length_tablet=&#8221;0px&#8221; header_2_text_shadow_blur_strength_tablet=&#8221;1px&#8221; header_3_text_shadow_horizontal_length_tablet=&#8221;0px&#8221; header_3_text_shadow_vertical_length_tablet=&#8221;0px&#8221; header_3_text_shadow_blur_strength_tablet=&#8221;1px&#8221; header_4_text_shadow_horizontal_length_tablet=&#8221;0px&#8221; header_4_text_shadow_vertical_length_tablet=&#8221;0px&#8221; header_4_text_shadow_blur_strength_tablet=&#8221;1px&#8221; header_5_text_shadow_horizontal_length_tablet=&#8221;0px&#8221; header_5_text_shadow_vertical_length_tablet=&#8221;0px&#8221; header_5_text_shadow_blur_strength_tablet=&#8221;1px&#8221; header_6_text_shadow_horizontal_length_tablet=&#8221;0px&#8221; header_6_text_shadow_vertical_length_tablet=&#8221;0px&#8221; header_6_text_shadow_blur_strength_tablet=&#8221;1px&#8221; box_shadow_horizontal_tablet=&#8221;0px&#8221; box_shadow_vertical_tablet=&#8221;0px&#8221; box_shadow_blur_tablet=&#8221;40px&#8221; box_shadow_spread_tablet=&#8221;0px&#8221; global_colors_info=&#8221;{}&#8221;]<\/p>\n<h1>\u00a0\u00a0<\/h1>\n<p>[\/et_pb_text][\/et_pb_column][\/et_pb_row][\/et_pb_section][et_pb_section fb_built=&#8221;1&#8243; module_class=&#8221;sisaltoalue_perus&#8221; _builder_version=&#8221;4.16&#8243; background_size=&#8221;initial&#8221; background_position=&#8221;top_left&#8221; background_repeat=&#8221;repeat&#8221; global_colors_info=&#8221;{}&#8221;][et_pb_row custom_padding_last_edited=&#8221;on|phone&#8221; _builder_version=&#8221;4.16&#8243; custom_padding_tablet=&#8221;&#8221; custom_padding_phone=&#8221;&#8221; global_colors_info=&#8221;{}&#8221;][et_pb_column type=&#8221;4_4&#8243; _builder_version=&#8221;4.16&#8243; custom_padding=&#8221;|||&#8221; global_colors_info=&#8221;{}&#8221; custom_padding__hover=&#8221;|||&#8221;][et_pb_text admin_label=&#8221;Maailman poliop\u00e4iv\u00e4 -otsikko&#8221; _builder_version=&#8221;4.16&#8243; text_orientation=&#8221;center&#8221; z_index_tablet=&#8221;500&#8243; text_text_shadow_horizontal_length_tablet=&#8221;0px&#8221; text_text_shadow_vertical_length_tablet=&#8221;0px&#8221; text_text_shadow_blur_strength_tablet=&#8221;1px&#8221; link_text_shadow_horizontal_length_tablet=&#8221;0px&#8221; link_text_shadow_vertical_length_tablet=&#8221;0px&#8221; link_text_shadow_blur_strength_tablet=&#8221;1px&#8221; ul_text_shadow_horizontal_length_tablet=&#8221;0px&#8221; ul_text_shadow_vertical_length_tablet=&#8221;0px&#8221; ul_text_shadow_blur_strength_tablet=&#8221;1px&#8221; ol_text_shadow_horizontal_length_tablet=&#8221;0px&#8221; ol_text_shadow_vertical_length_tablet=&#8221;0px&#8221; ol_text_shadow_blur_strength_tablet=&#8221;1px&#8221; quote_text_shadow_horizontal_length_tablet=&#8221;0px&#8221; quote_text_shadow_vertical_length_tablet=&#8221;0px&#8221; quote_text_shadow_blur_strength_tablet=&#8221;1px&#8221; header_text_shadow_horizontal_length_tablet=&#8221;0px&#8221; header_text_shadow_vertical_length_tablet=&#8221;0px&#8221; header_text_shadow_blur_strength_tablet=&#8221;1px&#8221; header_2_text_shadow_horizontal_length_tablet=&#8221;0px&#8221; header_2_text_shadow_vertical_length_tablet=&#8221;0px&#8221; header_2_text_shadow_blur_strength_tablet=&#8221;1px&#8221; header_3_text_shadow_horizontal_length_tablet=&#8221;0px&#8221; header_3_text_shadow_vertical_length_tablet=&#8221;0px&#8221; header_3_text_shadow_blur_strength_tablet=&#8221;1px&#8221; header_4_text_shadow_horizontal_length_tablet=&#8221;0px&#8221; header_4_text_shadow_vertical_length_tablet=&#8221;0px&#8221; header_4_text_shadow_blur_strength_tablet=&#8221;1px&#8221; header_5_text_shadow_horizontal_length_tablet=&#8221;0px&#8221; header_5_text_shadow_vertical_length_tablet=&#8221;0px&#8221; header_5_text_shadow_blur_strength_tablet=&#8221;1px&#8221; header_6_text_shadow_horizontal_length_tablet=&#8221;0px&#8221; header_6_text_shadow_vertical_length_tablet=&#8221;0px&#8221; header_6_text_shadow_blur_strength_tablet=&#8221;1px&#8221; box_shadow_horizontal_tablet=&#8221;0px&#8221; box_shadow_vertical_tablet=&#8221;0px&#8221; box_shadow_blur_tablet=&#8221;40px&#8221; box_shadow_spread_tablet=&#8221;0px&#8221; global_colors_info=&#8221;{}&#8221;]<\/p>\n<h1>Maailman poliop\u00e4iv\u00e4<\/h1>\n<p>[\/et_pb_text][et_pb_text _builder_version=&#8221;4.16&#8243; z_index_tablet=&#8221;500&#8243; text_text_shadow_horizontal_length_tablet=&#8221;0px&#8221; text_text_shadow_vertical_length_tablet=&#8221;0px&#8221; text_text_shadow_blur_strength_tablet=&#8221;1px&#8221; link_text_shadow_horizontal_length_tablet=&#8221;0px&#8221; link_text_shadow_vertical_length_tablet=&#8221;0px&#8221; link_text_shadow_blur_strength_tablet=&#8221;1px&#8221; ul_text_shadow_horizontal_length_tablet=&#8221;0px&#8221; ul_text_shadow_vertical_length_tablet=&#8221;0px&#8221; ul_text_shadow_blur_strength_tablet=&#8221;1px&#8221; ol_text_shadow_horizontal_length_tablet=&#8221;0px&#8221; ol_text_shadow_vertical_length_tablet=&#8221;0px&#8221; ol_text_shadow_blur_strength_tablet=&#8221;1px&#8221; quote_text_shadow_horizontal_length_tablet=&#8221;0px&#8221; quote_text_shadow_vertical_length_tablet=&#8221;0px&#8221; quote_text_shadow_blur_strength_tablet=&#8221;1px&#8221; header_text_shadow_horizontal_length_tablet=&#8221;0px&#8221; header_text_shadow_vertical_length_tablet=&#8221;0px&#8221; header_text_shadow_blur_strength_tablet=&#8221;1px&#8221; header_2_text_shadow_horizontal_length_tablet=&#8221;0px&#8221; header_2_text_shadow_vertical_length_tablet=&#8221;0px&#8221; header_2_text_shadow_blur_strength_tablet=&#8221;1px&#8221; header_3_text_shadow_horizontal_length_tablet=&#8221;0px&#8221; header_3_text_shadow_vertical_length_tablet=&#8221;0px&#8221; header_3_text_shadow_blur_strength_tablet=&#8221;1px&#8221; header_4_text_shadow_horizontal_length_tablet=&#8221;0px&#8221; header_4_text_shadow_vertical_length_tablet=&#8221;0px&#8221; header_4_text_shadow_blur_strength_tablet=&#8221;1px&#8221; header_5_text_shadow_horizontal_length_tablet=&#8221;0px&#8221; header_5_text_shadow_vertical_length_tablet=&#8221;0px&#8221; header_5_text_shadow_blur_strength_tablet=&#8221;1px&#8221; header_6_text_shadow_horizontal_length_tablet=&#8221;0px&#8221; header_6_text_shadow_vertical_length_tablet=&#8221;0px&#8221; header_6_text_shadow_blur_strength_tablet=&#8221;1px&#8221; box_shadow_horizontal_tablet=&#8221;0px&#8221; box_shadow_vertical_tablet=&#8221;0px&#8221; box_shadow_blur_tablet=&#8221;40px&#8221; box_shadow_spread_tablet=&#8221;0px&#8221; global_colors_info=&#8221;{}&#8221;]<\/p>\n<p>Maailman poliop\u00e4iv\u00e4\u00e4 vietet\u00e4\u00e4n lokakuun 24 p\u00e4iv\u00e4n\u00e4 piiriss\u00e4mme monin tavoin: jakamalla tietoa, j\u00e4rjest\u00e4m\u00e4ll\u00e4 tilaisuuksia ja lahjoittamalla varoja Rotarys\u00e4\u00e4ti\u00f6n poliorahastoon.<\/p>\n<p>Maailmanlaajuisesti moni merkitt\u00e4v\u00e4 rakennus on ollut valaistuna. \u00a0Logoin tai v\u00e4rein koristetut rakennukset ovat kertoneet Rotaryn ja sen yhteisty\u00f6kumppaneiden yhteisest\u00e4 tavoitteesta poistaa polio maailmasta.<\/p>\n<p>[\/et_pb_text][et_pb_image _builder_version=&#8221;4.16&#8243; global_colors_info=&#8221;{}&#8221;][\/et_pb_image][\/et_pb_column][\/et_pb_row][\/et_pb_section]<\/p>\n","protected":false},"excerpt":{"rendered":"<p>\u00a0\u00a0Maailman poliop\u00e4iv\u00e4 Maailman poliop\u00e4iv\u00e4\u00e4 vietet\u00e4\u00e4n lokakuun 24 p\u00e4iv\u00e4n\u00e4 piiriss\u00e4mme monin tavoin: jakamalla tietoa, j\u00e4rjest\u00e4m\u00e4ll\u00e4 tilaisuuksia ja lahjoittamalla varoja Rotarys\u00e4\u00e4ti\u00f6n poliorahastoon. Maailmanlaajuisesti moni merkitt\u00e4v\u00e4 rakennus on ollut valaistuna. \u00a0Logoin tai v\u00e4rein koristetut rakennukset ovat kertoneet Rotaryn ja sen yhteisty\u00f6kumppaneiden yhteisest\u00e4 tavoitteesta poistaa polio maailmasta.<\/p>\n","protected":false},"author":1,"featured_media":0,"parent":2154,"menu_order":6,"comment_status":"closed","ping_status":"closed","template":"","meta":{"_acf_changed":false,"_et_pb_use_builder":"on","_et_pb_old_content":"","_et_gb_content_width":"","footnotes":""},"class_list":["post-3170","page","type-page","status-publish","hentry"],"acf":[],"yoast_head":"<!-- This site is optimized with the Yoast SEO plugin v27.0 - https:\/\/yoast.com\/product\/yoast-seo-wordpress\/ -->\n<title>Maailman poliop\u00e4iv\u00e4 - Piiri 1390<\/title>\n<meta name=\"robots\" content=\"index, follow, max-snippet:-1, max-image-preview:large, max-video-preview:-1\" \/>\n<link rel=\"canonical\" href=\"https:\/\/rotary.fi\/d1390\/mita-teemme\/end-polio-now\/maailman-poliopaiva\/\" \/>\n<meta property=\"og:locale\" content=\"fi_FI\" \/>\n<meta property=\"og:type\" content=\"article\" \/>\n<meta property=\"og:title\" content=\"Maailman poliop\u00e4iv\u00e4 - Piiri 1390\" \/>\n<meta property=\"og:description\" content=\"\u00a0\u00a0Maailman poliop\u00e4iv\u00e4 Maailman poliop\u00e4iv\u00e4\u00e4 vietet\u00e4\u00e4n lokakuun 24 p\u00e4iv\u00e4n\u00e4 piiriss\u00e4mme monin tavoin: jakamalla tietoa, j\u00e4rjest\u00e4m\u00e4ll\u00e4 tilaisuuksia ja lahjoittamalla varoja Rotarys\u00e4\u00e4ti\u00f6n poliorahastoon. Maailmanlaajuisesti moni merkitt\u00e4v\u00e4 rakennus on ollut valaistuna. \u00a0Logoin tai v\u00e4rein koristetut rakennukset ovat kertoneet Rotaryn ja sen yhteisty\u00f6kumppaneiden yhteisest\u00e4 tavoitteesta poistaa polio maailmasta.\" \/>\n<meta property=\"og:url\" content=\"https:\/\/rotary.fi\/d1390\/mita-teemme\/end-polio-now\/maailman-poliopaiva\/\" \/>\n<meta property=\"og:site_name\" content=\"Piiri 1390\" \/>\n<meta property=\"article:publisher\" content=\"https:\/\/www.facebook.com\/rotary\/\" \/>\n<meta property=\"article:modified_time\" content=\"2026-04-06T16:21:00+00:00\" \/>\n<meta name=\"twitter:card\" content=\"summary_large_image\" \/>\n<meta name=\"twitter:label1\" content=\"Arvioitu lukuaika\" \/>\n\t<meta name=\"twitter:data1\" content=\"5 minuuttia\" \/>\n<script type=\"application\/ld+json\" class=\"yoast-schema-graph\">{\"@context\":\"https:\/\/schema.org\",\"@graph\":[{\"@type\":\"WebPage\",\"@id\":\"https:\/\/rotary.fi\/d1390\/mita-teemme\/end-polio-now\/maailman-poliopaiva\/\",\"url\":\"https:\/\/rotary.fi\/d1390\/mita-teemme\/end-polio-now\/maailman-poliopaiva\/\",\"name\":\"Maailman poliop\u00e4iv\u00e4 - Piiri 1390\",\"isPartOf\":{\"@id\":\"https:\/\/rotary.fi\/d1390\/#website\"},\"datePublished\":\"2019-09-03T10:21:41+00:00\",\"dateModified\":\"2026-04-06T16:21:00+00:00\",\"breadcrumb\":{\"@id\":\"https:\/\/rotary.fi\/d1390\/mita-teemme\/end-polio-now\/maailman-poliopaiva\/#breadcrumb\"},\"inLanguage\":\"fi\",\"potentialAction\":[{\"@type\":\"ReadAction\",\"target\":[\"https:\/\/rotary.fi\/d1390\/mita-teemme\/end-polio-now\/maailman-poliopaiva\/\"]}]},{\"@type\":\"BreadcrumbList\",\"@id\":\"https:\/\/rotary.fi\/d1390\/mita-teemme\/end-polio-now\/maailman-poliopaiva\/#breadcrumb\",\"itemListElement\":[{\"@type\":\"ListItem\",\"position\":1,\"name\":\"Home\",\"item\":\"https:\/\/rotary.fi\/d1390\/\"},{\"@type\":\"ListItem\",\"position\":2,\"name\":\"Mit\u00e4 teemme\",\"item\":\"https:\/\/rotary.fi\/d1390\/mita-teemme\/\"},{\"@type\":\"ListItem\",\"position\":3,\"name\":\"End Polio Now\",\"item\":\"https:\/\/rotary.fi\/d1390\/mita-teemme\/end-polio-now\/\"},{\"@type\":\"ListItem\",\"position\":4,\"name\":\"Maailman poliop\u00e4iv\u00e4\"}]},{\"@type\":\"WebSite\",\"@id\":\"https:\/\/rotary.fi\/d1390\/#website\",\"url\":\"https:\/\/rotary.fi\/d1390\/\",\"name\":\"Piiri 1390\",\"description\":\"Suomen Rotary\",\"potentialAction\":[{\"@type\":\"SearchAction\",\"target\":{\"@type\":\"EntryPoint\",\"urlTemplate\":\"https:\/\/rotary.fi\/d1390\/?s={search_term_string}\"},\"query-input\":{\"@type\":\"PropertyValueSpecification\",\"valueRequired\":true,\"valueName\":\"search_term_string\"}}],\"inLanguage\":\"fi\"}]}<\/script>\n<!-- \/ Yoast SEO plugin. -->","yoast_head_json":{"title":"Maailman poliop\u00e4iv\u00e4 - Piiri 1390","robots":{"index":"index","follow":"follow","max-snippet":"max-snippet:-1","max-image-preview":"max-image-preview:large","max-video-preview":"max-video-preview:-1"},"canonical":"https:\/\/rotary.fi\/d1390\/mita-teemme\/end-polio-now\/maailman-poliopaiva\/","og_locale":"fi_FI","og_type":"article","og_title":"Maailman poliop\u00e4iv\u00e4 - Piiri 1390","og_description":"\u00a0\u00a0Maailman poliop\u00e4iv\u00e4 Maailman poliop\u00e4iv\u00e4\u00e4 vietet\u00e4\u00e4n lokakuun 24 p\u00e4iv\u00e4n\u00e4 piiriss\u00e4mme monin tavoin: jakamalla tietoa, j\u00e4rjest\u00e4m\u00e4ll\u00e4 tilaisuuksia ja lahjoittamalla varoja Rotarys\u00e4\u00e4ti\u00f6n poliorahastoon. Maailmanlaajuisesti moni merkitt\u00e4v\u00e4 rakennus on ollut valaistuna. \u00a0Logoin tai v\u00e4rein koristetut rakennukset ovat kertoneet Rotaryn ja sen yhteisty\u00f6kumppaneiden yhteisest\u00e4 tavoitteesta poistaa polio maailmasta.","og_url":"https:\/\/rotary.fi\/d1390\/mita-teemme\/end-polio-now\/maailman-poliopaiva\/","og_site_name":"Piiri 1390","article_publisher":"https:\/\/www.facebook.com\/rotary\/","article_modified_time":"2026-04-06T16:21:00+00:00","twitter_card":"summary_large_image","twitter_misc":{"Arvioitu lukuaika":"5 minuuttia"},"schema":{"@context":"https:\/\/schema.org","@graph":[{"@type":"WebPage","@id":"https:\/\/rotary.fi\/d1390\/mita-teemme\/end-polio-now\/maailman-poliopaiva\/","url":"https:\/\/rotary.fi\/d1390\/mita-teemme\/end-polio-now\/maailman-poliopaiva\/","name":"Maailman poliop\u00e4iv\u00e4 - Piiri 1390","isPartOf":{"@id":"https:\/\/rotary.fi\/d1390\/#website"},"datePublished":"2019-09-03T10:21:41+00:00","dateModified":"2026-04-06T16:21:00+00:00","breadcrumb":{"@id":"https:\/\/rotary.fi\/d1390\/mita-teemme\/end-polio-now\/maailman-poliopaiva\/#breadcrumb"},"inLanguage":"fi","potentialAction":[{"@type":"ReadAction","target":["https:\/\/rotary.fi\/d1390\/mita-teemme\/end-polio-now\/maailman-poliopaiva\/"]}]},{"@type":"BreadcrumbList","@id":"https:\/\/rotary.fi\/d1390\/mita-teemme\/end-polio-now\/maailman-poliopaiva\/#breadcrumb","itemListElement":[{"@type":"ListItem","position":1,"name":"Home","item":"https:\/\/rotary.fi\/d1390\/"},{"@type":"ListItem","position":2,"name":"Mit\u00e4 teemme","item":"https:\/\/rotary.fi\/d1390\/mita-teemme\/"},{"@type":"ListItem","position":3,"name":"End Polio Now","item":"https:\/\/rotary.fi\/d1390\/mita-teemme\/end-polio-now\/"},{"@type":"ListItem","position":4,"name":"Maailman poliop\u00e4iv\u00e4"}]},{"@type":"WebSite","@id":"https:\/\/rotary.fi\/d1390\/#website","url":"https:\/\/rotary.fi\/d1390\/","name":"Piiri 1390","description":"Suomen Rotary","potentialAction":[{"@type":"SearchAction","target":{"@type":"EntryPoint","urlTemplate":"https:\/\/rotary.fi\/d1390\/?s={search_term_string}"},"query-input":{"@type":"PropertyValueSpecification","valueRequired":true,"valueName":"search_term_string"}}],"inLanguage":"fi"}]}},"lang":"fi","translations":{"fi":3170,"en":3175},"pll_sync_post":[],"_links":{"self":[{"href":"https:\/\/rotary.fi\/d1390\/wp-json\/wp\/v2\/pages\/3170","targetHints":{"allow":["GET"]}}],"collection":[{"href":"https:\/\/rotary.fi\/d1390\/wp-json\/wp\/v2\/pages"}],"about":[{"href":"https:\/\/rotary.fi\/d1390\/wp-json\/wp\/v2\/types\/page"}],"author":[{"embeddable":true,"href":"https:\/\/rotary.fi\/d1390\/wp-json\/wp\/v2\/users\/1"}],"replies":[{"embeddable":true,"href":"https:\/\/rotary.fi\/d1390\/wp-json\/wp\/v2\/comments?post=3170"}],"version-history":[{"count":10,"href":"https:\/\/rotary.fi\/d1390\/wp-json\/wp\/v2\/pages\/3170\/revisions"}],"predecessor-version":[{"id":7295,"href":"https:\/\/rotary.fi\/d1390\/wp-json\/wp\/v2\/pages\/3170\/revisions\/7295"}],"up":[{"embeddable":true,"href":"https:\/\/rotary.fi\/d1390\/wp-json\/wp\/v2\/pages\/2154"}],"wp:attachment":[{"href":"https:\/\/rotary.fi\/d1390\/wp-json\/wp\/v2\/media?parent=3170"}],"curies":[{"name":"wp","href":"https:\/\/api.w.org\/{rel}","templated":true}]}}