{"id":2883,"date":"2019-08-21T08:29:44","date_gmt":"2019-08-21T06:29:44","guid":{"rendered":"https:\/\/rotary.fi\/d1390\/?page_id=2883"},"modified":"2025-07-01T13:15:35","modified_gmt":"2025-07-01T11:15:35","slug":"district-clubs","status":"publish","type":"page","link":"https:\/\/rotary.fi\/d1390\/en\/rotary-district-1390\/district-clubs\/","title":{"rendered":"District clubs"},"content":{"rendered":"<p>[et_pb_section fb_built=&#8221;1&#8243; module_class=&#8221;jumbotron-page&#8221; _builder_version=&#8221;4.16&#8243; background_image=&#8221;https:\/\/rotary.fi\/piirisivusto\/wp-content\/uploads\/sites\/173\/2019\/03\/rotary_piiri_alasivu_paakuva1.jpg&#8221; global_colors_info=&#8221;{}&#8221;][et_pb_row module_class=&#8221; et_pb_row_fullwidth et_pb_row_fullwidth et_pb_row_fullwidth et_pb_row_fullwidth et_pb_row_fullwidth et_pb_row_fullwidth&#8221; _builder_version=&#8221;4.16&#8243; width=&#8221;89%&#8221; width_tablet=&#8221;80%&#8221; width_phone=&#8221;&#8221; width_last_edited=&#8221;on|desktop&#8221; max_width=&#8221;89%&#8221; max_width_tablet=&#8221;80%&#8221; max_width_phone=&#8221;&#8221; max_width_last_edited=&#8221;on|desktop&#8221; make_fullwidth=&#8221;on&#8221; global_colors_info=&#8221;{}&#8221;][et_pb_column type=&#8221;4_4&#8243; _builder_version=&#8221;4.16&#8243; custom_padding=&#8221;|||&#8221; global_colors_info=&#8221;{}&#8221; custom_padding__hover=&#8221;|||&#8221;][et_pb_text admin_label=&#8221;P\u00e4\u00e4otsikko kuvan p\u00e4\u00e4ll\u00e4&#8221; _builder_version=&#8221;4.21.0&#8243; text_orientation=&#8221;center&#8221; background_layout=&#8221;dark&#8221; z_index_tablet=&#8221;500&#8243; text_text_shadow_horizontal_length_tablet=&#8221;0px&#8221; text_text_shadow_vertical_length_tablet=&#8221;0px&#8221; text_text_shadow_blur_strength_tablet=&#8221;1px&#8221; link_text_shadow_horizontal_length_tablet=&#8221;0px&#8221; link_text_shadow_vertical_length_tablet=&#8221;0px&#8221; link_text_shadow_blur_strength_tablet=&#8221;1px&#8221; ul_text_shadow_horizontal_length_tablet=&#8221;0px&#8221; ul_text_shadow_vertical_length_tablet=&#8221;0px&#8221; ul_text_shadow_blur_strength_tablet=&#8221;1px&#8221; ol_text_shadow_horizontal_length_tablet=&#8221;0px&#8221; ol_text_shadow_vertical_length_tablet=&#8221;0px&#8221; ol_text_shadow_blur_strength_tablet=&#8221;1px&#8221; quote_text_shadow_horizontal_length_tablet=&#8221;0px&#8221; quote_text_shadow_vertical_length_tablet=&#8221;0px&#8221; quote_text_shadow_blur_strength_tablet=&#8221;1px&#8221; header_text_shadow_horizontal_length_tablet=&#8221;0px&#8221; header_text_shadow_vertical_length_tablet=&#8221;0px&#8221; header_text_shadow_blur_strength_tablet=&#8221;1px&#8221; header_2_text_shadow_horizontal_length_tablet=&#8221;0px&#8221; header_2_text_shadow_vertical_length_tablet=&#8221;0px&#8221; header_2_text_shadow_blur_strength_tablet=&#8221;1px&#8221; header_3_text_shadow_horizontal_length_tablet=&#8221;0px&#8221; header_3_text_shadow_vertical_length_tablet=&#8221;0px&#8221; header_3_text_shadow_blur_strength_tablet=&#8221;1px&#8221; header_4_text_shadow_horizontal_length_tablet=&#8221;0px&#8221; header_4_text_shadow_vertical_length_tablet=&#8221;0px&#8221; header_4_text_shadow_blur_strength_tablet=&#8221;1px&#8221; header_5_text_shadow_horizontal_length_tablet=&#8221;0px&#8221; header_5_text_shadow_vertical_length_tablet=&#8221;0px&#8221; header_5_text_shadow_blur_strength_tablet=&#8221;1px&#8221; header_6_text_shadow_horizontal_length_tablet=&#8221;0px&#8221; header_6_text_shadow_vertical_length_tablet=&#8221;0px&#8221; header_6_text_shadow_blur_strength_tablet=&#8221;1px&#8221; box_shadow_horizontal_tablet=&#8221;0px&#8221; box_shadow_vertical_tablet=&#8221;0px&#8221; box_shadow_blur_tablet=&#8221;40px&#8221; box_shadow_spread_tablet=&#8221;0px&#8221; locked=&#8221;off&#8221; collapsed=&#8221;off&#8221; global_colors_info=&#8221;{}&#8221;]<\/p>\n<h1>District clubs<\/h1>\n<p>[\/et_pb_text][\/et_pb_column][\/et_pb_row][\/et_pb_section][et_pb_section fb_built=&#8221;1&#8243; module_class=&#8221;sisaltoalue_perus&#8221; _builder_version=&#8221;4.16&#8243; custom_margin=&#8221;||40px|&#8221; global_colors_info=&#8221;{}&#8221;][et_pb_row custom_padding_last_edited=&#8221;on|phone&#8221; _builder_version=&#8221;4.16&#8243; custom_padding_tablet=&#8221;&#8221; custom_padding_phone=&#8221;&#8221; global_colors_info=&#8221;{}&#8221;][et_pb_column type=&#8221;4_4&#8243; _builder_version=&#8221;4.16&#8243; custom_padding=&#8221;|||&#8221; global_colors_info=&#8221;{}&#8221; custom_padding__hover=&#8221;|||&#8221;][et_pb_text admin_label=&#8221;P\u00e4\u00e4otsikko ennen sis\u00e4lt\u00f6\u00e4&#8221; _builder_version=&#8221;4.16&#8243; text_orientation=&#8221;center&#8221; z_index_tablet=&#8221;500&#8243; text_text_shadow_horizontal_length_tablet=&#8221;0px&#8221; text_text_shadow_vertical_length_tablet=&#8221;0px&#8221; text_text_shadow_blur_strength_tablet=&#8221;1px&#8221; link_text_shadow_horizontal_length_tablet=&#8221;0px&#8221; link_text_shadow_vertical_length_tablet=&#8221;0px&#8221; link_text_shadow_blur_strength_tablet=&#8221;1px&#8221; ul_text_shadow_horizontal_length_tablet=&#8221;0px&#8221; ul_text_shadow_vertical_length_tablet=&#8221;0px&#8221; ul_text_shadow_blur_strength_tablet=&#8221;1px&#8221; ol_text_shadow_horizontal_length_tablet=&#8221;0px&#8221; ol_text_shadow_vertical_length_tablet=&#8221;0px&#8221; ol_text_shadow_blur_strength_tablet=&#8221;1px&#8221; quote_text_shadow_horizontal_length_tablet=&#8221;0px&#8221; quote_text_shadow_vertical_length_tablet=&#8221;0px&#8221; quote_text_shadow_blur_strength_tablet=&#8221;1px&#8221; header_text_shadow_horizontal_length_tablet=&#8221;0px&#8221; header_text_shadow_vertical_length_tablet=&#8221;0px&#8221; header_text_shadow_blur_strength_tablet=&#8221;1px&#8221; header_2_text_shadow_horizontal_length_tablet=&#8221;0px&#8221; header_2_text_shadow_vertical_length_tablet=&#8221;0px&#8221; header_2_text_shadow_blur_strength_tablet=&#8221;1px&#8221; header_3_text_shadow_horizontal_length_tablet=&#8221;0px&#8221; header_3_text_shadow_vertical_length_tablet=&#8221;0px&#8221; header_3_text_shadow_blur_strength_tablet=&#8221;1px&#8221; header_4_text_shadow_horizontal_length_tablet=&#8221;0px&#8221; header_4_text_shadow_vertical_length_tablet=&#8221;0px&#8221; header_4_text_shadow_blur_strength_tablet=&#8221;1px&#8221; header_5_text_shadow_horizontal_length_tablet=&#8221;0px&#8221; header_5_text_shadow_vertical_length_tablet=&#8221;0px&#8221; header_5_text_shadow_blur_strength_tablet=&#8221;1px&#8221; header_6_text_shadow_horizontal_length_tablet=&#8221;0px&#8221; header_6_text_shadow_vertical_length_tablet=&#8221;0px&#8221; header_6_text_shadow_blur_strength_tablet=&#8221;1px&#8221; box_shadow_horizontal_tablet=&#8221;0px&#8221; box_shadow_vertical_tablet=&#8221;0px&#8221; box_shadow_blur_tablet=&#8221;40px&#8221; box_shadow_spread_tablet=&#8221;0px&#8221; global_colors_info=&#8221;{}&#8221;]<\/p>\n<h1>District clubs<\/h1>\n<p>[\/et_pb_text][et_pb_text _builder_version=&#8221;4.27.4&#8243; hover_enabled=&#8221;0&#8243; z_index_tablet=&#8221;500&#8243; text_text_shadow_horizontal_length_tablet=&#8221;0px&#8221; text_text_shadow_vertical_length_tablet=&#8221;0px&#8221; text_text_shadow_blur_strength_tablet=&#8221;1px&#8221; link_text_shadow_horizontal_length_tablet=&#8221;0px&#8221; link_text_shadow_vertical_length_tablet=&#8221;0px&#8221; link_text_shadow_blur_strength_tablet=&#8221;1px&#8221; ul_text_shadow_horizontal_length_tablet=&#8221;0px&#8221; ul_text_shadow_vertical_length_tablet=&#8221;0px&#8221; ul_text_shadow_blur_strength_tablet=&#8221;1px&#8221; ol_text_shadow_horizontal_length_tablet=&#8221;0px&#8221; ol_text_shadow_vertical_length_tablet=&#8221;0px&#8221; ol_text_shadow_blur_strength_tablet=&#8221;1px&#8221; quote_text_shadow_horizontal_length_tablet=&#8221;0px&#8221; quote_text_shadow_vertical_length_tablet=&#8221;0px&#8221; quote_text_shadow_blur_strength_tablet=&#8221;1px&#8221; header_text_shadow_horizontal_length_tablet=&#8221;0px&#8221; header_text_shadow_vertical_length_tablet=&#8221;0px&#8221; header_text_shadow_blur_strength_tablet=&#8221;1px&#8221; header_2_text_shadow_horizontal_length_tablet=&#8221;0px&#8221; header_2_text_shadow_vertical_length_tablet=&#8221;0px&#8221; header_2_text_shadow_blur_strength_tablet=&#8221;1px&#8221; header_3_text_shadow_horizontal_length_tablet=&#8221;0px&#8221; header_3_text_shadow_vertical_length_tablet=&#8221;0px&#8221; header_3_text_shadow_blur_strength_tablet=&#8221;1px&#8221; header_4_text_shadow_horizontal_length_tablet=&#8221;0px&#8221; header_4_text_shadow_vertical_length_tablet=&#8221;0px&#8221; header_4_text_shadow_blur_strength_tablet=&#8221;1px&#8221; header_5_text_shadow_horizontal_length_tablet=&#8221;0px&#8221; header_5_text_shadow_vertical_length_tablet=&#8221;0px&#8221; header_5_text_shadow_blur_strength_tablet=&#8221;1px&#8221; header_6_text_shadow_horizontal_length_tablet=&#8221;0px&#8221; header_6_text_shadow_vertical_length_tablet=&#8221;0px&#8221; header_6_text_shadow_blur_strength_tablet=&#8221;1px&#8221; box_shadow_horizontal_tablet=&#8221;0px&#8221; box_shadow_vertical_tablet=&#8221;0px&#8221; box_shadow_blur_tablet=&#8221;40px&#8221; box_shadow_spread_tablet=&#8221;0px&#8221; global_colors_info=&#8221;{}&#8221; sticky_enabled=&#8221;0&#8243;]<\/p>\n<p>Our district has 41 Rotary clubs and 3 satellite clubs.<br \/>Club meeting times and places are based on information provided by the clubs.<\/p>\n<p><strong style=\"font-size: 16px\">District Rotary clubs:<\/strong><\/p>\n<p><span style=\"font-size: 16px\"><strong>Vanaja-H\u00e4me<\/strong><br \/><\/span><a href=\"https:\/\/rotary.fi\/akaa\/\">Akaa<\/a><br \/><a href=\"http:\/\/www.hmlrotary.fi\/\">H\u00e4meenlinna<\/a><br \/><a href=\"https:\/\/rotary.fi\/hameenlinnaverkatehdas\/\">H\u00e4meenlinna-Verkatehdas<\/a><br \/><a href=\"https:\/\/rotary.fi\/janakkala\/\">Janakkala<\/a><br \/><a href=\"https:\/\/rotary.fi\/valkeakoskitohka\/\">Valkeakoski-Tohka<\/a><br \/><a href=\"https:\/\/rotary.fi\/vanajavesi\/\">Vanajavesi<\/a>\u00a0(H\u00e4meenlinna)<\/p>\n<p><span style=\"font-size: 16px\"><strong>P\u00e4ij\u00e4t-H\u00e4me<\/strong><br \/><\/span><a href=\"https:\/\/rotary.fi\/asikkala\/\">Asikkala<\/a><br \/><a href=\"https:\/\/heinola.rotary.fi\/\">Heinola<\/a><br \/><a href=\"https:\/\/rotary.fi\/orimattila\/\">Orimattila<\/a><br \/><a href=\"http:\/\/www.rotarysysma.org\/\">Sysm\u00e4<\/a><\/p>\n<p><strong style=\"font-size: 16px\">Lahti<br \/><\/strong><a href=\"http:\/\/piirit.rotary.fi\/1390\/Hollola-Salpakangas\/\">Hollola-Salpakangas<\/a><br \/><a href=\"https:\/\/rotary.fi\/kantahollola\/\">Kanta-Hollola<\/a><br \/><a href=\"https:\/\/rotary.fi\/lahdenrotary\/en\/\">Lahti<\/a><br \/>Lahti International<br \/><a href=\"https:\/\/rotary.fi\/lahtilaune\/\">Lahti-Laune<\/a><br \/><a href=\"https:\/\/rotary.fi\/lahtisalpausselka\/\">Lahti-Salpausselk\u00e4<\/a><br \/><a href=\"https:\/\/rotary.fi\/lahtiwesijarvi\/\">Lahti-Wesij\u00e4rvi<\/a><br \/><a href=\"https:\/\/www.nastolanrotaryklubi.com\/\">Nastola<\/a><\/p>\n<p><strong style=\"font-size: 16px\">Tampere-It\u00e4inen<br \/><\/strong><a href=\"https:\/\/rotary.fi\/kangasala\/\">Kangasala<br \/><\/a><a href=\"https:\/\/rotary.fi\/lempaala\/\">Lemp\u00e4\u00e4l\u00e4<\/a><br \/>Orivesi<br \/><a href=\"https:\/\/rotary.fi\/pirkkala\/\">Pirkkala<\/a><br \/><a href=\"https:\/\/rotary.fi\/tamperehervanta\/\">Tampere Hervanta<\/a><br \/><a href=\"https:\/\/rotary.fi\/jussinkylanrotaryklubi\/\">Tampere-Jussinkyl\u00e4<\/a><\/p>\n<p><span style=\"font-size: 16px\"><strong>Tampere-L\u00e4ntinen<\/strong><br \/><\/span><a href=\"https:\/\/rotary.fi\/pyynikki\/\">Pyynikki (Tampere)<\/a><br \/><a href=\"https:\/\/rotary.fi\/tammernova\/\">Tammer Nova<\/a><br \/>Satellite Club <a href=\"https:\/\/rotary.fi\/futuremaker\/en\/front-page\/\">Future Maker<\/a><br \/><a href=\"https:\/\/rotary.fi\/tamperekissanmaa\/\">Tampere-Kissanmaa<\/a><br \/><a href=\"https:\/\/rotary.fi\/lielahdenrotaryklubi\/\">Tampere-Lielahti<\/a><br \/><a href=\"https:\/\/rotary.fi\/tamperetammerfors\">Tampere-Tammerfors<\/a><br \/><a href=\"https:\/\/rotary.fi\/ylojarvi\/\">Yl\u00f6j\u00e4rvi<\/a><\/p>\n<p><strong style=\"font-size: 16px\">Suomenselk\u00e4<br \/><\/strong><a href=\"https:\/\/rotary.fi\/keuruu\/\">Keuruu<\/a><br \/><a href=\"https:\/\/rotary.fi\/petajavesi\/\">Pet\u00e4j\u00e4vesi<\/a><br \/><a href=\"https:\/\/rotary.fi\/virrat\/\">Virrat\u00a0<\/a><\/p>\n<p><strong style=\"font-size: 16px\">Jyv\u00e4skyl\u00e4<br \/><\/strong><a href=\"https:\/\/rotary.fi\/jyvaskyla\/en\/\">Jyv\u00e4skyl\u00e4<\/a><br \/><a href=\"https:\/\/jyvaskyla-laajavuori.rotary.fi\/\">Jyv\u00e4skyl\u00e4-Laajavuori<\/a><br \/><a href=\"https:\/\/jyvaskyla-paijannerotaryklubi.fi\/\">Jyv\u00e4skyl\u00e4-P\u00e4ij\u00e4nne<\/a><br \/><a href=\"https:\/\/rotary.fi\/laukaa\/\">Laukaa<\/a><\/p>\n<p><strong style=\"font-size: 16px\">Sis\u00e4-Suomi<\/strong><br \/><a href=\"http:\/\/designer2.kotisivut.com\/?area=108&amp;page=108.1\">Pihtipudas<\/a><br \/>Satellite Club Pihtipudas Silta<br \/><a href=\"https:\/\/rotary.fi\/viitasaari\">Viitasaari<\/a><\/p>\n<p><strong style=\"font-size: 16px\">Other\u00a0<\/strong><b style=\"font-size: 16px\">districts<br \/><\/b><a href=\"https:\/\/rotary.fi\/d1385\/\">Piiri 1385<\/a><br \/><a href=\"http:\/\/www.rotary1410.fi\/\">Piiri 1410<\/a><br \/><a href=\"https:\/\/d1420.rotary.fi\/\">Piiri 1420<\/a><br \/><a href=\"https:\/\/rotary.fi\/d1430\/en\/front-page\/\">Piiri 1430<\/a><span style=\"font-size: 16px\">\u00a0<\/span><\/p>\n<p>[\/et_pb_text][\/et_pb_column][\/et_pb_row][\/et_pb_section]<\/p>\n","protected":false},"excerpt":{"rendered":"<p>District clubsDistrict clubs Our district has 41 Rotary clubs and 3 satellite clubs.Club meeting times and places are based on information provided by the clubs. District Rotary clubs: Vanaja-H\u00e4meAkaaH\u00e4meenlinnaH\u00e4meenlinna-VerkatehdasJanakkalaValkeakoski-TohkaVanajavesi\u00a0(H\u00e4meenlinna) P\u00e4ij\u00e4t-H\u00e4meAsikkalaHeinolaOrimattilaSysm\u00e4 LahtiHollola-SalpakangasKanta-HollolaLahtiLahti InternationalLahti-LauneLahti-Salpausselk\u00e4Lahti-Wesij\u00e4rviNastola Tampere-It\u00e4inenKangasalaLemp\u00e4\u00e4l\u00e4OrivesiPirkkalaTampere HervantaTampere-Jussinkyl\u00e4 Tampere-L\u00e4ntinenPyynikki (Tampere)Tammer NovaSatellite Club Future MakerTampere-KissanmaaTampere-LielahtiTampere-TammerforsYl\u00f6j\u00e4rvi Suomenselk\u00e4KeuruuPet\u00e4j\u00e4vesiVirrat\u00a0 Jyv\u00e4skyl\u00e4Jyv\u00e4skyl\u00e4Jyv\u00e4skyl\u00e4-LaajavuoriJyv\u00e4skyl\u00e4-P\u00e4ij\u00e4nneLaukaa Sis\u00e4-SuomiPihtipudasSatellite Club Pihtipudas SiltaViitasaari Other\u00a0districtsPiiri 1385Piiri 1410Piiri 1420Piiri 1430\u00a0<\/p>\n","protected":false},"author":1,"featured_media":0,"parent":2881,"menu_order":2,"comment_status":"closed","ping_status":"closed","template":"","meta":{"_acf_changed":false,"_et_pb_use_builder":"on","_et_pb_old_content":"","_et_gb_content_width":"","footnotes":""},"class_list":["post-2883","page","type-page","status-publish","hentry"],"acf":[],"yoast_head":"<!-- This site is optimized with the Yoast SEO plugin v27.0 - https:\/\/yoast.com\/product\/yoast-seo-wordpress\/ -->\n<title>District clubs - Piiri 1390<\/title>\n<meta name=\"robots\" content=\"index, follow, max-snippet:-1, max-image-preview:large, max-video-preview:-1\" \/>\n<link rel=\"canonical\" href=\"https:\/\/rotary.fi\/d1390\/en\/rotary-district-1390\/district-clubs\/\" \/>\n<meta property=\"og:locale\" content=\"fi_FI\" \/>\n<meta property=\"og:type\" content=\"article\" \/>\n<meta property=\"og:title\" content=\"District clubs - Piiri 1390\" \/>\n<meta property=\"og:description\" content=\"District clubsDistrict clubs Our district has 41 Rotary clubs and 3 satellite clubs.Club meeting times and places are based on information provided by the clubs. District Rotary clubs: Vanaja-H\u00e4meAkaaH\u00e4meenlinnaH\u00e4meenlinna-VerkatehdasJanakkalaValkeakoski-TohkaVanajavesi\u00a0(H\u00e4meenlinna) P\u00e4ij\u00e4t-H\u00e4meAsikkalaHeinolaOrimattilaSysm\u00e4 LahtiHollola-SalpakangasKanta-HollolaLahtiLahti InternationalLahti-LauneLahti-Salpausselk\u00e4Lahti-Wesij\u00e4rviNastola Tampere-It\u00e4inenKangasalaLemp\u00e4\u00e4l\u00e4OrivesiPirkkalaTampere HervantaTampere-Jussinkyl\u00e4 Tampere-L\u00e4ntinenPyynikki (Tampere)Tammer NovaSatellite Club Future MakerTampere-KissanmaaTampere-LielahtiTampere-TammerforsYl\u00f6j\u00e4rvi Suomenselk\u00e4KeuruuPet\u00e4j\u00e4vesiVirrat\u00a0 Jyv\u00e4skyl\u00e4Jyv\u00e4skyl\u00e4Jyv\u00e4skyl\u00e4-LaajavuoriJyv\u00e4skyl\u00e4-P\u00e4ij\u00e4nneLaukaa Sis\u00e4-SuomiPihtipudasSatellite Club Pihtipudas SiltaViitasaari Other\u00a0districtsPiiri 1385Piiri 1410Piiri 1420Piiri 1430\u00a0\" \/>\n<meta property=\"og:url\" content=\"https:\/\/rotary.fi\/d1390\/en\/rotary-district-1390\/district-clubs\/\" \/>\n<meta property=\"og:site_name\" content=\"Piiri 1390\" \/>\n<meta property=\"article:publisher\" content=\"https:\/\/www.facebook.com\/rotary\/\" \/>\n<meta property=\"article:modified_time\" content=\"2025-07-01T11:15:35+00:00\" \/>\n<meta name=\"twitter:card\" content=\"summary_large_image\" \/>\n<meta name=\"twitter:label1\" content=\"Arvioitu lukuaika\" \/>\n\t<meta name=\"twitter:data1\" content=\"1 minuutti\" \/>\n<script type=\"application\/ld+json\" class=\"yoast-schema-graph\">{\"@context\":\"https:\/\/schema.org\",\"@graph\":[{\"@type\":\"WebPage\",\"@id\":\"https:\/\/rotary.fi\/d1390\/en\/rotary-district-1390\/district-clubs\/\",\"url\":\"https:\/\/rotary.fi\/d1390\/en\/rotary-district-1390\/district-clubs\/\",\"name\":\"District clubs - Piiri 1390\",\"isPartOf\":{\"@id\":\"https:\/\/rotary.fi\/d1390\/#website\"},\"datePublished\":\"2019-08-21T06:29:44+00:00\",\"dateModified\":\"2025-07-01T11:15:35+00:00\",\"breadcrumb\":{\"@id\":\"https:\/\/rotary.fi\/d1390\/en\/rotary-district-1390\/district-clubs\/#breadcrumb\"},\"inLanguage\":\"fi\",\"potentialAction\":[{\"@type\":\"ReadAction\",\"target\":[\"https:\/\/rotary.fi\/d1390\/en\/rotary-district-1390\/district-clubs\/\"]}]},{\"@type\":\"BreadcrumbList\",\"@id\":\"https:\/\/rotary.fi\/d1390\/en\/rotary-district-1390\/district-clubs\/#breadcrumb\",\"itemListElement\":[{\"@type\":\"ListItem\",\"position\":1,\"name\":\"Home\",\"item\":\"https:\/\/rotary.fi\/d1390\/\"},{\"@type\":\"ListItem\",\"position\":2,\"name\":\"Rotary District 1390\",\"item\":\"https:\/\/rotary.fi\/d1390\/en\/rotary-district-1390\/\"},{\"@type\":\"ListItem\",\"position\":3,\"name\":\"District clubs\"}]},{\"@type\":\"WebSite\",\"@id\":\"https:\/\/rotary.fi\/d1390\/#website\",\"url\":\"https:\/\/rotary.fi\/d1390\/\",\"name\":\"Piiri 1390\",\"description\":\"Suomen Rotary\",\"potentialAction\":[{\"@type\":\"SearchAction\",\"target\":{\"@type\":\"EntryPoint\",\"urlTemplate\":\"https:\/\/rotary.fi\/d1390\/?s={search_term_string}\"},\"query-input\":{\"@type\":\"PropertyValueSpecification\",\"valueRequired\":true,\"valueName\":\"search_term_string\"}}],\"inLanguage\":\"fi\"}]}<\/script>\n<!-- \/ Yoast SEO plugin. -->","yoast_head_json":{"title":"District clubs - Piiri 1390","robots":{"index":"index","follow":"follow","max-snippet":"max-snippet:-1","max-image-preview":"max-image-preview:large","max-video-preview":"max-video-preview:-1"},"canonical":"https:\/\/rotary.fi\/d1390\/en\/rotary-district-1390\/district-clubs\/","og_locale":"fi_FI","og_type":"article","og_title":"District clubs - Piiri 1390","og_description":"District clubsDistrict clubs Our district has 41 Rotary clubs and 3 satellite clubs.Club meeting times and places are based on information provided by the clubs. District Rotary clubs: Vanaja-H\u00e4meAkaaH\u00e4meenlinnaH\u00e4meenlinna-VerkatehdasJanakkalaValkeakoski-TohkaVanajavesi\u00a0(H\u00e4meenlinna) P\u00e4ij\u00e4t-H\u00e4meAsikkalaHeinolaOrimattilaSysm\u00e4 LahtiHollola-SalpakangasKanta-HollolaLahtiLahti InternationalLahti-LauneLahti-Salpausselk\u00e4Lahti-Wesij\u00e4rviNastola Tampere-It\u00e4inenKangasalaLemp\u00e4\u00e4l\u00e4OrivesiPirkkalaTampere HervantaTampere-Jussinkyl\u00e4 Tampere-L\u00e4ntinenPyynikki (Tampere)Tammer NovaSatellite Club Future MakerTampere-KissanmaaTampere-LielahtiTampere-TammerforsYl\u00f6j\u00e4rvi Suomenselk\u00e4KeuruuPet\u00e4j\u00e4vesiVirrat\u00a0 Jyv\u00e4skyl\u00e4Jyv\u00e4skyl\u00e4Jyv\u00e4skyl\u00e4-LaajavuoriJyv\u00e4skyl\u00e4-P\u00e4ij\u00e4nneLaukaa Sis\u00e4-SuomiPihtipudasSatellite Club Pihtipudas SiltaViitasaari Other\u00a0districtsPiiri 1385Piiri 1410Piiri 1420Piiri 1430\u00a0","og_url":"https:\/\/rotary.fi\/d1390\/en\/rotary-district-1390\/district-clubs\/","og_site_name":"Piiri 1390","article_publisher":"https:\/\/www.facebook.com\/rotary\/","article_modified_time":"2025-07-01T11:15:35+00:00","twitter_card":"summary_large_image","twitter_misc":{"Arvioitu lukuaika":"1 minuutti"},"schema":{"@context":"https:\/\/schema.org","@graph":[{"@type":"WebPage","@id":"https:\/\/rotary.fi\/d1390\/en\/rotary-district-1390\/district-clubs\/","url":"https:\/\/rotary.fi\/d1390\/en\/rotary-district-1390\/district-clubs\/","name":"District clubs - Piiri 1390","isPartOf":{"@id":"https:\/\/rotary.fi\/d1390\/#website"},"datePublished":"2019-08-21T06:29:44+00:00","dateModified":"2025-07-01T11:15:35+00:00","breadcrumb":{"@id":"https:\/\/rotary.fi\/d1390\/en\/rotary-district-1390\/district-clubs\/#breadcrumb"},"inLanguage":"fi","potentialAction":[{"@type":"ReadAction","target":["https:\/\/rotary.fi\/d1390\/en\/rotary-district-1390\/district-clubs\/"]}]},{"@type":"BreadcrumbList","@id":"https:\/\/rotary.fi\/d1390\/en\/rotary-district-1390\/district-clubs\/#breadcrumb","itemListElement":[{"@type":"ListItem","position":1,"name":"Home","item":"https:\/\/rotary.fi\/d1390\/"},{"@type":"ListItem","position":2,"name":"Rotary District 1390","item":"https:\/\/rotary.fi\/d1390\/en\/rotary-district-1390\/"},{"@type":"ListItem","position":3,"name":"District clubs"}]},{"@type":"WebSite","@id":"https:\/\/rotary.fi\/d1390\/#website","url":"https:\/\/rotary.fi\/d1390\/","name":"Piiri 1390","description":"Suomen Rotary","potentialAction":[{"@type":"SearchAction","target":{"@type":"EntryPoint","urlTemplate":"https:\/\/rotary.fi\/d1390\/?s={search_term_string}"},"query-input":{"@type":"PropertyValueSpecification","valueRequired":true,"valueName":"search_term_string"}}],"inLanguage":"fi"}]}},"lang":"en","translations":{"en":2883,"fi":2024},"pll_sync_post":[],"_links":{"self":[{"href":"https:\/\/rotary.fi\/d1390\/wp-json\/wp\/v2\/pages\/2883","targetHints":{"allow":["GET"]}}],"collection":[{"href":"https:\/\/rotary.fi\/d1390\/wp-json\/wp\/v2\/pages"}],"about":[{"href":"https:\/\/rotary.fi\/d1390\/wp-json\/wp\/v2\/types\/page"}],"author":[{"embeddable":true,"href":"https:\/\/rotary.fi\/d1390\/wp-json\/wp\/v2\/users\/1"}],"replies":[{"embeddable":true,"href":"https:\/\/rotary.fi\/d1390\/wp-json\/wp\/v2\/comments?post=2883"}],"version-history":[{"count":9,"href":"https:\/\/rotary.fi\/d1390\/wp-json\/wp\/v2\/pages\/2883\/revisions"}],"predecessor-version":[{"id":7048,"href":"https:\/\/rotary.fi\/d1390\/wp-json\/wp\/v2\/pages\/2883\/revisions\/7048"}],"up":[{"embeddable":true,"href":"https:\/\/rotary.fi\/d1390\/wp-json\/wp\/v2\/pages\/2881"}],"wp:attachment":[{"href":"https:\/\/rotary.fi\/d1390\/wp-json\/wp\/v2\/media?parent=2883"}],"curies":[{"name":"wp","href":"https:\/\/api.w.org\/{rel}","templated":true}]}}