{"id":2322,"date":"2019-05-02T13:58:17","date_gmt":"2019-05-02T11:58:17","guid":{"rendered":"https:\/\/rotary.fi\/piirisivusto\/?page_id=2322"},"modified":"2024-09-10T22:38:38","modified_gmt":"2024-09-10T20:38:38","slug":"rotary-global-rewards","status":"publish","type":"page","link":"https:\/\/rotary.fi\/d1390\/rotary-global-rewards\/","title":{"rendered":"Rotary Global Rewards"},"content":{"rendered":"<p>[et_pb_section fb_built=&#8221;1&#8243; module_class=&#8221;jumbotron-page&#8221; _builder_version=&#8221;4.16&#8243; background_image=&#8221;https:\/\/rotary.fi\/piirisivusto\/wp-content\/uploads\/sites\/173\/2019\/03\/rotary_piiri_alasivu_paakuva3.jpg&#8221; inner_width_tablet=&#8221;50px&#8221; inner_max_width_tablet=&#8221;50px&#8221; z_index_tablet=&#8221;500&#8243; global_colors_info=&#8221;{}&#8221;][et_pb_row module_class=&#8221; et_pb_row_fullwidth et_pb_row_fullwidth et_pb_row_fullwidth et_pb_row_fullwidth&#8221; _builder_version=&#8221;4.16&#8243; width=&#8221;89%&#8221; width_tablet=&#8221;80%&#8221; width_phone=&#8221;&#8221; width_last_edited=&#8221;on|desktop&#8221; max_width=&#8221;89%&#8221; max_width_tablet=&#8221;80%&#8221; max_width_phone=&#8221;&#8221; max_width_last_edited=&#8221;on|desktop&#8221; make_fullwidth=&#8221;on&#8221; global_colors_info=&#8221;{}&#8221;][et_pb_column type=&#8221;4_4&#8243; _builder_version=&#8221;4.16&#8243; custom_padding=&#8221;|||&#8221; global_colors_info=&#8221;{}&#8221; custom_padding__hover=&#8221;|||&#8221;][et_pb_text admin_label=&#8221;Rotary Global Rewards -otsikko&#8221; _builder_version=&#8221;4.16&#8243; text_orientation=&#8221;center&#8221; background_layout=&#8221;dark&#8221; z_index_tablet=&#8221;500&#8243; global_colors_info=&#8221;{}&#8221;]<\/p>\n<h1>Rotary Global Rewards<\/h1>\n<p>[\/et_pb_text][\/et_pb_column][\/et_pb_row][\/et_pb_section][et_pb_section fb_built=&#8221;1&#8243; module_class=&#8221;sisaltoalue_perus&#8221; _builder_version=&#8221;4.16&#8243; background_size=&#8221;initial&#8221; background_position=&#8221;top_left&#8221; background_repeat=&#8221;repeat&#8221; global_colors_info=&#8221;{}&#8221;][et_pb_row custom_padding_last_edited=&#8221;on|phone&#8221; _builder_version=&#8221;4.16&#8243; custom_padding=&#8221;46.6875px|0px|63px|0px&#8221; custom_padding_tablet=&#8221;&#8221; custom_padding_phone=&#8221;&#8221; global_colors_info=&#8221;{}&#8221;][et_pb_column type=&#8221;4_4&#8243; _builder_version=&#8221;4.16&#8243; custom_padding=&#8221;|||&#8221; global_colors_info=&#8221;{}&#8221; custom_padding__hover=&#8221;|||&#8221;][et_pb_text admin_label=&#8221;Rotary Global Rewards -otsikko&#8221; _builder_version=&#8221;4.16&#8243; text_orientation=&#8221;center&#8221; z_index_tablet=&#8221;500&#8243; global_colors_info=&#8221;{}&#8221;]<\/p>\n<h1>Rotary Global Rewards<\/h1>\n<p>[\/et_pb_text][et_pb_text _builder_version=&#8221;4.16&#8243; custom_margin=&#8221;||60px|&#8221; z_index_tablet=&#8221;500&#8243; global_colors_info=&#8221;{}&#8221;]<\/p>\n<p>Rotary Global Rewards -j\u00e4senetuohjelma tarjoaa rotareille alennuksia tuotteiden ja palveluiden hinnoista. Lis\u00e4tietoa ohjelmasta ja tarjouksista saat j\u00e4senetuohjelman sivulta My Rotarysta.<\/p>\n<p>Rotary Global Rewards -ohjelman tarjouksia ja alennuksia voivat k\u00e4ytt\u00e4\u00e4 rotarit, jotka ovat kirjautuneet My Rotary -tilille.<\/p>\n<p>[\/et_pb_text][\/et_pb_column][\/et_pb_row][\/et_pb_section]<\/p>\n","protected":false},"excerpt":{"rendered":"<p>Rotary Global Rewards Rotary Global Rewards Rotary Global Rewards -j\u00e4senetuohjelma tarjoaa rotareille alennuksia tuotteiden ja palveluiden hinnoista. Lis\u00e4tietoa ohjelmasta ja tarjouksista saat j\u00e4senetuohjelman sivulta My Rotarysta. Rotary Global Rewards -ohjelman tarjouksia ja alennuksia voivat k\u00e4ytt\u00e4\u00e4 rotarit, jotka ovat kirjautuneet My Rotary -tilille.<\/p>\n","protected":false},"author":1,"featured_media":0,"parent":0,"menu_order":1,"comment_status":"closed","ping_status":"closed","template":"","meta":{"_acf_changed":false,"_et_pb_use_builder":"on","_et_pb_old_content":"","_et_gb_content_width":"","footnotes":""},"class_list":["post-2322","page","type-page","status-publish","hentry"],"acf":[],"yoast_head":"<!-- This site is optimized with the Yoast SEO plugin v27.0 - https:\/\/yoast.com\/product\/yoast-seo-wordpress\/ -->\n<title>Rotary Global Rewards - Piiri 1390<\/title>\n<meta name=\"robots\" content=\"index, follow, max-snippet:-1, max-image-preview:large, max-video-preview:-1\" \/>\n<link rel=\"canonical\" href=\"https:\/\/rotary.fi\/d1390\/rotary-global-rewards\/\" \/>\n<meta property=\"og:locale\" content=\"fi_FI\" \/>\n<meta property=\"og:type\" content=\"article\" \/>\n<meta property=\"og:title\" content=\"Rotary Global Rewards - Piiri 1390\" \/>\n<meta property=\"og:description\" content=\"Rotary Global Rewards Rotary Global Rewards Rotary Global Rewards -j\u00e4senetuohjelma tarjoaa rotareille alennuksia tuotteiden ja palveluiden hinnoista. Lis\u00e4tietoa ohjelmasta ja tarjouksista saat j\u00e4senetuohjelman sivulta My Rotarysta. Rotary Global Rewards -ohjelman tarjouksia ja alennuksia voivat k\u00e4ytt\u00e4\u00e4 rotarit, jotka ovat kirjautuneet My Rotary -tilille.\" \/>\n<meta property=\"og:url\" content=\"https:\/\/rotary.fi\/d1390\/rotary-global-rewards\/\" \/>\n<meta property=\"og:site_name\" content=\"Piiri 1390\" \/>\n<meta property=\"article:publisher\" content=\"https:\/\/www.facebook.com\/rotary\/\" \/>\n<meta property=\"article:modified_time\" content=\"2024-09-10T20:38:38+00:00\" \/>\n<meta name=\"twitter:card\" content=\"summary_large_image\" \/>\n<meta name=\"twitter:label1\" content=\"Arvioitu lukuaika\" \/>\n\t<meta name=\"twitter:data1\" content=\"2 minuuttia\" \/>\n<script type=\"application\/ld+json\" class=\"yoast-schema-graph\">{\"@context\":\"https:\/\/schema.org\",\"@graph\":[{\"@type\":\"WebPage\",\"@id\":\"https:\/\/rotary.fi\/d1390\/rotary-global-rewards\/\",\"url\":\"https:\/\/rotary.fi\/d1390\/rotary-global-rewards\/\",\"name\":\"Rotary Global Rewards - Piiri 1390\",\"isPartOf\":{\"@id\":\"https:\/\/rotary.fi\/d1390\/#website\"},\"datePublished\":\"2019-05-02T11:58:17+00:00\",\"dateModified\":\"2024-09-10T20:38:38+00:00\",\"breadcrumb\":{\"@id\":\"https:\/\/rotary.fi\/d1390\/rotary-global-rewards\/#breadcrumb\"},\"inLanguage\":\"fi\",\"potentialAction\":[{\"@type\":\"ReadAction\",\"target\":[\"https:\/\/rotary.fi\/d1390\/rotary-global-rewards\/\"]}]},{\"@type\":\"BreadcrumbList\",\"@id\":\"https:\/\/rotary.fi\/d1390\/rotary-global-rewards\/#breadcrumb\",\"itemListElement\":[{\"@type\":\"ListItem\",\"position\":1,\"name\":\"Home\",\"item\":\"https:\/\/rotary.fi\/d1390\/\"},{\"@type\":\"ListItem\",\"position\":2,\"name\":\"Rotary Global Rewards\"}]},{\"@type\":\"WebSite\",\"@id\":\"https:\/\/rotary.fi\/d1390\/#website\",\"url\":\"https:\/\/rotary.fi\/d1390\/\",\"name\":\"Piiri 1390\",\"description\":\"Suomen Rotary\",\"potentialAction\":[{\"@type\":\"SearchAction\",\"target\":{\"@type\":\"EntryPoint\",\"urlTemplate\":\"https:\/\/rotary.fi\/d1390\/?s={search_term_string}\"},\"query-input\":{\"@type\":\"PropertyValueSpecification\",\"valueRequired\":true,\"valueName\":\"search_term_string\"}}],\"inLanguage\":\"fi\"}]}<\/script>\n<!-- \/ Yoast SEO plugin. -->","yoast_head_json":{"title":"Rotary Global Rewards - Piiri 1390","robots":{"index":"index","follow":"follow","max-snippet":"max-snippet:-1","max-image-preview":"max-image-preview:large","max-video-preview":"max-video-preview:-1"},"canonical":"https:\/\/rotary.fi\/d1390\/rotary-global-rewards\/","og_locale":"fi_FI","og_type":"article","og_title":"Rotary Global Rewards - Piiri 1390","og_description":"Rotary Global Rewards Rotary Global Rewards Rotary Global Rewards -j\u00e4senetuohjelma tarjoaa rotareille alennuksia tuotteiden ja palveluiden hinnoista. Lis\u00e4tietoa ohjelmasta ja tarjouksista saat j\u00e4senetuohjelman sivulta My Rotarysta. Rotary Global Rewards -ohjelman tarjouksia ja alennuksia voivat k\u00e4ytt\u00e4\u00e4 rotarit, jotka ovat kirjautuneet My Rotary -tilille.","og_url":"https:\/\/rotary.fi\/d1390\/rotary-global-rewards\/","og_site_name":"Piiri 1390","article_publisher":"https:\/\/www.facebook.com\/rotary\/","article_modified_time":"2024-09-10T20:38:38+00:00","twitter_card":"summary_large_image","twitter_misc":{"Arvioitu lukuaika":"2 minuuttia"},"schema":{"@context":"https:\/\/schema.org","@graph":[{"@type":"WebPage","@id":"https:\/\/rotary.fi\/d1390\/rotary-global-rewards\/","url":"https:\/\/rotary.fi\/d1390\/rotary-global-rewards\/","name":"Rotary Global Rewards - Piiri 1390","isPartOf":{"@id":"https:\/\/rotary.fi\/d1390\/#website"},"datePublished":"2019-05-02T11:58:17+00:00","dateModified":"2024-09-10T20:38:38+00:00","breadcrumb":{"@id":"https:\/\/rotary.fi\/d1390\/rotary-global-rewards\/#breadcrumb"},"inLanguage":"fi","potentialAction":[{"@type":"ReadAction","target":["https:\/\/rotary.fi\/d1390\/rotary-global-rewards\/"]}]},{"@type":"BreadcrumbList","@id":"https:\/\/rotary.fi\/d1390\/rotary-global-rewards\/#breadcrumb","itemListElement":[{"@type":"ListItem","position":1,"name":"Home","item":"https:\/\/rotary.fi\/d1390\/"},{"@type":"ListItem","position":2,"name":"Rotary Global Rewards"}]},{"@type":"WebSite","@id":"https:\/\/rotary.fi\/d1390\/#website","url":"https:\/\/rotary.fi\/d1390\/","name":"Piiri 1390","description":"Suomen Rotary","potentialAction":[{"@type":"SearchAction","target":{"@type":"EntryPoint","urlTemplate":"https:\/\/rotary.fi\/d1390\/?s={search_term_string}"},"query-input":{"@type":"PropertyValueSpecification","valueRequired":true,"valueName":"search_term_string"}}],"inLanguage":"fi"}]}},"lang":"fi","translations":{"fi":2322,"en":3025},"pll_sync_post":[],"_links":{"self":[{"href":"https:\/\/rotary.fi\/d1390\/wp-json\/wp\/v2\/pages\/2322","targetHints":{"allow":["GET"]}}],"collection":[{"href":"https:\/\/rotary.fi\/d1390\/wp-json\/wp\/v2\/pages"}],"about":[{"href":"https:\/\/rotary.fi\/d1390\/wp-json\/wp\/v2\/types\/page"}],"author":[{"embeddable":true,"href":"https:\/\/rotary.fi\/d1390\/wp-json\/wp\/v2\/users\/1"}],"replies":[{"embeddable":true,"href":"https:\/\/rotary.fi\/d1390\/wp-json\/wp\/v2\/comments?post=2322"}],"version-history":[{"count":4,"href":"https:\/\/rotary.fi\/d1390\/wp-json\/wp\/v2\/pages\/2322\/revisions"}],"predecessor-version":[{"id":6728,"href":"https:\/\/rotary.fi\/d1390\/wp-json\/wp\/v2\/pages\/2322\/revisions\/6728"}],"wp:attachment":[{"href":"https:\/\/rotary.fi\/d1390\/wp-json\/wp\/v2\/media?parent=2322"}],"curies":[{"name":"wp","href":"https:\/\/api.w.org\/{rel}","templated":true}]}}