{"id":2308,"date":"2019-05-02T12:24:50","date_gmt":"2019-05-02T10:24:50","guid":{"rendered":"https:\/\/rotary.fi\/piirisivusto\/?page_id=2308"},"modified":"2019-05-10T12:42:26","modified_gmt":"2019-05-10T10:42:26","slug":"nuoret-naiset-johtamisurille","status":"publish","type":"page","link":"https:\/\/rotary.fi\/d1390\/kiinnostaako-jasenyys\/ryla\/nuoret-naiset-johtamisurille\/","title":{"rendered":"Nuoret naiset johtamisurille"},"content":{"rendered":"<p>[et_pb_section bb_built=&#8221;1&#8243; next_background_color=&#8221;#ffffff&#8221; _builder_version=&#8221;3.0.105&#8243; background_image=&#8221;http:\/\/rotary.fi\/piirisivusto\/wp-content\/uploads\/sites\/173\/2018\/04\/paakuva_ryla.jpg&#8221; module_class=&#8221;jumbotron-page&#8221; inner_width=&#8221;auto&#8221; inner_max_width=&#8221;none&#8221;][et_pb_row _builder_version=&#8221;3.0.105&#8243; make_fullwidth=&#8221;on&#8221; module_class=&#8221; et_pb_row_fullwidth et_pb_row_fullwidth et_pb_row_fullwidth et_pb_row_fullwidth&#8221; width=&#8221;89%&#8221; width_tablet=&#8221;80%&#8221; width_last_edited=&#8221;on|desktop&#8221; max_width=&#8221;89%&#8221; max_width_tablet=&#8221;80%&#8221; max_width_last_edited=&#8221;on|desktop&#8221;][et_pb_column type=&#8221;4_4&#8243;][et_pb_text admin_label=&#8221;Nuoret naiset johtamisurille -otsikko&#8221; _builder_version=&#8221;3.22.3&#8243; background_layout=&#8221;dark&#8221; text_orientation=&#8221;center&#8221; text_text_shadow_horizontal_length=&#8221;text_text_shadow_style,%91object Object%93&#8243; text_text_shadow_vertical_length=&#8221;text_text_shadow_style,%91object Object%93&#8243; text_text_shadow_blur_strength=&#8221;text_text_shadow_style,%91object Object%93&#8243; link_text_shadow_horizontal_length=&#8221;link_text_shadow_style,%91object Object%93&#8243; link_text_shadow_vertical_length=&#8221;link_text_shadow_style,%91object Object%93&#8243; link_text_shadow_blur_strength=&#8221;link_text_shadow_style,%91object Object%93&#8243; ul_text_shadow_horizontal_length=&#8221;ul_text_shadow_style,%91object Object%93&#8243; ul_text_shadow_vertical_length=&#8221;ul_text_shadow_style,%91object Object%93&#8243; ul_text_shadow_blur_strength=&#8221;ul_text_shadow_style,%91object Object%93&#8243; ol_text_shadow_horizontal_length=&#8221;ol_text_shadow_style,%91object Object%93&#8243; ol_text_shadow_vertical_length=&#8221;ol_text_shadow_style,%91object Object%93&#8243; ol_text_shadow_blur_strength=&#8221;ol_text_shadow_style,%91object Object%93&#8243; quote_text_shadow_horizontal_length=&#8221;quote_text_shadow_style,%91object Object%93&#8243; quote_text_shadow_vertical_length=&#8221;quote_text_shadow_style,%91object Object%93&#8243; quote_text_shadow_blur_strength=&#8221;quote_text_shadow_style,%91object Object%93&#8243; header_text_shadow_horizontal_length=&#8221;header_text_shadow_style,%91object Object%93&#8243; header_text_shadow_vertical_length=&#8221;header_text_shadow_style,%91object Object%93&#8243; header_text_shadow_blur_strength=&#8221;header_text_shadow_style,%91object Object%93&#8243; header_2_text_shadow_horizontal_length=&#8221;header_2_text_shadow_style,%91object Object%93&#8243; header_2_text_shadow_vertical_length=&#8221;header_2_text_shadow_style,%91object Object%93&#8243; header_2_text_shadow_blur_strength=&#8221;header_2_text_shadow_style,%91object Object%93&#8243; header_3_text_shadow_horizontal_length=&#8221;header_3_text_shadow_style,%91object Object%93&#8243; header_3_text_shadow_vertical_length=&#8221;header_3_text_shadow_style,%91object Object%93&#8243; header_3_text_shadow_blur_strength=&#8221;header_3_text_shadow_style,%91object Object%93&#8243; header_4_text_shadow_horizontal_length=&#8221;header_4_text_shadow_style,%91object Object%93&#8243; header_4_text_shadow_vertical_length=&#8221;header_4_text_shadow_style,%91object Object%93&#8243; header_4_text_shadow_blur_strength=&#8221;header_4_text_shadow_style,%91object Object%93&#8243; header_5_text_shadow_horizontal_length=&#8221;header_5_text_shadow_style,%91object Object%93&#8243; header_5_text_shadow_vertical_length=&#8221;header_5_text_shadow_style,%91object Object%93&#8243; header_5_text_shadow_blur_strength=&#8221;header_5_text_shadow_style,%91object Object%93&#8243; header_6_text_shadow_horizontal_length=&#8221;header_6_text_shadow_style,%91object Object%93&#8243; header_6_text_shadow_vertical_length=&#8221;header_6_text_shadow_style,%91object Object%93&#8243; header_6_text_shadow_blur_strength=&#8221;header_6_text_shadow_style,%91object Object%93&#8243; z_index_tablet=&#8221;500&#8243;]<\/p>\n<h1>Nuoret naiset johtamisurille<\/h1>\n<p>[\/et_pb_text][\/et_pb_column][\/et_pb_row][\/et_pb_section][et_pb_section bb_built=&#8221;1&#8243; specialty=&#8221;off&#8221; prev_background_color=&#8221;#000000&#8243; _builder_version=&#8221;3.22.3&#8243; custom_margin=&#8221;||40px|&#8221; inner_width_tablet=&#8221;50px&#8221; inner_max_width_tablet=&#8221;50px&#8221; z_index_tablet=&#8221;500&#8243;][et_pb_row _builder_version=&#8221;3.0.105&#8243; custom_padding_last_edited=&#8221;on|phone&#8221; width=&#8221;80%&#8221; max_width=&#8221;1080px&#8221;][et_pb_column type=&#8221;4_4&#8243;][et_pb_text admin_label=&#8221;Nuoret naiset johtamisurille -otsikko&#8221; _builder_version=&#8221;3.22.3&#8243; text_orientation=&#8221;center&#8221; text_text_shadow_horizontal_length=&#8221;text_text_shadow_style,%91object Object%93&#8243; text_text_shadow_vertical_length=&#8221;text_text_shadow_style,%91object Object%93&#8243; text_text_shadow_blur_strength=&#8221;text_text_shadow_style,%91object Object%93&#8243; link_text_shadow_horizontal_length=&#8221;link_text_shadow_style,%91object Object%93&#8243; link_text_shadow_vertical_length=&#8221;link_text_shadow_style,%91object Object%93&#8243; link_text_shadow_blur_strength=&#8221;link_text_shadow_style,%91object Object%93&#8243; ul_text_shadow_horizontal_length=&#8221;ul_text_shadow_style,%91object Object%93&#8243; ul_text_shadow_vertical_length=&#8221;ul_text_shadow_style,%91object Object%93&#8243; ul_text_shadow_blur_strength=&#8221;ul_text_shadow_style,%91object Object%93&#8243; ol_text_shadow_horizontal_length=&#8221;ol_text_shadow_style,%91object Object%93&#8243; ol_text_shadow_vertical_length=&#8221;ol_text_shadow_style,%91object Object%93&#8243; ol_text_shadow_blur_strength=&#8221;ol_text_shadow_style,%91object Object%93&#8243; quote_text_shadow_horizontal_length=&#8221;quote_text_shadow_style,%91object Object%93&#8243; quote_text_shadow_vertical_length=&#8221;quote_text_shadow_style,%91object Object%93&#8243; quote_text_shadow_blur_strength=&#8221;quote_text_shadow_style,%91object Object%93&#8243; header_text_shadow_horizontal_length=&#8221;header_text_shadow_style,%91object Object%93&#8243; header_text_shadow_vertical_length=&#8221;header_text_shadow_style,%91object Object%93&#8243; header_text_shadow_blur_strength=&#8221;header_text_shadow_style,%91object Object%93&#8243; header_2_text_shadow_horizontal_length=&#8221;header_2_text_shadow_style,%91object Object%93&#8243; header_2_text_shadow_vertical_length=&#8221;header_2_text_shadow_style,%91object Object%93&#8243; header_2_text_shadow_blur_strength=&#8221;header_2_text_shadow_style,%91object Object%93&#8243; header_3_text_shadow_horizontal_length=&#8221;header_3_text_shadow_style,%91object Object%93&#8243; header_3_text_shadow_vertical_length=&#8221;header_3_text_shadow_style,%91object Object%93&#8243; header_3_text_shadow_blur_strength=&#8221;header_3_text_shadow_style,%91object Object%93&#8243; header_4_text_shadow_horizontal_length=&#8221;header_4_text_shadow_style,%91object Object%93&#8243; header_4_text_shadow_vertical_length=&#8221;header_4_text_shadow_style,%91object Object%93&#8243; header_4_text_shadow_blur_strength=&#8221;header_4_text_shadow_style,%91object Object%93&#8243; header_5_text_shadow_horizontal_length=&#8221;header_5_text_shadow_style,%91object Object%93&#8243; header_5_text_shadow_vertical_length=&#8221;header_5_text_shadow_style,%91object Object%93&#8243; header_5_text_shadow_blur_strength=&#8221;header_5_text_shadow_style,%91object Object%93&#8243; header_6_text_shadow_horizontal_length=&#8221;header_6_text_shadow_style,%91object Object%93&#8243; header_6_text_shadow_vertical_length=&#8221;header_6_text_shadow_style,%91object Object%93&#8243; header_6_text_shadow_blur_strength=&#8221;header_6_text_shadow_style,%91object Object%93&#8243; z_index_tablet=&#8221;500&#8243;]<\/p>\n<h1>Nuoret naiset johtamisurille<\/h1>\n<p>[\/et_pb_text][et_pb_text _builder_version=&#8221;3.22.3&#8243; text_text_shadow_horizontal_length=&#8221;text_text_shadow_style,%91object Object%93&#8243; text_text_shadow_vertical_length=&#8221;text_text_shadow_style,%91object Object%93&#8243; text_text_shadow_blur_strength=&#8221;text_text_shadow_style,%91object Object%93&#8243; link_text_shadow_horizontal_length=&#8221;link_text_shadow_style,%91object Object%93&#8243; link_text_shadow_vertical_length=&#8221;link_text_shadow_style,%91object Object%93&#8243; link_text_shadow_blur_strength=&#8221;link_text_shadow_style,%91object Object%93&#8243; ul_text_shadow_horizontal_length=&#8221;ul_text_shadow_style,%91object Object%93&#8243; ul_text_shadow_vertical_length=&#8221;ul_text_shadow_style,%91object Object%93&#8243; ul_text_shadow_blur_strength=&#8221;ul_text_shadow_style,%91object Object%93&#8243; ol_text_shadow_horizontal_length=&#8221;ol_text_shadow_style,%91object Object%93&#8243; ol_text_shadow_vertical_length=&#8221;ol_text_shadow_style,%91object Object%93&#8243; ol_text_shadow_blur_strength=&#8221;ol_text_shadow_style,%91object Object%93&#8243; quote_text_shadow_horizontal_length=&#8221;quote_text_shadow_style,%91object Object%93&#8243; quote_text_shadow_vertical_length=&#8221;quote_text_shadow_style,%91object Object%93&#8243; quote_text_shadow_blur_strength=&#8221;quote_text_shadow_style,%91object Object%93&#8243; header_text_shadow_horizontal_length=&#8221;header_text_shadow_style,%91object Object%93&#8243; header_text_shadow_vertical_length=&#8221;header_text_shadow_style,%91object Object%93&#8243; header_text_shadow_blur_strength=&#8221;header_text_shadow_style,%91object Object%93&#8243; header_2_text_shadow_horizontal_length=&#8221;header_2_text_shadow_style,%91object Object%93&#8243; header_2_text_shadow_vertical_length=&#8221;header_2_text_shadow_style,%91object Object%93&#8243; header_2_text_shadow_blur_strength=&#8221;header_2_text_shadow_style,%91object Object%93&#8243; header_3_text_shadow_horizontal_length=&#8221;header_3_text_shadow_style,%91object Object%93&#8243; header_3_text_shadow_vertical_length=&#8221;header_3_text_shadow_style,%91object Object%93&#8243; header_3_text_shadow_blur_strength=&#8221;header_3_text_shadow_style,%91object Object%93&#8243; header_4_text_shadow_horizontal_length=&#8221;header_4_text_shadow_style,%91object Object%93&#8243; header_4_text_shadow_vertical_length=&#8221;header_4_text_shadow_style,%91object Object%93&#8243; header_4_text_shadow_blur_strength=&#8221;header_4_text_shadow_style,%91object Object%93&#8243; header_5_text_shadow_horizontal_length=&#8221;header_5_text_shadow_style,%91object Object%93&#8243; header_5_text_shadow_vertical_length=&#8221;header_5_text_shadow_style,%91object Object%93&#8243; header_5_text_shadow_blur_strength=&#8221;header_5_text_shadow_style,%91object Object%93&#8243; header_6_text_shadow_horizontal_length=&#8221;header_6_text_shadow_style,%91object Object%93&#8243; header_6_text_shadow_vertical_length=&#8221;header_6_text_shadow_style,%91object Object%93&#8243; header_6_text_shadow_blur_strength=&#8221;header_6_text_shadow_style,%91object Object%93&#8243; z_index_tablet=&#8221;500&#8243;]<\/p>\n<p>Tammer Nova Rotaryklubi on j\u00e4rjest\u00e4nyt vuosittaisen Nuoret naiset johtamisurille -kurssin jo vuodesta 2006. Kurssin tarkoituksena on rohkaista aikuisuuden kynnyksell\u00e4 olevia naisia tarttumaan ty\u00f6el\u00e4m\u00e4ss\u00e4 haastaviin johtamisteht\u00e4viin. Kurssilla opiskelijat tutustuvat johtamiskirjallisuuteen, osallistuvat luennoille ja haastattelevat naisjohtajia loppuraporttejaan varten. Kurssi huipentuu toukokuussa arvokkaaseen p\u00e4\u00e4t\u00f6sjuhlaan.<\/p>\n<p>Johtamista k\u00e4sittelev\u00e4 kurssi toteutetaan Tammer Novan j\u00e4senien yhteisty\u00f6ll\u00e4 ja lukion opinto-ohjaajien my\u00f6t\u00e4vaikutuksella. Kurssi on suunnattu lukion toisen vuosikurssin opiskelijoille ja se on hyv\u00e4ksytty Tampereella ymp\u00e4rist\u00f6- ja yhteiskuntatieteisiin yhden lukiokurssin arvoiseksi kurssiksi. Kustakin Tampereen lukiosta otetaan vuosittain kaksi oppilasta kurssille, yhteens\u00e4 enint\u00e4\u00e4n 18 osallistujaa. Paikalliset yritykset ja organisaatiot tarjoavat kurssin l\u00e4hip\u00e4ivien opiskelutilan. N\u00e4in nuoret saavat mahdollisuuden tutustua eri alan toimijoihin ja ty\u00f6teht\u00e4viin.<\/p>\n<p>Vuosikymmenen aikana kurssilla on ollut mukana yli 150 opiskelijaa. Vierailuja on tehty 30 eri organisaatiossa, joissa naisjohtajat tai -esimiehet ovat kertoneet omasta urastaan. Lis\u00e4ksi loppuraportteja varten on haastateltu kymmeni\u00e4 muita naisjohtajia. Kaikkiaan kursseilta on tuotettu ryhm\u00e4t\u00f6in\u00e4 yli 50 loppuraporttia.<\/p>\n<p>[\/et_pb_text][\/et_pb_column][\/et_pb_row][\/et_pb_section]<\/p>\n","protected":false},"excerpt":{"rendered":"<p>Nuoret naiset johtamisurille Nuoret naiset johtamisurille Tammer Nova Rotaryklubi on j\u00e4rjest\u00e4nyt vuosittaisen Nuoret naiset johtamisurille -kurssin jo vuodesta 2006. Kurssin tarkoituksena on rohkaista aikuisuuden kynnyksell\u00e4 olevia naisia tarttumaan ty\u00f6el\u00e4m\u00e4ss\u00e4 haastaviin johtamisteht\u00e4viin. Kurssilla opiskelijat tutustuvat johtamiskirjallisuuteen, osallistuvat luennoille ja haastattelevat naisjohtajia loppuraporttejaan varten. Kurssi huipentuu toukokuussa arvokkaaseen p\u00e4\u00e4t\u00f6sjuhlaan.Johtamista k\u00e4sittelev\u00e4 kurssi toteutetaan Tammer Novan j\u00e4senien yhteisty\u00f6ll\u00e4 ja [&hellip;]<\/p>\n","protected":false},"author":1,"featured_media":0,"parent":508,"menu_order":1,"comment_status":"closed","ping_status":"closed","template":"","meta":{"_acf_changed":false,"_et_pb_use_builder":"on","_et_pb_old_content":"","_et_gb_content_width":"","footnotes":""},"class_list":["post-2308","page","type-page","status-publish","hentry"],"acf":[],"yoast_head":"<!-- This site is optimized with the Yoast SEO plugin v27.0 - https:\/\/yoast.com\/product\/yoast-seo-wordpress\/ -->\n<title>Nuoret naiset johtamisurille - Piiri 1390<\/title>\n<meta name=\"robots\" content=\"index, follow, max-snippet:-1, max-image-preview:large, max-video-preview:-1\" \/>\n<link rel=\"canonical\" href=\"https:\/\/rotary.fi\/d1390\/kiinnostaako-jasenyys\/ryla\/nuoret-naiset-johtamisurille\/\" \/>\n<meta property=\"og:locale\" content=\"fi_FI\" \/>\n<meta property=\"og:type\" content=\"article\" \/>\n<meta property=\"og:title\" content=\"Nuoret naiset johtamisurille - Piiri 1390\" \/>\n<meta property=\"og:description\" content=\"Nuoret naiset johtamisurille Nuoret naiset johtamisurille Tammer Nova Rotaryklubi on j\u00e4rjest\u00e4nyt vuosittaisen Nuoret naiset johtamisurille -kurssin jo vuodesta 2006. Kurssin tarkoituksena on rohkaista aikuisuuden kynnyksell\u00e4 olevia naisia tarttumaan ty\u00f6el\u00e4m\u00e4ss\u00e4 haastaviin johtamisteht\u00e4viin. Kurssilla opiskelijat tutustuvat johtamiskirjallisuuteen, osallistuvat luennoille ja haastattelevat naisjohtajia loppuraporttejaan varten. Kurssi huipentuu toukokuussa arvokkaaseen p\u00e4\u00e4t\u00f6sjuhlaan.Johtamista k\u00e4sittelev\u00e4 kurssi toteutetaan Tammer Novan j\u00e4senien yhteisty\u00f6ll\u00e4 ja [&hellip;]\" \/>\n<meta property=\"og:url\" content=\"https:\/\/rotary.fi\/d1390\/kiinnostaako-jasenyys\/ryla\/nuoret-naiset-johtamisurille\/\" \/>\n<meta property=\"og:site_name\" content=\"Piiri 1390\" \/>\n<meta property=\"article:publisher\" content=\"https:\/\/www.facebook.com\/rotary\/\" \/>\n<meta property=\"article:modified_time\" content=\"2019-05-10T10:42:26+00:00\" \/>\n<meta name=\"twitter:card\" content=\"summary_large_image\" \/>\n<meta name=\"twitter:label1\" content=\"Arvioitu lukuaika\" \/>\n\t<meta name=\"twitter:data1\" content=\"7 minuuttia\" \/>\n<script type=\"application\/ld+json\" class=\"yoast-schema-graph\">{\"@context\":\"https:\/\/schema.org\",\"@graph\":[{\"@type\":\"WebPage\",\"@id\":\"https:\/\/rotary.fi\/d1390\/kiinnostaako-jasenyys\/ryla\/nuoret-naiset-johtamisurille\/\",\"url\":\"https:\/\/rotary.fi\/d1390\/kiinnostaako-jasenyys\/ryla\/nuoret-naiset-johtamisurille\/\",\"name\":\"Nuoret naiset johtamisurille - Piiri 1390\",\"isPartOf\":{\"@id\":\"https:\/\/rotary.fi\/d1390\/#website\"},\"datePublished\":\"2019-05-02T10:24:50+00:00\",\"dateModified\":\"2019-05-10T10:42:26+00:00\",\"breadcrumb\":{\"@id\":\"https:\/\/rotary.fi\/d1390\/kiinnostaako-jasenyys\/ryla\/nuoret-naiset-johtamisurille\/#breadcrumb\"},\"inLanguage\":\"fi\",\"potentialAction\":[{\"@type\":\"ReadAction\",\"target\":[\"https:\/\/rotary.fi\/d1390\/kiinnostaako-jasenyys\/ryla\/nuoret-naiset-johtamisurille\/\"]}]},{\"@type\":\"BreadcrumbList\",\"@id\":\"https:\/\/rotary.fi\/d1390\/kiinnostaako-jasenyys\/ryla\/nuoret-naiset-johtamisurille\/#breadcrumb\",\"itemListElement\":[{\"@type\":\"ListItem\",\"position\":1,\"name\":\"Home\",\"item\":\"https:\/\/rotary.fi\/d1390\/\"},{\"@type\":\"ListItem\",\"position\":2,\"name\":\"Kiinnostaako j\u00e4senyys?\",\"item\":\"https:\/\/rotary.fi\/d1390\/kiinnostaako-jasenyys\/\"},{\"@type\":\"ListItem\",\"position\":3,\"name\":\"RYLA\",\"item\":\"https:\/\/rotary.fi\/d1390\/kiinnostaako-jasenyys\/ryla\/\"},{\"@type\":\"ListItem\",\"position\":4,\"name\":\"Nuoret naiset johtamisurille\"}]},{\"@type\":\"WebSite\",\"@id\":\"https:\/\/rotary.fi\/d1390\/#website\",\"url\":\"https:\/\/rotary.fi\/d1390\/\",\"name\":\"Piiri 1390\",\"description\":\"Suomen Rotary\",\"potentialAction\":[{\"@type\":\"SearchAction\",\"target\":{\"@type\":\"EntryPoint\",\"urlTemplate\":\"https:\/\/rotary.fi\/d1390\/?s={search_term_string}\"},\"query-input\":{\"@type\":\"PropertyValueSpecification\",\"valueRequired\":true,\"valueName\":\"search_term_string\"}}],\"inLanguage\":\"fi\"}]}<\/script>\n<!-- \/ Yoast SEO plugin. -->","yoast_head_json":{"title":"Nuoret naiset johtamisurille - Piiri 1390","robots":{"index":"index","follow":"follow","max-snippet":"max-snippet:-1","max-image-preview":"max-image-preview:large","max-video-preview":"max-video-preview:-1"},"canonical":"https:\/\/rotary.fi\/d1390\/kiinnostaako-jasenyys\/ryla\/nuoret-naiset-johtamisurille\/","og_locale":"fi_FI","og_type":"article","og_title":"Nuoret naiset johtamisurille - Piiri 1390","og_description":"Nuoret naiset johtamisurille Nuoret naiset johtamisurille Tammer Nova Rotaryklubi on j\u00e4rjest\u00e4nyt vuosittaisen Nuoret naiset johtamisurille -kurssin jo vuodesta 2006. Kurssin tarkoituksena on rohkaista aikuisuuden kynnyksell\u00e4 olevia naisia tarttumaan ty\u00f6el\u00e4m\u00e4ss\u00e4 haastaviin johtamisteht\u00e4viin. Kurssilla opiskelijat tutustuvat johtamiskirjallisuuteen, osallistuvat luennoille ja haastattelevat naisjohtajia loppuraporttejaan varten. Kurssi huipentuu toukokuussa arvokkaaseen p\u00e4\u00e4t\u00f6sjuhlaan.Johtamista k\u00e4sittelev\u00e4 kurssi toteutetaan Tammer Novan j\u00e4senien yhteisty\u00f6ll\u00e4 ja [&hellip;]","og_url":"https:\/\/rotary.fi\/d1390\/kiinnostaako-jasenyys\/ryla\/nuoret-naiset-johtamisurille\/","og_site_name":"Piiri 1390","article_publisher":"https:\/\/www.facebook.com\/rotary\/","article_modified_time":"2019-05-10T10:42:26+00:00","twitter_card":"summary_large_image","twitter_misc":{"Arvioitu lukuaika":"7 minuuttia"},"schema":{"@context":"https:\/\/schema.org","@graph":[{"@type":"WebPage","@id":"https:\/\/rotary.fi\/d1390\/kiinnostaako-jasenyys\/ryla\/nuoret-naiset-johtamisurille\/","url":"https:\/\/rotary.fi\/d1390\/kiinnostaako-jasenyys\/ryla\/nuoret-naiset-johtamisurille\/","name":"Nuoret naiset johtamisurille - Piiri 1390","isPartOf":{"@id":"https:\/\/rotary.fi\/d1390\/#website"},"datePublished":"2019-05-02T10:24:50+00:00","dateModified":"2019-05-10T10:42:26+00:00","breadcrumb":{"@id":"https:\/\/rotary.fi\/d1390\/kiinnostaako-jasenyys\/ryla\/nuoret-naiset-johtamisurille\/#breadcrumb"},"inLanguage":"fi","potentialAction":[{"@type":"ReadAction","target":["https:\/\/rotary.fi\/d1390\/kiinnostaako-jasenyys\/ryla\/nuoret-naiset-johtamisurille\/"]}]},{"@type":"BreadcrumbList","@id":"https:\/\/rotary.fi\/d1390\/kiinnostaako-jasenyys\/ryla\/nuoret-naiset-johtamisurille\/#breadcrumb","itemListElement":[{"@type":"ListItem","position":1,"name":"Home","item":"https:\/\/rotary.fi\/d1390\/"},{"@type":"ListItem","position":2,"name":"Kiinnostaako j\u00e4senyys?","item":"https:\/\/rotary.fi\/d1390\/kiinnostaako-jasenyys\/"},{"@type":"ListItem","position":3,"name":"RYLA","item":"https:\/\/rotary.fi\/d1390\/kiinnostaako-jasenyys\/ryla\/"},{"@type":"ListItem","position":4,"name":"Nuoret naiset johtamisurille"}]},{"@type":"WebSite","@id":"https:\/\/rotary.fi\/d1390\/#website","url":"https:\/\/rotary.fi\/d1390\/","name":"Piiri 1390","description":"Suomen Rotary","potentialAction":[{"@type":"SearchAction","target":{"@type":"EntryPoint","urlTemplate":"https:\/\/rotary.fi\/d1390\/?s={search_term_string}"},"query-input":{"@type":"PropertyValueSpecification","valueRequired":true,"valueName":"search_term_string"}}],"inLanguage":"fi"}]}},"lang":"fi","translations":{"fi":2308,"en":3078},"pll_sync_post":[],"_links":{"self":[{"href":"https:\/\/rotary.fi\/d1390\/wp-json\/wp\/v2\/pages\/2308","targetHints":{"allow":["GET"]}}],"collection":[{"href":"https:\/\/rotary.fi\/d1390\/wp-json\/wp\/v2\/pages"}],"about":[{"href":"https:\/\/rotary.fi\/d1390\/wp-json\/wp\/v2\/types\/page"}],"author":[{"embeddable":true,"href":"https:\/\/rotary.fi\/d1390\/wp-json\/wp\/v2\/users\/1"}],"replies":[{"embeddable":true,"href":"https:\/\/rotary.fi\/d1390\/wp-json\/wp\/v2\/comments?post=2308"}],"version-history":[{"count":3,"href":"https:\/\/rotary.fi\/d1390\/wp-json\/wp\/v2\/pages\/2308\/revisions"}],"predecessor-version":[{"id":2341,"href":"https:\/\/rotary.fi\/d1390\/wp-json\/wp\/v2\/pages\/2308\/revisions\/2341"}],"up":[{"embeddable":true,"href":"https:\/\/rotary.fi\/d1390\/wp-json\/wp\/v2\/pages\/508"}],"wp:attachment":[{"href":"https:\/\/rotary.fi\/d1390\/wp-json\/wp\/v2\/media?parent=2308"}],"curies":[{"name":"wp","href":"https:\/\/api.w.org\/{rel}","templated":true}]}}