{"id":2100,"date":"2019-03-13T21:49:24","date_gmt":"2019-03-13T19:49:24","guid":{"rendered":"https:\/\/rotary.fi\/piirisivusto\/?page_id=2100"},"modified":"2025-03-14T16:24:11","modified_gmt":"2025-03-14T14:24:11","slug":"toiminnan-visuaalinen-kuvaus","status":"publish","type":"page","link":"https:\/\/rotary.fi\/d1390\/rotarypiiri1390\/toiminnan-visuaalinen-kuvaus\/","title":{"rendered":"Toiminnan visuaalinen kuvaus"},"content":{"rendered":"<p>[et_pb_section fb_built=&#8221;1&#8243; module_class=&#8221;jumbotron-page&#8221; _builder_version=&#8221;4.27.4&#8243; background_image=&#8221;https:\/\/rotary.fi\/d1390\/wp-content\/uploads\/sites\/173\/2025\/03\/dsc09256.jpg&#8221; hover_enabled=&#8221;0&#8243; global_colors_info=&#8221;{}&#8221; title_text=&#8221;DSC09256&#8243; background_size=&#8221;contain&#8221; sticky_enabled=&#8221;0&#8243;][et_pb_row module_class=&#8221; et_pb_row_fullwidth et_pb_row_fullwidth et_pb_row_fullwidth et_pb_row_fullwidth&#8221; _builder_version=&#8221;4.16&#8243; width=&#8221;89%&#8221; width_tablet=&#8221;80%&#8221; width_phone=&#8221;&#8221; width_last_edited=&#8221;on|desktop&#8221; max_width=&#8221;89%&#8221; max_width_tablet=&#8221;80%&#8221; max_width_phone=&#8221;&#8221; max_width_last_edited=&#8221;on|desktop&#8221; make_fullwidth=&#8221;on&#8221; global_colors_info=&#8221;{}&#8221;][et_pb_column type=&#8221;4_4&#8243; _builder_version=&#8221;4.16&#8243; custom_padding=&#8221;|||&#8221; global_colors_info=&#8221;{}&#8221; custom_padding__hover=&#8221;|||&#8221;][et_pb_text admin_label=&#8221;P\u00e4\u00e4otsikko kuvan p\u00e4\u00e4ll\u00e4: Toiminnan visuaalinen kuvaus&#8221; _builder_version=&#8221;4.16&#8243; text_orientation=&#8221;center&#8221; background_layout=&#8221;dark&#8221; locked=&#8221;off&#8221; collapsed=&#8221;off&#8221; global_colors_info=&#8221;{}&#8221;]<\/p>\n<h1>Toiminnan visuaalinen kuvaus<\/h1>\n<p>[\/et_pb_text][\/et_pb_column][\/et_pb_row][\/et_pb_section][et_pb_section fb_built=&#8221;1&#8243; module_class=&#8221;sisaltoalue_perus&#8221; _builder_version=&#8221;4.16&#8243; custom_margin=&#8221;||40px|&#8221; global_colors_info=&#8221;{}&#8221;][et_pb_row column_structure=&#8221;3_5,2_5&#8243; custom_padding_last_edited=&#8221;on|phone&#8221; _builder_version=&#8221;4.16&#8243; custom_padding_tablet=&#8221;&#8221; custom_padding_phone=&#8221;&#8221; global_colors_info=&#8221;{}&#8221;][et_pb_column type=&#8221;3_5&#8243; _builder_version=&#8221;4.16&#8243; custom_padding=&#8221;|||&#8221; global_colors_info=&#8221;{}&#8221; custom_padding__hover=&#8221;|||&#8221;][et_pb_text admin_label=&#8221;P\u00e4\u00e4otsikko ennen sis\u00e4lt\u00f6\u00e4: Toiminnan visuaalinen kuvaus&#8221; _builder_version=&#8221;4.16&#8243; text_orientation=&#8221;center&#8221; global_colors_info=&#8221;{}&#8221;]<\/p>\n<h1>Toiminnan visuaalinen kuvaus<\/h1>\n<p>[\/et_pb_text][et_pb_text _builder_version=&#8221;4.16&#8243; global_colors_info=&#8221;{}&#8221;]<\/p>\n<p>Piiri 1390 sijoittuu nelj\u00e4n maakunnan alueelle: Keski-Suomen, Pirkanmaan, H\u00e4meen ja P\u00e4ij\u00e4t-H\u00e4meen. Klubeista pohjoisin on Pihtipudas, etel\u00e4isin Orimattila, l\u00e4ntisin Yl\u00f6j\u00e4rvi ja it\u00e4isin Heinola.\u00a0<\/p>\n<p>Maakuntien keskuskaupungeissa Jyv\u00e4skyl\u00e4ss\u00e4, Tampereella, H\u00e4meenlinnassa ja Lahdessa on useita rotaryklubeja, pienemmill\u00e4 paikkakunnilla klubeja on usein vain yksi. Klubien palvelutoiminnoissa on eroja, koska toimintaymp\u00e4rist\u00f6t ja tarpeet eri paikkakunnilla ovat erilaisia. Nuorisovaihto yhdist\u00e4\u00e4 sek\u00e4 pieni\u00e4 ett\u00e4 suuria rotarypaikkakuntia.<\/p>\n<p>&nbsp;<\/p>\n<p>[\/et_pb_text][\/et_pb_column][et_pb_column type=&#8221;2_5&#8243; _builder_version=&#8221;4.16&#8243; custom_padding=&#8221;|||&#8221; global_colors_info=&#8221;{}&#8221; custom_padding__hover=&#8221;|||&#8221;][et_pb_image src=&#8221;https:\/\/rotary.fi\/d1390\/wp-content\/uploads\/sites\/173\/2021\/08\/kuva-036-1390-190&#215;300.jpg&#8221; alt=&#8221;Piiri D1390&#8243; title_text=&#8221;Kuva 036 1390&#8243; align_tablet=&#8221;center&#8221; align_phone=&#8221;&#8221; align_last_edited=&#8221;on|desktop&#8221; admin_label=&#8221;Kuva&#8221; _builder_version=&#8221;4.16&#8243; z_index_tablet=&#8221;500&#8243; border_width_all=&#8221;10px&#8221; border_color_all=&#8221;#ffffff&#8221; box_shadow_style=&#8221;preset1&#8243; box_shadow_blur=&#8221;5px&#8221; global_colors_info=&#8221;{}&#8221;][\/et_pb_image][\/et_pb_column][\/et_pb_row][\/et_pb_section]<\/p>\n","protected":false},"excerpt":{"rendered":"<p>Toiminnan visuaalinen kuvaus Toiminnan visuaalinen kuvaus Piiri 1390 sijoittuu nelj\u00e4n maakunnan alueelle: Keski-Suomen, Pirkanmaan, H\u00e4meen ja P\u00e4ij\u00e4t-H\u00e4meen. Klubeista pohjoisin on Pihtipudas, etel\u00e4isin Orimattila, l\u00e4ntisin Yl\u00f6j\u00e4rvi ja it\u00e4isin Heinola.\u00a0 Maakuntien keskuskaupungeissa Jyv\u00e4skyl\u00e4ss\u00e4, Tampereella, H\u00e4meenlinnassa ja Lahdessa on useita rotaryklubeja, pienemmill\u00e4 paikkakunnilla klubeja on usein vain yksi. Klubien palvelutoiminnoissa on eroja, koska toimintaymp\u00e4rist\u00f6t ja tarpeet eri paikkakunnilla [&hellip;]<\/p>\n","protected":false},"author":1,"featured_media":0,"parent":2017,"menu_order":1,"comment_status":"closed","ping_status":"closed","template":"","meta":{"_acf_changed":false,"_et_pb_use_builder":"on","_et_pb_old_content":"","_et_gb_content_width":"","footnotes":""},"class_list":["post-2100","page","type-page","status-publish","hentry"],"acf":[],"yoast_head":"<!-- This site is optimized with the Yoast SEO plugin v27.0 - https:\/\/yoast.com\/product\/yoast-seo-wordpress\/ -->\n<title>Toiminnan visuaalinen kuvaus - Piiri 1390<\/title>\n<meta name=\"robots\" content=\"index, follow, max-snippet:-1, max-image-preview:large, max-video-preview:-1\" \/>\n<link rel=\"canonical\" href=\"https:\/\/rotary.fi\/d1390\/rotarypiiri1390\/toiminnan-visuaalinen-kuvaus\/\" \/>\n<meta property=\"og:locale\" content=\"fi_FI\" \/>\n<meta property=\"og:type\" content=\"article\" \/>\n<meta property=\"og:title\" content=\"Toiminnan visuaalinen kuvaus - Piiri 1390\" \/>\n<meta property=\"og:description\" content=\"Toiminnan visuaalinen kuvaus Toiminnan visuaalinen kuvaus Piiri 1390 sijoittuu nelj\u00e4n maakunnan alueelle: Keski-Suomen, Pirkanmaan, H\u00e4meen ja P\u00e4ij\u00e4t-H\u00e4meen. Klubeista pohjoisin on Pihtipudas, etel\u00e4isin Orimattila, l\u00e4ntisin Yl\u00f6j\u00e4rvi ja it\u00e4isin Heinola.\u00a0 Maakuntien keskuskaupungeissa Jyv\u00e4skyl\u00e4ss\u00e4, Tampereella, H\u00e4meenlinnassa ja Lahdessa on useita rotaryklubeja, pienemmill\u00e4 paikkakunnilla klubeja on usein vain yksi. Klubien palvelutoiminnoissa on eroja, koska toimintaymp\u00e4rist\u00f6t ja tarpeet eri paikkakunnilla [&hellip;]\" \/>\n<meta property=\"og:url\" content=\"https:\/\/rotary.fi\/d1390\/rotarypiiri1390\/toiminnan-visuaalinen-kuvaus\/\" \/>\n<meta property=\"og:site_name\" content=\"Piiri 1390\" \/>\n<meta property=\"article:publisher\" content=\"https:\/\/www.facebook.com\/rotary\/\" \/>\n<meta property=\"article:modified_time\" content=\"2025-03-14T14:24:11+00:00\" \/>\n<meta name=\"twitter:card\" content=\"summary_large_image\" \/>\n<meta name=\"twitter:label1\" content=\"Arvioitu lukuaika\" \/>\n\t<meta name=\"twitter:data1\" content=\"1 minuutti\" \/>\n<script type=\"application\/ld+json\" class=\"yoast-schema-graph\">{\"@context\":\"https:\/\/schema.org\",\"@graph\":[{\"@type\":\"WebPage\",\"@id\":\"https:\/\/rotary.fi\/d1390\/rotarypiiri1390\/toiminnan-visuaalinen-kuvaus\/\",\"url\":\"https:\/\/rotary.fi\/d1390\/rotarypiiri1390\/toiminnan-visuaalinen-kuvaus\/\",\"name\":\"Toiminnan visuaalinen kuvaus - Piiri 1390\",\"isPartOf\":{\"@id\":\"https:\/\/rotary.fi\/d1390\/#website\"},\"datePublished\":\"2019-03-13T19:49:24+00:00\",\"dateModified\":\"2025-03-14T14:24:11+00:00\",\"breadcrumb\":{\"@id\":\"https:\/\/rotary.fi\/d1390\/rotarypiiri1390\/toiminnan-visuaalinen-kuvaus\/#breadcrumb\"},\"inLanguage\":\"fi\",\"potentialAction\":[{\"@type\":\"ReadAction\",\"target\":[\"https:\/\/rotary.fi\/d1390\/rotarypiiri1390\/toiminnan-visuaalinen-kuvaus\/\"]}]},{\"@type\":\"BreadcrumbList\",\"@id\":\"https:\/\/rotary.fi\/d1390\/rotarypiiri1390\/toiminnan-visuaalinen-kuvaus\/#breadcrumb\",\"itemListElement\":[{\"@type\":\"ListItem\",\"position\":1,\"name\":\"Home\",\"item\":\"https:\/\/rotary.fi\/d1390\/\"},{\"@type\":\"ListItem\",\"position\":2,\"name\":\"Rotarypiiri 1390\",\"item\":\"https:\/\/rotary.fi\/d1390\/rotarypiiri1390\/\"},{\"@type\":\"ListItem\",\"position\":3,\"name\":\"Toiminnan visuaalinen kuvaus\"}]},{\"@type\":\"WebSite\",\"@id\":\"https:\/\/rotary.fi\/d1390\/#website\",\"url\":\"https:\/\/rotary.fi\/d1390\/\",\"name\":\"Piiri 1390\",\"description\":\"Suomen Rotary\",\"potentialAction\":[{\"@type\":\"SearchAction\",\"target\":{\"@type\":\"EntryPoint\",\"urlTemplate\":\"https:\/\/rotary.fi\/d1390\/?s={search_term_string}\"},\"query-input\":{\"@type\":\"PropertyValueSpecification\",\"valueRequired\":true,\"valueName\":\"search_term_string\"}}],\"inLanguage\":\"fi\"}]}<\/script>\n<!-- \/ Yoast SEO plugin. -->","yoast_head_json":{"title":"Toiminnan visuaalinen kuvaus - Piiri 1390","robots":{"index":"index","follow":"follow","max-snippet":"max-snippet:-1","max-image-preview":"max-image-preview:large","max-video-preview":"max-video-preview:-1"},"canonical":"https:\/\/rotary.fi\/d1390\/rotarypiiri1390\/toiminnan-visuaalinen-kuvaus\/","og_locale":"fi_FI","og_type":"article","og_title":"Toiminnan visuaalinen kuvaus - Piiri 1390","og_description":"Toiminnan visuaalinen kuvaus Toiminnan visuaalinen kuvaus Piiri 1390 sijoittuu nelj\u00e4n maakunnan alueelle: Keski-Suomen, Pirkanmaan, H\u00e4meen ja P\u00e4ij\u00e4t-H\u00e4meen. Klubeista pohjoisin on Pihtipudas, etel\u00e4isin Orimattila, l\u00e4ntisin Yl\u00f6j\u00e4rvi ja it\u00e4isin Heinola.\u00a0 Maakuntien keskuskaupungeissa Jyv\u00e4skyl\u00e4ss\u00e4, Tampereella, H\u00e4meenlinnassa ja Lahdessa on useita rotaryklubeja, pienemmill\u00e4 paikkakunnilla klubeja on usein vain yksi. Klubien palvelutoiminnoissa on eroja, koska toimintaymp\u00e4rist\u00f6t ja tarpeet eri paikkakunnilla [&hellip;]","og_url":"https:\/\/rotary.fi\/d1390\/rotarypiiri1390\/toiminnan-visuaalinen-kuvaus\/","og_site_name":"Piiri 1390","article_publisher":"https:\/\/www.facebook.com\/rotary\/","article_modified_time":"2025-03-14T14:24:11+00:00","twitter_card":"summary_large_image","twitter_misc":{"Arvioitu lukuaika":"1 minuutti"},"schema":{"@context":"https:\/\/schema.org","@graph":[{"@type":"WebPage","@id":"https:\/\/rotary.fi\/d1390\/rotarypiiri1390\/toiminnan-visuaalinen-kuvaus\/","url":"https:\/\/rotary.fi\/d1390\/rotarypiiri1390\/toiminnan-visuaalinen-kuvaus\/","name":"Toiminnan visuaalinen kuvaus - Piiri 1390","isPartOf":{"@id":"https:\/\/rotary.fi\/d1390\/#website"},"datePublished":"2019-03-13T19:49:24+00:00","dateModified":"2025-03-14T14:24:11+00:00","breadcrumb":{"@id":"https:\/\/rotary.fi\/d1390\/rotarypiiri1390\/toiminnan-visuaalinen-kuvaus\/#breadcrumb"},"inLanguage":"fi","potentialAction":[{"@type":"ReadAction","target":["https:\/\/rotary.fi\/d1390\/rotarypiiri1390\/toiminnan-visuaalinen-kuvaus\/"]}]},{"@type":"BreadcrumbList","@id":"https:\/\/rotary.fi\/d1390\/rotarypiiri1390\/toiminnan-visuaalinen-kuvaus\/#breadcrumb","itemListElement":[{"@type":"ListItem","position":1,"name":"Home","item":"https:\/\/rotary.fi\/d1390\/"},{"@type":"ListItem","position":2,"name":"Rotarypiiri 1390","item":"https:\/\/rotary.fi\/d1390\/rotarypiiri1390\/"},{"@type":"ListItem","position":3,"name":"Toiminnan visuaalinen kuvaus"}]},{"@type":"WebSite","@id":"https:\/\/rotary.fi\/d1390\/#website","url":"https:\/\/rotary.fi\/d1390\/","name":"Piiri 1390","description":"Suomen Rotary","potentialAction":[{"@type":"SearchAction","target":{"@type":"EntryPoint","urlTemplate":"https:\/\/rotary.fi\/d1390\/?s={search_term_string}"},"query-input":{"@type":"PropertyValueSpecification","valueRequired":true,"valueName":"search_term_string"}}],"inLanguage":"fi"}]}},"lang":"fi","translations":{"fi":2100,"en":3103},"pll_sync_post":[],"_links":{"self":[{"href":"https:\/\/rotary.fi\/d1390\/wp-json\/wp\/v2\/pages\/2100","targetHints":{"allow":["GET"]}}],"collection":[{"href":"https:\/\/rotary.fi\/d1390\/wp-json\/wp\/v2\/pages"}],"about":[{"href":"https:\/\/rotary.fi\/d1390\/wp-json\/wp\/v2\/types\/page"}],"author":[{"embeddable":true,"href":"https:\/\/rotary.fi\/d1390\/wp-json\/wp\/v2\/users\/1"}],"replies":[{"embeddable":true,"href":"https:\/\/rotary.fi\/d1390\/wp-json\/wp\/v2\/comments?post=2100"}],"version-history":[{"count":9,"href":"https:\/\/rotary.fi\/d1390\/wp-json\/wp\/v2\/pages\/2100\/revisions"}],"predecessor-version":[{"id":6973,"href":"https:\/\/rotary.fi\/d1390\/wp-json\/wp\/v2\/pages\/2100\/revisions\/6973"}],"up":[{"embeddable":true,"href":"https:\/\/rotary.fi\/d1390\/wp-json\/wp\/v2\/pages\/2017"}],"wp:attachment":[{"href":"https:\/\/rotary.fi\/d1390\/wp-json\/wp\/v2\/media?parent=2100"}],"curies":[{"name":"wp","href":"https:\/\/api.w.org\/{rel}","templated":true}]}}