{"id":2054,"date":"2018-08-27T11:41:54","date_gmt":"2018-08-27T09:41:54","guid":{"rendered":"https:\/\/rotary.fi\/piirisivusto\/?page_id=2054"},"modified":"2025-07-16T00:08:33","modified_gmt":"2025-07-15T22:08:33","slug":"kuvernoorin-uutiset","status":"publish","type":"page","link":"https:\/\/rotary.fi\/d1390\/ajankohtaista\/kuvernoorin-uutiset\/","title":{"rendered":"Kuvern\u00f6\u00f6rin uutiset"},"content":{"rendered":"<p>[et_pb_section fb_built=&#8221;1&#8243; _builder_version=&#8221;4.27.0&#8243; _module_preset=&#8221;default&#8221; global_colors_info=&#8221;{}&#8221;][et_pb_row _builder_version=&#8221;4.27.0&#8243; _module_preset=&#8221;default&#8221; global_colors_info=&#8221;{}&#8221;][et_pb_column type=&#8221;4_4&#8243; _builder_version=&#8221;4.27.0&#8243; _module_preset=&#8221;default&#8221; global_colors_info=&#8221;{}&#8221;][et_pb_heading title=&#8221;Kuvern\u00f6\u00f6rien kirjeet&#8221; _builder_version=&#8221;4.27.0&#8243; _module_preset=&#8221;default&#8221; global_colors_info=&#8221;{}&#8221;][\/et_pb_heading][\/et_pb_column][\/et_pb_row][\/et_pb_section][et_pb_section fb_built=&#8221;1&#8243; _builder_version=&#8221;4.16&#8243; global_colors_info=&#8221;{}&#8221;][et_pb_row _builder_version=&#8221;4.16&#8243; background_size=&#8221;initial&#8221; background_position=&#8221;top_left&#8221; background_repeat=&#8221;repeat&#8221; global_colors_info=&#8221;{}&#8221;][et_pb_column type=&#8221;4_4&#8243; _builder_version=&#8221;4.16&#8243; custom_padding=&#8221;|||&#8221; global_colors_info=&#8221;{}&#8221; custom_padding__hover=&#8221;|||&#8221;][et_pb_text _builder_version=&#8221;4.27.4&#8243; background_size=&#8221;initial&#8221; background_position=&#8221;top_left&#8221; background_repeat=&#8221;repeat&#8221; hover_enabled=&#8221;0&#8243; global_colors_info=&#8221;{}&#8221; sticky_enabled=&#8221;0&#8243;]<\/p>\n<p><a href=\"https:\/\/rotary.fi\/d1390\/blog\/kuvernoorin_uutiset\/kuvernoorin-kirjeet-kaudella-2025-2026\/\">Kuvern\u00f6\u00f6rin kirjeet kaudella 2025-2026<\/a><\/p>\n<p><a href=\"https:\/\/rotary.fi\/d1390\/blog\/kuvernoorin_uutiset\/kuvernoorin-kirjeet-kaudella-2024-2025\/\">Kuvern\u00f6\u00f6rin kirjeet kaudella 2024-2025<\/a><\/p>\n<p><a href=\"https:\/\/rotary.fi\/d1390\/blog\/kuvernoorin_uutiset\/kuvernoorin-kirjeet-kaudella-2023-2024\/\">Kuvern\u00f6\u00f6rin kirjeet kaudella 2023-2024<\/a><\/p>\n<p><a href=\"https:\/\/rotary.fi\/d1390\/blog\/kuvernoorin_uutiset\/kuvernoorin-kirjeet-2022-2023\/\">Kuvern\u00f6\u00f6rin kirjeet kaudella 2022-2023<\/a><\/p>\n<p><a href=\"https:\/\/rotary.fi\/d1390\/blog\/kuvernoorin_uutiset\/kuvernoorin-kirje\/\">Kuvern\u00f6\u00f6rin kirjeet kaudelta 2021 \u2013 2022<\/a><\/p>\n<p>[\/et_pb_text][\/et_pb_column][\/et_pb_row][\/et_pb_section]<\/p>\n","protected":false},"excerpt":{"rendered":"<p>Kuvern\u00f6\u00f6rin kirjeet kaudella 2025-2026 Kuvern\u00f6\u00f6rin kirjeet kaudella 2024-2025 Kuvern\u00f6\u00f6rin kirjeet kaudella 2023-2024 Kuvern\u00f6\u00f6rin kirjeet kaudella 2022-2023 Kuvern\u00f6\u00f6rin kirjeet kaudelta 2021 \u2013 2022<\/p>\n","protected":false},"author":1,"featured_media":0,"parent":676,"menu_order":1,"comment_status":"closed","ping_status":"closed","template":"","meta":{"_acf_changed":false,"_et_pb_use_builder":"on","_et_pb_old_content":"<p><a href=\"https:\/\/rotary.fi\/d1390\/wp-content\/uploads\/sites\/173\/2023\/07\/D1390-July-2023-Kuvernaarin-kk-kirje.pdf\">Kuvern\u00f6\u00f6rin kirjeet kaudella 2023-2024<\/a><\/p><p><a href=\"https:\/\/rotary.fi\/d1390\/blog\/kuvernoorin_uutiset\/kuvernoorin-kirjeet-2022-2023\/\">Kuvern\u00f6\u00f6rin kirjeet kaudella 2022-2023<\/a><\/p><p><a href=\"https:\/\/rotary.fi\/d1390\/blog\/kuvernoorin_uutiset\/kuvernoorin-kirje\/\">Kuvern\u00f6\u00f6rin kirjeet kaudelta 2021 \u2013 2022<\/a><\/p>","_et_gb_content_width":"","footnotes":""},"class_list":["post-2054","page","type-page","status-publish","hentry"],"acf":[],"yoast_head":"<!-- This site is optimized with the Yoast SEO plugin v27.4 - https:\/\/yoast.com\/product\/yoast-seo-wordpress\/ -->\n<title>Kuvern\u00f6\u00f6rin uutiset - Piiri 1390<\/title>\n<meta name=\"robots\" content=\"index, follow, max-snippet:-1, max-image-preview:large, max-video-preview:-1\" \/>\n<link rel=\"canonical\" href=\"https:\/\/rotary.fi\/d1390\/ajankohtaista\/kuvernoorin-uutiset\/\" \/>\n<meta property=\"og:locale\" content=\"fi_FI\" \/>\n<meta property=\"og:type\" content=\"article\" \/>\n<meta property=\"og:title\" content=\"Kuvern\u00f6\u00f6rin uutiset - Piiri 1390\" \/>\n<meta property=\"og:description\" content=\"Kuvern\u00f6\u00f6rin kirjeet kaudella 2025-2026 Kuvern\u00f6\u00f6rin kirjeet kaudella 2024-2025 Kuvern\u00f6\u00f6rin kirjeet kaudella 2023-2024 Kuvern\u00f6\u00f6rin kirjeet kaudella 2022-2023 Kuvern\u00f6\u00f6rin kirjeet kaudelta 2021 \u2013 2022\" \/>\n<meta property=\"og:url\" content=\"https:\/\/rotary.fi\/d1390\/ajankohtaista\/kuvernoorin-uutiset\/\" \/>\n<meta property=\"og:site_name\" content=\"Piiri 1390\" \/>\n<meta property=\"article:publisher\" content=\"https:\/\/www.facebook.com\/rotary\/\" \/>\n<meta property=\"article:modified_time\" content=\"2025-07-15T22:08:33+00:00\" \/>\n<meta name=\"twitter:card\" content=\"summary_large_image\" \/>\n<meta name=\"twitter:label1\" content=\"Arvioitu lukuaika\" \/>\n\t<meta name=\"twitter:data1\" content=\"1 minuutti\" \/>\n<script type=\"application\/ld+json\" class=\"yoast-schema-graph\">{\"@context\":\"https:\\\/\\\/schema.org\",\"@graph\":[{\"@type\":\"WebPage\",\"@id\":\"https:\\\/\\\/rotary.fi\\\/d1390\\\/ajankohtaista\\\/kuvernoorin-uutiset\\\/\",\"url\":\"https:\\\/\\\/rotary.fi\\\/d1390\\\/ajankohtaista\\\/kuvernoorin-uutiset\\\/\",\"name\":\"Kuvern\u00f6\u00f6rin uutiset - Piiri 1390\",\"isPartOf\":{\"@id\":\"https:\\\/\\\/rotary.fi\\\/d1390\\\/#website\"},\"datePublished\":\"2018-08-27T09:41:54+00:00\",\"dateModified\":\"2025-07-15T22:08:33+00:00\",\"breadcrumb\":{\"@id\":\"https:\\\/\\\/rotary.fi\\\/d1390\\\/ajankohtaista\\\/kuvernoorin-uutiset\\\/#breadcrumb\"},\"inLanguage\":\"fi\",\"potentialAction\":[{\"@type\":\"ReadAction\",\"target\":[\"https:\\\/\\\/rotary.fi\\\/d1390\\\/ajankohtaista\\\/kuvernoorin-uutiset\\\/\"]}]},{\"@type\":\"BreadcrumbList\",\"@id\":\"https:\\\/\\\/rotary.fi\\\/d1390\\\/ajankohtaista\\\/kuvernoorin-uutiset\\\/#breadcrumb\",\"itemListElement\":[{\"@type\":\"ListItem\",\"position\":1,\"name\":\"Home\",\"item\":\"https:\\\/\\\/rotary.fi\\\/d1390\\\/\"},{\"@type\":\"ListItem\",\"position\":2,\"name\":\"Ajankohtaista\",\"item\":\"https:\\\/\\\/rotary.fi\\\/d1390\\\/ajankohtaista\\\/\"},{\"@type\":\"ListItem\",\"position\":3,\"name\":\"Kuvern\u00f6\u00f6rin uutiset\"}]},{\"@type\":\"WebSite\",\"@id\":\"https:\\\/\\\/rotary.fi\\\/d1390\\\/#website\",\"url\":\"https:\\\/\\\/rotary.fi\\\/d1390\\\/\",\"name\":\"Piiri 1390\",\"description\":\"Suomen Rotary\",\"potentialAction\":[{\"@type\":\"SearchAction\",\"target\":{\"@type\":\"EntryPoint\",\"urlTemplate\":\"https:\\\/\\\/rotary.fi\\\/d1390\\\/?s={search_term_string}\"},\"query-input\":{\"@type\":\"PropertyValueSpecification\",\"valueRequired\":true,\"valueName\":\"search_term_string\"}}],\"inLanguage\":\"fi\"}]}<\/script>\n<!-- \/ Yoast SEO plugin. -->","yoast_head_json":{"title":"Kuvern\u00f6\u00f6rin uutiset - Piiri 1390","robots":{"index":"index","follow":"follow","max-snippet":"max-snippet:-1","max-image-preview":"max-image-preview:large","max-video-preview":"max-video-preview:-1"},"canonical":"https:\/\/rotary.fi\/d1390\/ajankohtaista\/kuvernoorin-uutiset\/","og_locale":"fi_FI","og_type":"article","og_title":"Kuvern\u00f6\u00f6rin uutiset - Piiri 1390","og_description":"Kuvern\u00f6\u00f6rin kirjeet kaudella 2025-2026 Kuvern\u00f6\u00f6rin kirjeet kaudella 2024-2025 Kuvern\u00f6\u00f6rin kirjeet kaudella 2023-2024 Kuvern\u00f6\u00f6rin kirjeet kaudella 2022-2023 Kuvern\u00f6\u00f6rin kirjeet kaudelta 2021 \u2013 2022","og_url":"https:\/\/rotary.fi\/d1390\/ajankohtaista\/kuvernoorin-uutiset\/","og_site_name":"Piiri 1390","article_publisher":"https:\/\/www.facebook.com\/rotary\/","article_modified_time":"2025-07-15T22:08:33+00:00","twitter_card":"summary_large_image","twitter_misc":{"Arvioitu lukuaika":"1 minuutti"},"schema":{"@context":"https:\/\/schema.org","@graph":[{"@type":"WebPage","@id":"https:\/\/rotary.fi\/d1390\/ajankohtaista\/kuvernoorin-uutiset\/","url":"https:\/\/rotary.fi\/d1390\/ajankohtaista\/kuvernoorin-uutiset\/","name":"Kuvern\u00f6\u00f6rin uutiset - Piiri 1390","isPartOf":{"@id":"https:\/\/rotary.fi\/d1390\/#website"},"datePublished":"2018-08-27T09:41:54+00:00","dateModified":"2025-07-15T22:08:33+00:00","breadcrumb":{"@id":"https:\/\/rotary.fi\/d1390\/ajankohtaista\/kuvernoorin-uutiset\/#breadcrumb"},"inLanguage":"fi","potentialAction":[{"@type":"ReadAction","target":["https:\/\/rotary.fi\/d1390\/ajankohtaista\/kuvernoorin-uutiset\/"]}]},{"@type":"BreadcrumbList","@id":"https:\/\/rotary.fi\/d1390\/ajankohtaista\/kuvernoorin-uutiset\/#breadcrumb","itemListElement":[{"@type":"ListItem","position":1,"name":"Home","item":"https:\/\/rotary.fi\/d1390\/"},{"@type":"ListItem","position":2,"name":"Ajankohtaista","item":"https:\/\/rotary.fi\/d1390\/ajankohtaista\/"},{"@type":"ListItem","position":3,"name":"Kuvern\u00f6\u00f6rin uutiset"}]},{"@type":"WebSite","@id":"https:\/\/rotary.fi\/d1390\/#website","url":"https:\/\/rotary.fi\/d1390\/","name":"Piiri 1390","description":"Suomen Rotary","potentialAction":[{"@type":"SearchAction","target":{"@type":"EntryPoint","urlTemplate":"https:\/\/rotary.fi\/d1390\/?s={search_term_string}"},"query-input":{"@type":"PropertyValueSpecification","valueRequired":true,"valueName":"search_term_string"}}],"inLanguage":"fi"}]}},"lang":"fi","translations":{"fi":2054,"en":3069},"pll_sync_post":[],"_links":{"self":[{"href":"https:\/\/rotary.fi\/d1390\/wp-json\/wp\/v2\/pages\/2054","targetHints":{"allow":["GET"]}}],"collection":[{"href":"https:\/\/rotary.fi\/d1390\/wp-json\/wp\/v2\/pages"}],"about":[{"href":"https:\/\/rotary.fi\/d1390\/wp-json\/wp\/v2\/types\/page"}],"author":[{"embeddable":true,"href":"https:\/\/rotary.fi\/d1390\/wp-json\/wp\/v2\/users\/1"}],"replies":[{"embeddable":true,"href":"https:\/\/rotary.fi\/d1390\/wp-json\/wp\/v2\/comments?post=2054"}],"version-history":[{"count":11,"href":"https:\/\/rotary.fi\/d1390\/wp-json\/wp\/v2\/pages\/2054\/revisions"}],"predecessor-version":[{"id":7125,"href":"https:\/\/rotary.fi\/d1390\/wp-json\/wp\/v2\/pages\/2054\/revisions\/7125"}],"up":[{"embeddable":true,"href":"https:\/\/rotary.fi\/d1390\/wp-json\/wp\/v2\/pages\/676"}],"wp:attachment":[{"href":"https:\/\/rotary.fi\/d1390\/wp-json\/wp\/v2\/media?parent=2054"}],"curies":[{"name":"wp","href":"https:\/\/api.w.org\/{rel}","templated":true}]}}