{"id":2050,"date":"2018-08-27T11:32:19","date_gmt":"2018-08-27T09:32:19","guid":{"rendered":"https:\/\/rotary.fi\/piirisivusto\/?page_id=2050"},"modified":"2019-10-27T17:45:53","modified_gmt":"2019-10-27T15:45:53","slug":"interact-klubit","status":"publish","type":"page","link":"https:\/\/rotary.fi\/d1390\/kiinnostaako-jasenyys\/interact-klubit\/","title":{"rendered":"Interact-klubit"},"content":{"rendered":"<p>[et_pb_section fb_built=&#8221;1&#8243; module_class=&#8221;jumbotron-page&#8221; _builder_version=&#8221;3.22&#8243; background_image=&#8221;https:\/\/rotary.fi\/piirisivusto\/wp-content\/uploads\/sites\/173\/2018\/04\/paakuva_ryla.jpg&#8221; fb_built=&#8221;1&#8243; bb_built=&#8221;1&#8243; _i=&#8221;0&#8243; _address=&#8221;0&#8243;][et_pb_row module_class=&#8221; et_pb_row_fullwidth&#8221; _builder_version=&#8221;3.25&#8243; width=&#8221;89%&#8221; width_tablet=&#8221;80%&#8221; width_last_edited=&#8221;on|desktop&#8221; max_width=&#8221;89%&#8221; max_width_tablet=&#8221;80%&#8221; max_width_last_edited=&#8221;on|desktop&#8221; make_fullwidth=&#8221;on&#8221; _i=&#8221;0&#8243; _address=&#8221;0.0&#8243;][et_pb_column type=&#8221;4_4&#8243; _builder_version=&#8221;3.25&#8243; custom_padding=&#8221;|||&#8221; _i=&#8221;0&#8243; _address=&#8221;0.0.0&#8243; custom_padding__hover=&#8221;|||&#8221;][et_pb_text admin_label=&#8221;P\u00e4\u00e4otsikko kuvan p\u00e4\u00e4ll\u00e4&#8221; _builder_version=&#8221;3.27.4&#8243; text_orientation=&#8221;center&#8221; background_layout=&#8221;dark&#8221; locked=&#8221;off&#8221; collapsed=&#8221;off&#8221; _i=&#8221;0&#8243; _address=&#8221;0.0.0.0&#8243;]<\/p>\n<h1>Interact-klubit<\/h1>\n<p>[\/et_pb_text][\/et_pb_column][\/et_pb_row][\/et_pb_section][et_pb_section fb_built=&#8221;1&#8243; module_class=&#8221;sisaltoalue_perus&#8221; _builder_version=&#8221;3.22&#8243; custom_margin=&#8221;||40px|&#8221; fb_built=&#8221;1&#8243; bb_built=&#8221;1&#8243; _i=&#8221;1&#8243; _address=&#8221;1&#8243;][et_pb_row custom_padding_last_edited=&#8221;on|phone&#8221; _builder_version=&#8221;3.25&#8243; _i=&#8221;0&#8243; _address=&#8221;1.0&#8243;][et_pb_column type=&#8221;4_4&#8243; _builder_version=&#8221;3.25&#8243; custom_padding=&#8221;|||&#8221; _i=&#8221;0&#8243; _address=&#8221;1.0.0&#8243; custom_padding__hover=&#8221;|||&#8221;][et_pb_text admin_label=&#8221;P\u00e4\u00e4otsikko ennen sis\u00e4lt\u00f6\u00e4&#8221; _builder_version=&#8221;3.27.4&#8243; text_orientation=&#8221;center&#8221; _i=&#8221;0&#8243; _address=&#8221;1.0.0.0&#8243;]<\/p>\n<h1>Nuorille iloa palvelutoiminnasta<\/h1>\n<p>[\/et_pb_text][et_pb_text _builder_version=&#8221;3.27.4&#8243; _i=&#8221;1&#8243; _address=&#8221;1.0.0.1&#8243;]<\/p>\n<p>Interact-klubit on tarkoitettu 12\u201318-vuotiaille nuorille. Klubit toimivat yhteisty\u00f6ss\u00e4 klubia sponsoroivan rotaryklubin kanssa ja tarjoavat nuorille mahdollisuuden\u00a0 kehitt\u00e4\u00e4 sosiaalisia taitojaan ja johtamiskyky\u00e4\u00e4n. Rotarit auttavat nuoria solmimaan yhteyksi\u00e4 paikallisiin johtajiin ja eri alojen toimijoihin nuorten palveluprojektien toteuttamiseksi. Nuoret oppivat verkostoitumaan paikallisesti ja halutessaan my\u00f6s kansainv\u00e4lisesti.<\/p>\n<p>Nuoret havaitsevat usein aikuisia paremmin oman toimintaymp\u00e4rist\u00f6ns\u00e4 ongelmia tai vahvistamista vaativia kehityskohteita. Yhdess\u00e4 keskustellen nuoret voivat pohtia, miten asioihin voi vaikuttaa ja yhteisty\u00f6ss\u00e4 rotareiden kanssa tai heid\u00e4n tukeminaan nuoret voivat toimia muutoksen aikaansaajina.<\/p>\n<p>Interactin toiminta alkoi Yhdysvalloissa vuonna 1962. Suomen ja Pohjoismaiden ensimm\u00e4inen interact-klubi perustettiin 1963 Somerolla. Maailmanlaajuisesti interact-klubeja on 160 maassa yli 20\u00a0000 ja nuoria niiss\u00e4 miltei 670\u00a0000. Interact onkin erinomainen keino verkostoitua jo nuorena eri maissa toimivien muiden aktiivisten nuorten kanssa.<\/p>\n<p>Piirimme alueella ei toistaiseksi ole Interact-klubeja. Jos olet kiinnostunut klubin perustamisesta, ota yhteytt\u00e4 <a href=\"https:\/\/rotary.fi\/d1390\/ota-yhteytta\/kuvernoori\/\">piirikuvern\u00f6\u00f6riin<\/a>.\u00a0<\/p>\n<p>&nbsp;<\/p>\n<p>[\/et_pb_text][\/et_pb_column][\/et_pb_row][\/et_pb_section]<\/p>\n","protected":false},"excerpt":{"rendered":"<p>Interact-klubit Nuorille iloa palvelutoiminnasta Interact-klubit on tarkoitettu 12\u201318-vuotiaille nuorille. Klubit toimivat yhteisty\u00f6ss\u00e4 klubia sponsoroivan rotaryklubin kanssa ja tarjoavat nuorille mahdollisuuden\u00a0 kehitt\u00e4\u00e4 sosiaalisia taitojaan ja johtamiskyky\u00e4\u00e4n. Rotarit auttavat nuoria solmimaan yhteyksi\u00e4 paikallisiin johtajiin ja eri alojen toimijoihin nuorten palveluprojektien toteuttamiseksi. Nuoret oppivat verkostoitumaan paikallisesti ja halutessaan my\u00f6s kansainv\u00e4lisesti. Nuoret havaitsevat usein aikuisia paremmin oman toimintaymp\u00e4rist\u00f6ns\u00e4 ongelmia [&hellip;]<\/p>\n","protected":false},"author":1,"featured_media":0,"parent":658,"menu_order":1,"comment_status":"closed","ping_status":"closed","template":"","meta":{"_acf_changed":false,"_et_pb_use_builder":"on","_et_pb_old_content":"","_et_gb_content_width":"","footnotes":""},"class_list":["post-2050","page","type-page","status-publish","hentry"],"acf":[],"yoast_head":"<!-- This site is optimized with the Yoast SEO plugin v27.0 - https:\/\/yoast.com\/product\/yoast-seo-wordpress\/ -->\n<title>Interact-klubit - Piiri 1390<\/title>\n<meta name=\"robots\" content=\"index, follow, max-snippet:-1, max-image-preview:large, max-video-preview:-1\" \/>\n<link rel=\"canonical\" href=\"https:\/\/rotary.fi\/d1390\/kiinnostaako-jasenyys\/interact-klubit\/\" \/>\n<meta property=\"og:locale\" content=\"fi_FI\" \/>\n<meta property=\"og:type\" content=\"article\" \/>\n<meta property=\"og:title\" content=\"Interact-klubit - Piiri 1390\" \/>\n<meta property=\"og:description\" content=\"Interact-klubit Nuorille iloa palvelutoiminnasta Interact-klubit on tarkoitettu 12\u201318-vuotiaille nuorille. Klubit toimivat yhteisty\u00f6ss\u00e4 klubia sponsoroivan rotaryklubin kanssa ja tarjoavat nuorille mahdollisuuden\u00a0 kehitt\u00e4\u00e4 sosiaalisia taitojaan ja johtamiskyky\u00e4\u00e4n. Rotarit auttavat nuoria solmimaan yhteyksi\u00e4 paikallisiin johtajiin ja eri alojen toimijoihin nuorten palveluprojektien toteuttamiseksi. Nuoret oppivat verkostoitumaan paikallisesti ja halutessaan my\u00f6s kansainv\u00e4lisesti. Nuoret havaitsevat usein aikuisia paremmin oman toimintaymp\u00e4rist\u00f6ns\u00e4 ongelmia [&hellip;]\" \/>\n<meta property=\"og:url\" content=\"https:\/\/rotary.fi\/d1390\/kiinnostaako-jasenyys\/interact-klubit\/\" \/>\n<meta property=\"og:site_name\" content=\"Piiri 1390\" \/>\n<meta property=\"article:publisher\" content=\"https:\/\/www.facebook.com\/rotary\/\" \/>\n<meta property=\"article:modified_time\" content=\"2019-10-27T15:45:53+00:00\" \/>\n<meta name=\"twitter:card\" content=\"summary_large_image\" \/>\n<meta name=\"twitter:label1\" content=\"Arvioitu lukuaika\" \/>\n\t<meta name=\"twitter:data1\" content=\"2 minuuttia\" \/>\n<script type=\"application\/ld+json\" class=\"yoast-schema-graph\">{\"@context\":\"https:\/\/schema.org\",\"@graph\":[{\"@type\":\"WebPage\",\"@id\":\"https:\/\/rotary.fi\/d1390\/kiinnostaako-jasenyys\/interact-klubit\/\",\"url\":\"https:\/\/rotary.fi\/d1390\/kiinnostaako-jasenyys\/interact-klubit\/\",\"name\":\"Interact-klubit - Piiri 1390\",\"isPartOf\":{\"@id\":\"https:\/\/rotary.fi\/d1390\/#website\"},\"datePublished\":\"2018-08-27T09:32:19+00:00\",\"dateModified\":\"2019-10-27T15:45:53+00:00\",\"breadcrumb\":{\"@id\":\"https:\/\/rotary.fi\/d1390\/kiinnostaako-jasenyys\/interact-klubit\/#breadcrumb\"},\"inLanguage\":\"fi\",\"potentialAction\":[{\"@type\":\"ReadAction\",\"target\":[\"https:\/\/rotary.fi\/d1390\/kiinnostaako-jasenyys\/interact-klubit\/\"]}]},{\"@type\":\"BreadcrumbList\",\"@id\":\"https:\/\/rotary.fi\/d1390\/kiinnostaako-jasenyys\/interact-klubit\/#breadcrumb\",\"itemListElement\":[{\"@type\":\"ListItem\",\"position\":1,\"name\":\"Home\",\"item\":\"https:\/\/rotary.fi\/d1390\/\"},{\"@type\":\"ListItem\",\"position\":2,\"name\":\"Kiinnostaako j\u00e4senyys?\",\"item\":\"https:\/\/rotary.fi\/d1390\/kiinnostaako-jasenyys\/\"},{\"@type\":\"ListItem\",\"position\":3,\"name\":\"Interact-klubit\"}]},{\"@type\":\"WebSite\",\"@id\":\"https:\/\/rotary.fi\/d1390\/#website\",\"url\":\"https:\/\/rotary.fi\/d1390\/\",\"name\":\"Piiri 1390\",\"description\":\"Suomen Rotary\",\"potentialAction\":[{\"@type\":\"SearchAction\",\"target\":{\"@type\":\"EntryPoint\",\"urlTemplate\":\"https:\/\/rotary.fi\/d1390\/?s={search_term_string}\"},\"query-input\":{\"@type\":\"PropertyValueSpecification\",\"valueRequired\":true,\"valueName\":\"search_term_string\"}}],\"inLanguage\":\"fi\"}]}<\/script>\n<!-- \/ Yoast SEO plugin. -->","yoast_head_json":{"title":"Interact-klubit - Piiri 1390","robots":{"index":"index","follow":"follow","max-snippet":"max-snippet:-1","max-image-preview":"max-image-preview:large","max-video-preview":"max-video-preview:-1"},"canonical":"https:\/\/rotary.fi\/d1390\/kiinnostaako-jasenyys\/interact-klubit\/","og_locale":"fi_FI","og_type":"article","og_title":"Interact-klubit - Piiri 1390","og_description":"Interact-klubit Nuorille iloa palvelutoiminnasta Interact-klubit on tarkoitettu 12\u201318-vuotiaille nuorille. Klubit toimivat yhteisty\u00f6ss\u00e4 klubia sponsoroivan rotaryklubin kanssa ja tarjoavat nuorille mahdollisuuden\u00a0 kehitt\u00e4\u00e4 sosiaalisia taitojaan ja johtamiskyky\u00e4\u00e4n. Rotarit auttavat nuoria solmimaan yhteyksi\u00e4 paikallisiin johtajiin ja eri alojen toimijoihin nuorten palveluprojektien toteuttamiseksi. Nuoret oppivat verkostoitumaan paikallisesti ja halutessaan my\u00f6s kansainv\u00e4lisesti. Nuoret havaitsevat usein aikuisia paremmin oman toimintaymp\u00e4rist\u00f6ns\u00e4 ongelmia [&hellip;]","og_url":"https:\/\/rotary.fi\/d1390\/kiinnostaako-jasenyys\/interact-klubit\/","og_site_name":"Piiri 1390","article_publisher":"https:\/\/www.facebook.com\/rotary\/","article_modified_time":"2019-10-27T15:45:53+00:00","twitter_card":"summary_large_image","twitter_misc":{"Arvioitu lukuaika":"2 minuuttia"},"schema":{"@context":"https:\/\/schema.org","@graph":[{"@type":"WebPage","@id":"https:\/\/rotary.fi\/d1390\/kiinnostaako-jasenyys\/interact-klubit\/","url":"https:\/\/rotary.fi\/d1390\/kiinnostaako-jasenyys\/interact-klubit\/","name":"Interact-klubit - Piiri 1390","isPartOf":{"@id":"https:\/\/rotary.fi\/d1390\/#website"},"datePublished":"2018-08-27T09:32:19+00:00","dateModified":"2019-10-27T15:45:53+00:00","breadcrumb":{"@id":"https:\/\/rotary.fi\/d1390\/kiinnostaako-jasenyys\/interact-klubit\/#breadcrumb"},"inLanguage":"fi","potentialAction":[{"@type":"ReadAction","target":["https:\/\/rotary.fi\/d1390\/kiinnostaako-jasenyys\/interact-klubit\/"]}]},{"@type":"BreadcrumbList","@id":"https:\/\/rotary.fi\/d1390\/kiinnostaako-jasenyys\/interact-klubit\/#breadcrumb","itemListElement":[{"@type":"ListItem","position":1,"name":"Home","item":"https:\/\/rotary.fi\/d1390\/"},{"@type":"ListItem","position":2,"name":"Kiinnostaako j\u00e4senyys?","item":"https:\/\/rotary.fi\/d1390\/kiinnostaako-jasenyys\/"},{"@type":"ListItem","position":3,"name":"Interact-klubit"}]},{"@type":"WebSite","@id":"https:\/\/rotary.fi\/d1390\/#website","url":"https:\/\/rotary.fi\/d1390\/","name":"Piiri 1390","description":"Suomen Rotary","potentialAction":[{"@type":"SearchAction","target":{"@type":"EntryPoint","urlTemplate":"https:\/\/rotary.fi\/d1390\/?s={search_term_string}"},"query-input":{"@type":"PropertyValueSpecification","valueRequired":true,"valueName":"search_term_string"}}],"inLanguage":"fi"}]}},"lang":"fi","translations":{"fi":2050,"en":2995},"pll_sync_post":[],"_links":{"self":[{"href":"https:\/\/rotary.fi\/d1390\/wp-json\/wp\/v2\/pages\/2050","targetHints":{"allow":["GET"]}}],"collection":[{"href":"https:\/\/rotary.fi\/d1390\/wp-json\/wp\/v2\/pages"}],"about":[{"href":"https:\/\/rotary.fi\/d1390\/wp-json\/wp\/v2\/types\/page"}],"author":[{"embeddable":true,"href":"https:\/\/rotary.fi\/d1390\/wp-json\/wp\/v2\/users\/1"}],"replies":[{"embeddable":true,"href":"https:\/\/rotary.fi\/d1390\/wp-json\/wp\/v2\/comments?post=2050"}],"version-history":[{"count":7,"href":"https:\/\/rotary.fi\/d1390\/wp-json\/wp\/v2\/pages\/2050\/revisions"}],"predecessor-version":[{"id":3459,"href":"https:\/\/rotary.fi\/d1390\/wp-json\/wp\/v2\/pages\/2050\/revisions\/3459"}],"up":[{"embeddable":true,"href":"https:\/\/rotary.fi\/d1390\/wp-json\/wp\/v2\/pages\/658"}],"wp:attachment":[{"href":"https:\/\/rotary.fi\/d1390\/wp-json\/wp\/v2\/media?parent=2050"}],"curies":[{"name":"wp","href":"https:\/\/api.w.org\/{rel}","templated":true}]}}