{"id":2017,"date":"2018-08-27T09:29:56","date_gmt":"2018-08-27T07:29:56","guid":{"rendered":"https:\/\/rotary.fi\/piirisivusto\/?page_id=2017"},"modified":"2024-07-04T06:39:55","modified_gmt":"2024-07-04T04:39:55","slug":"rotarypiiri1390","status":"publish","type":"page","link":"https:\/\/rotary.fi\/d1390\/rotarypiiri1390\/","title":{"rendered":"Rotarypiiri 1390"},"content":{"rendered":"<p>[et_pb_section fb_built=&#8221;1&#8243; module_class=&#8221;jumbotron-page&#8221; _builder_version=&#8221;4.16&#8243; background_image=&#8221;https:\/\/rotary.fi\/d1390\/wp-content\/uploads\/sites\/173\/2021\/08\/dsc01654.jpg&#8221; collapsed=&#8221;off&#8221; global_colors_info=&#8221;{}&#8221;][et_pb_row module_class=&#8221; et_pb_row_fullwidth et_pb_row_fullwidth et_pb_row_fullwidth et_pb_row_fullwidth et_pb_row_fullwidth&#8221; _builder_version=&#8221;4.16&#8243; width=&#8221;89%&#8221; width_tablet=&#8221;80%&#8221; width_phone=&#8221;&#8221; width_last_edited=&#8221;on|desktop&#8221; max_width=&#8221;89%&#8221; max_width_tablet=&#8221;80%&#8221; max_width_phone=&#8221;&#8221; max_width_last_edited=&#8221;on|desktop&#8221; make_fullwidth=&#8221;on&#8221; global_colors_info=&#8221;{}&#8221;][et_pb_column type=&#8221;4_4&#8243; _builder_version=&#8221;4.16&#8243; custom_padding=&#8221;|||&#8221; global_colors_info=&#8221;{}&#8221; custom_padding__hover=&#8221;|||&#8221;][et_pb_text admin_label=&#8221;P\u00e4\u00e4otsikko: Rotarypiiri xxxx esittelyss\u00e4&#8221; _builder_version=&#8221;4.16&#8243; text_orientation=&#8221;center&#8221; background_layout=&#8221;dark&#8221; z_index_tablet=&#8221;500&#8243; box_shadow_horizontal_tablet=&#8221;0px&#8221; box_shadow_vertical_tablet=&#8221;0px&#8221; box_shadow_blur_tablet=&#8221;40px&#8221; box_shadow_spread_tablet=&#8221;0px&#8221; locked=&#8221;off&#8221; collapsed=&#8221;off&#8221; global_colors_info=&#8221;{}&#8221;]<\/p>\n<h1>Rotarypiiri 1390 esittelyss\u00e4<\/h1>\n<p>[\/et_pb_text][\/et_pb_column][\/et_pb_row][\/et_pb_section][et_pb_section fb_built=&#8221;1&#8243; admin_label=&#8221;Osio&#8221; module_class=&#8221;sisaltoalue_perus&#8221; _builder_version=&#8221;4.16&#8243; custom_margin=&#8221;||40px|&#8221; global_colors_info=&#8221;{}&#8221;][et_pb_row column_structure=&#8221;3_5,2_5&#8243; _builder_version=&#8221;4.16&#8243; background_size=&#8221;initial&#8221; background_position=&#8221;top_left&#8221; background_repeat=&#8221;repeat&#8221; global_colors_info=&#8221;{}&#8221;][et_pb_column type=&#8221;3_5&#8243; _builder_version=&#8221;4.16&#8243; custom_padding=&#8221;|||&#8221; global_colors_info=&#8221;{}&#8221; custom_padding__hover=&#8221;|||&#8221;][et_pb_text admin_label=&#8221;P\u00e4\u00e4otsikko ennen sis\u00e4lt\u00f6\u00e4: Rotarypiiri 1390&#8243; _builder_version=&#8221;4.16&#8243; text_orientation=&#8221;center&#8221; z_index_tablet=&#8221;500&#8243; box_shadow_horizontal_tablet=&#8221;0px&#8221; box_shadow_vertical_tablet=&#8221;0px&#8221; box_shadow_blur_tablet=&#8221;40px&#8221; box_shadow_spread_tablet=&#8221;0px&#8221; global_colors_info=&#8221;{}&#8221;]<\/p>\n<h1>Rotarypiiri 1390<\/h1>\n<p>[\/et_pb_text][et_pb_text _builder_version=&#8221;4.16&#8243; z_index_tablet=&#8221;500&#8243; text_text_shadow_horizontal_length_tablet=&#8221;0px&#8221; text_text_shadow_vertical_length_tablet=&#8221;0px&#8221; text_text_shadow_blur_strength_tablet=&#8221;1px&#8221; link_text_shadow_horizontal_length_tablet=&#8221;0px&#8221; link_text_shadow_vertical_length_tablet=&#8221;0px&#8221; link_text_shadow_blur_strength_tablet=&#8221;1px&#8221; ul_text_shadow_horizontal_length_tablet=&#8221;0px&#8221; ul_text_shadow_vertical_length_tablet=&#8221;0px&#8221; ul_text_shadow_blur_strength_tablet=&#8221;1px&#8221; ol_text_shadow_horizontal_length_tablet=&#8221;0px&#8221; ol_text_shadow_vertical_length_tablet=&#8221;0px&#8221; ol_text_shadow_blur_strength_tablet=&#8221;1px&#8221; quote_text_shadow_horizontal_length_tablet=&#8221;0px&#8221; quote_text_shadow_vertical_length_tablet=&#8221;0px&#8221; quote_text_shadow_blur_strength_tablet=&#8221;1px&#8221; header_text_shadow_horizontal_length_tablet=&#8221;0px&#8221; header_text_shadow_vertical_length_tablet=&#8221;0px&#8221; header_text_shadow_blur_strength_tablet=&#8221;1px&#8221; header_2_text_shadow_horizontal_length_tablet=&#8221;0px&#8221; header_2_text_shadow_vertical_length_tablet=&#8221;0px&#8221; header_2_text_shadow_blur_strength_tablet=&#8221;1px&#8221; header_3_text_shadow_horizontal_length_tablet=&#8221;0px&#8221; header_3_text_shadow_vertical_length_tablet=&#8221;0px&#8221; header_3_text_shadow_blur_strength_tablet=&#8221;1px&#8221; header_4_text_shadow_horizontal_length_tablet=&#8221;0px&#8221; header_4_text_shadow_vertical_length_tablet=&#8221;0px&#8221; header_4_text_shadow_blur_strength_tablet=&#8221;1px&#8221; header_5_text_shadow_horizontal_length_tablet=&#8221;0px&#8221; header_5_text_shadow_vertical_length_tablet=&#8221;0px&#8221; header_5_text_shadow_blur_strength_tablet=&#8221;1px&#8221; header_6_text_shadow_horizontal_length_tablet=&#8221;0px&#8221; header_6_text_shadow_vertical_length_tablet=&#8221;0px&#8221; header_6_text_shadow_blur_strength_tablet=&#8221;1px&#8221; box_shadow_horizontal_tablet=&#8221;0px&#8221; box_shadow_vertical_tablet=&#8221;0px&#8221; box_shadow_blur_tablet=&#8221;40px&#8221; box_shadow_spread_tablet=&#8221;0px&#8221; global_colors_info=&#8221;{}&#8221;]<\/p>\n<p>Rotarypiirimme 1390 on yksi viidest\u00e4 Suomessa toimivasta piirist\u00e4.<\/p>\n<p>Piiri j\u00e4rjest\u00e4\u00e4 klubeille vuoden aikana useita tapahtumia. Piirikokous j\u00e4rjestet\u00e4\u00e4n syksyisin yleens\u00e4 lokakuussa ja juhlava piirikonferenssi kev\u00e4isin useimmiten huhtikuussa.<\/p>\n<p>Klubien tuleville presidenteille ja klubivirkailijoille j\u00e4rjestet\u00e4\u00e4n vuosittain koulutusseminaari (PETS), johon osallistuminen on olennainen osa teht\u00e4v\u00e4\u00e4n valmistautumista.<\/p>\n<p>Jokaista rotarypiiri\u00e4 johtaa kuvern\u00f6\u00f6ri. H\u00e4nell\u00e4 on tukenaan piirineuvosto, piirikomiteat ja piirin eri alueiden apulaiskuvern\u00f6\u00f6rit. Piirikuvern\u00f6\u00f6ri vierailee kaikissa piirins\u00e4 klubeissa toimivuotensa aikana.<\/p>\n<p>Piirin nime\u00e4miskomitea valitsee \u00a0teht\u00e4v\u00e4\u00e4n sopivimmaksi katsomansa ehdokkaan kuvern\u00f6\u00f6riksi. Tuleva kuvern\u00f6\u00f6ri nimitet\u00e4\u00e4n Rotary Internationalin maailmankonferenssissa.<\/p>\n<p>[\/et_pb_text][\/et_pb_column][et_pb_column type=&#8221;2_5&#8243; _builder_version=&#8221;4.16&#8243; custom_padding=&#8221;|||&#8221; global_colors_info=&#8221;{}&#8221; custom_padding__hover=&#8221;|||&#8221;][et_pb_image src=&#8221;https:\/\/rotary.fi\/d1390\/wp-content\/uploads\/sites\/173\/2021\/08\/kuva-036-1390.jpg&#8221; alt=&#8221;Piiri D1390&#8243; title_text=&#8221;Kuva 036 1390&#8243; align_tablet=&#8221;center&#8221; align_phone=&#8221;&#8221; align_last_edited=&#8221;on|desktop&#8221; _builder_version=&#8221;4.16&#8243; z_index_tablet=&#8221;500&#8243; border_width_all=&#8221;10px&#8221; border_color_all=&#8221;#ffffff&#8221; box_shadow_style=&#8221;preset1&#8243; box_shadow_blur=&#8221;5px&#8221; global_colors_info=&#8221;{}&#8221;]<br \/>\n[\/et_pb_image][\/et_pb_column][\/et_pb_row][\/et_pb_section]<\/p>\n","protected":false},"excerpt":{"rendered":"<p>Rotarypiiri 1390 esittelyss\u00e4Rotarypiiri 1390Rotarypiirimme 1390 on yksi viidest\u00e4 Suomessa toimivasta piirist\u00e4. Piiri j\u00e4rjest\u00e4\u00e4 klubeille vuoden aikana useita tapahtumia. Piirikokous j\u00e4rjestet\u00e4\u00e4n syksyisin yleens\u00e4 lokakuussa ja juhlava piirikonferenssi kev\u00e4isin useimmiten huhtikuussa. Klubien tuleville presidenteille ja klubivirkailijoille j\u00e4rjestet\u00e4\u00e4n vuosittain koulutusseminaari (PETS), johon osallistuminen on olennainen osa teht\u00e4v\u00e4\u00e4n valmistautumista. Jokaista rotarypiiri\u00e4 johtaa kuvern\u00f6\u00f6ri. H\u00e4nell\u00e4 on tukenaan piirineuvosto, piirikomiteat ja [&hellip;]<\/p>\n","protected":false},"author":1,"featured_media":0,"parent":0,"menu_order":1,"comment_status":"closed","ping_status":"closed","template":"","meta":{"_acf_changed":false,"_et_pb_use_builder":"on","_et_pb_old_content":"","_et_gb_content_width":"","footnotes":""},"class_list":["post-2017","page","type-page","status-publish","hentry"],"acf":[],"yoast_head":"<!-- This site is optimized with the Yoast SEO plugin v27.0 - https:\/\/yoast.com\/product\/yoast-seo-wordpress\/ -->\n<title>Rotarypiiri 1390 - Piiri 1390<\/title>\n<meta name=\"robots\" content=\"index, follow, max-snippet:-1, max-image-preview:large, max-video-preview:-1\" \/>\n<link rel=\"canonical\" href=\"https:\/\/rotary.fi\/d1390\/rotarypiiri1390\/\" \/>\n<meta property=\"og:locale\" content=\"fi_FI\" \/>\n<meta property=\"og:type\" content=\"article\" \/>\n<meta property=\"og:title\" content=\"Rotarypiiri 1390 - Piiri 1390\" \/>\n<meta property=\"og:description\" content=\"Rotarypiiri 1390 esittelyss\u00e4Rotarypiiri 1390Rotarypiirimme 1390 on yksi viidest\u00e4 Suomessa toimivasta piirist\u00e4. Piiri j\u00e4rjest\u00e4\u00e4 klubeille vuoden aikana useita tapahtumia. Piirikokous j\u00e4rjestet\u00e4\u00e4n syksyisin yleens\u00e4 lokakuussa ja juhlava piirikonferenssi kev\u00e4isin useimmiten huhtikuussa. Klubien tuleville presidenteille ja klubivirkailijoille j\u00e4rjestet\u00e4\u00e4n vuosittain koulutusseminaari (PETS), johon osallistuminen on olennainen osa teht\u00e4v\u00e4\u00e4n valmistautumista. Jokaista rotarypiiri\u00e4 johtaa kuvern\u00f6\u00f6ri. H\u00e4nell\u00e4 on tukenaan piirineuvosto, piirikomiteat ja [&hellip;]\" \/>\n<meta property=\"og:url\" content=\"https:\/\/rotary.fi\/d1390\/rotarypiiri1390\/\" \/>\n<meta property=\"og:site_name\" content=\"Piiri 1390\" \/>\n<meta property=\"article:publisher\" content=\"https:\/\/www.facebook.com\/rotary\/\" \/>\n<meta property=\"article:modified_time\" content=\"2024-07-04T04:39:55+00:00\" \/>\n<meta name=\"twitter:card\" content=\"summary_large_image\" \/>\n<script type=\"application\/ld+json\" class=\"yoast-schema-graph\">{\"@context\":\"https:\/\/schema.org\",\"@graph\":[{\"@type\":\"WebPage\",\"@id\":\"https:\/\/rotary.fi\/d1390\/rotarypiiri1390\/\",\"url\":\"https:\/\/rotary.fi\/d1390\/rotarypiiri1390\/\",\"name\":\"Rotarypiiri 1390 - Piiri 1390\",\"isPartOf\":{\"@id\":\"https:\/\/rotary.fi\/d1390\/#website\"},\"datePublished\":\"2018-08-27T07:29:56+00:00\",\"dateModified\":\"2024-07-04T04:39:55+00:00\",\"breadcrumb\":{\"@id\":\"https:\/\/rotary.fi\/d1390\/rotarypiiri1390\/#breadcrumb\"},\"inLanguage\":\"fi\",\"potentialAction\":[{\"@type\":\"ReadAction\",\"target\":[\"https:\/\/rotary.fi\/d1390\/rotarypiiri1390\/\"]}]},{\"@type\":\"BreadcrumbList\",\"@id\":\"https:\/\/rotary.fi\/d1390\/rotarypiiri1390\/#breadcrumb\",\"itemListElement\":[{\"@type\":\"ListItem\",\"position\":1,\"name\":\"Home\",\"item\":\"https:\/\/rotary.fi\/d1390\/\"},{\"@type\":\"ListItem\",\"position\":2,\"name\":\"Rotarypiiri 1390\"}]},{\"@type\":\"WebSite\",\"@id\":\"https:\/\/rotary.fi\/d1390\/#website\",\"url\":\"https:\/\/rotary.fi\/d1390\/\",\"name\":\"Piiri 1390\",\"description\":\"Suomen Rotary\",\"potentialAction\":[{\"@type\":\"SearchAction\",\"target\":{\"@type\":\"EntryPoint\",\"urlTemplate\":\"https:\/\/rotary.fi\/d1390\/?s={search_term_string}\"},\"query-input\":{\"@type\":\"PropertyValueSpecification\",\"valueRequired\":true,\"valueName\":\"search_term_string\"}}],\"inLanguage\":\"fi\"}]}<\/script>\n<!-- \/ Yoast SEO plugin. -->","yoast_head_json":{"title":"Rotarypiiri 1390 - Piiri 1390","robots":{"index":"index","follow":"follow","max-snippet":"max-snippet:-1","max-image-preview":"max-image-preview:large","max-video-preview":"max-video-preview:-1"},"canonical":"https:\/\/rotary.fi\/d1390\/rotarypiiri1390\/","og_locale":"fi_FI","og_type":"article","og_title":"Rotarypiiri 1390 - Piiri 1390","og_description":"Rotarypiiri 1390 esittelyss\u00e4Rotarypiiri 1390Rotarypiirimme 1390 on yksi viidest\u00e4 Suomessa toimivasta piirist\u00e4. Piiri j\u00e4rjest\u00e4\u00e4 klubeille vuoden aikana useita tapahtumia. Piirikokous j\u00e4rjestet\u00e4\u00e4n syksyisin yleens\u00e4 lokakuussa ja juhlava piirikonferenssi kev\u00e4isin useimmiten huhtikuussa. Klubien tuleville presidenteille ja klubivirkailijoille j\u00e4rjestet\u00e4\u00e4n vuosittain koulutusseminaari (PETS), johon osallistuminen on olennainen osa teht\u00e4v\u00e4\u00e4n valmistautumista. Jokaista rotarypiiri\u00e4 johtaa kuvern\u00f6\u00f6ri. H\u00e4nell\u00e4 on tukenaan piirineuvosto, piirikomiteat ja [&hellip;]","og_url":"https:\/\/rotary.fi\/d1390\/rotarypiiri1390\/","og_site_name":"Piiri 1390","article_publisher":"https:\/\/www.facebook.com\/rotary\/","article_modified_time":"2024-07-04T04:39:55+00:00","twitter_card":"summary_large_image","schema":{"@context":"https:\/\/schema.org","@graph":[{"@type":"WebPage","@id":"https:\/\/rotary.fi\/d1390\/rotarypiiri1390\/","url":"https:\/\/rotary.fi\/d1390\/rotarypiiri1390\/","name":"Rotarypiiri 1390 - Piiri 1390","isPartOf":{"@id":"https:\/\/rotary.fi\/d1390\/#website"},"datePublished":"2018-08-27T07:29:56+00:00","dateModified":"2024-07-04T04:39:55+00:00","breadcrumb":{"@id":"https:\/\/rotary.fi\/d1390\/rotarypiiri1390\/#breadcrumb"},"inLanguage":"fi","potentialAction":[{"@type":"ReadAction","target":["https:\/\/rotary.fi\/d1390\/rotarypiiri1390\/"]}]},{"@type":"BreadcrumbList","@id":"https:\/\/rotary.fi\/d1390\/rotarypiiri1390\/#breadcrumb","itemListElement":[{"@type":"ListItem","position":1,"name":"Home","item":"https:\/\/rotary.fi\/d1390\/"},{"@type":"ListItem","position":2,"name":"Rotarypiiri 1390"}]},{"@type":"WebSite","@id":"https:\/\/rotary.fi\/d1390\/#website","url":"https:\/\/rotary.fi\/d1390\/","name":"Piiri 1390","description":"Suomen Rotary","potentialAction":[{"@type":"SearchAction","target":{"@type":"EntryPoint","urlTemplate":"https:\/\/rotary.fi\/d1390\/?s={search_term_string}"},"query-input":{"@type":"PropertyValueSpecification","valueRequired":true,"valueName":"search_term_string"}}],"inLanguage":"fi"}]}},"lang":"fi","translations":{"fi":2017,"en":2881},"pll_sync_post":[],"_links":{"self":[{"href":"https:\/\/rotary.fi\/d1390\/wp-json\/wp\/v2\/pages\/2017","targetHints":{"allow":["GET"]}}],"collection":[{"href":"https:\/\/rotary.fi\/d1390\/wp-json\/wp\/v2\/pages"}],"about":[{"href":"https:\/\/rotary.fi\/d1390\/wp-json\/wp\/v2\/types\/page"}],"author":[{"embeddable":true,"href":"https:\/\/rotary.fi\/d1390\/wp-json\/wp\/v2\/users\/1"}],"replies":[{"embeddable":true,"href":"https:\/\/rotary.fi\/d1390\/wp-json\/wp\/v2\/comments?post=2017"}],"version-history":[{"count":10,"href":"https:\/\/rotary.fi\/d1390\/wp-json\/wp\/v2\/pages\/2017\/revisions"}],"predecessor-version":[{"id":6517,"href":"https:\/\/rotary.fi\/d1390\/wp-json\/wp\/v2\/pages\/2017\/revisions\/6517"}],"wp:attachment":[{"href":"https:\/\/rotary.fi\/d1390\/wp-json\/wp\/v2\/media?parent=2017"}],"curies":[{"name":"wp","href":"https:\/\/api.w.org\/{rel}","templated":true}]}}