{"id":6853,"date":"2025-08-07T22:25:53","date_gmt":"2025-08-07T20:25:53","guid":{"rendered":"https:\/\/rotary.fi\/d1385\/?page_id=6853"},"modified":"2025-08-08T10:47:11","modified_gmt":"2025-08-08T08:47:11","slug":"rotakids","status":"publish","type":"page","link":"https:\/\/rotary.fi\/d1385\/rotakids\/","title":{"rendered":"RotaKids"},"content":{"rendered":"<p>[et_pb_section fb_built=&#8221;1&#8243; _builder_version=&#8221;4.27.4&#8243; _module_preset=&#8221;default&#8221; background_enable_image=&#8221;off&#8221; global_colors_info=&#8221;{}&#8221;][et_pb_row _builder_version=&#8221;4.27.4&#8243; _module_preset=&#8221;default&#8221; global_colors_info=&#8221;{}&#8221;][et_pb_column type=&#8221;4_4&#8243; _builder_version=&#8221;4.27.4&#8243; _module_preset=&#8221;default&#8221; global_colors_info=&#8221;{}&#8221;][et_pb_text _builder_version=&#8221;4.27.4&#8243; _module_preset=&#8221;default&#8221; global_colors_info=&#8221;{}&#8221;]<\/p>\n<p>&nbsp;<\/p>\n<p><img loading=\"lazy\" decoding=\"async\" class=\"wp-image-6857 alignnone size-full\" src=\"https:\/\/rotary.fi\/d1385\/wp-content\/uploads\/sites\/193\/2025\/08\/rotakids-tiede.jpg\" alt=\"\" width=\"1024\" height=\"709\" srcset=\"https:\/\/rotary.fi\/d1385\/wp-content\/uploads\/sites\/193\/2025\/08\/rotakids-tiede.jpg 1024w, https:\/\/rotary.fi\/d1385\/wp-content\/uploads\/sites\/193\/2025\/08\/rotakids-tiede-980x679.jpg 980w, https:\/\/rotary.fi\/d1385\/wp-content\/uploads\/sites\/193\/2025\/08\/rotakids-tiede-480x332.jpg 480w\" sizes=\"(min-width: 0px) and (max-width: 480px) 480px, (min-width: 481px) and (max-width: 980px) 980px, (min-width: 981px) 1024px, 100vw\" \/><\/p>\n<h3>Mik\u00e4 on RotaKids?<\/h3>\n<p>RotaKids on rotaryklubien ymp\u00e4ri maailmaa j\u00e4rjest\u00e4m\u00e4\u00e4 toimintaa alle 12-vuotiaille lapsille.<\/p>\n<p>Klubien j\u00e4rjest\u00e4m\u00e4t tapahtumat vaihtelevat liikuntaleireist\u00e4 kulttuuriin ja taiteeseen. Joillakin alueilla on toteutettu askarteluty\u00f6pajoja, lukuhetki\u00e4 ja ymp\u00e4rist\u00f6kasvatukseen liittyvi\u00e4 tempauksia.<\/p>\n<p>Lapsille suunnatun toiminnan periaatteina on j\u00e4rjest\u00e4\u00e4 lapsille Rotaryn arvojen mukaista toimintaa ja antaa lapsille mahdollisuus vaikuttaa ja tehd\u00e4 hyv\u00e4\u00e4 omassa yhteis\u00f6ss\u00e4\u00e4n. Samalla opitaan arvostamaan toisia ihmisi\u00e4 ja luontoa.<\/p>\n<p>Lapsille suunnatussa toiminnassa toteutuvat Rotaryn perusajatukset: yst\u00e4vyys, kiusaamisen ehk\u00e4iseminen, sosiaaliset suhteet, aktiivinen kansalaisuus, rauha ja kulttuurien moninaisuus, ymp\u00e4rist\u00f6ty\u00f6 ja luonnon monimuotoisuuden s\u00e4ilytt\u00e4minen, hyv\u00e4 el\u00e4m\u00e4.<\/p>\n<p>Toiminta suunnitellaan yhdess\u00e4 lasten kanssa ja projekteja tehd\u00e4\u00e4n heit\u00e4 kiinnostavista aiheista.<\/p>\n<p>Jos olet kiinnostunut tulemaan mukaan toimintaan ty\u00f6ryhm\u00e4n j\u00e4seneksi tai jos klubisi haluaa j\u00e4rjest\u00e4\u00e4 vaikkapa tapahtuman RotaKids teemalla, otathan yhteytt\u00e4 <a href=\"https:\/\/rotary.fi\/rotakids\/yhteystiedot\/\" target=\"_blank\" rel=\"noopener\">RotaKids ty\u00f6ryhm\u00e4\u00e4n<\/a>. Kerromme mielell\u00e4mme lis\u00e4\u00e4.<\/p>\n<p>Lis\u00e4\u00e4 tietoa saat <a href=\"http:\/\/www.rotary.fi\/rotakids\">uudistetuilta RotaKids nettisivuilta<\/a>\u00a0\u00a0sek\u00e4 s\u00e4hk\u00f6postilla osoitteesta rotakidsfinland@gmail.com<\/p>\n<p>&nbsp;<\/p>\n<p>&nbsp;<\/p>\n<p>&nbsp;<\/p>\n<p>[\/et_pb_text][\/et_pb_column][\/et_pb_row][\/et_pb_section]<\/p>\n","protected":false},"excerpt":{"rendered":"<p>&nbsp; Mik\u00e4 on RotaKids? RotaKids on rotaryklubien ymp\u00e4ri maailmaa j\u00e4rjest\u00e4m\u00e4\u00e4 toimintaa alle 12-vuotiaille lapsille. Klubien j\u00e4rjest\u00e4m\u00e4t tapahtumat vaihtelevat liikuntaleireist\u00e4 kulttuuriin ja taiteeseen. Joillakin alueilla on toteutettu askarteluty\u00f6pajoja, lukuhetki\u00e4 ja ymp\u00e4rist\u00f6kasvatukseen liittyvi\u00e4 tempauksia. Lapsille suunnatun toiminnan periaatteina on j\u00e4rjest\u00e4\u00e4 lapsille Rotaryn arvojen mukaista toimintaa ja antaa lapsille mahdollisuus vaikuttaa ja tehd\u00e4 hyv\u00e4\u00e4 omassa yhteis\u00f6ss\u00e4\u00e4n. Samalla opitaan [&hellip;]<\/p>\n","protected":false},"author":16,"featured_media":0,"parent":0,"menu_order":0,"comment_status":"closed","ping_status":"closed","template":"","meta":{"_acf_changed":false,"_et_pb_use_builder":"on","_et_pb_old_content":"","_et_gb_content_width":"","footnotes":""},"class_list":["post-6853","page","type-page","status-publish","hentry"],"acf":[],"yoast_head":"<!-- This site is optimized with the Yoast SEO plugin v27.4 - https:\/\/yoast.com\/product\/yoast-seo-wordpress\/ -->\n<title>RotaKids - Piiri 1385<\/title>\n<meta name=\"robots\" content=\"index, follow, max-snippet:-1, max-image-preview:large, max-video-preview:-1\" \/>\n<link rel=\"canonical\" href=\"https:\/\/rotary.fi\/d1385\/rotakids\/\" \/>\n<meta property=\"og:locale\" content=\"fi_FI\" \/>\n<meta property=\"og:type\" content=\"article\" \/>\n<meta property=\"og:title\" content=\"RotaKids - Piiri 1385\" \/>\n<meta property=\"og:description\" content=\"&nbsp; Mik\u00e4 on RotaKids? RotaKids on rotaryklubien ymp\u00e4ri maailmaa j\u00e4rjest\u00e4m\u00e4\u00e4 toimintaa alle 12-vuotiaille lapsille. Klubien j\u00e4rjest\u00e4m\u00e4t tapahtumat vaihtelevat liikuntaleireist\u00e4 kulttuuriin ja taiteeseen. Joillakin alueilla on toteutettu askarteluty\u00f6pajoja, lukuhetki\u00e4 ja ymp\u00e4rist\u00f6kasvatukseen liittyvi\u00e4 tempauksia. Lapsille suunnatun toiminnan periaatteina on j\u00e4rjest\u00e4\u00e4 lapsille Rotaryn arvojen mukaista toimintaa ja antaa lapsille mahdollisuus vaikuttaa ja tehd\u00e4 hyv\u00e4\u00e4 omassa yhteis\u00f6ss\u00e4\u00e4n. Samalla opitaan [&hellip;]\" \/>\n<meta property=\"og:url\" content=\"https:\/\/rotary.fi\/d1385\/rotakids\/\" \/>\n<meta property=\"og:site_name\" content=\"Piiri 1385\" \/>\n<meta property=\"article:publisher\" content=\"https:\/\/www.facebook.com\/rotary\/\" \/>\n<meta property=\"article:modified_time\" content=\"2025-08-08T08:47:11+00:00\" \/>\n<meta property=\"og:image\" content=\"https:\/\/rotary.fi\/d1385\/wp-content\/uploads\/sites\/193\/2025\/08\/rotakids-tiede.jpg\" \/>\n\t<meta property=\"og:image:width\" content=\"1024\" \/>\n\t<meta property=\"og:image:height\" content=\"709\" \/>\n\t<meta property=\"og:image:type\" content=\"image\/jpeg\" \/>\n<meta name=\"twitter:card\" content=\"summary_large_image\" \/>\n<meta name=\"twitter:label1\" content=\"Arvioitu lukuaika\" \/>\n\t<meta name=\"twitter:data1\" content=\"1 minuutti\" \/>\n<script type=\"application\/ld+json\" class=\"yoast-schema-graph\">{\"@context\":\"https:\\\/\\\/schema.org\",\"@graph\":[{\"@type\":\"WebPage\",\"@id\":\"https:\\\/\\\/rotary.fi\\\/d1385\\\/rotakids\\\/\",\"url\":\"https:\\\/\\\/rotary.fi\\\/d1385\\\/rotakids\\\/\",\"name\":\"RotaKids - Piiri 1385\",\"isPartOf\":{\"@id\":\"https:\\\/\\\/rotary.fi\\\/d1385\\\/#website\"},\"primaryImageOfPage\":{\"@id\":\"https:\\\/\\\/rotary.fi\\\/d1385\\\/rotakids\\\/#primaryimage\"},\"image\":{\"@id\":\"https:\\\/\\\/rotary.fi\\\/d1385\\\/rotakids\\\/#primaryimage\"},\"thumbnailUrl\":\"https:\\\/\\\/rotary.fi\\\/d1385\\\/wp-content\\\/uploads\\\/sites\\\/193\\\/2025\\\/08\\\/rotakids-tiede.jpg\",\"datePublished\":\"2025-08-07T20:25:53+00:00\",\"dateModified\":\"2025-08-08T08:47:11+00:00\",\"breadcrumb\":{\"@id\":\"https:\\\/\\\/rotary.fi\\\/d1385\\\/rotakids\\\/#breadcrumb\"},\"inLanguage\":\"fi\",\"potentialAction\":[{\"@type\":\"ReadAction\",\"target\":[\"https:\\\/\\\/rotary.fi\\\/d1385\\\/rotakids\\\/\"]}]},{\"@type\":\"ImageObject\",\"inLanguage\":\"fi\",\"@id\":\"https:\\\/\\\/rotary.fi\\\/d1385\\\/rotakids\\\/#primaryimage\",\"url\":\"https:\\\/\\\/rotary.fi\\\/d1385\\\/wp-content\\\/uploads\\\/sites\\\/193\\\/2025\\\/08\\\/rotakids-tiede.jpg\",\"contentUrl\":\"https:\\\/\\\/rotary.fi\\\/d1385\\\/wp-content\\\/uploads\\\/sites\\\/193\\\/2025\\\/08\\\/rotakids-tiede.jpg\",\"width\":1024,\"height\":709},{\"@type\":\"BreadcrumbList\",\"@id\":\"https:\\\/\\\/rotary.fi\\\/d1385\\\/rotakids\\\/#breadcrumb\",\"itemListElement\":[{\"@type\":\"ListItem\",\"position\":1,\"name\":\"Home\",\"item\":\"https:\\\/\\\/rotary.fi\\\/d1385\\\/\"},{\"@type\":\"ListItem\",\"position\":2,\"name\":\"RotaKids\"}]},{\"@type\":\"WebSite\",\"@id\":\"https:\\\/\\\/rotary.fi\\\/d1385\\\/#website\",\"url\":\"https:\\\/\\\/rotary.fi\\\/d1385\\\/\",\"name\":\"Piiri 1385\",\"description\":\"Suomen Rotary\",\"potentialAction\":[{\"@type\":\"SearchAction\",\"target\":{\"@type\":\"EntryPoint\",\"urlTemplate\":\"https:\\\/\\\/rotary.fi\\\/d1385\\\/?s={search_term_string}\"},\"query-input\":{\"@type\":\"PropertyValueSpecification\",\"valueRequired\":true,\"valueName\":\"search_term_string\"}}],\"inLanguage\":\"fi\"}]}<\/script>\n<!-- \/ Yoast SEO plugin. -->","yoast_head_json":{"title":"RotaKids - Piiri 1385","robots":{"index":"index","follow":"follow","max-snippet":"max-snippet:-1","max-image-preview":"max-image-preview:large","max-video-preview":"max-video-preview:-1"},"canonical":"https:\/\/rotary.fi\/d1385\/rotakids\/","og_locale":"fi_FI","og_type":"article","og_title":"RotaKids - Piiri 1385","og_description":"&nbsp; Mik\u00e4 on RotaKids? RotaKids on rotaryklubien ymp\u00e4ri maailmaa j\u00e4rjest\u00e4m\u00e4\u00e4 toimintaa alle 12-vuotiaille lapsille. Klubien j\u00e4rjest\u00e4m\u00e4t tapahtumat vaihtelevat liikuntaleireist\u00e4 kulttuuriin ja taiteeseen. Joillakin alueilla on toteutettu askarteluty\u00f6pajoja, lukuhetki\u00e4 ja ymp\u00e4rist\u00f6kasvatukseen liittyvi\u00e4 tempauksia. Lapsille suunnatun toiminnan periaatteina on j\u00e4rjest\u00e4\u00e4 lapsille Rotaryn arvojen mukaista toimintaa ja antaa lapsille mahdollisuus vaikuttaa ja tehd\u00e4 hyv\u00e4\u00e4 omassa yhteis\u00f6ss\u00e4\u00e4n. Samalla opitaan [&hellip;]","og_url":"https:\/\/rotary.fi\/d1385\/rotakids\/","og_site_name":"Piiri 1385","article_publisher":"https:\/\/www.facebook.com\/rotary\/","article_modified_time":"2025-08-08T08:47:11+00:00","og_image":[{"width":1024,"height":709,"url":"https:\/\/rotary.fi\/d1385\/wp-content\/uploads\/sites\/193\/2025\/08\/rotakids-tiede.jpg","type":"image\/jpeg"}],"twitter_card":"summary_large_image","twitter_misc":{"Arvioitu lukuaika":"1 minuutti"},"schema":{"@context":"https:\/\/schema.org","@graph":[{"@type":"WebPage","@id":"https:\/\/rotary.fi\/d1385\/rotakids\/","url":"https:\/\/rotary.fi\/d1385\/rotakids\/","name":"RotaKids - Piiri 1385","isPartOf":{"@id":"https:\/\/rotary.fi\/d1385\/#website"},"primaryImageOfPage":{"@id":"https:\/\/rotary.fi\/d1385\/rotakids\/#primaryimage"},"image":{"@id":"https:\/\/rotary.fi\/d1385\/rotakids\/#primaryimage"},"thumbnailUrl":"https:\/\/rotary.fi\/d1385\/wp-content\/uploads\/sites\/193\/2025\/08\/rotakids-tiede.jpg","datePublished":"2025-08-07T20:25:53+00:00","dateModified":"2025-08-08T08:47:11+00:00","breadcrumb":{"@id":"https:\/\/rotary.fi\/d1385\/rotakids\/#breadcrumb"},"inLanguage":"fi","potentialAction":[{"@type":"ReadAction","target":["https:\/\/rotary.fi\/d1385\/rotakids\/"]}]},{"@type":"ImageObject","inLanguage":"fi","@id":"https:\/\/rotary.fi\/d1385\/rotakids\/#primaryimage","url":"https:\/\/rotary.fi\/d1385\/wp-content\/uploads\/sites\/193\/2025\/08\/rotakids-tiede.jpg","contentUrl":"https:\/\/rotary.fi\/d1385\/wp-content\/uploads\/sites\/193\/2025\/08\/rotakids-tiede.jpg","width":1024,"height":709},{"@type":"BreadcrumbList","@id":"https:\/\/rotary.fi\/d1385\/rotakids\/#breadcrumb","itemListElement":[{"@type":"ListItem","position":1,"name":"Home","item":"https:\/\/rotary.fi\/d1385\/"},{"@type":"ListItem","position":2,"name":"RotaKids"}]},{"@type":"WebSite","@id":"https:\/\/rotary.fi\/d1385\/#website","url":"https:\/\/rotary.fi\/d1385\/","name":"Piiri 1385","description":"Suomen Rotary","potentialAction":[{"@type":"SearchAction","target":{"@type":"EntryPoint","urlTemplate":"https:\/\/rotary.fi\/d1385\/?s={search_term_string}"},"query-input":{"@type":"PropertyValueSpecification","valueRequired":true,"valueName":"search_term_string"}}],"inLanguage":"fi"}]}},"lang":"fi","translations":{"fi":6853},"pll_sync_post":[],"_links":{"self":[{"href":"https:\/\/rotary.fi\/d1385\/wp-json\/wp\/v2\/pages\/6853","targetHints":{"allow":["GET"]}}],"collection":[{"href":"https:\/\/rotary.fi\/d1385\/wp-json\/wp\/v2\/pages"}],"about":[{"href":"https:\/\/rotary.fi\/d1385\/wp-json\/wp\/v2\/types\/page"}],"author":[{"embeddable":true,"href":"https:\/\/rotary.fi\/d1385\/wp-json\/wp\/v2\/users\/16"}],"replies":[{"embeddable":true,"href":"https:\/\/rotary.fi\/d1385\/wp-json\/wp\/v2\/comments?post=6853"}],"version-history":[{"count":9,"href":"https:\/\/rotary.fi\/d1385\/wp-json\/wp\/v2\/pages\/6853\/revisions"}],"predecessor-version":[{"id":6872,"href":"https:\/\/rotary.fi\/d1385\/wp-json\/wp\/v2\/pages\/6853\/revisions\/6872"}],"wp:attachment":[{"href":"https:\/\/rotary.fi\/d1385\/wp-json\/wp\/v2\/media?parent=6853"}],"curies":[{"name":"wp","href":"https:\/\/api.w.org\/{rel}","templated":true}]}}