{"id":6838,"date":"2025-08-07T14:49:35","date_gmt":"2025-08-07T12:49:35","guid":{"rendered":"https:\/\/rotary.fi\/d1385\/?page_id=6838"},"modified":"2025-08-07T22:09:58","modified_gmt":"2025-08-07T20:09:58","slug":"rotarynorden-lehti","status":"publish","type":"page","link":"https:\/\/rotary.fi\/d1385\/rotarynorden-lehti\/","title":{"rendered":"Rotary Norden &#8211; lehti"},"content":{"rendered":"<p>[et_pb_section fb_built=&#8221;1&#8243; _builder_version=&#8221;4.27.4&#8243; _module_preset=&#8221;default&#8221; global_colors_info=&#8221;{}&#8221;][et_pb_row _builder_version=&#8221;4.27.4&#8243; _module_preset=&#8221;default&#8221; global_colors_info=&#8221;{}&#8221;][et_pb_column type=&#8221;4_4&#8243; _builder_version=&#8221;4.27.4&#8243; _module_preset=&#8221;default&#8221; global_colors_info=&#8221;{}&#8221;][et_pb_text admin_label=&#8221;Teksti&#8221; _builder_version=&#8221;4.27.4&#8243; _module_preset=&#8221;default&#8221; global_colors_info=&#8221;{}&#8221;]<\/p>\n<p><img loading=\"lazy\" decoding=\"async\" class=\"wp-image-6841 size-large aligncenter\" src=\"https:\/\/rotary.fi\/d1385\/wp-content\/uploads\/sites\/193\/2025\/08\/rotary-norden-789x1024.jpg\" alt=\"\" width=\"789\" height=\"1024\" srcset=\"https:\/\/rotary.fi\/d1385\/wp-content\/uploads\/sites\/193\/2025\/08\/rotary-norden-789x1024.jpg 789w, https:\/\/rotary.fi\/d1385\/wp-content\/uploads\/sites\/193\/2025\/08\/rotary-norden-480x623.jpg 480w\" sizes=\"(min-width: 0px) and (max-width: 480px) 480px, (min-width: 481px) 789px, 100vw\" \/><\/p>\n<p>&nbsp;<\/p>\n<h3 class=\"et_pb_module_heading\" style=\"text-align: center\">Rotary Norden -lehti<\/h3>\n<p style=\"text-align: center\">Lue mit\u00e4 Rotary tekee Suomessa ja muissa Pohjoismaissa!<\/p>\n<p style=\"text-align: center\">Rotary Norden on viiden Pohjoismaan yhteinen j\u00e4senlehti, joka ilmestyy s\u00e4hk\u00f6isesti kuusi kertaa vuodessa.<\/p>\n<p style=\"text-align: center\">Jokaisella maalla on omat sivunsa, joissa kerrotaan klubien ja piirien projekteista.<\/p>\n<p style=\"text-align: center\">Lehden voi lukea jokaisella pohjoismaisella kielell\u00e4.<\/p>\n<p>[\/et_pb_text][et_pb_button button_url=&#8221;https:\/\/rotarynorden.e-pages.pub\/titles\/rotaryfinland\/14260&#8243; button_text=&#8221;Lue lehti t\u00e4\u00e4lt\u00e4&#8221; button_alignment=&#8221;center&#8221; admin_label=&#8221;Lue lehti painike&#8221; _builder_version=&#8221;4.27.4&#8243; _module_preset=&#8221;default&#8221; custom_margin=&#8221;40px||40px||false|false&#8221; hover_enabled=&#8221;0&#8243; global_colors_info=&#8221;{}&#8221; sticky_enabled=&#8221;0&#8243;][\/et_pb_button][\/et_pb_column][\/et_pb_row][\/et_pb_section]<\/p>\n","protected":false},"excerpt":{"rendered":"<p>&nbsp; Rotary Norden -lehti Lue mit\u00e4 Rotary tekee Suomessa ja muissa Pohjoismaissa! Rotary Norden on viiden Pohjoismaan yhteinen j\u00e4senlehti, joka ilmestyy s\u00e4hk\u00f6isesti kuusi kertaa vuodessa. Jokaisella maalla on omat sivunsa, joissa kerrotaan klubien ja piirien projekteista. Lehden voi lukea jokaisella pohjoismaisella kielell\u00e4.<\/p>\n","protected":false},"author":16,"featured_media":0,"parent":0,"menu_order":0,"comment_status":"closed","ping_status":"closed","template":"","meta":{"_acf_changed":false,"_et_pb_use_builder":"on","_et_pb_old_content":"","_et_gb_content_width":"","footnotes":""},"class_list":["post-6838","page","type-page","status-publish","hentry"],"acf":[],"yoast_head":"<!-- This site is optimized with the Yoast SEO plugin v27.4 - https:\/\/yoast.com\/product\/yoast-seo-wordpress\/ -->\n<title>Rotary Norden - lehti - Piiri 1385<\/title>\n<meta name=\"robots\" content=\"index, follow, max-snippet:-1, max-image-preview:large, max-video-preview:-1\" \/>\n<link rel=\"canonical\" href=\"https:\/\/rotary.fi\/d1385\/rotarynorden-lehti\/\" \/>\n<meta property=\"og:locale\" content=\"fi_FI\" \/>\n<meta property=\"og:type\" content=\"article\" \/>\n<meta property=\"og:title\" content=\"Rotary Norden - lehti - Piiri 1385\" \/>\n<meta property=\"og:description\" content=\"&nbsp; Rotary Norden -lehti Lue mit\u00e4 Rotary tekee Suomessa ja muissa Pohjoismaissa! Rotary Norden on viiden Pohjoismaan yhteinen j\u00e4senlehti, joka ilmestyy s\u00e4hk\u00f6isesti kuusi kertaa vuodessa. Jokaisella maalla on omat sivunsa, joissa kerrotaan klubien ja piirien projekteista. Lehden voi lukea jokaisella pohjoismaisella kielell\u00e4.\" \/>\n<meta property=\"og:url\" content=\"https:\/\/rotary.fi\/d1385\/rotarynorden-lehti\/\" \/>\n<meta property=\"og:site_name\" content=\"Piiri 1385\" \/>\n<meta property=\"article:publisher\" content=\"https:\/\/www.facebook.com\/rotary\/\" \/>\n<meta property=\"article:modified_time\" content=\"2025-08-07T20:09:58+00:00\" \/>\n<meta property=\"og:image\" content=\"https:\/\/rotary.fi\/d1385\/wp-content\/uploads\/sites\/193\/2025\/08\/rotary-norden.jpg\" \/>\n\t<meta property=\"og:image:width\" content=\"807\" \/>\n\t<meta property=\"og:image:height\" content=\"1047\" \/>\n\t<meta property=\"og:image:type\" content=\"image\/jpeg\" \/>\n<meta name=\"twitter:card\" content=\"summary_large_image\" \/>\n<meta name=\"twitter:label1\" content=\"Arvioitu lukuaika\" \/>\n\t<meta name=\"twitter:data1\" content=\"1 minuutti\" \/>\n<script type=\"application\/ld+json\" class=\"yoast-schema-graph\">{\"@context\":\"https:\\\/\\\/schema.org\",\"@graph\":[{\"@type\":\"WebPage\",\"@id\":\"https:\\\/\\\/rotary.fi\\\/d1385\\\/rotarynorden-lehti\\\/\",\"url\":\"https:\\\/\\\/rotary.fi\\\/d1385\\\/rotarynorden-lehti\\\/\",\"name\":\"Rotary Norden - lehti - Piiri 1385\",\"isPartOf\":{\"@id\":\"https:\\\/\\\/rotary.fi\\\/d1385\\\/#website\"},\"primaryImageOfPage\":{\"@id\":\"https:\\\/\\\/rotary.fi\\\/d1385\\\/rotarynorden-lehti\\\/#primaryimage\"},\"image\":{\"@id\":\"https:\\\/\\\/rotary.fi\\\/d1385\\\/rotarynorden-lehti\\\/#primaryimage\"},\"thumbnailUrl\":\"https:\\\/\\\/rotary.fi\\\/d1385\\\/wp-content\\\/uploads\\\/sites\\\/193\\\/2025\\\/08\\\/rotary-norden-789x1024.jpg\",\"datePublished\":\"2025-08-07T12:49:35+00:00\",\"dateModified\":\"2025-08-07T20:09:58+00:00\",\"breadcrumb\":{\"@id\":\"https:\\\/\\\/rotary.fi\\\/d1385\\\/rotarynorden-lehti\\\/#breadcrumb\"},\"inLanguage\":\"fi\",\"potentialAction\":[{\"@type\":\"ReadAction\",\"target\":[\"https:\\\/\\\/rotary.fi\\\/d1385\\\/rotarynorden-lehti\\\/\"]}]},{\"@type\":\"ImageObject\",\"inLanguage\":\"fi\",\"@id\":\"https:\\\/\\\/rotary.fi\\\/d1385\\\/rotarynorden-lehti\\\/#primaryimage\",\"url\":\"https:\\\/\\\/rotary.fi\\\/d1385\\\/wp-content\\\/uploads\\\/sites\\\/193\\\/2025\\\/08\\\/rotary-norden.jpg\",\"contentUrl\":\"https:\\\/\\\/rotary.fi\\\/d1385\\\/wp-content\\\/uploads\\\/sites\\\/193\\\/2025\\\/08\\\/rotary-norden.jpg\",\"width\":807,\"height\":1047},{\"@type\":\"BreadcrumbList\",\"@id\":\"https:\\\/\\\/rotary.fi\\\/d1385\\\/rotarynorden-lehti\\\/#breadcrumb\",\"itemListElement\":[{\"@type\":\"ListItem\",\"position\":1,\"name\":\"Home\",\"item\":\"https:\\\/\\\/rotary.fi\\\/d1385\\\/\"},{\"@type\":\"ListItem\",\"position\":2,\"name\":\"Rotary Norden &#8211; lehti\"}]},{\"@type\":\"WebSite\",\"@id\":\"https:\\\/\\\/rotary.fi\\\/d1385\\\/#website\",\"url\":\"https:\\\/\\\/rotary.fi\\\/d1385\\\/\",\"name\":\"Piiri 1385\",\"description\":\"Suomen Rotary\",\"potentialAction\":[{\"@type\":\"SearchAction\",\"target\":{\"@type\":\"EntryPoint\",\"urlTemplate\":\"https:\\\/\\\/rotary.fi\\\/d1385\\\/?s={search_term_string}\"},\"query-input\":{\"@type\":\"PropertyValueSpecification\",\"valueRequired\":true,\"valueName\":\"search_term_string\"}}],\"inLanguage\":\"fi\"}]}<\/script>\n<!-- \/ Yoast SEO plugin. -->","yoast_head_json":{"title":"Rotary Norden - lehti - Piiri 1385","robots":{"index":"index","follow":"follow","max-snippet":"max-snippet:-1","max-image-preview":"max-image-preview:large","max-video-preview":"max-video-preview:-1"},"canonical":"https:\/\/rotary.fi\/d1385\/rotarynorden-lehti\/","og_locale":"fi_FI","og_type":"article","og_title":"Rotary Norden - lehti - Piiri 1385","og_description":"&nbsp; Rotary Norden -lehti Lue mit\u00e4 Rotary tekee Suomessa ja muissa Pohjoismaissa! Rotary Norden on viiden Pohjoismaan yhteinen j\u00e4senlehti, joka ilmestyy s\u00e4hk\u00f6isesti kuusi kertaa vuodessa. Jokaisella maalla on omat sivunsa, joissa kerrotaan klubien ja piirien projekteista. Lehden voi lukea jokaisella pohjoismaisella kielell\u00e4.","og_url":"https:\/\/rotary.fi\/d1385\/rotarynorden-lehti\/","og_site_name":"Piiri 1385","article_publisher":"https:\/\/www.facebook.com\/rotary\/","article_modified_time":"2025-08-07T20:09:58+00:00","og_image":[{"width":807,"height":1047,"url":"https:\/\/rotary.fi\/d1385\/wp-content\/uploads\/sites\/193\/2025\/08\/rotary-norden.jpg","type":"image\/jpeg"}],"twitter_card":"summary_large_image","twitter_misc":{"Arvioitu lukuaika":"1 minuutti"},"schema":{"@context":"https:\/\/schema.org","@graph":[{"@type":"WebPage","@id":"https:\/\/rotary.fi\/d1385\/rotarynorden-lehti\/","url":"https:\/\/rotary.fi\/d1385\/rotarynorden-lehti\/","name":"Rotary Norden - lehti - Piiri 1385","isPartOf":{"@id":"https:\/\/rotary.fi\/d1385\/#website"},"primaryImageOfPage":{"@id":"https:\/\/rotary.fi\/d1385\/rotarynorden-lehti\/#primaryimage"},"image":{"@id":"https:\/\/rotary.fi\/d1385\/rotarynorden-lehti\/#primaryimage"},"thumbnailUrl":"https:\/\/rotary.fi\/d1385\/wp-content\/uploads\/sites\/193\/2025\/08\/rotary-norden-789x1024.jpg","datePublished":"2025-08-07T12:49:35+00:00","dateModified":"2025-08-07T20:09:58+00:00","breadcrumb":{"@id":"https:\/\/rotary.fi\/d1385\/rotarynorden-lehti\/#breadcrumb"},"inLanguage":"fi","potentialAction":[{"@type":"ReadAction","target":["https:\/\/rotary.fi\/d1385\/rotarynorden-lehti\/"]}]},{"@type":"ImageObject","inLanguage":"fi","@id":"https:\/\/rotary.fi\/d1385\/rotarynorden-lehti\/#primaryimage","url":"https:\/\/rotary.fi\/d1385\/wp-content\/uploads\/sites\/193\/2025\/08\/rotary-norden.jpg","contentUrl":"https:\/\/rotary.fi\/d1385\/wp-content\/uploads\/sites\/193\/2025\/08\/rotary-norden.jpg","width":807,"height":1047},{"@type":"BreadcrumbList","@id":"https:\/\/rotary.fi\/d1385\/rotarynorden-lehti\/#breadcrumb","itemListElement":[{"@type":"ListItem","position":1,"name":"Home","item":"https:\/\/rotary.fi\/d1385\/"},{"@type":"ListItem","position":2,"name":"Rotary Norden &#8211; lehti"}]},{"@type":"WebSite","@id":"https:\/\/rotary.fi\/d1385\/#website","url":"https:\/\/rotary.fi\/d1385\/","name":"Piiri 1385","description":"Suomen Rotary","potentialAction":[{"@type":"SearchAction","target":{"@type":"EntryPoint","urlTemplate":"https:\/\/rotary.fi\/d1385\/?s={search_term_string}"},"query-input":{"@type":"PropertyValueSpecification","valueRequired":true,"valueName":"search_term_string"}}],"inLanguage":"fi"}]}},"lang":"fi","translations":{"fi":6838},"pll_sync_post":[],"_links":{"self":[{"href":"https:\/\/rotary.fi\/d1385\/wp-json\/wp\/v2\/pages\/6838","targetHints":{"allow":["GET"]}}],"collection":[{"href":"https:\/\/rotary.fi\/d1385\/wp-json\/wp\/v2\/pages"}],"about":[{"href":"https:\/\/rotary.fi\/d1385\/wp-json\/wp\/v2\/types\/page"}],"author":[{"embeddable":true,"href":"https:\/\/rotary.fi\/d1385\/wp-json\/wp\/v2\/users\/16"}],"replies":[{"embeddable":true,"href":"https:\/\/rotary.fi\/d1385\/wp-json\/wp\/v2\/comments?post=6838"}],"version-history":[{"count":8,"href":"https:\/\/rotary.fi\/d1385\/wp-json\/wp\/v2\/pages\/6838\/revisions"}],"predecessor-version":[{"id":6850,"href":"https:\/\/rotary.fi\/d1385\/wp-json\/wp\/v2\/pages\/6838\/revisions\/6850"}],"wp:attachment":[{"href":"https:\/\/rotary.fi\/d1385\/wp-json\/wp\/v2\/media?parent=6838"}],"curies":[{"name":"wp","href":"https:\/\/api.w.org\/{rel}","templated":true}]}}