{"id":676,"date":"2018-04-09T14:11:56","date_gmt":"2018-04-09T12:11:56","guid":{"rendered":"http:\/\/rotary.fi\/piirisivusto\/?page_id=676"},"modified":"2020-06-29T15:54:30","modified_gmt":"2020-06-29T13:54:30","slug":"ajankohtaista","status":"publish","type":"page","link":"https:\/\/rotary.fi\/d1385\/ajankohtaista\/","title":{"rendered":"Ajankohtaista"},"content":{"rendered":"<p>[et_pb_section fb_built=&#8221;1&#8243; module_class=&#8221;sisaltoalue_perus&#8221; _builder_version=&#8221;3.22&#8243; background_size=&#8221;initial&#8221; background_position=&#8221;top_left&#8221; background_repeat=&#8221;repeat&#8221;][et_pb_row custom_padding_last_edited=&#8221;on|phone&#8221; _builder_version=&#8221;3.27.4&#8243; width=&#8221;72%&#8221; custom_padding=&#8221;46.6875px|0px|46.6875px|0px|true|&#8221; custom_padding_tablet=&#8221;&#8221; custom_padding_phone=&#8221;&#8221;][et_pb_column type=&#8221;4_4&#8243; _builder_version=&#8221;3.25&#8243; custom_padding=&#8221;|||&#8221; custom_padding__hover=&#8221;|||&#8221;][et_pb_text admin_label=&#8221;Ajankohtaista -otsikko&#8221; _builder_version=&#8221;3.27.4&#8243; text_orientation=&#8221;center&#8221;]<\/p>\n<h1>Ajankohtaista<\/h1>\n<p>[\/et_pb_text][et_pb_code admin_label=&#8221;Ajankohtaiset uutiset listattuna&#8221; module_class=&#8221;kaikki_ajankohtaiset&#8221; locked=&#8221;off&#8221;]<ul class=\"display-posts-listing\"><li class=\"listing-item\"><a class=\"title\" href=\"https:\/\/rotary.fi\/d1385\/blog\/ajankohtaiset\/pels-2026-koulutusmateriaalit\/\">PELS 2026 koulutusmateriaalit<\/a> <span class=\"date\">25.3. 2026<\/span><\/li><li class=\"listing-item\"><a class=\"title\" href=\"https:\/\/rotary.fi\/d1385\/blog\/ajankohtaiset\/empowering-girls-and-enhancing-equality-with-wash-hankeemme\/\">Empowering girls and enhancing equality with WASH -hankeemme<\/a> <span class=\"date\">17.2. 2026<\/span><\/li><li class=\"listing-item\"><a class=\"title\" href=\"https:\/\/rotary.fi\/d1385\/blog\/ajankohtaiset\/nuorisovaihdon-monipiirin-puheenjohtajan-haku-auki\/\">Nuorisovaihdon Monipiirin puheenjohtajan haku auki<\/a> <span class=\"date\">23.1. 2026<\/span><\/li><li class=\"listing-item\"><a class=\"title\" href=\"https:\/\/rotary.fi\/d1385\/blog\/ajankohtaiset\/nuorisovaihdon-koulutus-24-11-2025\/\">Nuorisovaihdon koulutus 24.11.2025<\/a> <span class=\"date\">9.1. 2026<\/span><\/li><li class=\"listing-item\"><a class=\"title\" href=\"https:\/\/rotary.fi\/d1385\/blog\/ajankohtaiset\/piiriapurahat-2026-27-haettavissa\/\">Piiriapurahat 2026-27 haettavissa<\/a> <span class=\"date\">8.1. 2026<\/span><\/li><li class=\"listing-item\"><a class=\"title\" href=\"https:\/\/rotary.fi\/d1385\/blog\/ajankohtaiset\/rotarypiirin-1385-stipendi-opiskelijavaihtoon-2026-2027\/\">Rotarypiirin 1385 stipendi opiskelijavaihtoon 2026\u20132027<\/a> <span class=\"date\">8.1. 2026<\/span><\/li><li class=\"listing-item\"><a class=\"title\" href=\"https:\/\/rotary.fi\/d1385\/blog\/ajankohtaiset\/uuden-rotarin-koulutus-aineistot\/\">Uuden Rotarin koulutus &#8211; aineistot<\/a> <span class=\"date\">20.11. 2025<\/span><\/li><li class=\"listing-item\"><a class=\"title\" href=\"https:\/\/rotary.fi\/d1385\/blog\/ajankohtaiset\/tulevia-koulutuksia\/\">Tulevia piirin koulutuksia syksyll\u00e4 2025 ja talvella 2026<\/a> <span class=\"date\">31.10. 2025<\/span><\/li><li class=\"listing-item\"><a class=\"title\" href=\"https:\/\/rotary.fi\/d1385\/blog\/ajankohtaiset\/poliolipaskerays-2025\/\">Poliolipasker\u00e4ys 2025<\/a> <span class=\"date\">5.9. 2025<\/span><\/li><li class=\"listing-item\"><a class=\"title\" href=\"https:\/\/rotary.fi\/d1385\/blog\/ajankohtaiset\/kuvernoori-tarmo-kokkolan-elokuun-kuukausikirje\/\">Kuvern\u00f6\u00f6ri Tarmo Kokkolan elokuun kuukausikirje<\/a> <span class=\"date\">18.8. 2025<\/span><\/li><li class=\"listing-item\"><a class=\"title\" href=\"https:\/\/rotary.fi\/d1385\/sv\/blog\/aktuellt\/dg-tarmo-kokkolan-elokuun-kuvernoorikirje\/\">DG Tarmo Kokkolan elokuun kuvern\u00f6\u00f6rikirje<\/a> <span class=\"date\">18.8. 2025<\/span><\/li><li class=\"listing-item\"><a class=\"title\" href=\"https:\/\/rotary.fi\/d1385\/blog\/ajankohtaiset\/vuoden-2025-rotary-peace-fellowships-opintojen-haku-on-kaynnissa\/\">Vuoden 2025 Rotary Peace Fellowships opintojen haku on k\u00e4ynniss\u00e4<\/a> <span class=\"date\">6.3. 2024<\/span><\/li><li class=\"listing-item\"><a class=\"title\" href=\"https:\/\/rotary.fi\/d1385\/blog\/ajankohtaiset\/talla-kaudella-muutoksia-piirirahaston-opiskelijastipendeihin\/\">T\u00e4ll\u00e4 kaudella muutoksia piirirahaston opiskelijastipendeihin<\/a> <span class=\"date\">22.2. 2024<\/span><\/li><li class=\"listing-item\"><a class=\"title\" href=\"https:\/\/rotary.fi\/d1385\/blog\/ajankohtaiset\/helmikuu-on-rauhantutkimuksen-ja-konfliktien-estamisen-kuukausi\/\">Helmikuu on rauhantutkimuksen ja konfliktien est\u00e4misen kuukausi<\/a> <span class=\"date\">6.2. 2024<\/span><\/li><li class=\"listing-item\"><a class=\"title\" href=\"https:\/\/rotary.fi\/d1385\/blog\/ajankohtaiset\/piiriapurahat-2024-2025\/\">Piiriapurahat 2024-2025<\/a> <span class=\"date\">6.2. 2024<\/span><\/li><li class=\"listing-item\"><a class=\"title\" href=\"https:\/\/rotary.fi\/d1385\/blog\/ajankohtaiset\/maailman-poliopaiva-24-10-2023\/\">Maailman poliop\u00e4iv\u00e4 24.10.2023<\/a> <span class=\"date\">7.10. 2023<\/span><\/li><li class=\"listing-item\"><a class=\"title\" href=\"https:\/\/rotary.fi\/d1385\/blog\/ajankohtaiset\/matkatarjous-melbournen-rotary-conventioon-2023\/\">Matkatarjous Melbournen Rotary Conventioon 2023<\/a> <span class=\"date\">10.11. 2022<\/span><\/li><li class=\"listing-item\"><a class=\"title\" href=\"https:\/\/rotary.fi\/d1385\/blog\/ajankohtaiset\/col-2\/\">Rotary Internationalin s\u00e4\u00e4nt\u00f6valtuuskunta (COL)<\/a> <span class=\"date\">3.10. 2022<\/span><\/li><li class=\"listing-item\"><a class=\"title\" href=\"https:\/\/rotary.fi\/d1385\/blog\/ajankohtaiset\/poliolipaskerays-ja-maailman-poliopaiva\/\">Poliolipasker\u00e4ys ja maailman poliop\u00e4iv\u00e4<\/a> <span class=\"date\">20.9. 2022<\/span><\/li><li class=\"listing-item\"><a class=\"title\" href=\"https:\/\/rotary.fi\/d1385\/blog\/ajankohtaiset\/pets-2022-koulutuksen-materiaalit-ja-piirineuvottelun-asiakirjat\/\">PETS 2022 koulutuksen materiaalit ja piirineuvottelun asiakirjat<\/a> <span class=\"date\">11.4. 2022<\/span><\/li><li class=\"listing-item\"><a class=\"title\" href=\"https:\/\/rotary.fi\/d1385\/blog\/ajankohtaiset\/ukrainan-auttamista-yhteistyossa-ruotsalaisten-rotarypiirien-kanssa\/\">Ukrainan auttamista yhteisty\u00f6ss\u00e4 ruotsalaisten rotarypiirien kanssa<\/a> <span class=\"date\">2.3. 2022<\/span><\/li><li class=\"listing-item\"><a class=\"title\" href=\"https:\/\/rotary.fi\/d1385\/blog\/ajankohtaiset\/ukraina\/\">Ukraina<\/a> <span class=\"date\">2.3. 2022<\/span><\/li><li class=\"listing-item\"><a class=\"title\" href=\"https:\/\/rotary.fi\/d1385\/blog\/ajankohtaiset\/tiedote-nuorisovaihtoon-hakeneille\/\">Tiedote nuorisovaihtoon hakeneille<\/a> <span class=\"date\">4.2. 2022<\/span><\/li><li class=\"listing-item\"><a class=\"title\" href=\"https:\/\/rotary.fi\/d1385\/blog\/ajankohtaiset\/tammikuu-2022-on-rotarytoiminnan-vuosikellossa-ammattipalvelun-kuukausi\/\">Maaliskuun teema: Vesi ja saniteettihuolto<\/a> <span class=\"date\">11.1. 2022<\/span><\/li><li class=\"listing-item\"><a class=\"title\" href=\"https:\/\/rotary.fi\/d1385\/blog\/ajankohtaiset\/d-1385-intranet-ja-dgn-kuukausikirjeet\/\">D 1385 INTRANET JA DG:N KUUKAUSIKIRJEET<\/a> <span class=\"date\">12.11. 2021<\/span><\/li><li class=\"listing-item\"><a class=\"title\" href=\"https:\/\/rotary.fi\/d1385\/blog\/ajankohtaiset\/col\/\">Rotary Internationalin S\u00e4\u00e4nt\u00f6valtuuskunta 2020-23<\/a> <span class=\"date\">11.10. 2021<\/span><\/li><li class=\"listing-item\"><a class=\"title\" href=\"https:\/\/rotary.fi\/d1385\/blog\/ajankohtaiset\/d-1385-syysseminaari-30-10-2021\/\">D 1385 SYYSSEMINAARI 30.10.2021<\/a> <span class=\"date\">25.9. 2021<\/span><\/li><li class=\"listing-item\"><a class=\"title\" href=\"https:\/\/rotary.fi\/d1385\/blog\/ajankohtaiset\/ri-president-shekhar-mehtan-kirje-3-8-2021\/\">RI President Shekhar Mehtan kirje, 3.8.2021<\/a> <span class=\"date\">7.8. 2021<\/span><\/li><li class=\"listing-item\"><a class=\"title\" href=\"https:\/\/rotary.fi\/d1385\/blog\/ajankohtaiset\/matkatarjous-rotary-international-convention-4-8-june-2022-houston-texas\/\">Matkatarjous: Rotary International Convention, 4-8- June, 2022, Houston Texas<\/a> <span class=\"date\">29.7. 2021<\/span><\/li><li class=\"listing-item\"><a class=\"title\" href=\"https:\/\/rotary.fi\/d1385\/blog\/ajankohtaiset\/rotarypiirien-konferenssi-15-5-2021\/\">Tallenne: Rotarypiirien konferenssi 15.5.2021<\/a> <span class=\"date\">15.5. 2021<\/span><\/li><li class=\"listing-item\"><a class=\"title\" href=\"https:\/\/rotary.fi\/d1385\/blog\/ajankohtaiset\/d-1385-piirineuvottelun-20-3-2021-poytakirja-liitteineen-mm-organisaatio\/\">D 1385 Piirineuvottelun 20.3.2021 p\u00f6yt\u00e4kirja liitteineen (mm. organisaatio)<\/a> <span class=\"date\">24.3. 2021<\/span><\/li><li class=\"listing-item\"><a class=\"title\" href=\"https:\/\/rotary.fi\/d1385\/blog\/ajankohtaiset\/rotarien-zoom-koulutukset-alkoivat-tule-mukaan\/\">Rotarien tapahtumat jatkuvat &#8211; tule mukaan!<\/a> <span class=\"date\">9.2. 2021<\/span><\/li><li class=\"listing-item\"><a class=\"title\" href=\"https:\/\/rotary.fi\/d1385\/blog\/ajankohtaiset\/rotaryn-facebook-viestinnan-ohjeet\/\">Rotaryn Facebook-viestinn\u00e4n ohjeet<\/a> <span class=\"date\">30.11. 2020<\/span><\/li><li class=\"listing-item\"><a class=\"title\" href=\"https:\/\/rotary.fi\/d1385\/blog\/ajankohtaiset\/meri-oulun-rotaryklubi-lahjoitti-oulun-keskussairaalalle\/\">Meri-Oulun Rotaryklubi lahjoitti Oulun keskussairaalalle<\/a> <span class=\"date\">25.11. 2020<\/span><\/li><li class=\"listing-item\"><a class=\"title\" href=\"https:\/\/rotary.fi\/d1385\/blog\/ajankohtaiset\/nli-material\/\">Oulun Northern Lights Instituutin esitysmateriaalit<\/a> <span class=\"date\">12.11. 2020<\/span><\/li><li class=\"listing-item\"><a class=\"title\" href=\"https:\/\/rotary.fi\/d1385\/sv\/blog\/aktuellt\/dags-boka-resa-till-convention-i-taipei\/\">Dags boka resa till Convention i Taipei<\/a> <span class=\"date\">14.9. 2020<\/span><\/li><li class=\"listing-item\"><a class=\"title\" href=\"https:\/\/rotary.fi\/d1385\/blog\/ajankohtaiset\/aika-varata-matka-taipein-conventioniin\/\">L\u00e4ht\u00f6 Kokkolasta Taipeihin peruuntui\u00a0<\/a> <span class=\"date\">14.9. 2020<\/span><\/li><li class=\"listing-item\"><a class=\"title\" href=\"https:\/\/rotary.fi\/d1385\/blog\/ajankohtaiset\/kuudesta-tuli-viisi-lue-rotary-nordenista\/\">Kuudesta tuli viisi &#8211; lue Rotary Nordenista<\/a> <span class=\"date\">3.7. 2020<\/span><\/li><li class=\"listing-item\"><a class=\"title\" href=\"https:\/\/rotary.fi\/d1385\/blog\/ajankohtaiset\/northern-lights-institute-ri-zones-17-18-oulussa-11-13-9-2020\/\">Northern Lights Institute RI Zones 17 and 18 Oulu, Finland 11. &#8211; 13.9.2020<\/a> <span class=\"date\">30.6. 2020<\/span><\/li><li class=\"listing-item\"><a class=\"title\" href=\"https:\/\/rotary.fi\/d1385\/blog\/ajankohtaiset\/pets-koulutusohjelma-klubitoimihenkiloille-pidetaan-kalajoella-15-16-8-2020\/\">JatkoPETS-koulutusohjelma klubitoimihenkil\u00f6ille pidet\u00e4\u00e4n Kalajoella 15.-16.8.2020<\/a> <span class=\"date\">30.6. 2020<\/span><\/li><li class=\"listing-item\"><a class=\"title\" href=\"https:\/\/rotary.fi\/d1385\/blog\/ajankohtaiset\/ovet-avoimina-mahdollisuuksille-teema-kaudelle-2020-2021\/\">Ovet avoimina mahdollisuuksille! Teema kaudelle 2020-2021<\/a> <span class=\"date\">28.6. 2020<\/span><\/li><li class=\"listing-item\"><a class=\"title\" href=\"https:\/\/rotary.fi\/d1385\/blog\/ajankohtaiset\/etakokouksia-eri-puolilla-piiria\/\">Et\u00e4kokouksia eri puolilla piiri\u00e4<\/a> <span class=\"date\">28.6. 2020<\/span><\/li><li class=\"listing-item\"><a class=\"title\" href=\"https:\/\/rotary.fi\/d1385\/en\/blog\/news\/district-and-club-websites-renewed\/\">District and club websites renewed<\/a> <span class=\"date\">28.8. 2019<\/span><\/li><li class=\"listing-item\"><a class=\"title\" href=\"https:\/\/rotary.fi\/d1385\/en\/blog\/news\/theme-2019-2020\/\">Theme 2019-2020<\/a> <span class=\"date\">28.8. 2019<\/span><\/li><\/ul>[\/et_pb_code][et_pb_social_media_follow _builder_version=&#8221;3.27.4&#8243;][\/et_pb_social_media_follow][\/et_pb_column][\/et_pb_row][\/et_pb_section][et_pb_section fb_built=&#8221;1&#8243; _builder_version=&#8221;4.4.8&#8243;][\/et_pb_section]<\/p>\n","protected":false},"excerpt":{"rendered":"<p>[et_pb_section fb_built=&#8221;1&#8243; module_class=&#8221;sisaltoalue_perus&#8221; _builder_version=&#8221;3.22&#8243; background_size=&#8221;initial&#8221; background_position=&#8221;top_left&#8221; background_repeat=&#8221;repeat&#8221;][et_pb_row custom_padding_last_edited=&#8221;on|phone&#8221; _builder_version=&#8221;3.27.4&#8243; width=&#8221;72%&#8221; custom_padding=&#8221;46.6875px|0px|46.6875px|0px|true|&#8221; custom_padding_tablet=&#8221;&#8221; custom_padding_phone=&#8221;&#8221;][et_pb_column type=&#8221;4_4&#8243; _builder_version=&#8221;3.25&#8243; custom_padding=&#8221;|||&#8221; custom_padding__hover=&#8221;|||&#8221;][et_pb_text admin_label=&#8221;Ajankohtaista -otsikko&#8221; _builder_version=&#8221;3.27.4&#8243; text_orientation=&#8221;center&#8221;] Ajankohtaista [\/et_pb_text][et_pb_code admin_label=&#8221;Ajankohtaiset uutiset listattuna&#8221; module_class=&#8221;kaikki_ajankohtaiset&#8221; locked=&#8221;off&#8221;][\/et_pb_code][et_pb_social_media_follow _builder_version=&#8221;3.27.4&#8243;][\/et_pb_social_media_follow][\/et_pb_column][\/et_pb_row][\/et_pb_section][et_pb_section fb_built=&#8221;1&#8243; _builder_version=&#8221;4.4.8&#8243;][\/et_pb_section]<\/p>\n","protected":false},"author":1,"featured_media":0,"parent":0,"menu_order":4,"comment_status":"closed","ping_status":"closed","template":"","meta":{"_acf_changed":false,"_et_pb_use_builder":"on","_et_pb_old_content":"","_et_gb_content_width":"","footnotes":""},"class_list":["post-676","page","type-page","status-publish","hentry"],"acf":[],"yoast_head":"<!-- This site is optimized with the Yoast SEO plugin v27.0 - https:\/\/yoast.com\/product\/yoast-seo-wordpress\/ -->\n<title>Ajankohtaista - Piiri 1385<\/title>\n<meta name=\"robots\" content=\"index, follow, max-snippet:-1, max-image-preview:large, max-video-preview:-1\" \/>\n<link rel=\"canonical\" href=\"https:\/\/rotary.fi\/d1385\/ajankohtaista\/\" \/>\n<meta property=\"og:locale\" content=\"fi_FI\" \/>\n<meta property=\"og:type\" content=\"article\" \/>\n<meta property=\"og:title\" content=\"Ajankohtaista - Piiri 1385\" \/>\n<meta property=\"og:description\" content=\"[et_pb_section fb_built=&#8221;1&#8243; module_class=&#8221;sisaltoalue_perus&#8221; _builder_version=&#8221;3.22&#8243; background_size=&#8221;initial&#8221; background_position=&#8221;top_left&#8221; background_repeat=&#8221;repeat&#8221;][et_pb_row custom_padding_last_edited=&#8221;on|phone&#8221; _builder_version=&#8221;3.27.4&#8243; width=&#8221;72%&#8221; custom_padding=&#8221;46.6875px|0px|46.6875px|0px|true|&#8221; custom_padding_tablet=&#8221;&#8221; custom_padding_phone=&#8221;&#8221;][et_pb_column type=&#8221;4_4&#8243; _builder_version=&#8221;3.25&#8243; custom_padding=&#8221;|||&#8221; custom_padding__hover=&#8221;|||&#8221;][et_pb_text admin_label=&#8221;Ajankohtaista -otsikko&#8221; _builder_version=&#8221;3.27.4&#8243; text_orientation=&#8221;center&#8221;] Ajankohtaista [\/et_pb_text][et_pb_code admin_label=&#8221;Ajankohtaiset uutiset listattuna&#8221; module_class=&#8221;kaikki_ajankohtaiset&#8221; locked=&#8221;off&#8221;][\/et_pb_code][et_pb_social_media_follow _builder_version=&#8221;3.27.4&#8243;][\/et_pb_social_media_follow][\/et_pb_column][\/et_pb_row][\/et_pb_section][et_pb_section fb_built=&#8221;1&#8243; _builder_version=&#8221;4.4.8&#8243;][\/et_pb_section]\" \/>\n<meta property=\"og:url\" content=\"https:\/\/rotary.fi\/d1385\/ajankohtaista\/\" \/>\n<meta property=\"og:site_name\" content=\"Piiri 1385\" \/>\n<meta property=\"article:publisher\" content=\"https:\/\/www.facebook.com\/rotary\/\" \/>\n<meta property=\"article:modified_time\" content=\"2020-06-29T13:54:30+00:00\" \/>\n<meta name=\"twitter:card\" content=\"summary_large_image\" \/>\n<meta name=\"twitter:label1\" content=\"Arvioitu lukuaika\" \/>\n\t<meta name=\"twitter:data1\" content=\"1 minuutti\" \/>\n<script type=\"application\/ld+json\" class=\"yoast-schema-graph\">{\"@context\":\"https:\/\/schema.org\",\"@graph\":[{\"@type\":\"WebPage\",\"@id\":\"https:\/\/rotary.fi\/d1385\/ajankohtaista\/\",\"url\":\"https:\/\/rotary.fi\/d1385\/ajankohtaista\/\",\"name\":\"Ajankohtaista - Piiri 1385\",\"isPartOf\":{\"@id\":\"https:\/\/rotary.fi\/d1385\/#website\"},\"datePublished\":\"2018-04-09T12:11:56+00:00\",\"dateModified\":\"2020-06-29T13:54:30+00:00\",\"breadcrumb\":{\"@id\":\"https:\/\/rotary.fi\/d1385\/ajankohtaista\/#breadcrumb\"},\"inLanguage\":\"fi\",\"potentialAction\":[{\"@type\":\"ReadAction\",\"target\":[\"https:\/\/rotary.fi\/d1385\/ajankohtaista\/\"]}]},{\"@type\":\"BreadcrumbList\",\"@id\":\"https:\/\/rotary.fi\/d1385\/ajankohtaista\/#breadcrumb\",\"itemListElement\":[{\"@type\":\"ListItem\",\"position\":1,\"name\":\"Home\",\"item\":\"https:\/\/rotary.fi\/d1385\/\"},{\"@type\":\"ListItem\",\"position\":2,\"name\":\"Ajankohtaista\"}]},{\"@type\":\"WebSite\",\"@id\":\"https:\/\/rotary.fi\/d1385\/#website\",\"url\":\"https:\/\/rotary.fi\/d1385\/\",\"name\":\"Piiri 1385\",\"description\":\"Suomen Rotary\",\"potentialAction\":[{\"@type\":\"SearchAction\",\"target\":{\"@type\":\"EntryPoint\",\"urlTemplate\":\"https:\/\/rotary.fi\/d1385\/?s={search_term_string}\"},\"query-input\":{\"@type\":\"PropertyValueSpecification\",\"valueRequired\":true,\"valueName\":\"search_term_string\"}}],\"inLanguage\":\"fi\"}]}<\/script>\n<!-- \/ Yoast SEO plugin. -->","yoast_head_json":{"title":"Ajankohtaista - Piiri 1385","robots":{"index":"index","follow":"follow","max-snippet":"max-snippet:-1","max-image-preview":"max-image-preview:large","max-video-preview":"max-video-preview:-1"},"canonical":"https:\/\/rotary.fi\/d1385\/ajankohtaista\/","og_locale":"fi_FI","og_type":"article","og_title":"Ajankohtaista - Piiri 1385","og_description":"[et_pb_section fb_built=&#8221;1&#8243; module_class=&#8221;sisaltoalue_perus&#8221; _builder_version=&#8221;3.22&#8243; background_size=&#8221;initial&#8221; background_position=&#8221;top_left&#8221; background_repeat=&#8221;repeat&#8221;][et_pb_row custom_padding_last_edited=&#8221;on|phone&#8221; _builder_version=&#8221;3.27.4&#8243; width=&#8221;72%&#8221; custom_padding=&#8221;46.6875px|0px|46.6875px|0px|true|&#8221; custom_padding_tablet=&#8221;&#8221; custom_padding_phone=&#8221;&#8221;][et_pb_column type=&#8221;4_4&#8243; _builder_version=&#8221;3.25&#8243; custom_padding=&#8221;|||&#8221; custom_padding__hover=&#8221;|||&#8221;][et_pb_text admin_label=&#8221;Ajankohtaista -otsikko&#8221; _builder_version=&#8221;3.27.4&#8243; text_orientation=&#8221;center&#8221;] Ajankohtaista [\/et_pb_text][et_pb_code admin_label=&#8221;Ajankohtaiset uutiset listattuna&#8221; module_class=&#8221;kaikki_ajankohtaiset&#8221; locked=&#8221;off&#8221;][\/et_pb_code][et_pb_social_media_follow _builder_version=&#8221;3.27.4&#8243;][\/et_pb_social_media_follow][\/et_pb_column][\/et_pb_row][\/et_pb_section][et_pb_section fb_built=&#8221;1&#8243; _builder_version=&#8221;4.4.8&#8243;][\/et_pb_section]","og_url":"https:\/\/rotary.fi\/d1385\/ajankohtaista\/","og_site_name":"Piiri 1385","article_publisher":"https:\/\/www.facebook.com\/rotary\/","article_modified_time":"2020-06-29T13:54:30+00:00","twitter_card":"summary_large_image","twitter_misc":{"Arvioitu lukuaika":"1 minuutti"},"schema":{"@context":"https:\/\/schema.org","@graph":[{"@type":"WebPage","@id":"https:\/\/rotary.fi\/d1385\/ajankohtaista\/","url":"https:\/\/rotary.fi\/d1385\/ajankohtaista\/","name":"Ajankohtaista - Piiri 1385","isPartOf":{"@id":"https:\/\/rotary.fi\/d1385\/#website"},"datePublished":"2018-04-09T12:11:56+00:00","dateModified":"2020-06-29T13:54:30+00:00","breadcrumb":{"@id":"https:\/\/rotary.fi\/d1385\/ajankohtaista\/#breadcrumb"},"inLanguage":"fi","potentialAction":[{"@type":"ReadAction","target":["https:\/\/rotary.fi\/d1385\/ajankohtaista\/"]}]},{"@type":"BreadcrumbList","@id":"https:\/\/rotary.fi\/d1385\/ajankohtaista\/#breadcrumb","itemListElement":[{"@type":"ListItem","position":1,"name":"Home","item":"https:\/\/rotary.fi\/d1385\/"},{"@type":"ListItem","position":2,"name":"Ajankohtaista"}]},{"@type":"WebSite","@id":"https:\/\/rotary.fi\/d1385\/#website","url":"https:\/\/rotary.fi\/d1385\/","name":"Piiri 1385","description":"Suomen Rotary","potentialAction":[{"@type":"SearchAction","target":{"@type":"EntryPoint","urlTemplate":"https:\/\/rotary.fi\/d1385\/?s={search_term_string}"},"query-input":{"@type":"PropertyValueSpecification","valueRequired":true,"valueName":"search_term_string"}}],"inLanguage":"fi"}]}},"lang":"fi","translations":{"fi":676,"sv":2755,"en":3044},"pll_sync_post":[],"_links":{"self":[{"href":"https:\/\/rotary.fi\/d1385\/wp-json\/wp\/v2\/pages\/676","targetHints":{"allow":["GET"]}}],"collection":[{"href":"https:\/\/rotary.fi\/d1385\/wp-json\/wp\/v2\/pages"}],"about":[{"href":"https:\/\/rotary.fi\/d1385\/wp-json\/wp\/v2\/types\/page"}],"author":[{"embeddable":true,"href":"https:\/\/rotary.fi\/d1385\/wp-json\/wp\/v2\/users\/1"}],"replies":[{"embeddable":true,"href":"https:\/\/rotary.fi\/d1385\/wp-json\/wp\/v2\/comments?post=676"}],"version-history":[{"count":32,"href":"https:\/\/rotary.fi\/d1385\/wp-json\/wp\/v2\/pages\/676\/revisions"}],"predecessor-version":[{"id":4228,"href":"https:\/\/rotary.fi\/d1385\/wp-json\/wp\/v2\/pages\/676\/revisions\/4228"}],"wp:attachment":[{"href":"https:\/\/rotary.fi\/d1385\/wp-json\/wp\/v2\/media?parent=676"}],"curies":[{"name":"wp","href":"https:\/\/api.w.org\/{rel}","templated":true}]}}