{"id":656,"date":"2018-04-09T13:41:22","date_gmt":"2018-04-09T11:41:22","guid":{"rendered":"http:\/\/rotary.fi\/piirisivusto\/?page_id=656"},"modified":"2024-07-08T15:32:13","modified_gmt":"2024-07-08T13:32:13","slug":"mita-teemme","status":"publish","type":"page","link":"https:\/\/rotary.fi\/d1385\/mita-teemme\/","title":{"rendered":"Mit\u00e4 teemme"},"content":{"rendered":"<p>[et_pb_section fb_built=&#8221;1&#8243; module_class=&#8221;jumbotron-page&#8221; _builder_version=&#8221;4.16&#8243; background_image=&#8221;https:\/\/rotary.fi\/piirisivusto\/wp-content\/uploads\/sites\/193\/2018\/04\/paakuva_rauhantyo.jpg&#8221; custom_padding=&#8221;79px|||||&#8221; global_colors_info=&#8221;{}&#8221;][et_pb_row module_class=&#8221; et_pb_row_fullwidth&#8221; _builder_version=&#8221;4.16&#8243; width=&#8221;89%&#8221; width_tablet=&#8221;80%&#8221; width_phone=&#8221;&#8221; width_last_edited=&#8221;on|desktop&#8221; max_width=&#8221;89%&#8221; max_width_tablet=&#8221;80%&#8221; max_width_phone=&#8221;&#8221; max_width_last_edited=&#8221;on|desktop&#8221; make_fullwidth=&#8221;on&#8221; global_colors_info=&#8221;{}&#8221;][et_pb_column type=&#8221;4_4&#8243; _builder_version=&#8221;4.16&#8243; custom_padding=&#8221;|||&#8221; global_colors_info=&#8221;{}&#8221; custom_padding__hover=&#8221;|||&#8221;][et_pb_text admin_label=&#8221;Mit\u00e4 teemme -otsikko&#8221; _builder_version=&#8221;4.16&#8243; text_orientation=&#8221;center&#8221; background_layout=&#8221;dark&#8221; locked=&#8221;off&#8221; collapsed=&#8221;off&#8221; global_colors_info=&#8221;{}&#8221;]<\/p>\n<h1><span>M\u00e4\u00e4r\u00e4tietoista ty\u00f6t\u00e4, jotta maailmasta tulisi parempi paikka el\u00e4\u00e4<\/span><\/h1>\n<p>[\/et_pb_text][\/et_pb_column][\/et_pb_row][\/et_pb_section][et_pb_section fb_built=&#8221;1&#8243; module_class=&#8221;sisaltoalue_perus&#8221; _builder_version=&#8221;4.16&#8243; custom_margin=&#8221;||40px|&#8221; global_colors_info=&#8221;{}&#8221;][et_pb_row custom_padding_last_edited=&#8221;on|phone&#8221; _builder_version=&#8221;4.16&#8243; custom_padding_tablet=&#8221;&#8221; custom_padding_phone=&#8221;&#8221; global_colors_info=&#8221;{}&#8221;][et_pb_column type=&#8221;4_4&#8243; _builder_version=&#8221;4.16&#8243; custom_padding=&#8221;|||&#8221; global_colors_info=&#8221;{}&#8221; custom_padding__hover=&#8221;|||&#8221;][et_pb_text admin_label=&#8221;Mit\u00e4 teemme -otsikko&#8221; _builder_version=&#8221;4.16&#8243; text_orientation=&#8221;center&#8221; global_colors_info=&#8221;{}&#8221;]<\/p>\n<h1>Mit\u00e4 teemme<\/h1>\n<p>[\/et_pb_text][et_pb_text _builder_version=&#8221;4.16&#8243; custom_padding=&#8221;5px|||||&#8221; global_colors_info=&#8221;{}&#8221;]<\/p>\n<p>Rotary tekee m\u00e4\u00e4r\u00e4tietoista ty\u00f6t\u00e4, jotta maailmasta tulisi parempi paikka el\u00e4\u00e4. Kehit\u00e4mme kansainv\u00e4lisi\u00e4 suhteita ja rakennamme rauhaa, parannamme monin tavoin ihmisten el\u00e4m\u00e4\u00e4 ja torjumme sairauksia.<\/p>\n<p><span style=\"font-size: 16px\">Rotareilla on paikallisia palveluprojekteja ja yhdess\u00e4 toisten klubien kanssa my\u00f6s kansainv\u00e4lisi\u00e4 projekteja, joilla halutaan vaikuttaa t\u00e4m\u00e4n p\u00e4iv\u00e4n akuutteihin haasteisiin. Rotarina sinulla on mahdollisuus toimia ja vaikuttaa sek\u00e4 kasvaa ja kehitty\u00e4 ihmisen\u00e4. Samalla saat mahtavan sosiaalisen verkoston ja elinik\u00e4isi\u00e4 yst\u00e4vi\u00e4.<\/span><\/p>\n<div class=\"et_pb_module et_pb_text et_pb_text_4  et_pb_text_align_left et_pb_bg_layout_light\">\n<div class=\"et_pb_text_inner\">\n<p>Viikkokokouksissa (noin tunti) viemme asioita eteenp\u00e4in ja kuulemme ajankohtaisia esitelmi\u00e4.<\/p>\n<div class=\"et_pb_module et_pb_text et_pb_text_3  et_pb_text_align_left et_pb_bg_layout_light\" style=\"margin-bottom: 27px;font-size: 16px;background-size: cover;background-color: #ffffff\">\n<div class=\"et_pb_text_inner\" style=\"font-size: 16px\">\n<p style=\"font-size: 16px\">\n<\/div>\n<\/div>\n<\/div>\n<\/div>\n<p><iframe loading=\"lazy\" title=\"How to become a Rotarian\" width=\"1080\" height=\"608\" src=\"https:\/\/www.youtube.com\/embed\/t_WtH-RTagQ?feature=oembed\" frameborder=\"0\" allow=\"accelerometer; autoplay; encrypted-media; gyroscope; picture-in-picture\" allowfullscreen><\/iframe><\/p>\n<p>[\/et_pb_text][\/et_pb_column][\/et_pb_row][\/et_pb_section]<\/p>\n","protected":false},"excerpt":{"rendered":"<p>M\u00e4\u00e4r\u00e4tietoista ty\u00f6t\u00e4, jotta maailmasta tulisi parempi paikka el\u00e4\u00e4Mit\u00e4 teemme Rotary tekee m\u00e4\u00e4r\u00e4tietoista ty\u00f6t\u00e4, jotta maailmasta tulisi parempi paikka el\u00e4\u00e4. Kehit\u00e4mme kansainv\u00e4lisi\u00e4 suhteita ja rakennamme rauhaa, parannamme monin tavoin ihmisten el\u00e4m\u00e4\u00e4 ja torjumme sairauksia. Rotareilla on paikallisia palveluprojekteja ja yhdess\u00e4 toisten klubien kanssa my\u00f6s kansainv\u00e4lisi\u00e4 projekteja, joilla halutaan vaikuttaa t\u00e4m\u00e4n p\u00e4iv\u00e4n akuutteihin haasteisiin. Rotarina sinulla on [&hellip;]<\/p>\n","protected":false},"author":1,"featured_media":0,"parent":0,"menu_order":2,"comment_status":"closed","ping_status":"closed","template":"","meta":{"_acf_changed":false,"_et_pb_use_builder":"on","_et_pb_old_content":"","_et_gb_content_width":"","footnotes":""},"class_list":["post-656","page","type-page","status-publish","hentry"],"acf":[],"yoast_head":"<!-- This site is optimized with the Yoast SEO plugin v27.0 - https:\/\/yoast.com\/product\/yoast-seo-wordpress\/ -->\n<title>Mit\u00e4 teemme - Piiri 1385<\/title>\n<meta name=\"robots\" content=\"index, follow, max-snippet:-1, max-image-preview:large, max-video-preview:-1\" \/>\n<link rel=\"canonical\" href=\"https:\/\/rotary.fi\/d1385\/mita-teemme\/\" \/>\n<meta property=\"og:locale\" content=\"fi_FI\" \/>\n<meta property=\"og:type\" content=\"article\" \/>\n<meta property=\"og:title\" content=\"Mit\u00e4 teemme - Piiri 1385\" \/>\n<meta property=\"og:description\" content=\"M\u00e4\u00e4r\u00e4tietoista ty\u00f6t\u00e4, jotta maailmasta tulisi parempi paikka el\u00e4\u00e4Mit\u00e4 teemme Rotary tekee m\u00e4\u00e4r\u00e4tietoista ty\u00f6t\u00e4, jotta maailmasta tulisi parempi paikka el\u00e4\u00e4. Kehit\u00e4mme kansainv\u00e4lisi\u00e4 suhteita ja rakennamme rauhaa, parannamme monin tavoin ihmisten el\u00e4m\u00e4\u00e4 ja torjumme sairauksia. Rotareilla on paikallisia palveluprojekteja ja yhdess\u00e4 toisten klubien kanssa my\u00f6s kansainv\u00e4lisi\u00e4 projekteja, joilla halutaan vaikuttaa t\u00e4m\u00e4n p\u00e4iv\u00e4n akuutteihin haasteisiin. Rotarina sinulla on [&hellip;]\" \/>\n<meta property=\"og:url\" content=\"https:\/\/rotary.fi\/d1385\/mita-teemme\/\" \/>\n<meta property=\"og:site_name\" content=\"Piiri 1385\" \/>\n<meta property=\"article:publisher\" content=\"https:\/\/www.facebook.com\/rotary\/\" \/>\n<meta property=\"article:modified_time\" content=\"2024-07-08T13:32:13+00:00\" \/>\n<meta name=\"twitter:card\" content=\"summary_large_image\" \/>\n<meta name=\"twitter:label1\" content=\"Arvioitu lukuaika\" \/>\n\t<meta name=\"twitter:data1\" content=\"2 minuuttia\" \/>\n<script type=\"application\/ld+json\" class=\"yoast-schema-graph\">{\"@context\":\"https:\/\/schema.org\",\"@graph\":[{\"@type\":\"WebPage\",\"@id\":\"https:\/\/rotary.fi\/d1385\/mita-teemme\/\",\"url\":\"https:\/\/rotary.fi\/d1385\/mita-teemme\/\",\"name\":\"Mit\u00e4 teemme - Piiri 1385\",\"isPartOf\":{\"@id\":\"https:\/\/rotary.fi\/d1385\/#website\"},\"datePublished\":\"2018-04-09T11:41:22+00:00\",\"dateModified\":\"2024-07-08T13:32:13+00:00\",\"breadcrumb\":{\"@id\":\"https:\/\/rotary.fi\/d1385\/mita-teemme\/#breadcrumb\"},\"inLanguage\":\"fi\",\"potentialAction\":[{\"@type\":\"ReadAction\",\"target\":[\"https:\/\/rotary.fi\/d1385\/mita-teemme\/\"]}]},{\"@type\":\"BreadcrumbList\",\"@id\":\"https:\/\/rotary.fi\/d1385\/mita-teemme\/#breadcrumb\",\"itemListElement\":[{\"@type\":\"ListItem\",\"position\":1,\"name\":\"Home\",\"item\":\"https:\/\/rotary.fi\/d1385\/\"},{\"@type\":\"ListItem\",\"position\":2,\"name\":\"Mit\u00e4 teemme\"}]},{\"@type\":\"WebSite\",\"@id\":\"https:\/\/rotary.fi\/d1385\/#website\",\"url\":\"https:\/\/rotary.fi\/d1385\/\",\"name\":\"Piiri 1385\",\"description\":\"Suomen Rotary\",\"potentialAction\":[{\"@type\":\"SearchAction\",\"target\":{\"@type\":\"EntryPoint\",\"urlTemplate\":\"https:\/\/rotary.fi\/d1385\/?s={search_term_string}\"},\"query-input\":{\"@type\":\"PropertyValueSpecification\",\"valueRequired\":true,\"valueName\":\"search_term_string\"}}],\"inLanguage\":\"fi\"}]}<\/script>\n<!-- \/ Yoast SEO plugin. -->","yoast_head_json":{"title":"Mit\u00e4 teemme - Piiri 1385","robots":{"index":"index","follow":"follow","max-snippet":"max-snippet:-1","max-image-preview":"max-image-preview:large","max-video-preview":"max-video-preview:-1"},"canonical":"https:\/\/rotary.fi\/d1385\/mita-teemme\/","og_locale":"fi_FI","og_type":"article","og_title":"Mit\u00e4 teemme - Piiri 1385","og_description":"M\u00e4\u00e4r\u00e4tietoista ty\u00f6t\u00e4, jotta maailmasta tulisi parempi paikka el\u00e4\u00e4Mit\u00e4 teemme Rotary tekee m\u00e4\u00e4r\u00e4tietoista ty\u00f6t\u00e4, jotta maailmasta tulisi parempi paikka el\u00e4\u00e4. Kehit\u00e4mme kansainv\u00e4lisi\u00e4 suhteita ja rakennamme rauhaa, parannamme monin tavoin ihmisten el\u00e4m\u00e4\u00e4 ja torjumme sairauksia. Rotareilla on paikallisia palveluprojekteja ja yhdess\u00e4 toisten klubien kanssa my\u00f6s kansainv\u00e4lisi\u00e4 projekteja, joilla halutaan vaikuttaa t\u00e4m\u00e4n p\u00e4iv\u00e4n akuutteihin haasteisiin. Rotarina sinulla on [&hellip;]","og_url":"https:\/\/rotary.fi\/d1385\/mita-teemme\/","og_site_name":"Piiri 1385","article_publisher":"https:\/\/www.facebook.com\/rotary\/","article_modified_time":"2024-07-08T13:32:13+00:00","twitter_card":"summary_large_image","twitter_misc":{"Arvioitu lukuaika":"2 minuuttia"},"schema":{"@context":"https:\/\/schema.org","@graph":[{"@type":"WebPage","@id":"https:\/\/rotary.fi\/d1385\/mita-teemme\/","url":"https:\/\/rotary.fi\/d1385\/mita-teemme\/","name":"Mit\u00e4 teemme - Piiri 1385","isPartOf":{"@id":"https:\/\/rotary.fi\/d1385\/#website"},"datePublished":"2018-04-09T11:41:22+00:00","dateModified":"2024-07-08T13:32:13+00:00","breadcrumb":{"@id":"https:\/\/rotary.fi\/d1385\/mita-teemme\/#breadcrumb"},"inLanguage":"fi","potentialAction":[{"@type":"ReadAction","target":["https:\/\/rotary.fi\/d1385\/mita-teemme\/"]}]},{"@type":"BreadcrumbList","@id":"https:\/\/rotary.fi\/d1385\/mita-teemme\/#breadcrumb","itemListElement":[{"@type":"ListItem","position":1,"name":"Home","item":"https:\/\/rotary.fi\/d1385\/"},{"@type":"ListItem","position":2,"name":"Mit\u00e4 teemme"}]},{"@type":"WebSite","@id":"https:\/\/rotary.fi\/d1385\/#website","url":"https:\/\/rotary.fi\/d1385\/","name":"Piiri 1385","description":"Suomen Rotary","potentialAction":[{"@type":"SearchAction","target":{"@type":"EntryPoint","urlTemplate":"https:\/\/rotary.fi\/d1385\/?s={search_term_string}"},"query-input":{"@type":"PropertyValueSpecification","valueRequired":true,"valueName":"search_term_string"}}],"inLanguage":"fi"}]}},"lang":"fi","translations":{"fi":656,"sv":2663,"en":2904},"pll_sync_post":[],"_links":{"self":[{"href":"https:\/\/rotary.fi\/d1385\/wp-json\/wp\/v2\/pages\/656","targetHints":{"allow":["GET"]}}],"collection":[{"href":"https:\/\/rotary.fi\/d1385\/wp-json\/wp\/v2\/pages"}],"about":[{"href":"https:\/\/rotary.fi\/d1385\/wp-json\/wp\/v2\/types\/page"}],"author":[{"embeddable":true,"href":"https:\/\/rotary.fi\/d1385\/wp-json\/wp\/v2\/users\/1"}],"replies":[{"embeddable":true,"href":"https:\/\/rotary.fi\/d1385\/wp-json\/wp\/v2\/comments?post=656"}],"version-history":[{"count":10,"href":"https:\/\/rotary.fi\/d1385\/wp-json\/wp\/v2\/pages\/656\/revisions"}],"predecessor-version":[{"id":6663,"href":"https:\/\/rotary.fi\/d1385\/wp-json\/wp\/v2\/pages\/656\/revisions\/6663"}],"wp:attachment":[{"href":"https:\/\/rotary.fi\/d1385\/wp-json\/wp\/v2\/media?parent=656"}],"curies":[{"name":"wp","href":"https:\/\/api.w.org\/{rel}","templated":true}]}}