{"id":6072,"date":"2018-08-27T10:17:16","date_gmt":"2018-08-27T08:17:16","guid":{"rendered":"https:\/\/rotary.fi\/piirisivusto\/?page_id=2037"},"modified":"2025-08-13T09:25:10","modified_gmt":"2025-08-13T07:25:10","slug":"piirin-organisaatio","status":"publish","type":"page","link":"https:\/\/rotary.fi\/d1385\/sv\/rotarydistrikt-1380\/piirin-organisaatio\/","title":{"rendered":"Distriktets organisation 22"},"content":{"rendered":"<p>[et_pb_section fb_built=&#8221;1&#8243; module_class=&#8221;jumbotron-page&#8221; _builder_version=&#8221;4.27.4&#8243; background_image=&#8221;https:\/\/rotary.fi\/d1385\/wp-content\/uploads\/sites\/193\/2025\/08\/unite-pisin.jpg&#8221; global_colors_info=&#8221;{}&#8221;][et_pb_row module_class=&#8221; et_pb_row_fullwidth&#8221; _builder_version=&#8221;4.27.4&#8243; width=&#8221;89%&#8221; width_tablet=&#8221;80%&#8221; width_phone=&#8221;&#8221; width_last_edited=&#8221;on|desktop&#8221; max_width=&#8221;89%&#8221; max_width_tablet=&#8221;80%&#8221; max_width_phone=&#8221;&#8221; max_width_last_edited=&#8221;on|desktop&#8221; make_fullwidth=&#8221;on&#8221; global_colors_info=&#8221;{}&#8221;][et_pb_column type=&#8221;4_4&#8243; _builder_version=&#8221;4.16&#8243; custom_padding=&#8221;|||&#8221; global_colors_info=&#8221;{}&#8221; custom_padding__hover=&#8221;|||&#8221;][et_pb_text admin_label=&#8221;P\u00e4\u00e4otsikko kuvan p\u00e4\u00e4ll\u00e4&#8221; _builder_version=&#8221;4.27.4&#8243; text_orientation=&#8221;center&#8221; background_layout=&#8221;dark&#8221; locked=&#8221;off&#8221; collapsed=&#8221;off&#8221; global_colors_info=&#8221;{}&#8221;][\/et_pb_text][\/et_pb_column][\/et_pb_row][\/et_pb_section][et_pb_section fb_built=&#8221;1&#8243; specialty=&#8221;on&#8221; module_class=&#8221;sisaltoalue_perus&#8221; _builder_version=&#8221;4.16&#8243; custom_padding=&#8221;0|1px|28.5469px|0px|false|false&#8221; global_colors_info=&#8221;{}&#8221;][et_pb_column type=&#8221;1_4&#8243; _builder_version=&#8221;4.16&#8243; custom_padding=&#8221;|||&#8221; global_colors_info=&#8221;{}&#8221; custom_padding__hover=&#8221;|||&#8221;][et_pb_team_member image_url=&#8221;https:\/\/rotary.fi\/d1385\/wp-content\/uploads\/sites\/193\/2023\/07\/piirikonferenssi-2023-rovaniemi-220-tarmo-kokkola.jpg&#8221; admin_label=&#8221;Kuvern\u00f6\u00f6ri kuva&#8221; _builder_version=&#8221;4.27.4&#8243; z_index_tablet=&#8221;500&#8243; header_text_shadow_horizontal_length_tablet=&#8221;0px&#8221; header_text_shadow_vertical_length_tablet=&#8221;0px&#8221; header_text_shadow_blur_strength_tablet=&#8221;1px&#8221; body_text_shadow_horizontal_length_tablet=&#8221;0px&#8221; body_text_shadow_vertical_length_tablet=&#8221;0px&#8221; body_text_shadow_blur_strength_tablet=&#8221;1px&#8221; position_text_shadow_horizontal_length_tablet=&#8221;0px&#8221; position_text_shadow_vertical_length_tablet=&#8221;0px&#8221; position_text_shadow_blur_strength_tablet=&#8221;1px&#8221; body_link_text_shadow_horizontal_length_tablet=&#8221;0px&#8221; body_link_text_shadow_vertical_length_tablet=&#8221;0px&#8221; body_link_text_shadow_blur_strength_tablet=&#8221;1px&#8221; body_ul_text_shadow_horizontal_length_tablet=&#8221;0px&#8221; body_ul_text_shadow_vertical_length_tablet=&#8221;0px&#8221; body_ul_text_shadow_blur_strength_tablet=&#8221;1px&#8221; body_ol_text_shadow_horizontal_length_tablet=&#8221;0px&#8221; body_ol_text_shadow_vertical_length_tablet=&#8221;0px&#8221; body_ol_text_shadow_blur_strength_tablet=&#8221;1px&#8221; body_quote_text_shadow_horizontal_length_tablet=&#8221;0px&#8221; body_quote_text_shadow_vertical_length_tablet=&#8221;0px&#8221; body_quote_text_shadow_blur_strength_tablet=&#8221;1px&#8221; box_shadow_horizontal_tablet=&#8221;0px&#8221; box_shadow_vertical_tablet=&#8221;0px&#8221; box_shadow_blur_tablet=&#8221;40px&#8221; box_shadow_spread_tablet=&#8221;0px&#8221; box_shadow_horizontal_image_tablet=&#8221;0px&#8221; box_shadow_vertical_image_tablet=&#8221;0px&#8221; box_shadow_blur_image_tablet=&#8221;40px&#8221; box_shadow_spread_image_tablet=&#8221;0px&#8221; text_shadow_horizontal_length_tablet=&#8221;0px&#8221; text_shadow_vertical_length_tablet=&#8221;0px&#8221; text_shadow_blur_strength_tablet=&#8221;1px&#8221; global_colors_info=&#8221;{}&#8221;]<\/p>\n<h4>DG Tarmo Kokkola<\/h4>\n<p>Govern\u00f6r<\/p>\n<p>Pietari Brahe Rotaryklubben<br \/>Detaljhandel<\/p>\n<div>\n<p>\u00a0Mobile +358-44-788 5693<br \/>E-mail:\u00a0<a href=\"mailto:tarmo.kokkola@sok.fi\">tarmo.kokkola@sok.fi<\/a><\/p>\n<\/div>\n<p>[\/et_pb_team_member][\/et_pb_column][et_pb_column type=&#8221;3_4&#8243; specialty_columns=&#8221;3&#8243; _builder_version=&#8221;4.16&#8243; custom_padding=&#8221;|||&#8221; global_colors_info=&#8221;{}&#8221; custom_padding__hover=&#8221;|||&#8221;][et_pb_row_inner column_structure=&#8221;undefined&#8221; admin_label=&#8221;Rivi&#8221; _builder_version=&#8221;4.17.4&#8243; global_colors_info=&#8221;{}&#8221;][et_pb_column_inner type=&#8221;undefined&#8221; saved_specialty_column_type=&#8221;3_4&#8243; _builder_version=&#8221;3.25&#8243; custom_padding=&#8221;|||&#8221; global_colors_info=&#8221;{}&#8221; custom_padding__hover=&#8221;|||&#8221;][et_pb_text admin_label=&#8221;Teksti&#8221; _builder_version=&#8221;4.27.4&#8243; global_colors_info=&#8221;{}&#8221;]<\/p>\n<h1>ADMINISTRATION<\/h1>\n<p>&nbsp;<\/p>\n<p>[\/et_pb_text][\/et_pb_column_inner][\/et_pb_row_inner][et_pb_row_inner column_structure=&#8221;1_2,1_2&#8243; admin_label=&#8221;Rivi&#8221; _builder_version=&#8221;4.27.4&#8243; global_colors_info=&#8221;{}&#8221;][et_pb_column_inner type=&#8221;1_2&#8243; saved_specialty_column_type=&#8221;3_4&#8243; _builder_version=&#8221;3.25&#8243; custom_padding=&#8221;|||&#8221; global_colors_info=&#8221;{}&#8221; custom_padding__hover=&#8221;|||&#8221;][et_pb_text _builder_version=&#8221;4.25.2&#8243; global_colors_info=&#8221;{}&#8221;]<\/p>\n<h2>DISTRIKTSR\u00c5DET<\/h2>\n<p>&nbsp;<\/p>\n<h4>Ordf\u00f6rande<\/h4>\n<p><strong>DG Tarmo Kokkola. Pietari Brahe<\/strong><br \/>Mobile +358-44-788 5693<br \/>E-mail:\u00a0<a href=\"mailto:tarmo.kokkola@sok.fi\">tarmo.kokkola@sok.fi<\/a><\/p>\n<p>&nbsp;<\/p>\n<p>&nbsp;<\/p>\n<h5>Ledam\u00f6ter<\/h5>\n<p><strong>IPDG Matias Granvik, Sein\u00e4joki<\/strong><strong><br \/><\/strong>Mobile \u00a0+358 40 7095588<br \/>E-mail: <a href=\"mailto:mattismr@gmail.com\">mattismr@gmail.com<\/a><\/p>\n<p><strong>Utbildning<\/strong><br \/><strong>PDG Arja Saarento<\/strong>, Kemi<br \/>Mobile +358-40-562 4954<br \/>E-mail: <a href=\"mailto:arja.saarento@outlook.com\">arja.saarento@outlook.com<\/a><\/p>\n<p><strong>Finans<br \/>PDG Jorma Winter<\/strong>, Tornio<br \/>Mobile: +358-40-511 0546<br \/>E-mail: jorma.winter@outlook.com<\/p>\n<p><strong>Rotary Foundation<\/strong><br \/><strong>PAG Mari Numminen,<\/strong> Kemi<br \/>Mobile +358-40-589 6476<br \/>E-mail: pt.team.mari@gmail.com, Kemi<\/p>\n<p>[\/et_pb_text][et_pb_text _builder_version=&#8221;4.25.2&#8243; _module_preset=&#8221;default&#8221; global_colors_info=&#8221;{}&#8221;][\/et_pb_text][\/et_pb_column_inner][et_pb_column_inner type=&#8221;1_2&#8243; saved_specialty_column_type=&#8221;3_4&#8243; _builder_version=&#8221;3.25&#8243; custom_padding=&#8221;|||&#8221; global_colors_info=&#8221;{}&#8221; custom_padding__hover=&#8221;|||&#8221;][et_pb_text _builder_version=&#8221;4.25.2&#8243; _module_preset=&#8221;default&#8221; global_colors_info=&#8221;{}&#8221;]<\/p>\n<p>&nbsp;<\/p>\n<h4><\/h4>\n<h4><\/h4>\n<h4><\/h4>\n<h4><\/h4>\n<h4><\/h4>\n<h4>Distriktssekreterare<\/h4>\n<p><strong>Risto Korva,\u00a0 Raahe<\/strong><br \/>Mobile +358-440-685013<br \/>E-mail: ristoko@outlook.com<\/p>\n<p>&nbsp;<\/p>\n<p>&nbsp;<\/p>\n<p>&nbsp;<\/p>\n<p><strong>DGN Matti Ylipiesa, Meri-Kemi\u00a0<\/strong><br \/>Mobile +358-45-1346090<br \/>E-mail: matti.ylipiessa@aries.fi<\/p>\n<p><strong>Medlemskap<\/strong><br \/><strong>DGE Suvi Linden<\/strong>, Merikoski<br \/>Mobile +358-50-5113179<br \/>E-mail: shtlinden@gmail.com<\/p>\n<p><strong>Kommunikation<br \/>PAG Jarmo Vainionp\u00e4\u00e4,<\/strong> Kauhava<br \/>Mobile +358-40-569-5404<br \/>E-mail: jarmovain@gmail.com<\/p>\n<p><b>\u00a0<\/b><\/p>\n<p>[\/et_pb_text][\/et_pb_column_inner][\/et_pb_row_inner][\/et_pb_column][\/et_pb_section][et_pb_section fb_built=&#8221;1&#8243; _builder_version=&#8221;4.16&#8243; _module_preset=&#8221;default&#8221; global_colors_info=&#8221;{}&#8221;][et_pb_row admin_label=&#8221;AG Otsikko palsta&#8221; _builder_version=&#8221;4.16&#8243; _module_preset=&#8221;default&#8221; global_colors_info=&#8221;{}&#8221;][et_pb_column type=&#8221;4_4&#8243; _builder_version=&#8221;4.16&#8243; _module_preset=&#8221;default&#8221; global_colors_info=&#8221;{}&#8221;][et_pb_text admin_label=&#8221;AG Otsikko&#8221; _builder_version=&#8221;4.21.0&#8243; _module_preset=&#8221;default&#8221; global_colors_info=&#8221;{}&#8221;]<\/p>\n<h1 class=\"p1\">Assisterande guvern\u00f6rer och klubbar enligt omr\u00e5de<\/h1>\n<p>[\/et_pb_text][\/et_pb_column][\/et_pb_row][et_pb_row column_structure=&#8221;1_2,1_2&#8243; admin_label=&#8221;AG luettelot&#8221; _builder_version=&#8221;4.17.4&#8243; _module_preset=&#8221;default&#8221; global_colors_info=&#8221;{}&#8221;][et_pb_column type=&#8221;1_2&#8243; _builder_version=&#8221;4.16&#8243; _module_preset=&#8221;default&#8221; global_colors_info=&#8221;{}&#8221;][et_pb_text admin_label=&#8221;Teksti&#8221; _builder_version=&#8221;4.25.2&#8243; _module_preset=&#8221;default&#8221; global_colors_info=&#8221;{}&#8221;]<\/p>\n<p><strong>Karleby och Jakobstadsnejden &#8211;\u00a0 Maria Nyg\u00e5rd, <\/strong>Jakobstad-Peders\u00f6de RK<\/p>\n<p>Mobile E-mail: maria.nygard@wikro.fi<br \/><span>Omr\u00e5dets klubbar<\/span> \u2013\u00a0 Jakobstad-Pietarsaari, Nykarleby, Oravais, Pietarsaari-M\u00e4ssk\u00e4r, V\u00f6r\u00e5<\/p>\n<p><strong style=\"font-size: 16px\"><strong>Suupohjaomr\u00e5det <\/strong>&#8211;\u00a0 Jarmo Kurikka<\/strong><span style=\"font-size: 16px\">, Kurikka RK<\/span><\/p>\n<p>Mobile: +358-40-5914478 E-mail: jarmo.t.kurikka@gmail.com<br \/><span>Omr\u00e5dets klubbar<\/span> &#8211; Jurva, Kauhajoki, Jalasj\u00e4rvi, Kurikka, Kristinestad-<br \/>Kristiinankaupunki, N\u00e4rpes<\/p>\n<p><strong>Sein\u00e4jokiomr\u00e5det &#8211;\u00a0 Olavi V\u00e4h\u00e4m\u00e4ki<\/strong>, Laihia RK<\/p>\n<p>Mobile +358-40-8414312\u00a0 \u00a0E-mail: olavi.vahamaki@gmail.com<br \/>A<span>Omr\u00e5dets klubbar<\/span>\u00a0\u2013 Ilmajoki,, Sein\u00e4joki, Vaasa &#8211; Vasa, Laihia<\/p>\n<p><strong>Lapuanjokiomr\u00e5det\u00a0 &#8211;\u00a0 Tapani Lahti<\/strong>, Kauhava RK<\/p>\n<p>Mobile +358-50-3872514\u00a0 E-mail:<a href=\"mailto:jarmovain@gmail.com\">\u00a0<\/a>tapanilahti4@gmail.com<br \/><span>Omr\u00e5dets klubbar<\/span> \u2013\u00a0 Alavus, Kauhava, Kauhava H\u00e4rm\u00e4t, Lapua, Lapua Kiviristi<\/p>\n<p><strong>V\u00e4stra Lappland &#8211; Matti Ylipiesa<\/strong>, Meri-Kemi RK<\/p>\n<p>Mobile +358-45-1346090 \u00a0 E-mail: matti.ylipiessa@aries.fi<br \/><span>Omr\u00e5dets klubbar<\/span>\u00a0&#8211; Kemi, Meri-Kemi, Tornio<\/p>\n<p>[\/et_pb_text][\/et_pb_column][et_pb_column type=&#8221;1_2&#8243; _builder_version=&#8221;4.16&#8243; _module_preset=&#8221;default&#8221; global_colors_info=&#8221;{}&#8221;][et_pb_text _builder_version=&#8221;4.17.4&#8243; _module_preset=&#8221;default&#8221; global_colors_info=&#8221;{}&#8221;]<\/p>\n<p><strong>Lappland\u00a0&#8211; Kari Paajanen, <\/strong>Sodankyl\u00e4\u200b RK<\/p>\n<p>Mobile +358-40-5372768 \u00a0 E-mail: kari.paajanen@gmail.com<br \/><span>Omr\u00e5dets klubbar<\/span>\u00a0\u2013\u00a0 Ivalo, Rovaniemi, Rovaniemi Santa Claus, Sodankyl\u00e4<\/p>\n<p><strong>Nord\u00f6stra Finland &#8211;\u00a0 Seija H\u00e4rk\u00f6nen<\/strong>, Kuusamo RK<\/p>\n<p>Mobile +358-40-5282910, E-mail: smaharkonen@gmail.com<br \/><span>Omr\u00e5dets klubbar<\/span> \u2013\u00a0 Kajaani Elias, Kuusamo,<\/p>\n<p><strong>Norra Ule\u00e5borgsomr\u00e5det &#8211; Kaisa Still<\/strong>, Oulu City RK<\/p>\n<p>Mobile +358-40-1508741 \u00a0E-mail: <a href=\"mailto:kaisa.still@gmail.com\">kaisa.still@gmail.com<\/a><br \/><span>Omr\u00e5dets klubbar<\/span>\u2013 Haukipudas, Oulu, Oulujoki, Tuira (Oulu)<\/p>\n<p><strong>S\u00f6dra Ule\u00e5borgsomr\u00e5det &#8211;\u00a0 Maija-Leena Rissanen,<\/strong> Meri-Oulu<\/p>\n<p>Mobile +358-41-3105899\u00a0 E-mail:\u00a0 rissanenmaijaleena62@gmail.com<br \/><span>Omr\u00e5dets klubbar<\/span>\u00a0\u2013 Meri-Oulu, Muhos, Oulu City, Oulun Tulli,Merikoski<\/p>\n<p><strong>Brahestadsnejden och \u00c5dalarna\u00a0 Timo Saari<\/strong>, Kalajoki RK<\/p>\n<p>Mobile +358-400-169906 \u00a0E- mail: <a href=\"mailto:timo.saari@kalajoenkumikorjaamo.fi\">timo.saari@kalajoenkumikorjaamo.fi<\/a><br \/><span>Omr\u00e5dets klubbar<\/span>\u00a0\u2013 Kalajoki, Pietari Brahe, Raahe,<br \/>Pyh\u00e4j\u00e4rvi, Kannus, Ylivieska-Jokivarsi<\/p>\n<p>[\/et_pb_text][\/et_pb_column][\/et_pb_row][\/et_pb_section][et_pb_section fb_built=&#8221;1&#8243; _builder_version=&#8221;4.16&#8243; global_colors_info=&#8221;{}&#8221;][et_pb_row _builder_version=&#8221;4.17.4&#8243; locked=&#8221;off&#8221; global_colors_info=&#8221;{}&#8221;][et_pb_column type=&#8221;4_4&#8243; _builder_version=&#8221;4.16&#8243; global_colors_info=&#8221;{}&#8221;][\/et_pb_column][\/et_pb_row][\/et_pb_section][et_pb_section fb_built=&#8221;1&#8243; _builder_version=&#8221;4.17.4&#8243; background_color=&#8221;#efefef&#8221; global_colors_info=&#8221;{}&#8221;][et_pb_row _builder_version=&#8221;4.16&#8243; global_colors_info=&#8221;{}&#8221;][et_pb_column type=&#8221;4_4&#8243; _builder_version=&#8221;4.16&#8243; global_colors_info=&#8221;{}&#8221;][et_pb_text admin_label=&#8221;komiteat otsikko&#8221; _builder_version=&#8221;4.27.4&#8243; global_colors_info=&#8221;{}&#8221;]<\/p>\n<h2><strong>Distriktskommitt\u00e9er 2025 &#8211; 2026<\/strong><\/h2>\n<p>[\/et_pb_text][\/et_pb_column][\/et_pb_row][et_pb_row column_structure=&#8221;1_2,1_2&#8243; _builder_version=&#8221;4.17.4&#8243; _module_preset=&#8221;default&#8221; global_colors_info=&#8221;{}&#8221;][et_pb_column type=&#8221;1_2&#8243; _builder_version=&#8221;4.16&#8243; _module_preset=&#8221;default&#8221; global_colors_info=&#8221;{}&#8221;][et_pb_text _builder_version=&#8221;4.27.4&#8243; _module_preset=&#8221;default&#8221; global_colors_info=&#8221;{}&#8221;]<\/p>\n<h3>Finanskommitt\u00e9n<\/h3>\n<h4>\u00a0<\/h4>\n<p><strong><b>Ordf\u00f6rande<\/b><br \/>Jorma Winter,\u00a0<\/strong>Tornio<br \/>Mobile +358-40-511-0546<br \/>E-mail:\u00a0<a href=\"mailto:jorma.winter@outlook.com\">jorma.winter@outlook.com<\/a><\/p>\n<h3>Rotary Foundation, TRF<\/h3>\n<p><strong><b>Ordf\u00f6rande<\/b><br \/>Mari Numminen,<\/strong>\u00a0Kemi<br \/>Mobile +358-40-589 6476<br \/>E-mail:\u00a0<a href=\"mailto:pt.team.mari@gmail.com\">pt.team.mari@gmail.com<\/a><\/p>\n<h3>Ungdomsutbyte<\/h3>\n<p><strong><b>Ordf\u00f6rande<\/b><\/strong><br \/><b>Anne Pudas, Oulu City<\/b><br \/>Mobile +358-40-9369608<br \/>E-mail: anne.pudas55@gmail.com<\/p>\n<h4><strong>Utbildning<\/strong><\/h4>\n<p><strong><b>Ordf\u00f6rande<\/b><br \/>Arja Saarento<\/strong>, Kemi<br \/>Mobile +358-40-562 4954<br \/>E-mail: <a href=\"mailto:arja.saarento@outlook.com\">arja.saarento@outlook.com<\/a><\/p>\n<p>&nbsp;<\/p>\n<p>[\/et_pb_text][\/et_pb_column][et_pb_column type=&#8221;1_2&#8243; _builder_version=&#8221;4.16&#8243; _module_preset=&#8221;default&#8221; global_colors_info=&#8221;{}&#8221;][et_pb_text _builder_version=&#8221;4.27.4&#8243; _module_preset=&#8221;default&#8221; global_colors_info=&#8221;{}&#8221;]<\/p>\n<h3><strong>ICT<\/strong><\/h3>\n<p><strong><b>Ordf\u00f6rande<\/b><br \/>Maija-Leena Rissanen<\/strong>, Meri-Ouku<br \/>Mobile: +358-41-3105899<br \/>E-mail: rissanenmaijaleena62@gmail.com<\/p>\n<h3>Ungdomstj\u00e4nst<\/h3>\n<p><strong><b>Ordf\u00f6rande<\/b><\/strong><br \/><strong>Mia Palatsi<\/strong>, Oulu City<br \/>Mobile +358-40-5434632<br \/>E-mail: mia.palatsi@gmail.com<\/p>\n<h3><strong>Milj\u00f6<\/strong><\/h3>\n<p><strong><b>Ordf\u00f6rande<\/b><br \/>Kimmo Weissenberg<\/strong>, N\u00e4rpes<br \/>Mobile: +358-50-3758488<br \/>E-mail: kimmo.weissenberg@gmail.com<\/p>\n<h3>Medlemskap<\/h3>\n<p><strong><b>Ordf\u00f6rande<\/b><br \/>Suvi Linden,<\/strong> Merikoski<br \/>Mobile +358-50-511 3179<br \/>E-mail:\u00a0<a href=\"mailto:shtlinden@gmail.com\">shtlinden@gmail.com<\/a><\/p>\n<h3>Kommunikation och offentlig image<\/h3>\n<p><strong><b>Ordf\u00f6rande<\/b><\/strong><br \/><strong>Jarmo Vainionp\u00e4\u00e4<\/strong>,\u00a0Kauhava<br \/>Mobile +358-40-569-5404<br \/>E-mail:\u00a0<a href=\"mailto:jarmovain@gmail.com\">jarmovain@gmail.com<\/a><\/p>\n<p><strong>\u00a0<\/strong><\/p>\n<p>[\/et_pb_text][\/et_pb_column][\/et_pb_row][et_pb_row column_structure=&#8221;1_2,1_2&#8243; admin_label=&#8221;Rivi&#8221; _builder_version=&#8221;4.17.4&#8243; global_colors_info=&#8221;{}&#8221;][et_pb_column type=&#8221;1_2&#8243; _builder_version=&#8221;4.16&#8243; global_colors_info=&#8221;{}&#8221;][\/et_pb_column][et_pb_column type=&#8221;1_2&#8243; _builder_version=&#8221;4.16&#8243; global_colors_info=&#8221;{}&#8221;][\/et_pb_column][\/et_pb_row][\/et_pb_section][et_pb_section fb_built=&#8221;1&#8243; _builder_version=&#8221;4.21.0&#8243; _module_preset=&#8221;default&#8221; global_colors_info=&#8221;{}&#8221;][et_pb_row _builder_version=&#8221;4.21.0&#8243; _module_preset=&#8221;default&#8221; global_colors_info=&#8221;{}&#8221;][et_pb_column type=&#8221;4_4&#8243; _builder_version=&#8221;4.21.0&#8243; _module_preset=&#8221;default&#8221; global_colors_info=&#8221;{}&#8221;][et_pb_button button_url=&#8221;https:\/\/docs.google.com\/document\/d\/116zmfaNlSD2BopAOb8dm7dK-s-T9gxUG\/edit?usp=sharing&amp;ouid=117639225654707530175&amp;rtpof=true&amp;sd=true&#8221; url_new_window=&#8221;on&#8221; button_text=&#8221;Hela distriktsorganisationen&#8221; button_alignment=&#8221;center&#8221; _builder_version=&#8221;4.27.4&#8243; _module_preset=&#8221;default&#8221; custom_margin=&#8221;40px||||false|false&#8221; global_colors_info=&#8221;{}&#8221;][\/et_pb_button][\/et_pb_column][\/et_pb_row][\/et_pb_section]<\/p>\n","protected":false},"excerpt":{"rendered":"<p>DG Tarmo Kokkola Govern\u00f6r Pietari Brahe RotaryklubbenDetaljhandel \u00a0Mobile +358-44-788 5693E-mail:\u00a0tarmo.kokkola@sok.fi ADMINISTRATION &nbsp;DISTRIKTSR\u00c5DET &nbsp; Ordf\u00f6rande DG Tarmo Kokkola. Pietari BraheMobile +358-44-788 5693E-mail:\u00a0tarmo.kokkola@sok.fi &nbsp; &nbsp; Ledam\u00f6ter IPDG Matias Granvik, Sein\u00e4jokiMobile \u00a0+358 40 7095588E-mail: mattismr@gmail.com UtbildningPDG Arja Saarento, KemiMobile +358-40-562 4954E-mail: arja.saarento@outlook.com FinansPDG Jorma Winter, TornioMobile: +358-40-511 0546E-mail: jorma.winter@outlook.com Rotary FoundationPAG Mari Numminen, KemiMobile +358-40-589 6476E-mail: pt.team.mari@gmail.com, Kemi&nbsp; [&hellip;]<\/p>\n","protected":false},"author":1,"featured_media":0,"parent":2629,"menu_order":4,"comment_status":"closed","ping_status":"closed","template":"","meta":{"_acf_changed":false,"_et_pb_use_builder":"on","_et_pb_old_content":"","_et_gb_content_width":"","footnotes":""},"class_list":["post-6072","page","type-page","status-publish","hentry"],"acf":[],"yoast_head":"<!-- This site is optimized with the Yoast SEO plugin v27.0 - https:\/\/yoast.com\/product\/yoast-seo-wordpress\/ -->\n<title>Distriktets organisation 22 - Piiri 1385<\/title>\n<meta name=\"robots\" content=\"index, follow, max-snippet:-1, max-image-preview:large, max-video-preview:-1\" \/>\n<link rel=\"canonical\" href=\"https:\/\/rotary.fi\/d1385\/sv\/rotarydistrikt-1380\/piirin-organisaatio\/\" \/>\n<meta property=\"og:locale\" content=\"fi_FI\" \/>\n<meta property=\"og:type\" content=\"article\" \/>\n<meta property=\"og:title\" content=\"Distriktets organisation 22 - Piiri 1385\" \/>\n<meta property=\"og:description\" content=\"DG Tarmo Kokkola Govern\u00f6r Pietari Brahe RotaryklubbenDetaljhandel \u00a0Mobile +358-44-788 5693E-mail:\u00a0tarmo.kokkola@sok.fi ADMINISTRATION &nbsp;DISTRIKTSR\u00c5DET &nbsp; Ordf\u00f6rande DG Tarmo Kokkola. Pietari BraheMobile +358-44-788 5693E-mail:\u00a0tarmo.kokkola@sok.fi &nbsp; &nbsp; Ledam\u00f6ter IPDG Matias Granvik, Sein\u00e4jokiMobile \u00a0+358 40 7095588E-mail: mattismr@gmail.com UtbildningPDG Arja Saarento, KemiMobile +358-40-562 4954E-mail: arja.saarento@outlook.com FinansPDG Jorma Winter, TornioMobile: +358-40-511 0546E-mail: jorma.winter@outlook.com Rotary FoundationPAG Mari Numminen, KemiMobile +358-40-589 6476E-mail: pt.team.mari@gmail.com, Kemi&nbsp; [&hellip;]\" \/>\n<meta property=\"og:url\" content=\"https:\/\/rotary.fi\/d1385\/sv\/rotarydistrikt-1380\/piirin-organisaatio\/\" \/>\n<meta property=\"og:site_name\" content=\"Piiri 1385\" \/>\n<meta property=\"article:publisher\" content=\"https:\/\/www.facebook.com\/rotary\/\" \/>\n<meta property=\"article:modified_time\" content=\"2025-08-13T07:25:10+00:00\" \/>\n<meta name=\"twitter:card\" content=\"summary_large_image\" \/>\n<meta name=\"twitter:label1\" content=\"Arvioitu lukuaika\" \/>\n\t<meta name=\"twitter:data1\" content=\"3 minuuttia\" \/>\n<script type=\"application\/ld+json\" class=\"yoast-schema-graph\">{\"@context\":\"https:\/\/schema.org\",\"@graph\":[{\"@type\":\"WebPage\",\"@id\":\"https:\/\/rotary.fi\/d1385\/sv\/rotarydistrikt-1380\/piirin-organisaatio\/\",\"url\":\"https:\/\/rotary.fi\/d1385\/sv\/rotarydistrikt-1380\/piirin-organisaatio\/\",\"name\":\"Distriktets organisation 22 - Piiri 1385\",\"isPartOf\":{\"@id\":\"https:\/\/rotary.fi\/d1385\/#website\"},\"datePublished\":\"2018-08-27T08:17:16+00:00\",\"dateModified\":\"2025-08-13T07:25:10+00:00\",\"breadcrumb\":{\"@id\":\"https:\/\/rotary.fi\/d1385\/sv\/rotarydistrikt-1380\/piirin-organisaatio\/#breadcrumb\"},\"inLanguage\":\"fi\",\"potentialAction\":[{\"@type\":\"ReadAction\",\"target\":[\"https:\/\/rotary.fi\/d1385\/sv\/rotarydistrikt-1380\/piirin-organisaatio\/\"]}]},{\"@type\":\"BreadcrumbList\",\"@id\":\"https:\/\/rotary.fi\/d1385\/sv\/rotarydistrikt-1380\/piirin-organisaatio\/#breadcrumb\",\"itemListElement\":[{\"@type\":\"ListItem\",\"position\":1,\"name\":\"Home\",\"item\":\"https:\/\/rotary.fi\/d1385\/\"},{\"@type\":\"ListItem\",\"position\":2,\"name\":\"Rotarydistrikt 1385\",\"item\":\"https:\/\/rotary.fi\/d1385\/sv\/rotarydistrikt-1380\/\"},{\"@type\":\"ListItem\",\"position\":3,\"name\":\"Distriktets organisation 22\"}]},{\"@type\":\"WebSite\",\"@id\":\"https:\/\/rotary.fi\/d1385\/#website\",\"url\":\"https:\/\/rotary.fi\/d1385\/\",\"name\":\"Piiri 1385\",\"description\":\"Suomen Rotary\",\"potentialAction\":[{\"@type\":\"SearchAction\",\"target\":{\"@type\":\"EntryPoint\",\"urlTemplate\":\"https:\/\/rotary.fi\/d1385\/?s={search_term_string}\"},\"query-input\":{\"@type\":\"PropertyValueSpecification\",\"valueRequired\":true,\"valueName\":\"search_term_string\"}}],\"inLanguage\":\"fi\"}]}<\/script>\n<!-- \/ Yoast SEO plugin. -->","yoast_head_json":{"title":"Distriktets organisation 22 - Piiri 1385","robots":{"index":"index","follow":"follow","max-snippet":"max-snippet:-1","max-image-preview":"max-image-preview:large","max-video-preview":"max-video-preview:-1"},"canonical":"https:\/\/rotary.fi\/d1385\/sv\/rotarydistrikt-1380\/piirin-organisaatio\/","og_locale":"fi_FI","og_type":"article","og_title":"Distriktets organisation 22 - Piiri 1385","og_description":"DG Tarmo Kokkola Govern\u00f6r Pietari Brahe RotaryklubbenDetaljhandel \u00a0Mobile +358-44-788 5693E-mail:\u00a0tarmo.kokkola@sok.fi ADMINISTRATION &nbsp;DISTRIKTSR\u00c5DET &nbsp; Ordf\u00f6rande DG Tarmo Kokkola. Pietari BraheMobile +358-44-788 5693E-mail:\u00a0tarmo.kokkola@sok.fi &nbsp; &nbsp; Ledam\u00f6ter IPDG Matias Granvik, Sein\u00e4jokiMobile \u00a0+358 40 7095588E-mail: mattismr@gmail.com UtbildningPDG Arja Saarento, KemiMobile +358-40-562 4954E-mail: arja.saarento@outlook.com FinansPDG Jorma Winter, TornioMobile: +358-40-511 0546E-mail: jorma.winter@outlook.com Rotary FoundationPAG Mari Numminen, KemiMobile +358-40-589 6476E-mail: pt.team.mari@gmail.com, Kemi&nbsp; [&hellip;]","og_url":"https:\/\/rotary.fi\/d1385\/sv\/rotarydistrikt-1380\/piirin-organisaatio\/","og_site_name":"Piiri 1385","article_publisher":"https:\/\/www.facebook.com\/rotary\/","article_modified_time":"2025-08-13T07:25:10+00:00","twitter_card":"summary_large_image","twitter_misc":{"Arvioitu lukuaika":"3 minuuttia"},"schema":{"@context":"https:\/\/schema.org","@graph":[{"@type":"WebPage","@id":"https:\/\/rotary.fi\/d1385\/sv\/rotarydistrikt-1380\/piirin-organisaatio\/","url":"https:\/\/rotary.fi\/d1385\/sv\/rotarydistrikt-1380\/piirin-organisaatio\/","name":"Distriktets organisation 22 - Piiri 1385","isPartOf":{"@id":"https:\/\/rotary.fi\/d1385\/#website"},"datePublished":"2018-08-27T08:17:16+00:00","dateModified":"2025-08-13T07:25:10+00:00","breadcrumb":{"@id":"https:\/\/rotary.fi\/d1385\/sv\/rotarydistrikt-1380\/piirin-organisaatio\/#breadcrumb"},"inLanguage":"fi","potentialAction":[{"@type":"ReadAction","target":["https:\/\/rotary.fi\/d1385\/sv\/rotarydistrikt-1380\/piirin-organisaatio\/"]}]},{"@type":"BreadcrumbList","@id":"https:\/\/rotary.fi\/d1385\/sv\/rotarydistrikt-1380\/piirin-organisaatio\/#breadcrumb","itemListElement":[{"@type":"ListItem","position":1,"name":"Home","item":"https:\/\/rotary.fi\/d1385\/"},{"@type":"ListItem","position":2,"name":"Rotarydistrikt 1385","item":"https:\/\/rotary.fi\/d1385\/sv\/rotarydistrikt-1380\/"},{"@type":"ListItem","position":3,"name":"Distriktets organisation 22"}]},{"@type":"WebSite","@id":"https:\/\/rotary.fi\/d1385\/#website","url":"https:\/\/rotary.fi\/d1385\/","name":"Piiri 1385","description":"Suomen Rotary","potentialAction":[{"@type":"SearchAction","target":{"@type":"EntryPoint","urlTemplate":"https:\/\/rotary.fi\/d1385\/?s={search_term_string}"},"query-input":{"@type":"PropertyValueSpecification","valueRequired":true,"valueName":"search_term_string"}}],"inLanguage":"fi"}]}},"lang":"sv","translations":{"sv":6072,"fi":2037,"en":3830},"pll_sync_post":[],"_links":{"self":[{"href":"https:\/\/rotary.fi\/d1385\/wp-json\/wp\/v2\/pages\/6072","targetHints":{"allow":["GET"]}}],"collection":[{"href":"https:\/\/rotary.fi\/d1385\/wp-json\/wp\/v2\/pages"}],"about":[{"href":"https:\/\/rotary.fi\/d1385\/wp-json\/wp\/v2\/types\/page"}],"author":[{"embeddable":true,"href":"https:\/\/rotary.fi\/d1385\/wp-json\/wp\/v2\/users\/1"}],"replies":[{"embeddable":true,"href":"https:\/\/rotary.fi\/d1385\/wp-json\/wp\/v2\/comments?post=6072"}],"version-history":[{"count":10,"href":"https:\/\/rotary.fi\/d1385\/wp-json\/wp\/v2\/pages\/6072\/revisions"}],"predecessor-version":[{"id":6904,"href":"https:\/\/rotary.fi\/d1385\/wp-json\/wp\/v2\/pages\/6072\/revisions\/6904"}],"up":[{"embeddable":true,"href":"https:\/\/rotary.fi\/d1385\/wp-json\/wp\/v2\/pages\/2629"}],"wp:attachment":[{"href":"https:\/\/rotary.fi\/d1385\/wp-json\/wp\/v2\/media?parent=6072"}],"curies":[{"name":"wp","href":"https:\/\/api.w.org\/{rel}","templated":true}]}}